{"id":10174,"date":"2018-12-10T21:30:41","date_gmt":"2018-12-10T21:30:41","guid":{"rendered":"https:\/\/www.divis.eu\/videoueberwachung-im-hallenumschlag-mit-loesungen-von-divis\/"},"modified":"2021-11-24T10:07:40","modified_gmt":"2021-11-24T10:07:40","slug":"video-surveillance-in-hall-turnover-with-solutions-from-divis","status":"publish","type":"page","link":"https:\/\/www.divis.eu\/en\/video-surveillance-in-hall-turnover-with-solutions-from-divis\/","title":{"rendered":"Video surveillance in hall turnover with solutions from DIVIS"},"content":{"rendered":"\n\n\t\t\t\t<img decoding=\"async\" src=\"https:\/\/www.divis.eu\/wp-content\/uploads\/2018\/02\/titelgraafik-module7.png\" alt=\"DIVIS-Software | Logistik mit Video\u00fcberwachung\" title=\"titelgraafik-module7\" itemprop=\"image\"  \/>\n<h1>\n\t\tVersatile Plus<sup>+<\/sup> Features\n\t<\/h1>\n<h1>\n\t\tfor the hall and the warehouse\n\t<\/h1>\n<h2>\n\t\tFind shipments.<br \/>Analyze operations.<br \/>Optimize processes.\n\t<\/h2>\n\t\t\t<a href=\"https:\/\/www.divis.eu\/en\/modules-for-your-video-management-system\/\" target=\"_self\" role=\"button\" aria-label=\"Module Overview\" rel=\"noopener\">\n\t\t\t\t\t\t\tModule Overview\n\t\t<\/a>\n\t\t\t\t<img decoding=\"async\" src=\"https:\/\/www.divis.eu\/wp-content\/uploads\/2018\/02\/titelgraafik-module7.png\" alt=\"DIVIS-Software | Logistik mit Video\u00fcberwachung\" title=\"titelgraafik-module7\" itemprop=\"image\"  \/>\n<h1>\n\t\tAdded value for your logistics\n\t<\/h1>\n<h1>\n\t\tOptional Plus<sup>+<\/sup> Features\n\t<\/h1>\n\t<p>Video management software for your logistics: The following modules are optionally available for an additional fee for the CargoVIS and ParcelVIS software.<\/p>\n\t\t\t\t<img decoding=\"async\" src=\"https:\/\/www.divis.eu\/wp-content\/uploads\/2020\/07\/modul-scale-plus.png\" alt=\"Software-Modul Scale+ | DIVIS\" title=\"modul-scale-plus\" itemprop=\"image\"\/>\n\t\t<h4>Optional Plus<sup>+<\/sup> Feature for CargoVIS<\/h4><h3>Scale<sup>+<\/sup><\/h3>\t\t\t\n<h3>\n\t\tSoftware controlled volume control\n\t<\/h3>\n\t\t\t\tWith the software-controlled volume control in Scale<sup>+<\/sup>\u00a0you do not have to interrupt the loading process. The measurement is based on the evaluation of video footage previously recorded with existing gate cameras. Accurate checks can be made directly from the software using a picture of the package. This noticeably streamlines processing, allows for more controls and thus ensures greater transparency in your logistics chain.<br \/>\n<a href=\"https:\/\/www.divis.eu\/en\/divis-closes-another-gap-in-seamless-delivery-tracking\/\">Read more about Scale<sup>+<\/sup> in this news article.<\/a><br \/>\n<a href=\"https:\/\/www.youtube.com\/watch?v=ocmo5YI4caQ&amp;t=80s\">Take a look at how Scale<sup>+<\/sup> works in this user video.<\/a>\n\t\t\t\t<img decoding=\"async\" src=\"https:\/\/www.divis.eu\/wp-content\/uploads\/2018\/02\/volumenkontrolle.png\" alt=\"Vielseitige Plus Funktionen erweitern unsere Video\u00fcberwachungsl\u00f6sungen f\u00fcr die Logistik\" title=\"volumenkontrolle\" itemprop=\"image\"\/>\n\t\t\t\t<img decoding=\"async\" src=\"https:\/\/www.divis.eu\/wp-content\/uploads\/2021\/01\/modul-picture-plus.png\" alt=\"Software modul Picture+\" title=\"modul-picture-plus\" itemprop=\"image\"\/>\n\t\t<h4>Optional Plus<sup>+<\/sup> Feature for CargoVIS<\/h4><h3>Picture<sup>+<\/sup><\/h3>\t\t\t\n<h3>\n\t\tPicture provisioning service\n\t<\/h3>\n\t\t\t\t<img decoding=\"async\" src=\"https:\/\/www.divis.eu\/wp-content\/uploads\/2020\/07\/scan-plus.png\" alt=\"scan-plus\" title=\"scan-plus\" itemprop=\"image\"\/>\n\t\t\t\t<p>Picture<sup>+<\/sup> is a web service that processes inquiries about shipments and any given camera image. The feature is used to query camera images by shipment number or by entering a time stamp and area name and to display them in a third-party application on an end device (hall scanner, PC, mobile device, etc.).<\/p>\n<p>For example, Picture<sup>+ <\/sup>can simplify your search for missing shipments in the logistics hall and thus save time during loading in local transport. Simply initialise a request for the shipment number on the hall scanner. Picture<sup>+<\/sup> searches for the image of the last scan in the recorded video data and displays it directly on the scanner &#8211; including the location (if available).<\/p>\n<p>The Picture<sup>+<\/sup> interface can also be used to automatically query pictures of the shipments and display them in the warehouse management system (WMS).<\/p>\n<p>In addition, Picture<sup>+ <\/sup>can be used in the transport management system (TMS) for the documentation and optimisation of loading processes. By entering a time stamp and area name (e.g. gate 1), you can query images from gate cameras at a certain time in order to see, for example, how full the trucks were at the time of their departure or return.<br \/><a href=\"https:\/\/www.divis.eu\/en\/colourful-oversight-for-your-tms-with-picture\/\">Read more about Picture<sup>+<\/sup> in this news article.<\/a><\/p>\n\t\t\t<a href=\"https:\/\/www.divis.eu\/en\/modules-logistics-video-surveillance\/\" target=\"_self\" role=\"button\" aria-label=\"Modules in the basic license\" rel=\"noopener\">\n\t\t\t\t\t\t\tModules in the basic license\n\t\t<\/a>\n<h2>\n\t\tOur Software Solutions\n\t<\/h2>\n\t\t\t\t<img decoding=\"async\" src=\"https:\/\/www.divis.eu\/wp-content\/uploads\/2018\/01\/logo-cargovis-gr.png\" alt=\"logo-cargovis-gr\" title=\"logo-cargovis-gr\" itemprop=\"image\"\/>\n\t\t<h3>Find palletised shipments quickly with CargoVIS<\/h3>\t\t\t\n\t\t\t\t<p>With our video management software for cargo handling, CargoVIS, we offer you a comprehensive and easy-to-use system solution for the image-controlled search and tracking of palletised goods.<\/p>\n\t\t\t<a href=\"https:\/\/www.divis.eu\/en\/cargovis-video-management-software-transshipment-warehouses\/\" target=\"_self\" role=\"button\" aria-label=\"More about CargoVIS\" rel=\"noopener\">\n\t\t\t\t\t\t\tMore about CargoVIS\n\t\t<\/a>\n\t\t\t\t<img decoding=\"async\" src=\"https:\/\/www.divis.eu\/wp-content\/uploads\/2018\/01\/logo-parcelvis-gr.png\" alt=\"\" title=\"\" itemprop=\"image\"\/>\n\t\t<h3>ParcelVIS for transshipment halls &#038; CEP providers<\/h3>\t\t\t\n<p>Save time and money and let ParcelVIS work effectively for you with image-based consignment search in the transshipment warehouse: Entering the parcel label number is your key to all information on the whereabouts and status of a consignment during all scanned events.\u00a0<\/p>\n\t\t\t<a href=\"https:\/\/www.divis.eu\/en\/parcelvis-image-based-parcel-tracking-cep\/\" target=\"_self\" role=\"button\" aria-label=\"More about ParcelVIS\" rel=\"noopener\">\n\t\t\t\t\t\t\tMore about ParcelVIS\n\t\t<\/a>\n\t\t\t\t<img decoding=\"async\" src=\"https:\/\/www.divis.eu\/wp-content\/uploads\/2018\/01\/logo-tsb.png\" alt=\"logo-tsb\" title=\"logo-tsb\" itemprop=\"image\"\/>\n\t\t\t\t\t\t\t\t<h3 class='uabb-testimonial-author-name testimonial-author-name'>TSBtrans<\/h3>\t\t\t\t\t\t\t\t\n\t\t\t\t\t\t\t\t\tSpain\t\t\t\t\t\t\t\t\n\t\t\t\t\t\t\t<blockquote><p>&#8220;CargoVIS is completely reliable, and because of its tracking capabilities the investment in TSB has paid for itself in less than a year by finding &#8216;vanished&#8217; pallets and identifying sources of damage.&#8221;<\/p><\/blockquote>\t\t\t\t\t\t\n\t\t\t\t<img decoding=\"async\" src=\"https:\/\/www.divis.eu\/wp-content\/uploads\/2018\/01\/logo-lagermax.png\" alt=\"logo-lagermax\" title=\"logo-lagermax\" itemprop=\"image\"\/>\n\t\t\t\t\t\t\t\t<h3 class='uabb-testimonial-author-name testimonial-author-name'>Lagermax Paketdienst GmbH &amp; Co KG<\/h3>\t\t\t\t\t\t\t\t\n\t\t\t\t\t\t\t\t\tAustria\t\t\t\t\t\t\t\t\n\t\t\t\t\t\t\t<blockquote><p>&#8220;We have been using the ParcelVIS from DIVIS for 5 years and have never had any problems.&#8221;<\/p><\/blockquote>\t\t\t\t\t\t\n\t\t\t\t<img decoding=\"async\" src=\"https:\/\/www.divis.eu\/wp-content\/uploads\/2018\/01\/logo-voigt-invers.png\" alt=\"logo-voigt-invers\" title=\"logo-voigt-invers\" itemprop=\"image\"\/>\n\t\t\t\t\t\t\t\t<h3 class='uabb-testimonial-author-name testimonial-author-name'>Herbert Voigt GmbH &amp; Co. KG<\/h3>\t\t\t\t\t\t\t\t\n\t\t\t\t\t\t\t\t\tGermany\t\t\t\t\t\t\t\t\n\t\t\t\t\t\t\t<blockquote><p>&#8220;With DIVIS we have a competent partner who always has a solution for our individual ideas.&#8221;<\/p><\/blockquote>\t\t\t\t\t\t\n\t\t\t\t<img decoding=\"async\" src=\"https:\/\/www.divis.eu\/wp-content\/uploads\/2018\/01\/logo-schmalz-schoen.png\" alt=\"logo-schmalz-schoen\" title=\"logo-schmalz-schoen\" itemprop=\"image\"\/>\n\t\t\t\t\t\t\t\t<h3 class='uabb-testimonial-author-name testimonial-author-name'>SCHMALZ+SCH\u00d6N Logistics GmbH<\/h3>\t\t\t\t\t\t\t\t\n\t\t\t\t\t\t\t\t\tGermany\t\t\t\t\t\t\t\t\n\t\t\t\t\t\t\t<blockquote><p>&#8220;The perfect solution even for heterogeneous handling areas &#8211; video surveillance at the package level by DIVIS.&#8221;<\/p><\/blockquote>\t\t\t\t\t\t\n\t\t\t\t<img decoding=\"async\" src=\"https:\/\/www.divis.eu\/wp-content\/uploads\/2018\/01\/logo-zufall-1.png\" alt=\"logo-zufall\" title=\"logo-zufall\" itemprop=\"image\"\/>\n\t\t\t\t\t\t\t\t<h3 class='uabb-testimonial-author-name testimonial-author-name'>Friedrich Zufall GmbH &amp; Co. KG<\/h3>\t\t\t\t\t\t\t\t\n\t\t\t\t\t\t\t\t\tGermany\t\t\t\t\t\t\t\t\n\t\t\t\t\t\t\t<blockquote><p>&#8220;We are very satisfied with the system [&#8230; of DIVIS &#8230;].&#8221;<\/p><\/blockquote>\t\t\t\t\t\t\n\t\t\t<a href=\"https:\/\/www.divis.eu\/en\/references-case-studies-consignment-tracking-warehouse\/\" target=\"_self\" role=\"button\" aria-label=\"Find Case Studies\" rel=\"noopener\">\n\t\t\t\t\t\t\tFind Case Studies\n\t\t<\/a>\n\t\t\t\t<img decoding=\"async\" src=\"https:\/\/www.divis.eu\/wp-content\/uploads\/2018\/01\/hendrik-reger-1.png\" alt=\"Hendrik Reger | DIVIS | Videol\u00f6sungen f\u00fcr die Logistik\" itemprop=\"image\" height=\"385\" width=\"300\" title=\"hendrik-reger\" onerror=\"this.style.display='none'\"  \/>\n\t<em><strong>Hendrik Reger<\/strong><br \/>\nManaging Director<br \/>\n<\/em>\n<h1>\n\t\tYou have questions?\n\t<\/h1>\n<h1>\n\t\tWe have answers\n\t<\/h1>\n\t<p>Our team will be happy to answer your questions about our products at no charge and without obligation.<\/p>\n\t\t\t<a href=\"https:\/\/www.divis.eu\/contact-divis-provider-camera-based-shipment-tracking\/?lang=en\" target=\"_self\" role=\"button\" aria-label=\"Contact DIVIS\" rel=\"noopener\">\n\t\t\t\t\t\t\tContact DIVIS\n\t\t<\/a>\n\t\t\t\t<a href=\"https:\/\/www.divis.eu\/en\/newsletter-sign-up-process-optimization-warehouse\/\" target=\"_self\" itemprop=\"url\" rel=\"noopener\">\n\t\t\t\t<img decoding=\"async\" src=\"https:\/\/www.divis.eu\/wp-content\/uploads\/2018\/03\/sprechblase-newsletter-en.png\" alt=\"Newsletter Sign-up | DIVIS | Video solutions for Logistics\" title=\"sprechblase-newsletter-en\" itemprop=\"image\"  \/>\n\t\t\t\t\t\t<\/a>\n\t<h3>DIVIS Newsletter<\/h3>\n<p>With our newsletter subscription you are always up to date on all news at DIVIS<\/p>\n\t\t\t<a href=\"https:\/\/www.divis.eu\/en\/newsletter-sign-up-process-optimization-warehouse\/\" target=\"_self\" role=\"button\" aria-label=\"Newsletter Sign-up\" rel=\"noopener\">\n\t\t\t\t\t\t\tNewsletter Sign-up\n\t\t<\/a>\n\t\t\t\t<img decoding=\"async\" src=\"https:\/\/www.divis.eu\/wp-content\/uploads\/2018\/01\/kundenlogo-CTL-1.png\" alt=\"CTL | DIVIS Kunde\" itemprop=\"image\" height=\"51\" width=\"120\" title=\"kundenlogo-CTL\" onerror=\"this.style.display='none'\"  \/>\n\t\t\t\t<img decoding=\"async\" src=\"https:\/\/www.divis.eu\/wp-content\/uploads\/2018\/01\/kundenlogo-dpd.png\" alt=\"kundenlogo-dpd\" itemprop=\"image\" height=\"51\" width=\"120\" title=\"kundenlogo-dpd\" onerror=\"this.style.display='none'\"  \/>\n\t\t\t\t<img decoding=\"async\" src=\"https:\/\/www.divis.eu\/wp-content\/uploads\/2018\/01\/kundenlogo-emons.png\" alt=\"Emons | DIVIS-Kunde\" itemprop=\"image\" height=\"51\" width=\"120\" title=\"kundenlogo-emons\" onerror=\"this.style.display='none'\"  \/>\n\t\t\t\t<img decoding=\"async\" src=\"https:\/\/www.divis.eu\/wp-content\/uploads\/2018\/01\/kundenlogo-online.png\" alt=\"kundenlogo-online\" itemprop=\"image\" height=\"51\" width=\"120\" title=\"kundenlogo-online\" onerror=\"this.style.display='none'\"  \/>\n\t\t\t\t<img decoding=\"async\" src=\"https:\/\/www.divis.eu\/wp-content\/uploads\/2018\/01\/kundenlogo-rhenus.png\" alt=\"Rhenus Logistics | DIVIS-Kunde\" title=\"kundenlogo-rhenus\" itemprop=\"image\"  \/>\n\t\t\t\t<img decoding=\"async\" src=\"https:\/\/www.divis.eu\/wp-content\/uploads\/2018\/01\/kundenlogo-tsb.png\" alt=\"kundenlogo-tsb\" itemprop=\"image\" height=\"51\" width=\"120\" title=\"kundenlogo-tsb\" onerror=\"this.style.display='none'\"  \/>\n\t\t\t\t<img decoding=\"async\" src=\"https:\/\/www.divis.eu\/wp-content\/uploads\/2018\/01\/kundenlogo-gebrueder-weiss.png\" alt=\"Gebr\u00fcder Weiss | DIVIS-Kunde\" itemprop=\"image\" height=\"51\" width=\"150\" title=\"kundenlogo-gebrueder-weiss\" onerror=\"this.style.display='none'\"  \/>\n\t\t\t\t<img decoding=\"async\" src=\"https:\/\/www.divis.eu\/wp-content\/uploads\/2018\/01\/kundenlogo-tchibo.png\" alt=\"Tchibo | DIVIS-Kunde\" title=\"kundenlogo-tchibo\" itemprop=\"image\"  \/>\n\t\t\t\t<img decoding=\"async\" src=\"https:\/\/www.divis.eu\/wp-content\/uploads\/2018\/01\/kundenlogo-24plus.png\" alt=\"kundenlogo-24plus\" itemprop=\"image\" height=\"51\" width=\"120\" title=\"kundenlogo-24plus\" onerror=\"this.style.display='none'\"  \/>\n\t\t\t\t<img decoding=\"async\" src=\"https:\/\/www.divis.eu\/wp-content\/uploads\/2018\/01\/kundenlogo-raben.png\" alt=\"Raben Group | DIVIS-Kunde\" title=\"kundenlogo-raben\" itemprop=\"image\"  \/>\n\t\t\t\t<img decoding=\"async\" src=\"https:\/\/www.divis.eu\/wp-content\/uploads\/2018\/01\/kundenlogo-geis.png\" alt=\"Spedition Geis | DIVIS-Kunde\" title=\"kundenlogo-geis\" itemprop=\"image\"  \/>\n\t\t\t\t<img decoding=\"async\" src=\"https:\/\/www.divis.eu\/wp-content\/uploads\/2018\/01\/kundenlogo-zufall.png\" alt=\"kundenlogo-zufall\" itemprop=\"image\" height=\"51\" width=\"120\" title=\"kundenlogo-zufall\" onerror=\"this.style.display='none'\"  \/>\n\n","protected":false},"excerpt":{"rendered":"<p>Versatile Plus+ Features for the hall and the warehouse Find shipments.Analyze operations.Optimize processes. Module Overview Added value for your logistics Optional Plus+ Features Video management software for your logistics: The following modules are optionally available for an additional fee for the CargoVIS and ParcelVIS software. Optional Plus+ Feature for CargoVIS Scale+ Software controlled volume control&hellip;<\/p>\n","protected":false},"author":1,"featured_media":0,"parent":0,"menu_order":0,"comment_status":"closed","ping_status":"closed","template":"","meta":{"footnotes":""},"class_list":["post-10174","page","type-page","status-publish","hentry"],"yoast_head":"<!-- This site is optimized with the Yoast SEO plugin v27.4 - https:\/\/yoast.com\/product\/yoast-seo-wordpress\/ -->\n<title>Video surveillance in the hall turnover | Useful Add-ons | DIVIS<\/title>\n<meta name=\"description\" content=\"DIVIS software can be adapted perfectly to the requirements of your logistics through valuable plus functions. A solution for every requirement | DIVIS\" \/>\n<meta name=\"robots\" content=\"index, follow, max-snippet:-1, max-image-preview:large, max-video-preview:-1\" \/>\n<link rel=\"canonical\" href=\"https:\/\/www.divis.eu\/en\/video-surveillance-in-hall-turnover-with-solutions-from-divis\/\" \/>\n<meta property=\"og:locale\" content=\"en_US\" \/>\n<meta property=\"og:type\" content=\"article\" \/>\n<meta property=\"og:title\" content=\"Video surveillance in the hall turnover | Useful Add-ons | DIVIS\" \/>\n<meta property=\"og:description\" content=\"DIVIS software can be adapted perfectly to the requirements of your logistics through valuable plus functions. A solution for every requirement | DIVIS\" \/>\n<meta property=\"og:url\" content=\"https:\/\/www.divis.eu\/en\/video-surveillance-in-hall-turnover-with-solutions-from-divis\/\" \/>\n<meta property=\"og:site_name\" content=\"DIVIS - The intelligent view\" \/>\n<meta property=\"article:modified_time\" content=\"2021-11-24T10:07:40+00:00\" \/>\n<meta property=\"og:image\" content=\"https:\/\/www.divis.eu\/wp-content\/uploads\/2018\/02\/titelgraafik-module7.png\" \/>\n<meta name=\"twitter:card\" content=\"summary_large_image\" \/>\n<meta name=\"twitter:label1\" content=\"Est. reading time\" \/>\n\t<meta name=\"twitter:data1\" content=\"3 minutes\" \/>\n<script type=\"application\/ld+json\" class=\"yoast-schema-graph\">{\"@context\":\"https:\\\/\\\/schema.org\",\"@graph\":[{\"@type\":\"WebPage\",\"@id\":\"https:\\\/\\\/www.divis.eu\\\/en\\\/video-surveillance-in-hall-turnover-with-solutions-from-divis\\\/\",\"url\":\"https:\\\/\\\/www.divis.eu\\\/en\\\/video-surveillance-in-hall-turnover-with-solutions-from-divis\\\/\",\"name\":\"Video surveillance in the hall turnover | Useful Add-ons | DIVIS\",\"isPartOf\":{\"@id\":\"https:\\\/\\\/www.divis.eu\\\/#website\"},\"primaryImageOfPage\":{\"@id\":\"https:\\\/\\\/www.divis.eu\\\/en\\\/video-surveillance-in-hall-turnover-with-solutions-from-divis\\\/#primaryimage\"},\"image\":{\"@id\":\"https:\\\/\\\/www.divis.eu\\\/en\\\/video-surveillance-in-hall-turnover-with-solutions-from-divis\\\/#primaryimage\"},\"thumbnailUrl\":\"https:\\\/\\\/www.divis.eu\\\/wp-content\\\/uploads\\\/2018\\\/02\\\/titelgraafik-module7.png\",\"datePublished\":\"2018-12-10T21:30:41+00:00\",\"dateModified\":\"2021-11-24T10:07:40+00:00\",\"description\":\"DIVIS software can be adapted perfectly to the requirements of your logistics through valuable plus functions. A solution for every requirement | DIVIS\",\"breadcrumb\":{\"@id\":\"https:\\\/\\\/www.divis.eu\\\/en\\\/video-surveillance-in-hall-turnover-with-solutions-from-divis\\\/#breadcrumb\"},\"inLanguage\":\"en-US\",\"potentialAction\":[{\"@type\":\"ReadAction\",\"target\":[\"https:\\\/\\\/www.divis.eu\\\/en\\\/video-surveillance-in-hall-turnover-with-solutions-from-divis\\\/\"]}]},{\"@type\":\"ImageObject\",\"inLanguage\":\"en-US\",\"@id\":\"https:\\\/\\\/www.divis.eu\\\/en\\\/video-surveillance-in-hall-turnover-with-solutions-from-divis\\\/#primaryimage\",\"url\":\"https:\\\/\\\/www.divis.eu\\\/wp-content\\\/uploads\\\/2018\\\/02\\\/titelgraafik-module7.png\",\"contentUrl\":\"https:\\\/\\\/www.divis.eu\\\/wp-content\\\/uploads\\\/2018\\\/02\\\/titelgraafik-module7.png\"},{\"@type\":\"BreadcrumbList\",\"@id\":\"https:\\\/\\\/www.divis.eu\\\/en\\\/video-surveillance-in-hall-turnover-with-solutions-from-divis\\\/#breadcrumb\",\"itemListElement\":[{\"@type\":\"ListItem\",\"position\":1,\"name\":\"Startseite\",\"item\":\"https:\\\/\\\/www.divis.eu\\\/en\\\/\"},{\"@type\":\"ListItem\",\"position\":2,\"name\":\"Video surveillance in hall turnover with solutions from DIVIS\"}]},{\"@type\":\"WebSite\",\"@id\":\"https:\\\/\\\/www.divis.eu\\\/#website\",\"url\":\"https:\\\/\\\/www.divis.eu\\\/\",\"name\":\"DIVIS - The intelligent view\",\"description\":\"Videosysteml\u00f6sungen f\u00fcr Umschlags- und Warenlager\",\"potentialAction\":[{\"@type\":\"SearchAction\",\"target\":{\"@type\":\"EntryPoint\",\"urlTemplate\":\"https:\\\/\\\/www.divis.eu\\\/?s={search_term_string}\"},\"query-input\":{\"@type\":\"PropertyValueSpecification\",\"valueRequired\":true,\"valueName\":\"search_term_string\"}}],\"inLanguage\":\"en-US\"}]}<\/script>\n<!-- \/ Yoast SEO plugin. -->","yoast_head_json":{"title":"Video surveillance in the hall turnover | Useful Add-ons | DIVIS","description":"DIVIS software can be adapted perfectly to the requirements of your logistics through valuable plus functions. A solution for every requirement | DIVIS","robots":{"index":"index","follow":"follow","max-snippet":"max-snippet:-1","max-image-preview":"max-image-preview:large","max-video-preview":"max-video-preview:-1"},"canonical":"https:\/\/www.divis.eu\/en\/video-surveillance-in-hall-turnover-with-solutions-from-divis\/","og_locale":"en_US","og_type":"article","og_title":"Video surveillance in the hall turnover | Useful Add-ons | DIVIS","og_description":"DIVIS software can be adapted perfectly to the requirements of your logistics through valuable plus functions. A solution for every requirement | DIVIS","og_url":"https:\/\/www.divis.eu\/en\/video-surveillance-in-hall-turnover-with-solutions-from-divis\/","og_site_name":"DIVIS - The intelligent view","article_modified_time":"2021-11-24T10:07:40+00:00","og_image":[{"url":"https:\/\/www.divis.eu\/wp-content\/uploads\/2018\/02\/titelgraafik-module7.png","type":"","width":"","height":""}],"twitter_card":"summary_large_image","twitter_misc":{"Est. reading time":"3 minutes"},"schema":{"@context":"https:\/\/schema.org","@graph":[{"@type":"WebPage","@id":"https:\/\/www.divis.eu\/en\/video-surveillance-in-hall-turnover-with-solutions-from-divis\/","url":"https:\/\/www.divis.eu\/en\/video-surveillance-in-hall-turnover-with-solutions-from-divis\/","name":"Video surveillance in the hall turnover | Useful Add-ons | DIVIS","isPartOf":{"@id":"https:\/\/www.divis.eu\/#website"},"primaryImageOfPage":{"@id":"https:\/\/www.divis.eu\/en\/video-surveillance-in-hall-turnover-with-solutions-from-divis\/#primaryimage"},"image":{"@id":"https:\/\/www.divis.eu\/en\/video-surveillance-in-hall-turnover-with-solutions-from-divis\/#primaryimage"},"thumbnailUrl":"https:\/\/www.divis.eu\/wp-content\/uploads\/2018\/02\/titelgraafik-module7.png","datePublished":"2018-12-10T21:30:41+00:00","dateModified":"2021-11-24T10:07:40+00:00","description":"DIVIS software can be adapted perfectly to the requirements of your logistics through valuable plus functions. A solution for every requirement | DIVIS","breadcrumb":{"@id":"https:\/\/www.divis.eu\/en\/video-surveillance-in-hall-turnover-with-solutions-from-divis\/#breadcrumb"},"inLanguage":"en-US","potentialAction":[{"@type":"ReadAction","target":["https:\/\/www.divis.eu\/en\/video-surveillance-in-hall-turnover-with-solutions-from-divis\/"]}]},{"@type":"ImageObject","inLanguage":"en-US","@id":"https:\/\/www.divis.eu\/en\/video-surveillance-in-hall-turnover-with-solutions-from-divis\/#primaryimage","url":"https:\/\/www.divis.eu\/wp-content\/uploads\/2018\/02\/titelgraafik-module7.png","contentUrl":"https:\/\/www.divis.eu\/wp-content\/uploads\/2018\/02\/titelgraafik-module7.png"},{"@type":"BreadcrumbList","@id":"https:\/\/www.divis.eu\/en\/video-surveillance-in-hall-turnover-with-solutions-from-divis\/#breadcrumb","itemListElement":[{"@type":"ListItem","position":1,"name":"Startseite","item":"https:\/\/www.divis.eu\/en\/"},{"@type":"ListItem","position":2,"name":"Video surveillance in hall turnover with solutions from DIVIS"}]},{"@type":"WebSite","@id":"https:\/\/www.divis.eu\/#website","url":"https:\/\/www.divis.eu\/","name":"DIVIS - The intelligent view","description":"Videosysteml\u00f6sungen f\u00fcr Umschlags- und Warenlager","potentialAction":[{"@type":"SearchAction","target":{"@type":"EntryPoint","urlTemplate":"https:\/\/www.divis.eu\/?s={search_term_string}"},"query-input":{"@type":"PropertyValueSpecification","valueRequired":true,"valueName":"search_term_string"}}],"inLanguage":"en-US"}]}},"_links":{"self":[{"href":"https:\/\/www.divis.eu\/en\/wp-json\/wp\/v2\/pages\/10174","targetHints":{"allow":["GET"]}}],"collection":[{"href":"https:\/\/www.divis.eu\/en\/wp-json\/wp\/v2\/pages"}],"about":[{"href":"https:\/\/www.divis.eu\/en\/wp-json\/wp\/v2\/types\/page"}],"author":[{"embeddable":true,"href":"https:\/\/www.divis.eu\/en\/wp-json\/wp\/v2\/users\/1"}],"replies":[{"embeddable":true,"href":"https:\/\/www.divis.eu\/en\/wp-json\/wp\/v2\/comments?post=10174"}],"version-history":[{"count":0,"href":"https:\/\/www.divis.eu\/en\/wp-json\/wp\/v2\/pages\/10174\/revisions"}],"wp:attachment":[{"href":"https:\/\/www.divis.eu\/en\/wp-json\/wp\/v2\/media?parent=10174"}],"curies":[{"name":"wp","href":"https:\/\/api.w.org\/{rel}","templated":true}]}}