{"id":12975,"date":"2019-01-05T03:44:24","date_gmt":"2019-01-05T03:44:24","guid":{"rendered":"https:\/\/www.divis.eu\/divis-newsarchiv-2018-cctv-videoueberwachung-in-der-logistik\/"},"modified":"2022-12-10T20:38:52","modified_gmt":"2022-12-10T20:38:52","slug":"divis-news-archive-2018-cctv-video-surveillance-in-logistics","status":"publish","type":"page","link":"https:\/\/www.divis.eu\/en\/divis-news-archive-2018-cctv-video-surveillance-in-logistics\/","title":{"rendered":"DIVIS News Archive 2018 | CCTV video surveillance in logistics"},"content":{"rendered":"\n<h1>\n\t\tNews-Archiv 2018\n\t<\/h1>\n\t\t\t\t\t\t\t\t\t\t\t\t\t\t<a href=\"https:\/\/www.divis.eu\/divis-engagiert-sich-zum-jahresende-fuer-karitative-organisationen\/\" target=\"_self\" title=\"DIVIS engagiert sich zum Jahresende f\u00fcr karitative Organisationen\" rel=\"noopener\">\n\t\t\t\t<img decoding=\"async\" src=\"https:\/\/www.divis.eu\/wp-content\/uploads\/2018\/12\/weihnachtsnewsletter-featured-DE.gif\" alt=\"DIVIS w\u00fcnscht frohe Weihnachten\">\n\t\t\t\t<\/a>\n\t\t\t\t\t\t<h2>\n\t\t\t\t\t\t\t\tDezember\t\t\t\t\t\t\t\t\n\t\t\t\t\t\t\t\t17\n\t\t\t\t\t\t\t\t2018\n\t\t\t\t\t\t<\/h2>\n\t\t\t\t\t\t<h4>\n\t\t\t\t<a href=\"https:\/\/www.divis.eu\/divis-engagiert-sich-zum-jahresende-fuer-karitative-organisationen\/\" title=\"DIVIS engagiert sich zum Jahresende f\u00fcr karitative Organisationen\" tabindex=\"0\">DIVIS engagiert sich zum Jahresende f\u00fcr karitative Organisationen<\/a>\t\t\t<\/h4>\n\t\t\t\t\t\t\t\t2018 war ein positives Jahr f\u00fcr DIVIS. Wir freuen uns, dass Sie diesen Weg mit uns gemeinsam gegangen sind und hoffen darauf, dass wir 2019 weiterhin zusammen neue Ziele ansteuern werden. Erfahren Sie in dieser Ausgabe, wie DIVIS sich zum Jahreswechsel karitativ engagiert.\n\t\t\t<a href=\"https:\/\/www.divis.eu\/divis-engagiert-sich-zum-jahresende-fuer-karitative-organisationen\/\" target=\"_self\" role=\"button\" aria-label=\"Weiterlesen\" rel=\"noopener\">\n\t\t\t\t\t\t\tWeiterlesen\n\t\t<\/a>\n\t\t\t\t\t\t\t\t\t\t\t\t\t\t<a href=\"https:\/\/www.divis.eu\/schnelle-videobearbeitung-in-parcelvis-jahresrueckblick-und-unsere-kolleginnen-aus-der-administration\/\" target=\"_self\" title=\"Schnelle Videobearbeitung in ParcelVIS, Jahresr\u00fcckblick und unsere Kolleginnen aus der Administration\" rel=\"noopener\">\n\t\t\t\t<img decoding=\"async\" src=\"https:\/\/www.divis.eu\/wp-content\/uploads\/2018\/11\/NL-DE-1.gif\" alt=\"DIVIS Tip of the month\">\n\t\t\t\t<\/a>\n\t\t\t\t\t\t<h2>\n\t\t\t\t\t\t\t\tDezember\t\t\t\t\t\t\t\t\n\t\t\t\t\t\t\t\t2\n\t\t\t\t\t\t\t\t2018\n\t\t\t\t\t\t<\/h2>\n\t\t\t\t\t\t<h4>\n\t\t\t\t<a href=\"https:\/\/www.divis.eu\/schnelle-videobearbeitung-in-parcelvis-jahresrueckblick-und-unsere-kolleginnen-aus-der-administration\/\" title=\"Schnelle Videobearbeitung in ParcelVIS, Jahresr\u00fcckblick und unsere Kolleginnen aus der Administration\" tabindex=\"0\">Schnelle Videobearbeitung in ParcelVIS, Jahresr\u00fcckblick und unsere Kolleginnen aus der Administration<\/a>\t\t\t<\/h4>\n\t\t\t\t\t\t\t\tBlicken Sie gemeinsam mit uns auf die Highlights des Jahres 2018 zur\u00fcck, erfahren Sie im Tipp des Monats mehr \u00fcber die schnelle Videobearbeitung in ParcelVIS und lernen Sie unsere Kolleginnen aus der Administration und Buchhaltung kennen.\n\t\t\t<a href=\"https:\/\/www.divis.eu\/schnelle-videobearbeitung-in-parcelvis-jahresrueckblick-und-unsere-kolleginnen-aus-der-administration\/\" target=\"_self\" role=\"button\" aria-label=\"Weiterlesen\" rel=\"noopener\">\n\t\t\t\t\t\t\tWeiterlesen\n\t\t<\/a>\n\t\t\t\t\t\t\t\t\t\t\t\t\t\t<a href=\"https:\/\/www.divis.eu\/anwenderbericht-zoom-funktion-in-der-divis-software-und-mitarbeitervorstellung\/\" target=\"_self\" title=\"Anwenderbericht, Zoom-Funktion in der DIVIS-Software und Mitarbeitervorstellung\" rel=\"noopener\">\n\t\t\t\t<img decoding=\"async\" src=\"https:\/\/www.divis.eu\/wp-content\/uploads\/2018\/10\/nl-featured.gif\" alt=\"DIVIS Newsletter im November\">\n\t\t\t\t<\/a>\n\t\t\t\t\t\t<h2>\n\t\t\t\t\t\t\t\tNovember\t\t\t\t\t\t\t\t\n\t\t\t\t\t\t\t\t5\n\t\t\t\t\t\t\t\t2018\n\t\t\t\t\t\t<\/h2>\n\t\t\t\t\t\t<h4>\n\t\t\t\t<a href=\"https:\/\/www.divis.eu\/anwenderbericht-zoom-funktion-in-der-divis-software-und-mitarbeitervorstellung\/\" title=\"Anwenderbericht, Zoom-Funktion in der DIVIS-Software und Mitarbeitervorstellung\" tabindex=\"0\">Anwenderbericht, Zoom-Funktion in der DIVIS-Software und Mitarbeitervorstellung<\/a>\t\t\t<\/h4>\n\t\t\t\t\t\t\t\tIn diesem Newsletter: Wir berichten \u00fcber die Spedition Amm in unserem Anwenderbericht. Sie lernen unseren Support-Mitarbeiter Mensah Adzessi kennen. Und im Tipp des Monats haben wir hilfreiche Tipps zur Nutzung der Zoom-Funktion bei der Sendungsrecherche in CargoVIS und ParcelVIS.\n\t\t\t<a href=\"https:\/\/www.divis.eu\/anwenderbericht-zoom-funktion-in-der-divis-software-und-mitarbeitervorstellung\/\" target=\"_self\" role=\"button\" aria-label=\"Weiterlesen\" rel=\"noopener\">\n\t\t\t\t\t\t\tWeiterlesen\n\t\t<\/a>\n\t\t\t\t\t\t\t\t\t\t\t\t\t\t<a href=\"https:\/\/www.divis.eu\/divis-auf-der-jobmesse-kiel\/\" target=\"_self\" title=\"DIVIS auf der 11. Jobmesse Kiel\" rel=\"noopener\">\n\t\t\t\t<img decoding=\"async\" src=\"https:\/\/www.divis.eu\/wp-content\/uploads\/2018\/10\/Jobmesse_Newsbild.jpg\" alt=\"Messestand DIVIS\">\n\t\t\t\t<\/a>\n\t\t\t\t\t\t<h2>\n\t\t\t\t\t\t\t\tOktober\t\t\t\t\t\t\t\t\n\t\t\t\t\t\t\t\t29\n\t\t\t\t\t\t\t\t2018\n\t\t\t\t\t\t<\/h2>\n\t\t\t\t\t\t<h4>\n\t\t\t\t<a href=\"https:\/\/www.divis.eu\/divis-auf-der-jobmesse-kiel\/\" title=\"DIVIS auf der 11. Jobmesse Kiel\" tabindex=\"0\">DIVIS auf der 11. Jobmesse Kiel<\/a>\t\t\t<\/h4>\n\t\t\t\t\t\t\t\tAm 27. und 28. Oktober 2018 konnten wir unser Deb\u00fct auf der 11. Jobmesse Kiel geben. Neben mehr als 90 St\u00e4nden von Ausstellern verschiedenster Branchen wurde ein umfangreiches Rahmenprogramm in den Hallen von Mercedes-Benz S\u00fcverkr\u00fcp geboten. In dieser News berichten wir von unseren Erfahrungen.\n\t\t\t<a href=\"https:\/\/www.divis.eu\/divis-auf-der-jobmesse-kiel\/\" target=\"_self\" role=\"button\" aria-label=\"Weiterlesen\" rel=\"noopener\">\n\t\t\t\t\t\t\tWeiterlesen\n\t\t<\/a>\n\t\t\t\t\t\t\t\t\t\t\t\t\t\t<a href=\"https:\/\/www.divis.eu\/datenschutz-datensicherheit-divis-produkte-tipp-des-monats-mitarbeitervorstellung\/\" target=\"_self\" title=\"Datenschutz und Datensicherheit mit DIVIS-Produkten, Tipp des Monats und Mitarbeitervorstellung\" rel=\"noopener\">\n\t\t\t\t<img decoding=\"async\" src=\"https:\/\/www.divis.eu\/wp-content\/uploads\/2018\/10\/NL-featured-DE.gif\" alt=\"DSGVO\">\n\t\t\t\t<\/a>\n\t\t\t\t\t\t<h2>\n\t\t\t\t\t\t\t\tOktober\t\t\t\t\t\t\t\t\n\t\t\t\t\t\t\t\t3\n\t\t\t\t\t\t\t\t2018\n\t\t\t\t\t\t<\/h2>\n\t\t\t\t\t\t<h4>\n\t\t\t\t<a href=\"https:\/\/www.divis.eu\/datenschutz-datensicherheit-divis-produkte-tipp-des-monats-mitarbeitervorstellung\/\" title=\"Datenschutz und Datensicherheit mit DIVIS-Produkten, Tipp des Monats und Mitarbeitervorstellung\" tabindex=\"0\">Datenschutz und Datensicherheit mit DIVIS-Produkten, Tipp des Monats und Mitarbeitervorstellung<\/a>\t\t\t<\/h4>\n\t\t\t\t\t\t\t\tIn diesem Newsletter: Erfahren Sie mehr \u00fcber Datenschutz und Datensicherheit mit DIVIS-Produkten. Passen Sie die zeitlichen Schritte bei der Sendungsverfolgung in ParcelVIS individuell an. Und lernen Sie Dagmar Mohr, unsere Kollegin aus der Lohn- und Finanzbuchhaltung, kennen.\n\t\t\t<a href=\"https:\/\/www.divis.eu\/datenschutz-datensicherheit-divis-produkte-tipp-des-monats-mitarbeitervorstellung\/\" target=\"_self\" role=\"button\" aria-label=\"Weiterlesen\" rel=\"noopener\">\n\t\t\t\t\t\t\tWeiterlesen\n\t\t<\/a>\n\t\t\t\t\t\t\t\t\t\t\t\t\t\t<a href=\"https:\/\/www.divis.eu\/divis-auf-dem-3-logcoop-innovationstag\/\" target=\"_self\" title=\"DIVIS auf dem 3. LogCoop Innovationstag\" rel=\"noopener\">\n\t\t\t\t<img decoding=\"async\" src=\"https:\/\/www.divis.eu\/wp-content\/uploads\/2018\/09\/LogCoop2018News.jpg\" alt=\"LogCoop 2018 News\">\n\t\t\t\t<\/a>\n\t\t\t\t\t\t<h2>\n\t\t\t\t\t\t\t\tSeptember\t\t\t\t\t\t\t\t\n\t\t\t\t\t\t\t\t21\n\t\t\t\t\t\t\t\t2018\n\t\t\t\t\t\t<\/h2>\n\t\t\t\t\t\t<h4>\n\t\t\t\t<a href=\"https:\/\/www.divis.eu\/divis-auf-dem-3-logcoop-innovationstag\/\" title=\"DIVIS auf dem 3. LogCoop Innovationstag\" tabindex=\"0\">DIVIS auf dem 3. LogCoop Innovationstag<\/a>\t\t\t<\/h4>\n\t\t\t\t\t\t\t\tAm 11.09.2018 fand der 3. LogCoop Innovationstag in der Gebl\u00e4sehalle im Duisburger Landschaftspark statt und DIVIS war vor Ort. Im Fokus standen Themen wie Lademittel-Tausch und Pooling-Gesch\u00e4ft, Zentralabrechnung und Factoring, k\u00fcnstliche Intelligenz f\u00fcr die Supply Chain und Optimierung der Transportlogistik-Auslastung.\n\t\t\t<a href=\"https:\/\/www.divis.eu\/divis-auf-dem-3-logcoop-innovationstag\/\" target=\"_self\" role=\"button\" aria-label=\"Weiterlesen\" rel=\"noopener\">\n\t\t\t\t\t\t\tWeiterlesen\n\t\t<\/a>\n\t\t\t<ul class=\"page-numbers\">\n\t<li>1<\/li>\n\t<li><a href=\"https:\/\/www.divis.eu\/page\/2\/?page_id=12971&amp;fl_builder\">2<\/a><\/li>\n\t<li><a href=\"https:\/\/www.divis.eu\/page\/3\/?page_id=12971&amp;fl_builder\">3<\/a><\/li>\n\t<li><a href=\"https:\/\/www.divis.eu\/page\/2\/?page_id=12971&amp;fl_builder\">Weiter \u00bb<\/a><\/li>\n<\/ul>\n\t\t<h3>\n\t\tArchiv\n\t<\/h3>\n\t\t\t\t\t<ul id=\"menu-newsarchiv-menu-de\"><li id=\"menu-item-25094\"><a href=\"https:\/\/www.divis.eu\/divis-newsarchiv-2021-videoueberwachung-in-der-logistik\/\">Newsarchiv 2021<\/a><\/li>\n<li id=\"menu-item-21308\"><a href=\"https:\/\/www.divis.eu\/divis-newsarchiv-2020-videoueberwachung-in-der-logistik\/\">Newsarchiv 2020<\/a><\/li>\n<li id=\"menu-item-18113\"><a href=\"https:\/\/www.divis.eu\/divis-newsarchiv-2019-videoueberwachung-in-der-logistik\/\">Newsarchiv 2019<\/a><\/li>\n<li id=\"menu-item-12981\"><a href=\"https:\/\/www.divis.eu\/divis-newsarchiv-2018-cctv-videoueberwachung-in-der-logistik\/\">Newsarchiv 2018<\/a><\/li>\n<li id=\"menu-item-7226\"><a href=\"https:\/\/www.divis.eu\/divis-newsarchiv-2017-cctv-kameraueberwachung\/\">Newsarchiv 2017<\/a><\/li>\n<li id=\"menu-item-7227\"><a href=\"https:\/\/www.divis.eu\/divis-newsarchiv-2016-warenverfolgung-im-lager\/\">Newsarchiv 2016<\/a><\/li>\n<li id=\"menu-item-15799\"><a href=\"https:\/\/www.divis.eu\/divis-newsarchiv-2015-warenverfolgung-im-lager\/\">Newsarchiv 2015<\/a><\/li>\n<li id=\"menu-item-15798\"><a href=\"https:\/\/www.divis.eu\/divis-newsarchiv-2014-cctv-kameraueberwachung-in-der-logistik\/\">Newsarchiv 2014<\/a><\/li>\n<li id=\"menu-item-15797\"><a href=\"https:\/\/www.divis.eu\/divis-newsarchiv-2013-warenverfolgung-im-lager\/\">Newsarchiv 2013<\/a><\/li>\n<li id=\"menu-item-15796\"><a href=\"https:\/\/www.divis.eu\/divis-newsarchiv-2012-cctv-videoueberwachung-in-der-logistik\/\">Newsarchiv 2012<\/a><\/li>\n<\/ul>\t\n\t\t\t\t<img decoding=\"async\" src=\"https:\/\/www.divis.eu\/wp-content\/uploads\/2018\/01\/kundenlogo-CTL-1.png\" alt=\"CTL | DIVIS Kunde\" itemprop=\"image\" height=\"51\" width=\"120\" title=\"kundenlogo-CTL\" onerror=\"this.style.display='none'\">\n\t\t\t\t<img decoding=\"async\" src=\"https:\/\/www.divis.eu\/wp-content\/uploads\/2018\/01\/kundenlogo-dpd.png\" alt=\"kundenlogo-dpd\" itemprop=\"image\" height=\"51\" width=\"120\" title=\"kundenlogo-dpd\" onerror=\"this.style.display='none'\">\n\t\t\t\t<img decoding=\"async\" src=\"https:\/\/www.divis.eu\/wp-content\/uploads\/2018\/01\/kundenlogo-emons.png\" alt=\"Emons | DIVIS-Kunde\" itemprop=\"image\" height=\"51\" width=\"120\" title=\"kundenlogo-emons\" onerror=\"this.style.display='none'\">\n\t\t\t\t<img decoding=\"async\" src=\"https:\/\/www.divis.eu\/wp-content\/uploads\/2018\/01\/kundenlogo-online.png\" alt=\"kundenlogo-online\" itemprop=\"image\" height=\"51\" width=\"120\" title=\"kundenlogo-online\" onerror=\"this.style.display='none'\">\n\t\t\t\t<img decoding=\"async\" src=\"https:\/\/www.divis.eu\/wp-content\/uploads\/2018\/01\/kundenlogo-rhenus.png\" alt=\"Rhenus Logistics | DIVIS-Kunde\" title=\"kundenlogo-rhenus\" itemprop=\"image\">\n\t\t\t\t<img decoding=\"async\" src=\"https:\/\/www.divis.eu\/wp-content\/uploads\/2018\/01\/kundenlogo-tsb.png\" alt=\"kundenlogo-tsb\" itemprop=\"image\" height=\"51\" width=\"120\" title=\"kundenlogo-tsb\" onerror=\"this.style.display='none'\">\n\t\t\t\t<img decoding=\"async\" src=\"https:\/\/www.divis.eu\/wp-content\/uploads\/2018\/01\/kundenlogo-gebrueder-weiss.png\" alt=\"Gebr\u00fcder Weiss | DIVIS-Kunde\" itemprop=\"image\" height=\"51\" width=\"150\" title=\"kundenlogo-gebrueder-weiss\" onerror=\"this.style.display='none'\">\n\t\t\t\t<img decoding=\"async\" src=\"https:\/\/www.divis.eu\/wp-content\/uploads\/2018\/01\/kundenlogo-tchibo.png\" alt=\"Tchibo | DIVIS-Kunde\" title=\"kundenlogo-tchibo\" itemprop=\"image\">\n\t\t\t\t<img decoding=\"async\" src=\"https:\/\/www.divis.eu\/wp-content\/uploads\/2018\/01\/kundenlogo-24plus.png\" alt=\"kundenlogo-24plus\" itemprop=\"image\" height=\"51\" width=\"120\" title=\"kundenlogo-24plus\" onerror=\"this.style.display='none'\">\n\t\t\t\t<img decoding=\"async\" src=\"https:\/\/www.divis.eu\/wp-content\/uploads\/2018\/01\/kundenlogo-transoflex-3.png\" alt=\"kundenlogo-transoflex\" title=\"kundenlogo-transoflex\" itemprop=\"image\">\n\t\t\t\t<img decoding=\"async\" src=\"https:\/\/www.divis.eu\/wp-content\/uploads\/2018\/01\/kundenlogo-geis.png\" alt=\"Spedition Geis | DIVIS-Kunde\" title=\"kundenlogo-geis\" itemprop=\"image\">\n\t\t\t\t<img decoding=\"async\" src=\"https:\/\/www.divis.eu\/wp-content\/uploads\/2018\/01\/kundenlogo-zufall.png\" alt=\"kundenlogo-zufall\" itemprop=\"image\" height=\"51\" width=\"120\" title=\"kundenlogo-zufall\" onerror=\"this.style.display='none'\">\n","protected":false},"excerpt":{"rendered":"<p>News-Archiv 2018 Dezember 17 2018 DIVIS engagiert sich zum Jahresende f\u00fcr karitative Organisationen 2018 war ein positives Jahr f\u00fcr DIVIS. Wir freuen uns, dass Sie diesen Weg mit uns gemeinsam gegangen sind und hoffen darauf, dass wir 2019 weiterhin zusammen neue Ziele ansteuern werden. Erfahren Sie in dieser Ausgabe, wie DIVIS sich zum Jahreswechsel karitativ&hellip;<\/p>\n","protected":false},"author":1,"featured_media":0,"parent":0,"menu_order":0,"comment_status":"closed","ping_status":"closed","template":"","meta":{"footnotes":""},"class_list":["post-12975","page","type-page","status-publish","hentry"],"yoast_head":"<!-- This site is optimized with the Yoast SEO plugin v27.4 - https:\/\/yoast.com\/product\/yoast-seo-wordpress\/ -->\n<title>DIVIS News Overview 2018 | CCTV video surveillance in logistics<\/title>\n<meta name=\"description\" content=\"Interesting news about DIVIS and our products for camera-based shipment tracking in logistics. Compare our solutions with conventional CCTV video surveillance and discover the difference.\" \/>\n<meta name=\"robots\" content=\"index, follow, max-snippet:-1, max-image-preview:large, max-video-preview:-1\" \/>\n<link rel=\"canonical\" href=\"https:\/\/www.divis.eu\/en\/divis-news-archive-2018-cctv-video-surveillance-in-logistics\/\" \/>\n<meta property=\"og:locale\" content=\"en_US\" \/>\n<meta property=\"og:type\" content=\"article\" \/>\n<meta property=\"og:title\" content=\"DIVIS News Overview 2018 | CCTV video surveillance in logistics\" \/>\n<meta property=\"og:description\" content=\"Interesting news about DIVIS and our products for camera-based shipment tracking in logistics. Compare our solutions with conventional CCTV video surveillance and discover the difference.\" \/>\n<meta property=\"og:url\" content=\"https:\/\/www.divis.eu\/en\/divis-news-archive-2018-cctv-video-surveillance-in-logistics\/\" \/>\n<meta property=\"og:site_name\" content=\"DIVIS - The intelligent view\" \/>\n<meta property=\"article:modified_time\" content=\"2022-12-10T20:38:52+00:00\" \/>\n<meta property=\"og:image\" content=\"https:\/\/www.divis.eu\/wp-content\/uploads\/2018\/12\/weihnachtsnewsletter-featured-DE.gif\" \/>\n<meta name=\"twitter:card\" content=\"summary_large_image\" \/>\n<meta name=\"twitter:label1\" content=\"Est. reading time\" \/>\n\t<meta name=\"twitter:data1\" content=\"2 minutes\" \/>\n<script type=\"application\/ld+json\" class=\"yoast-schema-graph\">{\"@context\":\"https:\\\/\\\/schema.org\",\"@graph\":[{\"@type\":\"WebPage\",\"@id\":\"https:\\\/\\\/www.divis.eu\\\/en\\\/divis-news-archive-2018-cctv-video-surveillance-in-logistics\\\/\",\"url\":\"https:\\\/\\\/www.divis.eu\\\/en\\\/divis-news-archive-2018-cctv-video-surveillance-in-logistics\\\/\",\"name\":\"DIVIS News Overview 2018 | CCTV video surveillance in logistics\",\"isPartOf\":{\"@id\":\"https:\\\/\\\/www.divis.eu\\\/#website\"},\"primaryImageOfPage\":{\"@id\":\"https:\\\/\\\/www.divis.eu\\\/en\\\/divis-news-archive-2018-cctv-video-surveillance-in-logistics\\\/#primaryimage\"},\"image\":{\"@id\":\"https:\\\/\\\/www.divis.eu\\\/en\\\/divis-news-archive-2018-cctv-video-surveillance-in-logistics\\\/#primaryimage\"},\"thumbnailUrl\":\"https:\\\/\\\/www.divis.eu\\\/wp-content\\\/uploads\\\/2018\\\/12\\\/weihnachtsnewsletter-featured-DE.gif\",\"datePublished\":\"2019-01-05T03:44:24+00:00\",\"dateModified\":\"2022-12-10T20:38:52+00:00\",\"description\":\"Interesting news about DIVIS and our products for camera-based shipment tracking in logistics. Compare our solutions with conventional CCTV video surveillance and discover the difference.\",\"breadcrumb\":{\"@id\":\"https:\\\/\\\/www.divis.eu\\\/en\\\/divis-news-archive-2018-cctv-video-surveillance-in-logistics\\\/#breadcrumb\"},\"inLanguage\":\"en-US\",\"potentialAction\":[{\"@type\":\"ReadAction\",\"target\":[\"https:\\\/\\\/www.divis.eu\\\/en\\\/divis-news-archive-2018-cctv-video-surveillance-in-logistics\\\/\"]}]},{\"@type\":\"ImageObject\",\"inLanguage\":\"en-US\",\"@id\":\"https:\\\/\\\/www.divis.eu\\\/en\\\/divis-news-archive-2018-cctv-video-surveillance-in-logistics\\\/#primaryimage\",\"url\":\"https:\\\/\\\/www.divis.eu\\\/wp-content\\\/uploads\\\/2018\\\/12\\\/weihnachtsnewsletter-featured-DE.gif\",\"contentUrl\":\"https:\\\/\\\/www.divis.eu\\\/wp-content\\\/uploads\\\/2018\\\/12\\\/weihnachtsnewsletter-featured-DE.gif\"},{\"@type\":\"BreadcrumbList\",\"@id\":\"https:\\\/\\\/www.divis.eu\\\/en\\\/divis-news-archive-2018-cctv-video-surveillance-in-logistics\\\/#breadcrumb\",\"itemListElement\":[{\"@type\":\"ListItem\",\"position\":1,\"name\":\"Startseite\",\"item\":\"https:\\\/\\\/www.divis.eu\\\/en\\\/\"},{\"@type\":\"ListItem\",\"position\":2,\"name\":\"DIVIS News Archive 2018 | CCTV video surveillance in logistics\"}]},{\"@type\":\"WebSite\",\"@id\":\"https:\\\/\\\/www.divis.eu\\\/#website\",\"url\":\"https:\\\/\\\/www.divis.eu\\\/\",\"name\":\"DIVIS - The intelligent view\",\"description\":\"Videosysteml\u00f6sungen f\u00fcr Umschlags- und Warenlager\",\"potentialAction\":[{\"@type\":\"SearchAction\",\"target\":{\"@type\":\"EntryPoint\",\"urlTemplate\":\"https:\\\/\\\/www.divis.eu\\\/?s={search_term_string}\"},\"query-input\":{\"@type\":\"PropertyValueSpecification\",\"valueRequired\":true,\"valueName\":\"search_term_string\"}}],\"inLanguage\":\"en-US\"}]}<\/script>\n<!-- \/ Yoast SEO plugin. -->","yoast_head_json":{"title":"DIVIS News Overview 2018 | CCTV video surveillance in logistics","description":"Interesting news about DIVIS and our products for camera-based shipment tracking in logistics. Compare our solutions with conventional CCTV video surveillance and discover the difference.","robots":{"index":"index","follow":"follow","max-snippet":"max-snippet:-1","max-image-preview":"max-image-preview:large","max-video-preview":"max-video-preview:-1"},"canonical":"https:\/\/www.divis.eu\/en\/divis-news-archive-2018-cctv-video-surveillance-in-logistics\/","og_locale":"en_US","og_type":"article","og_title":"DIVIS News Overview 2018 | CCTV video surveillance in logistics","og_description":"Interesting news about DIVIS and our products for camera-based shipment tracking in logistics. Compare our solutions with conventional CCTV video surveillance and discover the difference.","og_url":"https:\/\/www.divis.eu\/en\/divis-news-archive-2018-cctv-video-surveillance-in-logistics\/","og_site_name":"DIVIS - The intelligent view","article_modified_time":"2022-12-10T20:38:52+00:00","og_image":[{"url":"https:\/\/www.divis.eu\/wp-content\/uploads\/2018\/12\/weihnachtsnewsletter-featured-DE.gif","type":"","width":"","height":""}],"twitter_card":"summary_large_image","twitter_misc":{"Est. reading time":"2 minutes"},"schema":{"@context":"https:\/\/schema.org","@graph":[{"@type":"WebPage","@id":"https:\/\/www.divis.eu\/en\/divis-news-archive-2018-cctv-video-surveillance-in-logistics\/","url":"https:\/\/www.divis.eu\/en\/divis-news-archive-2018-cctv-video-surveillance-in-logistics\/","name":"DIVIS News Overview 2018 | CCTV video surveillance in logistics","isPartOf":{"@id":"https:\/\/www.divis.eu\/#website"},"primaryImageOfPage":{"@id":"https:\/\/www.divis.eu\/en\/divis-news-archive-2018-cctv-video-surveillance-in-logistics\/#primaryimage"},"image":{"@id":"https:\/\/www.divis.eu\/en\/divis-news-archive-2018-cctv-video-surveillance-in-logistics\/#primaryimage"},"thumbnailUrl":"https:\/\/www.divis.eu\/wp-content\/uploads\/2018\/12\/weihnachtsnewsletter-featured-DE.gif","datePublished":"2019-01-05T03:44:24+00:00","dateModified":"2022-12-10T20:38:52+00:00","description":"Interesting news about DIVIS and our products for camera-based shipment tracking in logistics. Compare our solutions with conventional CCTV video surveillance and discover the difference.","breadcrumb":{"@id":"https:\/\/www.divis.eu\/en\/divis-news-archive-2018-cctv-video-surveillance-in-logistics\/#breadcrumb"},"inLanguage":"en-US","potentialAction":[{"@type":"ReadAction","target":["https:\/\/www.divis.eu\/en\/divis-news-archive-2018-cctv-video-surveillance-in-logistics\/"]}]},{"@type":"ImageObject","inLanguage":"en-US","@id":"https:\/\/www.divis.eu\/en\/divis-news-archive-2018-cctv-video-surveillance-in-logistics\/#primaryimage","url":"https:\/\/www.divis.eu\/wp-content\/uploads\/2018\/12\/weihnachtsnewsletter-featured-DE.gif","contentUrl":"https:\/\/www.divis.eu\/wp-content\/uploads\/2018\/12\/weihnachtsnewsletter-featured-DE.gif"},{"@type":"BreadcrumbList","@id":"https:\/\/www.divis.eu\/en\/divis-news-archive-2018-cctv-video-surveillance-in-logistics\/#breadcrumb","itemListElement":[{"@type":"ListItem","position":1,"name":"Startseite","item":"https:\/\/www.divis.eu\/en\/"},{"@type":"ListItem","position":2,"name":"DIVIS News Archive 2018 | CCTV video surveillance in logistics"}]},{"@type":"WebSite","@id":"https:\/\/www.divis.eu\/#website","url":"https:\/\/www.divis.eu\/","name":"DIVIS - The intelligent view","description":"Videosysteml\u00f6sungen f\u00fcr Umschlags- und Warenlager","potentialAction":[{"@type":"SearchAction","target":{"@type":"EntryPoint","urlTemplate":"https:\/\/www.divis.eu\/?s={search_term_string}"},"query-input":{"@type":"PropertyValueSpecification","valueRequired":true,"valueName":"search_term_string"}}],"inLanguage":"en-US"}]}},"_links":{"self":[{"href":"https:\/\/www.divis.eu\/en\/wp-json\/wp\/v2\/pages\/12975","targetHints":{"allow":["GET"]}}],"collection":[{"href":"https:\/\/www.divis.eu\/en\/wp-json\/wp\/v2\/pages"}],"about":[{"href":"https:\/\/www.divis.eu\/en\/wp-json\/wp\/v2\/types\/page"}],"author":[{"embeddable":true,"href":"https:\/\/www.divis.eu\/en\/wp-json\/wp\/v2\/users\/1"}],"replies":[{"embeddable":true,"href":"https:\/\/www.divis.eu\/en\/wp-json\/wp\/v2\/comments?post=12975"}],"version-history":[{"count":0,"href":"https:\/\/www.divis.eu\/en\/wp-json\/wp\/v2\/pages\/12975\/revisions"}],"wp:attachment":[{"href":"https:\/\/www.divis.eu\/en\/wp-json\/wp\/v2\/media?parent=12975"}],"curies":[{"name":"wp","href":"https:\/\/api.w.org\/{rel}","templated":true}]}}