{"id":15804,"date":"2019-07-14T15:47:45","date_gmt":"2019-07-14T15:47:45","guid":{"rendered":"https:\/\/www.divis.eu\/divis-newsarchiv-2014-cctv-kameraueberwachung-in-der-logistik\/"},"modified":"2022-12-10T20:36:12","modified_gmt":"2022-12-10T20:36:12","slug":"divis-news-archive-2014-cctv-camera-surveillance-in-logistics","status":"publish","type":"page","link":"https:\/\/www.divis.eu\/en\/divis-news-archive-2014-cctv-camera-surveillance-in-logistics\/","title":{"rendered":"DIVIS News Archive 2014 | CCTV camera surveillance in logistics"},"content":{"rendered":"\n<h1>\n\t\tNews-Archiv 2014\n\t<\/h1>\n\t\t\t\t\t\t<h4>\n\t\t\t\t<a href=\"https:\/\/www.divis.eu\/logimat-2014-drei-erfolgreiche-messetage\/\" title=\"Logimat 2014 \u2013 Drei erfolgreiche Messetage\" tabindex=\"0\">Logimat 2014 \u2013 Drei erfolgreiche Messetage<\/a>\t\t\t<\/h4>\n\t\t\t\t\t\t\t\tWir haben uns \u00fcber die guten Gespr\u00e4che mit Interessenten, Kunden und Partnern w\u00e4hrend der Logimat 2014 sehr gefreut. Nach der Messe warten auf uns jetzt spannende Projekte mit neuen und interessanten L\u00f6sungen f\u00fcr Ihren logistischen Erfolg &#8230;\n\t\t\t<a href=\"https:\/\/www.divis.eu\/logimat-2014-drei-erfolgreiche-messetage\/\" target=\"_self\" role=\"button\" aria-label=\"Weiterlesen\" rel=\"noopener\">\n\t\t\t\t\t\t\tWeiterlesen\n\t\t<\/a>\n\t\t\t\t\t\t<h4>\n\t\t\t\t<a href=\"https:\/\/www.divis.eu\/load-im-erfolgreichen-einsatz\/\" title=\"Load+ im erfolgreichen Einsatz\" tabindex=\"0\">Load<sup>+<\/sup> im erfolgreichen Einsatz<\/a>\t\t\t<\/h4>\n\t\t\t\t\t\t\t\tMit der Load<sup>+<\/sup> Funktion steht jetzt im Hause Wackler ein neues Tool zur Tourenoptimierung und Kontrolle der Ladungssicherung zur Verf\u00fcgung &#8230;\n\t\t\t<a href=\"https:\/\/www.divis.eu\/load-im-erfolgreichen-einsatz\/\" target=\"_self\" role=\"button\" aria-label=\"Weiterlesen\" rel=\"noopener\">\n\t\t\t\t\t\t\tWeiterlesen\n\t\t<\/a>\n\t\t<h3>\n\t\tArchiv\n\t<\/h3>\n\t\t\t\t\t<ul id=\"menu-newsarchiv-menu-de\"><li id=\"menu-item-25094\"><a href=\"https:\/\/www.divis.eu\/divis-newsarchiv-2021-videoueberwachung-in-der-logistik\/\">Newsarchiv 2021<\/a><\/li>\n<li id=\"menu-item-21308\"><a href=\"https:\/\/www.divis.eu\/divis-newsarchiv-2020-videoueberwachung-in-der-logistik\/\">Newsarchiv 2020<\/a><\/li>\n<li id=\"menu-item-18113\"><a href=\"https:\/\/www.divis.eu\/divis-newsarchiv-2019-videoueberwachung-in-der-logistik\/\">Newsarchiv 2019<\/a><\/li>\n<li id=\"menu-item-12981\"><a href=\"https:\/\/www.divis.eu\/divis-newsarchiv-2018-cctv-videoueberwachung-in-der-logistik\/\">Newsarchiv 2018<\/a><\/li>\n<li id=\"menu-item-7226\"><a href=\"https:\/\/www.divis.eu\/divis-newsarchiv-2017-cctv-kameraueberwachung\/\">Newsarchiv 2017<\/a><\/li>\n<li id=\"menu-item-7227\"><a href=\"https:\/\/www.divis.eu\/divis-newsarchiv-2016-warenverfolgung-im-lager\/\">Newsarchiv 2016<\/a><\/li>\n<li id=\"menu-item-15799\"><a href=\"https:\/\/www.divis.eu\/divis-newsarchiv-2015-warenverfolgung-im-lager\/\">Newsarchiv 2015<\/a><\/li>\n<li id=\"menu-item-15798\"><a href=\"https:\/\/www.divis.eu\/divis-newsarchiv-2014-cctv-kameraueberwachung-in-der-logistik\/\">Newsarchiv 2014<\/a><\/li>\n<li id=\"menu-item-15797\"><a href=\"https:\/\/www.divis.eu\/divis-newsarchiv-2013-warenverfolgung-im-lager\/\">Newsarchiv 2013<\/a><\/li>\n<li id=\"menu-item-15796\"><a href=\"https:\/\/www.divis.eu\/divis-newsarchiv-2012-cctv-videoueberwachung-in-der-logistik\/\">Newsarchiv 2012<\/a><\/li>\n<\/ul>\t\n\t\t\t\t<img decoding=\"async\" src=\"https:\/\/www.divis.eu\/wp-content\/uploads\/2018\/01\/kundenlogo-CTL-1.png\" alt=\"CTL | DIVIS Kunde\" itemprop=\"image\" height=\"51\" width=\"120\" title=\"kundenlogo-CTL\" onerror=\"this.style.display='none'\">\n\t\t\t\t<img decoding=\"async\" src=\"https:\/\/www.divis.eu\/wp-content\/uploads\/2018\/01\/kundenlogo-dpd.png\" alt=\"kundenlogo-dpd\" itemprop=\"image\" height=\"51\" width=\"120\" title=\"kundenlogo-dpd\" onerror=\"this.style.display='none'\">\n\t\t\t\t<img decoding=\"async\" src=\"https:\/\/www.divis.eu\/wp-content\/uploads\/2018\/01\/kundenlogo-emons.png\" alt=\"Emons | DIVIS-Kunde\" itemprop=\"image\" height=\"51\" width=\"120\" title=\"kundenlogo-emons\" onerror=\"this.style.display='none'\">\n\t\t\t\t<img decoding=\"async\" src=\"https:\/\/www.divis.eu\/wp-content\/uploads\/2018\/01\/kundenlogo-online.png\" alt=\"kundenlogo-online\" itemprop=\"image\" height=\"51\" width=\"120\" title=\"kundenlogo-online\" onerror=\"this.style.display='none'\">\n\t\t\t\t<img decoding=\"async\" src=\"https:\/\/www.divis.eu\/wp-content\/uploads\/2018\/01\/kundenlogo-rhenus.png\" alt=\"Rhenus Logistics | DIVIS-Kunde\" title=\"kundenlogo-rhenus\" itemprop=\"image\">\n\t\t\t\t<img decoding=\"async\" src=\"https:\/\/www.divis.eu\/wp-content\/uploads\/2018\/01\/kundenlogo-tsb.png\" alt=\"kundenlogo-tsb\" itemprop=\"image\" height=\"51\" width=\"120\" title=\"kundenlogo-tsb\" onerror=\"this.style.display='none'\">\n\t\t\t\t<img decoding=\"async\" src=\"https:\/\/www.divis.eu\/wp-content\/uploads\/2018\/01\/kundenlogo-gebrueder-weiss.png\" alt=\"Gebr\u00fcder Weiss | DIVIS-Kunde\" itemprop=\"image\" height=\"51\" width=\"150\" title=\"kundenlogo-gebrueder-weiss\" onerror=\"this.style.display='none'\">\n\t\t\t\t<img decoding=\"async\" src=\"https:\/\/www.divis.eu\/wp-content\/uploads\/2018\/01\/kundenlogo-tchibo.png\" alt=\"Tchibo | DIVIS-Kunde\" title=\"kundenlogo-tchibo\" itemprop=\"image\">\n\t\t\t\t<img decoding=\"async\" src=\"https:\/\/www.divis.eu\/wp-content\/uploads\/2018\/01\/kundenlogo-24plus.png\" alt=\"kundenlogo-24plus\" itemprop=\"image\" height=\"51\" width=\"120\" title=\"kundenlogo-24plus\" onerror=\"this.style.display='none'\">\n\t\t\t\t<img decoding=\"async\" src=\"https:\/\/www.divis.eu\/wp-content\/uploads\/2018\/01\/kundenlogo-transoflex-3.png\" alt=\"kundenlogo-transoflex\" title=\"kundenlogo-transoflex\" itemprop=\"image\">\n\t\t\t\t<img decoding=\"async\" src=\"https:\/\/www.divis.eu\/wp-content\/uploads\/2018\/01\/kundenlogo-geis.png\" alt=\"Spedition Geis | DIVIS-Kunde\" title=\"kundenlogo-geis\" itemprop=\"image\">\n\t\t\t\t<img decoding=\"async\" src=\"https:\/\/www.divis.eu\/wp-content\/uploads\/2018\/01\/kundenlogo-zufall.png\" alt=\"kundenlogo-zufall\" itemprop=\"image\" height=\"51\" width=\"120\" title=\"kundenlogo-zufall\" onerror=\"this.style.display='none'\">\n","protected":false},"excerpt":{"rendered":"<p>News-Archiv 2014 Logimat 2014 \u2013 Drei erfolgreiche Messetage Wir haben uns \u00fcber die guten Gespr\u00e4che mit Interessenten, Kunden und Partnern w\u00e4hrend der Logimat 2014 sehr gefreut. Nach der Messe warten auf uns jetzt spannende Projekte mit neuen und interessanten L\u00f6sungen f\u00fcr Ihren logistischen Erfolg &#8230; Weiterlesen Load+ im erfolgreichen Einsatz Mit der Load+ Funktion steht&hellip;<\/p>\n","protected":false},"author":1,"featured_media":0,"parent":0,"menu_order":0,"comment_status":"closed","ping_status":"closed","template":"","meta":{"footnotes":""},"class_list":["post-15804","page","type-page","status-publish","hentry"],"yoast_head":"<!-- This site is optimized with the Yoast SEO plugin v27.4 - https:\/\/yoast.com\/product\/yoast-seo-wordpress\/ -->\n<title>DIVIS News Overview 2014 | CCTV camera surveillance in logistics<\/title>\n<meta name=\"description\" content=\"Interesting news about DIVIS and our products for camera-based consignment tracking in logistics. Compare our solutions to traditional CCTV camera surveillance and discover the difference. Here you will find our news.\" \/>\n<meta name=\"robots\" content=\"index, follow, max-snippet:-1, max-image-preview:large, max-video-preview:-1\" \/>\n<link rel=\"canonical\" href=\"https:\/\/www.divis.eu\/en\/divis-news-archive-2014-cctv-camera-surveillance-in-logistics\/\" \/>\n<meta property=\"og:locale\" content=\"en_US\" \/>\n<meta property=\"og:type\" content=\"article\" \/>\n<meta property=\"og:title\" content=\"DIVIS News Overview 2014 | CCTV camera surveillance in logistics\" \/>\n<meta property=\"og:description\" content=\"Interesting news about DIVIS and our products for camera-based consignment tracking in logistics. Compare our solutions to traditional CCTV camera surveillance and discover the difference. Here you will find our news.\" \/>\n<meta property=\"og:url\" content=\"https:\/\/www.divis.eu\/en\/divis-news-archive-2014-cctv-camera-surveillance-in-logistics\/\" \/>\n<meta property=\"og:site_name\" content=\"DIVIS - The intelligent view\" \/>\n<meta property=\"article:modified_time\" content=\"2022-12-10T20:36:12+00:00\" \/>\n<meta property=\"og:image\" content=\"https:\/\/www.divis.eu\/wp-content\/uploads\/2018\/01\/kundenlogo-CTL-1.png\" \/>\n<meta name=\"twitter:card\" content=\"summary_large_image\" \/>\n<script type=\"application\/ld+json\" class=\"yoast-schema-graph\">{\"@context\":\"https:\\\/\\\/schema.org\",\"@graph\":[{\"@type\":\"WebPage\",\"@id\":\"https:\\\/\\\/www.divis.eu\\\/en\\\/divis-news-archive-2014-cctv-camera-surveillance-in-logistics\\\/\",\"url\":\"https:\\\/\\\/www.divis.eu\\\/en\\\/divis-news-archive-2014-cctv-camera-surveillance-in-logistics\\\/\",\"name\":\"DIVIS News Overview 2014 | CCTV camera surveillance in logistics\",\"isPartOf\":{\"@id\":\"https:\\\/\\\/www.divis.eu\\\/#website\"},\"primaryImageOfPage\":{\"@id\":\"https:\\\/\\\/www.divis.eu\\\/en\\\/divis-news-archive-2014-cctv-camera-surveillance-in-logistics\\\/#primaryimage\"},\"image\":{\"@id\":\"https:\\\/\\\/www.divis.eu\\\/en\\\/divis-news-archive-2014-cctv-camera-surveillance-in-logistics\\\/#primaryimage\"},\"thumbnailUrl\":\"https:\\\/\\\/www.divis.eu\\\/wp-content\\\/uploads\\\/2018\\\/01\\\/kundenlogo-CTL-1.png\",\"datePublished\":\"2019-07-14T15:47:45+00:00\",\"dateModified\":\"2022-12-10T20:36:12+00:00\",\"description\":\"Interesting news about DIVIS and our products for camera-based consignment tracking in logistics. Compare our solutions to traditional CCTV camera surveillance and discover the difference. Here you will find our news.\",\"breadcrumb\":{\"@id\":\"https:\\\/\\\/www.divis.eu\\\/en\\\/divis-news-archive-2014-cctv-camera-surveillance-in-logistics\\\/#breadcrumb\"},\"inLanguage\":\"en-US\",\"potentialAction\":[{\"@type\":\"ReadAction\",\"target\":[\"https:\\\/\\\/www.divis.eu\\\/en\\\/divis-news-archive-2014-cctv-camera-surveillance-in-logistics\\\/\"]}]},{\"@type\":\"ImageObject\",\"inLanguage\":\"en-US\",\"@id\":\"https:\\\/\\\/www.divis.eu\\\/en\\\/divis-news-archive-2014-cctv-camera-surveillance-in-logistics\\\/#primaryimage\",\"url\":\"https:\\\/\\\/www.divis.eu\\\/wp-content\\\/uploads\\\/2018\\\/01\\\/kundenlogo-CTL-1.png\",\"contentUrl\":\"https:\\\/\\\/www.divis.eu\\\/wp-content\\\/uploads\\\/2018\\\/01\\\/kundenlogo-CTL-1.png\"},{\"@type\":\"BreadcrumbList\",\"@id\":\"https:\\\/\\\/www.divis.eu\\\/en\\\/divis-news-archive-2014-cctv-camera-surveillance-in-logistics\\\/#breadcrumb\",\"itemListElement\":[{\"@type\":\"ListItem\",\"position\":1,\"name\":\"Startseite\",\"item\":\"https:\\\/\\\/www.divis.eu\\\/en\\\/\"},{\"@type\":\"ListItem\",\"position\":2,\"name\":\"DIVIS News Archive 2014 | CCTV camera surveillance in logistics\"}]},{\"@type\":\"WebSite\",\"@id\":\"https:\\\/\\\/www.divis.eu\\\/#website\",\"url\":\"https:\\\/\\\/www.divis.eu\\\/\",\"name\":\"DIVIS - The intelligent view\",\"description\":\"Videosysteml\u00f6sungen f\u00fcr Umschlags- und Warenlager\",\"potentialAction\":[{\"@type\":\"SearchAction\",\"target\":{\"@type\":\"EntryPoint\",\"urlTemplate\":\"https:\\\/\\\/www.divis.eu\\\/?s={search_term_string}\"},\"query-input\":{\"@type\":\"PropertyValueSpecification\",\"valueRequired\":true,\"valueName\":\"search_term_string\"}}],\"inLanguage\":\"en-US\"}]}<\/script>\n<!-- \/ Yoast SEO plugin. -->","yoast_head_json":{"title":"DIVIS News Overview 2014 | CCTV camera surveillance in logistics","description":"Interesting news about DIVIS and our products for camera-based consignment tracking in logistics. Compare our solutions to traditional CCTV camera surveillance and discover the difference. Here you will find our news.","robots":{"index":"index","follow":"follow","max-snippet":"max-snippet:-1","max-image-preview":"max-image-preview:large","max-video-preview":"max-video-preview:-1"},"canonical":"https:\/\/www.divis.eu\/en\/divis-news-archive-2014-cctv-camera-surveillance-in-logistics\/","og_locale":"en_US","og_type":"article","og_title":"DIVIS News Overview 2014 | CCTV camera surveillance in logistics","og_description":"Interesting news about DIVIS and our products for camera-based consignment tracking in logistics. Compare our solutions to traditional CCTV camera surveillance and discover the difference. Here you will find our news.","og_url":"https:\/\/www.divis.eu\/en\/divis-news-archive-2014-cctv-camera-surveillance-in-logistics\/","og_site_name":"DIVIS - The intelligent view","article_modified_time":"2022-12-10T20:36:12+00:00","og_image":[{"url":"https:\/\/www.divis.eu\/wp-content\/uploads\/2018\/01\/kundenlogo-CTL-1.png","type":"","width":"","height":""}],"twitter_card":"summary_large_image","schema":{"@context":"https:\/\/schema.org","@graph":[{"@type":"WebPage","@id":"https:\/\/www.divis.eu\/en\/divis-news-archive-2014-cctv-camera-surveillance-in-logistics\/","url":"https:\/\/www.divis.eu\/en\/divis-news-archive-2014-cctv-camera-surveillance-in-logistics\/","name":"DIVIS News Overview 2014 | CCTV camera surveillance in logistics","isPartOf":{"@id":"https:\/\/www.divis.eu\/#website"},"primaryImageOfPage":{"@id":"https:\/\/www.divis.eu\/en\/divis-news-archive-2014-cctv-camera-surveillance-in-logistics\/#primaryimage"},"image":{"@id":"https:\/\/www.divis.eu\/en\/divis-news-archive-2014-cctv-camera-surveillance-in-logistics\/#primaryimage"},"thumbnailUrl":"https:\/\/www.divis.eu\/wp-content\/uploads\/2018\/01\/kundenlogo-CTL-1.png","datePublished":"2019-07-14T15:47:45+00:00","dateModified":"2022-12-10T20:36:12+00:00","description":"Interesting news about DIVIS and our products for camera-based consignment tracking in logistics. Compare our solutions to traditional CCTV camera surveillance and discover the difference. Here you will find our news.","breadcrumb":{"@id":"https:\/\/www.divis.eu\/en\/divis-news-archive-2014-cctv-camera-surveillance-in-logistics\/#breadcrumb"},"inLanguage":"en-US","potentialAction":[{"@type":"ReadAction","target":["https:\/\/www.divis.eu\/en\/divis-news-archive-2014-cctv-camera-surveillance-in-logistics\/"]}]},{"@type":"ImageObject","inLanguage":"en-US","@id":"https:\/\/www.divis.eu\/en\/divis-news-archive-2014-cctv-camera-surveillance-in-logistics\/#primaryimage","url":"https:\/\/www.divis.eu\/wp-content\/uploads\/2018\/01\/kundenlogo-CTL-1.png","contentUrl":"https:\/\/www.divis.eu\/wp-content\/uploads\/2018\/01\/kundenlogo-CTL-1.png"},{"@type":"BreadcrumbList","@id":"https:\/\/www.divis.eu\/en\/divis-news-archive-2014-cctv-camera-surveillance-in-logistics\/#breadcrumb","itemListElement":[{"@type":"ListItem","position":1,"name":"Startseite","item":"https:\/\/www.divis.eu\/en\/"},{"@type":"ListItem","position":2,"name":"DIVIS News Archive 2014 | CCTV camera surveillance in logistics"}]},{"@type":"WebSite","@id":"https:\/\/www.divis.eu\/#website","url":"https:\/\/www.divis.eu\/","name":"DIVIS - The intelligent view","description":"Videosysteml\u00f6sungen f\u00fcr Umschlags- und Warenlager","potentialAction":[{"@type":"SearchAction","target":{"@type":"EntryPoint","urlTemplate":"https:\/\/www.divis.eu\/?s={search_term_string}"},"query-input":{"@type":"PropertyValueSpecification","valueRequired":true,"valueName":"search_term_string"}}],"inLanguage":"en-US"}]}},"_links":{"self":[{"href":"https:\/\/www.divis.eu\/en\/wp-json\/wp\/v2\/pages\/15804","targetHints":{"allow":["GET"]}}],"collection":[{"href":"https:\/\/www.divis.eu\/en\/wp-json\/wp\/v2\/pages"}],"about":[{"href":"https:\/\/www.divis.eu\/en\/wp-json\/wp\/v2\/types\/page"}],"author":[{"embeddable":true,"href":"https:\/\/www.divis.eu\/en\/wp-json\/wp\/v2\/users\/1"}],"replies":[{"embeddable":true,"href":"https:\/\/www.divis.eu\/en\/wp-json\/wp\/v2\/comments?post=15804"}],"version-history":[{"count":0,"href":"https:\/\/www.divis.eu\/en\/wp-json\/wp\/v2\/pages\/15804\/revisions"}],"wp:attachment":[{"href":"https:\/\/www.divis.eu\/en\/wp-json\/wp\/v2\/media?parent=15804"}],"curies":[{"name":"wp","href":"https:\/\/api.w.org\/{rel}","templated":true}]}}