{"id":19616,"date":"2020-07-21T18:37:33","date_gmt":"2020-07-21T18:37:33","guid":{"rendered":"https:\/\/www.divis.eu\/divis-produkt-tipps-cargovis-videogestuetzte-warenverfolgung\/"},"modified":"2020-07-29T03:47:47","modified_gmt":"2020-07-29T03:47:47","slug":"divis-produkt-tipps-cargovis-videogestuetzte-warenverfolgung","status":"publish","type":"page","link":"https:\/\/www.divis.eu\/en\/divis-produkt-tipps-cargovis-videogestuetzte-warenverfolgung\/","title":{"rendered":"DIVIS Produkt-Tipps | CargoVIS | Videogest\u00fctzte Warenverfolgung"},"content":{"rendered":"<h3>\n\t\tDIVIS\n\t<\/h3>\n<h2>\n\t\tProduct Tips\n\t<\/h2>\n\t\t\t\t<a href=\"https:\/\/www.divis.eu\/en\/newsletter-sign-up-process-optimization-warehouse\/\" target=\"_self\" itemprop=\"url\" rel=\"noopener noreferrer\">\n\t\t\t\t<img decoding=\"async\" src=\"https:\/\/www.divis.eu\/wp-content\/uploads\/2018\/03\/sprechblase-newsletter-en.png\" alt=\"Newsletter Sign-up | DIVIS | Video solutions for Logistics\" title=\"sprechblase-newsletter-en\" itemprop=\"image\"  \/>\n\t\t\t\t\t\t<\/a>\n\t\t\t\t\t<ul id=\"menu-en-tips-info\"><li id=\"menu-item-7272\"><a href=\"https:\/\/www.divis.eu\/en\/divis-latest-news-camera-based-consignment-tracking-in-logistics\/\">Latest News<\/a><\/li>\n<li id=\"menu-item-7343\"><a href=\"https:\/\/www.divis.eu\/en\/product-tips-video-based-parcel-tracking\/\">Product Tips<\/a><\/li>\n<li id=\"menu-item-7377\"><a href=\"https:\/\/www.divis.eu\/en\/divis-general-info-image-based-parcel-tracking\/\">Worth Knowing<\/a><\/li>\n<\/ul>\t\n\t\t\t\t<img decoding=\"async\" src=\"https:\/\/www.divis.eu\/wp-content\/uploads\/2018\/01\/logo-cargovis.png\" alt=\"Videol\u00f6sungen f\u00fcr die Logistik - Video Management Software f\u00fcr Umschlagslager\" title=\"logo-cargovis\" itemprop=\"image\"  \/>\n<h1>\n\t\tTips and tricks for our CargoVIS software\n\t<\/h1>\n\t<p>Useful application tips for users of our video management software for transshipment warehouses<\/p>\n\t<h3>\n\t\t\t\tFILTER ENTRIES\n\t\t\t<\/h3>\n\t\t\t\t\t<ul id=\"menu-cargovis-menu-english\"><li id=\"menu-item-4920\"><a href=\"https:\/\/www.divis.eu\/en\/cargovis-video-management-software-transshipment-warehouses\/\">Overview<\/a><\/li>\n<li id=\"menu-item-4921\"><a href=\"https:\/\/www.divis.eu\/en\/cargovis-video-surveillance-goods-tracking\/\">Research in CargoVIS<\/a><\/li>\n<li id=\"menu-item-5488\"><a href=\"https:\/\/www.divis.eu\/en\/cargovis-product-video-visual-shipment-tracking\/\">CargoVIS Product Video<\/a><\/li>\n<\/ul>\t\n\t\t\t<a href=\"#\" target=\"_self\" role=\"button\" rel=\"noopener noreferrer\">\n\t\t\t\t\t\t\tReset filter\n\t\t\t\t\t<\/a>\n\t<h3>\n\t\t\t\tSEARCH ENTRIES BY KEYWORD\n\t\t\t<\/h3>\n\t<p>[ivory-search id=&#8221;19572&#8243; title=&#8221;Default Search Form&#8221;]<\/p>\n\t\t\t\t\t\t\t\t\t\t\t\t\t\t<a href=\"https:\/\/www.divis.eu\/en\/start-live-support-directly-from-the-cargovis-parcelvis-software\/\" target=\"_self\" title=\"Start live support directly from the CargoVIS &#038; ParcelVIS software\" rel=\"noopener noreferrer\">\n\t\t\t\t<img decoding=\"async\" src=\"https:\/\/www.divis.eu\/wp-content\/uploads\/2020\/06\/tipp-des-monats7-en-featured.gif\" alt=\"\" \/>\n\t\t\t\t<\/a>\n\t\t\t\t\t\t<h4>\n\t\t\t\t<a href=https:\/\/www.divis.eu\/en\/start-live-support-directly-from-the-cargovis-parcelvis-software\/ title=\"Start live support directly from the CargoVIS &#038; ParcelVIS software\" tabindex=\"0\">Start live support directly from the CargoVIS &#038; ParcelVIS software<\/a>\t\t\t<\/h4>\n\t\t\t\t\t\t\t\tCargoVIS and ParcelVIS offer the possibility to start a session with our live support via TeamViewer directly from the software. Find out how this works in Tip of the Month today.\n\t\t\t<a href=\"https:\/\/www.divis.eu\/en\/start-live-support-directly-from-the-cargovis-parcelvis-software\/\" target=\"_self\" role=\"button\" rel=\"noopener noreferrer\">\n\t\t\t\t\t\t\tRead more\n\t\t<\/a>\n\t\t\t\t\t\t\t\t\t\t\t\t\t\t<a href=\"https:\/\/www.divis.eu\/en\/site-plan-overview-for-your-logistics-hall-or-your-parcel-depot\/\" target=\"_self\" title=\"Site plan overview for your logistics hall or your parcel depot\" rel=\"noopener noreferrer\">\n\t\t\t\t<img decoding=\"async\" src=\"https:\/\/www.divis.eu\/wp-content\/uploads\/2020\/05\/divis-tdm-062020-featured-EN.gif\" alt=\"\" \/>\n\t\t\t\t<\/a>\n\t\t\t\t\t\t<h4>\n\t\t\t\t<a href=https:\/\/www.divis.eu\/en\/site-plan-overview-for-your-logistics-hall-or-your-parcel-depot\/ title=\"Site plan overview for your logistics hall or your parcel depot\" tabindex=\"0\">Site plan overview for your logistics hall or your parcel depot<\/a>\t\t\t<\/h4>\n\t\t\t\t\t\t\t\tThe site plan overview in the CargoVIS and ParcelVIS software offers an optimal overview of your logistics hall or your parcel depot. We show you this feature in detail today. \n\t\t\t<a href=\"https:\/\/www.divis.eu\/en\/site-plan-overview-for-your-logistics-hall-or-your-parcel-depot\/\" target=\"_self\" role=\"button\" rel=\"noopener noreferrer\">\n\t\t\t\t\t\t\tRead more\n\t\t<\/a>\n\t\t\t\t\t\t\t\t\t\t\t\t\t\t<a href=\"https:\/\/www.divis.eu\/en\/search-quickly-and-easily-in-the-360-view-with-the-z-key-zoom\/\" target=\"_self\" title=\"Search quickly and easily in the 360\u00b0 view with the Z-key zoom\" rel=\"noopener noreferrer\">\n\t\t\t\t<img decoding=\"async\" src=\"https:\/\/www.divis.eu\/wp-content\/uploads\/2020\/04\/tdm-052020-featured-en.gif\" alt=\"\" \/>\n\t\t\t\t<\/a>\n\t\t\t\t\t\t<h4>\n\t\t\t\t<a href=https:\/\/www.divis.eu\/en\/search-quickly-and-easily-in-the-360-view-with-the-z-key-zoom\/ title=\"Search quickly and easily in the 360\u00b0 view with the Z-key zoom\" tabindex=\"0\">Search quickly and easily in the 360\u00b0 view with the Z-key zoom<\/a>\t\t\t<\/h4>\n\t\t\t\t\t\t\t\tIn the tip of the month, you can find out today how you can quickly and easily search for shipments using the Z-key in the image display of your 360\u00b0 panorama camera.\n\t\t\t<a href=\"https:\/\/www.divis.eu\/en\/search-quickly-and-easily-in-the-360-view-with-the-z-key-zoom\/\" target=\"_self\" role=\"button\" rel=\"noopener noreferrer\">\n\t\t\t\t\t\t\tRead more\n\t\t<\/a>\n\t\t\t\t\t\t\t\t\t\t\t\t\t\t<a href=\"https:\/\/www.divis.eu\/en\/motion-analysis-of-consignments-get-your-search-results-faster-with-motion\/\" target=\"_self\" title=\"Motion analysis of consignments &#8211; Get your search results faster with Motion+\" rel=\"noopener noreferrer\">\n\t\t\t\t<img decoding=\"async\" src=\"https:\/\/www.divis.eu\/wp-content\/uploads\/2020\/02\/tdm-featured-en.jpg\" alt=\"DIVIS Tip of the month\" \/>\n\t\t\t\t<\/a>\n\t\t\t\t\t\t<h4>\n\t\t\t\t<a href=https:\/\/www.divis.eu\/en\/motion-analysis-of-consignments-get-your-search-results-faster-with-motion\/ title=\"Motion analysis of consignments &#8211; Get your search results faster with Motion+\" tabindex=\"0\">Motion analysis of consignments &#8211; Get your search results faster with Motion<sup>+<\/sup><\/a>\t\t\t<\/h4>\n\t\t\t\t\t\t\t\tWith Motion<sup>+<\/sup> in CargoVIS and ParcelVIS, you can get to your search results really fast. Today, we explain how to do it.\n\t\t\t<a href=\"https:\/\/www.divis.eu\/en\/motion-analysis-of-consignments-get-your-search-results-faster-with-motion\/\" target=\"_self\" role=\"button\" rel=\"noopener noreferrer\">\n\t\t\t\t\t\t\tRead more\n\t\t<\/a>\n\t\t\t\t\t\t\t\t\t\t\t\t\t\t<a href=\"https:\/\/www.divis.eu\/en\/shipment-research-started-directly-from-the-freight-forwarding-software-with-link\/\" target=\"_self\" title=\"Shipment research started directly from the freight forwarding software with Link+\" rel=\"noopener noreferrer\">\n\t\t\t\t<img decoding=\"async\" src=\"https:\/\/www.divis.eu\/wp-content\/uploads\/2020\/01\/TDM-EN-2.png\" alt=\"\" \/>\n\t\t\t\t<\/a>\n\t\t\t\t\t\t<h4>\n\t\t\t\t<a href=https:\/\/www.divis.eu\/en\/shipment-research-started-directly-from-the-freight-forwarding-software-with-link\/ title=\"Shipment research started directly from the freight forwarding software with Link+\" tabindex=\"0\">Shipment research started directly from the freight forwarding software with Link<sup>+<\/sup><\/a>\t\t\t<\/h4>\n\t\t\t\t\t\t\t\tThe tip of the month tells you the ideal settings in CargoVIS to start the shipment research directly from the shipping software using our Plus<sup>+<\/sup> function Link<sup>+<\/sup>.\n\t\t\t<a href=\"https:\/\/www.divis.eu\/en\/shipment-research-started-directly-from-the-freight-forwarding-software-with-link\/\" target=\"_self\" role=\"button\" rel=\"noopener noreferrer\">\n\t\t\t\t\t\t\tRead more\n\t\t<\/a>\n\t\t\t\t\t\t\t\t\t\t\t\t\t\t<a href=\"https:\/\/www.divis.eu\/en\/how-to-use-letter-templates-in-parcelvis-and-cargovis\/\" target=\"_self\" title=\"How to use letter templates in ParcelVIS and CargoVIS\" rel=\"noopener noreferrer\">\n\t\t\t\t<img decoding=\"async\" src=\"https:\/\/www.divis.eu\/wp-content\/uploads\/2019\/10\/tdm-nov-featured-en-1.gif\" alt=\"Letter templates in ParcelVIS and CargoVIS\" \/>\n\t\t\t\t<\/a>\n\t\t\t\t\t\t<h4>\n\t\t\t\t<a href=https:\/\/www.divis.eu\/en\/how-to-use-letter-templates-in-parcelvis-and-cargovis\/ title=\"How to use letter templates in ParcelVIS and CargoVIS\" tabindex=\"0\">How to use letter templates in ParcelVIS and CargoVIS<\/a>\t\t\t<\/h4>\n\t\t\t\t\t\t\t\tParcelVIS and CargoVIS offer the possibility to create ready-made cover letters, for example, to communicate the image documentation of damage to a package &#8230;\n\t\t\t<a href=\"https:\/\/www.divis.eu\/en\/how-to-use-letter-templates-in-parcelvis-and-cargovis\/\" target=\"_self\" role=\"button\" rel=\"noopener noreferrer\">\n\t\t\t\t\t\t\tRead more\n\t\t<\/a>\n\t\t\t\t\t\t\t\t\t\t\t\t\t\t<a href=\"https:\/\/www.divis.eu\/en\/active-directory-linking-in-cargovis-and-parcelvis\/\" target=\"_self\" title=\"Active Directory linking in CargoVIS and ParcelVIS\" rel=\"noopener noreferrer\">\n\t\t\t\t<img decoding=\"async\" src=\"https:\/\/www.divis.eu\/wp-content\/uploads\/2019\/10\/active-directory-anbindung-featured.gif\" alt=\"Einbinden von Briefvorlagen in ParcelVIS und CargoVIS\" \/>\n\t\t\t\t<\/a>\n\t\t\t\t\t\t<h4>\n\t\t\t\t<a href=https:\/\/www.divis.eu\/en\/active-directory-linking-in-cargovis-and-parcelvis\/ title=\"Active Directory linking in CargoVIS and ParcelVIS\" tabindex=\"0\">Active Directory linking in CargoVIS and ParcelVIS<\/a>\t\t\t<\/h4>\n\t\t\t\t\t\t\t\tThe Active Directory linking in CargoVIS and ParcelVIS speeds up login for your employees. The connection provides more overview and simplifies the assignment of user rights.\n\t\t\t<a href=\"https:\/\/www.divis.eu\/en\/active-directory-linking-in-cargovis-and-parcelvis\/\" target=\"_self\" role=\"button\" rel=\"noopener noreferrer\">\n\t\t\t\t\t\t\tRead more\n\t\t<\/a>\n\t\t\t\t\t\t\t\t\t\t\t\t\t\t<a href=\"https:\/\/www.divis.eu\/en\/create-view-and-edit-markers-in-cargovis-and-parcelvis\/\" target=\"_self\" title=\"Create, view and edit markers in CargoVIS and ParcelVIS\" rel=\"noopener noreferrer\">\n\t\t\t\t<img decoding=\"async\" src=\"https:\/\/www.divis.eu\/wp-content\/uploads\/2019\/09\/tipp-des-monats-featured-EN.gif\" alt=\"Create, view and edit markers in CargoVIS and ParcelVIS\" \/>\n\t\t\t\t<\/a>\n\t\t\t\t\t\t<h4>\n\t\t\t\t<a href=https:\/\/www.divis.eu\/en\/create-view-and-edit-markers-in-cargovis-and-parcelvis\/ title=\"Create, view and edit markers in CargoVIS and ParcelVIS\" tabindex=\"0\">Create, view and edit markers in CargoVIS and ParcelVIS<\/a>\t\t\t<\/h4>\n\t\t\t\t\t\t\t\tLearn how to set markers in the live view of CargoVIS and ParcelVIS to quickly find specific sequences in a video clip.\n\t\t\t<a href=\"https:\/\/www.divis.eu\/en\/create-view-and-edit-markers-in-cargovis-and-parcelvis\/\" target=\"_self\" role=\"button\" rel=\"noopener noreferrer\">\n\t\t\t\t\t\t\tRead more\n\t\t<\/a>\n\t\t\t<ul class='page-numbers'>\n\t<li>1<\/li>\n\t<li><a href=\"https:\/\/www.divis.eu\/en\/page\/2\/?page_id=19616&#038;fl_builder\">2<\/a><\/li>\n\t<li><a href=\"https:\/\/www.divis.eu\/en\/page\/3\/?page_id=19616&#038;fl_builder\">3<\/a><\/li>\n\t<li><a href=\"https:\/\/www.divis.eu\/en\/page\/2\/?page_id=19616&#038;fl_builder\">Next &raquo;<\/a><\/li>\n<\/ul>\n\t\t\t\t<img decoding=\"async\" src=\"https:\/\/www.divis.eu\/wp-content\/uploads\/2018\/01\/kundenlogo-CTL.png\" alt=\"kundenlogo-CTL\" itemprop=\"image\" height=\"51\" width=\"120\" title=\"kundenlogo-CTL\" onerror=\"this.style.display='none'\"  \/>\n\t\t\t\t<img decoding=\"async\" src=\"https:\/\/www.divis.eu\/wp-content\/uploads\/2018\/01\/kundenlogo-dpd.png\" alt=\"kundenlogo-dpd\" itemprop=\"image\" height=\"51\" width=\"120\" title=\"kundenlogo-dpd\" onerror=\"this.style.display='none'\"  \/>\n\t\t\t\t<img decoding=\"async\" src=\"https:\/\/www.divis.eu\/wp-content\/uploads\/2018\/01\/kundenlogo-panalpina.png\" alt=\"kundenlogo-panalpina\" itemprop=\"image\" height=\"51\" width=\"120\" title=\"kundenlogo-panalpina\" onerror=\"this.style.display='none'\"  \/>\n\t\t\t\t<img decoding=\"async\" src=\"https:\/\/www.divis.eu\/wp-content\/uploads\/2018\/01\/kundenlogo-online.png\" alt=\"kundenlogo-online\" itemprop=\"image\" height=\"51\" width=\"120\" title=\"kundenlogo-online\" onerror=\"this.style.display='none'\"  \/>\n\t\t\t\t<img decoding=\"async\" src=\"https:\/\/www.divis.eu\/wp-content\/uploads\/2018\/01\/kundenlogo-rhenus.png\" alt=\"Rhenus Logistics | DIVIS-Kunde\" title=\"kundenlogo-rhenus\" itemprop=\"image\"  \/>\n\t\t\t\t<img decoding=\"async\" src=\"https:\/\/www.divis.eu\/wp-content\/uploads\/2018\/01\/kundenlogo-tsb.png\" alt=\"kundenlogo-tsb\" itemprop=\"image\" height=\"51\" width=\"120\" title=\"kundenlogo-tsb\" onerror=\"this.style.display='none'\"  \/>\n\t\t\t\t<img decoding=\"async\" src=\"https:\/\/www.divis.eu\/wp-content\/uploads\/2018\/01\/kundenlogo-gebrueder-weiss.png\" alt=\"Gebr\u00fcder Weiss | DIVIS-Kunde\" itemprop=\"image\" height=\"51\" width=\"150\" title=\"kundenlogo-gebrueder-weiss\" onerror=\"this.style.display='none'\"  \/>\n\t\t\t\t<img decoding=\"async\" src=\"https:\/\/www.divis.eu\/wp-content\/uploads\/2018\/01\/kundenlogo-tchibo.png\" alt=\"Tchibo | DIVIS-Kunde\" title=\"kundenlogo-tchibo\" itemprop=\"image\"  \/>\n\t\t\t\t<img decoding=\"async\" src=\"https:\/\/www.divis.eu\/wp-content\/uploads\/2018\/01\/kundenlogo-24plus.png\" alt=\"kundenlogo-24plus\" itemprop=\"image\" height=\"51\" width=\"120\" title=\"kundenlogo-24plus\" onerror=\"this.style.display='none'\"  \/>\n\t\t\t\t<img decoding=\"async\" src=\"https:\/\/www.divis.eu\/wp-content\/uploads\/2018\/01\/kundenlogo-raben.png\" alt=\"Raben Group | DIVIS-Kunde\" title=\"kundenlogo-raben\" itemprop=\"image\"  \/>\n\t\t\t\t<img decoding=\"async\" src=\"https:\/\/www.divis.eu\/wp-content\/uploads\/2018\/01\/kundenlogo-geis.png\" alt=\"Spedition Geis | DIVIS-Kunde\" title=\"kundenlogo-geis\" itemprop=\"image\"  \/>\n\t\t\t\t<img decoding=\"async\" src=\"https:\/\/www.divis.eu\/wp-content\/uploads\/2018\/01\/kundenlogo-zufall.png\" alt=\"kundenlogo-zufall\" itemprop=\"image\" height=\"51\" width=\"120\" title=\"kundenlogo-zufall\" onerror=\"this.style.display='none'\"  \/>\n","protected":false},"excerpt":{"rendered":"<p>DIVIS Product Tips Latest News Product Tips Worth Knowing Tips and tricks for our CargoVIS software Useful application tips for users of our video management software for transshipment warehouses FILTER ENTRIES Overview Research in CargoVIS CargoVIS Product Video Reset filter SEARCH ENTRIES BY KEYWORD [ivory-search id=&#8221;19572&#8243; title=&#8221;Default Search Form&#8221;] Start live support directly from the&hellip;<\/p>\n","protected":false},"author":1,"featured_media":0,"parent":0,"menu_order":0,"comment_status":"closed","ping_status":"closed","template":"","meta":{"footnotes":""},"class_list":["post-19616","page","type-page","status-publish","hentry"],"yoast_head":"<!-- This site is optimized with the Yoast SEO plugin v27.4 - https:\/\/yoast.com\/product\/yoast-seo-wordpress\/ -->\n<title>Tipps &amp; Infos | Videogest\u00fctzte Warenverfolgung in der Logistik | CargoVIS<\/title>\n<meta name=\"description\" content=\"Interessante Tipps und Infos von DIVIS \u00fcber CargoVIS f\u00fcr die videogest\u00fctzte Warenverfolgung in der Logistik, sowie weitere Branchen- und Technik-Informationen.\" \/>\n<meta name=\"robots\" content=\"index, follow, max-snippet:-1, max-image-preview:large, max-video-preview:-1\" \/>\n<link rel=\"canonical\" href=\"https:\/\/www.divis.eu\/en\/divis-produkt-tipps-cargovis-videogestuetzte-warenverfolgung\/\" \/>\n<meta property=\"og:locale\" content=\"en_US\" \/>\n<meta property=\"og:type\" content=\"article\" \/>\n<meta property=\"og:title\" content=\"Tipps &amp; Infos | Videogest\u00fctzte Warenverfolgung in der Logistik | CargoVIS\" \/>\n<meta property=\"og:description\" content=\"Interessante Tipps und Infos von DIVIS \u00fcber CargoVIS f\u00fcr die videogest\u00fctzte Warenverfolgung in der Logistik, sowie weitere Branchen- und Technik-Informationen.\" \/>\n<meta property=\"og:url\" content=\"https:\/\/www.divis.eu\/en\/divis-produkt-tipps-cargovis-videogestuetzte-warenverfolgung\/\" \/>\n<meta property=\"og:site_name\" content=\"DIVIS - The intelligent view\" \/>\n<meta property=\"article:modified_time\" content=\"2020-07-29T03:47:47+00:00\" \/>\n<meta property=\"og:image\" content=\"https:\/\/www.divis.eu\/wp-content\/uploads\/2018\/03\/sprechblase-newsletter-en.png\" \/>\n<meta name=\"twitter:card\" content=\"summary_large_image\" \/>\n<meta name=\"twitter:label1\" content=\"Est. reading time\" \/>\n\t<meta name=\"twitter:data1\" content=\"2 minutes\" \/>\n<script type=\"application\/ld+json\" class=\"yoast-schema-graph\">{\"@context\":\"https:\\\/\\\/schema.org\",\"@graph\":[{\"@type\":\"WebPage\",\"@id\":\"https:\\\/\\\/www.divis.eu\\\/en\\\/divis-produkt-tipps-cargovis-videogestuetzte-warenverfolgung\\\/\",\"url\":\"https:\\\/\\\/www.divis.eu\\\/en\\\/divis-produkt-tipps-cargovis-videogestuetzte-warenverfolgung\\\/\",\"name\":\"Tipps & Infos | Videogest\u00fctzte Warenverfolgung in der Logistik | CargoVIS\",\"isPartOf\":{\"@id\":\"https:\\\/\\\/www.divis.eu\\\/#website\"},\"primaryImageOfPage\":{\"@id\":\"https:\\\/\\\/www.divis.eu\\\/en\\\/divis-produkt-tipps-cargovis-videogestuetzte-warenverfolgung\\\/#primaryimage\"},\"image\":{\"@id\":\"https:\\\/\\\/www.divis.eu\\\/en\\\/divis-produkt-tipps-cargovis-videogestuetzte-warenverfolgung\\\/#primaryimage\"},\"thumbnailUrl\":\"https:\\\/\\\/www.divis.eu\\\/wp-content\\\/uploads\\\/2018\\\/03\\\/sprechblase-newsletter-en.png\",\"datePublished\":\"2020-07-21T18:37:33+00:00\",\"dateModified\":\"2020-07-29T03:47:47+00:00\",\"description\":\"Interessante Tipps und Infos von DIVIS \u00fcber CargoVIS f\u00fcr die videogest\u00fctzte Warenverfolgung in der Logistik, sowie weitere Branchen- und Technik-Informationen.\",\"breadcrumb\":{\"@id\":\"https:\\\/\\\/www.divis.eu\\\/en\\\/divis-produkt-tipps-cargovis-videogestuetzte-warenverfolgung\\\/#breadcrumb\"},\"inLanguage\":\"en-US\",\"potentialAction\":[{\"@type\":\"ReadAction\",\"target\":[\"https:\\\/\\\/www.divis.eu\\\/en\\\/divis-produkt-tipps-cargovis-videogestuetzte-warenverfolgung\\\/\"]}]},{\"@type\":\"ImageObject\",\"inLanguage\":\"en-US\",\"@id\":\"https:\\\/\\\/www.divis.eu\\\/en\\\/divis-produkt-tipps-cargovis-videogestuetzte-warenverfolgung\\\/#primaryimage\",\"url\":\"https:\\\/\\\/www.divis.eu\\\/wp-content\\\/uploads\\\/2018\\\/03\\\/sprechblase-newsletter-en.png\",\"contentUrl\":\"https:\\\/\\\/www.divis.eu\\\/wp-content\\\/uploads\\\/2018\\\/03\\\/sprechblase-newsletter-en.png\"},{\"@type\":\"BreadcrumbList\",\"@id\":\"https:\\\/\\\/www.divis.eu\\\/en\\\/divis-produkt-tipps-cargovis-videogestuetzte-warenverfolgung\\\/#breadcrumb\",\"itemListElement\":[{\"@type\":\"ListItem\",\"position\":1,\"name\":\"Startseite\",\"item\":\"https:\\\/\\\/www.divis.eu\\\/en\\\/\"},{\"@type\":\"ListItem\",\"position\":2,\"name\":\"DIVIS Produkt-Tipps | CargoVIS | Videogest\u00fctzte Warenverfolgung\"}]},{\"@type\":\"WebSite\",\"@id\":\"https:\\\/\\\/www.divis.eu\\\/#website\",\"url\":\"https:\\\/\\\/www.divis.eu\\\/\",\"name\":\"DIVIS - The intelligent view\",\"description\":\"Videosysteml\u00f6sungen f\u00fcr Umschlags- und Warenlager\",\"potentialAction\":[{\"@type\":\"SearchAction\",\"target\":{\"@type\":\"EntryPoint\",\"urlTemplate\":\"https:\\\/\\\/www.divis.eu\\\/?s={search_term_string}\"},\"query-input\":{\"@type\":\"PropertyValueSpecification\",\"valueRequired\":true,\"valueName\":\"search_term_string\"}}],\"inLanguage\":\"en-US\"}]}<\/script>\n<!-- \/ Yoast SEO plugin. -->","yoast_head_json":{"title":"Tipps & Infos | Videogest\u00fctzte Warenverfolgung in der Logistik | CargoVIS","description":"Interessante Tipps und Infos von DIVIS \u00fcber CargoVIS f\u00fcr die videogest\u00fctzte Warenverfolgung in der Logistik, sowie weitere Branchen- und Technik-Informationen.","robots":{"index":"index","follow":"follow","max-snippet":"max-snippet:-1","max-image-preview":"max-image-preview:large","max-video-preview":"max-video-preview:-1"},"canonical":"https:\/\/www.divis.eu\/en\/divis-produkt-tipps-cargovis-videogestuetzte-warenverfolgung\/","og_locale":"en_US","og_type":"article","og_title":"Tipps & Infos | Videogest\u00fctzte Warenverfolgung in der Logistik | CargoVIS","og_description":"Interessante Tipps und Infos von DIVIS \u00fcber CargoVIS f\u00fcr die videogest\u00fctzte Warenverfolgung in der Logistik, sowie weitere Branchen- und Technik-Informationen.","og_url":"https:\/\/www.divis.eu\/en\/divis-produkt-tipps-cargovis-videogestuetzte-warenverfolgung\/","og_site_name":"DIVIS - The intelligent view","article_modified_time":"2020-07-29T03:47:47+00:00","og_image":[{"url":"https:\/\/www.divis.eu\/wp-content\/uploads\/2018\/03\/sprechblase-newsletter-en.png","type":"","width":"","height":""}],"twitter_card":"summary_large_image","twitter_misc":{"Est. reading time":"2 minutes"},"schema":{"@context":"https:\/\/schema.org","@graph":[{"@type":"WebPage","@id":"https:\/\/www.divis.eu\/en\/divis-produkt-tipps-cargovis-videogestuetzte-warenverfolgung\/","url":"https:\/\/www.divis.eu\/en\/divis-produkt-tipps-cargovis-videogestuetzte-warenverfolgung\/","name":"Tipps & Infos | Videogest\u00fctzte Warenverfolgung in der Logistik | CargoVIS","isPartOf":{"@id":"https:\/\/www.divis.eu\/#website"},"primaryImageOfPage":{"@id":"https:\/\/www.divis.eu\/en\/divis-produkt-tipps-cargovis-videogestuetzte-warenverfolgung\/#primaryimage"},"image":{"@id":"https:\/\/www.divis.eu\/en\/divis-produkt-tipps-cargovis-videogestuetzte-warenverfolgung\/#primaryimage"},"thumbnailUrl":"https:\/\/www.divis.eu\/wp-content\/uploads\/2018\/03\/sprechblase-newsletter-en.png","datePublished":"2020-07-21T18:37:33+00:00","dateModified":"2020-07-29T03:47:47+00:00","description":"Interessante Tipps und Infos von DIVIS \u00fcber CargoVIS f\u00fcr die videogest\u00fctzte Warenverfolgung in der Logistik, sowie weitere Branchen- und Technik-Informationen.","breadcrumb":{"@id":"https:\/\/www.divis.eu\/en\/divis-produkt-tipps-cargovis-videogestuetzte-warenverfolgung\/#breadcrumb"},"inLanguage":"en-US","potentialAction":[{"@type":"ReadAction","target":["https:\/\/www.divis.eu\/en\/divis-produkt-tipps-cargovis-videogestuetzte-warenverfolgung\/"]}]},{"@type":"ImageObject","inLanguage":"en-US","@id":"https:\/\/www.divis.eu\/en\/divis-produkt-tipps-cargovis-videogestuetzte-warenverfolgung\/#primaryimage","url":"https:\/\/www.divis.eu\/wp-content\/uploads\/2018\/03\/sprechblase-newsletter-en.png","contentUrl":"https:\/\/www.divis.eu\/wp-content\/uploads\/2018\/03\/sprechblase-newsletter-en.png"},{"@type":"BreadcrumbList","@id":"https:\/\/www.divis.eu\/en\/divis-produkt-tipps-cargovis-videogestuetzte-warenverfolgung\/#breadcrumb","itemListElement":[{"@type":"ListItem","position":1,"name":"Startseite","item":"https:\/\/www.divis.eu\/en\/"},{"@type":"ListItem","position":2,"name":"DIVIS Produkt-Tipps | CargoVIS | Videogest\u00fctzte Warenverfolgung"}]},{"@type":"WebSite","@id":"https:\/\/www.divis.eu\/#website","url":"https:\/\/www.divis.eu\/","name":"DIVIS - The intelligent view","description":"Videosysteml\u00f6sungen f\u00fcr Umschlags- und Warenlager","potentialAction":[{"@type":"SearchAction","target":{"@type":"EntryPoint","urlTemplate":"https:\/\/www.divis.eu\/?s={search_term_string}"},"query-input":{"@type":"PropertyValueSpecification","valueRequired":true,"valueName":"search_term_string"}}],"inLanguage":"en-US"}]}},"_links":{"self":[{"href":"https:\/\/www.divis.eu\/en\/wp-json\/wp\/v2\/pages\/19616","targetHints":{"allow":["GET"]}}],"collection":[{"href":"https:\/\/www.divis.eu\/en\/wp-json\/wp\/v2\/pages"}],"about":[{"href":"https:\/\/www.divis.eu\/en\/wp-json\/wp\/v2\/types\/page"}],"author":[{"embeddable":true,"href":"https:\/\/www.divis.eu\/en\/wp-json\/wp\/v2\/users\/1"}],"replies":[{"embeddable":true,"href":"https:\/\/www.divis.eu\/en\/wp-json\/wp\/v2\/comments?post=19616"}],"version-history":[{"count":0,"href":"https:\/\/www.divis.eu\/en\/wp-json\/wp\/v2\/pages\/19616\/revisions"}],"wp:attachment":[{"href":"https:\/\/www.divis.eu\/en\/wp-json\/wp\/v2\/media?parent=19616"}],"curies":[{"name":"wp","href":"https:\/\/api.w.org\/{rel}","templated":true}]}}