{"id":19620,"date":"2020-07-21T18:57:47","date_gmt":"2020-07-21T18:57:47","guid":{"rendered":"https:\/\/www.divis.eu\/divis-produkt-tipps-parcelvis-videomanagement-lager\/"},"modified":"2020-07-29T03:58:10","modified_gmt":"2020-07-29T03:58:10","slug":"divis-produkt-tipps-parcelvis-videomanagement-lager","status":"publish","type":"page","link":"https:\/\/www.divis.eu\/en\/divis-produkt-tipps-parcelvis-videomanagement-lager\/","title":{"rendered":"DIVIS Produkt-Tipps | ParcelVIS | Videomanagement Lager"},"content":{"rendered":"<h3>\n\t\tDIVIS\n\t<\/h3>\n<h2>\n\t\tProduct Tips\n\t<\/h2>\n\t\t\t\t<a href=\"https:\/\/www.divis.eu\/en\/newsletter-sign-up-process-optimization-warehouse\/\" target=\"_self\" itemprop=\"url\" rel=\"noopener noreferrer\">\n\t\t\t\t<img decoding=\"async\" src=\"https:\/\/www.divis.eu\/wp-content\/uploads\/2018\/03\/sprechblase-newsletter-en.png\" alt=\"Newsletter Sign-up | DIVIS | Video solutions for Logistics\" title=\"sprechblase-newsletter-en\" itemprop=\"image\"  \/>\n\t\t\t\t\t\t<\/a>\n\t\t\t\t\t<ul id=\"menu-en-tips-info\"><li id=\"menu-item-7272\"><a href=\"https:\/\/www.divis.eu\/en\/divis-latest-news-camera-based-consignment-tracking-in-logistics\/\">Latest News<\/a><\/li>\n<li id=\"menu-item-7343\"><a href=\"https:\/\/www.divis.eu\/en\/product-tips-video-based-parcel-tracking\/\">Product Tips<\/a><\/li>\n<li id=\"menu-item-7377\"><a href=\"https:\/\/www.divis.eu\/en\/divis-general-info-image-based-parcel-tracking\/\">Worth Knowing<\/a><\/li>\n<\/ul>\t\n\t\t\t\t<img decoding=\"async\" src=\"https:\/\/www.divis.eu\/wp-content\/uploads\/2018\/01\/logo-parcelvis1.png\" alt=\"Videol\u00f6sungen f\u00fcr die Logistik - Bildgest\u00fctzte Sendungsrecherche im Umschlagslager\" title=\"logo-parcelvis1\" itemprop=\"image\"  \/>\n<h1>\n\t\tTips and tricks for our ParcelVIS software\n\t<\/h1>\n\t<p>Useful application tips for users of our video management software for transshipment warehouses<\/p>\n\t<h3>\n\t\t\t\tFILTER ENTRIES\n\t\t\t<\/h3>\n\t\t\t\t\t<ul id=\"menu-cargovis-menu-english\"><li id=\"menu-item-4920\"><a href=\"https:\/\/www.divis.eu\/en\/cargovis-video-management-software-transshipment-warehouses\/\">Overview<\/a><\/li>\n<li id=\"menu-item-4921\"><a href=\"https:\/\/www.divis.eu\/en\/cargovis-video-surveillance-goods-tracking\/\">Research in CargoVIS<\/a><\/li>\n<li id=\"menu-item-5488\"><a href=\"https:\/\/www.divis.eu\/en\/cargovis-product-video-visual-shipment-tracking\/\">CargoVIS Product Video<\/a><\/li>\n<\/ul>\t\n\t\t\t<a href=\"#\" target=\"_self\" role=\"button\" rel=\"noopener noreferrer\">\n\t\t\t\t\t\t\tReset filter\n\t\t\t\t\t<\/a>\n\t<h3>\n\t\t\t\tSEARCH ENTRIES BY KEYWORD\n\t\t\t<\/h3>\n\t<p>[ivory-search id=&#8221;19572&#8243; title=&#8221;Default Search Form&#8221;]<\/p>\n\t\t\t\t\t\t\t\t\t\t\t\t\t\t<a href=\"https:\/\/www.divis.eu\/en\/start-live-support-directly-from-the-cargovis-parcelvis-software\/\" target=\"_self\" title=\"Start live support directly from the CargoVIS &#038; ParcelVIS software\" rel=\"noopener noreferrer\">\n\t\t\t\t<img decoding=\"async\" src=\"https:\/\/www.divis.eu\/wp-content\/uploads\/2020\/06\/tipp-des-monats7-en-featured.gif\" alt=\"\" \/>\n\t\t\t\t<\/a>\n\t\t\t\t\t\t<h4>\n\t\t\t\t<a href=https:\/\/www.divis.eu\/en\/start-live-support-directly-from-the-cargovis-parcelvis-software\/ title=\"Start live support directly from the CargoVIS &#038; ParcelVIS software\" tabindex=\"0\">Start live support directly from the CargoVIS &#038; ParcelVIS software<\/a>\t\t\t<\/h4>\n\t\t\t\t\t\t\t\tCargoVIS and ParcelVIS offer the possibility to start a session with our live support via TeamViewer directly from the software. Find out how this works in Tip of the Month today.\n\t\t\t<a href=\"https:\/\/www.divis.eu\/en\/start-live-support-directly-from-the-cargovis-parcelvis-software\/\" target=\"_self\" role=\"button\" rel=\"noopener noreferrer\">\n\t\t\t\t\t\t\tRead more\n\t\t<\/a>\n\t\t\t\t\t\t\t\t\t\t\t\t\t\t<a href=\"https:\/\/www.divis.eu\/en\/site-plan-overview-for-your-logistics-hall-or-your-parcel-depot\/\" target=\"_self\" title=\"Site plan overview for your logistics hall or your parcel depot\" rel=\"noopener noreferrer\">\n\t\t\t\t<img decoding=\"async\" src=\"https:\/\/www.divis.eu\/wp-content\/uploads\/2020\/05\/divis-tdm-062020-featured-EN.gif\" alt=\"\" \/>\n\t\t\t\t<\/a>\n\t\t\t\t\t\t<h4>\n\t\t\t\t<a href=https:\/\/www.divis.eu\/en\/site-plan-overview-for-your-logistics-hall-or-your-parcel-depot\/ title=\"Site plan overview for your logistics hall or your parcel depot\" tabindex=\"0\">Site plan overview for your logistics hall or your parcel depot<\/a>\t\t\t<\/h4>\n\t\t\t\t\t\t\t\tThe site plan overview in the CargoVIS and ParcelVIS software offers an optimal overview of your logistics hall or your parcel depot. We show you this feature in detail today. \n\t\t\t<a href=\"https:\/\/www.divis.eu\/en\/site-plan-overview-for-your-logistics-hall-or-your-parcel-depot\/\" target=\"_self\" role=\"button\" rel=\"noopener noreferrer\">\n\t\t\t\t\t\t\tRead more\n\t\t<\/a>\n\t\t\t\t\t\t\t\t\t\t\t\t\t\t<a href=\"https:\/\/www.divis.eu\/en\/parcel-research-in-parcelvis-direct-selection-of-scan-events\/\" target=\"_self\" title=\"Tips for quick parcel research in ParcelVIS: direct selection of scan events\" rel=\"noopener noreferrer\">\n\t\t\t\t<img decoding=\"async\" src=\"https:\/\/www.divis.eu\/wp-content\/uploads\/2020\/04\/tipp-des-monats-featured-EN.gif\" alt=\"DIVIS Tip of the month\" \/>\n\t\t\t\t<\/a>\n\t\t\t\t\t\t<h4>\n\t\t\t\t<a href=https:\/\/www.divis.eu\/en\/parcel-research-in-parcelvis-direct-selection-of-scan-events\/ title=\"Tips for quick parcel research in ParcelVIS: direct selection of scan events\" tabindex=\"0\">Tips for quick parcel research in ParcelVIS: direct selection of scan events<\/a>\t\t\t<\/h4>\n\t\t\t\t\t\t\t\tIn today&#8217;s tip of the month you will learn how you can quickly and directly start your parcel research in ParcelVIS by preselecting scan events.\n\t\t\t<a href=\"https:\/\/www.divis.eu\/en\/parcel-research-in-parcelvis-direct-selection-of-scan-events\/\" target=\"_self\" role=\"button\" rel=\"noopener noreferrer\">\n\t\t\t\t\t\t\tRead more\n\t\t<\/a>\n\t\t\t\t\t\t\t\t\t\t\t\t\t\t<a href=\"https:\/\/www.divis.eu\/en\/motion-analysis-of-consignments-get-your-search-results-faster-with-motion\/\" target=\"_self\" title=\"Motion analysis of consignments &#8211; Get your search results faster with Motion+\" rel=\"noopener noreferrer\">\n\t\t\t\t<img decoding=\"async\" src=\"https:\/\/www.divis.eu\/wp-content\/uploads\/2020\/02\/tdm-featured-en.jpg\" alt=\"DIVIS Tip of the month\" \/>\n\t\t\t\t<\/a>\n\t\t\t\t\t\t<h4>\n\t\t\t\t<a href=https:\/\/www.divis.eu\/en\/motion-analysis-of-consignments-get-your-search-results-faster-with-motion\/ title=\"Motion analysis of consignments &#8211; Get your search results faster with Motion+\" tabindex=\"0\">Motion analysis of consignments &#8211; Get your search results faster with Motion<sup>+<\/sup><\/a>\t\t\t<\/h4>\n\t\t\t\t\t\t\t\tWith Motion<sup>+<\/sup> in CargoVIS and ParcelVIS, you can get to your search results really fast. Today, we explain how to do it.\n\t\t\t<a href=\"https:\/\/www.divis.eu\/en\/motion-analysis-of-consignments-get-your-search-results-faster-with-motion\/\" target=\"_self\" role=\"button\" rel=\"noopener noreferrer\">\n\t\t\t\t\t\t\tRead more\n\t\t<\/a>\n\t\t\t\t\t\t\t\t\t\t\t\t\t\t<a href=\"https:\/\/www.divis.eu\/en\/save-scan-images-in-parcelvis-with-just-one-click\/\" target=\"_self\" title=\"Save scan images in ParcelVIS &#8211; with just one click!\" rel=\"noopener noreferrer\">\n\t\t\t\t<img decoding=\"async\" src=\"https:\/\/www.divis.eu\/wp-content\/uploads\/2020\/01\/tdm-02-featured-EN.jpg\" alt=\"DIVIS Tip of the month\" \/>\n\t\t\t\t<\/a>\n\t\t\t\t\t\t<h4>\n\t\t\t\t<a href=https:\/\/www.divis.eu\/en\/save-scan-images-in-parcelvis-with-just-one-click\/ title=\"Save scan images in ParcelVIS &#8211; with just one click!\" tabindex=\"0\">Save scan images in ParcelVIS &#8211; with just one click!<\/a>\t\t\t<\/h4>\n\t\t\t\t\t\t\t\tWould you like to save a scan image or any other video image from your research in the film strip? It&#8217;s easy with ParcelVIS!\n\t\t\t<a href=\"https:\/\/www.divis.eu\/en\/save-scan-images-in-parcelvis-with-just-one-click\/\" target=\"_self\" role=\"button\" rel=\"noopener noreferrer\">\n\t\t\t\t\t\t\tRead more\n\t\t<\/a>\n\t\t\t\t\t\t\t\t\t\t\t\t\t\t<a href=\"https:\/\/www.divis.eu\/en\/package-tracking-in-parcelvis-switch-from-sorting-belt-to-area-research\/\" target=\"_self\" title=\"Package tracking in ParcelVIS: switch from sorting belt to area research\" rel=\"noopener noreferrer\">\n\t\t\t\t<img decoding=\"async\" src=\"https:\/\/www.divis.eu\/wp-content\/uploads\/2019\/11\/tipp-des-monats-featured-en.gif\" alt=\"DIVIS Tip of the month\" \/>\n\t\t\t\t<\/a>\n\t\t\t\t\t\t<h4>\n\t\t\t\t<a href=https:\/\/www.divis.eu\/en\/package-tracking-in-parcelvis-switch-from-sorting-belt-to-area-research\/ title=\"Package tracking in ParcelVIS: switch from sorting belt to area research\" tabindex=\"0\">Package tracking in ParcelVIS: switch from sorting belt to area research<\/a>\t\t\t<\/h4>\n\t\t\t\t\t\t\t\tDuring parcel tracking in the depot, the shipments initially run on the sorting belt and can be located via the belt tracking. Once the consignment has been taken over by the contractor at the end of the belt, a switch from the sorting belt research to the contractor\u2019s area research mode in ParcelVIS is necessary in order to be able to follow the package without interruption. \nToday we will show you how to perform this switch. \n\t\t\t<a href=\"https:\/\/www.divis.eu\/en\/package-tracking-in-parcelvis-switch-from-sorting-belt-to-area-research\/\" target=\"_self\" role=\"button\" rel=\"noopener noreferrer\">\n\t\t\t\t\t\t\tRead more\n\t\t<\/a>\n\t\t\t\t\t\t\t\t\t\t\t\t\t\t<a href=\"https:\/\/www.divis.eu\/en\/how-to-use-letter-templates-in-parcelvis-and-cargovis\/\" target=\"_self\" title=\"How to use letter templates in ParcelVIS and CargoVIS\" rel=\"noopener noreferrer\">\n\t\t\t\t<img decoding=\"async\" src=\"https:\/\/www.divis.eu\/wp-content\/uploads\/2019\/10\/tdm-nov-featured-en-1.gif\" alt=\"Letter templates in ParcelVIS and CargoVIS\" \/>\n\t\t\t\t<\/a>\n\t\t\t\t\t\t<h4>\n\t\t\t\t<a href=https:\/\/www.divis.eu\/en\/how-to-use-letter-templates-in-parcelvis-and-cargovis\/ title=\"How to use letter templates in ParcelVIS and CargoVIS\" tabindex=\"0\">How to use letter templates in ParcelVIS and CargoVIS<\/a>\t\t\t<\/h4>\n\t\t\t\t\t\t\t\tParcelVIS and CargoVIS offer the possibility to create ready-made cover letters, for example, to communicate the image documentation of damage to a package &#8230;\n\t\t\t<a href=\"https:\/\/www.divis.eu\/en\/how-to-use-letter-templates-in-parcelvis-and-cargovis\/\" target=\"_self\" role=\"button\" rel=\"noopener noreferrer\">\n\t\t\t\t\t\t\tRead more\n\t\t<\/a>\n\t\t\t\t\t\t\t\t\t\t\t\t\t\t<a href=\"https:\/\/www.divis.eu\/en\/active-directory-linking-in-cargovis-and-parcelvis\/\" target=\"_self\" title=\"Active Directory linking in CargoVIS and ParcelVIS\" rel=\"noopener noreferrer\">\n\t\t\t\t<img decoding=\"async\" src=\"https:\/\/www.divis.eu\/wp-content\/uploads\/2019\/10\/active-directory-anbindung-featured.gif\" alt=\"Einbinden von Briefvorlagen in ParcelVIS und CargoVIS\" \/>\n\t\t\t\t<\/a>\n\t\t\t\t\t\t<h4>\n\t\t\t\t<a href=https:\/\/www.divis.eu\/en\/active-directory-linking-in-cargovis-and-parcelvis\/ title=\"Active Directory linking in CargoVIS and ParcelVIS\" tabindex=\"0\">Active Directory linking in CargoVIS and ParcelVIS<\/a>\t\t\t<\/h4>\n\t\t\t\t\t\t\t\tThe Active Directory linking in CargoVIS and ParcelVIS speeds up login for your employees. The connection provides more overview and simplifies the assignment of user rights.\n\t\t\t<a href=\"https:\/\/www.divis.eu\/en\/active-directory-linking-in-cargovis-and-parcelvis\/\" target=\"_self\" role=\"button\" rel=\"noopener noreferrer\">\n\t\t\t\t\t\t\tRead more\n\t\t<\/a>\n\t\t\t<ul class='page-numbers'>\n\t<li>1<\/li>\n\t<li><a href=\"https:\/\/www.divis.eu\/en\/page\/2\/?page_id=19620&#038;fl_builder\">2<\/a><\/li>\n\t<li><a href=\"https:\/\/www.divis.eu\/en\/page\/3\/?page_id=19620&#038;fl_builder\">3<\/a><\/li>\n\t<li><a href=\"https:\/\/www.divis.eu\/en\/page\/2\/?page_id=19620&#038;fl_builder\">Next &raquo;<\/a><\/li>\n<\/ul>\n\t\t\t\t<img decoding=\"async\" src=\"https:\/\/www.divis.eu\/wp-content\/uploads\/2018\/01\/kundenlogo-CTL.png\" alt=\"kundenlogo-CTL\" itemprop=\"image\" height=\"51\" width=\"120\" title=\"kundenlogo-CTL\" onerror=\"this.style.display='none'\"  \/>\n\t\t\t\t<img decoding=\"async\" src=\"https:\/\/www.divis.eu\/wp-content\/uploads\/2018\/01\/kundenlogo-dpd.png\" alt=\"kundenlogo-dpd\" itemprop=\"image\" height=\"51\" width=\"120\" title=\"kundenlogo-dpd\" onerror=\"this.style.display='none'\"  \/>\n\t\t\t\t<img decoding=\"async\" src=\"https:\/\/www.divis.eu\/wp-content\/uploads\/2018\/01\/kundenlogo-panalpina.png\" alt=\"kundenlogo-panalpina\" itemprop=\"image\" height=\"51\" width=\"120\" title=\"kundenlogo-panalpina\" onerror=\"this.style.display='none'\"  \/>\n\t\t\t\t<img decoding=\"async\" src=\"https:\/\/www.divis.eu\/wp-content\/uploads\/2018\/01\/kundenlogo-online.png\" alt=\"kundenlogo-online\" itemprop=\"image\" height=\"51\" width=\"120\" title=\"kundenlogo-online\" onerror=\"this.style.display='none'\"  \/>\n\t\t\t\t<img decoding=\"async\" src=\"https:\/\/www.divis.eu\/wp-content\/uploads\/2018\/01\/kundenlogo-rhenus.png\" alt=\"Rhenus Logistics | DIVIS-Kunde\" title=\"kundenlogo-rhenus\" itemprop=\"image\"  \/>\n\t\t\t\t<img decoding=\"async\" src=\"https:\/\/www.divis.eu\/wp-content\/uploads\/2018\/01\/kundenlogo-tsb.png\" alt=\"kundenlogo-tsb\" itemprop=\"image\" height=\"51\" width=\"120\" title=\"kundenlogo-tsb\" onerror=\"this.style.display='none'\"  \/>\n\t\t\t\t<img decoding=\"async\" src=\"https:\/\/www.divis.eu\/wp-content\/uploads\/2018\/01\/kundenlogo-gebrueder-weiss.png\" alt=\"Gebr\u00fcder Weiss | DIVIS-Kunde\" itemprop=\"image\" height=\"51\" width=\"150\" title=\"kundenlogo-gebrueder-weiss\" onerror=\"this.style.display='none'\"  \/>\n\t\t\t\t<img decoding=\"async\" src=\"https:\/\/www.divis.eu\/wp-content\/uploads\/2018\/01\/kundenlogo-tchibo.png\" alt=\"Tchibo | DIVIS-Kunde\" title=\"kundenlogo-tchibo\" itemprop=\"image\"  \/>\n\t\t\t\t<img decoding=\"async\" src=\"https:\/\/www.divis.eu\/wp-content\/uploads\/2018\/01\/kundenlogo-24plus.png\" alt=\"kundenlogo-24plus\" itemprop=\"image\" height=\"51\" width=\"120\" title=\"kundenlogo-24plus\" onerror=\"this.style.display='none'\"  \/>\n\t\t\t\t<img decoding=\"async\" src=\"https:\/\/www.divis.eu\/wp-content\/uploads\/2018\/01\/kundenlogo-raben.png\" alt=\"Raben Group | DIVIS-Kunde\" title=\"kundenlogo-raben\" itemprop=\"image\"  \/>\n\t\t\t\t<img decoding=\"async\" src=\"https:\/\/www.divis.eu\/wp-content\/uploads\/2018\/01\/kundenlogo-geis.png\" alt=\"Spedition Geis | DIVIS-Kunde\" title=\"kundenlogo-geis\" itemprop=\"image\"  \/>\n\t\t\t\t<img decoding=\"async\" src=\"https:\/\/www.divis.eu\/wp-content\/uploads\/2018\/01\/kundenlogo-zufall.png\" alt=\"kundenlogo-zufall\" itemprop=\"image\" height=\"51\" width=\"120\" title=\"kundenlogo-zufall\" onerror=\"this.style.display='none'\"  \/>\n","protected":false},"excerpt":{"rendered":"<p>DIVIS Product Tips Latest News Product Tips Worth Knowing Tips and tricks for our ParcelVIS software Useful application tips for users of our video management software for transshipment warehouses FILTER ENTRIES Overview Research in CargoVIS CargoVIS Product Video Reset filter SEARCH ENTRIES BY KEYWORD [ivory-search id=&#8221;19572&#8243; title=&#8221;Default Search Form&#8221;] Start live support directly from the&hellip;<\/p>\n","protected":false},"author":1,"featured_media":0,"parent":0,"menu_order":0,"comment_status":"closed","ping_status":"closed","template":"","meta":{"footnotes":""},"class_list":["post-19620","page","type-page","status-publish","hentry"],"yoast_head":"<!-- This site is optimized with the Yoast SEO plugin v27.5 - https:\/\/yoast.com\/product\/yoast-seo-wordpress\/ -->\n<title>Tipps &amp; Infos | Videomanagement im Lager | Logistik | ParcelVIS<\/title>\n<meta name=\"description\" content=\"Interessante Tipps und Infos von DIVIS \u00fcber ParcelVIS f\u00fcr das Videomanagement im Lager, sowie weitere Branchen- und Technik-Informationen.\" \/>\n<meta name=\"robots\" content=\"index, follow, max-snippet:-1, max-image-preview:large, max-video-preview:-1\" \/>\n<link rel=\"canonical\" href=\"https:\/\/www.divis.eu\/en\/divis-produkt-tipps-parcelvis-videomanagement-lager\/\" \/>\n<meta property=\"og:locale\" content=\"en_US\" \/>\n<meta property=\"og:type\" content=\"article\" \/>\n<meta property=\"og:title\" content=\"Tipps &amp; Infos | Videomanagement im Lager | Logistik | ParcelVIS\" \/>\n<meta property=\"og:description\" content=\"Interessante Tipps und Infos von DIVIS \u00fcber ParcelVIS f\u00fcr das Videomanagement im Lager, sowie weitere Branchen- und Technik-Informationen.\" \/>\n<meta property=\"og:url\" content=\"https:\/\/www.divis.eu\/en\/divis-produkt-tipps-parcelvis-videomanagement-lager\/\" \/>\n<meta property=\"og:site_name\" content=\"DIVIS - The intelligent view\" \/>\n<meta property=\"article:modified_time\" content=\"2020-07-29T03:58:10+00:00\" \/>\n<meta property=\"og:image\" content=\"https:\/\/www.divis.eu\/wp-content\/uploads\/2018\/03\/sprechblase-newsletter-en.png\" \/>\n<meta name=\"twitter:card\" content=\"summary_large_image\" \/>\n<meta name=\"twitter:label1\" content=\"Est. reading time\" \/>\n\t<meta name=\"twitter:data1\" content=\"2 minutes\" \/>\n<script type=\"application\/ld+json\" class=\"yoast-schema-graph\">{\"@context\":\"https:\\\/\\\/schema.org\",\"@graph\":[{\"@type\":\"WebPage\",\"@id\":\"https:\\\/\\\/www.divis.eu\\\/en\\\/divis-produkt-tipps-parcelvis-videomanagement-lager\\\/\",\"url\":\"https:\\\/\\\/www.divis.eu\\\/en\\\/divis-produkt-tipps-parcelvis-videomanagement-lager\\\/\",\"name\":\"Tipps & Infos | Videomanagement im Lager | Logistik | ParcelVIS\",\"isPartOf\":{\"@id\":\"https:\\\/\\\/www.divis.eu\\\/#website\"},\"primaryImageOfPage\":{\"@id\":\"https:\\\/\\\/www.divis.eu\\\/en\\\/divis-produkt-tipps-parcelvis-videomanagement-lager\\\/#primaryimage\"},\"image\":{\"@id\":\"https:\\\/\\\/www.divis.eu\\\/en\\\/divis-produkt-tipps-parcelvis-videomanagement-lager\\\/#primaryimage\"},\"thumbnailUrl\":\"https:\\\/\\\/www.divis.eu\\\/wp-content\\\/uploads\\\/2018\\\/03\\\/sprechblase-newsletter-en.png\",\"datePublished\":\"2020-07-21T18:57:47+00:00\",\"dateModified\":\"2020-07-29T03:58:10+00:00\",\"description\":\"Interessante Tipps und Infos von DIVIS \u00fcber ParcelVIS f\u00fcr das Videomanagement im Lager, sowie weitere Branchen- und Technik-Informationen.\",\"breadcrumb\":{\"@id\":\"https:\\\/\\\/www.divis.eu\\\/en\\\/divis-produkt-tipps-parcelvis-videomanagement-lager\\\/#breadcrumb\"},\"inLanguage\":\"en-US\",\"potentialAction\":[{\"@type\":\"ReadAction\",\"target\":[\"https:\\\/\\\/www.divis.eu\\\/en\\\/divis-produkt-tipps-parcelvis-videomanagement-lager\\\/\"]}]},{\"@type\":\"ImageObject\",\"inLanguage\":\"en-US\",\"@id\":\"https:\\\/\\\/www.divis.eu\\\/en\\\/divis-produkt-tipps-parcelvis-videomanagement-lager\\\/#primaryimage\",\"url\":\"https:\\\/\\\/www.divis.eu\\\/wp-content\\\/uploads\\\/2018\\\/03\\\/sprechblase-newsletter-en.png\",\"contentUrl\":\"https:\\\/\\\/www.divis.eu\\\/wp-content\\\/uploads\\\/2018\\\/03\\\/sprechblase-newsletter-en.png\"},{\"@type\":\"BreadcrumbList\",\"@id\":\"https:\\\/\\\/www.divis.eu\\\/en\\\/divis-produkt-tipps-parcelvis-videomanagement-lager\\\/#breadcrumb\",\"itemListElement\":[{\"@type\":\"ListItem\",\"position\":1,\"name\":\"Startseite\",\"item\":\"https:\\\/\\\/www.divis.eu\\\/en\\\/\"},{\"@type\":\"ListItem\",\"position\":2,\"name\":\"DIVIS Produkt-Tipps | ParcelVIS | Videomanagement Lager\"}]},{\"@type\":\"WebSite\",\"@id\":\"https:\\\/\\\/www.divis.eu\\\/#website\",\"url\":\"https:\\\/\\\/www.divis.eu\\\/\",\"name\":\"DIVIS - The intelligent view\",\"description\":\"Videosysteml\u00f6sungen f\u00fcr Umschlags- und Warenlager\",\"potentialAction\":[{\"@type\":\"SearchAction\",\"target\":{\"@type\":\"EntryPoint\",\"urlTemplate\":\"https:\\\/\\\/www.divis.eu\\\/?s={search_term_string}\"},\"query-input\":{\"@type\":\"PropertyValueSpecification\",\"valueRequired\":true,\"valueName\":\"search_term_string\"}}],\"inLanguage\":\"en-US\"}]}<\/script>\n<!-- \/ Yoast SEO plugin. -->","yoast_head_json":{"title":"Tipps & Infos | Videomanagement im Lager | Logistik | ParcelVIS","description":"Interessante Tipps und Infos von DIVIS \u00fcber ParcelVIS f\u00fcr das Videomanagement im Lager, sowie weitere Branchen- und Technik-Informationen.","robots":{"index":"index","follow":"follow","max-snippet":"max-snippet:-1","max-image-preview":"max-image-preview:large","max-video-preview":"max-video-preview:-1"},"canonical":"https:\/\/www.divis.eu\/en\/divis-produkt-tipps-parcelvis-videomanagement-lager\/","og_locale":"en_US","og_type":"article","og_title":"Tipps & Infos | Videomanagement im Lager | Logistik | ParcelVIS","og_description":"Interessante Tipps und Infos von DIVIS \u00fcber ParcelVIS f\u00fcr das Videomanagement im Lager, sowie weitere Branchen- und Technik-Informationen.","og_url":"https:\/\/www.divis.eu\/en\/divis-produkt-tipps-parcelvis-videomanagement-lager\/","og_site_name":"DIVIS - The intelligent view","article_modified_time":"2020-07-29T03:58:10+00:00","og_image":[{"url":"https:\/\/www.divis.eu\/wp-content\/uploads\/2018\/03\/sprechblase-newsletter-en.png","type":"","width":"","height":""}],"twitter_card":"summary_large_image","twitter_misc":{"Est. reading time":"2 minutes"},"schema":{"@context":"https:\/\/schema.org","@graph":[{"@type":"WebPage","@id":"https:\/\/www.divis.eu\/en\/divis-produkt-tipps-parcelvis-videomanagement-lager\/","url":"https:\/\/www.divis.eu\/en\/divis-produkt-tipps-parcelvis-videomanagement-lager\/","name":"Tipps & Infos | Videomanagement im Lager | Logistik | ParcelVIS","isPartOf":{"@id":"https:\/\/www.divis.eu\/#website"},"primaryImageOfPage":{"@id":"https:\/\/www.divis.eu\/en\/divis-produkt-tipps-parcelvis-videomanagement-lager\/#primaryimage"},"image":{"@id":"https:\/\/www.divis.eu\/en\/divis-produkt-tipps-parcelvis-videomanagement-lager\/#primaryimage"},"thumbnailUrl":"https:\/\/www.divis.eu\/wp-content\/uploads\/2018\/03\/sprechblase-newsletter-en.png","datePublished":"2020-07-21T18:57:47+00:00","dateModified":"2020-07-29T03:58:10+00:00","description":"Interessante Tipps und Infos von DIVIS \u00fcber ParcelVIS f\u00fcr das Videomanagement im Lager, sowie weitere Branchen- und Technik-Informationen.","breadcrumb":{"@id":"https:\/\/www.divis.eu\/en\/divis-produkt-tipps-parcelvis-videomanagement-lager\/#breadcrumb"},"inLanguage":"en-US","potentialAction":[{"@type":"ReadAction","target":["https:\/\/www.divis.eu\/en\/divis-produkt-tipps-parcelvis-videomanagement-lager\/"]}]},{"@type":"ImageObject","inLanguage":"en-US","@id":"https:\/\/www.divis.eu\/en\/divis-produkt-tipps-parcelvis-videomanagement-lager\/#primaryimage","url":"https:\/\/www.divis.eu\/wp-content\/uploads\/2018\/03\/sprechblase-newsletter-en.png","contentUrl":"https:\/\/www.divis.eu\/wp-content\/uploads\/2018\/03\/sprechblase-newsletter-en.png"},{"@type":"BreadcrumbList","@id":"https:\/\/www.divis.eu\/en\/divis-produkt-tipps-parcelvis-videomanagement-lager\/#breadcrumb","itemListElement":[{"@type":"ListItem","position":1,"name":"Startseite","item":"https:\/\/www.divis.eu\/en\/"},{"@type":"ListItem","position":2,"name":"DIVIS Produkt-Tipps | ParcelVIS | Videomanagement Lager"}]},{"@type":"WebSite","@id":"https:\/\/www.divis.eu\/#website","url":"https:\/\/www.divis.eu\/","name":"DIVIS - The intelligent view","description":"Videosysteml\u00f6sungen f\u00fcr Umschlags- und Warenlager","potentialAction":[{"@type":"SearchAction","target":{"@type":"EntryPoint","urlTemplate":"https:\/\/www.divis.eu\/?s={search_term_string}"},"query-input":{"@type":"PropertyValueSpecification","valueRequired":true,"valueName":"search_term_string"}}],"inLanguage":"en-US"}]}},"_links":{"self":[{"href":"https:\/\/www.divis.eu\/en\/wp-json\/wp\/v2\/pages\/19620","targetHints":{"allow":["GET"]}}],"collection":[{"href":"https:\/\/www.divis.eu\/en\/wp-json\/wp\/v2\/pages"}],"about":[{"href":"https:\/\/www.divis.eu\/en\/wp-json\/wp\/v2\/types\/page"}],"author":[{"embeddable":true,"href":"https:\/\/www.divis.eu\/en\/wp-json\/wp\/v2\/users\/1"}],"replies":[{"embeddable":true,"href":"https:\/\/www.divis.eu\/en\/wp-json\/wp\/v2\/comments?post=19620"}],"version-history":[{"count":0,"href":"https:\/\/www.divis.eu\/en\/wp-json\/wp\/v2\/pages\/19620\/revisions"}],"wp:attachment":[{"href":"https:\/\/www.divis.eu\/en\/wp-json\/wp\/v2\/media?parent=19620"}],"curies":[{"name":"wp","href":"https:\/\/api.w.org\/{rel}","templated":true}]}}