{"id":23551,"date":"2021-10-12T16:55:27","date_gmt":"2021-10-12T16:55:27","guid":{"rendered":"https:\/\/www.divis.eu\/?page_id=23551"},"modified":"2022-12-10T20:15:04","modified_gmt":"2022-12-10T20:15:04","slug":"divis-news-archive-2021-video-surveillance-in-logistics","status":"publish","type":"page","link":"https:\/\/www.divis.eu\/en\/divis-news-archive-2021-video-surveillance-in-logistics\/","title":{"rendered":"DIVIS News Archive 2021 | video surveillance in logistics"},"content":{"rendered":"\n<h1>\n\t\tNews-Archiv 2021\n\t<\/h1>\n\t\t\t\t\t\t\t\t\t\t\t\t\t\t<a href=\"https:\/\/www.divis.eu\/divis-wuenscht-besinnliche-feiertage-unser-weihnachtsvideo\/\" target=\"_self\" title=\"DIVIS w\u00fcnscht Ihnen besinnliche Feiertage\" rel=\"noopener\">\n\t\t\t\t<img decoding=\"async\" src=\"https:\/\/www.divis.eu\/wp-content\/uploads\/2021\/12\/weihnachts-nl-featured-DE-2.gif\" alt=\"DIVIS w\u00fcnscht Frohe Weihnachten | VIdeomanagement aus Bordesholm\">\n\t\t\t\t<\/a>\n\t\t\t\t\t\t<h2>\n\t\t\t\t\t\t\t\tDezember\t\t\t\t\t\t\t\t\n\t\t\t\t\t\t\t\t19\n\t\t\t\t\t\t\t\t2021\n\t\t\t\t\t\t<\/h2>\n\t\t\t\t\t\t<h4>\n\t\t\t\t<a href=\"https:\/\/www.divis.eu\/divis-wuenscht-besinnliche-feiertage-unser-weihnachtsvideo\/\" title=\"DIVIS w\u00fcnscht Ihnen besinnliche Feiertage\" tabindex=\"0\">DIVIS w\u00fcnscht Ihnen besinnliche Feiertage<\/a>\t\t\t<\/h4>\n\t\t\t\t\t\t\t\tEin herzliches Dankesch\u00f6n an unsere gro\u00dfartigen Kunden, Partner und Mitarbeiter, ein unterhaltsames Video \u00fcber die videomanagementgest\u00fctzte Logistik des Weihnachtsmannes und interessante Informationen \u00fcber die vielf\u00e4ltigen karitativen Projekte, denen wir wie in jedem Jahr eine Spende zukommen lassen &#8211; all das finden Sie hier! Wir w\u00fcnschen Ihnen eine sch\u00f6ne Weihnachtszeit.\n\t\t\t<a href=\"https:\/\/www.divis.eu\/divis-wuenscht-besinnliche-feiertage-unser-weihnachtsvideo\/\" target=\"_self\" role=\"button\" aria-label=\"Weiterlesen\" rel=\"noopener\">\n\t\t\t\t\t\t\tWeiterlesen\n\t\t<\/a>\n\t\t\t\t\t\t\t\t\t\t\t\t\t\t<a href=\"https:\/\/www.divis.eu\/sondermitteilung-divis-videosysteme-nicht-von-java-sicherheitsluecke-betroffen\/\" target=\"_self\" title=\"Sondermitteilung: DIVIS-Videosysteme nicht von JAVA-Sicherheitsl\u00fccke betroffen\" rel=\"noopener\">\n\t\t\t\t<img decoding=\"async\" src=\"https:\/\/www.divis.eu\/wp-content\/uploads\/2021\/12\/java-sicherheitsluecke-DE-1.jpg\" alt=\"Sondermitteilung: DIVIS-Videosysteme nicht von JAVA-Sicherheitsl\u00fccke betroffen\">\n\t\t\t\t<\/a>\n\t\t\t\t\t\t<h2>\n\t\t\t\t\t\t\t\tDezember\t\t\t\t\t\t\t\t\n\t\t\t\t\t\t\t\t15\n\t\t\t\t\t\t\t\t2021\n\t\t\t\t\t\t<\/h2>\n\t\t\t\t\t\t<h4>\n\t\t\t\t<a href=\"https:\/\/www.divis.eu\/sondermitteilung-divis-videosysteme-nicht-von-java-sicherheitsluecke-betroffen\/\" title=\"Sondermitteilung: DIVIS-Videosysteme nicht von JAVA-Sicherheitsl\u00fccke betroffen\" tabindex=\"0\">Sondermitteilung: DIVIS-Videosysteme nicht von JAVA-Sicherheitsl\u00fccke betroffen<\/a>\t\t\t<\/h4>\n\t\t\t\t\t\t\t\tDas BSI warnt aktuell vor einer Sicherheitsl\u00fccke in der Java-Software mit Warnstufe Rot. Die DIVIS-Software ist hiervon nicht betroffen. Mit dieser Sondermeldung m\u00f6chten wir Klarheit schaffen und Ihnen die Sorge nehmen. \n\t\t\t<a href=\"https:\/\/www.divis.eu\/sondermitteilung-divis-videosysteme-nicht-von-java-sicherheitsluecke-betroffen\/\" target=\"_self\" role=\"button\" aria-label=\"Weiterlesen\" rel=\"noopener\">\n\t\t\t\t\t\t\tWeiterlesen\n\t\t<\/a>\n\t\t\t\t\t\t\t\t\t\t\t\t\t\t<a href=\"https:\/\/www.divis.eu\/divis-rueckblick-2021-und-softwaretipps\/\" target=\"_self\" title=\"DIVIS-R\u00fcckblick 2021 und Softwaretipps\" rel=\"noopener\">\n\t\t\t\t<img decoding=\"async\" src=\"https:\/\/www.divis.eu\/wp-content\/uploads\/2021\/12\/DIVIS-newsletter12-2021-featured-DE-3.gif\" alt=\"DIVIS-Tipp des Monats\">\n\t\t\t\t<\/a>\n\t\t\t\t\t\t<h2>\n\t\t\t\t\t\t\t\tDezember\t\t\t\t\t\t\t\t\n\t\t\t\t\t\t\t\t4\n\t\t\t\t\t\t\t\t2021\n\t\t\t\t\t\t<\/h2>\n\t\t\t\t\t\t<h4>\n\t\t\t\t<a href=\"https:\/\/www.divis.eu\/divis-rueckblick-2021-und-softwaretipps\/\" title=\"DIVIS-R\u00fcckblick 2021 und Softwaretipps\" tabindex=\"0\">DIVIS-R\u00fcckblick 2021 und Softwaretipps<\/a>\t\t\t<\/h4>\n\t\t\t\t\t\t\t\tHinter uns liegt ein positiv bewegtes Jahr. Erfahren Sie alles \u00fcber die Highlights 2021. Im Tipp des Monats finden Sie n\u00fctzliche Shortcuts und Steuerelemente f\u00fcr unsere CargoVIS- und ParcelVIS-Software. Schauen Sie am besten gleich rein.\n\t\t\t<a href=\"https:\/\/www.divis.eu\/divis-rueckblick-2021-und-softwaretipps\/\" target=\"_self\" role=\"button\" aria-label=\"Weiterlesen\" rel=\"noopener\">\n\t\t\t\t\t\t\tWeiterlesen\n\t\t<\/a>\n\t\t\t\t\t\t\t\t\t\t\t\t\t\t<a href=\"https:\/\/www.divis.eu\/rueckblick-streifzug-durch-ein-bewegtes-jahr-2021\/\" target=\"_self\" title=\"R\u00fcckblick: Streifzug durch ein bewegtes Jahr 2021\" rel=\"noopener\">\n\t\t\t\t<img decoding=\"async\" src=\"https:\/\/www.divis.eu\/wp-content\/uploads\/2021\/12\/divis-timeline2021-featured-2.jpg\" alt=\"DIVIS Timeline 2021\">\n\t\t\t\t<\/a>\n\t\t\t\t\t\t<h2>\n\t\t\t\t\t\t\t\tDezember\t\t\t\t\t\t\t\t\n\t\t\t\t\t\t\t\t4\n\t\t\t\t\t\t\t\t2021\n\t\t\t\t\t\t<\/h2>\n\t\t\t\t\t\t<h4>\n\t\t\t\t<a href=\"https:\/\/www.divis.eu\/rueckblick-streifzug-durch-ein-bewegtes-jahr-2021\/\" title=\"R\u00fcckblick: Streifzug durch ein bewegtes Jahr 2021\" tabindex=\"0\">R\u00fcckblick: Streifzug durch ein bewegtes Jahr 2021<\/a>\t\t\t<\/h4>\n\t\t\t\t\t\t\t\tWir laden Sie heute zu einem Streifzug durch ein f\u00fcr DIVIS bewegtes Jahr mit vielen positiven Entwicklungen ein. Zahlreiche interessante Projekte wurden realisiert, unser Produkt-Portfolio wurde erweitert und auch das DIVIS-Team bekam Zuwachs. Erfahren Sie hier alles \u00fcber die Highlights 2021.\n\t\t\t<a href=\"https:\/\/www.divis.eu\/rueckblick-streifzug-durch-ein-bewegtes-jahr-2021\/\" target=\"_self\" role=\"button\" aria-label=\"Weiterlesen\" rel=\"noopener\">\n\t\t\t\t\t\t\tWeiterlesen\n\t\t<\/a>\n\t\t\t\t\t\t\t\t\t\t\t\t\t\t<a href=\"https:\/\/www.divis.eu\/scannerortung-mit-ble-und-app-in-cargovis\/\" target=\"_self\" title=\"Taglose BLE-Scannerortung via App, Men\u00fcleiste in CargoVIS und ParcelVIS\" rel=\"noopener\">\n\t\t\t\t<img decoding=\"async\" src=\"https:\/\/www.divis.eu\/wp-content\/uploads\/2021\/11\/divis-newsletter-112021-DE-1.gif\" alt=\"DIVIS-Tipp des Monats\">\n\t\t\t\t<\/a>\n\t\t\t\t\t\t<h2>\n\t\t\t\t\t\t\t\tNovember\t\t\t\t\t\t\t\t\n\t\t\t\t\t\t\t\t8\n\t\t\t\t\t\t\t\t2021\n\t\t\t\t\t\t<\/h2>\n\t\t\t\t\t\t<h4>\n\t\t\t\t<a href=\"https:\/\/www.divis.eu\/scannerortung-mit-ble-und-app-in-cargovis\/\" title=\"Taglose BLE-Scannerortung via App, Men\u00fcleiste in CargoVIS und ParcelVIS\" tabindex=\"0\">Taglose BLE-Scannerortung via App, Men\u00fcleiste in CargoVIS und ParcelVIS<\/a>\t\t\t<\/h4>\n\t\t\t\t\t\t\t\tErfahren Sie heute, wieso Location<sup>+<\/sup> mit taglosem Bluetooth Low Energy (BLE) und der BLE-App eine sehr interessante Option f\u00fcr die Scannerortung in Logistikhallen ist. Im Tipp des Monats zeigen wir, wie Sie die Videoarbeitsfl\u00e4che in CargoVIS &amp; ParcelVIS vergr\u00f6\u00dfern, indem Sie via Shortcut das Men\u00fc aus- und wenn erneut ben\u00f6tigt nat\u00fcrlich auch wieder einblenden k\u00f6nnen.\n\t\t\t<a href=\"https:\/\/www.divis.eu\/scannerortung-mit-ble-und-app-in-cargovis\/\" target=\"_self\" role=\"button\" aria-label=\"Weiterlesen\" rel=\"noopener\">\n\t\t\t\t\t\t\tWeiterlesen\n\t\t<\/a>\n\t\t\t\t\t\t\t\t\t\t\t\t\t\t<a href=\"https:\/\/www.divis.eu\/praxisbewahrt-location-mit-taglosem-ble-bluetooth-low-energy\/\" target=\"_self\" title=\"BLE-Ortung via App \u00fcberzeugt durch Flexibilit\u00e4t und mehr Transparenz in der Praxis\" rel=\"noopener\">\n\t\t\t\t<img decoding=\"async\" src=\"https:\/\/www.divis.eu\/wp-content\/uploads\/2021\/11\/ble-location-plus-features-DE.gif\" alt=\"Taglose BLE-Scannerortung via App, Men\u00fcleiste in CargoVIS und ParcelVIS\">\n\t\t\t\t<\/a>\n\t\t\t\t\t\t<h2>\n\t\t\t\t\t\t\t\tNovember\t\t\t\t\t\t\t\t\n\t\t\t\t\t\t\t\t7\n\t\t\t\t\t\t\t\t2021\n\t\t\t\t\t\t<\/h2>\n\t\t\t\t\t\t<h4>\n\t\t\t\t<a href=\"https:\/\/www.divis.eu\/praxisbewahrt-location-mit-taglosem-ble-bluetooth-low-energy\/\" title=\"BLE-Ortung via App \u00fcberzeugt durch Flexibilit\u00e4t und mehr Transparenz in der Praxis\" tabindex=\"0\">BLE-Ortung via App \u00fcberzeugt durch Flexibilit\u00e4t und mehr Transparenz in der Praxis<\/a>\t\t\t<\/h4>\n\t\t\t\t\t\t\t\tVideomanagement kombiniert mit Scannerortung kann f\u00fcr zahlreiche Prozessoptimierungen in der Logistikhalle genutzt werden. Mit taglosem Bluetooth Low Energy (BLE) haben wir eine weitere Ortungsoption in unser Portfolio aufgenommen, die zusammen mit der DIVIS App und unserem Modul f\u00fcr die Scannerortung, Location<sup>+<\/sup>, diverse Vorteile mit sich bringt. Alle Infos dazu finden Sie in diesem Artikel.\n\t\t\t<a href=\"https:\/\/www.divis.eu\/praxisbewahrt-location-mit-taglosem-ble-bluetooth-low-energy\/\" target=\"_self\" role=\"button\" aria-label=\"Weiterlesen\" rel=\"noopener\">\n\t\t\t\t\t\t\tWeiterlesen\n\t\t<\/a>\n\t\t\t<ul class=\"page-numbers\">\n\t<li>1<\/li>\n\t<li><a href=\"https:\/\/www.divis.eu\/page\/2\/?page_id=23549&amp;fl_builder\">2<\/a><\/li>\n\t<li><a href=\"https:\/\/www.divis.eu\/page\/3\/?page_id=23549&amp;fl_builder\">3<\/a><\/li>\n\t<li><a href=\"https:\/\/www.divis.eu\/page\/4\/?page_id=23549&amp;fl_builder\">4<\/a><\/li>\n\t<li><a href=\"https:\/\/www.divis.eu\/page\/2\/?page_id=23549&amp;fl_builder\">Weiter \u00bb<\/a><\/li>\n<\/ul>\n\t\t<h3>\n\t\tArchiv\n\t<\/h3>\n\t\t\t\t\t<ul id=\"menu-newsarchiv-menu-de\"><li id=\"menu-item-25094\"><a href=\"https:\/\/www.divis.eu\/divis-newsarchiv-2021-videoueberwachung-in-der-logistik\/\">Newsarchiv 2021<\/a><\/li>\n<li id=\"menu-item-21308\"><a href=\"https:\/\/www.divis.eu\/divis-newsarchiv-2020-videoueberwachung-in-der-logistik\/\">Newsarchiv 2020<\/a><\/li>\n<li id=\"menu-item-18113\"><a href=\"https:\/\/www.divis.eu\/divis-newsarchiv-2019-videoueberwachung-in-der-logistik\/\">Newsarchiv 2019<\/a><\/li>\n<li id=\"menu-item-12981\"><a href=\"https:\/\/www.divis.eu\/divis-newsarchiv-2018-cctv-videoueberwachung-in-der-logistik\/\">Newsarchiv 2018<\/a><\/li>\n<li id=\"menu-item-7226\"><a href=\"https:\/\/www.divis.eu\/divis-newsarchiv-2017-cctv-kameraueberwachung\/\">Newsarchiv 2017<\/a><\/li>\n<li id=\"menu-item-7227\"><a href=\"https:\/\/www.divis.eu\/divis-newsarchiv-2016-warenverfolgung-im-lager\/\">Newsarchiv 2016<\/a><\/li>\n<li id=\"menu-item-15799\"><a href=\"https:\/\/www.divis.eu\/divis-newsarchiv-2015-warenverfolgung-im-lager\/\">Newsarchiv 2015<\/a><\/li>\n<li id=\"menu-item-15798\"><a href=\"https:\/\/www.divis.eu\/divis-newsarchiv-2014-cctv-kameraueberwachung-in-der-logistik\/\">Newsarchiv 2014<\/a><\/li>\n<li id=\"menu-item-15797\"><a href=\"https:\/\/www.divis.eu\/divis-newsarchiv-2013-warenverfolgung-im-lager\/\">Newsarchiv 2013<\/a><\/li>\n<li id=\"menu-item-15796\"><a href=\"https:\/\/www.divis.eu\/divis-newsarchiv-2012-cctv-videoueberwachung-in-der-logistik\/\">Newsarchiv 2012<\/a><\/li>\n<\/ul>\t\n\t\t\t\t<img decoding=\"async\" src=\"https:\/\/www.divis.eu\/wp-content\/uploads\/2018\/01\/kundenlogo-CTL-1.png\" alt=\"CTL | DIVIS Kunde\" itemprop=\"image\" height=\"51\" width=\"120\" title=\"kundenlogo-CTL\" onerror=\"this.style.display='none'\">\n\t\t\t\t<img decoding=\"async\" src=\"https:\/\/www.divis.eu\/wp-content\/uploads\/2018\/01\/kundenlogo-dpd.png\" alt=\"kundenlogo-dpd\" itemprop=\"image\" height=\"51\" width=\"120\" title=\"kundenlogo-dpd\" onerror=\"this.style.display='none'\">\n\t\t\t\t<img decoding=\"async\" src=\"https:\/\/www.divis.eu\/wp-content\/uploads\/2018\/01\/kundenlogo-emons.png\" alt=\"Emons | DIVIS-Kunde\" itemprop=\"image\" height=\"51\" width=\"120\" title=\"kundenlogo-emons\" onerror=\"this.style.display='none'\">\n\t\t\t\t<img decoding=\"async\" src=\"https:\/\/www.divis.eu\/wp-content\/uploads\/2018\/01\/kundenlogo-online.png\" alt=\"kundenlogo-online\" itemprop=\"image\" height=\"51\" width=\"120\" title=\"kundenlogo-online\" onerror=\"this.style.display='none'\">\n\t\t\t\t<img decoding=\"async\" src=\"https:\/\/www.divis.eu\/wp-content\/uploads\/2018\/01\/kundenlogo-rhenus.png\" alt=\"Rhenus Logistics | DIVIS-Kunde\" title=\"kundenlogo-rhenus\" itemprop=\"image\">\n\t\t\t\t<img decoding=\"async\" src=\"https:\/\/www.divis.eu\/wp-content\/uploads\/2018\/01\/kundenlogo-tsb.png\" alt=\"kundenlogo-tsb\" itemprop=\"image\" height=\"51\" width=\"120\" title=\"kundenlogo-tsb\" onerror=\"this.style.display='none'\">\n\t\t\t\t<img decoding=\"async\" src=\"https:\/\/www.divis.eu\/wp-content\/uploads\/2018\/01\/kundenlogo-gebrueder-weiss.png\" alt=\"Gebr\u00fcder Weiss | DIVIS-Kunde\" itemprop=\"image\" height=\"51\" width=\"150\" title=\"kundenlogo-gebrueder-weiss\" onerror=\"this.style.display='none'\">\n\t\t\t\t<img decoding=\"async\" src=\"https:\/\/www.divis.eu\/wp-content\/uploads\/2018\/01\/kundenlogo-tchibo.png\" alt=\"Tchibo | DIVIS-Kunde\" title=\"kundenlogo-tchibo\" itemprop=\"image\">\n\t\t\t\t<img decoding=\"async\" src=\"https:\/\/www.divis.eu\/wp-content\/uploads\/2018\/01\/kundenlogo-24plus.png\" alt=\"kundenlogo-24plus\" itemprop=\"image\" height=\"51\" width=\"120\" title=\"kundenlogo-24plus\" onerror=\"this.style.display='none'\">\n\t\t\t\t<img decoding=\"async\" src=\"https:\/\/www.divis.eu\/wp-content\/uploads\/2018\/01\/kundenlogo-transoflex-3.png\" alt=\"kundenlogo-transoflex\" title=\"kundenlogo-transoflex\" itemprop=\"image\">\n\t\t\t\t<img decoding=\"async\" src=\"https:\/\/www.divis.eu\/wp-content\/uploads\/2018\/01\/kundenlogo-geis.png\" alt=\"Spedition Geis | DIVIS-Kunde\" title=\"kundenlogo-geis\" itemprop=\"image\">\n\t\t\t\t<img decoding=\"async\" src=\"https:\/\/www.divis.eu\/wp-content\/uploads\/2018\/01\/kundenlogo-zufall.png\" alt=\"kundenlogo-zufall\" itemprop=\"image\" height=\"51\" width=\"120\" title=\"kundenlogo-zufall\" onerror=\"this.style.display='none'\">\n","protected":false},"excerpt":{"rendered":"<p>News-Archiv 2021 Dezember 19 2021 DIVIS w\u00fcnscht Ihnen besinnliche Feiertage Ein herzliches Dankesch\u00f6n an unsere gro\u00dfartigen Kunden, Partner und Mitarbeiter, ein unterhaltsames Video \u00fcber die videomanagementgest\u00fctzte Logistik des Weihnachtsmannes und interessante Informationen \u00fcber die vielf\u00e4ltigen karitativen Projekte, denen wir wie in jedem Jahr eine Spende zukommen lassen &#8211; all das finden Sie hier! Wir w\u00fcnschen&hellip;<\/p>\n","protected":false},"author":1,"featured_media":0,"parent":0,"menu_order":0,"comment_status":"closed","ping_status":"closed","template":"","meta":{"footnotes":""},"class_list":["post-23551","page","type-page","status-publish","hentry"],"yoast_head":"<!-- This site is optimized with the Yoast SEO plugin v27.4 - https:\/\/yoast.com\/product\/yoast-seo-wordpress\/ -->\n<title>DIVIS News Overview 2021 | video surveillance in logistics<\/title>\n<meta name=\"description\" content=\"Interesting news about DIVIS and our products for camera-based shipment tracking in logistics. Compare our solutions with conventional video surveillance and discover the difference.\" \/>\n<meta name=\"robots\" content=\"index, follow, max-snippet:-1, max-image-preview:large, max-video-preview:-1\" \/>\n<link rel=\"canonical\" href=\"https:\/\/www.divis.eu\/en\/divis-news-archive-2021-video-surveillance-in-logistics\/\" \/>\n<meta property=\"og:locale\" content=\"en_US\" \/>\n<meta property=\"og:type\" content=\"article\" \/>\n<meta property=\"og:title\" content=\"DIVIS News Overview 2021 | video surveillance in logistics\" \/>\n<meta property=\"og:description\" content=\"Interesting news about DIVIS and our products for camera-based shipment tracking in logistics. Compare our solutions with conventional video surveillance and discover the difference.\" \/>\n<meta property=\"og:url\" content=\"https:\/\/www.divis.eu\/en\/divis-news-archive-2021-video-surveillance-in-logistics\/\" \/>\n<meta property=\"og:site_name\" content=\"DIVIS - The intelligent view\" \/>\n<meta property=\"article:modified_time\" content=\"2022-12-10T20:15:04+00:00\" \/>\n<meta property=\"og:image\" content=\"https:\/\/www.divis.eu\/wp-content\/uploads\/2021\/12\/weihnachts-nl-featured-DE-2.gif\" \/>\n<meta name=\"twitter:card\" content=\"summary_large_image\" \/>\n<meta name=\"twitter:label1\" content=\"Est. reading time\" \/>\n\t<meta name=\"twitter:data1\" content=\"6 minutes\" \/>\n<script type=\"application\/ld+json\" class=\"yoast-schema-graph\">{\"@context\":\"https:\\\/\\\/schema.org\",\"@graph\":[{\"@type\":\"WebPage\",\"@id\":\"https:\\\/\\\/www.divis.eu\\\/en\\\/divis-news-archive-2021-video-surveillance-in-logistics\\\/\",\"url\":\"https:\\\/\\\/www.divis.eu\\\/en\\\/divis-news-archive-2021-video-surveillance-in-logistics\\\/\",\"name\":\"DIVIS News Overview 2021 | video surveillance in logistics\",\"isPartOf\":{\"@id\":\"https:\\\/\\\/www.divis.eu\\\/#website\"},\"primaryImageOfPage\":{\"@id\":\"https:\\\/\\\/www.divis.eu\\\/en\\\/divis-news-archive-2021-video-surveillance-in-logistics\\\/#primaryimage\"},\"image\":{\"@id\":\"https:\\\/\\\/www.divis.eu\\\/en\\\/divis-news-archive-2021-video-surveillance-in-logistics\\\/#primaryimage\"},\"thumbnailUrl\":\"https:\\\/\\\/www.divis.eu\\\/wp-content\\\/uploads\\\/2021\\\/12\\\/weihnachts-nl-featured-DE-2.gif\",\"datePublished\":\"2021-10-12T16:55:27+00:00\",\"dateModified\":\"2022-12-10T20:15:04+00:00\",\"description\":\"Interesting news about DIVIS and our products for camera-based shipment tracking in logistics. Compare our solutions with conventional video surveillance and discover the difference.\",\"breadcrumb\":{\"@id\":\"https:\\\/\\\/www.divis.eu\\\/en\\\/divis-news-archive-2021-video-surveillance-in-logistics\\\/#breadcrumb\"},\"inLanguage\":\"en-US\",\"potentialAction\":[{\"@type\":\"ReadAction\",\"target\":[\"https:\\\/\\\/www.divis.eu\\\/en\\\/divis-news-archive-2021-video-surveillance-in-logistics\\\/\"]}]},{\"@type\":\"ImageObject\",\"inLanguage\":\"en-US\",\"@id\":\"https:\\\/\\\/www.divis.eu\\\/en\\\/divis-news-archive-2021-video-surveillance-in-logistics\\\/#primaryimage\",\"url\":\"https:\\\/\\\/www.divis.eu\\\/wp-content\\\/uploads\\\/2021\\\/12\\\/weihnachts-nl-featured-DE-2.gif\",\"contentUrl\":\"https:\\\/\\\/www.divis.eu\\\/wp-content\\\/uploads\\\/2021\\\/12\\\/weihnachts-nl-featured-DE-2.gif\"},{\"@type\":\"BreadcrumbList\",\"@id\":\"https:\\\/\\\/www.divis.eu\\\/en\\\/divis-news-archive-2021-video-surveillance-in-logistics\\\/#breadcrumb\",\"itemListElement\":[{\"@type\":\"ListItem\",\"position\":1,\"name\":\"Startseite\",\"item\":\"https:\\\/\\\/www.divis.eu\\\/en\\\/\"},{\"@type\":\"ListItem\",\"position\":2,\"name\":\"DIVIS News Archive 2021 | video surveillance in logistics\"}]},{\"@type\":\"WebSite\",\"@id\":\"https:\\\/\\\/www.divis.eu\\\/#website\",\"url\":\"https:\\\/\\\/www.divis.eu\\\/\",\"name\":\"DIVIS - The intelligent view\",\"description\":\"Videosysteml\u00f6sungen f\u00fcr Umschlags- und Warenlager\",\"potentialAction\":[{\"@type\":\"SearchAction\",\"target\":{\"@type\":\"EntryPoint\",\"urlTemplate\":\"https:\\\/\\\/www.divis.eu\\\/?s={search_term_string}\"},\"query-input\":{\"@type\":\"PropertyValueSpecification\",\"valueRequired\":true,\"valueName\":\"search_term_string\"}}],\"inLanguage\":\"en-US\"}]}<\/script>\n<!-- \/ Yoast SEO plugin. -->","yoast_head_json":{"title":"DIVIS News Overview 2021 | video surveillance in logistics","description":"Interesting news about DIVIS and our products for camera-based shipment tracking in logistics. Compare our solutions with conventional video surveillance and discover the difference.","robots":{"index":"index","follow":"follow","max-snippet":"max-snippet:-1","max-image-preview":"max-image-preview:large","max-video-preview":"max-video-preview:-1"},"canonical":"https:\/\/www.divis.eu\/en\/divis-news-archive-2021-video-surveillance-in-logistics\/","og_locale":"en_US","og_type":"article","og_title":"DIVIS News Overview 2021 | video surveillance in logistics","og_description":"Interesting news about DIVIS and our products for camera-based shipment tracking in logistics. Compare our solutions with conventional video surveillance and discover the difference.","og_url":"https:\/\/www.divis.eu\/en\/divis-news-archive-2021-video-surveillance-in-logistics\/","og_site_name":"DIVIS - The intelligent view","article_modified_time":"2022-12-10T20:15:04+00:00","og_image":[{"url":"https:\/\/www.divis.eu\/wp-content\/uploads\/2021\/12\/weihnachts-nl-featured-DE-2.gif","type":"","width":"","height":""}],"twitter_card":"summary_large_image","twitter_misc":{"Est. reading time":"6 minutes"},"schema":{"@context":"https:\/\/schema.org","@graph":[{"@type":"WebPage","@id":"https:\/\/www.divis.eu\/en\/divis-news-archive-2021-video-surveillance-in-logistics\/","url":"https:\/\/www.divis.eu\/en\/divis-news-archive-2021-video-surveillance-in-logistics\/","name":"DIVIS News Overview 2021 | video surveillance in logistics","isPartOf":{"@id":"https:\/\/www.divis.eu\/#website"},"primaryImageOfPage":{"@id":"https:\/\/www.divis.eu\/en\/divis-news-archive-2021-video-surveillance-in-logistics\/#primaryimage"},"image":{"@id":"https:\/\/www.divis.eu\/en\/divis-news-archive-2021-video-surveillance-in-logistics\/#primaryimage"},"thumbnailUrl":"https:\/\/www.divis.eu\/wp-content\/uploads\/2021\/12\/weihnachts-nl-featured-DE-2.gif","datePublished":"2021-10-12T16:55:27+00:00","dateModified":"2022-12-10T20:15:04+00:00","description":"Interesting news about DIVIS and our products for camera-based shipment tracking in logistics. Compare our solutions with conventional video surveillance and discover the difference.","breadcrumb":{"@id":"https:\/\/www.divis.eu\/en\/divis-news-archive-2021-video-surveillance-in-logistics\/#breadcrumb"},"inLanguage":"en-US","potentialAction":[{"@type":"ReadAction","target":["https:\/\/www.divis.eu\/en\/divis-news-archive-2021-video-surveillance-in-logistics\/"]}]},{"@type":"ImageObject","inLanguage":"en-US","@id":"https:\/\/www.divis.eu\/en\/divis-news-archive-2021-video-surveillance-in-logistics\/#primaryimage","url":"https:\/\/www.divis.eu\/wp-content\/uploads\/2021\/12\/weihnachts-nl-featured-DE-2.gif","contentUrl":"https:\/\/www.divis.eu\/wp-content\/uploads\/2021\/12\/weihnachts-nl-featured-DE-2.gif"},{"@type":"BreadcrumbList","@id":"https:\/\/www.divis.eu\/en\/divis-news-archive-2021-video-surveillance-in-logistics\/#breadcrumb","itemListElement":[{"@type":"ListItem","position":1,"name":"Startseite","item":"https:\/\/www.divis.eu\/en\/"},{"@type":"ListItem","position":2,"name":"DIVIS News Archive 2021 | video surveillance in logistics"}]},{"@type":"WebSite","@id":"https:\/\/www.divis.eu\/#website","url":"https:\/\/www.divis.eu\/","name":"DIVIS - The intelligent view","description":"Videosysteml\u00f6sungen f\u00fcr Umschlags- und Warenlager","potentialAction":[{"@type":"SearchAction","target":{"@type":"EntryPoint","urlTemplate":"https:\/\/www.divis.eu\/?s={search_term_string}"},"query-input":{"@type":"PropertyValueSpecification","valueRequired":true,"valueName":"search_term_string"}}],"inLanguage":"en-US"}]}},"_links":{"self":[{"href":"https:\/\/www.divis.eu\/en\/wp-json\/wp\/v2\/pages\/23551","targetHints":{"allow":["GET"]}}],"collection":[{"href":"https:\/\/www.divis.eu\/en\/wp-json\/wp\/v2\/pages"}],"about":[{"href":"https:\/\/www.divis.eu\/en\/wp-json\/wp\/v2\/types\/page"}],"author":[{"embeddable":true,"href":"https:\/\/www.divis.eu\/en\/wp-json\/wp\/v2\/users\/1"}],"replies":[{"embeddable":true,"href":"https:\/\/www.divis.eu\/en\/wp-json\/wp\/v2\/comments?post=23551"}],"version-history":[{"count":0,"href":"https:\/\/www.divis.eu\/en\/wp-json\/wp\/v2\/pages\/23551\/revisions"}],"wp:attachment":[{"href":"https:\/\/www.divis.eu\/en\/wp-json\/wp\/v2\/media?parent=23551"}],"curies":[{"name":"wp","href":"https:\/\/api.w.org\/{rel}","templated":true}]}}