{"id":4484,"date":"2018-03-01T03:33:01","date_gmt":"2018-03-01T03:33:01","guid":{"rendered":"https:\/\/www.divis.eu\/?page_id=4484"},"modified":"2024-04-04T23:25:29","modified_gmt":"2024-04-04T23:25:29","slug":"modules-video-surveillance-solutions-logistics","status":"publish","type":"page","link":"https:\/\/www.divis.eu\/en\/modules-video-surveillance-solutions-logistics\/","title":{"rendered":"Modules for video surveillance solutions in logistics"},"content":{"rendered":"\n\n\t\t\t\t<img decoding=\"async\" src=\"https:\/\/www.divis.eu\/wp-content\/uploads\/2018\/03\/seitenbild-links-module-mehrwert-en.png\" alt=\"Modules | Powerful add-ons for your logistics with video surveillance\" title=\"seitenbild-links-module-mehrwert-en\" itemprop=\"image\"  \/>\n<h1>\n\t\tAdded value for your software\n\t<\/h1>\n<h1>\n\t\tOptional Plus<sup>+<\/sup> Features\n\t<\/h1>\n\t<p>With our versatile Plus<sup>+<\/sup> features, you can expand our <strong>video surveillance solutions for logistics<\/strong> quickly and tailored to your needs. The following modules are optionally available for our CargoVIS software for an extra fee.<\/p>\n\t\t\t\t<img decoding=\"async\" src=\"https:\/\/www.divis.eu\/wp-content\/uploads\/2018\/02\/icon-gate-plus.png\" alt=\"Vielseitige Plus Funktionen erweitern unsere Video\u00fcberwachungsl\u00f6sungen f\u00fcr die Logistik\" title=\"icon-gate-plus\" itemprop=\"image\"\/>\n\t\t<h4>Optional Plus<sup>+<\/sup> Feature for CargoVIS<\/h4><h3>Gate<sup>+<\/sup><\/h3>\t\t\t\n<h3>\n\t\tGate and door statuses at a glance\n\t<\/h3>\n\t\t\t\t<img decoding=\"async\" src=\"https:\/\/www.divis.eu\/wp-content\/uploads\/2018\/07\/gate-plus-softwaremodul.png\" alt=\"Gate Plus - Software zur Sendungsverfolgung in der Logistik\" title=\"gate-plus-softwaremodul\" itemprop=\"image\"\/>\n\t\t\t\t<p>Gate<sup>+<\/sup>\u00a0is an extension to our <a href=\"https:\/\/www.divis.eu\/en\/cargovis-video-management-software-transshipment-warehouses\">software for shipment research in logistics<\/a>. Gate<sup>+\u00a0<\/sup>automatically detects gate \/ door statuses and closes security gaps. Especially in cold stores you can use Gate<sup>+<\/sup> to make your logistics processes more environmentally friendly and energy-efficient (&#8220;Green Logistics&#8221;), thus also more cost-effective.<\/p>\n\t\t\t<a href=\"https:\/\/www.divis.eu\/en\/tracking-software-in-logistics-gate-plus-module\/\" target=\"_self\" role=\"button\" aria-label=\"Gate&lt;sup&gt;+&lt;\/sup&gt; Product Video\" rel=\"noopener\">\n\t\t\t\t\t\t\tGate<sup>+<\/sup> Product Video\n\t\t<\/a>\n\t\t\t\t<img decoding=\"async\" src=\"https:\/\/www.divis.eu\/wp-content\/uploads\/2018\/02\/icon-location-plus.png\" alt=\"Vielseitige Plus Funktionen erweitern unsere Video\u00fcberwachungsl\u00f6sungen f\u00fcr die Logistik\" title=\"icon-location-plus\" itemprop=\"image\"\/>\n\t\t<h4>Optional Plus<sup>+<\/sup> Feature for CargoVIS<\/h4><h3>Location<sup>+<\/sup><\/h3>\t\t\t\n<h3>\n\t\tPrecise search entry, faster results\n\t<\/h3>\n\t\t\t\t<p>Whether scanning or forklift path, Location<sup>+<\/sup> determines the exact positions by means of locating your scanners in the hall with a precision of +\/- 50 cm tolerance. A red dot in the location plan of your logistics hall and in all images belonging to the scan time shows the exact scanner position. This ensures a quick search entry and best orientation.<\/p>\n<p><a href=\"https:\/\/www.divis.eu\/en\/indoor-positioning-with-location-for-transparent-processes\/\">Read more about Location<sup>+<\/sup> in this news article.<\/a><\/p>\n<p><a href=\"https:\/\/www.divis.eu\/en\/locating-for-your-business\/\">Discover the potential of locating for your business with the location-explorer.<\/a><\/p>\n\t\t\t\t<img decoding=\"async\" src=\"https:\/\/www.divis.eu\/wp-content\/uploads\/2018\/02\/location-plus.png\" alt=\"Vielseitige Plus Funktionen erweitern unsere Video\u00fcberwachungsl\u00f6sungen f\u00fcr die Logistik\" title=\"location-plus\" itemprop=\"image\"\/>\n\t\t\t\t<img decoding=\"async\" src=\"https:\/\/www.divis.eu\/wp-content\/uploads\/2018\/02\/icon-load-plus.png\" alt=\"Vielseitige Plus Funktionen erweitern unsere Video\u00fcberwachungsl\u00f6sungen f\u00fcr die Logistik\" title=\"icon-load-plus\" itemprop=\"image\"\/>\n\t\t<h4>Optional Plus<sup>+<\/sup> Feature for CargoVIS<\/h4><h3>Load<sup>+<\/sup><\/h3>\t\t\t\n<h3>\n\t\tTargeted optimization of your tours<br \/>and documentation of load securing\n\t<\/h3>\n\t\t\t\t<img decoding=\"async\" src=\"https:\/\/www.divis.eu\/wp-content\/uploads\/2018\/02\/load-plus-e1518211515847.png\" alt=\"Vielseitige Plus Funktionen erweitern unsere Video\u00fcberwachungsl\u00f6sungen f\u00fcr die Logistik\" title=\"load-plus\" itemprop=\"image\"\/>\n\t\t\t\t<p>Load<sup>+\u00a0<\/sup>for <a href=\"https:\/\/www.divis.eu\/en\/load-plus-video-analysis-logistics-product-video\/\">video analysis in logistics<\/a> creates different PDF reports at the touch of a button, e.g. a load status list of departing trucks per shipper relation. Displays of parking space markings facilitate the detection of free loading meters.<\/p>\n<p><strong>The special advantage of the module:<\/strong><br \/>The information is more reliable than the usual values because it visualizes the actual state of loading and unloading and not the calculated volumes from the shipping software. This way incompletely loaded tours can be recognized and the planning optimized.<br \/>The loading steps documented in images also allow easy control of load securing.<\/p>\n\t\t\t<a href=\"https:\/\/www.divis.eu\/en\/load-plus-video-analysis-logistics-product-video\/\" target=\"_self\" role=\"button\" aria-label=\"Load&lt;sup&gt;+&lt;\/sup&gt; Product Video\" rel=\"noopener\">\n\t\t\t\t\t\t\tLoad<sup>+<\/sup> Product Video\n\t\t<\/a>\n\t\t\t<a href=\"https:\/\/www.divis.eu\/en\/video-surveillance-in-hall-turnover-with-solutions-from-divis\/\" target=\"_self\" role=\"button\" aria-label=\"More optional modules\" rel=\"noopener\">\n\t\t\t\t\t\t\tMore optional modules\n\t\t<\/a>\n<h2>\n\t\tOur Software Solutions\n\t<\/h2>\n\t\t\t\t<img decoding=\"async\" src=\"https:\/\/www.divis.eu\/wp-content\/uploads\/2018\/01\/logo-cargovis-gr.png\" alt=\"logo-cargovis-gr\" title=\"logo-cargovis-gr\" itemprop=\"image\"\/>\n\t\t<h3>Find palletised shipments quickly with CargoVIS<\/h3>\t\t\t\n\t\t\t\t<p>With our video management software for cargo handling, CargoVIS, we offer you a comprehensive and easy-to-use system solution for the image-controlled investigation and tracking of palletised goods.<\/p>\n\t\t\t<a href=\"https:\/\/www.divis.eu\/en\/cargovis-video-management-software-transshipment-warehouses\/\" target=\"_self\" role=\"button\" aria-label=\"More about CargoVIS\" rel=\"noopener\">\n\t\t\t\t\t\t\tMore about CargoVIS\n\t\t<\/a>\n\t\t\t\t<img decoding=\"async\" src=\"https:\/\/www.divis.eu\/wp-content\/uploads\/2018\/01\/logo-parcelvis-gr.png\" alt=\"\" title=\"\" itemprop=\"image\"\/>\n\t\t<h3>ParcelVIS for cross docking &#038; CEP providers<\/h3>\t\t\t\n<p>Save time and money and let ParcelVIS work effectively for you with image-based consignment investigation in the transshipment warehouse: Entering the parcel label number is your key to all information on the whereabouts and status of a consignment during all scanned events.\u00a0<\/p>\n\t\t\t<a href=\"https:\/\/www.divis.eu\/en\/parcelvis-image-based-parcel-tracking-cep\/\" target=\"_self\" role=\"button\" aria-label=\"More about ParcelVIS\" rel=\"noopener\">\n\t\t\t\t\t\t\tMore about ParcelVIS\n\t\t<\/a>\n\t\t\t\t<img decoding=\"async\" src=\"https:\/\/www.divis.eu\/wp-content\/uploads\/2018\/01\/KHansen_logo.png\" alt=\"K. Hansen Transport AS aus D\u00e4nemark | DIVIS-Kunde\" title=\"KHansen_logo\" itemprop=\"image\"\/>\n\t\t\t\t\t\t\t\t<h3 class='uabb-testimonial-author-name testimonial-author-name'>K. Hansen Transport AS<\/h3>\t\t\t\t\t\t\t\t\n\t\t\t\t\t\t\t\t\tDenmark\t\t\t\t\t\t\t\t\n\t\t\t\t\t\t\t<blockquote><p>&#8220;We have already achieved very good results in finding goods and lost shipments since [CargoVIS] was installed. We are very satisfied with the system.&#8221;<\/p><\/blockquote>\t\t\t\t\t\t\n\t\t\t\t<img decoding=\"async\" src=\"https:\/\/www.divis.eu\/wp-content\/uploads\/2018\/01\/logo-van-duuren-weiss.png\" alt=\"logo-van-duuren-weiss\" title=\"logo-van-duuren-weiss\" itemprop=\"image\"\/>\n\t\t\t\t\t\t\t\t<h3 class='uabb-testimonial-author-name testimonial-author-name'>Van Duuren<\/h3>\t\t\t\t\t\t\t\t\n\t\t\t\t\t\t\t\t\tNetherlands\t\t\t\t\t\t\t\t\n\t\t\t\t\t\t\t<blockquote><p>&#8220;CargoVIS is working perfectly, everyone is used to it and we can&#8217; t live without it anymore.&#8221;<\/p><\/blockquote>\n\t\t\t\t<img decoding=\"async\" src=\"https:\/\/www.divis.eu\/wp-content\/uploads\/2018\/01\/logo-tsb.png\" alt=\"logo-tsb\" title=\"logo-tsb\" itemprop=\"image\"\/>\n\t\t\t\t\t\t\t\t<h3 class='uabb-testimonial-author-name testimonial-author-name'>TSBtrans<\/h3>\t\t\t\t\t\t\t\t\n\t\t\t\t\t\t\t\t\tSpain\t\t\t\t\t\t\t\t\n\t\t\t\t\t\t\t<blockquote><p>&#8220;CargoVIS is completely reliable, and because of its tracking capabilities the investment in TSB has paid for itself in less than a year by finding &#8216;vanished&#8217; pallets and identifying sources of damage.&#8221;<\/p><\/blockquote>\t\t\t\t\t\t\n\t\t\t\t<img decoding=\"async\" src=\"https:\/\/www.divis.eu\/wp-content\/uploads\/2018\/01\/logo-lagermax.png\" alt=\"logo-lagermax\" title=\"logo-lagermax\" itemprop=\"image\"\/>\n\t\t\t\t\t\t\t\t<h3 class='uabb-testimonial-author-name testimonial-author-name'>Lagermax Paketdienst GmbH &amp; Co KG<\/h3>\t\t\t\t\t\t\t\t\n\t\t\t\t\t\t\t\t\tAustria\t\t\t\t\t\t\t\t\n\t\t\t\t\t\t\t<blockquote><p>&#8220;We have been using the ParcelVIS from DIVIS for 5 years and have never had any problems.&#8221;<\/p><\/blockquote>\t\t\t\t\t\t\n\t\t\t\t<img decoding=\"async\" src=\"https:\/\/www.divis.eu\/wp-content\/uploads\/2018\/01\/logo-voigt-invers.png\" alt=\"logo-voigt-invers\" title=\"logo-voigt-invers\" itemprop=\"image\"\/>\n\t\t\t\t\t\t\t\t<h3 class='uabb-testimonial-author-name testimonial-author-name'>Herbert Voigt GmbH &amp; Co. KG<\/h3>\t\t\t\t\t\t\t\t\n\t\t\t\t\t\t\t\t\tGermany\t\t\t\t\t\t\t\t\n\t\t\t\t\t\t\t<blockquote><p>&#8220;With DIVIS we have a competent partner who always has a solution for our individual ideas.&#8221;<\/p><\/blockquote>\t\t\t\t\t\t\n\t\t\t\t<img decoding=\"async\" src=\"https:\/\/www.divis.eu\/wp-content\/uploads\/2018\/01\/logo-schmalz-schoen.png\" alt=\"logo-schmalz-schoen\" title=\"logo-schmalz-schoen\" itemprop=\"image\"\/>\n\t\t\t\t\t\t\t\t<h3 class='uabb-testimonial-author-name testimonial-author-name'>SCHMALZ+SCH\u00d6N Logistics GmbH<\/h3>\t\t\t\t\t\t\t\t\n\t\t\t\t\t\t\t\t\tGermany\t\t\t\t\t\t\t\t\n\t\t\t\t\t\t\t<blockquote><p>&#8220;The perfect solution even for heterogeneous handling areas &#8211; video surveillance at the package level by DIVIS.&#8221;<\/p><\/blockquote>\t\t\t\t\t\t\n\t\t\t<a href=\"https:\/\/www.divis.eu\/en\/references-consignment-tracking-warehouse\/\" target=\"_self\" role=\"button\" aria-label=\"Find Case Studies\" rel=\"noopener\">\n\t\t\t\t\t\t\tFind Case Studies\n\t\t<\/a>\n\t\t\t\t<img decoding=\"async\" src=\"https:\/\/www.divis.eu\/wp-content\/uploads\/2018\/01\/hendrik-reger-1.png\" alt=\"Hendrik Reger | DIVIS | Videol\u00f6sungen f\u00fcr die Logistik\" itemprop=\"image\" height=\"385\" width=\"300\" title=\"hendrik-reger\" onerror=\"this.style.display='none'\"  \/>\n\t<em><strong>Hendrik Reger<\/strong><br \/>\nManaging Director<br \/>\n<\/em>\n<h1>\n\t\tYou have questions?\n\t<\/h1>\n<h1>\n\t\tWe have answers\n\t<\/h1>\n\t<p>Our team will be happy to answer your questions about our products at no charge and without obligation.<\/p>\n\t\t\t<a href=\"https:\/\/www.divis.eu\/contact-divis-provider-camera-based-shipment-tracking\/?lang=en\" target=\"_self\" role=\"button\" aria-label=\"Contact DIVIS\" rel=\"noopener\">\n\t\t\t\t\t\t\tContact DIVIS\n\t\t<\/a>\n\t\t\t\t<img decoding=\"async\" src=\"https:\/\/www.divis.eu\/wp-content\/uploads\/2018\/01\/kundenlogo-CTL-1.png\" alt=\"CTL | DIVIS Kunde\" title=\"kundenlogo-CTL\" itemprop=\"image\"  \/>\n\t\t\t\t<img decoding=\"async\" src=\"https:\/\/www.divis.eu\/wp-content\/uploads\/2018\/01\/kundenlogo-dpd.png\" alt=\"kundenlogo-dpd\" title=\"kundenlogo-dpd\" itemprop=\"image\"  \/>\n\t\t\t\t<img decoding=\"async\" src=\"https:\/\/www.divis.eu\/wp-content\/uploads\/2018\/01\/kundenlogo-online.png\" alt=\"kundenlogo-online\" title=\"kundenlogo-online\" itemprop=\"image\"  \/>\n\t\t\t\t<img decoding=\"async\" src=\"https:\/\/www.divis.eu\/wp-content\/uploads\/2018\/01\/kundenlogo-rhenus.png\" alt=\"Rhenus Logistics | DIVIS-Kunde\" title=\"kundenlogo-rhenus\" itemprop=\"image\"  \/>\n\t\t\t\t<img decoding=\"async\" src=\"https:\/\/www.divis.eu\/wp-content\/uploads\/2018\/01\/kundenlogo-tsb.png\" alt=\"kundenlogo-tsb\" title=\"kundenlogo-tsb\" itemprop=\"image\"  \/>\n\t\t\t\t<img decoding=\"async\" src=\"https:\/\/www.divis.eu\/wp-content\/uploads\/2018\/01\/logo-van-duuren-mono-2.png\" alt=\"logo-van-duuren-mono\" title=\"logo-van-duuren-mono\" itemprop=\"image\"  \/>\n\t\t\t\t<img decoding=\"async\" src=\"https:\/\/www.divis.eu\/wp-content\/uploads\/2018\/01\/kundenlogo-transoflex-3.png\" alt=\"kundenlogo-transoflex\" title=\"kundenlogo-transoflex\" itemprop=\"image\"  \/>\n\t\t\t\t<img decoding=\"async\" src=\"https:\/\/www.divis.eu\/wp-content\/uploads\/2018\/01\/kundenlogo-emons.png\" alt=\"Emons | DIVIS-Kunde\" title=\"kundenlogo-emons\" itemprop=\"image\"  \/>\n\t\t\t\t<img decoding=\"async\" src=\"https:\/\/www.divis.eu\/wp-content\/uploads\/2018\/01\/kundenlogo-geis.png\" alt=\"Spedition Geis | DIVIS-Kunde\" title=\"kundenlogo-geis\" itemprop=\"image\"  \/>\n\t\t\t\t<img decoding=\"async\" src=\"https:\/\/www.divis.eu\/wp-content\/uploads\/2018\/01\/kundenlogo-gebrueder-weiss.png\" alt=\"Gebr\u00fcder Weiss | DIVIS-Kunde\" title=\"kundenlogo-gebrueder-weiss\" itemprop=\"image\"  \/>\n\t\t\t\t<img decoding=\"async\" src=\"https:\/\/www.divis.eu\/wp-content\/uploads\/2018\/01\/kundenlogo-tchibo.png\" alt=\"Tchibo | DIVIS-Kunde\" title=\"kundenlogo-tchibo\" itemprop=\"image\"  \/>\n\t\t\t\t<img decoding=\"async\" src=\"https:\/\/www.divis.eu\/wp-content\/uploads\/2018\/01\/kundenlogo-24plus.png\" alt=\"kundenlogo-24plus\" title=\"kundenlogo-24plus\" itemprop=\"image\"  \/>\n\n","protected":false},"excerpt":{"rendered":"<p>Added value for your software Optional Plus+ Features With our versatile Plus+ features, you can expand our video surveillance solutions for logistics quickly and tailored to your needs. The following modules are optionally available for our CargoVIS software for an extra fee. Optional Plus+ Feature for CargoVIS Gate+ Gate and door statuses at a glance&hellip;<\/p>\n","protected":false},"author":1,"featured_media":0,"parent":0,"menu_order":0,"comment_status":"closed","ping_status":"closed","template":"","meta":{"footnotes":""},"class_list":["post-4484","page","type-page","status-publish","hentry"],"yoast_head":"<!-- This site is optimized with the Yoast SEO plugin v27.4 - https:\/\/yoast.com\/product\/yoast-seo-wordpress\/ -->\n<title>Modules | Extensions of your video surveillance solutions in logistics<\/title>\n<meta name=\"description\" content=\"With our versatile Plus features, you can expand our video surveillance solutions for logistics in an instant, tailored to your needs | DIVIS\" \/>\n<meta name=\"robots\" content=\"index, follow, max-snippet:-1, max-image-preview:large, max-video-preview:-1\" \/>\n<link rel=\"canonical\" href=\"https:\/\/www.divis.eu\/en\/modules-video-surveillance-solutions-logistics\/\" \/>\n<meta property=\"og:locale\" content=\"en_US\" \/>\n<meta property=\"og:type\" content=\"article\" \/>\n<meta property=\"og:title\" content=\"Modules | Extensions of your video surveillance solutions in logistics\" \/>\n<meta property=\"og:description\" content=\"With our versatile Plus features, you can expand our video surveillance solutions for logistics in an instant, tailored to your needs | DIVIS\" \/>\n<meta property=\"og:url\" content=\"https:\/\/www.divis.eu\/en\/modules-video-surveillance-solutions-logistics\/\" \/>\n<meta property=\"og:site_name\" content=\"DIVIS - The intelligent view\" \/>\n<meta property=\"article:modified_time\" content=\"2024-04-04T23:25:29+00:00\" \/>\n<meta property=\"og:image\" content=\"https:\/\/www.divis.eu\/wp-content\/uploads\/2018\/03\/seitenbild-links-module-mehrwert-en.png\" \/>\n<meta name=\"twitter:card\" content=\"summary_large_image\" \/>\n<meta name=\"twitter:label1\" content=\"Est. reading time\" \/>\n\t<meta name=\"twitter:data1\" content=\"3 minutes\" \/>\n<script type=\"application\/ld+json\" class=\"yoast-schema-graph\">{\"@context\":\"https:\\\/\\\/schema.org\",\"@graph\":[{\"@type\":\"WebPage\",\"@id\":\"https:\\\/\\\/www.divis.eu\\\/en\\\/modules-video-surveillance-solutions-logistics\\\/\",\"url\":\"https:\\\/\\\/www.divis.eu\\\/en\\\/modules-video-surveillance-solutions-logistics\\\/\",\"name\":\"Modules | Extensions of your video surveillance solutions in logistics\",\"isPartOf\":{\"@id\":\"https:\\\/\\\/www.divis.eu\\\/#website\"},\"primaryImageOfPage\":{\"@id\":\"https:\\\/\\\/www.divis.eu\\\/en\\\/modules-video-surveillance-solutions-logistics\\\/#primaryimage\"},\"image\":{\"@id\":\"https:\\\/\\\/www.divis.eu\\\/en\\\/modules-video-surveillance-solutions-logistics\\\/#primaryimage\"},\"thumbnailUrl\":\"https:\\\/\\\/www.divis.eu\\\/wp-content\\\/uploads\\\/2018\\\/03\\\/seitenbild-links-module-mehrwert-en.png\",\"datePublished\":\"2018-03-01T03:33:01+00:00\",\"dateModified\":\"2024-04-04T23:25:29+00:00\",\"description\":\"With our versatile Plus features, you can expand our video surveillance solutions for logistics in an instant, tailored to your needs | DIVIS\",\"breadcrumb\":{\"@id\":\"https:\\\/\\\/www.divis.eu\\\/en\\\/modules-video-surveillance-solutions-logistics\\\/#breadcrumb\"},\"inLanguage\":\"en-US\",\"potentialAction\":[{\"@type\":\"ReadAction\",\"target\":[\"https:\\\/\\\/www.divis.eu\\\/en\\\/modules-video-surveillance-solutions-logistics\\\/\"]}]},{\"@type\":\"ImageObject\",\"inLanguage\":\"en-US\",\"@id\":\"https:\\\/\\\/www.divis.eu\\\/en\\\/modules-video-surveillance-solutions-logistics\\\/#primaryimage\",\"url\":\"https:\\\/\\\/www.divis.eu\\\/wp-content\\\/uploads\\\/2018\\\/03\\\/seitenbild-links-module-mehrwert-en.png\",\"contentUrl\":\"https:\\\/\\\/www.divis.eu\\\/wp-content\\\/uploads\\\/2018\\\/03\\\/seitenbild-links-module-mehrwert-en.png\"},{\"@type\":\"BreadcrumbList\",\"@id\":\"https:\\\/\\\/www.divis.eu\\\/en\\\/modules-video-surveillance-solutions-logistics\\\/#breadcrumb\",\"itemListElement\":[{\"@type\":\"ListItem\",\"position\":1,\"name\":\"Startseite\",\"item\":\"https:\\\/\\\/www.divis.eu\\\/en\\\/\"},{\"@type\":\"ListItem\",\"position\":2,\"name\":\"Modules for video surveillance solutions in logistics\"}]},{\"@type\":\"WebSite\",\"@id\":\"https:\\\/\\\/www.divis.eu\\\/#website\",\"url\":\"https:\\\/\\\/www.divis.eu\\\/\",\"name\":\"DIVIS - The intelligent view\",\"description\":\"Videosysteml\u00f6sungen f\u00fcr Umschlags- und Warenlager\",\"potentialAction\":[{\"@type\":\"SearchAction\",\"target\":{\"@type\":\"EntryPoint\",\"urlTemplate\":\"https:\\\/\\\/www.divis.eu\\\/?s={search_term_string}\"},\"query-input\":{\"@type\":\"PropertyValueSpecification\",\"valueRequired\":true,\"valueName\":\"search_term_string\"}}],\"inLanguage\":\"en-US\"}]}<\/script>\n<!-- \/ Yoast SEO plugin. -->","yoast_head_json":{"title":"Modules | Extensions of your video surveillance solutions in logistics","description":"With our versatile Plus features, you can expand our video surveillance solutions for logistics in an instant, tailored to your needs | DIVIS","robots":{"index":"index","follow":"follow","max-snippet":"max-snippet:-1","max-image-preview":"max-image-preview:large","max-video-preview":"max-video-preview:-1"},"canonical":"https:\/\/www.divis.eu\/en\/modules-video-surveillance-solutions-logistics\/","og_locale":"en_US","og_type":"article","og_title":"Modules | Extensions of your video surveillance solutions in logistics","og_description":"With our versatile Plus features, you can expand our video surveillance solutions for logistics in an instant, tailored to your needs | DIVIS","og_url":"https:\/\/www.divis.eu\/en\/modules-video-surveillance-solutions-logistics\/","og_site_name":"DIVIS - The intelligent view","article_modified_time":"2024-04-04T23:25:29+00:00","og_image":[{"url":"https:\/\/www.divis.eu\/wp-content\/uploads\/2018\/03\/seitenbild-links-module-mehrwert-en.png","type":"","width":"","height":""}],"twitter_card":"summary_large_image","twitter_misc":{"Est. reading time":"3 minutes"},"schema":{"@context":"https:\/\/schema.org","@graph":[{"@type":"WebPage","@id":"https:\/\/www.divis.eu\/en\/modules-video-surveillance-solutions-logistics\/","url":"https:\/\/www.divis.eu\/en\/modules-video-surveillance-solutions-logistics\/","name":"Modules | Extensions of your video surveillance solutions in logistics","isPartOf":{"@id":"https:\/\/www.divis.eu\/#website"},"primaryImageOfPage":{"@id":"https:\/\/www.divis.eu\/en\/modules-video-surveillance-solutions-logistics\/#primaryimage"},"image":{"@id":"https:\/\/www.divis.eu\/en\/modules-video-surveillance-solutions-logistics\/#primaryimage"},"thumbnailUrl":"https:\/\/www.divis.eu\/wp-content\/uploads\/2018\/03\/seitenbild-links-module-mehrwert-en.png","datePublished":"2018-03-01T03:33:01+00:00","dateModified":"2024-04-04T23:25:29+00:00","description":"With our versatile Plus features, you can expand our video surveillance solutions for logistics in an instant, tailored to your needs | DIVIS","breadcrumb":{"@id":"https:\/\/www.divis.eu\/en\/modules-video-surveillance-solutions-logistics\/#breadcrumb"},"inLanguage":"en-US","potentialAction":[{"@type":"ReadAction","target":["https:\/\/www.divis.eu\/en\/modules-video-surveillance-solutions-logistics\/"]}]},{"@type":"ImageObject","inLanguage":"en-US","@id":"https:\/\/www.divis.eu\/en\/modules-video-surveillance-solutions-logistics\/#primaryimage","url":"https:\/\/www.divis.eu\/wp-content\/uploads\/2018\/03\/seitenbild-links-module-mehrwert-en.png","contentUrl":"https:\/\/www.divis.eu\/wp-content\/uploads\/2018\/03\/seitenbild-links-module-mehrwert-en.png"},{"@type":"BreadcrumbList","@id":"https:\/\/www.divis.eu\/en\/modules-video-surveillance-solutions-logistics\/#breadcrumb","itemListElement":[{"@type":"ListItem","position":1,"name":"Startseite","item":"https:\/\/www.divis.eu\/en\/"},{"@type":"ListItem","position":2,"name":"Modules for video surveillance solutions in logistics"}]},{"@type":"WebSite","@id":"https:\/\/www.divis.eu\/#website","url":"https:\/\/www.divis.eu\/","name":"DIVIS - The intelligent view","description":"Videosysteml\u00f6sungen f\u00fcr Umschlags- und Warenlager","potentialAction":[{"@type":"SearchAction","target":{"@type":"EntryPoint","urlTemplate":"https:\/\/www.divis.eu\/?s={search_term_string}"},"query-input":{"@type":"PropertyValueSpecification","valueRequired":true,"valueName":"search_term_string"}}],"inLanguage":"en-US"}]}},"_links":{"self":[{"href":"https:\/\/www.divis.eu\/en\/wp-json\/wp\/v2\/pages\/4484","targetHints":{"allow":["GET"]}}],"collection":[{"href":"https:\/\/www.divis.eu\/en\/wp-json\/wp\/v2\/pages"}],"about":[{"href":"https:\/\/www.divis.eu\/en\/wp-json\/wp\/v2\/types\/page"}],"author":[{"embeddable":true,"href":"https:\/\/www.divis.eu\/en\/wp-json\/wp\/v2\/users\/1"}],"replies":[{"embeddable":true,"href":"https:\/\/www.divis.eu\/en\/wp-json\/wp\/v2\/comments?post=4484"}],"version-history":[{"count":0,"href":"https:\/\/www.divis.eu\/en\/wp-json\/wp\/v2\/pages\/4484\/revisions"}],"wp:attachment":[{"href":"https:\/\/www.divis.eu\/en\/wp-json\/wp\/v2\/media?parent=4484"}],"curies":[{"name":"wp","href":"https:\/\/api.w.org\/{rel}","templated":true}]}}