{"id":24119,"date":"2020-10-07T02:52:59","date_gmt":"2020-10-07T02:52:59","guid":{"rendered":"https:\/\/www.divis.eu\/divis-videoueberwachung-fuer-die-logistik-amortisation\/"},"modified":"2022-01-12T01:24:35","modified_gmt":"2022-01-12T01:24:35","slug":"divis-soluciones-de-video-para-la-logistica-amortizacion","status":"publish","type":"page","link":"https:\/\/www.divis.eu\/es\/divis-soluciones-de-video-para-la-logistica-amortizacion\/","title":{"rendered":"DIVIS | Soluciones de v\u00eddeo para la log\u00edstica &#8211; amortizaci\u00f3n"},"content":{"rendered":"\n<h1>\n\t\tAmortizaci\u00f3n de las soluciones DIVIS\n\t<\/h1>\n\t<p>\u00bfSu objetivo es reducir los costes de su servicio log\u00edstico, aumentar su eficiencia de forma sostenible y posicionar la empresa de la mejor manera en el creciente mercado log\u00edstico? DIVIS le ayuda a conseguir su servicio log\u00edstico perfecto.<\/p>\n<p>La log\u00edstica tiene muchos factores de coste que pueden reducirse mediante soluciones innovadoras. Con las soluciones de sistema de DIVIS puede reducir los costes hasta en un 90% en muchas \u00e1reas que suponen gastos elevados. Esto le permite lograr que sus procesos sean fluidos, posiciones legales claras y aumentar la calidad y eficiencia de sus servicios log\u00edsticos.<\/p>\nCuando las personas escuchan \u00abv\u00eddeo\u00bb, muchas de ellas piensan en el sistema de videovigilancia de seguridad convencional.<br \/>\nPero las ventajas de las soluciones de v\u00eddeo de DIVIS van mucho m\u00e1s all\u00e1. Nuestros productos est\u00e1n dise\u00f1ados con precisi\u00f3n para adaptarse a las necesidades log\u00edsticas. Se pueden usar para optimizar un amplio abanico de factores que intervienen en los procesos log\u00edsticos y, por tanto, se amortizan en poco tiempo.<br \/>\nUtilice el potencial reci\u00e9n adquirido para dar la forma que desee al \u00e9xito de su empresa.\n<h1>\n\t\tAUMENTAR LA CALIDAD Y REDUCIR LOS COSTES\n\t<\/h1>\n\t\t\t\t<img decoding=\"async\" src=\"https:\/\/www.divis.eu\/wp-content\/uploads\/2021\/12\/vorteile-es.png\" alt=\"vorteile-es\" title=\"vorteile-es\" itemprop=\"image\"  \/>\n\t\t\t\t<img decoding=\"async\" src=\"https:\/\/www.divis.eu\/wp-content\/uploads\/2020\/10\/albeck-entsaettigt-1.jpg\" alt=\"W. Ahlbeck | CEO trans-o-flex\" itemprop=\"image\" height=\"240\" width=\"550\" title=\"albeck-entsaettigt\" onerror=\"this.style.display='none'\"  \/>\n\t\t\t<h5>ENTREVISTA<\/h5><h3>Las ventajas de una soluci\u00f3n DIVIS desde la perspectiva de un CEO de un centro de distribuci\u00f3n de mercanc\u00edas (CEP)<\/h3>\t\t\t\n\t\t\t\t<p>\u00abDurante d\u00e9cadas la caracter\u00edstica principal de trans-o-flex son los \u00edndices m\u00e1s bajos de p\u00e9rdidas y da\u00f1os.<br \/>El sistema de v\u00eddeo de DIVIS nos ayuda en esta tarea<br \/>De este modo, podremos garantizar tambi\u00e9n en el futuro los m\u00e1s altos est\u00e1ndares de seguridad de la infraestructura log\u00edstica y de la cadena de suministro\u00bb.<\/p>\n\t\t\t<a href=\"https:\/\/www.divis.eu\/es\/divis-gestion-de-video-para-cep-entrevista-con-el-cliente\/\" target=\"_self\" role=\"button\" aria-label=\"A la entrevista\" rel=\"noopener\">\n\t\t\t\t\t\t\tA la entrevista\n\t\t<\/a>\n<h1>\n\t\tUn sistema que sale a cuenta\n\t<\/h1>\n\t<p>DIVIS garantiza un \u00e9xito r\u00e1pido y sostenible y ofrece un retorno de la inversi\u00f3n (ROI) seguro. Como socio fiable y experimentado, DIVIS le ayuda a alcanzar sus objetivos estrat\u00e9gicos a largo plazo.<\/p>\n\t\t\t\t<img decoding=\"async\" src=\"https:\/\/www.divis.eu\/wp-content\/uploads\/2021\/12\/kundennutzen-schema-ES.png\" alt=\"kundennutzen-schema-ES\" title=\"kundennutzen-schema-ES\" itemprop=\"image\"  \/>\n<h2>\n\t\tNuestras soluciones de software\n\t<\/h2>\n\t\t\t\t<img decoding=\"async\" src=\"https:\/\/www.divis.eu\/wp-content\/uploads\/2018\/01\/logo-cargovis-gr.png\" alt=\"logo-cargovis-gr\" title=\"logo-cargovis-gr\" itemprop=\"image\"\/>\n\t\t<h3>Env\u00edos paletizados siempre a la vista con CargoVIS<\/h3>\t\t\t\n\t\t\t\t<p>Con nuestro software de gesti\u00f3n de v\u00eddeo para almacenes de transbordo, CargoVIS, le ofrecemos una soluci\u00f3n de sistema completa y f\u00e1cil de usar a fin de realizar la b\u00fasqueda y el seguimiento de env\u00edos paletizados mediante im\u00e1genes.<\/p>\n\t\t\t<a href=\"#\" target=\"_self\" role=\"button\" aria-label=\"M\u00e1s acerca de CargoVIS\" rel=\"noopener\">\n\t\t\t\t\t\t\tM\u00e1s acerca de CargoVIS\n\t\t<\/a>\n\t\t\t\t<img decoding=\"async\" src=\"https:\/\/www.divis.eu\/wp-content\/uploads\/2018\/01\/logo-parcelvis-gr.png\" alt=\"\" title=\"\" itemprop=\"image\"\/>\n\t\t<h3>ParcelVIS para dep\u00f3sitos de transbordo y proveedores de servicios CEP<\/h3>\t\t\t\n<p>Ahorre tiempo y dinero y deje que ParcelVIS trabaje eficazmente para usted en la b\u00fasqueda de env\u00edos por im\u00e1genes en el dep\u00f3sito de transbordo: la introducci\u00f3n del n\u00famero de etiqueta del paquete es la clave para obtener toda la informaci\u00f3n sobre el paradero y el estado de un env\u00edo para todos los eventos de escaneo que se hayan realizado.<\/p>\n\t\t\t<a href=\"#\" target=\"_self\" role=\"button\" aria-label=\"M\u00e1s acerca de ParcelVIS\" rel=\"noopener\">\n\t\t\t\t\t\t\tM\u00e1s acerca de ParcelVIS\n\t\t<\/a>\n\t\t\t\t<img decoding=\"async\" src=\"https:\/\/www.divis.eu\/wp-content\/uploads\/2018\/01\/kundenlogo-CTL-1.png\" alt=\"CTL | DIVIS Kunde\" itemprop=\"image\" height=\"51\" width=\"120\" title=\"kundenlogo-CTL\" onerror=\"this.style.display='none'\"  \/>\n\t\t\t\t<img decoding=\"async\" src=\"https:\/\/www.divis.eu\/wp-content\/uploads\/2018\/01\/kundenlogo-dpd.png\" alt=\"kundenlogo-dpd\" itemprop=\"image\" height=\"51\" width=\"120\" title=\"kundenlogo-dpd\" onerror=\"this.style.display='none'\"  \/>\n\t\t\t\t<img decoding=\"async\" src=\"https:\/\/www.divis.eu\/wp-content\/uploads\/2018\/01\/kundenlogo-emons.png\" alt=\"Emons | DIVIS-Kunde\" itemprop=\"image\" height=\"51\" width=\"120\" title=\"kundenlogo-emons\" onerror=\"this.style.display='none'\"  \/>\n\t\t\t\t<img decoding=\"async\" src=\"https:\/\/www.divis.eu\/wp-content\/uploads\/2018\/01\/kundenlogo-online.png\" alt=\"kundenlogo-online\" itemprop=\"image\" height=\"51\" width=\"120\" title=\"kundenlogo-online\" onerror=\"this.style.display='none'\"  \/>\n\t\t\t\t<img decoding=\"async\" src=\"https:\/\/www.divis.eu\/wp-content\/uploads\/2018\/01\/kundenlogo-rhenus.png\" alt=\"Rhenus Logistics | DIVIS-Kunde\" title=\"kundenlogo-rhenus\" itemprop=\"image\"  \/>\n\t\t\t\t<img decoding=\"async\" src=\"https:\/\/www.divis.eu\/wp-content\/uploads\/2018\/01\/kundenlogo-tsb.png\" alt=\"kundenlogo-tsb\" itemprop=\"image\" height=\"51\" width=\"120\" title=\"kundenlogo-tsb\" onerror=\"this.style.display='none'\"  \/>\n\t\t\t\t<img decoding=\"async\" src=\"https:\/\/www.divis.eu\/wp-content\/uploads\/2018\/01\/kundenlogo-gebrueder-weiss.png\" alt=\"Gebr\u00fcder Weiss | DIVIS-Kunde\" itemprop=\"image\" height=\"51\" width=\"150\" title=\"kundenlogo-gebrueder-weiss\" onerror=\"this.style.display='none'\"  \/>\n\t\t\t\t<img decoding=\"async\" src=\"https:\/\/www.divis.eu\/wp-content\/uploads\/2018\/01\/kundenlogo-tchibo.png\" alt=\"Tchibo | DIVIS-Kunde\" title=\"kundenlogo-tchibo\" itemprop=\"image\"  \/>\n\t\t\t\t<img decoding=\"async\" src=\"https:\/\/www.divis.eu\/wp-content\/uploads\/2018\/01\/kundenlogo-24plus.png\" alt=\"kundenlogo-24plus\" itemprop=\"image\" height=\"51\" width=\"120\" title=\"kundenlogo-24plus\" onerror=\"this.style.display='none'\"  \/>\n\t\t\t\t<img decoding=\"async\" src=\"https:\/\/www.divis.eu\/wp-content\/uploads\/2018\/01\/kundenlogo-raben.png\" alt=\"Raben Group | DIVIS-Kunde\" title=\"kundenlogo-raben\" itemprop=\"image\"  \/>\n\t\t\t\t<img decoding=\"async\" src=\"https:\/\/www.divis.eu\/wp-content\/uploads\/2018\/01\/kundenlogo-geis.png\" alt=\"Spedition Geis | DIVIS-Kunde\" title=\"kundenlogo-geis\" itemprop=\"image\"  \/>\n\t\t\t\t<img decoding=\"async\" src=\"https:\/\/www.divis.eu\/wp-content\/uploads\/2018\/01\/kundenlogo-zufall.png\" alt=\"kundenlogo-zufall\" itemprop=\"image\" height=\"51\" width=\"120\" title=\"kundenlogo-zufall\" onerror=\"this.style.display='none'\"  \/>\n\n","protected":false},"excerpt":{"rendered":"<p>Amortizaci\u00f3n de las soluciones DIVIS \u00bfSu objetivo es reducir los costes de su servicio log\u00edstico, aumentar su eficiencia de forma sostenible y posicionar la empresa de la mejor manera en el creciente mercado log\u00edstico? DIVIS le ayuda a conseguir su servicio log\u00edstico perfecto. La log\u00edstica tiene muchos factores de coste que pueden reducirse mediante soluciones&hellip;<\/p>\n","protected":false},"author":1,"featured_media":0,"parent":0,"menu_order":0,"comment_status":"closed","ping_status":"closed","template":"","meta":{"footnotes":""},"class_list":["post-24119","page","type-page","status-publish","hentry"],"yoast_head":"<!-- This site is optimized with the Yoast SEO plugin v27.2 - https:\/\/yoast.com\/product\/yoast-seo-wordpress\/ -->\n<title>DIVIS | Soluciones de v\u00eddeo para la log\u00edstica - amortizaci\u00f3n<\/title>\n<meta name=\"description\" content=\"Las soluciones de v\u00eddeo DIVIS garantizan un \u00e9xito r\u00e1pido y sostenible, ofrecen un retorno de la inversi\u00f3n (ROI) seguro y una amortizaci\u00f3n r\u00e1pida\" \/>\n<meta name=\"robots\" content=\"index, follow, max-snippet:-1, max-image-preview:large, max-video-preview:-1\" \/>\n<link rel=\"canonical\" href=\"https:\/\/www.divis.eu\/es\/divis-soluciones-de-video-para-la-logistica-amortizacion\/\" \/>\n<meta property=\"og:locale\" content=\"es_ES\" \/>\n<meta property=\"og:type\" content=\"article\" \/>\n<meta property=\"og:title\" content=\"DIVIS | Soluciones de v\u00eddeo para la log\u00edstica - amortizaci\u00f3n\" \/>\n<meta property=\"og:description\" content=\"Las soluciones de v\u00eddeo DIVIS garantizan un \u00e9xito r\u00e1pido y sostenible, ofrecen un retorno de la inversi\u00f3n (ROI) seguro y una amortizaci\u00f3n r\u00e1pida\" \/>\n<meta property=\"og:url\" content=\"https:\/\/www.divis.eu\/es\/divis-soluciones-de-video-para-la-logistica-amortizacion\/\" \/>\n<meta property=\"og:site_name\" content=\"DIVIS - The intelligent view\" \/>\n<meta property=\"article:modified_time\" content=\"2022-01-12T01:24:35+00:00\" \/>\n<meta property=\"og:image\" content=\"https:\/\/www.divis.eu\/wp-content\/uploads\/2021\/12\/vorteile-es.png\" \/>\n<meta name=\"twitter:card\" content=\"summary_large_image\" \/>\n<meta name=\"twitter:label1\" content=\"Tiempo de lectura\" \/>\n\t<meta name=\"twitter:data1\" content=\"6 minutos\" \/>\n<script type=\"application\/ld+json\" class=\"yoast-schema-graph\">{\"@context\":\"https:\/\/schema.org\",\"@graph\":[{\"@type\":\"WebPage\",\"@id\":\"https:\/\/www.divis.eu\/es\/divis-soluciones-de-video-para-la-logistica-amortizacion\/\",\"url\":\"https:\/\/www.divis.eu\/es\/divis-soluciones-de-video-para-la-logistica-amortizacion\/\",\"name\":\"DIVIS | Soluciones de v\u00eddeo para la log\u00edstica - amortizaci\u00f3n\",\"isPartOf\":{\"@id\":\"https:\/\/www.divis.eu\/#website\"},\"primaryImageOfPage\":{\"@id\":\"https:\/\/www.divis.eu\/es\/divis-soluciones-de-video-para-la-logistica-amortizacion\/#primaryimage\"},\"image\":{\"@id\":\"https:\/\/www.divis.eu\/es\/divis-soluciones-de-video-para-la-logistica-amortizacion\/#primaryimage\"},\"thumbnailUrl\":\"https:\/\/www.divis.eu\/wp-content\/uploads\/2021\/12\/vorteile-es.png\",\"datePublished\":\"2020-10-07T02:52:59+00:00\",\"dateModified\":\"2022-01-12T01:24:35+00:00\",\"description\":\"Las soluciones de v\u00eddeo DIVIS garantizan un \u00e9xito r\u00e1pido y sostenible, ofrecen un retorno de la inversi\u00f3n (ROI) seguro y una amortizaci\u00f3n r\u00e1pida\",\"breadcrumb\":{\"@id\":\"https:\/\/www.divis.eu\/es\/divis-soluciones-de-video-para-la-logistica-amortizacion\/#breadcrumb\"},\"inLanguage\":\"es\",\"potentialAction\":[{\"@type\":\"ReadAction\",\"target\":[\"https:\/\/www.divis.eu\/es\/divis-soluciones-de-video-para-la-logistica-amortizacion\/\"]}]},{\"@type\":\"ImageObject\",\"inLanguage\":\"es\",\"@id\":\"https:\/\/www.divis.eu\/es\/divis-soluciones-de-video-para-la-logistica-amortizacion\/#primaryimage\",\"url\":\"https:\/\/www.divis.eu\/wp-content\/uploads\/2021\/12\/vorteile-es.png\",\"contentUrl\":\"https:\/\/www.divis.eu\/wp-content\/uploads\/2021\/12\/vorteile-es.png\"},{\"@type\":\"BreadcrumbList\",\"@id\":\"https:\/\/www.divis.eu\/es\/divis-soluciones-de-video-para-la-logistica-amortizacion\/#breadcrumb\",\"itemListElement\":[{\"@type\":\"ListItem\",\"position\":1,\"name\":\"Startseite\",\"item\":\"https:\/\/www.divis.eu\/es\/\"},{\"@type\":\"ListItem\",\"position\":2,\"name\":\"DIVIS | Soluciones de v\u00eddeo para la log\u00edstica &#8211; amortizaci\u00f3n\"}]},{\"@type\":\"WebSite\",\"@id\":\"https:\/\/www.divis.eu\/#website\",\"url\":\"https:\/\/www.divis.eu\/\",\"name\":\"DIVIS - The intelligent view\",\"description\":\"Videosysteml\u00f6sungen f\u00fcr Umschlags- und Warenlager\",\"potentialAction\":[{\"@type\":\"SearchAction\",\"target\":{\"@type\":\"EntryPoint\",\"urlTemplate\":\"https:\/\/www.divis.eu\/?s={search_term_string}\"},\"query-input\":{\"@type\":\"PropertyValueSpecification\",\"valueRequired\":true,\"valueName\":\"search_term_string\"}}],\"inLanguage\":\"es\"}]}<\/script>\n<!-- \/ Yoast SEO plugin. -->","yoast_head_json":{"title":"DIVIS | Soluciones de v\u00eddeo para la log\u00edstica - amortizaci\u00f3n","description":"Las soluciones de v\u00eddeo DIVIS garantizan un \u00e9xito r\u00e1pido y sostenible, ofrecen un retorno de la inversi\u00f3n (ROI) seguro y una amortizaci\u00f3n r\u00e1pida","robots":{"index":"index","follow":"follow","max-snippet":"max-snippet:-1","max-image-preview":"max-image-preview:large","max-video-preview":"max-video-preview:-1"},"canonical":"https:\/\/www.divis.eu\/es\/divis-soluciones-de-video-para-la-logistica-amortizacion\/","og_locale":"es_ES","og_type":"article","og_title":"DIVIS | Soluciones de v\u00eddeo para la log\u00edstica - amortizaci\u00f3n","og_description":"Las soluciones de v\u00eddeo DIVIS garantizan un \u00e9xito r\u00e1pido y sostenible, ofrecen un retorno de la inversi\u00f3n (ROI) seguro y una amortizaci\u00f3n r\u00e1pida","og_url":"https:\/\/www.divis.eu\/es\/divis-soluciones-de-video-para-la-logistica-amortizacion\/","og_site_name":"DIVIS - The intelligent view","article_modified_time":"2022-01-12T01:24:35+00:00","og_image":[{"url":"https:\/\/www.divis.eu\/wp-content\/uploads\/2021\/12\/vorteile-es.png","type":"","width":"","height":""}],"twitter_card":"summary_large_image","twitter_misc":{"Tiempo de lectura":"6 minutos"},"schema":{"@context":"https:\/\/schema.org","@graph":[{"@type":"WebPage","@id":"https:\/\/www.divis.eu\/es\/divis-soluciones-de-video-para-la-logistica-amortizacion\/","url":"https:\/\/www.divis.eu\/es\/divis-soluciones-de-video-para-la-logistica-amortizacion\/","name":"DIVIS | Soluciones de v\u00eddeo para la log\u00edstica - amortizaci\u00f3n","isPartOf":{"@id":"https:\/\/www.divis.eu\/#website"},"primaryImageOfPage":{"@id":"https:\/\/www.divis.eu\/es\/divis-soluciones-de-video-para-la-logistica-amortizacion\/#primaryimage"},"image":{"@id":"https:\/\/www.divis.eu\/es\/divis-soluciones-de-video-para-la-logistica-amortizacion\/#primaryimage"},"thumbnailUrl":"https:\/\/www.divis.eu\/wp-content\/uploads\/2021\/12\/vorteile-es.png","datePublished":"2020-10-07T02:52:59+00:00","dateModified":"2022-01-12T01:24:35+00:00","description":"Las soluciones de v\u00eddeo DIVIS garantizan un \u00e9xito r\u00e1pido y sostenible, ofrecen un retorno de la inversi\u00f3n (ROI) seguro y una amortizaci\u00f3n r\u00e1pida","breadcrumb":{"@id":"https:\/\/www.divis.eu\/es\/divis-soluciones-de-video-para-la-logistica-amortizacion\/#breadcrumb"},"inLanguage":"es","potentialAction":[{"@type":"ReadAction","target":["https:\/\/www.divis.eu\/es\/divis-soluciones-de-video-para-la-logistica-amortizacion\/"]}]},{"@type":"ImageObject","inLanguage":"es","@id":"https:\/\/www.divis.eu\/es\/divis-soluciones-de-video-para-la-logistica-amortizacion\/#primaryimage","url":"https:\/\/www.divis.eu\/wp-content\/uploads\/2021\/12\/vorteile-es.png","contentUrl":"https:\/\/www.divis.eu\/wp-content\/uploads\/2021\/12\/vorteile-es.png"},{"@type":"BreadcrumbList","@id":"https:\/\/www.divis.eu\/es\/divis-soluciones-de-video-para-la-logistica-amortizacion\/#breadcrumb","itemListElement":[{"@type":"ListItem","position":1,"name":"Startseite","item":"https:\/\/www.divis.eu\/es\/"},{"@type":"ListItem","position":2,"name":"DIVIS | Soluciones de v\u00eddeo para la log\u00edstica &#8211; amortizaci\u00f3n"}]},{"@type":"WebSite","@id":"https:\/\/www.divis.eu\/#website","url":"https:\/\/www.divis.eu\/","name":"DIVIS - The intelligent view","description":"Videosysteml\u00f6sungen f\u00fcr Umschlags- und Warenlager","potentialAction":[{"@type":"SearchAction","target":{"@type":"EntryPoint","urlTemplate":"https:\/\/www.divis.eu\/?s={search_term_string}"},"query-input":{"@type":"PropertyValueSpecification","valueRequired":true,"valueName":"search_term_string"}}],"inLanguage":"es"}]}},"_links":{"self":[{"href":"https:\/\/www.divis.eu\/es\/wp-json\/wp\/v2\/pages\/24119","targetHints":{"allow":["GET"]}}],"collection":[{"href":"https:\/\/www.divis.eu\/es\/wp-json\/wp\/v2\/pages"}],"about":[{"href":"https:\/\/www.divis.eu\/es\/wp-json\/wp\/v2\/types\/page"}],"author":[{"embeddable":true,"href":"https:\/\/www.divis.eu\/es\/wp-json\/wp\/v2\/users\/1"}],"replies":[{"embeddable":true,"href":"https:\/\/www.divis.eu\/es\/wp-json\/wp\/v2\/comments?post=24119"}],"version-history":[{"count":0,"href":"https:\/\/www.divis.eu\/es\/wp-json\/wp\/v2\/pages\/24119\/revisions"}],"wp:attachment":[{"href":"https:\/\/www.divis.eu\/es\/wp-json\/wp\/v2\/media?parent=24119"}],"curies":[{"name":"wp","href":"https:\/\/api.w.org\/{rel}","templated":true}]}}