{"id":24127,"date":"2020-10-02T12:43:04","date_gmt":"2020-10-02T12:43:04","guid":{"rendered":"https:\/\/www.divis.eu\/divis-videoueberwachung-fuer-die-logistik-kundennutzen\/"},"modified":"2024-08-28T08:21:16","modified_gmt":"2024-08-28T08:21:16","slug":"divis-videovigilancia-para-logistica-beneficios-para-el-cliente","status":"publish","type":"page","link":"https:\/\/www.divis.eu\/es\/divis-videovigilancia-para-logistica-beneficios-para-el-cliente\/","title":{"rendered":"DIVIS | Videovigilancia para log\u00edstica: beneficios para el cliente"},"content":{"rendered":"\n<h1>\n\t\tCalidad de servicio optimizada y procesos m\u00e1s r\u00e1pidos en los almacenes y dep\u00f3sitos gracias a un flujo de mercanc\u00edas transparente\n\t<\/h1>\n\t<p><strong>Una log\u00edstica perfecta<\/strong>: hoy en d\u00eda esto significa sobre todo <strong>rentabilidad<\/strong>, <strong>flexibilidad<\/strong> y <strong>fiabilidad<\/strong>. Por ello, muchas empresas de log\u00edstica utilizan las tecnolog\u00edas m\u00e1s modernas disponibles a lo largo de la cadena de suministro para asegurarse una posici\u00f3n de liderazgo en el mercado del transporte. Si bien la mayor parte de las innovaciones tiene lugar en \u00e1mbitos como la intermediaci\u00f3n y el despacho de carga, as\u00ed como en el \u00ab\u00faltimo kil\u00f3metro\u00bb (last mile), a menudo todav\u00eda existe un potencial latente sin explotar en el \u00e1mbito del manejo de la carga o transbordo. El seguimiento continuo de los env\u00edos en el almac\u00e9n de transbordo y el dep\u00f3sito de paquetes es uno de los elementos m\u00e1s importantes para consolidar la fidelidad de los clientes y las estrategias para ganar nuevos clientes.<\/p>\n<h1>\n\t\t\u00bfPor qu\u00e9 DIVIS?\n\t<\/h1>\n\t<p><strong>Las soluciones de DIVIS ayudan a las empresas de log\u00edstica de todo el mundo a conseguir un servicio log\u00edstico perfecto.<\/strong> Sobre la base de d\u00e9cadas de especializaci\u00f3n en log\u00edstica y de nuestra amplia experiencia con los problemas y deseos de nuestros clientes, nuestros productos y conceptos han evolucionado hasta convertirse en la respuesta perfecta a las altas exigencias actuales.<\/p>\n<p>La funcionalidad de nuestras soluciones se puede adaptar con flexibilidad a m\u00faltiples aplicaciones posibles. De este modo, recibir\u00e1 siempre una soluci\u00f3n que se adapte exactamente a sus necesidades particulares, que alivie su log\u00edstica en muchos \u00e1mbitos y que, adem\u00e1s, ya est\u00e9 equipada para los requisitos del futuro.<\/p>\n\t\t\t\t<img decoding=\"async\" src=\"https:\/\/www.divis.eu\/wp-content\/uploads\/2020\/10\/albeck-entsaettigt-1.jpg\" alt=\"W. Ahlbeck | CEO trans-o-flex\" itemprop=\"image\" height=\"240\" width=\"550\" title=\"albeck-entsaettigt\" onerror=\"this.style.display='none'\"  \/>\n\t\t\t<h5>ENTREVISTA<\/h5><h3>Las ventajas de una soluci\u00f3n DIVIS desde la perspectiva de un CEO de un centro de distribuci\u00f3n de mercanc\u00edas (CEP)<\/h3>\t\t\t\n\t\t\t\t<p>\u00abDurante d\u00e9cadas la caracter\u00edstica principal de <strong>trans-o-flex<\/strong> son los \u00edndices m\u00e1s bajos de p\u00e9rdidas y da\u00f1os.<br \/>El sistema de v\u00eddeo de DIVIS nos ayuda en esta tarea<br \/>De este modo, podremos garantizar tambi\u00e9n en el futuro los m\u00e1s altos est\u00e1ndares de seguridad de la infraestructura log\u00edstica y de la cadena de suministro\u00bb.<\/p>\n\t\t\t<a href=\"https:\/\/www.divis.eu\/es\/divis-gestion-de-video-para-cep-entrevista-con-el-cliente\/\" title=\"Click Here\" target=\"_self\" role=\"button\" aria-label=\"A la entrevista\" rel=\"noopener\">\n\t\t\t\t\t\t\tA la entrevista\n\t\t<\/a>\n<h1>\n\t\tNumerosas ventajas para la calidad del servicio y la productividad de su empresa\n\t<\/h1>\n\t<a href=\"https:\/\/www.divis.eu\/es\/soluciones-de-videovigilancia-para-la-logistica-distribuidores-de-productos\/\">Las soluciones de gesti\u00f3n de v\u00eddeo de DIVIS<\/a> para el seguimiento de los env\u00edos aumentan considerablemente la excelencia de los clientes y la calidad del servicio gracias al registro continuo de las mercanc\u00edas que se conf\u00edan a su empresa.<br \/>\nEl flujo continuo de datos proporciona a los responsables de log\u00edstica toda la informaci\u00f3n esencial para informar con claridad a los clientes, las sucursales y los socios, as\u00ed como para agilizar las entregas. Adem\u00e1s, nuestro software tambi\u00e9n responde a cuestiones relacionadas con los costes, como la causa o el momento de los da\u00f1os o la cuesti\u00f3n de la responsabilidad en caso de que se pierda un env\u00edo.\n<p>El seguimiento continuo le brinda una transparencia completa, sus procesos se vuelven m\u00e1s claros y son rastreables en todo momento. Esto mejora la comunicaci\u00f3n y proporciona m\u00e1s seguridad, reduciendo los errores, la planificaci\u00f3n incorrecta y las p\u00e9rdidas, ahorrando costes y aumentando la productividad.<\/p>\n<p><strong>Nuestras soluciones le ayudan a aumentar la calidad de sus propios servicios log\u00edsticos para posicionarse con mucha m\u00e1s fuerza en el mercado global, para ganar estrat\u00e9gicamente nuevos clientes y para posicionarse de forma segura en el futuro.<\/strong><\/p>\n<h1>\n\t\tLo que aportamos\n\t<\/h1>\n\t\t\t\t\t\t<h2>Activos en el mercado de la log\u00edstica desde 2002<\/h2>\n\t\t\t\t\t\t<p>y con desarrollo org\u00e1nico y financiero independiente a lo largo de los a\u00f1os.<\/p>\n\t\t\t\t\t\t<!-- CTA -->\n\t\t\t\t\t\t<h2>Gesti\u00f3n por parte de sus propietarios<\/h2>\n\t\t\t\t\t\t<p>DIVIS es una empresa gestionada por sus propietarios; con nosotros la sucesi\u00f3n empresarial est\u00e1 garantizada.<\/p>\n\t\t\t\t\t\t<!-- CTA -->\n\t\t\t\t\t\t<h2>Orientaci\u00f3n al valor<\/h2>\n\t\t\t\t\t\t<p>Tenemos una gesti\u00f3n empresarial <a href=\"https:\/\/www.divis.eu\/es\/divis-videovigilancia-para-la-logistica-quienes-somos\/\">orientada a los grupos de inter\u00e9s y a los valores<\/a>.<\/p>\n\t\t\t\t\t\t<!-- CTA -->\n\t\t\t\t\t\t<h2>Orientaci\u00f3n al futuro<\/h2>\n\t\t\t\t\t\t<p>Mediante un proyecto de digitalizaci\u00f3n, nos hemos preparado t\u00e9cnica y formalmente para los retos del futuro.<\/p>\n\t\t\t\t\t\t<!-- CTA -->\n\t\t\t\t\t\t<h2>En toda Europa<\/h2>\n\t\t\t\t\t\t<p>DIVIS est\u00e1 representada en m\u00e1s de 650 ubicaciones en 23 pa\u00edses europeos y cuenta con una amplia red de servicios.<\/p>\n\t\t\t\t\t\t<!-- CTA -->\n\t\t\t\t\t\t<h2>Especializaci\u00f3n log\u00edstica<\/h2>\n\t\t\t\t\t\t<p>Con nuestras soluciones de v\u00eddeo, nos especializamos exclusivamente en el sector de la log\u00edstica.<\/p>\n\t\t\t\t\t\t<!-- CTA -->\n\t\t\t\t\t\t<h2>Desarrollo propio<\/h2>\n\t\t\t\t\t\t<p>Nuestras principales competencias en materia de desarrollo de software se llevan a cabo de forma interna. Esto nos permite implementar r\u00e1pidamente los requisitos individuales de los clientes.<\/p>\n\t\t\t\t\t\t<!-- CTA -->\n\t\t\t\t\t\t<h2>Soluciones completas<\/h2>\n\t\t\t\t\t\t<p>Suministramos todos los servicios y componentes de una sola fuente y actuamos como contratista general para el sector de v\u00eddeo.<\/p>\n\t\t\t\t\t\t<!-- CTA -->\n\t\t\t\t\t\t<h2>Canales de comunicaci\u00f3n eficientes<\/h2>\n\t\t\t\t\t\t<p>Contamos con personas de contacto fijas que est\u00e1n disponibles en todo momento para atender a sus consultas y responder de forma flexible a sus necesidades individuales.<\/p>\n\t\t\t\t\t\t<!-- CTA -->\n<h1>\n\t\tCree ventajas con DIVIS\n\t<\/h1>\n<h1>\n\t\tpara todos los departamentos de su empresa\n\t<\/h1>\n\t\t\t\t\t\tAdministraci\u00f3n\n\t\t\t<ul>\n<li>Aumento significativo de la excelencia de los clientes<\/li>\n<li>Aumento sostenible de la calidad en el grupo empresarial<\/li>\n<li>Mejora de las cifras clave de la empresa<\/li>\n<li>Mejora de la calidad de los productos<\/li>\n<li>Posicionamiento significativamente m\u00e1s fuerte en el mercado global y garant\u00eda de competitividad<\/li>\n<li>Adquisici\u00f3n de nuevos clientes estrat\u00e9gicos<\/li>\n<\/ul>\n\t\t\t\t\t\tUsuarios de la soluci\u00f3n de v\u00eddeo\n\t\t\t<ul>\n<li>Entrada directa en la b\u00fasqueda de env\u00edos mediante la introducci\u00f3n de datos escaneados: no se pierde ning\u00fan paquete<\/li>\n<li>B\u00fasqueda r\u00e1pida de paquetes mediante an\u00e1lisis de movimiento inteligente<\/li>\n<li>Aceleraci\u00f3n de procesos al exportar im\u00e1genes y videos (oscurecimiento \/ pixelado)<\/li>\n<li>Transferencia de costes f\u00e1cil mediante la creaci\u00f3n de una carta de empresa directamente desde el software<\/li>\n<li>Manejo muy sencillo e intuitivo del software<\/li>\n<li>Resoluci\u00f3n de los puntos conflictivos durante la b\u00fasqueda<\/li>\n<\/ul>\n\t\t\t\t\t\tIT\n\t\t\t<ul>\n<li>F\u00e1cil transmisi\u00f3n de los datos de escaneado<\/li>\n<li>La interfaz cumple con la normativa GDPR: no hay rastreo de datos<\/li>\n<li>Garant\u00eda de que la red de c\u00e1maras funciona de forma independiente de la red operativa del cliente<\/li>\n<li>Todas las interfaces est\u00e1n coordinadas y preparadas para su ampliaci\u00f3n al grupo empresarial.<\/li>\n<\/ul>\n\t\t\t\t\t\tComit\u00e9 de empresa\n\t\t\t<ul>\n<li>DIVIS y las soluciones de DIVIS cumplen, por supuesto, con la normativa GDPR<\/li>\n<li>Las soluciones de software incluyen la gesti\u00f3n completa de los derechos de los usuarios<\/li>\n<li>La redacci\u00f3n de archivos de registro garantiza que el software solo se utiliza para fines internos<\/li>\n<li>DIVIS tiene una gran experiencia en la cooperaci\u00f3n con los comit\u00e9s de empresas (apoyo en la elaboraci\u00f3n de un acuerdo general de trabajo)<\/li>\n<\/ul>\n\t\t\t\t\t\tSeguridad\n\t\t\t<ul>\n<li>Suministro de una soluci\u00f3n de gesti\u00f3n de v\u00eddeo estable: alta tasa de detecci\u00f3n en caso de investigaci\u00f3n<\/li>\n<li>Cobertura flexible de los lugares posibles en funci\u00f3n de las especificaciones<\/li>\n<li>Cumplimiento de elevadas normas de seguridad nacionales e internacionales (por ejemplo, TAPA \/ AEO \/ SAFE)<\/li>\n<li>Reducci\u00f3n de la tasa de p\u00e9rdidas<\/li>\n<li>Detecci\u00f3n de da\u00f1os en inventarios en el interior y exterior<\/li>\n<li>Detecci\u00f3n muy r\u00e1pida de la delincuencia organizada<\/li>\n<\/ul>\n\t\t\t\t\t\tGesti\u00f3n de proyectos\n\t\t\t<ul>\n<li>Personas de contacto fijas de DIVIS para todo el ciclo del proyecto, que responden de manera muy flexible a las necesidades individuales<\/li>\n<li>Contactos competentes en todas las \u00e1reas especializadas<\/li>\n<li>La ejecuci\u00f3n del proyecto se define de forma conjunta<\/li>\n<li>Excelente gesti\u00f3n de proyectos basada en a\u00f1os de experiencia<\/li>\n<li>Exitosa implementaci\u00f3n de las soluciones durante las operaciones en curso<\/li>\n<\/ul>\n<h2>\n\t\tNuestras soluciones de software\n\t<\/h2>\n\t\t\t\t<img decoding=\"async\" src=\"https:\/\/www.divis.eu\/wp-content\/uploads\/2018\/01\/logo-cargovis-gr.png\" alt=\"logo-cargovis-gr\" title=\"logo-cargovis-gr\" itemprop=\"image\"\/>\n\t\t<h3>Env\u00edos paletizados siempre a la vista con CargoVIS<\/h3>\t\t\t\n\t\t\t\t<p>Con nuestro software de gesti\u00f3n de v\u00eddeo para almacenes de transbordo, CargoVIS, le ofrecemos una soluci\u00f3n de sistema completa y f\u00e1cil de usar a fin de realizar la b\u00fasqueda y el seguimiento de env\u00edos paletizados mediante im\u00e1genes.<\/p>\n\t\t\t<a href=\"#\" title=\"Click Here\" target=\"_self\" role=\"button\" aria-label=\"M\u00e1s acerca de CargoVIS\" rel=\"noopener\">\n\t\t\t\t\t\t\tM\u00e1s acerca de CargoVIS\n\t\t<\/a>\n\t\t\t\t<img decoding=\"async\" src=\"https:\/\/www.divis.eu\/wp-content\/uploads\/2018\/01\/logo-parcelvis-gr.png\" alt=\"\" title=\"\" itemprop=\"image\"\/>\n\t\t<h3>ParcelVIS para dep\u00f3sitos de transbordo y proveedores de servicios CEP<\/h3>\t\t\t\n<p>Ahorre tiempo y dinero y deje que ParcelVIS trabaje eficazmente para usted en la b\u00fasqueda de env\u00edos por im\u00e1genes en el dep\u00f3sito de transbordo: la introducci\u00f3n del n\u00famero de etiqueta del paquete es la clave para obtener toda la informaci\u00f3n sobre el paradero y el estado de un env\u00edo para todos los eventos de escaneo que se hayan realizado.<\/p>\n\t\t\t<a href=\"#\" title=\"Click Here\" target=\"_self\" role=\"button\" aria-label=\"M\u00e1s acerca de ParcelVIS\" rel=\"noopener\">\n\t\t\t\t\t\t\tM\u00e1s acerca de ParcelVIS\n\t\t<\/a>\n\t\t\t\t<img decoding=\"async\" src=\"https:\/\/www.divis.eu\/wp-content\/uploads\/2018\/01\/kundenlogo-CTL-1.png\" alt=\"CTL | DIVIS Kunde\" title=\"kundenlogo-CTL\" itemprop=\"image\"  \/>\n\t\t\t\t<img decoding=\"async\" src=\"https:\/\/www.divis.eu\/wp-content\/uploads\/2018\/01\/kundenlogo-dpd.png\" alt=\"kundenlogo-dpd\" title=\"kundenlogo-dpd\" itemprop=\"image\"  \/>\n\t\t\t\t<img decoding=\"async\" src=\"https:\/\/www.divis.eu\/wp-content\/uploads\/2018\/01\/kundenlogo-online.png\" alt=\"kundenlogo-online\" title=\"kundenlogo-online\" itemprop=\"image\"  \/>\n\t\t\t\t<img decoding=\"async\" src=\"https:\/\/www.divis.eu\/wp-content\/uploads\/2018\/01\/kundenlogo-rhenus.png\" alt=\"Rhenus Logistics | DIVIS-Kunde\" title=\"kundenlogo-rhenus\" itemprop=\"image\"  \/>\n\t\t\t\t<img decoding=\"async\" src=\"https:\/\/www.divis.eu\/wp-content\/uploads\/2018\/01\/kundenlogo-tsb.png\" alt=\"kundenlogo-tsb\" title=\"kundenlogo-tsb\" itemprop=\"image\"  \/>\n\t\t\t\t<img decoding=\"async\" src=\"https:\/\/www.divis.eu\/wp-content\/uploads\/2018\/01\/logo-van-duuren-mono-2.png\" alt=\"logo-van-duuren-mono\" title=\"logo-van-duuren-mono\" itemprop=\"image\"  \/>\n\t\t\t\t<img decoding=\"async\" src=\"https:\/\/www.divis.eu\/wp-content\/uploads\/2018\/01\/kundenlogo-transoflex-3.png\" alt=\"kundenlogo-transoflex\" title=\"kundenlogo-transoflex\" itemprop=\"image\"  \/>\n\t\t\t\t<img decoding=\"async\" src=\"https:\/\/www.divis.eu\/wp-content\/uploads\/2018\/01\/kundenlogo-emons.png\" alt=\"Emons | DIVIS-Kunde\" title=\"kundenlogo-emons\" itemprop=\"image\"  \/>\n\t\t\t\t<img decoding=\"async\" src=\"https:\/\/www.divis.eu\/wp-content\/uploads\/2018\/01\/kundenlogo-geis.png\" alt=\"Spedition Geis | DIVIS-Kunde\" title=\"kundenlogo-geis\" itemprop=\"image\"  \/>\n\t\t\t\t<img decoding=\"async\" src=\"https:\/\/www.divis.eu\/wp-content\/uploads\/2018\/01\/kundenlogo-gebrueder-weiss.png\" alt=\"Gebr\u00fcder Weiss | DIVIS-Kunde\" title=\"kundenlogo-gebrueder-weiss\" itemprop=\"image\"  \/>\n\t\t\t\t<img decoding=\"async\" src=\"https:\/\/www.divis.eu\/wp-content\/uploads\/2018\/01\/kundenlogo-tchibo.png\" alt=\"Tchibo | DIVIS-Kunde\" title=\"kundenlogo-tchibo\" itemprop=\"image\"  \/>\n\t\t\t\t<img decoding=\"async\" src=\"https:\/\/www.divis.eu\/wp-content\/uploads\/2018\/01\/kundenlogo-24plus.png\" alt=\"kundenlogo-24plus\" title=\"kundenlogo-24plus\" itemprop=\"image\"  \/>\n\n","protected":false},"excerpt":{"rendered":"<p>Calidad de servicio optimizada y procesos m\u00e1s r\u00e1pidos en los almacenes y dep\u00f3sitos gracias a un flujo de mercanc\u00edas transparente Una log\u00edstica perfecta: hoy en d\u00eda esto significa sobre todo rentabilidad, flexibilidad y fiabilidad. Por ello, muchas empresas de log\u00edstica utilizan las tecnolog\u00edas m\u00e1s modernas disponibles a lo largo de la cadena de suministro para&hellip;<\/p>\n","protected":false},"author":1,"featured_media":0,"parent":0,"menu_order":0,"comment_status":"closed","ping_status":"closed","template":"","meta":{"footnotes":""},"class_list":["post-24127","page","type-page","status-publish","hentry"],"yoast_head":"<!-- This site is optimized with the Yoast SEO plugin v27.5 - https:\/\/yoast.com\/product\/yoast-seo-wordpress\/ -->\n<title>DIVIS | Gesti\u00f3n de v\u00eddeo en almacenes y dep\u00f3sitos<\/title>\n<meta name=\"description\" content=\"Gesti\u00f3n de v\u00eddeo en almacenes y dep\u00f3sitos: Calidad de servicio optimizada y procesos m\u00e1s r\u00e1pidos gracias a un flujo de mercanc\u00edas transparente\" \/>\n<meta name=\"robots\" content=\"index, follow, max-snippet:-1, max-image-preview:large, max-video-preview:-1\" \/>\n<link rel=\"canonical\" href=\"https:\/\/www.divis.eu\/es\/divis-videovigilancia-para-logistica-beneficios-para-el-cliente\/\" \/>\n<meta property=\"og:locale\" content=\"es_ES\" \/>\n<meta property=\"og:type\" content=\"article\" \/>\n<meta property=\"og:title\" content=\"DIVIS | Gesti\u00f3n de v\u00eddeo en almacenes y dep\u00f3sitos\" \/>\n<meta property=\"og:description\" content=\"Gesti\u00f3n de v\u00eddeo en almacenes y dep\u00f3sitos: Calidad de servicio optimizada y procesos m\u00e1s r\u00e1pidos gracias a un flujo de mercanc\u00edas transparente\" \/>\n<meta property=\"og:url\" content=\"https:\/\/www.divis.eu\/es\/divis-videovigilancia-para-logistica-beneficios-para-el-cliente\/\" \/>\n<meta property=\"og:site_name\" content=\"DIVIS - The intelligent view\" \/>\n<meta property=\"article:modified_time\" content=\"2024-08-28T08:21:16+00:00\" \/>\n<meta property=\"og:image\" content=\"https:\/\/www.divis.eu\/wp-content\/uploads\/2020\/10\/albeck-entsaettigt-1.jpg\" \/>\n<meta name=\"twitter:card\" content=\"summary_large_image\" \/>\n<meta name=\"twitter:label1\" content=\"Tiempo de lectura\" \/>\n\t<meta name=\"twitter:data1\" content=\"9 minutos\" \/>\n<script type=\"application\/ld+json\" class=\"yoast-schema-graph\">{\"@context\":\"https:\\\/\\\/schema.org\",\"@graph\":[{\"@type\":\"WebPage\",\"@id\":\"https:\\\/\\\/www.divis.eu\\\/es\\\/divis-videovigilancia-para-logistica-beneficios-para-el-cliente\\\/\",\"url\":\"https:\\\/\\\/www.divis.eu\\\/es\\\/divis-videovigilancia-para-logistica-beneficios-para-el-cliente\\\/\",\"name\":\"DIVIS | Gesti\u00f3n de v\u00eddeo en almacenes y dep\u00f3sitos\",\"isPartOf\":{\"@id\":\"https:\\\/\\\/www.divis.eu\\\/#website\"},\"primaryImageOfPage\":{\"@id\":\"https:\\\/\\\/www.divis.eu\\\/es\\\/divis-videovigilancia-para-logistica-beneficios-para-el-cliente\\\/#primaryimage\"},\"image\":{\"@id\":\"https:\\\/\\\/www.divis.eu\\\/es\\\/divis-videovigilancia-para-logistica-beneficios-para-el-cliente\\\/#primaryimage\"},\"thumbnailUrl\":\"https:\\\/\\\/www.divis.eu\\\/wp-content\\\/uploads\\\/2020\\\/10\\\/albeck-entsaettigt-1.jpg\",\"datePublished\":\"2020-10-02T12:43:04+00:00\",\"dateModified\":\"2024-08-28T08:21:16+00:00\",\"description\":\"Gesti\u00f3n de v\u00eddeo en almacenes y dep\u00f3sitos: Calidad de servicio optimizada y procesos m\u00e1s r\u00e1pidos gracias a un flujo de mercanc\u00edas transparente\",\"breadcrumb\":{\"@id\":\"https:\\\/\\\/www.divis.eu\\\/es\\\/divis-videovigilancia-para-logistica-beneficios-para-el-cliente\\\/#breadcrumb\"},\"inLanguage\":\"es\",\"potentialAction\":[{\"@type\":\"ReadAction\",\"target\":[\"https:\\\/\\\/www.divis.eu\\\/es\\\/divis-videovigilancia-para-logistica-beneficios-para-el-cliente\\\/\"]}]},{\"@type\":\"ImageObject\",\"inLanguage\":\"es\",\"@id\":\"https:\\\/\\\/www.divis.eu\\\/es\\\/divis-videovigilancia-para-logistica-beneficios-para-el-cliente\\\/#primaryimage\",\"url\":\"https:\\\/\\\/www.divis.eu\\\/wp-content\\\/uploads\\\/2020\\\/10\\\/albeck-entsaettigt-1.jpg\",\"contentUrl\":\"https:\\\/\\\/www.divis.eu\\\/wp-content\\\/uploads\\\/2020\\\/10\\\/albeck-entsaettigt-1.jpg\"},{\"@type\":\"BreadcrumbList\",\"@id\":\"https:\\\/\\\/www.divis.eu\\\/es\\\/divis-videovigilancia-para-logistica-beneficios-para-el-cliente\\\/#breadcrumb\",\"itemListElement\":[{\"@type\":\"ListItem\",\"position\":1,\"name\":\"Startseite\",\"item\":\"https:\\\/\\\/www.divis.eu\\\/es\\\/\"},{\"@type\":\"ListItem\",\"position\":2,\"name\":\"DIVIS | Videovigilancia para log\u00edstica: beneficios para el cliente\"}]},{\"@type\":\"WebSite\",\"@id\":\"https:\\\/\\\/www.divis.eu\\\/#website\",\"url\":\"https:\\\/\\\/www.divis.eu\\\/\",\"name\":\"DIVIS - The intelligent view\",\"description\":\"Videosysteml\u00f6sungen f\u00fcr Umschlags- und Warenlager\",\"potentialAction\":[{\"@type\":\"SearchAction\",\"target\":{\"@type\":\"EntryPoint\",\"urlTemplate\":\"https:\\\/\\\/www.divis.eu\\\/?s={search_term_string}\"},\"query-input\":{\"@type\":\"PropertyValueSpecification\",\"valueRequired\":true,\"valueName\":\"search_term_string\"}}],\"inLanguage\":\"es\"}]}<\/script>\n<!-- \/ Yoast SEO plugin. -->","yoast_head_json":{"title":"DIVIS | Gesti\u00f3n de v\u00eddeo en almacenes y dep\u00f3sitos","description":"Gesti\u00f3n de v\u00eddeo en almacenes y dep\u00f3sitos: Calidad de servicio optimizada y procesos m\u00e1s r\u00e1pidos gracias a un flujo de mercanc\u00edas transparente","robots":{"index":"index","follow":"follow","max-snippet":"max-snippet:-1","max-image-preview":"max-image-preview:large","max-video-preview":"max-video-preview:-1"},"canonical":"https:\/\/www.divis.eu\/es\/divis-videovigilancia-para-logistica-beneficios-para-el-cliente\/","og_locale":"es_ES","og_type":"article","og_title":"DIVIS | Gesti\u00f3n de v\u00eddeo en almacenes y dep\u00f3sitos","og_description":"Gesti\u00f3n de v\u00eddeo en almacenes y dep\u00f3sitos: Calidad de servicio optimizada y procesos m\u00e1s r\u00e1pidos gracias a un flujo de mercanc\u00edas transparente","og_url":"https:\/\/www.divis.eu\/es\/divis-videovigilancia-para-logistica-beneficios-para-el-cliente\/","og_site_name":"DIVIS - The intelligent view","article_modified_time":"2024-08-28T08:21:16+00:00","og_image":[{"url":"https:\/\/www.divis.eu\/wp-content\/uploads\/2020\/10\/albeck-entsaettigt-1.jpg","type":"","width":"","height":""}],"twitter_card":"summary_large_image","twitter_misc":{"Tiempo de lectura":"9 minutos"},"schema":{"@context":"https:\/\/schema.org","@graph":[{"@type":"WebPage","@id":"https:\/\/www.divis.eu\/es\/divis-videovigilancia-para-logistica-beneficios-para-el-cliente\/","url":"https:\/\/www.divis.eu\/es\/divis-videovigilancia-para-logistica-beneficios-para-el-cliente\/","name":"DIVIS | Gesti\u00f3n de v\u00eddeo en almacenes y dep\u00f3sitos","isPartOf":{"@id":"https:\/\/www.divis.eu\/#website"},"primaryImageOfPage":{"@id":"https:\/\/www.divis.eu\/es\/divis-videovigilancia-para-logistica-beneficios-para-el-cliente\/#primaryimage"},"image":{"@id":"https:\/\/www.divis.eu\/es\/divis-videovigilancia-para-logistica-beneficios-para-el-cliente\/#primaryimage"},"thumbnailUrl":"https:\/\/www.divis.eu\/wp-content\/uploads\/2020\/10\/albeck-entsaettigt-1.jpg","datePublished":"2020-10-02T12:43:04+00:00","dateModified":"2024-08-28T08:21:16+00:00","description":"Gesti\u00f3n de v\u00eddeo en almacenes y dep\u00f3sitos: Calidad de servicio optimizada y procesos m\u00e1s r\u00e1pidos gracias a un flujo de mercanc\u00edas transparente","breadcrumb":{"@id":"https:\/\/www.divis.eu\/es\/divis-videovigilancia-para-logistica-beneficios-para-el-cliente\/#breadcrumb"},"inLanguage":"es","potentialAction":[{"@type":"ReadAction","target":["https:\/\/www.divis.eu\/es\/divis-videovigilancia-para-logistica-beneficios-para-el-cliente\/"]}]},{"@type":"ImageObject","inLanguage":"es","@id":"https:\/\/www.divis.eu\/es\/divis-videovigilancia-para-logistica-beneficios-para-el-cliente\/#primaryimage","url":"https:\/\/www.divis.eu\/wp-content\/uploads\/2020\/10\/albeck-entsaettigt-1.jpg","contentUrl":"https:\/\/www.divis.eu\/wp-content\/uploads\/2020\/10\/albeck-entsaettigt-1.jpg"},{"@type":"BreadcrumbList","@id":"https:\/\/www.divis.eu\/es\/divis-videovigilancia-para-logistica-beneficios-para-el-cliente\/#breadcrumb","itemListElement":[{"@type":"ListItem","position":1,"name":"Startseite","item":"https:\/\/www.divis.eu\/es\/"},{"@type":"ListItem","position":2,"name":"DIVIS | Videovigilancia para log\u00edstica: beneficios para el cliente"}]},{"@type":"WebSite","@id":"https:\/\/www.divis.eu\/#website","url":"https:\/\/www.divis.eu\/","name":"DIVIS - The intelligent view","description":"Videosysteml\u00f6sungen f\u00fcr Umschlags- und Warenlager","potentialAction":[{"@type":"SearchAction","target":{"@type":"EntryPoint","urlTemplate":"https:\/\/www.divis.eu\/?s={search_term_string}"},"query-input":{"@type":"PropertyValueSpecification","valueRequired":true,"valueName":"search_term_string"}}],"inLanguage":"es"}]}},"_links":{"self":[{"href":"https:\/\/www.divis.eu\/es\/wp-json\/wp\/v2\/pages\/24127","targetHints":{"allow":["GET"]}}],"collection":[{"href":"https:\/\/www.divis.eu\/es\/wp-json\/wp\/v2\/pages"}],"about":[{"href":"https:\/\/www.divis.eu\/es\/wp-json\/wp\/v2\/types\/page"}],"author":[{"embeddable":true,"href":"https:\/\/www.divis.eu\/es\/wp-json\/wp\/v2\/users\/1"}],"replies":[{"embeddable":true,"href":"https:\/\/www.divis.eu\/es\/wp-json\/wp\/v2\/comments?post=24127"}],"version-history":[{"count":0,"href":"https:\/\/www.divis.eu\/es\/wp-json\/wp\/v2\/pages\/24127\/revisions"}],"wp:attachment":[{"href":"https:\/\/www.divis.eu\/es\/wp-json\/wp\/v2\/media?parent=24127"}],"curies":[{"name":"wp","href":"https:\/\/api.w.org\/{rel}","templated":true}]}}