{"id":24133,"date":"2018-12-27T04:36:38","date_gmt":"2018-12-27T04:36:38","guid":{"rendered":"https:\/\/www.divis.eu\/divis-videoueberwachung-fuer-die-logistik-ueber-uns\/"},"modified":"2024-11-12T21:23:39","modified_gmt":"2024-11-12T21:23:39","slug":"divis-videovigilancia-para-la-logistica-quienes-somos","status":"publish","type":"page","link":"https:\/\/www.divis.eu\/es\/divis-videovigilancia-para-la-logistica-quienes-somos\/","title":{"rendered":"DIVIS | Videovigilancia para la log\u00edstica &#8211; Qui\u00e9nes somos"},"content":{"rendered":"\n<h1>\n\t\tMuchos a\u00f1os de experiencia y un equipo innovador son la clave de nuestro \u00e9xito\n\t<\/h1>\n\t<p>Deutsche Industrie V\u00eddeo System GmbH (DIVIS) es una mediana empresa gestionada por sus propietarios con sede en Bordesholm. Desarrollamos y distribuimos en toda Europa soluciones de sistemas llave en mano para el seguimiento visual de env\u00edos tanto en el \u00e1mbito del transporte de mercanc\u00edas y la manipulaci\u00f3n de paquetes como en el de la log\u00edstica de almacenamiento. Nuestras soluciones especiales de v\u00eddeo para la log\u00edstica aportan un alto grado de transparencia y ayudan a hacer m\u00e1s eficientes los procesos log\u00edsticos.<\/p>\n<p>Las empresas conf\u00edan en nuestra experiencia en m\u00e1s de 650 ubicaciones en m\u00e1s de 22 pa\u00edses europeos.<\/p>\n<p>Desde medianas empresas hasta corporaciones: los sistemas inteligentes se adaptan exactamente a las necesidades de los clientes. Ofrecemos asesoramiento, desarrollo de soluciones personalizadas y una ejecuci\u00f3n del proyecto sin interrupciones. Un servicio eficiente garantiza un \u00e9xito sostenible.<\/p>\n<p>Con m\u00e1s de 20 a\u00f1os de experiencia, nuestra empresa es sin\u00f3nimo de sostenibilidad, colaboraci\u00f3n y alta fiabilidad.<\/p>\n<h3>\n\t\tLo que nos hace fuertes\n\t<\/h3>\n<h2>\n\t\tNuestros valores\n\t<\/h2>\n\t\t\t\t\t\t<h2>Aprecio<\/h2>\n\t\t\t\t\t\t<p>Nos tratamos con respeto, reconocemos los logros y tenemos en cuenta los objetivos personales.<\/p>\n\t\t\t\t\t\t<!-- CTA -->\n\t\t\t\t\t\t<h2>Sostenibilidad<\/h2>\n\t\t\t\t\t\t<p>Nos esforzamos por mantener relaciones a largo plazo, cuestionamos las cosas y nos desarrollamos continuamente.<\/p>\n\t\t\t\t\t\t<!-- CTA -->\n\t\t\t\t\t\t<h2>Confiabilidad<\/h2>\n\t\t\t\t\t\t<p>Mantenemos nuestras declaraciones y cumplimos nuestra palabra, asumimos la responsabilidad de nuestros actos y nos comunicamos abiertamente.<\/p>\n\t\t\t\t\t\t<!-- CTA -->\n\t\t\t\t\t\t<h2>Equilibrio<\/h2>\n\t\t\t\t\t\t<p>Practicamos la equidad, un buen equilibrio entre el trabajo y la vida privada y, como empleadores, somos conscientes de nuestro deber de cuidado.<\/p>\n\t\t\t\t\t\t<!-- CTA -->\n\t\t\t\t\t\t<h2>Libertad<\/h2>\n\t\t\t\t\t\t<p>Damos forma a nuestro propio futuro y mantenemos nuestra independencia financiera.<\/p>\n\t\t\t\t\t\t<!-- CTA -->\n<h3>\n\t\tTour virtual de la empresa 360\u00b0\n\t<\/h3>\n\t <div class=\"brlbs-cmpnt-container brlbs-cmpnt-content-blocker brlbs-cmpnt-with-individual-styles\" data-borlabs-cookie-content-blocker-id=\"google-maps\" data-borlabs-cookie-content=\"PGlmcmFtZSBzcmM9Imh0dHBzOi8vd3d3Lmdvb2dsZS5jb20vbWFwcy9lbWJlZD9wYj0hNHYxNjczNDMxMTY5MDU1ITZtOCExbTchMXNDQW9TTEVGR01WRnBjRTlmUW14dlgxWmlVakZzUjFWR2RXMTNPREp4ZUV0WFNqTkNSMnh1ZDJkQlJXNTJUVE55ITJtMiExZDU0LjE4NDgyNTQwNDc5ITJkMTAuMDUyNjI2MTI4NzA2ITNmNS4wMTYxNzg3MDI3NjA4ITRmNi40MDU3MDQ5NjU5MjQ0ITVmMC43ODIwODY1OTc0NjI3NDY5IiB3aWR0aD0iNjAwIiBoZWlnaHQ9IjQ1MCIgYWxsb3dmdWxsc2NyZWVuPSIiIGxvYWRpbmc9ImxhenkiIHJlZmVycmVycG9saWN5PSJuby1yZWZlcnJlci13aGVuLWRvd25ncmFkZSI+PC9pZnJhbWU+\"><div class=\"brlbs-cmpnt-cb-preset-b brlbs-cmpnt-cb-google-maps\"> <div class=\"brlbs-cmpnt-cb-thumbnail\" style=\"background-image: url('https:\/\/www.divis.eu\/wp-content\/uploads\/borlabs-cookie\/1\/brlbs-cb-google-maps-main.png')\"><\/div> <div class=\"brlbs-cmpnt-cb-main\"> <div class=\"brlbs-cmpnt-cb-content\"> <p class=\"brlbs-cmpnt-cb-description\">Est\u00e1s viendo un contenido de marcador de posici\u00f3n de <strong>Google Maps<\/strong>. Para acceder al contenido real, haz clic en el siguiente bot\u00f3n. Ten en cuenta que al hacerlo compartir\u00e1s datos con terceros proveedores.<\/p> <a class=\"brlbs-cmpnt-cb-provider-toggle\" href=\"#\" data-borlabs-cookie-show-provider-information role=\"button\">M\u00e1s informaci\u00f3n<\/a> <\/div> <div class=\"brlbs-cmpnt-cb-buttons\"> <a class=\"brlbs-cmpnt-cb-btn\" href=\"#\" data-borlabs-cookie-unblock role=\"button\">Desbloquear contenido<\/a> <a class=\"brlbs-cmpnt-cb-btn\" href=\"#\" data-borlabs-cookie-accept-service role=\"button\" style=\"display: inherit\">Aceptar el servicio requerido y desbloquear los contenidos<\/a> <\/div> <\/div> <\/div><\/div>\n<h3>\n\t\tLo que nos impulsa\n\t<\/h3>\n<h2>\n\t\tNuestro leitmotiv\n\t<\/h2>\n\t<h3>\u00abUn crecimiento saludable con actores entusiastas\u00bb<\/h3>\n\t<p>Nuestro principio corporativo resume breve y concisamente d\u00f3nde y c\u00f3mo quiere desarrollarse DIVIS. Sirve para la orientaci\u00f3n, define la direcci\u00f3n y se ha formulado de tal manera que de \u00e9l se pueden desprender cuatro par\u00e1metros que definen el marco de las acciones.<\/p>\n\t\t\t\t\t\t<h2>Desarrollo saludable<\/h2>\n\t\t\t\t\t\t<p>Queremos crecer de forma sostenible y a un ritmo saludable. Esto implica crear estructuras en interacci\u00f3n con nuestros valores que brinden una base s\u00f3lida para continuar creciendo.<\/p>\n\t\t\t\t\t\t<!-- CTA -->\n\t\t\t\t\t\t<h2>Crecimiento<\/h2>\n\t\t\t\t\t\t<p>Crecimiento no significa solo expansi\u00f3n, sino tambi\u00e9n cambio continuo y adaptaci\u00f3n a nuevas circunstancias. Vemos este crecimiento como una oportunidad para toda la empresa.<\/p>\n\t\t\t\t\t\t<!-- CTA -->\n\t\t\t\t\t\t<h2>Entusiasmo<\/h2>\n\t\t\t\t\t\t<p>El entusiasmo es la clave de nuestro \u00e9xito, porque nos motiva y es nuestro motor para seguir en el camino del \u00e9xito hacia el futuro.<\/p>\n\t\t\t\t\t\t<!-- CTA -->\n\t\t\t\t\t\t<h2>Actores<\/h2>\n\t\t\t\t\t\t<p>En nuestro recorrido con DIVIS, involucramos a todos los que se ven afectados de alguna manera por las actividades de DIVIS. Los actores son, por ejemplo, todos los empleados de DIVIS, sus familias, los clientes, proveedores, socios e incluso las comunidades y los organismos de financiaci\u00f3n.<\/p>\n\t\t\t\t\t\t<!-- CTA -->\n<h3>\n\t\tC\u00f3mo vemos las cosas\n\t<\/h3>\n<h2>\n\t\tNuestra filosof\u00eda\n\t<\/h2>\n\t\t\t\t\t\tRESPONSABILIDAD\n\t\t\t<p>Actuamos con previsi\u00f3n, aprecio y respeto. Nos centramos en la prudencia y la responsabilidad personal y nos comprometemos con la sociedad.<\/p>\n\t\t\t\t\t\tEMPLEADOS Y COLABORADORES\n\t\t\t<p>Actuamos como modelos de conducta y vivimos lo que decimos. Nuestras acciones son justas y se caracterizan por la claridad y la transparencia. Para lograr nuestros objetivos, nos esforzamos por establecer relaciones a largo plazo con los empleados, clientes y socios, dando libertad y confianza.<\/p>\n\t\t\t\t\t\tPUESTA EN PR\u00c1CTICA\n\t\t\t<p>Las necesidades del cliente est\u00e1n en el centro de todo lo que hacemos. Ofrecemos la mejor calidad posible y creamos claridad en los procesos.<\/p>\n\t\t\t\t\t\tDESARROLLO DE PRODUCTOS\n\t\t\t<p>El uso de nuestros productos es sumamente intuitivo. Nuestros sistemas son modulares, sencillos e inteligentes. Aseguramos una amortizaci\u00f3n r\u00e1pida de nuestras soluciones y garantizamos una alta disponibilidad del sistema. Al desarrollar los productos tenemos en cuenta la experiencia y los comentarios de los clientes.<\/p>\n\t\t\t\t\t\tIMAGEN\n\t\t\t<p>Trabajamos para lograr el \u00e9xito mutuo y somos expertos en asesoramiento. Ayudamos de forma r\u00e1pida y concreta. Nuestras soluciones est\u00e1n hechas a medida y son flexibles.<\/p>\n\t\t\t\t\t\tDISTRIBUCION\n\t\t\t<p>Tenemos objetivos de ventas comunes y estamos calificados en t\u00e9rminos de declaraci\u00f3n, planificaci\u00f3n y oferta. Ofrecemos un asesoramiento completo, claro y honesto.<\/p>\n\t\t\t\t\t\tFINANZAS Y CRECIMIENTO\n\t\t\t<p>Somos financieramente independientes, crecemos de forma org\u00e1nica y seguimos el principio del valor de los interesados.<\/p>\n\t\t\t\t<img decoding=\"async\" src=\"https:\/\/www.divis.eu\/wp-content\/uploads\/2018\/01\/kundenlogo-CTL-1.png\" alt=\"CTL | DIVIS Kunde\" title=\"kundenlogo-CTL\" itemprop=\"image\"  \/>\n\t\t\t\t<img decoding=\"async\" src=\"https:\/\/www.divis.eu\/wp-content\/uploads\/2018\/01\/kundenlogo-dpd.png\" alt=\"kundenlogo-dpd\" title=\"kundenlogo-dpd\" itemprop=\"image\"  \/>\n\t\t\t\t<img decoding=\"async\" src=\"https:\/\/www.divis.eu\/wp-content\/uploads\/2018\/01\/kundenlogo-online.png\" alt=\"kundenlogo-online\" title=\"kundenlogo-online\" itemprop=\"image\"  \/>\n\t\t\t\t<img decoding=\"async\" src=\"https:\/\/www.divis.eu\/wp-content\/uploads\/2018\/01\/kundenlogo-rhenus.png\" alt=\"Rhenus Logistics | DIVIS-Kunde\" title=\"kundenlogo-rhenus\" itemprop=\"image\"  \/>\n\t\t\t\t<img decoding=\"async\" src=\"https:\/\/www.divis.eu\/wp-content\/uploads\/2018\/01\/kundenlogo-tsb.png\" alt=\"kundenlogo-tsb\" title=\"kundenlogo-tsb\" itemprop=\"image\"  \/>\n\t\t\t\t<img decoding=\"async\" src=\"https:\/\/www.divis.eu\/wp-content\/uploads\/2018\/01\/logo-van-duuren-mono-2.png\" alt=\"logo-van-duuren-mono\" title=\"logo-van-duuren-mono\" itemprop=\"image\"  \/>\n\t\t\t\t<img decoding=\"async\" src=\"https:\/\/www.divis.eu\/wp-content\/uploads\/2018\/01\/kundenlogo-transoflex-3.png\" alt=\"kundenlogo-transoflex\" title=\"kundenlogo-transoflex\" itemprop=\"image\"  \/>\n\t\t\t\t<img decoding=\"async\" src=\"https:\/\/www.divis.eu\/wp-content\/uploads\/2018\/01\/kundenlogo-emons.png\" alt=\"Emons | DIVIS-Kunde\" title=\"kundenlogo-emons\" itemprop=\"image\"  \/>\n\t\t\t\t<img decoding=\"async\" src=\"https:\/\/www.divis.eu\/wp-content\/uploads\/2018\/01\/kundenlogo-geis.png\" alt=\"Spedition Geis | DIVIS-Kunde\" title=\"kundenlogo-geis\" itemprop=\"image\"  \/>\n\t\t\t\t<img decoding=\"async\" src=\"https:\/\/www.divis.eu\/wp-content\/uploads\/2018\/01\/kundenlogo-gebrueder-weiss.png\" alt=\"Gebr\u00fcder Weiss | DIVIS-Kunde\" title=\"kundenlogo-gebrueder-weiss\" itemprop=\"image\"  \/>\n\t\t\t\t<img decoding=\"async\" src=\"https:\/\/www.divis.eu\/wp-content\/uploads\/2018\/01\/kundenlogo-tchibo.png\" alt=\"Tchibo | DIVIS-Kunde\" title=\"kundenlogo-tchibo\" itemprop=\"image\"  \/>\n\t\t\t\t<img decoding=\"async\" src=\"https:\/\/www.divis.eu\/wp-content\/uploads\/2018\/01\/kundenlogo-24plus.png\" alt=\"kundenlogo-24plus\" title=\"kundenlogo-24plus\" itemprop=\"image\"  \/>\n\n","protected":false},"excerpt":{"rendered":"<p>Muchos a\u00f1os de experiencia y un equipo innovador son la clave de nuestro \u00e9xito Deutsche Industrie V\u00eddeo System GmbH (DIVIS) es una mediana empresa gestionada por sus propietarios con sede en Bordesholm. Desarrollamos y distribuimos en toda Europa soluciones de sistemas llave en mano para el seguimiento visual de env\u00edos tanto en el \u00e1mbito del&hellip;<\/p>\n","protected":false},"author":1,"featured_media":0,"parent":0,"menu_order":0,"comment_status":"closed","ping_status":"closed","template":"","meta":{"footnotes":""},"class_list":["post-24133","page","type-page","status-publish","hentry"],"yoast_head":"<!-- This site is optimized with the Yoast SEO plugin v27.5 - https:\/\/yoast.com\/product\/yoast-seo-wordpress\/ -->\n<title>DIVIS Bordesholm | Videovigilancia para la log\u00edstica | Qui\u00e9nes somos<\/title>\n<meta name=\"description\" content=\"DIVIS Deutsche Industrie V\u00eddeo System GmbH de Bordesholm | Soluciones de videovigilancia para la log\u00edstica, m\u00e1s sobre el proveedor\" \/>\n<meta name=\"robots\" content=\"index, follow, max-snippet:-1, max-image-preview:large, max-video-preview:-1\" \/>\n<link rel=\"canonical\" href=\"https:\/\/www.divis.eu\/es\/divis-videovigilancia-para-la-logistica-quienes-somos\/\" \/>\n<meta property=\"og:locale\" content=\"es_ES\" \/>\n<meta property=\"og:type\" content=\"article\" \/>\n<meta property=\"og:title\" content=\"DIVIS Bordesholm | Videovigilancia para la log\u00edstica | Qui\u00e9nes somos\" \/>\n<meta property=\"og:description\" content=\"DIVIS Deutsche Industrie V\u00eddeo System GmbH de Bordesholm | Soluciones de videovigilancia para la log\u00edstica, m\u00e1s sobre el proveedor\" \/>\n<meta property=\"og:url\" content=\"https:\/\/www.divis.eu\/es\/divis-videovigilancia-para-la-logistica-quienes-somos\/\" \/>\n<meta property=\"og:site_name\" content=\"DIVIS - The intelligent view\" \/>\n<meta property=\"article:modified_time\" content=\"2024-11-12T21:23:39+00:00\" \/>\n<meta property=\"og:image\" content=\"https:\/\/www.divis.eu\/wp-content\/uploads\/2018\/01\/kundenlogo-CTL-1.png\" \/>\n<meta name=\"twitter:card\" content=\"summary_large_image\" \/>\n<meta name=\"twitter:label1\" content=\"Tiempo de lectura\" \/>\n\t<meta name=\"twitter:data1\" content=\"6 minutos\" \/>\n<script type=\"application\/ld+json\" class=\"yoast-schema-graph\">{\"@context\":\"https:\\\/\\\/schema.org\",\"@graph\":[{\"@type\":\"WebPage\",\"@id\":\"https:\\\/\\\/www.divis.eu\\\/es\\\/divis-videovigilancia-para-la-logistica-quienes-somos\\\/\",\"url\":\"https:\\\/\\\/www.divis.eu\\\/es\\\/divis-videovigilancia-para-la-logistica-quienes-somos\\\/\",\"name\":\"DIVIS Bordesholm | Videovigilancia para la log\u00edstica | Qui\u00e9nes somos\",\"isPartOf\":{\"@id\":\"https:\\\/\\\/www.divis.eu\\\/#website\"},\"primaryImageOfPage\":{\"@id\":\"https:\\\/\\\/www.divis.eu\\\/es\\\/divis-videovigilancia-para-la-logistica-quienes-somos\\\/#primaryimage\"},\"image\":{\"@id\":\"https:\\\/\\\/www.divis.eu\\\/es\\\/divis-videovigilancia-para-la-logistica-quienes-somos\\\/#primaryimage\"},\"thumbnailUrl\":\"https:\\\/\\\/www.divis.eu\\\/wp-content\\\/uploads\\\/2018\\\/01\\\/kundenlogo-CTL-1.png\",\"datePublished\":\"2018-12-27T04:36:38+00:00\",\"dateModified\":\"2024-11-12T21:23:39+00:00\",\"description\":\"DIVIS Deutsche Industrie V\u00eddeo System GmbH de Bordesholm | Soluciones de videovigilancia para la log\u00edstica, m\u00e1s sobre el proveedor\",\"breadcrumb\":{\"@id\":\"https:\\\/\\\/www.divis.eu\\\/es\\\/divis-videovigilancia-para-la-logistica-quienes-somos\\\/#breadcrumb\"},\"inLanguage\":\"es\",\"potentialAction\":[{\"@type\":\"ReadAction\",\"target\":[\"https:\\\/\\\/www.divis.eu\\\/es\\\/divis-videovigilancia-para-la-logistica-quienes-somos\\\/\"]}]},{\"@type\":\"ImageObject\",\"inLanguage\":\"es\",\"@id\":\"https:\\\/\\\/www.divis.eu\\\/es\\\/divis-videovigilancia-para-la-logistica-quienes-somos\\\/#primaryimage\",\"url\":\"https:\\\/\\\/www.divis.eu\\\/wp-content\\\/uploads\\\/2018\\\/01\\\/kundenlogo-CTL-1.png\",\"contentUrl\":\"https:\\\/\\\/www.divis.eu\\\/wp-content\\\/uploads\\\/2018\\\/01\\\/kundenlogo-CTL-1.png\"},{\"@type\":\"BreadcrumbList\",\"@id\":\"https:\\\/\\\/www.divis.eu\\\/es\\\/divis-videovigilancia-para-la-logistica-quienes-somos\\\/#breadcrumb\",\"itemListElement\":[{\"@type\":\"ListItem\",\"position\":1,\"name\":\"Startseite\",\"item\":\"https:\\\/\\\/www.divis.eu\\\/es\\\/\"},{\"@type\":\"ListItem\",\"position\":2,\"name\":\"DIVIS | Videovigilancia para la log\u00edstica &#8211; Qui\u00e9nes somos\"}]},{\"@type\":\"WebSite\",\"@id\":\"https:\\\/\\\/www.divis.eu\\\/#website\",\"url\":\"https:\\\/\\\/www.divis.eu\\\/\",\"name\":\"DIVIS - The intelligent view\",\"description\":\"Videosysteml\u00f6sungen f\u00fcr Umschlags- und Warenlager\",\"potentialAction\":[{\"@type\":\"SearchAction\",\"target\":{\"@type\":\"EntryPoint\",\"urlTemplate\":\"https:\\\/\\\/www.divis.eu\\\/?s={search_term_string}\"},\"query-input\":{\"@type\":\"PropertyValueSpecification\",\"valueRequired\":true,\"valueName\":\"search_term_string\"}}],\"inLanguage\":\"es\"}]}<\/script>\n<!-- \/ Yoast SEO plugin. -->","yoast_head_json":{"title":"DIVIS Bordesholm | Videovigilancia para la log\u00edstica | Qui\u00e9nes somos","description":"DIVIS Deutsche Industrie V\u00eddeo System GmbH de Bordesholm | Soluciones de videovigilancia para la log\u00edstica, m\u00e1s sobre el proveedor","robots":{"index":"index","follow":"follow","max-snippet":"max-snippet:-1","max-image-preview":"max-image-preview:large","max-video-preview":"max-video-preview:-1"},"canonical":"https:\/\/www.divis.eu\/es\/divis-videovigilancia-para-la-logistica-quienes-somos\/","og_locale":"es_ES","og_type":"article","og_title":"DIVIS Bordesholm | Videovigilancia para la log\u00edstica | Qui\u00e9nes somos","og_description":"DIVIS Deutsche Industrie V\u00eddeo System GmbH de Bordesholm | Soluciones de videovigilancia para la log\u00edstica, m\u00e1s sobre el proveedor","og_url":"https:\/\/www.divis.eu\/es\/divis-videovigilancia-para-la-logistica-quienes-somos\/","og_site_name":"DIVIS - The intelligent view","article_modified_time":"2024-11-12T21:23:39+00:00","og_image":[{"url":"https:\/\/www.divis.eu\/wp-content\/uploads\/2018\/01\/kundenlogo-CTL-1.png","type":"","width":"","height":""}],"twitter_card":"summary_large_image","twitter_misc":{"Tiempo de lectura":"6 minutos"},"schema":{"@context":"https:\/\/schema.org","@graph":[{"@type":"WebPage","@id":"https:\/\/www.divis.eu\/es\/divis-videovigilancia-para-la-logistica-quienes-somos\/","url":"https:\/\/www.divis.eu\/es\/divis-videovigilancia-para-la-logistica-quienes-somos\/","name":"DIVIS Bordesholm | Videovigilancia para la log\u00edstica | Qui\u00e9nes somos","isPartOf":{"@id":"https:\/\/www.divis.eu\/#website"},"primaryImageOfPage":{"@id":"https:\/\/www.divis.eu\/es\/divis-videovigilancia-para-la-logistica-quienes-somos\/#primaryimage"},"image":{"@id":"https:\/\/www.divis.eu\/es\/divis-videovigilancia-para-la-logistica-quienes-somos\/#primaryimage"},"thumbnailUrl":"https:\/\/www.divis.eu\/wp-content\/uploads\/2018\/01\/kundenlogo-CTL-1.png","datePublished":"2018-12-27T04:36:38+00:00","dateModified":"2024-11-12T21:23:39+00:00","description":"DIVIS Deutsche Industrie V\u00eddeo System GmbH de Bordesholm | Soluciones de videovigilancia para la log\u00edstica, m\u00e1s sobre el proveedor","breadcrumb":{"@id":"https:\/\/www.divis.eu\/es\/divis-videovigilancia-para-la-logistica-quienes-somos\/#breadcrumb"},"inLanguage":"es","potentialAction":[{"@type":"ReadAction","target":["https:\/\/www.divis.eu\/es\/divis-videovigilancia-para-la-logistica-quienes-somos\/"]}]},{"@type":"ImageObject","inLanguage":"es","@id":"https:\/\/www.divis.eu\/es\/divis-videovigilancia-para-la-logistica-quienes-somos\/#primaryimage","url":"https:\/\/www.divis.eu\/wp-content\/uploads\/2018\/01\/kundenlogo-CTL-1.png","contentUrl":"https:\/\/www.divis.eu\/wp-content\/uploads\/2018\/01\/kundenlogo-CTL-1.png"},{"@type":"BreadcrumbList","@id":"https:\/\/www.divis.eu\/es\/divis-videovigilancia-para-la-logistica-quienes-somos\/#breadcrumb","itemListElement":[{"@type":"ListItem","position":1,"name":"Startseite","item":"https:\/\/www.divis.eu\/es\/"},{"@type":"ListItem","position":2,"name":"DIVIS | Videovigilancia para la log\u00edstica &#8211; Qui\u00e9nes somos"}]},{"@type":"WebSite","@id":"https:\/\/www.divis.eu\/#website","url":"https:\/\/www.divis.eu\/","name":"DIVIS - The intelligent view","description":"Videosysteml\u00f6sungen f\u00fcr Umschlags- und Warenlager","potentialAction":[{"@type":"SearchAction","target":{"@type":"EntryPoint","urlTemplate":"https:\/\/www.divis.eu\/?s={search_term_string}"},"query-input":{"@type":"PropertyValueSpecification","valueRequired":true,"valueName":"search_term_string"}}],"inLanguage":"es"}]}},"_links":{"self":[{"href":"https:\/\/www.divis.eu\/es\/wp-json\/wp\/v2\/pages\/24133","targetHints":{"allow":["GET"]}}],"collection":[{"href":"https:\/\/www.divis.eu\/es\/wp-json\/wp\/v2\/pages"}],"about":[{"href":"https:\/\/www.divis.eu\/es\/wp-json\/wp\/v2\/types\/page"}],"author":[{"embeddable":true,"href":"https:\/\/www.divis.eu\/es\/wp-json\/wp\/v2\/users\/1"}],"replies":[{"embeddable":true,"href":"https:\/\/www.divis.eu\/es\/wp-json\/wp\/v2\/comments?post=24133"}],"version-history":[{"count":0,"href":"https:\/\/www.divis.eu\/es\/wp-json\/wp\/v2\/pages\/24133\/revisions"}],"wp:attachment":[{"href":"https:\/\/www.divis.eu\/es\/wp-json\/wp\/v2\/media?parent=24133"}],"curies":[{"name":"wp","href":"https:\/\/api.w.org\/{rel}","templated":true}]}}