{"id":24252,"date":"2017-12-10T17:58:30","date_gmt":"2017-12-10T17:58:30","guid":{"rendered":"https:\/\/www.divis.eu\/cargovis-video-management-software-umschlagslager\/"},"modified":"2022-04-14T13:14:07","modified_gmt":"2022-04-14T13:14:07","slug":"software-de-gestion-de-video-cargovis-para-almacenes-de-transbordo","status":"publish","type":"page","link":"https:\/\/www.divis.eu\/es\/software-de-gestion-de-video-cargovis-para-almacenes-de-transbordo\/","title":{"rendered":"Software de gesti\u00f3n de v\u00eddeo CargoVIS para almacenes de transbordo"},"content":{"rendered":"\n<h1>\n\t\tPor qu\u00e9 CargoVIS\n\t<\/h1>\n<h1>\n\t\tEficiencia en todos los niveles\n\t<\/h1>\n\t\tResultados r\u00e1pidos gracias b\u00fasquedas precisas\t\t\t\n\t\t\t\tR\u00e1pido y sin complicaciones: restrinja su b\u00fasqueda a unos pocos segundos, alivie a sus empleados y haga un uso m\u00e1s eficiente de la mano de obra.\n\t\tProtecci\u00f3n de datos con todas las letras\t\t\t\n\t\t\t\tCargoVIS cumple con los requisitos de protecci\u00f3n de datos de la ley y de su comit\u00e9 de empresa. Los filtros configurables hacen que los empleados sean irreconocibles y ocultan la informaci\u00f3n irrelevante. Solo se pueden identificar los datos necesarios para la b\u00fasqueda de env\u00edos de mercanc\u00edas.\n\t\tOptimizar procesos\t\t\t\n\t\t\t\tTodo a la vista en todo momento. Utilice el dinero, el tiempo y los recursos de forma m\u00e1s eficaz. El software de gesti\u00f3n de v\u00eddeo CargoVIS para almacenes de transbordo y dep\u00f3sitos le ayuda en esto, porque ya no pierde tiempo con b\u00fasquedas innecesariamente largas.\n\t\tEncuentre env\u00edos perdidos, reduzca p\u00e9rdidas\t\t\t\n\t\t\t\tNo renuncie a ning\u00fan paquete. Con CargoVIS encontrar\u00e1 incluso la \u00faltima mercanc\u00eda que cre\u00eda perdida. De este modo, con CargoVIS ahorrar\u00e1 dinero y la soluci\u00f3n se amortizar\u00e1 en poco tiempo.\n\t\tTransferencia de responsabilidad claramente documentada\t\t\t\n\t\t\t\tGracias a las pruebas claras (que incluso se pueden imprimir), con CargoVIS estar\u00e1 en una situaci\u00f3n probatoria m\u00e1s s\u00f3lida frente a sus clientes y proveedores. Esto significa que, en caso de litigio, ya no tendr\u00e1 que aceptar da\u00f1os y perjuicios.\n\t\tClientes satisfechos gracias a la garant\u00eda de calidad\t\t\t\n\t\t\t\tOptimice su servicio con CargoVIS al poder rastrear el paradero de cada env\u00edo en cualquier momento. Sus clientes apreciar\u00e1n el flujo transparente de informaci\u00f3n.\n\t\t\t\t<img decoding=\"async\" src=\"https:\/\/www.divis.eu\/wp-content\/uploads\/2018\/03\/VideoManagementSoftware-Umschlagslager-innovative-navigation.png\" alt=\"CargoVIS | Video Management Software f\u00fcr Umschlagslager von DIVIS | innovative Bereichsnavigation\" itemprop=\"image\" height=\"750\" width=\"600\" title=\"VideoManagementSoftware-Umschlagslager-innovative-navigation\" onerror=\"this.style.display='none'\"  \/>\n<h1>\n\t\tLa decisi\u00f3n correcta\n\t<\/h1>\n<h1>\n\t\tLa decisi\u00f3n correcta\n\t<\/h1>\n<h1>\n\t\tpara la b\u00fasqueda de env\u00edos\n\t<\/h1>\n\tCon nuestra soluci\u00f3n de sistema CargoVIS, le ofrecemos un software de gesti\u00f3n de v\u00eddeo completo y f\u00e1cil de usar para almacenes de transbordo y dep\u00f3sitos a fin de realizar la b\u00fasqueda y el seguimiento de env\u00edos paletizados mediante im\u00e1genes.<br \/>\n15 a\u00f1os de experiencia en el campo de la videovigilancia para la log\u00edstica de almacenes y el estrecho di\u00e1logo con nuestros clientes nos han demostrado una cosa en particular: muchos usuarios consideran que el funcionamiento de los sistemas de videovigilancia t\u00edpicos es complicado y requiere mucho tiempo.\nLa b\u00fasqueda convencional de env\u00edos depositados o cargados de forma incorrecta requiere mucho tiempo y trabajo. En algunas circunstancias, el paradero de un env\u00edo ya no puede rastrearse una vez que este ha salido del dep\u00f3sito.<br \/>\nNuestro software se convierte en un asistente virtual que le asiste de manera confiable para encontrar el paquete que est\u00e1 buscando.\nCon el objetivo de crear una soluci\u00f3n pr\u00e1ctica e intuitiva, hemos eliminado convenciones obsoletas y fusionado m\u00e9todos probados con la \u00faltima tecnolog\u00eda para crear una herramienta de investigaci\u00f3n potente y r\u00e1pida.<br \/>\nAl igual que con los sistemas de CCTV convencionales, el proceso de b\u00fasqueda en CargoVIS se basa en las grabaciones de v\u00eddeo de su dep\u00f3sito, nave de transbordo o el \u00e1rea exterior.\n<p>La caracter\u00edstica especial de CargoVIS es el siguiente paso:<\/p>\n\t\t\t<h3>Video &#038; Scan<\/h3>\t\t\t\n\t\t\t\t<p>La informaci\u00f3n de las im\u00e1genes y del escaneo est\u00e1 vinculada a los datos de env\u00edo del paquete correspondiente a trav\u00e9s de los esc\u00e1neres de las naves.<\/p>\n\tAl vincular autom\u00e1ticamente los datos de env\u00edo de su software de transporte con nuestros datos de imagen (a trav\u00e9s de un servidor de tiempo NTP), cada env\u00edo de mercanc\u00edas deja su \u00abhuella digital\u00bb individual en CargoVIS con cada escaneado. A medida que el env\u00edo pasa por su nave, se crea una ruta de movimiento de escaneo que se puede consultar en nuestro software, lo que permite un seguimiento perfecto de las mercanc\u00edas.<br \/>\nCuando se introduce un n\u00famero de env\u00edo en la m\u00e1scara de b\u00fasqueda, se le mostrar\u00e1 la selecci\u00f3n adecuada de im\u00e1genes en cuesti\u00f3n de segundos.\n<p>Aqu\u00ed se ocultar\u00e1 la informaci\u00f3n irrelevante o cr\u00edtica para la protecci\u00f3n de datos. Solo se muestra la informaci\u00f3n que realmente est\u00e1 buscando.<\/p>\n<p>De forma alternativa o adicional, la b\u00fasqueda se puede realizar determinando la posici\u00f3n de sus esc\u00e1neres en la nave o los medios de transporte mediante nuestra soluci\u00f3n de ubicaci\u00f3n Location+ (con una precisi\u00f3n de +\/- 1m de tolerancia).<\/p>\n\t\t\t<a href=\"https:\/\/www.divis.eu\/es\/videovigilancia-cargovis-para-seguimiento-de-mercancias\/\" target=\"_self\" role=\"button\" aria-label=\"B\u00fasqueda en CargoVIS\" rel=\"noopener\">\n\t\t\t\t\t\t\tB\u00fasqueda en CargoVIS\n\t\t<\/a>\n\t\t\t\t<img decoding=\"async\" src=\"https:\/\/www.divis.eu\/wp-content\/uploads\/2018\/01\/logo-tsb.png\" alt=\"logo-tsb\" title=\"logo-tsb\" itemprop=\"image\"\/>\n\t\t\t\t\t\t\t\t<h3 class='uabb-testimonial-author-name testimonial-author-name'>TSBtrans<\/h3>\t\t\t\t\t\t\t\t\n\t\t\t\t\t\t\t\t\tEspa\u00f1a\t\t\t\t\t\t\t\t\n\t\t\t\t\t\t\t<blockquote><p>\u00abCargoVIS es totalmente confiable y gracias a sus capacidades de seguimiento, la inversi\u00f3n de TSB se ha amortizado en menos de un a\u00f1o al poder encontrar los pal\u00e9s &#8216;desaparecidos&#8217; e identificar las fuentes de da\u00f1os\u00bb.<\/p><\/blockquote>\t\t\t\t\t\t\n\t\t\t\t<img decoding=\"async\" src=\"https:\/\/www.divis.eu\/wp-content\/uploads\/2018\/01\/logo-lagermax.png\" alt=\"logo-lagermax\" title=\"logo-lagermax\" itemprop=\"image\"\/>\n\t\t\t\t\t\t\t\t<h3 class='uabb-testimonial-author-name testimonial-author-name'>Lagermax Paketdienst GmbH &amp; Co KG<\/h3>\t\t\t\t\t\t\t\t\n\t\t\t\t\t\t\t\t\tAustria\t\t\t\t\t\t\t\t\n\t\t\t\t\t\t\t<blockquote><p>\u00abLlevamos 5 a\u00f1os usando ParcelVIS de DIVIS y nunca hemos tenido ning\u00fan problema\u00bb.<\/p><\/blockquote>\t\t\t\t\t\t\n\t\t\t\t<img decoding=\"async\" src=\"https:\/\/www.divis.eu\/wp-content\/uploads\/2018\/01\/logo-voigt-invers.png\" alt=\"logo-voigt-invers\" title=\"logo-voigt-invers\" itemprop=\"image\"\/>\n\t\t\t\t\t\t\t\t<h3 class='uabb-testimonial-author-name testimonial-author-name'>Herbert Voigt GmbH &amp; Co. KG<\/h3>\t\t\t\t\t\t\t\t\n\t\t\t\t\t\t\t\t\tAlemania\t\t\t\t\t\t\t\t\n\t\t\t\t\t\t\t<blockquote><p>\u00abEn DIVIS encontramos un socio competente que siempre tiene una soluci\u00f3n especial para cada una de nuestras ideas\u00bb.<\/p><\/blockquote>\t\t\t\t\t\t\n\t\t\t\t<img decoding=\"async\" src=\"https:\/\/www.divis.eu\/wp-content\/uploads\/2018\/01\/logo-schmalz-schoen.png\" alt=\"logo-schmalz-schoen\" title=\"logo-schmalz-schoen\" itemprop=\"image\"\/>\n\t\t\t\t\t\t\t\t<h3 class='uabb-testimonial-author-name testimonial-author-name'>SCHMALZ+SCH\u00d6N Logistics GmbH<\/h3>\t\t\t\t\t\t\t\t\n\t\t\t\t\t\t\t\t\tAlemania\t\t\t\t\t\t\t\t\n\t\t\t\t\t\t\t<blockquote><p>\u00abLa soluci\u00f3n perfecta incluso en \u00e1reas de transbordo heterog\u00e9neas: la videovigilancia de DIVIS, atenta a cada paquete\u00bb.<\/p><\/blockquote>\t\t\t\t\t\t\n\t\t\t\t<img decoding=\"async\" src=\"https:\/\/www.divis.eu\/wp-content\/uploads\/2018\/01\/logo-zufall-1.png\" alt=\"logo-zufall\" title=\"logo-zufall\" itemprop=\"image\"\/>\n\t\t\t\t\t\t\t\t<h3 class='uabb-testimonial-author-name testimonial-author-name'>Friedrich Zufall GmbH &amp; Co. KG<\/h3>\t\t\t\t\t\t\t\t\n\t\t\t\t\t\t\t\t\tAlemania\t\t\t\t\t\t\t\t\n\t\t\t\t\t\t\t<blockquote><p>\u00abEstamos muy satisfechos con el sistema [&#8230; de DIVIS &#8230;]\u00bb<\/p><\/blockquote>\t\t\t\t\t\t\n\t\t\t<a href=\"https:\/\/www.divis.eu\/es\/referencias-y-casos-practicos-seguimiento-del-envio-en-el-almacen\/\" target=\"_self\" role=\"button\" aria-label=\"A los Casos pr\u00e1cticos\" rel=\"noopener\">\n\t\t\t\t\t\t\tA los Casos pr\u00e1cticos\n\t\t<\/a>\n\t\t\t\t<img decoding=\"async\" src=\"https:\/\/www.divis.eu\/wp-content\/uploads\/2018\/01\/hendrik-reger-1.png\" alt=\"Hendrik Reger | DIVIS | Videol\u00f6sungen f\u00fcr die Logistik\" itemprop=\"image\" height=\"385\" width=\"300\" title=\"hendrik-reger\" onerror=\"this.style.display='none'\"  \/>\n\t<em><strong>Hendrik Reger<\/strong><br \/>\nDirector General<br \/>\n<\/em>\n<h1>\n\t\t\u00bfTiene alguna pregunta?\n\t<\/h1>\n<h1>\n\t\tAqu\u00ed tenemos respuestas\n\t<\/h1>\n\t<p>Nuestro equipo estar\u00e1 encantado de responder a sus consultas sobre nuestros productos y de asesorarle de forma gratuita y sin compromiso.<\/p>\n\t\t\t<a href=\"https:\/\/www.divis.eu\/es\/pongase-en-contacto-con-divis-el-proveedor-de-servicios-de-seguimiento-y-localizacion-por-camara\/\" target=\"_self\" role=\"button\" aria-label=\"Contactar a DIVIS\" rel=\"noopener\">\n\t\t\t\t\t\t\tContactar a DIVIS\n\t\t<\/a>\n\t\t\t\t<img decoding=\"async\" src=\"https:\/\/www.divis.eu\/wp-content\/uploads\/2018\/01\/kundenlogo-CTL-1.png\" alt=\"CTL | DIVIS Kunde\" itemprop=\"image\" height=\"51\" width=\"120\" title=\"kundenlogo-CTL\" onerror=\"this.style.display='none'\"  \/>\n\t\t\t\t<img decoding=\"async\" src=\"https:\/\/www.divis.eu\/wp-content\/uploads\/2018\/01\/kundenlogo-dpd.png\" alt=\"kundenlogo-dpd\" itemprop=\"image\" height=\"51\" width=\"120\" title=\"kundenlogo-dpd\" onerror=\"this.style.display='none'\"  \/>\n\t\t\t\t<img decoding=\"async\" src=\"https:\/\/www.divis.eu\/wp-content\/uploads\/2018\/01\/kundenlogo-emons.png\" alt=\"Emons | DIVIS-Kunde\" itemprop=\"image\" height=\"51\" width=\"120\" title=\"kundenlogo-emons\" onerror=\"this.style.display='none'\"  \/>\n\t\t\t\t<img decoding=\"async\" src=\"https:\/\/www.divis.eu\/wp-content\/uploads\/2018\/01\/kundenlogo-online.png\" alt=\"kundenlogo-online\" itemprop=\"image\" height=\"51\" width=\"120\" title=\"kundenlogo-online\" onerror=\"this.style.display='none'\"  \/>\n\t\t\t\t<img decoding=\"async\" src=\"https:\/\/www.divis.eu\/wp-content\/uploads\/2018\/01\/kundenlogo-rhenus.png\" alt=\"Rhenus Logistics | DIVIS-Kunde\" title=\"kundenlogo-rhenus\" itemprop=\"image\"  \/>\n\t\t\t\t<img decoding=\"async\" src=\"https:\/\/www.divis.eu\/wp-content\/uploads\/2018\/01\/kundenlogo-tsb.png\" alt=\"kundenlogo-tsb\" itemprop=\"image\" height=\"51\" width=\"120\" title=\"kundenlogo-tsb\" onerror=\"this.style.display='none'\"  \/>\n\t\t\t\t<img decoding=\"async\" src=\"https:\/\/www.divis.eu\/wp-content\/uploads\/2018\/01\/kundenlogo-gebrueder-weiss.png\" alt=\"Gebr\u00fcder Weiss | DIVIS-Kunde\" itemprop=\"image\" height=\"51\" width=\"150\" title=\"kundenlogo-gebrueder-weiss\" onerror=\"this.style.display='none'\"  \/>\n\t\t\t\t<img decoding=\"async\" src=\"https:\/\/www.divis.eu\/wp-content\/uploads\/2018\/01\/kundenlogo-tchibo.png\" alt=\"Tchibo | DIVIS-Kunde\" title=\"kundenlogo-tchibo\" itemprop=\"image\"  \/>\n\t\t\t\t<img decoding=\"async\" src=\"https:\/\/www.divis.eu\/wp-content\/uploads\/2018\/01\/kundenlogo-24plus.png\" alt=\"kundenlogo-24plus\" itemprop=\"image\" height=\"51\" width=\"120\" title=\"kundenlogo-24plus\" onerror=\"this.style.display='none'\"  \/>\n\t\t\t\t<img decoding=\"async\" src=\"https:\/\/www.divis.eu\/wp-content\/uploads\/2018\/01\/kundenlogo-transoflex-3.png\" alt=\"kundenlogo-transoflex\" title=\"kundenlogo-transoflex\" itemprop=\"image\"  \/>\n\t\t\t\t<img decoding=\"async\" src=\"https:\/\/www.divis.eu\/wp-content\/uploads\/2018\/01\/kundenlogo-geis.png\" alt=\"Spedition Geis | DIVIS-Kunde\" title=\"kundenlogo-geis\" itemprop=\"image\"  \/>\n\t\t\t\t<img decoding=\"async\" src=\"https:\/\/www.divis.eu\/wp-content\/uploads\/2018\/01\/kundenlogo-zufall.png\" alt=\"kundenlogo-zufall\" itemprop=\"image\" height=\"51\" width=\"120\" title=\"kundenlogo-zufall\" onerror=\"this.style.display='none'\"  \/>\n\n","protected":false},"excerpt":{"rendered":"<p>Por qu\u00e9 CargoVIS Eficiencia en todos los niveles Resultados r\u00e1pidos gracias b\u00fasquedas precisas R\u00e1pido y sin complicaciones: restrinja su b\u00fasqueda a unos pocos segundos, alivie a sus empleados y haga un uso m\u00e1s eficiente de la mano de obra. Protecci\u00f3n de datos con todas las letras CargoVIS cumple con los requisitos de protecci\u00f3n de datos&hellip;<\/p>\n","protected":false},"author":1,"featured_media":0,"parent":0,"menu_order":0,"comment_status":"closed","ping_status":"closed","template":"","meta":{"footnotes":""},"class_list":["post-24252","page","type-page","status-publish","hentry"],"yoast_head":"<!-- This site is optimized with the Yoast SEO plugin v27.4 - https:\/\/yoast.com\/product\/yoast-seo-wordpress\/ -->\n<title>CargoVIS | Software de gesti\u00f3n de v\u00eddeo para almacenes de transbordo<\/title>\n<meta name=\"description\" content=\"El software de gesti\u00f3n de v\u00eddeo CargoVIS para almacenes de transbordo de DIVIS con navegaci\u00f3n patentada por zonas garantiza una b\u00fasqueda en segundos de las mercanc\u00edas paletizadas perdidas.\" \/>\n<meta name=\"robots\" content=\"index, follow, max-snippet:-1, max-image-preview:large, max-video-preview:-1\" \/>\n<link rel=\"canonical\" href=\"https:\/\/www.divis.eu\/es\/software-de-gestion-de-video-cargovis-para-almacenes-de-transbordo\/\" \/>\n<meta property=\"og:locale\" content=\"es_ES\" \/>\n<meta property=\"og:type\" content=\"article\" \/>\n<meta property=\"og:title\" content=\"CargoVIS | Software de gesti\u00f3n de v\u00eddeo para almacenes de transbordo\" \/>\n<meta property=\"og:description\" content=\"El software de gesti\u00f3n de v\u00eddeo CargoVIS para almacenes de transbordo de DIVIS con navegaci\u00f3n patentada por zonas garantiza una b\u00fasqueda en segundos de las mercanc\u00edas paletizadas perdidas.\" \/>\n<meta property=\"og:url\" content=\"https:\/\/www.divis.eu\/es\/software-de-gestion-de-video-cargovis-para-almacenes-de-transbordo\/\" \/>\n<meta property=\"og:site_name\" content=\"DIVIS - The intelligent view\" \/>\n<meta property=\"article:modified_time\" content=\"2022-04-14T13:14:07+00:00\" \/>\n<meta property=\"og:image\" content=\"https:\/\/www.divis.eu\/wp-content\/uploads\/2018\/03\/VideoManagementSoftware-Umschlagslager-innovative-navigation.png\" \/>\n<meta name=\"twitter:card\" content=\"summary_large_image\" \/>\n<meta name=\"twitter:label1\" content=\"Tiempo de lectura\" \/>\n\t<meta name=\"twitter:data1\" content=\"11 minutos\" \/>\n<script type=\"application\/ld+json\" class=\"yoast-schema-graph\">{\"@context\":\"https:\\\/\\\/schema.org\",\"@graph\":[{\"@type\":\"WebPage\",\"@id\":\"https:\\\/\\\/www.divis.eu\\\/es\\\/software-de-gestion-de-video-cargovis-para-almacenes-de-transbordo\\\/\",\"url\":\"https:\\\/\\\/www.divis.eu\\\/es\\\/software-de-gestion-de-video-cargovis-para-almacenes-de-transbordo\\\/\",\"name\":\"CargoVIS | Software de gesti\u00f3n de v\u00eddeo para almacenes de transbordo\",\"isPartOf\":{\"@id\":\"https:\\\/\\\/www.divis.eu\\\/#website\"},\"primaryImageOfPage\":{\"@id\":\"https:\\\/\\\/www.divis.eu\\\/es\\\/software-de-gestion-de-video-cargovis-para-almacenes-de-transbordo\\\/#primaryimage\"},\"image\":{\"@id\":\"https:\\\/\\\/www.divis.eu\\\/es\\\/software-de-gestion-de-video-cargovis-para-almacenes-de-transbordo\\\/#primaryimage\"},\"thumbnailUrl\":\"https:\\\/\\\/www.divis.eu\\\/wp-content\\\/uploads\\\/2018\\\/03\\\/VideoManagementSoftware-Umschlagslager-innovative-navigation.png\",\"datePublished\":\"2017-12-10T17:58:30+00:00\",\"dateModified\":\"2022-04-14T13:14:07+00:00\",\"description\":\"El software de gesti\u00f3n de v\u00eddeo CargoVIS para almacenes de transbordo de DIVIS con navegaci\u00f3n patentada por zonas garantiza una b\u00fasqueda en segundos de las mercanc\u00edas paletizadas perdidas.\",\"breadcrumb\":{\"@id\":\"https:\\\/\\\/www.divis.eu\\\/es\\\/software-de-gestion-de-video-cargovis-para-almacenes-de-transbordo\\\/#breadcrumb\"},\"inLanguage\":\"es\",\"potentialAction\":[{\"@type\":\"ReadAction\",\"target\":[\"https:\\\/\\\/www.divis.eu\\\/es\\\/software-de-gestion-de-video-cargovis-para-almacenes-de-transbordo\\\/\"]}]},{\"@type\":\"ImageObject\",\"inLanguage\":\"es\",\"@id\":\"https:\\\/\\\/www.divis.eu\\\/es\\\/software-de-gestion-de-video-cargovis-para-almacenes-de-transbordo\\\/#primaryimage\",\"url\":\"https:\\\/\\\/www.divis.eu\\\/wp-content\\\/uploads\\\/2018\\\/03\\\/VideoManagementSoftware-Umschlagslager-innovative-navigation.png\",\"contentUrl\":\"https:\\\/\\\/www.divis.eu\\\/wp-content\\\/uploads\\\/2018\\\/03\\\/VideoManagementSoftware-Umschlagslager-innovative-navigation.png\"},{\"@type\":\"BreadcrumbList\",\"@id\":\"https:\\\/\\\/www.divis.eu\\\/es\\\/software-de-gestion-de-video-cargovis-para-almacenes-de-transbordo\\\/#breadcrumb\",\"itemListElement\":[{\"@type\":\"ListItem\",\"position\":1,\"name\":\"Startseite\",\"item\":\"https:\\\/\\\/www.divis.eu\\\/es\\\/\"},{\"@type\":\"ListItem\",\"position\":2,\"name\":\"Software de gesti\u00f3n de v\u00eddeo CargoVIS para almacenes de transbordo\"}]},{\"@type\":\"WebSite\",\"@id\":\"https:\\\/\\\/www.divis.eu\\\/#website\",\"url\":\"https:\\\/\\\/www.divis.eu\\\/\",\"name\":\"DIVIS - The intelligent view\",\"description\":\"Videosysteml\u00f6sungen f\u00fcr Umschlags- und Warenlager\",\"potentialAction\":[{\"@type\":\"SearchAction\",\"target\":{\"@type\":\"EntryPoint\",\"urlTemplate\":\"https:\\\/\\\/www.divis.eu\\\/?s={search_term_string}\"},\"query-input\":{\"@type\":\"PropertyValueSpecification\",\"valueRequired\":true,\"valueName\":\"search_term_string\"}}],\"inLanguage\":\"es\"}]}<\/script>\n<!-- \/ Yoast SEO plugin. -->","yoast_head_json":{"title":"CargoVIS | Software de gesti\u00f3n de v\u00eddeo para almacenes de transbordo","description":"El software de gesti\u00f3n de v\u00eddeo CargoVIS para almacenes de transbordo de DIVIS con navegaci\u00f3n patentada por zonas garantiza una b\u00fasqueda en segundos de las mercanc\u00edas paletizadas perdidas.","robots":{"index":"index","follow":"follow","max-snippet":"max-snippet:-1","max-image-preview":"max-image-preview:large","max-video-preview":"max-video-preview:-1"},"canonical":"https:\/\/www.divis.eu\/es\/software-de-gestion-de-video-cargovis-para-almacenes-de-transbordo\/","og_locale":"es_ES","og_type":"article","og_title":"CargoVIS | Software de gesti\u00f3n de v\u00eddeo para almacenes de transbordo","og_description":"El software de gesti\u00f3n de v\u00eddeo CargoVIS para almacenes de transbordo de DIVIS con navegaci\u00f3n patentada por zonas garantiza una b\u00fasqueda en segundos de las mercanc\u00edas paletizadas perdidas.","og_url":"https:\/\/www.divis.eu\/es\/software-de-gestion-de-video-cargovis-para-almacenes-de-transbordo\/","og_site_name":"DIVIS - The intelligent view","article_modified_time":"2022-04-14T13:14:07+00:00","og_image":[{"url":"https:\/\/www.divis.eu\/wp-content\/uploads\/2018\/03\/VideoManagementSoftware-Umschlagslager-innovative-navigation.png","type":"","width":"","height":""}],"twitter_card":"summary_large_image","twitter_misc":{"Tiempo de lectura":"11 minutos"},"schema":{"@context":"https:\/\/schema.org","@graph":[{"@type":"WebPage","@id":"https:\/\/www.divis.eu\/es\/software-de-gestion-de-video-cargovis-para-almacenes-de-transbordo\/","url":"https:\/\/www.divis.eu\/es\/software-de-gestion-de-video-cargovis-para-almacenes-de-transbordo\/","name":"CargoVIS | Software de gesti\u00f3n de v\u00eddeo para almacenes de transbordo","isPartOf":{"@id":"https:\/\/www.divis.eu\/#website"},"primaryImageOfPage":{"@id":"https:\/\/www.divis.eu\/es\/software-de-gestion-de-video-cargovis-para-almacenes-de-transbordo\/#primaryimage"},"image":{"@id":"https:\/\/www.divis.eu\/es\/software-de-gestion-de-video-cargovis-para-almacenes-de-transbordo\/#primaryimage"},"thumbnailUrl":"https:\/\/www.divis.eu\/wp-content\/uploads\/2018\/03\/VideoManagementSoftware-Umschlagslager-innovative-navigation.png","datePublished":"2017-12-10T17:58:30+00:00","dateModified":"2022-04-14T13:14:07+00:00","description":"El software de gesti\u00f3n de v\u00eddeo CargoVIS para almacenes de transbordo de DIVIS con navegaci\u00f3n patentada por zonas garantiza una b\u00fasqueda en segundos de las mercanc\u00edas paletizadas perdidas.","breadcrumb":{"@id":"https:\/\/www.divis.eu\/es\/software-de-gestion-de-video-cargovis-para-almacenes-de-transbordo\/#breadcrumb"},"inLanguage":"es","potentialAction":[{"@type":"ReadAction","target":["https:\/\/www.divis.eu\/es\/software-de-gestion-de-video-cargovis-para-almacenes-de-transbordo\/"]}]},{"@type":"ImageObject","inLanguage":"es","@id":"https:\/\/www.divis.eu\/es\/software-de-gestion-de-video-cargovis-para-almacenes-de-transbordo\/#primaryimage","url":"https:\/\/www.divis.eu\/wp-content\/uploads\/2018\/03\/VideoManagementSoftware-Umschlagslager-innovative-navigation.png","contentUrl":"https:\/\/www.divis.eu\/wp-content\/uploads\/2018\/03\/VideoManagementSoftware-Umschlagslager-innovative-navigation.png"},{"@type":"BreadcrumbList","@id":"https:\/\/www.divis.eu\/es\/software-de-gestion-de-video-cargovis-para-almacenes-de-transbordo\/#breadcrumb","itemListElement":[{"@type":"ListItem","position":1,"name":"Startseite","item":"https:\/\/www.divis.eu\/es\/"},{"@type":"ListItem","position":2,"name":"Software de gesti\u00f3n de v\u00eddeo CargoVIS para almacenes de transbordo"}]},{"@type":"WebSite","@id":"https:\/\/www.divis.eu\/#website","url":"https:\/\/www.divis.eu\/","name":"DIVIS - The intelligent view","description":"Videosysteml\u00f6sungen f\u00fcr Umschlags- und Warenlager","potentialAction":[{"@type":"SearchAction","target":{"@type":"EntryPoint","urlTemplate":"https:\/\/www.divis.eu\/?s={search_term_string}"},"query-input":{"@type":"PropertyValueSpecification","valueRequired":true,"valueName":"search_term_string"}}],"inLanguage":"es"}]}},"_links":{"self":[{"href":"https:\/\/www.divis.eu\/es\/wp-json\/wp\/v2\/pages\/24252","targetHints":{"allow":["GET"]}}],"collection":[{"href":"https:\/\/www.divis.eu\/es\/wp-json\/wp\/v2\/pages"}],"about":[{"href":"https:\/\/www.divis.eu\/es\/wp-json\/wp\/v2\/types\/page"}],"author":[{"embeddable":true,"href":"https:\/\/www.divis.eu\/es\/wp-json\/wp\/v2\/users\/1"}],"replies":[{"embeddable":true,"href":"https:\/\/www.divis.eu\/es\/wp-json\/wp\/v2\/comments?post=24252"}],"version-history":[{"count":0,"href":"https:\/\/www.divis.eu\/es\/wp-json\/wp\/v2\/pages\/24252\/revisions"}],"wp:attachment":[{"href":"https:\/\/www.divis.eu\/es\/wp-json\/wp\/v2\/media?parent=24252"}],"curies":[{"name":"wp","href":"https:\/\/api.w.org\/{rel}","templated":true}]}}