{"id":24268,"date":"2018-01-11T16:15:00","date_gmt":"2018-01-11T16:15:00","guid":{"rendered":"https:\/\/www.divis.eu\/cargovis-videoueberwachung-warenverfolgung\/"},"modified":"2024-07-22T11:28:08","modified_gmt":"2024-07-22T11:28:08","slug":"videovigilancia-cargovis-para-seguimiento-de-mercancias","status":"publish","type":"page","link":"https:\/\/www.divis.eu\/es\/videovigilancia-cargovis-para-seguimiento-de-mercancias\/","title":{"rendered":"Videovigilancia CargoVIS para seguimiento de mercanc\u00edas"},"content":{"rendered":"\n<h1>\n\t\tPrecisi\u00f3n con CargoVIS\n\t<\/h1>\n<h1>\n\t\tEntradas de b\u00fasqueda m\u00e1s precisas<br \/>resultados m\u00e1s r\u00e1pidos\n\t<\/h1>\n\tVideovigilancia para el seguimiento de mercanc\u00edas: el funcionamiento de CargoVIS es intuitivo y muy sencillo, gracias a una navegaci\u00f3n patentada desarrollada por nosotros para la interfaz de usuario. Con la ayuda de esta navegaci\u00f3n especial por \u00e1reas (divisi\u00f3n de su nave log\u00edstica en una cuadr\u00edcula), puede comenzar su b\u00fasqueda de forma precisa en el \u00e1ngulo de la nave en el que desea buscar y moverse hacia adelante y hacia atr\u00e1s por la cuadr\u00edcula como desee.<br \/>\nYa no necesita ver secuencias completas de v\u00eddeo o revisar \u00e1reas inmensas que requieren mucho tiempo.<br \/>\nTendr\u00e1 una visi\u00f3n general de 360 gracias a la reproducci\u00f3n inteligente de c\u00e1maras 4K de 360 con zoom autom\u00e1tico y a la gesti\u00f3n integral en directo con pantallas de usuario de configuraci\u00f3n libre (hasta 25 im\u00e1genes de c\u00e1mara simult\u00e1neamente).<br \/>\nVarias opciones de filtros le ayudan a refinar cada b\u00fasqueda de manera espec\u00edfica.<br \/>\nEl resultado: gracias al proceso de b\u00fasqueda agilizado de CargoVIS, puede determinar y documentar la ubicaci\u00f3n y el estado de un env\u00edo en segundos, los errores y los da\u00f1os se detectan m\u00e1s r\u00e1pidamente y los problemas se resuelven con mayor rapidez.<br \/>\nToda su gama de servicios se beneficia de ello.<br \/>\nLas transferencias de responsabilidad claramente documentadas y la documentaci\u00f3n de los da\u00f1os a trav\u00e9s de las opciones de informes con im\u00e1genes y en versi\u00f3n PDF reducen sus costes de forma permanente.<br \/>\nAdem\u00e1s, es posible exportar directamente una secuencia de v\u00eddeo completa. Esto ahorra la laboriosa edici\u00f3n manual de los videos posteriormente.<br \/>\nLas soluciones DIVIS crean transparencia y aumentan la confianza en la fiabilidad de su empresa. Con opciones como el pixelado y el oscurecimiento de \u00e1reas irrelevantes, tambi\u00e9n cuenta con todo lo necesario para cumplir con los requisitos legales de protecci\u00f3n de datos y del personal de forma autom\u00e1tica y sin esfuerzo adicional.\n\t\t\t<a href=\"https:\/\/www.divis.eu\/es\/video-del-producto-cargovis-seguimiento-visual-de-envios\/\" target=\"_self\" role=\"button\" aria-label=\"V\u00eddeo del producto CargoVIS\" rel=\"noopener\">\n\t\t\t\t\t\t\tV\u00eddeo del producto CargoVIS\n\t\t<\/a>\n<h2>\n\t\tTambi\u00e9n le pueden interesar estos productos\n\t<\/h2>\n\t\t\t\t<img decoding=\"async\" src=\"https:\/\/www.divis.eu\/wp-content\/uploads\/2018\/01\/logo-parcelvis-gr.png\" alt=\"\" title=\"\" itemprop=\"image\"\/>\n\t\t<h3>ParcelVIS para proveedores de servicios de transbordo y CEP<\/h3>\t\t\t\n<p>Ahorre tiempo y dinero y deje que ParcelVIS trabaje eficazmente para usted en la b\u00fasqueda de env\u00edos por im\u00e1genes en el dep\u00f3sito de transbordo: la introducci\u00f3n del n\u00famero de etiqueta del paquete es la clave para obtener toda la informaci\u00f3n sobre el paradero y el estado de un env\u00edo para todos los eventos de escaneo que se hayan realizado.<\/p>\n\t\t\t<a href=\"https:\/\/www.divis.eu\/es\/parcelvis-busqueda-de-paquetes-basada-en-imagenes-en-el-deposito-de-transbordo\/\" target=\"_self\" role=\"button\" aria-label=\"M\u00e1s acerca de ParcelVIS\" rel=\"noopener\">\n\t\t\t\t\t\t\tM\u00e1s acerca de ParcelVIS\n\t\t<\/a>\n\t\t\t\t<img decoding=\"async\" src=\"https:\/\/www.divis.eu\/wp-content\/uploads\/2018\/01\/logo-storevis-gr.png\" alt=\"\" title=\"\" itemprop=\"image\"\/>\n\t\t<h3>StoreVIS para la log\u00edstica de almacenamiento<\/h3>\t\t\t\n\t\t\t\t<p>Con StoreVIS ya no necesitar\u00e1 depender de su intuici\u00f3n, sino que podr\u00e1 descubrir el potencial de optimizaci\u00f3n existente con la ayuda de n\u00fameros concretos. La soluci\u00f3n inteligente StoreVIS le ayuda en la videovigilancia de la gesti\u00f3n de mercanc\u00edas. Sus procesos de devoluci\u00f3n y entrada de mercanc\u00eda est\u00e1n completamente cubiertos y as\u00ed es m\u00e1s f\u00e1cil detectar las trampas en los costes.<\/p>\n\t\t\t<a href=\"https:\/\/www.divis.eu\/es\/storevis-para-la-videovigilancia-en-la-gestion-de-mercancias\/\" target=\"_self\" role=\"button\" aria-label=\"M\u00e1s acerca de StoreVIS\" rel=\"noopener\">\n\t\t\t\t\t\t\tM\u00e1s acerca de StoreVIS\n\t\t<\/a>\n\t\t\t\t<img decoding=\"async\" src=\"https:\/\/www.divis.eu\/wp-content\/uploads\/2018\/01\/logo-van-duuren-weiss.png\" alt=\"logo-van-duuren-weiss\" title=\"logo-van-duuren-weiss\" itemprop=\"image\"\/>\n\t\t\t\t\t\t\t\t<h3 class='uabb-testimonial-author-name testimonial-author-name'>Van Duuren<\/h3>\t\t\t\t\t\t\t\t\n\t\t\t\t\t\t\t\t\tPa\u00edses Bajos\t\t\t\t\t\t\t\t\n\t\t\t\t\t\t\t<blockquote><p>\u00abCargoVIS funciona perfectamente, todo el mundo est\u00e1 acostumbrado a \u00e9l y ya no podemos vivir sin \u00e9l.\u00bb<\/p><\/blockquote>\t\t\t\t\t\t\n\t\t\t\t<img decoding=\"async\" src=\"https:\/\/www.divis.eu\/wp-content\/uploads\/2018\/01\/logo-tsb.png\" alt=\"logo-tsb\" title=\"logo-tsb\" itemprop=\"image\"\/>\n\t\t\t\t\t\t\t\t<h3 class='uabb-testimonial-author-name testimonial-author-name'>TSBtrans<\/h3>\t\t\t\t\t\t\t\t\n\t\t\t\t\t\t\t\t\tEspa\u00f1a\t\t\t\t\t\t\t\t\n\t\t\t\t\t\t\t<blockquote><p>\u00abCargoVIS es totalmente confiable y gracias a sus capacidades de seguimiento, la inversi\u00f3n de TSB se ha amortizado en menos de un a\u00f1o al poder encontrar los pal\u00e9s &#8216;desaparecidos&#8217; e identificar las fuentes de da\u00f1os\u00bb.<\/p><\/blockquote>\t\t\t\t\t\t\n\t\t\t\t<img decoding=\"async\" src=\"https:\/\/www.divis.eu\/wp-content\/uploads\/2018\/01\/logo-lagermax.png\" alt=\"logo-lagermax\" title=\"logo-lagermax\" itemprop=\"image\"\/>\n\t\t\t\t\t\t\t\t<h3 class='uabb-testimonial-author-name testimonial-author-name'>Lagermax Paketdienst GmbH &amp; Co KG<\/h3>\t\t\t\t\t\t\t\t\n\t\t\t\t\t\t\t\t\tAustria\t\t\t\t\t\t\t\t\n\t\t\t\t\t\t\t<blockquote><p>\u00abLlevamos 5 a\u00f1os usando ParcelVIS de DIVIS y nunca hemos tenido ning\u00fan problema\u00bb.<\/p><\/blockquote>\t\t\t\t\t\t\n\t\t\t\t<img decoding=\"async\" src=\"https:\/\/www.divis.eu\/wp-content\/uploads\/2018\/01\/logo-voigt-invers.png\" alt=\"logo-voigt-invers\" title=\"logo-voigt-invers\" itemprop=\"image\"\/>\n\t\t\t\t\t\t\t\t<h3 class='uabb-testimonial-author-name testimonial-author-name'>Herbert Voigt GmbH &amp; Co. KG<\/h3>\t\t\t\t\t\t\t\t\n\t\t\t\t\t\t\t\t\tAlemania\t\t\t\t\t\t\t\t\n\t\t\t\t\t\t\t<blockquote><p>\u00abEn DIVIS encontramos un socio competente que siempre tiene una soluci\u00f3n especial para cada una de nuestras ideas\u00bb.<\/p><\/blockquote>\t\t\t\t\t\t\n\t\t\t\t<img decoding=\"async\" src=\"https:\/\/www.divis.eu\/wp-content\/uploads\/2018\/01\/logo-schmalz-schoen.png\" alt=\"logo-schmalz-schoen\" title=\"logo-schmalz-schoen\" itemprop=\"image\"\/>\n\t\t\t\t\t\t\t\t<h3 class='uabb-testimonial-author-name testimonial-author-name'>SCHMALZ+SCH\u00d6N Logistics GmbH<\/h3>\t\t\t\t\t\t\t\t\n\t\t\t\t\t\t\t\t\tAlemania\t\t\t\t\t\t\t\t\n\t\t\t\t\t\t\t<blockquote><p>\u00abLa soluci\u00f3n perfecta incluso en \u00e1reas de transbordo heterog\u00e9neas: la videovigilancia de DIVIS, atenta a cada paquete\u00bb.<\/p><\/blockquote>\t\t\t\t\t\t\n\t\t\t<a href=\"https:\/\/www.divis.eu\/es\/referencias-y-casos-practicos-seguimiento-del-envio-en-el-almacen\/\" target=\"_self\" role=\"button\" aria-label=\"A los Casos pr\u00e1cticos\" rel=\"noopener\">\n\t\t\t\t\t\t\tA los Casos pr\u00e1cticos\n\t\t<\/a>\n\t\t\t\t<img decoding=\"async\" src=\"https:\/\/www.divis.eu\/wp-content\/uploads\/2018\/01\/hendrik-reger-1.png\" alt=\"Hendrik Reger | DIVIS | Videol\u00f6sungen f\u00fcr die Logistik\" itemprop=\"image\" height=\"385\" width=\"300\" title=\"hendrik-reger\" onerror=\"this.style.display='none'\"  \/>\n\t<em><strong>Hendrik Reger<\/strong><br \/>\nDirector General<br \/>\n<\/em>\n<h1>\n\t\t\u00bfTiene alguna pregunta?\n\t<\/h1>\n<h1>\n\t\tAqu\u00ed tenemos respuestas\n\t<\/h1>\n\t<p>Nuestro equipo estar\u00e1 encantado de responder a sus consultas sobre nuestros productos y de asesorarle de forma gratuita y sin compromiso.<\/p>\n\t\t\t<a href=\"https:\/\/www.divis.eu\/es\/pongase-en-contacto-con-divis-el-proveedor-de-servicios-de-seguimiento-y-localizacion-por-camara\/\" target=\"_self\" role=\"button\" aria-label=\"Contactar a DIVIS\" rel=\"noopener\">\n\t\t\t\t\t\t\tContactar a DIVIS\n\t\t<\/a>\n\t\t\t\t<img decoding=\"async\" src=\"https:\/\/www.divis.eu\/wp-content\/uploads\/2018\/01\/kundenlogo-CTL-1.png\" alt=\"CTL | DIVIS Kunde\" title=\"kundenlogo-CTL\" itemprop=\"image\"  \/>\n\t\t\t\t<img decoding=\"async\" src=\"https:\/\/www.divis.eu\/wp-content\/uploads\/2018\/01\/kundenlogo-dpd.png\" alt=\"kundenlogo-dpd\" title=\"kundenlogo-dpd\" itemprop=\"image\"  \/>\n\t\t\t\t<img decoding=\"async\" src=\"https:\/\/www.divis.eu\/wp-content\/uploads\/2018\/01\/kundenlogo-online.png\" alt=\"kundenlogo-online\" title=\"kundenlogo-online\" itemprop=\"image\"  \/>\n\t\t\t\t<img decoding=\"async\" src=\"https:\/\/www.divis.eu\/wp-content\/uploads\/2018\/01\/kundenlogo-rhenus.png\" alt=\"Rhenus Logistics | DIVIS-Kunde\" title=\"kundenlogo-rhenus\" itemprop=\"image\"  \/>\n\t\t\t\t<img decoding=\"async\" src=\"https:\/\/www.divis.eu\/wp-content\/uploads\/2018\/01\/kundenlogo-tsb.png\" alt=\"kundenlogo-tsb\" title=\"kundenlogo-tsb\" itemprop=\"image\"  \/>\n\t\t\t\t<img decoding=\"async\" src=\"https:\/\/www.divis.eu\/wp-content\/uploads\/2018\/01\/logo-van-duuren-mono-2.png\" alt=\"logo-van-duuren-mono\" title=\"logo-van-duuren-mono\" itemprop=\"image\"  \/>\n\t\t\t\t<img decoding=\"async\" src=\"https:\/\/www.divis.eu\/wp-content\/uploads\/2018\/01\/kundenlogo-transoflex-3.png\" alt=\"kundenlogo-transoflex\" title=\"kundenlogo-transoflex\" itemprop=\"image\"  \/>\n\t\t\t\t<img decoding=\"async\" src=\"https:\/\/www.divis.eu\/wp-content\/uploads\/2018\/01\/kundenlogo-emons.png\" alt=\"Emons | DIVIS-Kunde\" title=\"kundenlogo-emons\" itemprop=\"image\"  \/>\n\t\t\t\t<img decoding=\"async\" src=\"https:\/\/www.divis.eu\/wp-content\/uploads\/2018\/01\/kundenlogo-geis.png\" alt=\"Spedition Geis | DIVIS-Kunde\" title=\"kundenlogo-geis\" itemprop=\"image\"  \/>\n\t\t\t\t<img decoding=\"async\" src=\"https:\/\/www.divis.eu\/wp-content\/uploads\/2018\/01\/kundenlogo-gebrueder-weiss.png\" alt=\"Gebr\u00fcder Weiss | DIVIS-Kunde\" title=\"kundenlogo-gebrueder-weiss\" itemprop=\"image\"  \/>\n\t\t\t\t<img decoding=\"async\" src=\"https:\/\/www.divis.eu\/wp-content\/uploads\/2018\/01\/kundenlogo-tchibo.png\" alt=\"Tchibo | DIVIS-Kunde\" title=\"kundenlogo-tchibo\" itemprop=\"image\"  \/>\n\t\t\t\t<img decoding=\"async\" src=\"https:\/\/www.divis.eu\/wp-content\/uploads\/2018\/01\/kundenlogo-24plus.png\" alt=\"kundenlogo-24plus\" title=\"kundenlogo-24plus\" itemprop=\"image\"  \/>\n\n","protected":false},"excerpt":{"rendered":"<p>Precisi\u00f3n con CargoVIS Entradas de b\u00fasqueda m\u00e1s precisasresultados m\u00e1s r\u00e1pidos Videovigilancia para el seguimiento de mercanc\u00edas: el funcionamiento de CargoVIS es intuitivo y muy sencillo, gracias a una navegaci\u00f3n patentada desarrollada por nosotros para la interfaz de usuario. Con la ayuda de esta navegaci\u00f3n especial por \u00e1reas (divisi\u00f3n de su nave log\u00edstica en una cuadr\u00edcula),&hellip;<\/p>\n","protected":false},"author":1,"featured_media":0,"parent":0,"menu_order":0,"comment_status":"closed","ping_status":"closed","template":"","meta":{"footnotes":""},"class_list":["post-24268","page","type-page","status-publish","hentry"],"yoast_head":"<!-- This site is optimized with the Yoast SEO plugin v27.4 - https:\/\/yoast.com\/product\/yoast-seo-wordpress\/ -->\n<title>CargoVIS | Videovigilancia para seguimiento de mercanc\u00edas | DIVIS<\/title>\n<meta name=\"description\" content=\"Software CargoVIS, videovigilancia para seguimiento de mercanc\u00edas. Utilice nuestra soluci\u00f3n de sistema para buscar los env\u00edos paletizados o los paquetes en el almac\u00e9n o centro de distribuci\u00f3n.\" \/>\n<meta name=\"robots\" content=\"index, follow, max-snippet:-1, max-image-preview:large, max-video-preview:-1\" \/>\n<link rel=\"canonical\" href=\"https:\/\/www.divis.eu\/es\/videovigilancia-cargovis-para-seguimiento-de-mercancias\/\" \/>\n<meta property=\"og:locale\" content=\"es_ES\" \/>\n<meta property=\"og:type\" content=\"article\" \/>\n<meta property=\"og:title\" content=\"CargoVIS | Videovigilancia para seguimiento de mercanc\u00edas | DIVIS\" \/>\n<meta property=\"og:description\" content=\"Software CargoVIS, videovigilancia para seguimiento de mercanc\u00edas. Utilice nuestra soluci\u00f3n de sistema para buscar los env\u00edos paletizados o los paquetes en el almac\u00e9n o centro de distribuci\u00f3n.\" \/>\n<meta property=\"og:url\" content=\"https:\/\/www.divis.eu\/es\/videovigilancia-cargovis-para-seguimiento-de-mercancias\/\" \/>\n<meta property=\"og:site_name\" content=\"DIVIS - The intelligent view\" \/>\n<meta property=\"article:modified_time\" content=\"2024-07-22T11:28:08+00:00\" \/>\n<meta property=\"og:image\" content=\"https:\/\/www.divis.eu\/wp-content\/uploads\/2018\/01\/logo-parcelvis-gr.png\" \/>\n<meta name=\"twitter:card\" content=\"summary_large_image\" \/>\n<meta name=\"twitter:label1\" content=\"Tiempo de lectura\" \/>\n\t<meta name=\"twitter:data1\" content=\"9 minutos\" \/>\n<script type=\"application\/ld+json\" class=\"yoast-schema-graph\">{\"@context\":\"https:\\\/\\\/schema.org\",\"@graph\":[{\"@type\":\"WebPage\",\"@id\":\"https:\\\/\\\/www.divis.eu\\\/es\\\/videovigilancia-cargovis-para-seguimiento-de-mercancias\\\/\",\"url\":\"https:\\\/\\\/www.divis.eu\\\/es\\\/videovigilancia-cargovis-para-seguimiento-de-mercancias\\\/\",\"name\":\"CargoVIS | Videovigilancia para seguimiento de mercanc\u00edas | DIVIS\",\"isPartOf\":{\"@id\":\"https:\\\/\\\/www.divis.eu\\\/#website\"},\"primaryImageOfPage\":{\"@id\":\"https:\\\/\\\/www.divis.eu\\\/es\\\/videovigilancia-cargovis-para-seguimiento-de-mercancias\\\/#primaryimage\"},\"image\":{\"@id\":\"https:\\\/\\\/www.divis.eu\\\/es\\\/videovigilancia-cargovis-para-seguimiento-de-mercancias\\\/#primaryimage\"},\"thumbnailUrl\":\"https:\\\/\\\/www.divis.eu\\\/wp-content\\\/uploads\\\/2018\\\/01\\\/logo-parcelvis-gr.png\",\"datePublished\":\"2018-01-11T16:15:00+00:00\",\"dateModified\":\"2024-07-22T11:28:08+00:00\",\"description\":\"Software CargoVIS, videovigilancia para seguimiento de mercanc\u00edas. Utilice nuestra soluci\u00f3n de sistema para buscar los env\u00edos paletizados o los paquetes en el almac\u00e9n o centro de distribuci\u00f3n.\",\"breadcrumb\":{\"@id\":\"https:\\\/\\\/www.divis.eu\\\/es\\\/videovigilancia-cargovis-para-seguimiento-de-mercancias\\\/#breadcrumb\"},\"inLanguage\":\"es\",\"potentialAction\":[{\"@type\":\"ReadAction\",\"target\":[\"https:\\\/\\\/www.divis.eu\\\/es\\\/videovigilancia-cargovis-para-seguimiento-de-mercancias\\\/\"]}]},{\"@type\":\"ImageObject\",\"inLanguage\":\"es\",\"@id\":\"https:\\\/\\\/www.divis.eu\\\/es\\\/videovigilancia-cargovis-para-seguimiento-de-mercancias\\\/#primaryimage\",\"url\":\"https:\\\/\\\/www.divis.eu\\\/wp-content\\\/uploads\\\/2018\\\/01\\\/logo-parcelvis-gr.png\",\"contentUrl\":\"https:\\\/\\\/www.divis.eu\\\/wp-content\\\/uploads\\\/2018\\\/01\\\/logo-parcelvis-gr.png\"},{\"@type\":\"BreadcrumbList\",\"@id\":\"https:\\\/\\\/www.divis.eu\\\/es\\\/videovigilancia-cargovis-para-seguimiento-de-mercancias\\\/#breadcrumb\",\"itemListElement\":[{\"@type\":\"ListItem\",\"position\":1,\"name\":\"Startseite\",\"item\":\"https:\\\/\\\/www.divis.eu\\\/es\\\/\"},{\"@type\":\"ListItem\",\"position\":2,\"name\":\"Videovigilancia CargoVIS para seguimiento de mercanc\u00edas\"}]},{\"@type\":\"WebSite\",\"@id\":\"https:\\\/\\\/www.divis.eu\\\/#website\",\"url\":\"https:\\\/\\\/www.divis.eu\\\/\",\"name\":\"DIVIS - The intelligent view\",\"description\":\"Videosysteml\u00f6sungen f\u00fcr Umschlags- und Warenlager\",\"potentialAction\":[{\"@type\":\"SearchAction\",\"target\":{\"@type\":\"EntryPoint\",\"urlTemplate\":\"https:\\\/\\\/www.divis.eu\\\/?s={search_term_string}\"},\"query-input\":{\"@type\":\"PropertyValueSpecification\",\"valueRequired\":true,\"valueName\":\"search_term_string\"}}],\"inLanguage\":\"es\"}]}<\/script>\n<!-- \/ Yoast SEO plugin. -->","yoast_head_json":{"title":"CargoVIS | Videovigilancia para seguimiento de mercanc\u00edas | DIVIS","description":"Software CargoVIS, videovigilancia para seguimiento de mercanc\u00edas. Utilice nuestra soluci\u00f3n de sistema para buscar los env\u00edos paletizados o los paquetes en el almac\u00e9n o centro de distribuci\u00f3n.","robots":{"index":"index","follow":"follow","max-snippet":"max-snippet:-1","max-image-preview":"max-image-preview:large","max-video-preview":"max-video-preview:-1"},"canonical":"https:\/\/www.divis.eu\/es\/videovigilancia-cargovis-para-seguimiento-de-mercancias\/","og_locale":"es_ES","og_type":"article","og_title":"CargoVIS | Videovigilancia para seguimiento de mercanc\u00edas | DIVIS","og_description":"Software CargoVIS, videovigilancia para seguimiento de mercanc\u00edas. Utilice nuestra soluci\u00f3n de sistema para buscar los env\u00edos paletizados o los paquetes en el almac\u00e9n o centro de distribuci\u00f3n.","og_url":"https:\/\/www.divis.eu\/es\/videovigilancia-cargovis-para-seguimiento-de-mercancias\/","og_site_name":"DIVIS - The intelligent view","article_modified_time":"2024-07-22T11:28:08+00:00","og_image":[{"url":"https:\/\/www.divis.eu\/wp-content\/uploads\/2018\/01\/logo-parcelvis-gr.png","type":"","width":"","height":""}],"twitter_card":"summary_large_image","twitter_misc":{"Tiempo de lectura":"9 minutos"},"schema":{"@context":"https:\/\/schema.org","@graph":[{"@type":"WebPage","@id":"https:\/\/www.divis.eu\/es\/videovigilancia-cargovis-para-seguimiento-de-mercancias\/","url":"https:\/\/www.divis.eu\/es\/videovigilancia-cargovis-para-seguimiento-de-mercancias\/","name":"CargoVIS | Videovigilancia para seguimiento de mercanc\u00edas | DIVIS","isPartOf":{"@id":"https:\/\/www.divis.eu\/#website"},"primaryImageOfPage":{"@id":"https:\/\/www.divis.eu\/es\/videovigilancia-cargovis-para-seguimiento-de-mercancias\/#primaryimage"},"image":{"@id":"https:\/\/www.divis.eu\/es\/videovigilancia-cargovis-para-seguimiento-de-mercancias\/#primaryimage"},"thumbnailUrl":"https:\/\/www.divis.eu\/wp-content\/uploads\/2018\/01\/logo-parcelvis-gr.png","datePublished":"2018-01-11T16:15:00+00:00","dateModified":"2024-07-22T11:28:08+00:00","description":"Software CargoVIS, videovigilancia para seguimiento de mercanc\u00edas. Utilice nuestra soluci\u00f3n de sistema para buscar los env\u00edos paletizados o los paquetes en el almac\u00e9n o centro de distribuci\u00f3n.","breadcrumb":{"@id":"https:\/\/www.divis.eu\/es\/videovigilancia-cargovis-para-seguimiento-de-mercancias\/#breadcrumb"},"inLanguage":"es","potentialAction":[{"@type":"ReadAction","target":["https:\/\/www.divis.eu\/es\/videovigilancia-cargovis-para-seguimiento-de-mercancias\/"]}]},{"@type":"ImageObject","inLanguage":"es","@id":"https:\/\/www.divis.eu\/es\/videovigilancia-cargovis-para-seguimiento-de-mercancias\/#primaryimage","url":"https:\/\/www.divis.eu\/wp-content\/uploads\/2018\/01\/logo-parcelvis-gr.png","contentUrl":"https:\/\/www.divis.eu\/wp-content\/uploads\/2018\/01\/logo-parcelvis-gr.png"},{"@type":"BreadcrumbList","@id":"https:\/\/www.divis.eu\/es\/videovigilancia-cargovis-para-seguimiento-de-mercancias\/#breadcrumb","itemListElement":[{"@type":"ListItem","position":1,"name":"Startseite","item":"https:\/\/www.divis.eu\/es\/"},{"@type":"ListItem","position":2,"name":"Videovigilancia CargoVIS para seguimiento de mercanc\u00edas"}]},{"@type":"WebSite","@id":"https:\/\/www.divis.eu\/#website","url":"https:\/\/www.divis.eu\/","name":"DIVIS - The intelligent view","description":"Videosysteml\u00f6sungen f\u00fcr Umschlags- und Warenlager","potentialAction":[{"@type":"SearchAction","target":{"@type":"EntryPoint","urlTemplate":"https:\/\/www.divis.eu\/?s={search_term_string}"},"query-input":{"@type":"PropertyValueSpecification","valueRequired":true,"valueName":"search_term_string"}}],"inLanguage":"es"}]}},"_links":{"self":[{"href":"https:\/\/www.divis.eu\/es\/wp-json\/wp\/v2\/pages\/24268","targetHints":{"allow":["GET"]}}],"collection":[{"href":"https:\/\/www.divis.eu\/es\/wp-json\/wp\/v2\/pages"}],"about":[{"href":"https:\/\/www.divis.eu\/es\/wp-json\/wp\/v2\/types\/page"}],"author":[{"embeddable":true,"href":"https:\/\/www.divis.eu\/es\/wp-json\/wp\/v2\/users\/1"}],"replies":[{"embeddable":true,"href":"https:\/\/www.divis.eu\/es\/wp-json\/wp\/v2\/comments?post=24268"}],"version-history":[{"count":0,"href":"https:\/\/www.divis.eu\/es\/wp-json\/wp\/v2\/pages\/24268\/revisions"}],"wp:attachment":[{"href":"https:\/\/www.divis.eu\/es\/wp-json\/wp\/v2\/media?parent=24268"}],"curies":[{"name":"wp","href":"https:\/\/api.w.org\/{rel}","templated":true}]}}