{"id":24286,"date":"2018-03-09T19:40:20","date_gmt":"2018-03-09T19:40:20","guid":{"rendered":"https:\/\/www.divis.eu\/cargovis-produktvideo-visuelle-sendungsverfolgung\/"},"modified":"2024-07-22T18:48:43","modified_gmt":"2024-07-22T18:48:43","slug":"video-del-producto-cargovis-seguimiento-visual-de-envios","status":"publish","type":"page","link":"https:\/\/www.divis.eu\/es\/video-del-producto-cargovis-seguimiento-visual-de-envios\/","title":{"rendered":"V\u00eddeo del producto CargoVIS Seguimiento visual de env\u00edos"},"content":{"rendered":"\n<h1>\n\t\tAs\u00ed funciona CargoVIS\n\t<\/h1>\n\t<p><a href=\"https:\/\/www.divis.eu\/es\/software-de-gestion-de-video-cargovis-para-almacenes-de-transbordo\/\">Software de gesti\u00f3n de v\u00eddeo para almacenes de transbordo<\/a>: nuestro software para el seguimiento visual de los env\u00edos sustituye a la tradicional b\u00fasqueda por parte de sus empleados de env\u00edos extraviados o cargados de forma incorrecta, que suele llevar mucho tiempo y no siempre tiene \u00e9xito.<\/p>\n\t<meta itemprop=\"url\" content=\"https:\/\/www.divis.eu\/wp-content\/uploads\/2018\/03\/cargovis_en.mp4\" \/><div style=\"width: 640px;\" class=\"wp-video\"><!--[if lt IE 9]><script>document.createElement('video');<\/script><![endif]-->\n<video class=\"wp-video-shortcode\" id=\"video-24286-1\" width=\"640\" height=\"360\" preload=\"metadata\" controls=\"controls\"><source type=\"video\/mp4\" src=\"https:\/\/www.divis.eu\/wp-content\/uploads\/2018\/03\/cargovis_en.mp4?_=1\" \/><a href=\"https:\/\/www.divis.eu\/wp-content\/uploads\/2018\/03\/cargovis_en.mp4\">https:\/\/www.divis.eu\/wp-content\/uploads\/2018\/03\/cargovis_en.mp4<\/a><\/video><\/div>\n\t\t\t<a href=\"https:\/\/www.divis.eu\/es\/software-de-gestion-de-video-cargovis-para-almacenes-de-transbordo\/\" target=\"_self\" role=\"button\" aria-label=\"Volver a la vista general\" rel=\"noopener\">\n\t\t\t\t\t\t\tVolver a la vista general\n\t\t<\/a>\n<h2>\n\t\tDiese Produkte k\u00f6nnten Sie auch interessieren\n\t<\/h2>\n\t\t\t\t<img decoding=\"async\" src=\"https:\/\/www.divis.eu\/wp-content\/uploads\/2018\/01\/logo-parcelvis-gr.png\" alt=\"\" title=\"\" itemprop=\"image\"\/>\n\t\t<h3>ParcelVIS f\u00fcr Umschlagsdepot &#038; KEP-Dienstleister<\/h3>\t\t\t\n<p>Sparen Sie Zeit und Geld und lassen Sie ParcelVIS bei der bildgest\u00fctzten Sendungsrecherche im Umschlagsdepot effektiv f\u00fcr sich arbeiten: Die Eingabe der Paketscheinnummer ist Ihr Schl\u00fcssel zu allen Informationen \u00fcber Verbleib und Zustand einer Sendung bei allen erfolgten Scanevents.<\/p>\n\t\t\t<a href=\"https:\/\/www.divis.eu\/parcelvis-bildgestuetzte-sendungsrecherche-umschlagsdepot\" target=\"_self\" role=\"button\" aria-label=\"Mehr \u00fcber ParcelVIS\" rel=\"noopener\">\n\t\t\t\t\t\t\tMehr \u00fcber ParcelVIS\n\t\t<\/a>\n\t\t\t\t<img decoding=\"async\" src=\"https:\/\/www.divis.eu\/wp-content\/uploads\/2018\/01\/logo-storevis-gr.png\" alt=\"\" title=\"\" itemprop=\"image\"\/>\n\t\t<h3>StoreVIS f\u00fcr die Lagerlogistik<\/h3>\t\t\t\n\t\t\t\t<p>Mit StoreVIS k\u00f6nnen Sie mittels konkreter Kennzahlen vorhandenes Optimierungspotenzial aufdecken. Die intelligente unterst\u00fctzt Sie bei der\u00a0Video\u00fcberwachung im Warenmanagement.\u00a0Retouren- und Kommissionierprozesse sind l\u00fcckenlos abgedeckt und Kostenfallen einfacher aufzusp\u00fcren.<\/p>\n\t\t\t<a href=\"https:\/\/www.divis.eu\/storevis-videoueberwachung-warenmanagement\/\" target=\"_self\" role=\"button\" aria-label=\"Mehr \u00fcber StoreVIS\" rel=\"noopener\">\n\t\t\t\t\t\t\tMehr \u00fcber StoreVIS\n\t\t<\/a>\n\t\t\t\t<img decoding=\"async\" src=\"https:\/\/www.divis.eu\/wp-content\/uploads\/2018\/01\/logo-van-duuren-weiss.png\" alt=\"logo-van-duuren-weiss\" title=\"logo-van-duuren-weiss\" itemprop=\"image\"\/>\n\t\t\t\t\t\t\t\t<h3 class='uabb-testimonial-author-name testimonial-author-name'>Van Duuren<\/h3>\t\t\t\t\t\t\t\t\n\t\t\t\t\t\t\t\t\tPa\u00edses Bajos\t\t\t\t\t\t\t\t\n\t\t\t\t\t\t\t<blockquote><p>\u00abCargoVIS funciona perfectamente, todo el mundo est\u00e1 acostumbrado a \u00e9l y ya no podemos vivir sin \u00e9l.\u00bb<\/p><\/blockquote>\t\t\t\t\t\t\n\t\t\t\t<img decoding=\"async\" src=\"https:\/\/www.divis.eu\/wp-content\/uploads\/2018\/01\/logo-tsb.png\" alt=\"logo-tsb\" title=\"logo-tsb\" itemprop=\"image\"\/>\n\t\t\t\t\t\t\t\t<h3 class='uabb-testimonial-author-name testimonial-author-name'>TSBtrans<\/h3>\t\t\t\t\t\t\t\t\n\t\t\t\t\t\t\t\t\tEspa\u00f1a\t\t\t\t\t\t\t\t\n\t\t\t\t\t\t\t<blockquote><p>\u00abCargoVIS es totalmente confiable y gracias a sus capacidades de seguimiento, la inversi\u00f3n de TSB se ha amortizado en menos de un a\u00f1o al poder encontrar los pal\u00e9s &#8216;desaparecidos&#8217; e identificar las fuentes de da\u00f1os\u00bb.<\/p><\/blockquote>\t\t\t\t\t\t\n\t\t\t\t<img decoding=\"async\" src=\"https:\/\/www.divis.eu\/wp-content\/uploads\/2018\/01\/logo-lagermax.png\" alt=\"logo-lagermax\" title=\"logo-lagermax\" itemprop=\"image\"\/>\n\t\t\t\t\t\t\t\t<h3 class='uabb-testimonial-author-name testimonial-author-name'>Lagermax Paketdienst GmbH &amp; Co KG<\/h3>\t\t\t\t\t\t\t\t\n\t\t\t\t\t\t\t\t\tAustria\t\t\t\t\t\t\t\t\n\t\t\t\t\t\t\t<blockquote><p>\u00abLlevamos 5 a\u00f1os usando ParcelVIS de DIVIS y nunca hemos tenido ning\u00fan problema\u00bb.<\/p><\/blockquote>\t\t\t\t\t\t\n\t\t\t\t<img decoding=\"async\" src=\"https:\/\/www.divis.eu\/wp-content\/uploads\/2018\/01\/logo-voigt-invers.png\" alt=\"logo-voigt-invers\" title=\"logo-voigt-invers\" itemprop=\"image\"\/>\n\t\t\t\t\t\t\t\t<h3 class='uabb-testimonial-author-name testimonial-author-name'>Herbert Voigt GmbH &amp; Co. KG<\/h3>\t\t\t\t\t\t\t\t\n\t\t\t\t\t\t\t\t\tAlemania\t\t\t\t\t\t\t\t\n\t\t\t\t\t\t\t<blockquote><p>\u00abEn DIVIS encontramos un socio competente que siempre tiene una soluci\u00f3n especial para cada una de nuestras ideas\u00bb.<\/p><\/blockquote>\t\t\t\t\t\t\n\t\t\t\t<img decoding=\"async\" src=\"https:\/\/www.divis.eu\/wp-content\/uploads\/2018\/01\/logo-schmalz-schoen.png\" alt=\"logo-schmalz-schoen\" title=\"logo-schmalz-schoen\" itemprop=\"image\"\/>\n\t\t\t\t\t\t\t\t<h3 class='uabb-testimonial-author-name testimonial-author-name'>SCHMALZ+SCH\u00d6N Logistics GmbH<\/h3>\t\t\t\t\t\t\t\t\n\t\t\t\t\t\t\t\t\tAlemania\t\t\t\t\t\t\t\t\n\t\t\t\t\t\t\t<blockquote><p>\u00abLa soluci\u00f3n perfecta incluso en \u00e1reas de transbordo heterog\u00e9neas: la videovigilancia de DIVIS, atenta a cada paquete\u00bb.<\/p><\/blockquote>\t\t\t\t\t\t\n\t\t\t<a href=\"https:\/\/www.divis.eu\/es\/referencias-y-casos-practicos-seguimiento-del-envio-en-el-almacen\/\" target=\"_self\" role=\"button\" aria-label=\"A los Casos pr\u00e1cticos\" rel=\"noopener\">\n\t\t\t\t\t\t\tA los Casos pr\u00e1cticos\n\t\t<\/a>\n\t\t\t\t<img decoding=\"async\" src=\"https:\/\/www.divis.eu\/wp-content\/uploads\/2018\/01\/hendrik-reger-1.png\" alt=\"Hendrik Reger | DIVIS | Videol\u00f6sungen f\u00fcr die Logistik\" itemprop=\"image\" height=\"385\" width=\"300\" title=\"hendrik-reger\" onerror=\"this.style.display='none'\"  \/>\n\t<em><strong>Hendrik Reger<\/strong><br \/>\nDirector General<br \/>\n<\/em>\n<h1>\n\t\t\u00bfTiene alguna pregunta?\n\t<\/h1>\n<h1>\n\t\tAqu\u00ed tenemos respuestas\n\t<\/h1>\n\t<p>Nuestro equipo estar\u00e1 encantado de responder a sus consultas sobre nuestros productos y de asesorarle de forma gratuita y sin compromiso.<\/p>\n\t\t\t<a href=\"https:\/\/www.divis.eu\/es\/pongase-en-contacto-con-divis-el-proveedor-de-servicios-de-seguimiento-y-localizacion-por-camara\/\" target=\"_self\" role=\"button\" aria-label=\"Contactar a DIVIS\" rel=\"noopener\">\n\t\t\t\t\t\t\tContactar a DIVIS\n\t\t<\/a>\n\t\t\t\t<img decoding=\"async\" src=\"https:\/\/www.divis.eu\/wp-content\/uploads\/2018\/01\/kundenlogo-CTL-1.png\" alt=\"CTL | DIVIS Kunde\" title=\"kundenlogo-CTL\" itemprop=\"image\"  \/>\n\t\t\t\t<img decoding=\"async\" src=\"https:\/\/www.divis.eu\/wp-content\/uploads\/2018\/01\/kundenlogo-dpd.png\" alt=\"kundenlogo-dpd\" title=\"kundenlogo-dpd\" itemprop=\"image\"  \/>\n\t\t\t\t<img decoding=\"async\" src=\"https:\/\/www.divis.eu\/wp-content\/uploads\/2018\/01\/kundenlogo-online.png\" alt=\"kundenlogo-online\" title=\"kundenlogo-online\" itemprop=\"image\"  \/>\n\t\t\t\t<img decoding=\"async\" src=\"https:\/\/www.divis.eu\/wp-content\/uploads\/2018\/01\/kundenlogo-rhenus.png\" alt=\"Rhenus Logistics | DIVIS-Kunde\" title=\"kundenlogo-rhenus\" itemprop=\"image\"  \/>\n\t\t\t\t<img decoding=\"async\" src=\"https:\/\/www.divis.eu\/wp-content\/uploads\/2018\/01\/kundenlogo-tsb.png\" alt=\"kundenlogo-tsb\" title=\"kundenlogo-tsb\" itemprop=\"image\"  \/>\n\t\t\t\t<img decoding=\"async\" src=\"https:\/\/www.divis.eu\/wp-content\/uploads\/2018\/01\/logo-van-duuren-mono-2.png\" alt=\"logo-van-duuren-mono\" title=\"logo-van-duuren-mono\" itemprop=\"image\"  \/>\n\t\t\t\t<img decoding=\"async\" src=\"https:\/\/www.divis.eu\/wp-content\/uploads\/2018\/01\/kundenlogo-transoflex-3.png\" alt=\"kundenlogo-transoflex\" title=\"kundenlogo-transoflex\" itemprop=\"image\"  \/>\n\t\t\t\t<img decoding=\"async\" src=\"https:\/\/www.divis.eu\/wp-content\/uploads\/2018\/01\/kundenlogo-emons.png\" alt=\"Emons | DIVIS-Kunde\" title=\"kundenlogo-emons\" itemprop=\"image\"  \/>\n\t\t\t\t<img decoding=\"async\" src=\"https:\/\/www.divis.eu\/wp-content\/uploads\/2018\/01\/kundenlogo-geis.png\" alt=\"Spedition Geis | DIVIS-Kunde\" title=\"kundenlogo-geis\" itemprop=\"image\"  \/>\n\t\t\t\t<img decoding=\"async\" src=\"https:\/\/www.divis.eu\/wp-content\/uploads\/2018\/01\/kundenlogo-gebrueder-weiss.png\" alt=\"Gebr\u00fcder Weiss | DIVIS-Kunde\" title=\"kundenlogo-gebrueder-weiss\" itemprop=\"image\"  \/>\n\t\t\t\t<img decoding=\"async\" src=\"https:\/\/www.divis.eu\/wp-content\/uploads\/2018\/01\/kundenlogo-tchibo.png\" alt=\"Tchibo | DIVIS-Kunde\" title=\"kundenlogo-tchibo\" itemprop=\"image\"  \/>\n\t\t\t\t<img decoding=\"async\" src=\"https:\/\/www.divis.eu\/wp-content\/uploads\/2018\/01\/kundenlogo-24plus.png\" alt=\"kundenlogo-24plus\" title=\"kundenlogo-24plus\" itemprop=\"image\"  \/>\n\n","protected":false},"excerpt":{"rendered":"<p>As\u00ed funciona CargoVIS Software de gesti\u00f3n de v\u00eddeo para almacenes de transbordo: nuestro software para el seguimiento visual de los env\u00edos sustituye a la tradicional b\u00fasqueda por parte de sus empleados de env\u00edos extraviados o cargados de forma incorrecta, que suele llevar mucho tiempo y no siempre tiene \u00e9xito. Volver a la vista general Diese&hellip;<\/p>\n","protected":false},"author":1,"featured_media":0,"parent":0,"menu_order":0,"comment_status":"closed","ping_status":"closed","template":"","meta":{"footnotes":""},"class_list":["post-24286","page","type-page","status-publish","hentry"],"yoast_head":"<!-- This site is optimized with the Yoast SEO plugin v27.5 - https:\/\/yoast.com\/product\/yoast-seo-wordpress\/ -->\n<title>CargoVIS | Seguimiento visual de env\u00edos | V\u00eddeo del producto | DIVIS<\/title>\n<meta name=\"description\" content=\"V\u00eddeo del producto CargoVIS: Seguimiento visual de env\u00edos y gesti\u00f3n de v\u00eddeo con software basado en v\u00eddeo de DIVIS en Bordesholm\" \/>\n<meta name=\"robots\" content=\"index, follow, max-snippet:-1, max-image-preview:large, max-video-preview:-1\" \/>\n<link rel=\"canonical\" href=\"https:\/\/www.divis.eu\/es\/video-del-producto-cargovis-seguimiento-visual-de-envios\/\" \/>\n<meta property=\"og:locale\" content=\"es_ES\" \/>\n<meta property=\"og:type\" content=\"article\" \/>\n<meta property=\"og:title\" content=\"CargoVIS | Seguimiento visual de env\u00edos | V\u00eddeo del producto | DIVIS\" \/>\n<meta property=\"og:description\" content=\"V\u00eddeo del producto CargoVIS: Seguimiento visual de env\u00edos y gesti\u00f3n de v\u00eddeo con software basado en v\u00eddeo de DIVIS en Bordesholm\" \/>\n<meta property=\"og:url\" content=\"https:\/\/www.divis.eu\/es\/video-del-producto-cargovis-seguimiento-visual-de-envios\/\" \/>\n<meta property=\"og:site_name\" content=\"DIVIS - The intelligent view\" \/>\n<meta property=\"article:modified_time\" content=\"2024-07-22T18:48:43+00:00\" \/>\n<meta property=\"og:image\" content=\"https:\/\/www.divis.eu\/wp-content\/uploads\/2018\/01\/logo-parcelvis-gr.png\" \/>\n<meta name=\"twitter:card\" content=\"summary_large_image\" \/>\n<meta name=\"twitter:label1\" content=\"Tiempo de lectura\" \/>\n\t<meta name=\"twitter:data1\" content=\"8 minutos\" \/>\n<script type=\"application\/ld+json\" class=\"yoast-schema-graph\">{\"@context\":\"https:\\\/\\\/schema.org\",\"@graph\":[{\"@type\":\"WebPage\",\"@id\":\"https:\\\/\\\/www.divis.eu\\\/es\\\/video-del-producto-cargovis-seguimiento-visual-de-envios\\\/\",\"url\":\"https:\\\/\\\/www.divis.eu\\\/es\\\/video-del-producto-cargovis-seguimiento-visual-de-envios\\\/\",\"name\":\"CargoVIS | Seguimiento visual de env\u00edos | V\u00eddeo del producto | DIVIS\",\"isPartOf\":{\"@id\":\"https:\\\/\\\/www.divis.eu\\\/#website\"},\"primaryImageOfPage\":{\"@id\":\"https:\\\/\\\/www.divis.eu\\\/es\\\/video-del-producto-cargovis-seguimiento-visual-de-envios\\\/#primaryimage\"},\"image\":{\"@id\":\"https:\\\/\\\/www.divis.eu\\\/es\\\/video-del-producto-cargovis-seguimiento-visual-de-envios\\\/#primaryimage\"},\"thumbnailUrl\":\"https:\\\/\\\/www.divis.eu\\\/wp-content\\\/uploads\\\/2018\\\/01\\\/logo-parcelvis-gr.png\",\"datePublished\":\"2018-03-09T19:40:20+00:00\",\"dateModified\":\"2024-07-22T18:48:43+00:00\",\"description\":\"V\u00eddeo del producto CargoVIS: Seguimiento visual de env\u00edos y gesti\u00f3n de v\u00eddeo con software basado en v\u00eddeo de DIVIS en Bordesholm\",\"breadcrumb\":{\"@id\":\"https:\\\/\\\/www.divis.eu\\\/es\\\/video-del-producto-cargovis-seguimiento-visual-de-envios\\\/#breadcrumb\"},\"inLanguage\":\"es\",\"potentialAction\":[{\"@type\":\"ReadAction\",\"target\":[\"https:\\\/\\\/www.divis.eu\\\/es\\\/video-del-producto-cargovis-seguimiento-visual-de-envios\\\/\"]}]},{\"@type\":\"ImageObject\",\"inLanguage\":\"es\",\"@id\":\"https:\\\/\\\/www.divis.eu\\\/es\\\/video-del-producto-cargovis-seguimiento-visual-de-envios\\\/#primaryimage\",\"url\":\"https:\\\/\\\/www.divis.eu\\\/wp-content\\\/uploads\\\/2018\\\/01\\\/logo-parcelvis-gr.png\",\"contentUrl\":\"https:\\\/\\\/www.divis.eu\\\/wp-content\\\/uploads\\\/2018\\\/01\\\/logo-parcelvis-gr.png\"},{\"@type\":\"BreadcrumbList\",\"@id\":\"https:\\\/\\\/www.divis.eu\\\/es\\\/video-del-producto-cargovis-seguimiento-visual-de-envios\\\/#breadcrumb\",\"itemListElement\":[{\"@type\":\"ListItem\",\"position\":1,\"name\":\"Startseite\",\"item\":\"https:\\\/\\\/www.divis.eu\\\/es\\\/\"},{\"@type\":\"ListItem\",\"position\":2,\"name\":\"V\u00eddeo del producto CargoVIS Seguimiento visual de env\u00edos\"}]},{\"@type\":\"WebSite\",\"@id\":\"https:\\\/\\\/www.divis.eu\\\/#website\",\"url\":\"https:\\\/\\\/www.divis.eu\\\/\",\"name\":\"DIVIS - The intelligent view\",\"description\":\"Videosysteml\u00f6sungen f\u00fcr Umschlags- und Warenlager\",\"potentialAction\":[{\"@type\":\"SearchAction\",\"target\":{\"@type\":\"EntryPoint\",\"urlTemplate\":\"https:\\\/\\\/www.divis.eu\\\/?s={search_term_string}\"},\"query-input\":{\"@type\":\"PropertyValueSpecification\",\"valueRequired\":true,\"valueName\":\"search_term_string\"}}],\"inLanguage\":\"es\"}]}<\/script>\n<!-- \/ Yoast SEO plugin. -->","yoast_head_json":{"title":"CargoVIS | Seguimiento visual de env\u00edos | V\u00eddeo del producto | DIVIS","description":"V\u00eddeo del producto CargoVIS: Seguimiento visual de env\u00edos y gesti\u00f3n de v\u00eddeo con software basado en v\u00eddeo de DIVIS en Bordesholm","robots":{"index":"index","follow":"follow","max-snippet":"max-snippet:-1","max-image-preview":"max-image-preview:large","max-video-preview":"max-video-preview:-1"},"canonical":"https:\/\/www.divis.eu\/es\/video-del-producto-cargovis-seguimiento-visual-de-envios\/","og_locale":"es_ES","og_type":"article","og_title":"CargoVIS | Seguimiento visual de env\u00edos | V\u00eddeo del producto | DIVIS","og_description":"V\u00eddeo del producto CargoVIS: Seguimiento visual de env\u00edos y gesti\u00f3n de v\u00eddeo con software basado en v\u00eddeo de DIVIS en Bordesholm","og_url":"https:\/\/www.divis.eu\/es\/video-del-producto-cargovis-seguimiento-visual-de-envios\/","og_site_name":"DIVIS - The intelligent view","article_modified_time":"2024-07-22T18:48:43+00:00","og_image":[{"url":"https:\/\/www.divis.eu\/wp-content\/uploads\/2018\/01\/logo-parcelvis-gr.png","type":"","width":"","height":""}],"twitter_card":"summary_large_image","twitter_misc":{"Tiempo de lectura":"8 minutos"},"schema":{"@context":"https:\/\/schema.org","@graph":[{"@type":"WebPage","@id":"https:\/\/www.divis.eu\/es\/video-del-producto-cargovis-seguimiento-visual-de-envios\/","url":"https:\/\/www.divis.eu\/es\/video-del-producto-cargovis-seguimiento-visual-de-envios\/","name":"CargoVIS | Seguimiento visual de env\u00edos | V\u00eddeo del producto | DIVIS","isPartOf":{"@id":"https:\/\/www.divis.eu\/#website"},"primaryImageOfPage":{"@id":"https:\/\/www.divis.eu\/es\/video-del-producto-cargovis-seguimiento-visual-de-envios\/#primaryimage"},"image":{"@id":"https:\/\/www.divis.eu\/es\/video-del-producto-cargovis-seguimiento-visual-de-envios\/#primaryimage"},"thumbnailUrl":"https:\/\/www.divis.eu\/wp-content\/uploads\/2018\/01\/logo-parcelvis-gr.png","datePublished":"2018-03-09T19:40:20+00:00","dateModified":"2024-07-22T18:48:43+00:00","description":"V\u00eddeo del producto CargoVIS: Seguimiento visual de env\u00edos y gesti\u00f3n de v\u00eddeo con software basado en v\u00eddeo de DIVIS en Bordesholm","breadcrumb":{"@id":"https:\/\/www.divis.eu\/es\/video-del-producto-cargovis-seguimiento-visual-de-envios\/#breadcrumb"},"inLanguage":"es","potentialAction":[{"@type":"ReadAction","target":["https:\/\/www.divis.eu\/es\/video-del-producto-cargovis-seguimiento-visual-de-envios\/"]}]},{"@type":"ImageObject","inLanguage":"es","@id":"https:\/\/www.divis.eu\/es\/video-del-producto-cargovis-seguimiento-visual-de-envios\/#primaryimage","url":"https:\/\/www.divis.eu\/wp-content\/uploads\/2018\/01\/logo-parcelvis-gr.png","contentUrl":"https:\/\/www.divis.eu\/wp-content\/uploads\/2018\/01\/logo-parcelvis-gr.png"},{"@type":"BreadcrumbList","@id":"https:\/\/www.divis.eu\/es\/video-del-producto-cargovis-seguimiento-visual-de-envios\/#breadcrumb","itemListElement":[{"@type":"ListItem","position":1,"name":"Startseite","item":"https:\/\/www.divis.eu\/es\/"},{"@type":"ListItem","position":2,"name":"V\u00eddeo del producto CargoVIS Seguimiento visual de env\u00edos"}]},{"@type":"WebSite","@id":"https:\/\/www.divis.eu\/#website","url":"https:\/\/www.divis.eu\/","name":"DIVIS - The intelligent view","description":"Videosysteml\u00f6sungen f\u00fcr Umschlags- und Warenlager","potentialAction":[{"@type":"SearchAction","target":{"@type":"EntryPoint","urlTemplate":"https:\/\/www.divis.eu\/?s={search_term_string}"},"query-input":{"@type":"PropertyValueSpecification","valueRequired":true,"valueName":"search_term_string"}}],"inLanguage":"es"}]}},"_links":{"self":[{"href":"https:\/\/www.divis.eu\/es\/wp-json\/wp\/v2\/pages\/24286","targetHints":{"allow":["GET"]}}],"collection":[{"href":"https:\/\/www.divis.eu\/es\/wp-json\/wp\/v2\/pages"}],"about":[{"href":"https:\/\/www.divis.eu\/es\/wp-json\/wp\/v2\/types\/page"}],"author":[{"embeddable":true,"href":"https:\/\/www.divis.eu\/es\/wp-json\/wp\/v2\/users\/1"}],"replies":[{"embeddable":true,"href":"https:\/\/www.divis.eu\/es\/wp-json\/wp\/v2\/comments?post=24286"}],"version-history":[{"count":0,"href":"https:\/\/www.divis.eu\/es\/wp-json\/wp\/v2\/pages\/24286\/revisions"}],"wp:attachment":[{"href":"https:\/\/www.divis.eu\/es\/wp-json\/wp\/v2\/media?parent=24286"}],"curies":[{"name":"wp","href":"https:\/\/api.w.org\/{rel}","templated":true}]}}