{"id":24337,"date":"2018-01-27T05:05:41","date_gmt":"2018-01-27T05:05:41","guid":{"rendered":"https:\/\/www.divis.eu\/videotracking-im-lager-divis-impressum\/"},"modified":"2024-05-13T12:47:57","modified_gmt":"2024-05-13T12:47:57","slug":"seguimiento-de-video-en-el-almacen-pie-de-imprenta-divis","status":"publish","type":"page","link":"https:\/\/www.divis.eu\/es\/seguimiento-de-video-en-el-almacen-pie-de-imprenta-divis\/","title":{"rendered":"Seguimiento de v\u00eddeo en el almac\u00e9n | Pie de imprenta DIVIS"},"content":{"rendered":"\n<h1>\n\t\tQui\u00e9nes somos\n\t<\/h1>\n<h1>\n\t\tLa empresa\n\t<\/h1>\n\t<p>Datos conforme al art\u00edculo 5 de la Ley de Servicios Digitales (DDG):<\/p>\n<h4>Deutsche Industrie Video System GmbH<\/h4>\nEiderh\u00f6he 1<br \/>\n24582 Bordesholm<br \/>\nAlemania\n<h4>Representante:<\/h4>\n<p>Thomas Kroll y Hendrik Reger<\/p>\n<h4>Contacto<\/h4>\nTel\u00e9fono: +49 (0) 4322 88 66-0<br \/>\nFax: +49 (0)4322 88\u200966-77<br \/>\nCorreo electr\u00f3nico: <a href=\"mailto:info@divis.eu\">info@divis.eu<\/a>\n<h4>Inscripci\u00f3n en el registro:<\/h4>\nInscripci\u00f3n en el Registro Mercantil.<br \/>\nTribunal de registro: Tribunal de distrito de Rendsburg<br \/>\nN\u00famero de registro: HRB 2412 RD\n<h4>N.\u00ba de IVA:<\/h4>\nN\u00famero de identificaci\u00f3n fiscal seg\u00fan la Ley del Impuesto sobre el IVA alemana 27:<br \/>\nDE 812\u2009311\u2009865\n<h4>Responsable del contenido en el sentido del \u00a7 18 p\u00e1rr. 2 MStV:<\/h4>\n<p>Thomas Kroll y Hendrik Reger<\/p>\nEiderh\u00f6he 1<br \/>\n24582 Bordesholm<br \/>\nAlemania\n<h4>Fuente de informaci\u00f3n de todos los textos, las im\u00e1genes y los gr\u00e1ficos:<\/h4>\n<p>Fuente: <em>Generador de pie de imprenta, <a href=\"http:\/\/www.e-recht24.de\/\" target=\"_blank\" rel=\"noopener\">abogado de derecho de Internet<\/a> S\u00f6ren Siebert<\/em><\/p>\n\t<h2>Exenci\u00f3n de responsabilidad<\/h2>\n<h3>Responsabilidad por los contenidos<\/h3>\n<p>Los contenidos de nuestras p\u00e1ginas se han elaborado con el mayor cuidado. No obstante, no podemos asumir ninguna responsabilidad por la veracidad, la integridad y la vigencia de los mismos. Como proveedor de servicios y en virtud del art. 7, apdo.1 de la TMG (Ley Alemana de Telecomunicaciones), somos responsables de todos los contenidos incluidos en estas p\u00e1ginas que nos pertenezcan. Como proveedor de servicios, y de conformidad con los art\u00edculos 8 a 10 de la TMG, no estamos obligados a controlar la informaci\u00f3n ajena transmitida o almacenada ni a investigar las circunstancias que adviertan sobre actividades il\u00edcitas. No obstante, no se ver\u00e1 afectada la obligaci\u00f3n de eliminar o bloquear el uso de dicha informaci\u00f3n en virtud de las leyes generales. Sin embargo, solo ser\u00e1 posible exigir responsabilidades al respecto a partir del momento en que se tenga conocimiento de una infracci\u00f3n espec\u00edfica. Tan pronto como tengamos conocimiento de tales infracciones de la ley, eliminaremos estos contenidos inmediatamente.<\/p>\n<h3>Responsabilidad por los enlaces<\/h3>\n<p>Nuestra oferta contiene enlaces a p\u00e1ginas web externas de terceros, sobre cuyos contenidos no tenemos ning\u00fan tipo de control. Por este motivo, no podemos aceptar ninguna responsabilidad por el contenido de dichos enlaces. El proveedor u operador de las p\u00e1ginas en cuesti\u00f3n ser\u00e1, en cualquier caso, el \u00fanico responsable de los contenidos de las p\u00e1ginas vinculadas. Antes de a\u00f1adir las p\u00e1ginas vinculadas se han revisado con el objetivo de detectar posibles infracciones legales. En el momento de incluir sus enlaces no se detect\u00f3 ninguna infracci\u00f3n en el contenido. Lamentablemente, no resulta posible mantener un control continuo del contenido de las p\u00e1ginas vinculadas sin contar con un indicio concreto de una posible infracci\u00f3n. Tras la notificaci\u00f3n de una infracci\u00f3n, eliminaremos los enlaces afectados de inmediato.<\/p>\n<h3>Derechos de autor<\/h3>\n<p>Los contenidos y las obras que hayan sido creados por el operador de estas p\u00e1ginas est\u00e1n sujetos a la ley alemana en materia de derechos de autor. Toda reproducci\u00f3n, modificaci\u00f3n, distribuci\u00f3n, as\u00ed como cualquier tipo de comercializaci\u00f3n que quede fuera de los l\u00edmites establecidos por la ley en materia de derechos de autor requerir\u00e1 el consentimiento por escrito previo de su respectivo autor o creador. Las descargas y copias de estas p\u00e1ginas \u00fanicamente est\u00e1n permitidas para un uso privado y en ning\u00fan caso comercial. Siempre y cuando el operador de la p\u00e1gina web no sea el creador del contenido, se deber\u00e1n respetar los derechos de autor de terceros. En especial, los contenidos de terceros se identificar\u00e1n como tales. No obstante, si descubre cualquier infracci\u00f3n de los derechos de autor, le rogamos que nos informe inmediatamente. Tras la notificaci\u00f3n de una infracci\u00f3n, eliminaremos los contenidos en cuesti\u00f3n de inmediato.<\/p>\n\t\t\u00bfTIENE<p>PREGUNTAS?<\/p>\t\t\t\n\t\t\t\t<p>\u00a1Tenemos respuestas!<\/p>\n<p>Tel\u00e9fono: +49\u2009 (0)4322 88\u200966-10<br \/>Fax: +49\u2009 (0)4322 88\u200966-77<br \/>Correo electr\u00f3nico: <a href=\"mailto:vertrieb@divis.eu\">vertrieb@divis.eu<\/a><\/p>\n\t\t\t<a href=\"https:\/\/www.divis.eu\/es\/pongase-en-contacto-con-divis-el-proveedor-de-servicios-de-seguimiento-y-localizacion-por-camara\/\" target=\"_self\" role=\"button\" aria-label=\"Mensaje a DIVIS\" rel=\"noopener\">\n\t\t\t\t\t\t\tMensaje a DIVIS\n\t\t<\/a>\n\t\t\t<img decoding=\"async\" src=\"https:\/\/www.divis.eu\/wp-content\/uploads\/2018\/05\/divis-anfahrt.jpg\" alt=\"DIVIS | Bordesholm | Our Premises | Video Systems for Logistics\"\/>\t\t\t\n\t\t<img decoding=\"async\" src=\"https:\/\/www.divis.eu\/wp-content\/uploads\/2021\/12\/anfahrt-es.png\" alt=\"\"\/>\n\t<h4>Enlaces y referencias<\/h4>\nDise\u00f1o de Actomic en cooperaci\u00f3n con Florian Schmitt.<br \/>\nImplementaci\u00f3n y soporte t\u00e9cnico <a href=\"https:\/\/www.actomic.com\" target=\"_blank\" rel=\"noopener\">Actomic.<\/a>\n<p>&nbsp;<\/p>\n<p>En este sitio web se utilizan im\u00e1genes de archivos como <a href=\"https:\/\/de.fotolia.com\/\" target=\"_blank\" rel=\"noopener\">Fotolia.de<\/a> y <a href=\"https:\/\/www.canstockphoto.com\" target=\"_blank\" rel=\"noopener\">Canstockphoto.com<\/a>.<\/p>\n<p>Todos los dem\u00e1s textos e im\u00e1genes est\u00e1n sujetos a los derechos de autor de DIVIS.<\/p>\n\t\t\t<a href=\"https:\/\/www.divis.eu\/es\/video-vigilancia-en-el-almacen-divis-politica-de-privacidad\/\" target=\"_self\" role=\"button\" aria-label=\"Pol\u00edtica de privacidad\" rel=\"noopener\">\n\t\t\t\t\t\t\tPol\u00edtica de privacidad\n\t\t<\/a>\n\t\t\t\t<img decoding=\"async\" src=\"https:\/\/www.divis.eu\/wp-content\/uploads\/2018\/01\/kundenlogo-CTL-1.png\" alt=\"CTL | DIVIS Kunde\" title=\"kundenlogo-CTL\" itemprop=\"image\"  \/>\n\t\t\t\t<img decoding=\"async\" src=\"https:\/\/www.divis.eu\/wp-content\/uploads\/2018\/01\/kundenlogo-dpd.png\" alt=\"kundenlogo-dpd\" title=\"kundenlogo-dpd\" itemprop=\"image\"  \/>\n\t\t\t\t<img decoding=\"async\" src=\"https:\/\/www.divis.eu\/wp-content\/uploads\/2018\/01\/kundenlogo-online.png\" alt=\"kundenlogo-online\" title=\"kundenlogo-online\" itemprop=\"image\"  \/>\n\t\t\t\t<img decoding=\"async\" src=\"https:\/\/www.divis.eu\/wp-content\/uploads\/2018\/01\/kundenlogo-rhenus.png\" alt=\"Rhenus Logistics | DIVIS-Kunde\" title=\"kundenlogo-rhenus\" itemprop=\"image\"  \/>\n\t\t\t\t<img decoding=\"async\" src=\"https:\/\/www.divis.eu\/wp-content\/uploads\/2018\/01\/kundenlogo-tsb.png\" alt=\"kundenlogo-tsb\" title=\"kundenlogo-tsb\" itemprop=\"image\"  \/>\n\t\t\t\t<img decoding=\"async\" src=\"https:\/\/www.divis.eu\/wp-content\/uploads\/2018\/01\/logo-van-duuren-mono-2.png\" alt=\"logo-van-duuren-mono\" title=\"logo-van-duuren-mono\" itemprop=\"image\"  \/>\n\t\t\t\t<img decoding=\"async\" src=\"https:\/\/www.divis.eu\/wp-content\/uploads\/2018\/01\/kundenlogo-transoflex-3.png\" alt=\"kundenlogo-transoflex\" title=\"kundenlogo-transoflex\" itemprop=\"image\"  \/>\n\t\t\t\t<img decoding=\"async\" src=\"https:\/\/www.divis.eu\/wp-content\/uploads\/2018\/01\/kundenlogo-emons.png\" alt=\"Emons | DIVIS-Kunde\" title=\"kundenlogo-emons\" itemprop=\"image\"  \/>\n\t\t\t\t<img decoding=\"async\" src=\"https:\/\/www.divis.eu\/wp-content\/uploads\/2018\/01\/kundenlogo-geis.png\" alt=\"Spedition Geis | DIVIS-Kunde\" title=\"kundenlogo-geis\" itemprop=\"image\"  \/>\n\t\t\t\t<img decoding=\"async\" src=\"https:\/\/www.divis.eu\/wp-content\/uploads\/2018\/01\/kundenlogo-gebrueder-weiss.png\" alt=\"Gebr\u00fcder Weiss | DIVIS-Kunde\" title=\"kundenlogo-gebrueder-weiss\" itemprop=\"image\"  \/>\n\t\t\t\t<img decoding=\"async\" src=\"https:\/\/www.divis.eu\/wp-content\/uploads\/2018\/01\/kundenlogo-tchibo.png\" alt=\"Tchibo | DIVIS-Kunde\" title=\"kundenlogo-tchibo\" itemprop=\"image\"  \/>\n\t\t\t\t<img decoding=\"async\" src=\"https:\/\/www.divis.eu\/wp-content\/uploads\/2018\/01\/kundenlogo-24plus.png\" alt=\"kundenlogo-24plus\" title=\"kundenlogo-24plus\" itemprop=\"image\"  \/>\n\n","protected":false},"excerpt":{"rendered":"<p>Qui\u00e9nes somos La empresa Datos conforme al art\u00edculo 5 de la Ley de Servicios Digitales (DDG): Deutsche Industrie Video System GmbH Eiderh\u00f6he 1 24582 Bordesholm Alemania Representante: Thomas Kroll y Hendrik Reger Contacto Tel\u00e9fono: +49 (0) 4322 88 66-0 Fax: +49 (0)4322 88\u200966-77 Correo electr\u00f3nico: info@divis.eu Inscripci\u00f3n en el registro: Inscripci\u00f3n en el Registro Mercantil.&hellip;<\/p>\n","protected":false},"author":1,"featured_media":0,"parent":0,"menu_order":0,"comment_status":"closed","ping_status":"closed","template":"","meta":{"footnotes":""},"class_list":["post-24337","page","type-page","status-publish","hentry"],"yoast_head":"<!-- This site is optimized with the Yoast SEO plugin v27.4 - https:\/\/yoast.com\/product\/yoast-seo-wordpress\/ -->\n<title>Seguimiento de v\u00eddeo en el almac\u00e9n | Pie de imprenta DIVIS<\/title>\n<meta name=\"description\" content=\"DIVIS desarrolla soluciones para el seguimiento de v\u00eddeo en el almac\u00e9n. Puede encontrar m\u00e1s informaci\u00f3n sobre DIVIS en el pie de imprenta.\" \/>\n<meta name=\"robots\" content=\"index, follow, max-snippet:-1, max-image-preview:large, max-video-preview:-1\" \/>\n<link rel=\"canonical\" href=\"https:\/\/www.divis.eu\/es\/seguimiento-de-video-en-el-almacen-pie-de-imprenta-divis\/\" \/>\n<meta property=\"og:locale\" content=\"es_ES\" \/>\n<meta property=\"og:type\" content=\"article\" \/>\n<meta property=\"og:title\" content=\"Seguimiento de v\u00eddeo en el almac\u00e9n | Pie de imprenta DIVIS\" \/>\n<meta property=\"og:description\" content=\"DIVIS desarrolla soluciones para el seguimiento de v\u00eddeo en el almac\u00e9n. Puede encontrar m\u00e1s informaci\u00f3n sobre DIVIS en el pie de imprenta.\" \/>\n<meta property=\"og:url\" content=\"https:\/\/www.divis.eu\/es\/seguimiento-de-video-en-el-almacen-pie-de-imprenta-divis\/\" \/>\n<meta property=\"og:site_name\" content=\"DIVIS - The intelligent view\" \/>\n<meta property=\"article:modified_time\" content=\"2024-05-13T12:47:57+00:00\" \/>\n<meta property=\"og:image\" content=\"https:\/\/www.divis.eu\/wp-content\/uploads\/2018\/05\/divis-anfahrt.jpg\" \/>\n<meta name=\"twitter:card\" content=\"summary_large_image\" \/>\n<meta name=\"twitter:label1\" content=\"Tiempo de lectura\" \/>\n\t<meta name=\"twitter:data1\" content=\"6 minutos\" \/>\n<script type=\"application\/ld+json\" class=\"yoast-schema-graph\">{\"@context\":\"https:\\\/\\\/schema.org\",\"@graph\":[{\"@type\":\"WebPage\",\"@id\":\"https:\\\/\\\/www.divis.eu\\\/es\\\/seguimiento-de-video-en-el-almacen-pie-de-imprenta-divis\\\/\",\"url\":\"https:\\\/\\\/www.divis.eu\\\/es\\\/seguimiento-de-video-en-el-almacen-pie-de-imprenta-divis\\\/\",\"name\":\"Seguimiento de v\u00eddeo en el almac\u00e9n | Pie de imprenta DIVIS\",\"isPartOf\":{\"@id\":\"https:\\\/\\\/www.divis.eu\\\/#website\"},\"primaryImageOfPage\":{\"@id\":\"https:\\\/\\\/www.divis.eu\\\/es\\\/seguimiento-de-video-en-el-almacen-pie-de-imprenta-divis\\\/#primaryimage\"},\"image\":{\"@id\":\"https:\\\/\\\/www.divis.eu\\\/es\\\/seguimiento-de-video-en-el-almacen-pie-de-imprenta-divis\\\/#primaryimage\"},\"thumbnailUrl\":\"https:\\\/\\\/www.divis.eu\\\/wp-content\\\/uploads\\\/2018\\\/05\\\/divis-anfahrt.jpg\",\"datePublished\":\"2018-01-27T05:05:41+00:00\",\"dateModified\":\"2024-05-13T12:47:57+00:00\",\"description\":\"DIVIS desarrolla soluciones para el seguimiento de v\u00eddeo en el almac\u00e9n. Puede encontrar m\u00e1s informaci\u00f3n sobre DIVIS en el pie de imprenta.\",\"breadcrumb\":{\"@id\":\"https:\\\/\\\/www.divis.eu\\\/es\\\/seguimiento-de-video-en-el-almacen-pie-de-imprenta-divis\\\/#breadcrumb\"},\"inLanguage\":\"es\",\"potentialAction\":[{\"@type\":\"ReadAction\",\"target\":[\"https:\\\/\\\/www.divis.eu\\\/es\\\/seguimiento-de-video-en-el-almacen-pie-de-imprenta-divis\\\/\"]}]},{\"@type\":\"ImageObject\",\"inLanguage\":\"es\",\"@id\":\"https:\\\/\\\/www.divis.eu\\\/es\\\/seguimiento-de-video-en-el-almacen-pie-de-imprenta-divis\\\/#primaryimage\",\"url\":\"https:\\\/\\\/www.divis.eu\\\/wp-content\\\/uploads\\\/2018\\\/05\\\/divis-anfahrt.jpg\",\"contentUrl\":\"https:\\\/\\\/www.divis.eu\\\/wp-content\\\/uploads\\\/2018\\\/05\\\/divis-anfahrt.jpg\"},{\"@type\":\"BreadcrumbList\",\"@id\":\"https:\\\/\\\/www.divis.eu\\\/es\\\/seguimiento-de-video-en-el-almacen-pie-de-imprenta-divis\\\/#breadcrumb\",\"itemListElement\":[{\"@type\":\"ListItem\",\"position\":1,\"name\":\"Startseite\",\"item\":\"https:\\\/\\\/www.divis.eu\\\/es\\\/\"},{\"@type\":\"ListItem\",\"position\":2,\"name\":\"Seguimiento de v\u00eddeo en el almac\u00e9n | Pie de imprenta DIVIS\"}]},{\"@type\":\"WebSite\",\"@id\":\"https:\\\/\\\/www.divis.eu\\\/#website\",\"url\":\"https:\\\/\\\/www.divis.eu\\\/\",\"name\":\"DIVIS - The intelligent view\",\"description\":\"Videosysteml\u00f6sungen f\u00fcr Umschlags- und Warenlager\",\"potentialAction\":[{\"@type\":\"SearchAction\",\"target\":{\"@type\":\"EntryPoint\",\"urlTemplate\":\"https:\\\/\\\/www.divis.eu\\\/?s={search_term_string}\"},\"query-input\":{\"@type\":\"PropertyValueSpecification\",\"valueRequired\":true,\"valueName\":\"search_term_string\"}}],\"inLanguage\":\"es\"}]}<\/script>\n<!-- \/ Yoast SEO plugin. -->","yoast_head_json":{"title":"Seguimiento de v\u00eddeo en el almac\u00e9n | Pie de imprenta DIVIS","description":"DIVIS desarrolla soluciones para el seguimiento de v\u00eddeo en el almac\u00e9n. Puede encontrar m\u00e1s informaci\u00f3n sobre DIVIS en el pie de imprenta.","robots":{"index":"index","follow":"follow","max-snippet":"max-snippet:-1","max-image-preview":"max-image-preview:large","max-video-preview":"max-video-preview:-1"},"canonical":"https:\/\/www.divis.eu\/es\/seguimiento-de-video-en-el-almacen-pie-de-imprenta-divis\/","og_locale":"es_ES","og_type":"article","og_title":"Seguimiento de v\u00eddeo en el almac\u00e9n | Pie de imprenta DIVIS","og_description":"DIVIS desarrolla soluciones para el seguimiento de v\u00eddeo en el almac\u00e9n. Puede encontrar m\u00e1s informaci\u00f3n sobre DIVIS en el pie de imprenta.","og_url":"https:\/\/www.divis.eu\/es\/seguimiento-de-video-en-el-almacen-pie-de-imprenta-divis\/","og_site_name":"DIVIS - The intelligent view","article_modified_time":"2024-05-13T12:47:57+00:00","og_image":[{"url":"https:\/\/www.divis.eu\/wp-content\/uploads\/2018\/05\/divis-anfahrt.jpg","type":"","width":"","height":""}],"twitter_card":"summary_large_image","twitter_misc":{"Tiempo de lectura":"6 minutos"},"schema":{"@context":"https:\/\/schema.org","@graph":[{"@type":"WebPage","@id":"https:\/\/www.divis.eu\/es\/seguimiento-de-video-en-el-almacen-pie-de-imprenta-divis\/","url":"https:\/\/www.divis.eu\/es\/seguimiento-de-video-en-el-almacen-pie-de-imprenta-divis\/","name":"Seguimiento de v\u00eddeo en el almac\u00e9n | Pie de imprenta DIVIS","isPartOf":{"@id":"https:\/\/www.divis.eu\/#website"},"primaryImageOfPage":{"@id":"https:\/\/www.divis.eu\/es\/seguimiento-de-video-en-el-almacen-pie-de-imprenta-divis\/#primaryimage"},"image":{"@id":"https:\/\/www.divis.eu\/es\/seguimiento-de-video-en-el-almacen-pie-de-imprenta-divis\/#primaryimage"},"thumbnailUrl":"https:\/\/www.divis.eu\/wp-content\/uploads\/2018\/05\/divis-anfahrt.jpg","datePublished":"2018-01-27T05:05:41+00:00","dateModified":"2024-05-13T12:47:57+00:00","description":"DIVIS desarrolla soluciones para el seguimiento de v\u00eddeo en el almac\u00e9n. Puede encontrar m\u00e1s informaci\u00f3n sobre DIVIS en el pie de imprenta.","breadcrumb":{"@id":"https:\/\/www.divis.eu\/es\/seguimiento-de-video-en-el-almacen-pie-de-imprenta-divis\/#breadcrumb"},"inLanguage":"es","potentialAction":[{"@type":"ReadAction","target":["https:\/\/www.divis.eu\/es\/seguimiento-de-video-en-el-almacen-pie-de-imprenta-divis\/"]}]},{"@type":"ImageObject","inLanguage":"es","@id":"https:\/\/www.divis.eu\/es\/seguimiento-de-video-en-el-almacen-pie-de-imprenta-divis\/#primaryimage","url":"https:\/\/www.divis.eu\/wp-content\/uploads\/2018\/05\/divis-anfahrt.jpg","contentUrl":"https:\/\/www.divis.eu\/wp-content\/uploads\/2018\/05\/divis-anfahrt.jpg"},{"@type":"BreadcrumbList","@id":"https:\/\/www.divis.eu\/es\/seguimiento-de-video-en-el-almacen-pie-de-imprenta-divis\/#breadcrumb","itemListElement":[{"@type":"ListItem","position":1,"name":"Startseite","item":"https:\/\/www.divis.eu\/es\/"},{"@type":"ListItem","position":2,"name":"Seguimiento de v\u00eddeo en el almac\u00e9n | Pie de imprenta DIVIS"}]},{"@type":"WebSite","@id":"https:\/\/www.divis.eu\/#website","url":"https:\/\/www.divis.eu\/","name":"DIVIS - The intelligent view","description":"Videosysteml\u00f6sungen f\u00fcr Umschlags- und Warenlager","potentialAction":[{"@type":"SearchAction","target":{"@type":"EntryPoint","urlTemplate":"https:\/\/www.divis.eu\/?s={search_term_string}"},"query-input":{"@type":"PropertyValueSpecification","valueRequired":true,"valueName":"search_term_string"}}],"inLanguage":"es"}]}},"_links":{"self":[{"href":"https:\/\/www.divis.eu\/es\/wp-json\/wp\/v2\/pages\/24337","targetHints":{"allow":["GET"]}}],"collection":[{"href":"https:\/\/www.divis.eu\/es\/wp-json\/wp\/v2\/pages"}],"about":[{"href":"https:\/\/www.divis.eu\/es\/wp-json\/wp\/v2\/types\/page"}],"author":[{"embeddable":true,"href":"https:\/\/www.divis.eu\/es\/wp-json\/wp\/v2\/users\/1"}],"replies":[{"embeddable":true,"href":"https:\/\/www.divis.eu\/es\/wp-json\/wp\/v2\/comments?post=24337"}],"version-history":[{"count":0,"href":"https:\/\/www.divis.eu\/es\/wp-json\/wp\/v2\/pages\/24337\/revisions"}],"wp:attachment":[{"href":"https:\/\/www.divis.eu\/es\/wp-json\/wp\/v2\/media?parent=24337"}],"curies":[{"name":"wp","href":"https:\/\/api.w.org\/{rel}","templated":true}]}}