{"id":24349,"date":"2017-12-18T01:56:34","date_gmt":"2017-12-18T01:56:34","guid":{"rendered":"https:\/\/www.divis.eu\/videoueberwachungsloesungen-logistik-produkte\/"},"modified":"2026-01-25T22:01:37","modified_gmt":"2026-01-25T22:01:37","slug":"soluciones-de-videovigilancia-para-la-logistica-distribuidores-de-productos","status":"publish","type":"page","link":"https:\/\/www.divis.eu\/es\/soluciones-de-videovigilancia-para-la-logistica-distribuidores-de-productos\/","title":{"rendered":"Soluciones de videovigilancia para la log\u00edstica &#8211; Distribuidores de productos"},"content":{"rendered":"\n<h1>\n\t\t\tProcesos transparentes\t<\/h1>\n<h1>\n\t\t\t en la sala y en el almac\u00e9n\t<\/h1>\n\t\t\t<a href=\"#funcionamiento\" title=\"Click Here\" target=\"_self\"   role=\"button\" aria-label=\"Funcionamiento\">\n\t\t\t\t\t\t\tFuncionamiento\n\t\t<\/a>\n<h1>\n\t\t\tAumentar la calidad, reducir los costes\t<\/h1>\n<h1>\n\t\t\tDesarrollado para la log\u00edstica\t<\/h1>\n<h1>\n\t\t\tde hoy y ma\u00f1ana\t<\/h1>\n\tInvierta en el futuro. Las soluciones de videovigilancia para la log\u00edstica de DIVIS crecen con sus requisitos log\u00edsticos. Nuestros sistemas son modulares y pueden adaptarse con flexibilidad a las necesidades cambiantes.<br \/>\nLos productos DIVIS hacen que sus procesos sean transparentes. Una mayor transparencia no solo favorece su propia visi\u00f3n general, sino que tambi\u00e9n refuerza la confianza de sus clientes en su empresa.\n\t\t<h3>Optimice el uso de naves y puertas<\/h3>\t\t\t\n\t\t\t\tGracias a las soluciones de videovigilancia de DIVIS para la log\u00edstica, podr\u00e1 ver de un vistazo todos los estados de las puertas. Esto permite una planificaci\u00f3n y utilizaci\u00f3n m\u00e1s eficiente de sus recursos.\n\t\t<h3>Resultados de b\u00fasqueda m\u00e1s r\u00e1pidos<\/h3>\t\t\t\n<p>Ya sea desde el ordenador de la empresa o desde el terminal de la nave: con unos pocos clics en nuestro software, podr\u00e1 identificar y documentar el paradero y el estado de un env\u00edo en cuesti\u00f3n de segundos con las soluciones de videovigilancia para la log\u00edstica DIVIS.<\/p>\n\t\t<h3>Investigar y prevenir robos<\/h3>\t\t\t\n\t\t\t\tLas soluciones de DIVIS tambi\u00e9n son \u00fatiles para detectar y disuadir robos fuera del horario de trabajo o en situaciones confusas de la vida cotidiana.\n\t\t<h3>Transferencia clara de la responsabilidad<\/h3>\t\t\t\n\t\t\t\tLas transferencias de responsabilidad claramente documentadas y los r\u00e1pidos an\u00e1lisis de da\u00f1os reducen sus costes operativos de forma permanente y generan pruebas s\u00f3lidas en caso de recurso.\n<h1>\n\t\t\tSoluciones de videovigilancia para la log\u00edstica\t<\/h1>\n\t\t\t\t<img decoding=\"async\" src=\"https:\/\/www.divis.eu\/wp-content\/uploads\/2018\/01\/logo-cargovis-gr.png\" alt=\"logo-cargovis-gr\" title=\"logo-cargovis-gr\" itemprop=\"image\"\/>\n\t\t\tEnv\u00edos paletizados r\u00e1pidamente a la vista<h2>CargoVIS para el transporte y almacenamiento<\/h2>\t\t\t\n\t\t\t\t<p>Con nuestro software de gesti\u00f3n de v\u00eddeo para almacenes de transbordo, CargoVIS, le ofrecemos una soluci\u00f3n de sistema completa y f\u00e1cil de usar a fin de realizar la b\u00fasqueda y el seguimiento de env\u00edos paletizados mediante im\u00e1genes.<\/p>\n\t\t\t<a href=\"https:\/\/www.divis.eu\/es\/software-de-gestion-de-video-cargovis-para-almacenes-de-transbordo\/\" title=\"Click Here\" target=\"_self\"   role=\"button\" aria-label=\"M\u00e1s acerca de CargoVIS\">\n\t\t\t\t\t\t\tM\u00e1s acerca de CargoVIS\n\t\t<\/a>\n\t\t\t\t<img decoding=\"async\" src=\"https:\/\/www.divis.eu\/wp-content\/uploads\/2018\/01\/logo-parcelvis-gr.png\" alt=\"logo-parcelvis-gr\" title=\"logo-parcelvis-gr\" itemprop=\"image\"\/>\n\t\t\tSeguimiento continuo de los paquetes en la nave<h2>ParcelVIS para proveedores de servicios de transbordo y CEP<\/h2>\t\t\t\n\t\t\t\t<p>Ahorre tiempo y dinero y deje que ParcelVIS trabaje eficazmente para usted en la b\u00fasqueda de env\u00edos por im\u00e1genes en el dep\u00f3sito de transbordo: la introducci\u00f3n del n\u00famero de etiqueta del paquete es la clave para obtener toda la informaci\u00f3n sobre el paradero y el estado de un env\u00edo para todos los eventos de escaneo que se hayan realizado.<\/p>\n\t\t\t<a href=\"https:\/\/www.divis.eu\/es\/parcelvis-busqueda-de-paquetes-basada-en-imagenes-en-el-deposito-de-transbordo\/\" title=\"Click Here\" target=\"_self\"   role=\"button\" aria-label=\"M\u00e1s acerca de ParcelVIS\">\n\t\t\t\t\t\t\tM\u00e1s acerca de ParcelVIS\n\t\t<\/a>\n\t\t\t\t<img decoding=\"async\" src=\"https:\/\/www.divis.eu\/wp-content\/uploads\/2018\/01\/logo-storevis-gr.png\" alt=\"\" title=\"\" itemprop=\"image\"\/>\n\t\t\tOptimizaci\u00f3n de los complejos procesos de almacenamiento<h2>StoreVIS para la log\u00edstica de almacenamiento<\/h2>\t\t\t\n\t\t\t\t<p>Con StoreVIS ya no necesitar\u00e1 depender de su intuici\u00f3n, sino que podr\u00e1 descubrir el potencial de optimizaci\u00f3n existente con la ayuda de n\u00fameros concretos. La soluci\u00f3n inteligente StoreVIS le ayuda en la videovigilancia de la gesti\u00f3n de mercanc\u00edas. Sus procesos de devoluci\u00f3n y entrada de mercanc\u00eda est\u00e1n completamente cubiertos y as\u00ed es m\u00e1s f\u00e1cil detectar las trampas en los costes.<\/p>\n\t\t\t<a href=\"https:\/\/www.divis.eu\/es\/storevis-para-la-videovigilancia-en-la-gestion-de-mercancias\/\" title=\"Click Here\" target=\"_self\"   role=\"button\" aria-label=\"M\u00e1s acerca de StoreVIS\">\n\t\t\t\t\t\t\tM\u00e1s acerca de StoreVIS\n\t\t<\/a>\n\t\t\t\t<img decoding=\"async\" src=\"https:\/\/www.divis.eu\/wp-content\/uploads\/2018\/01\/logo-van-duuren-weiss.png\" alt=\"logo-van-duuren-weiss\" title=\"logo-van-duuren-weiss\" itemprop=\"image\"\/>\n\t\t\t\t\t\t\t\t<h3 class='uabb-testimonial-author-name testimonial-author-name'>Van Duuren<\/h3>\t\t\t\t\t\t\t\t\n\t\t\t\t\t\t\t\t\tPa\u00edses Bajos\t\t\t\t\t\t\t\t\n\t\t\t\t\t\t\t<blockquote><p>\u00abCargoVIS funciona perfectamente, todo el mundo est\u00e1 acostumbrado a \u00e9l y ya no podemos vivir sin \u00e9l.\u00bb<\/p><\/blockquote>\t\t\t\t\t\t\n\t\t\t\t<img decoding=\"async\" src=\"https:\/\/www.divis.eu\/wp-content\/uploads\/2018\/01\/logo-tsb.png\" alt=\"logo-tsb\" title=\"logo-tsb\" itemprop=\"image\"\/>\n\t\t\t\t\t\t\t\t<h3 class='uabb-testimonial-author-name testimonial-author-name'>TSBtrans<\/h3>\t\t\t\t\t\t\t\t\n\t\t\t\t\t\t\t\t\tEspa\u00f1a\t\t\t\t\t\t\t\t\n\t\t\t\t\t\t\t<blockquote><p>\u00abCargoVIS es totalmente confiable y gracias a sus capacidades de seguimiento, la inversi\u00f3n de TSB se ha amortizado en menos de un a\u00f1o al poder encontrar los pal\u00e9s &#8216;desaparecidos&#8217; e identificar las fuentes de da\u00f1os\u00bb.<\/p><\/blockquote>\t\t\t\t\t\t\n\t\t\t\t<img decoding=\"async\" src=\"https:\/\/www.divis.eu\/wp-content\/uploads\/2018\/01\/logo-lagermax.png\" alt=\"logo-lagermax\" title=\"logo-lagermax\" itemprop=\"image\"\/>\n\t\t\t\t\t\t\t\t<h3 class='uabb-testimonial-author-name testimonial-author-name'>Lagermax Paketdienst GmbH &amp; Co KG<\/h3>\t\t\t\t\t\t\t\t\n\t\t\t\t\t\t\t\t\tAustria\t\t\t\t\t\t\t\t\n\t\t\t\t\t\t\t<blockquote><p>\u00abLlevamos 5 a\u00f1os usando ParcelVIS de DIVIS y nunca hemos tenido ning\u00fan problema\u00bb.<\/p><\/blockquote>\t\t\t\t\t\t\n\t\t\t\t<img decoding=\"async\" src=\"https:\/\/www.divis.eu\/wp-content\/uploads\/2018\/01\/logo-voigt-invers.png\" alt=\"logo-voigt-invers\" title=\"logo-voigt-invers\" itemprop=\"image\"\/>\n\t\t\t\t\t\t\t\t<h3 class='uabb-testimonial-author-name testimonial-author-name'>Herbert Voigt GmbH &amp; Co. KG<\/h3>\t\t\t\t\t\t\t\t\n\t\t\t\t\t\t\t\t\tAlemania\t\t\t\t\t\t\t\t\n\t\t\t\t\t\t\t<blockquote><p>\u00abEn DIVIS encontramos un socio competente que siempre tiene una soluci\u00f3n especial para cada una de nuestras ideas\u00bb.<\/p><\/blockquote>\t\t\t\t\t\t\n\t\t\t\t<img decoding=\"async\" src=\"https:\/\/www.divis.eu\/wp-content\/uploads\/2018\/01\/logo-schmalz-schoen.png\" alt=\"logo-schmalz-schoen\" title=\"logo-schmalz-schoen\" itemprop=\"image\"\/>\n\t\t\t\t\t\t\t\t<h3 class='uabb-testimonial-author-name testimonial-author-name'>SCHMALZ+SCH\u00d6N Logistics GmbH<\/h3>\t\t\t\t\t\t\t\t\n\t\t\t\t\t\t\t\t\tAlemania\t\t\t\t\t\t\t\t\n\t\t\t\t\t\t\t<blockquote><p>\u00abLa soluci\u00f3n perfecta incluso en \u00e1reas de transbordo heterog\u00e9neas: la videovigilancia de DIVIS, atenta a cada paquete\u00bb.<\/p><\/blockquote>\t\t\t\t\t\t\n\t\t\t<a href=\"https:\/\/www.divis.eu\/es\/referencias-y-casos-practicos-seguimiento-del-envio-en-el-almacen\/\" title=\"Click Here\" target=\"_self\"   role=\"button\" aria-label=\"A los Casos pr\u00e1cticos\">\n\t\t\t\t\t\t\tA los Casos pr\u00e1cticos\n\t\t<\/a>\n\t\t\t\t<img decoding=\"async\" src=\"https:\/\/www.divis.eu\/wp-content\/uploads\/2018\/01\/hendrik-reger-1.png\" alt=\"Hendrik Reger | DIVIS | Videol\u00f6sungen f\u00fcr die Logistik\" itemprop=\"image\" height=\"385\" width=\"300\" title=\"hendrik-reger\" onerror=\"this.style.display='none'\" loading='lazy' \/>\n\t<em><strong>Hendrik Reger<\/strong><br \/>\nDirector General<br \/>\n<\/em>\n\t<p>\u00bfTiene alguna pregunta?<\/p>\n\t<p>Aqu\u00ed tenemos respuestas<\/p>\n\t<p>Nuestro equipo estar\u00e1 encantado de responder a sus consultas sobre nuestros productos y de asesorarle de forma gratuita y sin compromiso.<\/p>\n\t\t\t<a href=\"https:\/\/www.divis.eu\/es\/pongase-en-contacto-con-divis-el-proveedor-de-servicios-de-seguimiento-y-localizacion-por-camara\/\" title=\"Click Here\" target=\"_self\"   role=\"button\" aria-label=\"Contactar a DIVIS\">\n\t\t\t\t\t\t\tContactar a DIVIS\n\t\t<\/a>\n\t\t\t\t<img decoding=\"async\" src=\"https:\/\/www.divis.eu\/wp-content\/uploads\/2018\/01\/kundenlogo-CTL-1.png\" alt=\"CTL | DIVIS Kunde\" title=\"kundenlogo-CTL\" itemprop=\"image\"  \/>\n\t\t\t\t<img decoding=\"async\" src=\"https:\/\/www.divis.eu\/wp-content\/uploads\/2018\/01\/kundenlogo-dpd.png\" alt=\"kundenlogo-dpd\" title=\"kundenlogo-dpd\" itemprop=\"image\"  \/>\n\t\t\t\t<img decoding=\"async\" src=\"https:\/\/www.divis.eu\/wp-content\/uploads\/2018\/01\/kundenlogo-online.png\" alt=\"kundenlogo-online\" title=\"kundenlogo-online\" itemprop=\"image\"  \/>\n\t\t\t\t<img decoding=\"async\" src=\"https:\/\/www.divis.eu\/wp-content\/uploads\/2018\/01\/kundenlogo-rhenus.png\" alt=\"Rhenus Logistics | DIVIS-Kunde\" title=\"kundenlogo-rhenus\" itemprop=\"image\"  \/>\n\t\t\t\t<img decoding=\"async\" src=\"https:\/\/www.divis.eu\/wp-content\/uploads\/2018\/01\/kundenlogo-tsb.png\" alt=\"kundenlogo-tsb\" title=\"kundenlogo-tsb\" itemprop=\"image\"  \/>\n\t\t\t\t<img decoding=\"async\" src=\"https:\/\/www.divis.eu\/wp-content\/uploads\/2018\/01\/logo-van-duuren-mono-2.png\" alt=\"logo-van-duuren-mono\" title=\"logo-van-duuren-mono\" itemprop=\"image\"  \/>\n\t\t\t\t<img decoding=\"async\" src=\"https:\/\/www.divis.eu\/wp-content\/uploads\/2018\/01\/kundenlogo-transoflex-3.png\" alt=\"kundenlogo-transoflex\" title=\"kundenlogo-transoflex\" itemprop=\"image\"  \/>\n\t\t\t\t<img decoding=\"async\" src=\"https:\/\/www.divis.eu\/wp-content\/uploads\/2018\/01\/kundenlogo-emons.png\" alt=\"Emons | DIVIS-Kunde\" title=\"kundenlogo-emons\" itemprop=\"image\"  \/>\n\t\t\t\t<img decoding=\"async\" src=\"https:\/\/www.divis.eu\/wp-content\/uploads\/2018\/01\/kundenlogo-geis.png\" alt=\"Spedition Geis | DIVIS-Kunde\" title=\"kundenlogo-geis\" itemprop=\"image\"  \/>\n\t\t\t\t<img decoding=\"async\" src=\"https:\/\/www.divis.eu\/wp-content\/uploads\/2018\/01\/kundenlogo-gebrueder-weiss.png\" alt=\"Gebr\u00fcder Weiss | DIVIS-Kunde\" title=\"kundenlogo-gebrueder-weiss\" itemprop=\"image\"  \/>\n\t\t\t\t<img decoding=\"async\" src=\"https:\/\/www.divis.eu\/wp-content\/uploads\/2018\/01\/kundenlogo-tchibo.png\" alt=\"Tchibo | DIVIS-Kunde\" title=\"kundenlogo-tchibo\" itemprop=\"image\"  \/>\n\t\t\t\t<img decoding=\"async\" src=\"https:\/\/www.divis.eu\/wp-content\/uploads\/2018\/01\/kundenlogo-24plus.png\" alt=\"kundenlogo-24plus\" title=\"kundenlogo-24plus\" itemprop=\"image\"  \/>\n\n","protected":false},"excerpt":{"rendered":"<p>Procesos transparentes en la sala y en el almac\u00e9n Funcionamiento Aumentar la calidad, reducir los costes Desarrollado para la log\u00edstica de hoy y ma\u00f1ana Invierta en el futuro. Las soluciones de videovigilancia para la log\u00edstica de DIVIS crecen con sus requisitos log\u00edsticos. Nuestros sistemas son modulares y pueden adaptarse con flexibilidad a las necesidades cambiantes.&hellip;<\/p>\n","protected":false},"author":1,"featured_media":0,"parent":0,"menu_order":0,"comment_status":"closed","ping_status":"closed","template":"","meta":{"footnotes":""},"class_list":["post-24349","page","type-page","status-publish","hentry"],"yoast_head":"<!-- This site is optimized with the Yoast SEO plugin v27.5 - https:\/\/yoast.com\/product\/yoast-seo-wordpress\/ -->\n<title>Soluciones de videovigilancia para la log\u00edstica | Productos | DIVIS<\/title>\n<meta name=\"description\" content=\"DIVIS desarrolla soluciones de videovigilancia para log\u00edstica. Aqu\u00ed encontrar\u00e1 nuestros productos para la b\u00fasqueda por im\u00e1genes de mercanc\u00edas paletizadas y paquetes.\" \/>\n<meta name=\"robots\" content=\"index, follow, max-snippet:-1, max-image-preview:large, max-video-preview:-1\" \/>\n<link rel=\"canonical\" href=\"https:\/\/www.divis.eu\/es\/soluciones-de-videovigilancia-para-la-logistica-distribuidores-de-productos\/\" \/>\n<meta property=\"og:locale\" content=\"es_ES\" \/>\n<meta property=\"og:type\" content=\"article\" \/>\n<meta property=\"og:title\" content=\"Soluciones de videovigilancia para la log\u00edstica | Productos | DIVIS\" \/>\n<meta property=\"og:description\" content=\"DIVIS desarrolla soluciones de videovigilancia para log\u00edstica. Aqu\u00ed encontrar\u00e1 nuestros productos para la b\u00fasqueda por im\u00e1genes de mercanc\u00edas paletizadas y paquetes.\" \/>\n<meta property=\"og:url\" content=\"https:\/\/www.divis.eu\/es\/soluciones-de-videovigilancia-para-la-logistica-distribuidores-de-productos\/\" \/>\n<meta property=\"og:site_name\" content=\"DIVIS - The intelligent view\" \/>\n<meta property=\"article:modified_time\" content=\"2026-01-25T22:01:37+00:00\" \/>\n<meta property=\"og:image\" content=\"https:\/\/www.divis.eu\/wp-content\/uploads\/2018\/01\/logo-cargovis-gr.png\" \/>\n<meta name=\"twitter:card\" content=\"summary_large_image\" \/>\n<meta name=\"twitter:label1\" content=\"Tiempo de lectura\" \/>\n\t<meta name=\"twitter:data1\" content=\"9 minutos\" \/>\n<script type=\"application\/ld+json\" class=\"yoast-schema-graph\">{\"@context\":\"https:\\\/\\\/schema.org\",\"@graph\":[{\"@type\":\"WebPage\",\"@id\":\"https:\\\/\\\/www.divis.eu\\\/es\\\/soluciones-de-videovigilancia-para-la-logistica-distribuidores-de-productos\\\/\",\"url\":\"https:\\\/\\\/www.divis.eu\\\/es\\\/soluciones-de-videovigilancia-para-la-logistica-distribuidores-de-productos\\\/\",\"name\":\"Soluciones de videovigilancia para la log\u00edstica | Productos | DIVIS\",\"isPartOf\":{\"@id\":\"https:\\\/\\\/www.divis.eu\\\/#website\"},\"primaryImageOfPage\":{\"@id\":\"https:\\\/\\\/www.divis.eu\\\/es\\\/soluciones-de-videovigilancia-para-la-logistica-distribuidores-de-productos\\\/#primaryimage\"},\"image\":{\"@id\":\"https:\\\/\\\/www.divis.eu\\\/es\\\/soluciones-de-videovigilancia-para-la-logistica-distribuidores-de-productos\\\/#primaryimage\"},\"thumbnailUrl\":\"https:\\\/\\\/www.divis.eu\\\/wp-content\\\/uploads\\\/2018\\\/01\\\/logo-cargovis-gr.png\",\"datePublished\":\"2017-12-18T01:56:34+00:00\",\"dateModified\":\"2026-01-25T22:01:37+00:00\",\"description\":\"DIVIS desarrolla soluciones de videovigilancia para log\u00edstica. Aqu\u00ed encontrar\u00e1 nuestros productos para la b\u00fasqueda por im\u00e1genes de mercanc\u00edas paletizadas y paquetes.\",\"breadcrumb\":{\"@id\":\"https:\\\/\\\/www.divis.eu\\\/es\\\/soluciones-de-videovigilancia-para-la-logistica-distribuidores-de-productos\\\/#breadcrumb\"},\"inLanguage\":\"es\",\"potentialAction\":[{\"@type\":\"ReadAction\",\"target\":[\"https:\\\/\\\/www.divis.eu\\\/es\\\/soluciones-de-videovigilancia-para-la-logistica-distribuidores-de-productos\\\/\"]}]},{\"@type\":\"ImageObject\",\"inLanguage\":\"es\",\"@id\":\"https:\\\/\\\/www.divis.eu\\\/es\\\/soluciones-de-videovigilancia-para-la-logistica-distribuidores-de-productos\\\/#primaryimage\",\"url\":\"https:\\\/\\\/www.divis.eu\\\/wp-content\\\/uploads\\\/2018\\\/01\\\/logo-cargovis-gr.png\",\"contentUrl\":\"https:\\\/\\\/www.divis.eu\\\/wp-content\\\/uploads\\\/2018\\\/01\\\/logo-cargovis-gr.png\"},{\"@type\":\"BreadcrumbList\",\"@id\":\"https:\\\/\\\/www.divis.eu\\\/es\\\/soluciones-de-videovigilancia-para-la-logistica-distribuidores-de-productos\\\/#breadcrumb\",\"itemListElement\":[{\"@type\":\"ListItem\",\"position\":1,\"name\":\"Startseite\",\"item\":\"https:\\\/\\\/www.divis.eu\\\/es\\\/\"},{\"@type\":\"ListItem\",\"position\":2,\"name\":\"Soluciones de videovigilancia para la log\u00edstica &#8211; Distribuidores de productos\"}]},{\"@type\":\"WebSite\",\"@id\":\"https:\\\/\\\/www.divis.eu\\\/#website\",\"url\":\"https:\\\/\\\/www.divis.eu\\\/\",\"name\":\"DIVIS - The intelligent view\",\"description\":\"Videosysteml\u00f6sungen f\u00fcr Umschlags- und Warenlager\",\"potentialAction\":[{\"@type\":\"SearchAction\",\"target\":{\"@type\":\"EntryPoint\",\"urlTemplate\":\"https:\\\/\\\/www.divis.eu\\\/?s={search_term_string}\"},\"query-input\":{\"@type\":\"PropertyValueSpecification\",\"valueRequired\":true,\"valueName\":\"search_term_string\"}}],\"inLanguage\":\"es\"}]}<\/script>\n<!-- \/ Yoast SEO plugin. -->","yoast_head_json":{"title":"Soluciones de videovigilancia para la log\u00edstica | Productos | DIVIS","description":"DIVIS desarrolla soluciones de videovigilancia para log\u00edstica. Aqu\u00ed encontrar\u00e1 nuestros productos para la b\u00fasqueda por im\u00e1genes de mercanc\u00edas paletizadas y paquetes.","robots":{"index":"index","follow":"follow","max-snippet":"max-snippet:-1","max-image-preview":"max-image-preview:large","max-video-preview":"max-video-preview:-1"},"canonical":"https:\/\/www.divis.eu\/es\/soluciones-de-videovigilancia-para-la-logistica-distribuidores-de-productos\/","og_locale":"es_ES","og_type":"article","og_title":"Soluciones de videovigilancia para la log\u00edstica | Productos | DIVIS","og_description":"DIVIS desarrolla soluciones de videovigilancia para log\u00edstica. Aqu\u00ed encontrar\u00e1 nuestros productos para la b\u00fasqueda por im\u00e1genes de mercanc\u00edas paletizadas y paquetes.","og_url":"https:\/\/www.divis.eu\/es\/soluciones-de-videovigilancia-para-la-logistica-distribuidores-de-productos\/","og_site_name":"DIVIS - The intelligent view","article_modified_time":"2026-01-25T22:01:37+00:00","og_image":[{"url":"https:\/\/www.divis.eu\/wp-content\/uploads\/2018\/01\/logo-cargovis-gr.png","type":"","width":"","height":""}],"twitter_card":"summary_large_image","twitter_misc":{"Tiempo de lectura":"9 minutos"},"schema":{"@context":"https:\/\/schema.org","@graph":[{"@type":"WebPage","@id":"https:\/\/www.divis.eu\/es\/soluciones-de-videovigilancia-para-la-logistica-distribuidores-de-productos\/","url":"https:\/\/www.divis.eu\/es\/soluciones-de-videovigilancia-para-la-logistica-distribuidores-de-productos\/","name":"Soluciones de videovigilancia para la log\u00edstica | Productos | DIVIS","isPartOf":{"@id":"https:\/\/www.divis.eu\/#website"},"primaryImageOfPage":{"@id":"https:\/\/www.divis.eu\/es\/soluciones-de-videovigilancia-para-la-logistica-distribuidores-de-productos\/#primaryimage"},"image":{"@id":"https:\/\/www.divis.eu\/es\/soluciones-de-videovigilancia-para-la-logistica-distribuidores-de-productos\/#primaryimage"},"thumbnailUrl":"https:\/\/www.divis.eu\/wp-content\/uploads\/2018\/01\/logo-cargovis-gr.png","datePublished":"2017-12-18T01:56:34+00:00","dateModified":"2026-01-25T22:01:37+00:00","description":"DIVIS desarrolla soluciones de videovigilancia para log\u00edstica. Aqu\u00ed encontrar\u00e1 nuestros productos para la b\u00fasqueda por im\u00e1genes de mercanc\u00edas paletizadas y paquetes.","breadcrumb":{"@id":"https:\/\/www.divis.eu\/es\/soluciones-de-videovigilancia-para-la-logistica-distribuidores-de-productos\/#breadcrumb"},"inLanguage":"es","potentialAction":[{"@type":"ReadAction","target":["https:\/\/www.divis.eu\/es\/soluciones-de-videovigilancia-para-la-logistica-distribuidores-de-productos\/"]}]},{"@type":"ImageObject","inLanguage":"es","@id":"https:\/\/www.divis.eu\/es\/soluciones-de-videovigilancia-para-la-logistica-distribuidores-de-productos\/#primaryimage","url":"https:\/\/www.divis.eu\/wp-content\/uploads\/2018\/01\/logo-cargovis-gr.png","contentUrl":"https:\/\/www.divis.eu\/wp-content\/uploads\/2018\/01\/logo-cargovis-gr.png"},{"@type":"BreadcrumbList","@id":"https:\/\/www.divis.eu\/es\/soluciones-de-videovigilancia-para-la-logistica-distribuidores-de-productos\/#breadcrumb","itemListElement":[{"@type":"ListItem","position":1,"name":"Startseite","item":"https:\/\/www.divis.eu\/es\/"},{"@type":"ListItem","position":2,"name":"Soluciones de videovigilancia para la log\u00edstica &#8211; Distribuidores de productos"}]},{"@type":"WebSite","@id":"https:\/\/www.divis.eu\/#website","url":"https:\/\/www.divis.eu\/","name":"DIVIS - The intelligent view","description":"Videosysteml\u00f6sungen f\u00fcr Umschlags- und Warenlager","potentialAction":[{"@type":"SearchAction","target":{"@type":"EntryPoint","urlTemplate":"https:\/\/www.divis.eu\/?s={search_term_string}"},"query-input":{"@type":"PropertyValueSpecification","valueRequired":true,"valueName":"search_term_string"}}],"inLanguage":"es"}]}},"_links":{"self":[{"href":"https:\/\/www.divis.eu\/es\/wp-json\/wp\/v2\/pages\/24349","targetHints":{"allow":["GET"]}}],"collection":[{"href":"https:\/\/www.divis.eu\/es\/wp-json\/wp\/v2\/pages"}],"about":[{"href":"https:\/\/www.divis.eu\/es\/wp-json\/wp\/v2\/types\/page"}],"author":[{"embeddable":true,"href":"https:\/\/www.divis.eu\/es\/wp-json\/wp\/v2\/users\/1"}],"replies":[{"embeddable":true,"href":"https:\/\/www.divis.eu\/es\/wp-json\/wp\/v2\/comments?post=24349"}],"version-history":[{"count":0,"href":"https:\/\/www.divis.eu\/es\/wp-json\/wp\/v2\/pages\/24349\/revisions"}],"wp:attachment":[{"href":"https:\/\/www.divis.eu\/es\/wp-json\/wp\/v2\/media?parent=24349"}],"curies":[{"name":"wp","href":"https:\/\/api.w.org\/{rel}","templated":true}]}}