{"id":24370,"date":"2020-07-10T15:50:45","date_gmt":"2020-07-10T15:50:45","guid":{"rendered":"https:\/\/www.divis.eu\/module-fuer-ihr-videomanagementsystem\/"},"modified":"2026-01-27T02:37:45","modified_gmt":"2026-01-27T02:37:45","slug":"modulos-para-su-logistica-con-videovigilancia","status":"publish","type":"page","link":"https:\/\/www.divis.eu\/es\/modulos-para-su-logistica-con-videovigilancia\/","title":{"rendered":"M\u00f3dulos para su log\u00edstica con videovigilancia"},"content":{"rendered":"\n<h1>\n\t\t\tFunciones Plus<sup>+<\/sup> en la licencia b\u00e1sica\t<\/h1>\n\t<p>Optimice su log\u00edstica mediante la videovigilancia con las soluciones de sistema de DIVIS. Algunos de los siguientes m\u00f3dulos est\u00e1n disponibles para usted como cliente de <a href=\"https:\/\/www.divis.eu\/es\/software-de-gestion-de-video-cargovis-para-almacenes-de-transbordo\/\">CargoVIS<\/a> o de <a href=\"https:\/\/www.divis.eu\/es\/parcelvis-busqueda-de-paquetes-basada-en-imagenes-en-el-deposito-de-transbordo\/\">ParcelVIS<\/a> sin cargo adicional como parte de su licencia b\u00e1sica.<\/p>\n\t\t\t\t<img decoding=\"async\" src=\"https:\/\/www.divis.eu\/wp-content\/uploads\/2020\/07\/modul-motion-plus.png\" alt=\"Software-Modul Motion+ | DIVIS\" title=\"modul-motion-plus\" itemprop=\"image\"\/>\n\t\t\t<h5>CargoVIS y ParcelVIS<\/h5><h3>Motion<sup>+<\/sup><\/h3>\t\t\t\n\t\t\t\t<p>Motion<sup>+<\/sup> permite una b\u00fasqueda r\u00e1pida y espec\u00edfica incluso con mucho movimiento y productos ocultos.<\/p>\n\t\t\t<a href=\"https:\/\/www.divis.eu\/es\/modulos-para-su-logistica-con-videovigilancia-2\/#motionplus\" title=\"Click Here\" target=\"_self\"   role=\"button\" aria-label=\"M\u00e1s sobre Motion&lt;sup&gt;+&lt;\/sup&gt;\">\n\t\t\t\t\t\t\tM\u00e1s sobre Motion<sup>+<\/sup>\n\t\t<\/a>\n\t\t\t\t<img decoding=\"async\" src=\"https:\/\/www.divis.eu\/wp-content\/uploads\/2020\/07\/modul-link-plus.png\" alt=\"Software-Modul Link+ | DIVIS\" title=\"modul-link-plus\" itemprop=\"image\"\/>\n\t\t\t<h5>CargoVIS<\/h5><h3>Link<sup>+<\/sup><\/h3>\t\t\t\n\t\t\t\t<p>Con Link<sup>+<\/sup> usted tendr\u00e1 un acceso r\u00e1pido y c\u00f3modo para la b\u00fasqueda directa desde el software de transporte.<\/p>\n\t\t\t<a href=\"https:\/\/www.divis.eu\/es\/modulos-para-su-logistica-con-videovigilancia-2\/#linkplus\" title=\"Click Here\" target=\"_self\"   role=\"button\" aria-label=\"M\u00e1s informaci\u00f3n\">\n\t\t\t\t\t\t\tM\u00e1s informaci\u00f3n\n\t\t<\/a>\n<h1>\n\t\t\tFunciones opcionales Plus<sup>+<\/sup>\t<\/h1>\n\t\t\t\t<img decoding=\"async\" src=\"https:\/\/www.divis.eu\/wp-content\/uploads\/2020\/07\/modul-location-plus.png\" alt=\"Software-Modul Location+ | DIVIS\" title=\"modul-location-plus\" itemprop=\"image\"\/>\n\t\t\t<h5>CargoVIS<\/h5><h3>Location<sup>+<\/sup><\/h3>\t\t\t\n\t\t\t\t<p>Mediante la localizaci\u00f3n de esc\u00e1neres y equipos de carga en la nave, Location<sup>+<\/sup> puede determinar su posici\u00f3n exacta y permite as\u00ed una entrada de b\u00fasqueda r\u00e1pida y la mejor orientaci\u00f3n.<\/p>\n\t\t\t<a href=\"https:\/\/www.divis.eu\/es\/modulos-para-soluciones-de-videovigilancia-en-logistica\/#locationplus\" title=\"Click Here\" target=\"_self\"   role=\"button\" aria-label=\"M\u00e1s sobre Location&lt;sup&gt;+&lt;\/sup&gt;\">\n\t\t\t\t\t\t\tM\u00e1s sobre Location<sup>+<\/sup>\n\t\t<\/a>\n\t\t\t\t<img decoding=\"async\" src=\"https:\/\/www.divis.eu\/wp-content\/uploads\/2020\/07\/modul-license-plate-plus.png\" alt=\"Software-Modul License Plate+ | DIVIS\" title=\"modul-license-plate-plus\" itemprop=\"image\"\/>\n\t\t\t<h5>CargoVIS y ParcelVIS<\/h5><h3>License Plate<sup>+<\/sup><\/h3>\t\t\t\n\t\t\t\t<p>License Plate<sup>+ <\/sup>permite reconocer de forma autom\u00e1tica las matr\u00edculas de los veh\u00edculos mediante una c\u00e1mara de v\u00eddeo y simplifica la gesti\u00f3n de la entrada y del patio de su almac\u00e9n.<\/p>\n\t\t\t<a href=\"https:\/\/www.divis.eu\/es\/modulos-de-software-de-gestion-de-video-para-su-logistica\/#licenseplateplus\" title=\"Click Here\" target=\"_self\"   role=\"button\" aria-label=\"M\u00e1s sobre License Plate&lt;sup&gt;+&lt;\/sup&gt;\">\n\t\t\t\t\t\t\tM\u00e1s sobre License Plate<sup>+<\/sup>\n\t\t<\/a>\n\t\t\t\t<img decoding=\"async\" src=\"https:\/\/www.divis.eu\/wp-content\/uploads\/2021\/01\/modul-picture-plus.png\" alt=\"Softwaremodul | Picture+ | DIVIS\" title=\"modul-picture-plus\" itemprop=\"image\"\/>\n\t\t\t<h5>CargoVIS<\/h5><h3>Picture<sup>+<\/sup><\/h3>\t\t\t\n\t\t\t\t<p>Con Picture<sup>+<\/sup>, puede consultar cualquier imagen de la c\u00e1mara introduciendo un n\u00famero de env\u00edo o una marca de tiempo y un nombre de la zona y mostrarla en una aplicaci\u00f3n de terceros.<\/p>\n\t\t\t<a href=\"https:\/\/www.divis.eu\/es\/videovigilancia-del-transbordo-en-naves-con-las-soluciones-de-divis\/#pictureplus\" title=\"Click Here\" target=\"_self\"   role=\"button\" aria-label=\"M\u00e1s sobre Picture&lt;sup&gt;+&lt;\/sup&gt;\">\n\t\t\t\t\t\t\tM\u00e1s sobre Picture<sup>+<\/sup>\n\t\t<\/a>\n\t\t\t\t<img decoding=\"async\" src=\"https:\/\/www.divis.eu\/wp-content\/uploads\/2021\/01\/modul-picture-plus.png\" alt=\"Softwaremodul | Picture+ | DIVIS\" title=\"modul-picture-plus\" itemprop=\"image\"\/>\n\t\t\t<h5>CargoVIS<\/h5><h3>Picture<sup>+<\/sup><\/h3>\t\t\t\n\t\t\t\t<p>Con Picture<sup>+<\/sup>, puede consultar cualquier imagen de la c\u00e1mara introduciendo un n\u00famero de env\u00edo o una marca de tiempo y un nombre de la zona y mostrarla en una aplicaci\u00f3n de terceros.<\/p>\n\t\t\t<a href=\"https:\/\/www.divis.eu\/es\/videovigilancia-del-transbordo-en-naves-con-las-soluciones-de-divis\/#pictureplus\" title=\"Click Here\" target=\"_self\"   role=\"button\" aria-label=\"M\u00e1s sobre Picture&lt;sup&gt;+&lt;\/sup&gt;\">\n\t\t\t\t\t\t\tM\u00e1s sobre Picture<sup>+<\/sup>\n\t\t<\/a>\n\t\t\t\t<img decoding=\"async\" src=\"https:\/\/www.divis.eu\/wp-content\/uploads\/2020\/07\/modul-gate-plus.png\" alt=\"Software-Modul Gate+ | DIVIS\" title=\"modul-gate-plus\" itemprop=\"image\"\/>\n\t\t\t<h5>CargoVIS<\/h5><h3>Gate<sup>+<\/sup><\/h3>\t\t\t\n\t\t\t\t<p>Gate<sup>+ <\/sup>detecta autom\u00e1ticamente el estado de puertas y portones. De esta forma, se pueden solucionar problemas de seguridad e identificar los focos de consumo de energ\u00eda.<\/p>\n\t\t\t<a href=\"https:\/\/www.divis.eu\/es\/modulos-para-soluciones-de-videovigilancia-en-logistica\/#gateplus\" title=\"Click Here\" target=\"_self\"   role=\"button\" aria-label=\"M\u00e1s sobre Gate&lt;sup&gt;+&lt;\/sup&gt;\">\n\t\t\t\t\t\t\tM\u00e1s sobre Gate<sup>+<\/sup>\n\t\t<\/a>\n\t\t\t\t<img decoding=\"async\" src=\"https:\/\/www.divis.eu\/wp-content\/uploads\/2020\/07\/modul-gate-plus.png\" alt=\"Software-Modul Gate+ | DIVIS\" title=\"modul-gate-plus\" itemprop=\"image\"\/>\n\t\t\t<h5>CargoVIS<\/h5><h3>Gate<sup>+<\/sup><\/h3>\t\t\t\n\t\t\t\t<p>Gate<sup>+ <\/sup>detecta autom\u00e1ticamente el estado de puertas y portones. De esta forma, se pueden solucionar problemas de seguridad e identificar los focos de consumo de energ\u00eda.<\/p>\n\t\t\t<a href=\"https:\/\/www.divis.eu\/es\/modulos-para-soluciones-de-videovigilancia-en-logistica\/#gateplus\" title=\"Click Here\" target=\"_self\"   role=\"button\" aria-label=\"M\u00e1s sobre Gate&lt;sup&gt;+&lt;\/sup&gt;\">\n\t\t\t\t\t\t\tM\u00e1s sobre Gate<sup>+<\/sup>\n\t\t<\/a>\n\t\t\t\t<img decoding=\"async\" src=\"https:\/\/www.divis.eu\/wp-content\/uploads\/2020\/07\/modul-scale-plus.png\" alt=\"Software-Modul Scale+ | DIVIS\" title=\"modul-scale-plus\" itemprop=\"image\"\/>\n\t\t\t<h5>CargoVIS<\/h5><h3>Scale<sup>+<\/sup><\/h3>\t\t\t\n\t\t\t\t<p>Scale<sup>+ <\/sup>permite controlar el volumen de los env\u00edos mediante software sin interrumpir el proceso de carga.<\/p>\n\t\t\t<a href=\"https:\/\/www.divis.eu\/es\/videovigilancia-del-transbordo-en-naves-con-las-soluciones-de-divis\/#scaleplus\" title=\"Click Here\" target=\"_self\"   role=\"button\" aria-label=\"M\u00e1s sobre Scale&lt;sup&gt;+&lt;\/sup&gt;\">\n\t\t\t\t\t\t\tM\u00e1s sobre Scale<sup>+<\/sup>\n\t\t<\/a>\n\t\t\t\t<img decoding=\"async\" src=\"https:\/\/www.divis.eu\/wp-content\/uploads\/2020\/07\/modul-motion-alarm-plus.png\" alt=\"Software-Modul Motion Alarm+ | DIVIS\" title=\"modul-motion-alarm-plus\" itemprop=\"image\"\/>\n\t\t\t<h5>CargoVIS y ParcelVIS<\/h5><h3>Motion Alarm<sup>+<\/sup><\/h3>\t\t\t\n\t\t\t\t<p>Con Motion Alarm<sup>+<\/sup> puede aumentar la seguridad de su nave log\u00edstica y de todas las instalaciones de su empresa.<\/p>\n\t\t\t<a href=\"https:\/\/www.divis.eu\/es\/modulos-de-software-de-gestion-de-video-para-su-logistica\/#motionalarm\" title=\"Click Here\" target=\"_self\"   role=\"button\" aria-label=\"M\u00e1s sobre Motion Alarm&lt;sup&gt;+&lt;\/sup&gt;\">\n\t\t\t\t\t\t\tM\u00e1s sobre Motion Alarm<sup>+<\/sup>\n\t\t<\/a>\n\t\t\t\t<img decoding=\"async\" src=\"https:\/\/www.divis.eu\/wp-content\/uploads\/2020\/07\/modul-text-plus.png\" alt=\"Software-Modul Text+ | DIVIS\" title=\"modul-text-plus\" itemprop=\"image\"\/>\n\t\t\t<h5>CargoVIS y ParcelVIS<\/h5><h3>Text<sup>+<\/sup><\/h3>\t\t\t\n\t\t\t\t<p>Text<sup>+ <\/sup>puede colocar tantas observaciones como necesite para facilitar la orientaci\u00f3n con informaci\u00f3n adicional personalizada.<\/p>\n\t\t\t<a href=\"https:\/\/www.divis.eu\/es\/modulos-de-software-de-gestion-de-video-para-su-logistica\/#textplus\" title=\"Click Here\" target=\"_self\"   role=\"button\" aria-label=\"M\u00e1s sobre Text&lt;sup&gt;+&lt;\/sup&gt;\">\n\t\t\t\t\t\t\tM\u00e1s sobre Text<sup>+<\/sup>\n\t\t<\/a>\n\t\t\t\t<img decoding=\"async\" src=\"https:\/\/www.divis.eu\/wp-content\/uploads\/2020\/07\/modul-pixel-plus-1.png\" alt=\"\" title=\"\" itemprop=\"image\"\/>\n\t\t\t<h5>CargoVIS y ParcelVIS<\/h5><h3>Pixel<sup>+<\/sup><\/h3>\t\t\t\n\t\t\t\t<p>Con Pixel<sup>+<\/sup> puede cumplir sin problemas con los requisitos de protecci\u00f3n de datos de sus videos.<\/p>\n\t\t\t<a href=\"https:\/\/www.divis.eu\/es\/modulos-de-software-de-gestion-de-video-para-su-logistica\/#pixelplus\" title=\"Click Here\" target=\"_self\"   role=\"button\" aria-label=\"M\u00e1s sobre Pixel&lt;sup&gt;+&lt;\/sup&gt;\">\n\t\t\t\t\t\t\tM\u00e1s sobre Pixel<sup>+<\/sup>\n\t\t<\/a>\n<h2  id=\"loesungen\">\n\t\t\tNuestras soluciones de software\t<\/h2>\n\t\t\t\t<img decoding=\"async\" src=\"https:\/\/www.divis.eu\/wp-content\/uploads\/2018\/01\/logo-cargovis-gr.png\" alt=\"logo-cargovis-gr\" title=\"logo-cargovis-gr\" itemprop=\"image\"\/>\n\t\t<h3>Env\u00edos paletizados siempre a la vista con CargoVIS<\/h3>\t\t\t\n\t\t\t\t<p>Con nuestro software de gesti\u00f3n de v\u00eddeo para almacenes de transbordo, CargoVIS, le ofrecemos una soluci\u00f3n de sistema completa y f\u00e1cil de usar a fin de realizar la b\u00fasqueda y el seguimiento de env\u00edos paletizados mediante im\u00e1genes.<\/p>\n\t\t\t<a href=\"#\" title=\"Click Here\" target=\"_self\"   role=\"button\" aria-label=\"M\u00e1s acerca de CargoVIS\">\n\t\t\t\t\t\t\tM\u00e1s acerca de CargoVIS\n\t\t<\/a>\n\t\t\t\t<img decoding=\"async\" src=\"https:\/\/www.divis.eu\/wp-content\/uploads\/2018\/01\/logo-parcelvis-gr.png\" alt=\"\" title=\"\" itemprop=\"image\"\/>\n\t\t<h3>ParcelVIS para dep\u00f3sitos de transbordo y proveedores de servicios CEP<\/h3>\t\t\t\n<p>Ahorre tiempo y dinero y deje que ParcelVIS trabaje eficazmente para usted en la b\u00fasqueda de env\u00edos por im\u00e1genes en el dep\u00f3sito de transbordo: la introducci\u00f3n del n\u00famero de etiqueta del paquete es la clave para obtener toda la informaci\u00f3n sobre el paradero y el estado de un env\u00edo para todos los eventos de escaneo que se hayan realizado.<\/p>\n\t\t\t<a href=\"#\" title=\"Click Here\" target=\"_self\"   role=\"button\" aria-label=\"M\u00e1s acerca de ParcelVIS\">\n\t\t\t\t\t\t\tM\u00e1s acerca de ParcelVIS\n\t\t<\/a>\n\t\t\t\t<img decoding=\"async\" src=\"https:\/\/www.divis.eu\/wp-content\/uploads\/2018\/01\/logo-van-duuren-weiss.png\" alt=\"logo-van-duuren-weiss\" title=\"logo-van-duuren-weiss\" itemprop=\"image\"\/>\n\t\t\t\t\t\t\t\t<h3 class='uabb-testimonial-author-name testimonial-author-name'>Van Duuren<\/h3>\t\t\t\t\t\t\t\t\n\t\t\t\t\t\t\t\t\tPa\u00edses Bajos\t\t\t\t\t\t\t\t\n\t\t\t\t\t\t\t<blockquote><p>\u00abCargoVIS funciona perfectamente, todo el mundo est\u00e1 acostumbrado a \u00e9l y ya no podemos vivir sin \u00e9l.\u00bb<\/p><\/blockquote>\t\t\t\t\t\t\n\t\t\t\t<img decoding=\"async\" src=\"https:\/\/www.divis.eu\/wp-content\/uploads\/2018\/01\/logo-tsb.png\" alt=\"logo-tsb\" title=\"logo-tsb\" itemprop=\"image\"\/>\n\t\t\t\t\t\t\t\t<h3 class='uabb-testimonial-author-name testimonial-author-name'>TSBtrans<\/h3>\t\t\t\t\t\t\t\t\n\t\t\t\t\t\t\t\t\tEspa\u00f1a\t\t\t\t\t\t\t\t\n\t\t\t\t\t\t\t<blockquote><p>\u00abCargoVIS es totalmente confiable y gracias a sus capacidades de seguimiento, la inversi\u00f3n de TSB se ha amortizado en menos de un a\u00f1o al poder encontrar los pal\u00e9s &#8216;desaparecidos&#8217; e identificar las fuentes de da\u00f1os\u00bb.<\/p><\/blockquote>\t\t\t\t\t\t\n\t\t\t\t<img decoding=\"async\" src=\"https:\/\/www.divis.eu\/wp-content\/uploads\/2018\/01\/logo-lagermax.png\" alt=\"logo-lagermax\" title=\"logo-lagermax\" itemprop=\"image\"\/>\n\t\t\t\t\t\t\t\t<h3 class='uabb-testimonial-author-name testimonial-author-name'>Lagermax Paketdienst GmbH &amp; Co KG<\/h3>\t\t\t\t\t\t\t\t\n\t\t\t\t\t\t\t\t\tAustria\t\t\t\t\t\t\t\t\n\t\t\t\t\t\t\t<blockquote><p>\u00abLlevamos 5 a\u00f1os usando ParcelVIS de DIVIS y nunca hemos tenido ning\u00fan problema\u00bb.<\/p><\/blockquote>\t\t\t\t\t\t\n\t\t\t\t<img decoding=\"async\" src=\"https:\/\/www.divis.eu\/wp-content\/uploads\/2018\/01\/logo-voigt-invers.png\" alt=\"logo-voigt-invers\" title=\"logo-voigt-invers\" itemprop=\"image\"\/>\n\t\t\t\t\t\t\t\t<h3 class='uabb-testimonial-author-name testimonial-author-name'>Herbert Voigt GmbH &amp; Co. KG<\/h3>\t\t\t\t\t\t\t\t\n\t\t\t\t\t\t\t\t\tAlemania\t\t\t\t\t\t\t\t\n\t\t\t\t\t\t\t<blockquote><p>\u00abEn DIVIS encontramos un socio competente que siempre tiene una soluci\u00f3n especial para cada una de nuestras ideas\u00bb.<\/p><\/blockquote>\t\t\t\t\t\t\n\t\t\t\t<img decoding=\"async\" src=\"https:\/\/www.divis.eu\/wp-content\/uploads\/2018\/01\/logo-schmalz-schoen.png\" alt=\"logo-schmalz-schoen\" title=\"logo-schmalz-schoen\" itemprop=\"image\"\/>\n\t\t\t\t\t\t\t\t<h3 class='uabb-testimonial-author-name testimonial-author-name'>SCHMALZ+SCH\u00d6N Logistics GmbH<\/h3>\t\t\t\t\t\t\t\t\n\t\t\t\t\t\t\t\t\tAlemania\t\t\t\t\t\t\t\t\n\t\t\t\t\t\t\t<blockquote><p>\u00abLa soluci\u00f3n perfecta incluso en \u00e1reas de transbordo heterog\u00e9neas: la videovigilancia de DIVIS, atenta a cada paquete\u00bb.<\/p><\/blockquote>\t\t\t\t\t\t\n\t\t\t<a href=\"https:\/\/www.divis.eu\/es\/referencias-y-casos-practicos-seguimiento-del-envio-en-el-almacen\/\" title=\"Click Here\" target=\"_self\"   role=\"button\" aria-label=\"A los Casos pr\u00e1cticos\">\n\t\t\t\t\t\t\tA los Casos pr\u00e1cticos\n\t\t<\/a>\n\t\t\t\t<img decoding=\"async\" src=\"https:\/\/www.divis.eu\/wp-content\/uploads\/2018\/01\/hendrik-reger-1.png\" alt=\"Hendrik Reger | DIVIS | Videol\u00f6sungen f\u00fcr die Logistik\" itemprop=\"image\" height=\"385\" width=\"300\" title=\"hendrik-reger\" onerror=\"this.style.display='none'\" loading='lazy' \/>\n\t<em><strong>Hendrik Reger<\/strong><br \/>\nDirector General<br \/>\n<\/em>\n\t<p>\u00bfTiene alguna pregunta?<\/p>\n\t<p>Aqu\u00ed tenemos respuestas<\/p>\n\t<p>Nuestro equipo estar\u00e1 encantado de responder a sus consultas sobre nuestros productos y de asesorarle de forma gratuita y sin compromiso.<\/p>\n\t\t\t<a href=\"https:\/\/www.divis.eu\/es\/pongase-en-contacto-con-divis-el-proveedor-de-servicios-de-seguimiento-y-localizacion-por-camara\/\" title=\"Click Here\" target=\"_self\"   role=\"button\" aria-label=\"Contactar a DIVIS\">\n\t\t\t\t\t\t\tContactar a DIVIS\n\t\t<\/a>\n\t\t\t\t<img decoding=\"async\" src=\"https:\/\/www.divis.eu\/wp-content\/uploads\/2018\/01\/kundenlogo-CTL-1.png\" alt=\"CTL | DIVIS Kunde\" title=\"kundenlogo-CTL\" itemprop=\"image\"  \/>\n\t\t\t\t<img decoding=\"async\" src=\"https:\/\/www.divis.eu\/wp-content\/uploads\/2018\/01\/kundenlogo-dpd.png\" alt=\"kundenlogo-dpd\" title=\"kundenlogo-dpd\" itemprop=\"image\"  \/>\n\t\t\t\t<img decoding=\"async\" src=\"https:\/\/www.divis.eu\/wp-content\/uploads\/2018\/01\/kundenlogo-online.png\" alt=\"kundenlogo-online\" title=\"kundenlogo-online\" itemprop=\"image\"  \/>\n\t\t\t\t<img decoding=\"async\" src=\"https:\/\/www.divis.eu\/wp-content\/uploads\/2018\/01\/kundenlogo-rhenus.png\" alt=\"Rhenus Logistics | DIVIS-Kunde\" title=\"kundenlogo-rhenus\" itemprop=\"image\"  \/>\n\t\t\t\t<img decoding=\"async\" src=\"https:\/\/www.divis.eu\/wp-content\/uploads\/2018\/01\/kundenlogo-tsb.png\" alt=\"kundenlogo-tsb\" title=\"kundenlogo-tsb\" itemprop=\"image\"  \/>\n\t\t\t\t<img decoding=\"async\" src=\"https:\/\/www.divis.eu\/wp-content\/uploads\/2018\/01\/logo-van-duuren-mono-2.png\" alt=\"logo-van-duuren-mono\" title=\"logo-van-duuren-mono\" itemprop=\"image\"  \/>\n\t\t\t\t<img decoding=\"async\" src=\"https:\/\/www.divis.eu\/wp-content\/uploads\/2018\/01\/kundenlogo-transoflex-3.png\" alt=\"kundenlogo-transoflex\" title=\"kundenlogo-transoflex\" itemprop=\"image\"  \/>\n\t\t\t\t<img decoding=\"async\" src=\"https:\/\/www.divis.eu\/wp-content\/uploads\/2018\/01\/kundenlogo-emons.png\" alt=\"Emons | DIVIS-Kunde\" title=\"kundenlogo-emons\" itemprop=\"image\"  \/>\n\t\t\t\t<img decoding=\"async\" src=\"https:\/\/www.divis.eu\/wp-content\/uploads\/2018\/01\/kundenlogo-geis.png\" alt=\"Spedition Geis | DIVIS-Kunde\" title=\"kundenlogo-geis\" itemprop=\"image\"  \/>\n\t\t\t\t<img decoding=\"async\" src=\"https:\/\/www.divis.eu\/wp-content\/uploads\/2018\/01\/kundenlogo-gebrueder-weiss.png\" alt=\"Gebr\u00fcder Weiss | DIVIS-Kunde\" title=\"kundenlogo-gebrueder-weiss\" itemprop=\"image\"  \/>\n\t\t\t\t<img decoding=\"async\" src=\"https:\/\/www.divis.eu\/wp-content\/uploads\/2018\/01\/kundenlogo-tchibo.png\" alt=\"Tchibo | DIVIS-Kunde\" title=\"kundenlogo-tchibo\" itemprop=\"image\"  \/>\n\t\t\t\t<img decoding=\"async\" src=\"https:\/\/www.divis.eu\/wp-content\/uploads\/2018\/01\/kundenlogo-24plus.png\" alt=\"kundenlogo-24plus\" title=\"kundenlogo-24plus\" itemprop=\"image\"  \/>\n\n","protected":false},"excerpt":{"rendered":"<p>Funciones Plus+ en la licencia b\u00e1sica Optimice su log\u00edstica mediante la videovigilancia con las soluciones de sistema de DIVIS. Algunos de los siguientes m\u00f3dulos est\u00e1n disponibles para usted como cliente de CargoVIS o de ParcelVIS sin cargo adicional como parte de su licencia b\u00e1sica. CargoVIS y ParcelVIS Motion+ Motion+ permite una b\u00fasqueda r\u00e1pida y espec\u00edfica&hellip;<\/p>\n","protected":false},"author":1,"featured_media":0,"parent":0,"menu_order":0,"comment_status":"closed","ping_status":"closed","template":"","meta":{"footnotes":""},"class_list":["post-24370","page","type-page","status-publish","hentry"],"yoast_head":"<!-- This site is optimized with the Yoast SEO plugin v27.4 - https:\/\/yoast.com\/product\/yoast-seo-wordpress\/ -->\n<title>Funciones Plus para su log\u00edstica con videovigilancia | Software DIVIS<\/title>\n<meta name=\"description\" content=\"Con nuestras funciones Plus para su log\u00edstica con videovigilancia, le ofrecemos numerosas extensiones \u00fatiles para adaptar nuestro software a sus necesidades | DIVIS\" \/>\n<meta name=\"robots\" content=\"index, follow, max-snippet:-1, max-image-preview:large, max-video-preview:-1\" \/>\n<link rel=\"canonical\" href=\"https:\/\/www.divis.eu\/es\/modulos-para-su-logistica-con-videovigilancia\/\" \/>\n<meta property=\"og:locale\" content=\"es_ES\" \/>\n<meta property=\"og:type\" content=\"article\" \/>\n<meta property=\"og:title\" content=\"Funciones Plus para su log\u00edstica con videovigilancia | Software DIVIS\" \/>\n<meta property=\"og:description\" content=\"Con nuestras funciones Plus para su log\u00edstica con videovigilancia, le ofrecemos numerosas extensiones \u00fatiles para adaptar nuestro software a sus necesidades | DIVIS\" \/>\n<meta property=\"og:url\" content=\"https:\/\/www.divis.eu\/es\/modulos-para-su-logistica-con-videovigilancia\/\" \/>\n<meta property=\"og:site_name\" content=\"DIVIS - The intelligent view\" \/>\n<meta property=\"article:modified_time\" content=\"2026-01-27T02:37:45+00:00\" \/>\n<meta property=\"og:image\" content=\"https:\/\/www.divis.eu\/wp-content\/uploads\/2020\/07\/modul-motion-plus.png\" \/>\n<meta name=\"twitter:card\" content=\"summary_large_image\" \/>\n<meta name=\"twitter:label1\" content=\"Tiempo de lectura\" \/>\n\t<meta name=\"twitter:data1\" content=\"7 minutos\" \/>\n<script type=\"application\/ld+json\" class=\"yoast-schema-graph\">{\"@context\":\"https:\\\/\\\/schema.org\",\"@graph\":[{\"@type\":\"WebPage\",\"@id\":\"https:\\\/\\\/www.divis.eu\\\/es\\\/modulos-para-su-logistica-con-videovigilancia\\\/\",\"url\":\"https:\\\/\\\/www.divis.eu\\\/es\\\/modulos-para-su-logistica-con-videovigilancia\\\/\",\"name\":\"Funciones Plus para su log\u00edstica con videovigilancia | Software DIVIS\",\"isPartOf\":{\"@id\":\"https:\\\/\\\/www.divis.eu\\\/#website\"},\"primaryImageOfPage\":{\"@id\":\"https:\\\/\\\/www.divis.eu\\\/es\\\/modulos-para-su-logistica-con-videovigilancia\\\/#primaryimage\"},\"image\":{\"@id\":\"https:\\\/\\\/www.divis.eu\\\/es\\\/modulos-para-su-logistica-con-videovigilancia\\\/#primaryimage\"},\"thumbnailUrl\":\"https:\\\/\\\/www.divis.eu\\\/wp-content\\\/uploads\\\/2020\\\/07\\\/modul-motion-plus.png\",\"datePublished\":\"2020-07-10T15:50:45+00:00\",\"dateModified\":\"2026-01-27T02:37:45+00:00\",\"description\":\"Con nuestras funciones Plus para su log\u00edstica con videovigilancia, le ofrecemos numerosas extensiones \u00fatiles para adaptar nuestro software a sus necesidades | DIVIS\",\"breadcrumb\":{\"@id\":\"https:\\\/\\\/www.divis.eu\\\/es\\\/modulos-para-su-logistica-con-videovigilancia\\\/#breadcrumb\"},\"inLanguage\":\"es\",\"potentialAction\":[{\"@type\":\"ReadAction\",\"target\":[\"https:\\\/\\\/www.divis.eu\\\/es\\\/modulos-para-su-logistica-con-videovigilancia\\\/\"]}]},{\"@type\":\"ImageObject\",\"inLanguage\":\"es\",\"@id\":\"https:\\\/\\\/www.divis.eu\\\/es\\\/modulos-para-su-logistica-con-videovigilancia\\\/#primaryimage\",\"url\":\"https:\\\/\\\/www.divis.eu\\\/wp-content\\\/uploads\\\/2020\\\/07\\\/modul-motion-plus.png\",\"contentUrl\":\"https:\\\/\\\/www.divis.eu\\\/wp-content\\\/uploads\\\/2020\\\/07\\\/modul-motion-plus.png\"},{\"@type\":\"BreadcrumbList\",\"@id\":\"https:\\\/\\\/www.divis.eu\\\/es\\\/modulos-para-su-logistica-con-videovigilancia\\\/#breadcrumb\",\"itemListElement\":[{\"@type\":\"ListItem\",\"position\":1,\"name\":\"Startseite\",\"item\":\"https:\\\/\\\/www.divis.eu\\\/es\\\/\"},{\"@type\":\"ListItem\",\"position\":2,\"name\":\"M\u00f3dulos para su log\u00edstica con videovigilancia\"}]},{\"@type\":\"WebSite\",\"@id\":\"https:\\\/\\\/www.divis.eu\\\/#website\",\"url\":\"https:\\\/\\\/www.divis.eu\\\/\",\"name\":\"DIVIS - The intelligent view\",\"description\":\"Videosysteml\u00f6sungen f\u00fcr Umschlags- und Warenlager\",\"potentialAction\":[{\"@type\":\"SearchAction\",\"target\":{\"@type\":\"EntryPoint\",\"urlTemplate\":\"https:\\\/\\\/www.divis.eu\\\/?s={search_term_string}\"},\"query-input\":{\"@type\":\"PropertyValueSpecification\",\"valueRequired\":true,\"valueName\":\"search_term_string\"}}],\"inLanguage\":\"es\"}]}<\/script>\n<!-- \/ Yoast SEO plugin. -->","yoast_head_json":{"title":"Funciones Plus para su log\u00edstica con videovigilancia | Software DIVIS","description":"Con nuestras funciones Plus para su log\u00edstica con videovigilancia, le ofrecemos numerosas extensiones \u00fatiles para adaptar nuestro software a sus necesidades | DIVIS","robots":{"index":"index","follow":"follow","max-snippet":"max-snippet:-1","max-image-preview":"max-image-preview:large","max-video-preview":"max-video-preview:-1"},"canonical":"https:\/\/www.divis.eu\/es\/modulos-para-su-logistica-con-videovigilancia\/","og_locale":"es_ES","og_type":"article","og_title":"Funciones Plus para su log\u00edstica con videovigilancia | Software DIVIS","og_description":"Con nuestras funciones Plus para su log\u00edstica con videovigilancia, le ofrecemos numerosas extensiones \u00fatiles para adaptar nuestro software a sus necesidades | DIVIS","og_url":"https:\/\/www.divis.eu\/es\/modulos-para-su-logistica-con-videovigilancia\/","og_site_name":"DIVIS - The intelligent view","article_modified_time":"2026-01-27T02:37:45+00:00","og_image":[{"url":"https:\/\/www.divis.eu\/wp-content\/uploads\/2020\/07\/modul-motion-plus.png","type":"","width":"","height":""}],"twitter_card":"summary_large_image","twitter_misc":{"Tiempo de lectura":"7 minutos"},"schema":{"@context":"https:\/\/schema.org","@graph":[{"@type":"WebPage","@id":"https:\/\/www.divis.eu\/es\/modulos-para-su-logistica-con-videovigilancia\/","url":"https:\/\/www.divis.eu\/es\/modulos-para-su-logistica-con-videovigilancia\/","name":"Funciones Plus para su log\u00edstica con videovigilancia | Software DIVIS","isPartOf":{"@id":"https:\/\/www.divis.eu\/#website"},"primaryImageOfPage":{"@id":"https:\/\/www.divis.eu\/es\/modulos-para-su-logistica-con-videovigilancia\/#primaryimage"},"image":{"@id":"https:\/\/www.divis.eu\/es\/modulos-para-su-logistica-con-videovigilancia\/#primaryimage"},"thumbnailUrl":"https:\/\/www.divis.eu\/wp-content\/uploads\/2020\/07\/modul-motion-plus.png","datePublished":"2020-07-10T15:50:45+00:00","dateModified":"2026-01-27T02:37:45+00:00","description":"Con nuestras funciones Plus para su log\u00edstica con videovigilancia, le ofrecemos numerosas extensiones \u00fatiles para adaptar nuestro software a sus necesidades | DIVIS","breadcrumb":{"@id":"https:\/\/www.divis.eu\/es\/modulos-para-su-logistica-con-videovigilancia\/#breadcrumb"},"inLanguage":"es","potentialAction":[{"@type":"ReadAction","target":["https:\/\/www.divis.eu\/es\/modulos-para-su-logistica-con-videovigilancia\/"]}]},{"@type":"ImageObject","inLanguage":"es","@id":"https:\/\/www.divis.eu\/es\/modulos-para-su-logistica-con-videovigilancia\/#primaryimage","url":"https:\/\/www.divis.eu\/wp-content\/uploads\/2020\/07\/modul-motion-plus.png","contentUrl":"https:\/\/www.divis.eu\/wp-content\/uploads\/2020\/07\/modul-motion-plus.png"},{"@type":"BreadcrumbList","@id":"https:\/\/www.divis.eu\/es\/modulos-para-su-logistica-con-videovigilancia\/#breadcrumb","itemListElement":[{"@type":"ListItem","position":1,"name":"Startseite","item":"https:\/\/www.divis.eu\/es\/"},{"@type":"ListItem","position":2,"name":"M\u00f3dulos para su log\u00edstica con videovigilancia"}]},{"@type":"WebSite","@id":"https:\/\/www.divis.eu\/#website","url":"https:\/\/www.divis.eu\/","name":"DIVIS - The intelligent view","description":"Videosysteml\u00f6sungen f\u00fcr Umschlags- und Warenlager","potentialAction":[{"@type":"SearchAction","target":{"@type":"EntryPoint","urlTemplate":"https:\/\/www.divis.eu\/?s={search_term_string}"},"query-input":{"@type":"PropertyValueSpecification","valueRequired":true,"valueName":"search_term_string"}}],"inLanguage":"es"}]}},"_links":{"self":[{"href":"https:\/\/www.divis.eu\/es\/wp-json\/wp\/v2\/pages\/24370","targetHints":{"allow":["GET"]}}],"collection":[{"href":"https:\/\/www.divis.eu\/es\/wp-json\/wp\/v2\/pages"}],"about":[{"href":"https:\/\/www.divis.eu\/es\/wp-json\/wp\/v2\/types\/page"}],"author":[{"embeddable":true,"href":"https:\/\/www.divis.eu\/es\/wp-json\/wp\/v2\/users\/1"}],"replies":[{"embeddable":true,"href":"https:\/\/www.divis.eu\/es\/wp-json\/wp\/v2\/comments?post=24370"}],"version-history":[{"count":0,"href":"https:\/\/www.divis.eu\/es\/wp-json\/wp\/v2\/pages\/24370\/revisions"}],"wp:attachment":[{"href":"https:\/\/www.divis.eu\/es\/wp-json\/wp\/v2\/media?parent=24370"}],"curies":[{"name":"wp","href":"https:\/\/api.w.org\/{rel}","templated":true}]}}