{"id":24501,"date":"2018-02-08T19:27:23","date_gmt":"2018-02-08T19:27:23","guid":{"rendered":"https:\/\/www.divis.eu\/module-logistik-videoueberwachung\/"},"modified":"2022-01-12T23:28:49","modified_gmt":"2022-01-12T23:28:49","slug":"modulos-para-su-logistica-con-videovigilancia-2","status":"publish","type":"page","link":"https:\/\/www.divis.eu\/es\/modulos-para-su-logistica-con-videovigilancia-2\/","title":{"rendered":"M\u00f3dulos para su log\u00edstica con videovigilancia"},"content":{"rendered":"\n<h1>\n\t\tCargoVIS y ParcelVIS\n\t<\/h1>\n<h1>\n\t\tFunciones Plus<sup>+<\/sup> en la licencia b\u00e1sica\n\t<\/h1>\n\t<p>Optimice su log\u00edstica mediante la videovigilancia con las soluciones de sistema de DIVIS. Algunos de los siguientes m\u00f3dulos est\u00e1n disponibles para usted como cliente de CargoVIS o de ParcelVIS sin cargo adicional como parte de su licencia b\u00e1sica.<\/p>\n\t\t\t\t<img decoding=\"async\" src=\"https:\/\/www.divis.eu\/wp-content\/uploads\/2020\/07\/modul-motion-plus.png\" alt=\"Software-Modul Motion+ | DIVIS\" title=\"modul-motion-plus\" itemprop=\"image\"\/>\n\t\t<h4>Funci\u00f3n Plus<sup>+<\/sup> en CargoVIS y ParcelVIS con la licencia b\u00e1sica<\/h4><h3>Motion<sup>+<\/sup><\/h3>\t\t\t\n\t<h3>B\u00fasqueda dirigida tambi\u00e9n en \u00e1reas con mucho movimiento<\/h3>\nBasta con mirar las im\u00e1genes realmente importantes y evitar las largas \u00absecuencias de im\u00e1genes en reposo\u00bb.<br \/>\nMotion<sup>+ <\/sup> permite una b\u00fasqueda r\u00e1pida y espec\u00edfica incluso en secciones de im\u00e1genes de gran angular con mucho movimiento. Durante la reproducci\u00f3n y gracias a un proceso especial, los datos de la imagen est\u00e1n disponibles inmediatamente.<br \/>\nEn una cuadr\u00edcula predefinida, se seleccionan uno o varios eventos que se desean buscar. Utilice la rueda del rat\u00f3n para desplazarse r\u00e1pidamente entre los eventos particulares.\n\t\t\t\t<img decoding=\"async\" src=\"https:\/\/www.divis.eu\/wp-content\/uploads\/2022\/01\/motion-plus-grafik-es.png\" alt=\"motion-plus-grafik-es\" title=\"motion-plus-grafik-es\" itemprop=\"image\"  \/>\n\tLog\u00edstica eficaz con videovigilancia: Motion<sup>+ <\/sup> permite incluso buscar env\u00edos que est\u00e1n ocultos por otras mercanc\u00edas.<br \/>\nCuando se busca en zonas con movimientos fluctuantes, por ejemplo en las puertas durante la carga y descarga, Motion<sup>+ <\/sup> muestra solo las zonas relevantes en las que hay actividad. Por el contrario, Motion<sup>+ <\/sup> para el seguimiento de env\u00edos basado en im\u00e1genes permite una b\u00fasqueda espec\u00edfica y r\u00e1pida, incluso cuando la imagen de la c\u00e1mara est\u00e1 en constante movimiento.\n\t\t\t<a href=\"https:\/\/www.divis.eu\/es\/video-del-producto-de-seguimiento-de-envios-mediante-imagenes-motion-plus\/\" target=\"_self\" role=\"button\" aria-label=\"V\u00eddeo del producto Motion&lt;sup&gt;+&lt;\/sup&gt;\" rel=\"noopener\">\n\t\t\t\t\t\t\tV\u00eddeo del producto Motion<sup>+<\/sup>\n\t\t<\/a>\n\t\t\t\t<img decoding=\"async\" src=\"https:\/\/www.divis.eu\/wp-content\/uploads\/2020\/07\/modul-link-plus.png\" alt=\"Software-Modul Link+ | DIVIS\" title=\"modul-link-plus\" itemprop=\"image\"\/>\n\t\t<h4>Funci\u00f3n Plus<sup>+<\/sup> en la licencia b\u00e1sica CargoVIS<\/h4><h3>Link<sup>+<\/sup><\/h3>\t\t\t\n\t<h3>Comience la b\u00fasqueda desde su software de transporte con un clic<\/h3>\n<p>Comience su b\u00fasqueda de forma m\u00e1s r\u00e1pida y c\u00f3moda con el inicio r\u00e1pido desde el software de transporte con un solo clic. El m\u00f3dulo Link<sup>+<\/sup> se encarga de que los datos del env\u00edo para la b\u00fasqueda de CargoVIS se transfieran autom\u00e1ticamente desde el software de transporte. Nuestro m\u00f3dulo funciona con diferentes productos de software (por ejemplo, el software de transporte de active logistics).<\/p>\n\t<p><img decoding=\"async\" src=\"https:\/\/www.divis.eu\/wp-content\/uploads\/2021\/12\/link-plus-es.png\" alt=\"DIVIS-Software | Module | Mehrwert f\u00fcr Ihre Logistik mit Video\u00fcberwachung\" width=\"482\" height=\"160\" \/><\/p>\n\u00bfLe gustar\u00eda saber si Link<sup>+<\/sup> funciona tambi\u00e9n en su sistema?<br \/>\n<a href=\"#kontakt\">No dude en ponerse en contacto con nosotros.<\/a>\n\t\t\t<a href=\"https:\/\/www.divis.eu\/es\/modulos-de-software-de-gestion-de-video-para-su-logistica\/\" target=\"_self\" role=\"button\" aria-label=\"M\u00f3dulos opcionales\" rel=\"noopener\">\n\t\t\t\t\t\t\tM\u00f3dulos opcionales\n\t\t<\/a>\n<h2>\n\t\tNuestras soluciones de software\n\t<\/h2>\n\t\t\t\t<img decoding=\"async\" src=\"https:\/\/www.divis.eu\/wp-content\/uploads\/2018\/01\/logo-cargovis-gr.png\" alt=\"logo-cargovis-gr\" title=\"logo-cargovis-gr\" itemprop=\"image\"\/>\n\t\t<h3>Env\u00edos paletizados siempre a la vista con CargoVIS<\/h3>\t\t\t\n\t\t\t\t<p>Con nuestro software de gesti\u00f3n de v\u00eddeo para almacenes de transbordo, CargoVIS, le ofrecemos una soluci\u00f3n de sistema completa y f\u00e1cil de usar a fin de realizar la b\u00fasqueda y el seguimiento de env\u00edos paletizados mediante im\u00e1genes.<\/p>\n\t\t\t<a href=\"#\" target=\"_self\" role=\"button\" aria-label=\"M\u00e1s acerca de CargoVIS\" rel=\"noopener\">\n\t\t\t\t\t\t\tM\u00e1s acerca de CargoVIS\n\t\t<\/a>\n\t\t\t\t<img decoding=\"async\" src=\"https:\/\/www.divis.eu\/wp-content\/uploads\/2018\/01\/logo-parcelvis-gr.png\" alt=\"\" title=\"\" itemprop=\"image\"\/>\n\t\t<h3>ParcelVIS para dep\u00f3sitos de transbordo y proveedores de servicios CEP<\/h3>\t\t\t\n<p>Ahorre tiempo y dinero y deje que ParcelVIS trabaje eficazmente para usted en la b\u00fasqueda de env\u00edos por im\u00e1genes en el dep\u00f3sito de transbordo: la introducci\u00f3n del n\u00famero de etiqueta del paquete es la clave para obtener toda la informaci\u00f3n sobre el paradero y el estado de un env\u00edo para todos los eventos de escaneo que se hayan realizado.<\/p>\n\t\t\t<a href=\"#\" target=\"_self\" role=\"button\" aria-label=\"M\u00e1s acerca de ParcelVIS\" rel=\"noopener\">\n\t\t\t\t\t\t\tM\u00e1s acerca de ParcelVIS\n\t\t<\/a>\n\t\t\t\t<img decoding=\"async\" src=\"https:\/\/www.divis.eu\/wp-content\/uploads\/2018\/01\/logo-tsb.png\" alt=\"logo-tsb\" title=\"logo-tsb\" itemprop=\"image\"\/>\n\t\t\t\t\t\t\t\t<h3 class='uabb-testimonial-author-name testimonial-author-name'>TSBtrans<\/h3>\t\t\t\t\t\t\t\t\n\t\t\t\t\t\t\t\t\tEspa\u00f1a\t\t\t\t\t\t\t\t\n\t\t\t\t\t\t\t<blockquote><p>\u00abCargoVIS es totalmente confiable y gracias a sus capacidades de seguimiento, la inversi\u00f3n de TSB se ha amortizado en menos de un a\u00f1o al poder encontrar los pal\u00e9s &#8216;desaparecidos&#8217; e identificar las fuentes de da\u00f1os\u00bb.<\/p><\/blockquote>\t\t\t\t\t\t\n\t\t\t\t<img decoding=\"async\" src=\"https:\/\/www.divis.eu\/wp-content\/uploads\/2018\/01\/logo-lagermax.png\" alt=\"logo-lagermax\" title=\"logo-lagermax\" itemprop=\"image\"\/>\n\t\t\t\t\t\t\t\t<h3 class='uabb-testimonial-author-name testimonial-author-name'>Lagermax Paketdienst GmbH &amp; Co KG<\/h3>\t\t\t\t\t\t\t\t\n\t\t\t\t\t\t\t\t\tAustria\t\t\t\t\t\t\t\t\n\t\t\t\t\t\t\t<blockquote><p>\u00abLlevamos 5 a\u00f1os usando ParcelVIS de DIVIS y nunca hemos tenido ning\u00fan problema\u00bb.<\/p><\/blockquote>\t\t\t\t\t\t\n\t\t\t\t<img decoding=\"async\" src=\"https:\/\/www.divis.eu\/wp-content\/uploads\/2018\/01\/logo-voigt-invers.png\" alt=\"logo-voigt-invers\" title=\"logo-voigt-invers\" itemprop=\"image\"\/>\n\t\t\t\t\t\t\t\t<h3 class='uabb-testimonial-author-name testimonial-author-name'>Herbert Voigt GmbH &amp; Co. KG<\/h3>\t\t\t\t\t\t\t\t\n\t\t\t\t\t\t\t\t\tAlemania\t\t\t\t\t\t\t\t\n\t\t\t\t\t\t\t<blockquote><p>\u00abEn DIVIS encontramos un socio competente que siempre tiene una soluci\u00f3n especial para cada una de nuestras ideas\u00bb.<\/p><\/blockquote>\t\t\t\t\t\t\n\t\t\t\t<img decoding=\"async\" src=\"https:\/\/www.divis.eu\/wp-content\/uploads\/2018\/01\/logo-schmalz-schoen.png\" alt=\"logo-schmalz-schoen\" title=\"logo-schmalz-schoen\" itemprop=\"image\"\/>\n\t\t\t\t\t\t\t\t<h3 class='uabb-testimonial-author-name testimonial-author-name'>SCHMALZ+SCH\u00d6N Logistics GmbH<\/h3>\t\t\t\t\t\t\t\t\n\t\t\t\t\t\t\t\t\tAlemania\t\t\t\t\t\t\t\t\n\t\t\t\t\t\t\t<blockquote><p>\u00abLa soluci\u00f3n perfecta incluso en \u00e1reas de transbordo heterog\u00e9neas: la videovigilancia de DIVIS, atenta a cada paquete\u00bb.<\/p><\/blockquote>\t\t\t\t\t\t\n\t\t\t\t<img decoding=\"async\" src=\"https:\/\/www.divis.eu\/wp-content\/uploads\/2018\/01\/logo-zufall-1.png\" alt=\"logo-zufall\" title=\"logo-zufall\" itemprop=\"image\"\/>\n\t\t\t\t\t\t\t\t<h3 class='uabb-testimonial-author-name testimonial-author-name'>Friedrich Zufall GmbH &amp; Co. KG<\/h3>\t\t\t\t\t\t\t\t\n\t\t\t\t\t\t\t\t\tAlemania\t\t\t\t\t\t\t\t\n\t\t\t\t\t\t\t<blockquote><p>\u00abEstamos muy satisfechos con el sistema [&#8230; de DIVIS &#8230;]\u00bb<\/p><\/blockquote>\t\t\t\t\t\t\n\t\t\t<a href=\"https:\/\/www.divis.eu\/es\/referencias-y-casos-practicos-seguimiento-del-envio-en-el-almacen\/\" target=\"_self\" role=\"button\" aria-label=\"A los Casos pr\u00e1cticos\" rel=\"noopener\">\n\t\t\t\t\t\t\tA los Casos pr\u00e1cticos\n\t\t<\/a>\n\t\t\t\t<img decoding=\"async\" src=\"https:\/\/www.divis.eu\/wp-content\/uploads\/2018\/01\/hendrik-reger-1.png\" alt=\"Hendrik Reger | DIVIS | Videol\u00f6sungen f\u00fcr die Logistik\" itemprop=\"image\" height=\"385\" width=\"300\" title=\"hendrik-reger\" onerror=\"this.style.display='none'\"  \/>\n\t<em><strong>Hendrik Reger<\/strong><br \/>\nDirector General<br \/>\n<\/em>\n<h1>\n\t\t\u00bfTiene alguna pregunta?\n\t<\/h1>\n<h1>\n\t\tAqu\u00ed tenemos respuestas\n\t<\/h1>\n\t<p>Nuestro equipo estar\u00e1 encantado de responder a sus consultas sobre nuestros productos y de asesorarle de forma gratuita y sin compromiso.<\/p>\n\t\t\t<a href=\"https:\/\/www.divis.eu\/es\/pongase-en-contacto-con-divis-el-proveedor-de-servicios-de-seguimiento-y-localizacion-por-camara\/\" target=\"_self\" role=\"button\" aria-label=\"Contactar a DIVIS\" rel=\"noopener\">\n\t\t\t\t\t\t\tContactar a DIVIS\n\t\t<\/a>\n\t\t\t\t<img decoding=\"async\" src=\"https:\/\/www.divis.eu\/wp-content\/uploads\/2018\/01\/kundenlogo-CTL-1.png\" alt=\"CTL | DIVIS Kunde\" itemprop=\"image\" height=\"51\" width=\"120\" title=\"kundenlogo-CTL\" onerror=\"this.style.display='none'\"  \/>\n\t\t\t\t<img decoding=\"async\" src=\"https:\/\/www.divis.eu\/wp-content\/uploads\/2018\/01\/kundenlogo-dpd.png\" alt=\"kundenlogo-dpd\" itemprop=\"image\" height=\"51\" width=\"120\" title=\"kundenlogo-dpd\" onerror=\"this.style.display='none'\"  \/>\n\t\t\t\t<img decoding=\"async\" src=\"https:\/\/www.divis.eu\/wp-content\/uploads\/2018\/01\/kundenlogo-emons.png\" alt=\"Emons | DIVIS-Kunde\" itemprop=\"image\" height=\"51\" width=\"120\" title=\"kundenlogo-emons\" onerror=\"this.style.display='none'\"  \/>\n\t\t\t\t<img decoding=\"async\" src=\"https:\/\/www.divis.eu\/wp-content\/uploads\/2018\/01\/kundenlogo-online.png\" alt=\"kundenlogo-online\" itemprop=\"image\" height=\"51\" width=\"120\" title=\"kundenlogo-online\" onerror=\"this.style.display='none'\"  \/>\n\t\t\t\t<img decoding=\"async\" src=\"https:\/\/www.divis.eu\/wp-content\/uploads\/2018\/01\/kundenlogo-rhenus.png\" alt=\"Rhenus Logistics | DIVIS-Kunde\" title=\"kundenlogo-rhenus\" itemprop=\"image\"  \/>\n\t\t\t\t<img decoding=\"async\" src=\"https:\/\/www.divis.eu\/wp-content\/uploads\/2018\/01\/kundenlogo-tsb.png\" alt=\"kundenlogo-tsb\" itemprop=\"image\" height=\"51\" width=\"120\" title=\"kundenlogo-tsb\" onerror=\"this.style.display='none'\"  \/>\n\t\t\t\t<img decoding=\"async\" src=\"https:\/\/www.divis.eu\/wp-content\/uploads\/2018\/01\/kundenlogo-gebrueder-weiss.png\" alt=\"Gebr\u00fcder Weiss | DIVIS-Kunde\" itemprop=\"image\" height=\"51\" width=\"150\" title=\"kundenlogo-gebrueder-weiss\" onerror=\"this.style.display='none'\"  \/>\n\t\t\t\t<img decoding=\"async\" src=\"https:\/\/www.divis.eu\/wp-content\/uploads\/2018\/01\/kundenlogo-tchibo.png\" alt=\"Tchibo | DIVIS-Kunde\" title=\"kundenlogo-tchibo\" itemprop=\"image\"  \/>\n\t\t\t\t<img decoding=\"async\" src=\"https:\/\/www.divis.eu\/wp-content\/uploads\/2018\/01\/kundenlogo-24plus.png\" alt=\"kundenlogo-24plus\" itemprop=\"image\" height=\"51\" width=\"120\" title=\"kundenlogo-24plus\" onerror=\"this.style.display='none'\"  \/>\n\t\t\t\t<img decoding=\"async\" src=\"https:\/\/www.divis.eu\/wp-content\/uploads\/2018\/01\/kundenlogo-raben.png\" alt=\"Raben Group | DIVIS-Kunde\" title=\"kundenlogo-raben\" itemprop=\"image\"  \/>\n\t\t\t\t<img decoding=\"async\" src=\"https:\/\/www.divis.eu\/wp-content\/uploads\/2018\/01\/kundenlogo-geis.png\" alt=\"Spedition Geis | DIVIS-Kunde\" title=\"kundenlogo-geis\" itemprop=\"image\"  \/>\n\t\t\t\t<img decoding=\"async\" src=\"https:\/\/www.divis.eu\/wp-content\/uploads\/2018\/01\/kundenlogo-zufall.png\" alt=\"kundenlogo-zufall\" itemprop=\"image\" height=\"51\" width=\"120\" title=\"kundenlogo-zufall\" onerror=\"this.style.display='none'\"  \/>\n\n","protected":false},"excerpt":{"rendered":"<p>CargoVIS y ParcelVIS Funciones Plus+ en la licencia b\u00e1sica Optimice su log\u00edstica mediante la videovigilancia con las soluciones de sistema de DIVIS. Algunos de los siguientes m\u00f3dulos est\u00e1n disponibles para usted como cliente de CargoVIS o de ParcelVIS sin cargo adicional como parte de su licencia b\u00e1sica. Funci\u00f3n Plus+ en CargoVIS y ParcelVIS con la&hellip;<\/p>\n","protected":false},"author":1,"featured_media":0,"parent":0,"menu_order":0,"comment_status":"closed","ping_status":"closed","template":"","meta":{"footnotes":""},"class_list":["post-24501","page","type-page","status-publish","hentry"],"yoast_head":"<!-- This site is optimized with the Yoast SEO plugin v27.5 - https:\/\/yoast.com\/product\/yoast-seo-wordpress\/ -->\n<title>Funciones Plus para su log\u00edstica con videovigilancia | Software DIVIS<\/title>\n<meta name=\"description\" content=\"Con nuestras funciones Plus para su log\u00edstica con videovigilancia, le ofrecemos numerosas extensiones \u00fatiles para adaptar nuestro software a sus necesidades\" \/>\n<meta name=\"robots\" content=\"index, follow, max-snippet:-1, max-image-preview:large, max-video-preview:-1\" \/>\n<link rel=\"canonical\" href=\"https:\/\/www.divis.eu\/es\/modulos-para-su-logistica-con-videovigilancia-2\/\" \/>\n<meta property=\"og:locale\" content=\"es_ES\" \/>\n<meta property=\"og:type\" content=\"article\" \/>\n<meta property=\"og:title\" content=\"Funciones Plus para su log\u00edstica con videovigilancia | Software DIVIS\" \/>\n<meta property=\"og:description\" content=\"Con nuestras funciones Plus para su log\u00edstica con videovigilancia, le ofrecemos numerosas extensiones \u00fatiles para adaptar nuestro software a sus necesidades\" \/>\n<meta property=\"og:url\" content=\"https:\/\/www.divis.eu\/es\/modulos-para-su-logistica-con-videovigilancia-2\/\" \/>\n<meta property=\"og:site_name\" content=\"DIVIS - The intelligent view\" \/>\n<meta property=\"article:modified_time\" content=\"2022-01-12T23:28:49+00:00\" \/>\n<meta property=\"og:image\" content=\"https:\/\/www.divis.eu\/wp-content\/uploads\/2020\/07\/modul-motion-plus.png\" \/>\n<meta name=\"twitter:card\" content=\"summary_large_image\" \/>\n<meta name=\"twitter:label1\" content=\"Tiempo de lectura\" \/>\n\t<meta name=\"twitter:data1\" content=\"8 minutos\" \/>\n<script type=\"application\/ld+json\" class=\"yoast-schema-graph\">{\"@context\":\"https:\\\/\\\/schema.org\",\"@graph\":[{\"@type\":\"WebPage\",\"@id\":\"https:\\\/\\\/www.divis.eu\\\/es\\\/modulos-para-su-logistica-con-videovigilancia-2\\\/\",\"url\":\"https:\\\/\\\/www.divis.eu\\\/es\\\/modulos-para-su-logistica-con-videovigilancia-2\\\/\",\"name\":\"Funciones Plus para su log\u00edstica con videovigilancia | Software DIVIS\",\"isPartOf\":{\"@id\":\"https:\\\/\\\/www.divis.eu\\\/#website\"},\"primaryImageOfPage\":{\"@id\":\"https:\\\/\\\/www.divis.eu\\\/es\\\/modulos-para-su-logistica-con-videovigilancia-2\\\/#primaryimage\"},\"image\":{\"@id\":\"https:\\\/\\\/www.divis.eu\\\/es\\\/modulos-para-su-logistica-con-videovigilancia-2\\\/#primaryimage\"},\"thumbnailUrl\":\"https:\\\/\\\/www.divis.eu\\\/wp-content\\\/uploads\\\/2020\\\/07\\\/modul-motion-plus.png\",\"datePublished\":\"2018-02-08T19:27:23+00:00\",\"dateModified\":\"2022-01-12T23:28:49+00:00\",\"description\":\"Con nuestras funciones Plus para su log\u00edstica con videovigilancia, le ofrecemos numerosas extensiones \u00fatiles para adaptar nuestro software a sus necesidades\",\"breadcrumb\":{\"@id\":\"https:\\\/\\\/www.divis.eu\\\/es\\\/modulos-para-su-logistica-con-videovigilancia-2\\\/#breadcrumb\"},\"inLanguage\":\"es\",\"potentialAction\":[{\"@type\":\"ReadAction\",\"target\":[\"https:\\\/\\\/www.divis.eu\\\/es\\\/modulos-para-su-logistica-con-videovigilancia-2\\\/\"]}]},{\"@type\":\"ImageObject\",\"inLanguage\":\"es\",\"@id\":\"https:\\\/\\\/www.divis.eu\\\/es\\\/modulos-para-su-logistica-con-videovigilancia-2\\\/#primaryimage\",\"url\":\"https:\\\/\\\/www.divis.eu\\\/wp-content\\\/uploads\\\/2020\\\/07\\\/modul-motion-plus.png\",\"contentUrl\":\"https:\\\/\\\/www.divis.eu\\\/wp-content\\\/uploads\\\/2020\\\/07\\\/modul-motion-plus.png\"},{\"@type\":\"BreadcrumbList\",\"@id\":\"https:\\\/\\\/www.divis.eu\\\/es\\\/modulos-para-su-logistica-con-videovigilancia-2\\\/#breadcrumb\",\"itemListElement\":[{\"@type\":\"ListItem\",\"position\":1,\"name\":\"Startseite\",\"item\":\"https:\\\/\\\/www.divis.eu\\\/es\\\/\"},{\"@type\":\"ListItem\",\"position\":2,\"name\":\"M\u00f3dulos para su log\u00edstica con videovigilancia\"}]},{\"@type\":\"WebSite\",\"@id\":\"https:\\\/\\\/www.divis.eu\\\/#website\",\"url\":\"https:\\\/\\\/www.divis.eu\\\/\",\"name\":\"DIVIS - The intelligent view\",\"description\":\"Videosysteml\u00f6sungen f\u00fcr Umschlags- und Warenlager\",\"potentialAction\":[{\"@type\":\"SearchAction\",\"target\":{\"@type\":\"EntryPoint\",\"urlTemplate\":\"https:\\\/\\\/www.divis.eu\\\/?s={search_term_string}\"},\"query-input\":{\"@type\":\"PropertyValueSpecification\",\"valueRequired\":true,\"valueName\":\"search_term_string\"}}],\"inLanguage\":\"es\"}]}<\/script>\n<!-- \/ Yoast SEO plugin. -->","yoast_head_json":{"title":"Funciones Plus para su log\u00edstica con videovigilancia | Software DIVIS","description":"Con nuestras funciones Plus para su log\u00edstica con videovigilancia, le ofrecemos numerosas extensiones \u00fatiles para adaptar nuestro software a sus necesidades","robots":{"index":"index","follow":"follow","max-snippet":"max-snippet:-1","max-image-preview":"max-image-preview:large","max-video-preview":"max-video-preview:-1"},"canonical":"https:\/\/www.divis.eu\/es\/modulos-para-su-logistica-con-videovigilancia-2\/","og_locale":"es_ES","og_type":"article","og_title":"Funciones Plus para su log\u00edstica con videovigilancia | Software DIVIS","og_description":"Con nuestras funciones Plus para su log\u00edstica con videovigilancia, le ofrecemos numerosas extensiones \u00fatiles para adaptar nuestro software a sus necesidades","og_url":"https:\/\/www.divis.eu\/es\/modulos-para-su-logistica-con-videovigilancia-2\/","og_site_name":"DIVIS - The intelligent view","article_modified_time":"2022-01-12T23:28:49+00:00","og_image":[{"url":"https:\/\/www.divis.eu\/wp-content\/uploads\/2020\/07\/modul-motion-plus.png","type":"","width":"","height":""}],"twitter_card":"summary_large_image","twitter_misc":{"Tiempo de lectura":"8 minutos"},"schema":{"@context":"https:\/\/schema.org","@graph":[{"@type":"WebPage","@id":"https:\/\/www.divis.eu\/es\/modulos-para-su-logistica-con-videovigilancia-2\/","url":"https:\/\/www.divis.eu\/es\/modulos-para-su-logistica-con-videovigilancia-2\/","name":"Funciones Plus para su log\u00edstica con videovigilancia | Software DIVIS","isPartOf":{"@id":"https:\/\/www.divis.eu\/#website"},"primaryImageOfPage":{"@id":"https:\/\/www.divis.eu\/es\/modulos-para-su-logistica-con-videovigilancia-2\/#primaryimage"},"image":{"@id":"https:\/\/www.divis.eu\/es\/modulos-para-su-logistica-con-videovigilancia-2\/#primaryimage"},"thumbnailUrl":"https:\/\/www.divis.eu\/wp-content\/uploads\/2020\/07\/modul-motion-plus.png","datePublished":"2018-02-08T19:27:23+00:00","dateModified":"2022-01-12T23:28:49+00:00","description":"Con nuestras funciones Plus para su log\u00edstica con videovigilancia, le ofrecemos numerosas extensiones \u00fatiles para adaptar nuestro software a sus necesidades","breadcrumb":{"@id":"https:\/\/www.divis.eu\/es\/modulos-para-su-logistica-con-videovigilancia-2\/#breadcrumb"},"inLanguage":"es","potentialAction":[{"@type":"ReadAction","target":["https:\/\/www.divis.eu\/es\/modulos-para-su-logistica-con-videovigilancia-2\/"]}]},{"@type":"ImageObject","inLanguage":"es","@id":"https:\/\/www.divis.eu\/es\/modulos-para-su-logistica-con-videovigilancia-2\/#primaryimage","url":"https:\/\/www.divis.eu\/wp-content\/uploads\/2020\/07\/modul-motion-plus.png","contentUrl":"https:\/\/www.divis.eu\/wp-content\/uploads\/2020\/07\/modul-motion-plus.png"},{"@type":"BreadcrumbList","@id":"https:\/\/www.divis.eu\/es\/modulos-para-su-logistica-con-videovigilancia-2\/#breadcrumb","itemListElement":[{"@type":"ListItem","position":1,"name":"Startseite","item":"https:\/\/www.divis.eu\/es\/"},{"@type":"ListItem","position":2,"name":"M\u00f3dulos para su log\u00edstica con videovigilancia"}]},{"@type":"WebSite","@id":"https:\/\/www.divis.eu\/#website","url":"https:\/\/www.divis.eu\/","name":"DIVIS - The intelligent view","description":"Videosysteml\u00f6sungen f\u00fcr Umschlags- und Warenlager","potentialAction":[{"@type":"SearchAction","target":{"@type":"EntryPoint","urlTemplate":"https:\/\/www.divis.eu\/?s={search_term_string}"},"query-input":{"@type":"PropertyValueSpecification","valueRequired":true,"valueName":"search_term_string"}}],"inLanguage":"es"}]}},"_links":{"self":[{"href":"https:\/\/www.divis.eu\/es\/wp-json\/wp\/v2\/pages\/24501","targetHints":{"allow":["GET"]}}],"collection":[{"href":"https:\/\/www.divis.eu\/es\/wp-json\/wp\/v2\/pages"}],"about":[{"href":"https:\/\/www.divis.eu\/es\/wp-json\/wp\/v2\/types\/page"}],"author":[{"embeddable":true,"href":"https:\/\/www.divis.eu\/es\/wp-json\/wp\/v2\/users\/1"}],"replies":[{"embeddable":true,"href":"https:\/\/www.divis.eu\/es\/wp-json\/wp\/v2\/comments?post=24501"}],"version-history":[{"count":0,"href":"https:\/\/www.divis.eu\/es\/wp-json\/wp\/v2\/pages\/24501\/revisions"}],"wp:attachment":[{"href":"https:\/\/www.divis.eu\/es\/wp-json\/wp\/v2\/media?parent=24501"}],"curies":[{"name":"wp","href":"https:\/\/api.w.org\/{rel}","templated":true}]}}