{"id":24515,"date":"2018-02-09T21:25:39","date_gmt":"2018-02-09T21:25:39","guid":{"rendered":"https:\/\/www.divis.eu\/module-videomanagement-software-logistik\/"},"modified":"2023-10-04T13:05:57","modified_gmt":"2023-10-04T13:05:57","slug":"modulos-de-software-de-gestion-de-video-para-su-logistica","status":"publish","type":"page","link":"https:\/\/www.divis.eu\/es\/modulos-de-software-de-gestion-de-video-para-su-logistica\/","title":{"rendered":"M\u00f3dulos de software de gesti\u00f3n de v\u00eddeo para su log\u00edstica"},"content":{"rendered":"\n<h1>\n\t\tMehrwert f\u00fcr Ihre Logistik\n\t<\/h1>\n<h1>\n\t\tOptionale Plus<sup>+<\/sup> Funktionen\n\t<\/h1>\n\t<p><strong>Videomanagement-Software f\u00fcr Ihre Logistik<\/strong>:<strong>\u00a0<\/strong>Die folgenden Module sind optional gegen ein zus\u00e4tzliches Entgelt f\u00fcr die CargoVIS- und die ParcelVIS-Software erh\u00e4ltlich.<\/p>\n\t\t\t\t<img decoding=\"async\" src=\"https:\/\/www.divis.eu\/wp-content\/uploads\/2020\/07\/modul-license-plate-plus.png\" alt=\"Software-Modul License Plate+ | DIVIS\" title=\"modul-license-plate-plus\" itemprop=\"image\"\/>\n\t\t<h4>Optionale Plus<sup>+<\/sup> Funktion f\u00fcr CargoVIS<\/h4><h3>License Plate<sup>+<\/sup><\/h3>\t\t\t\n<h3>\n\t\tAutomatische Kennzeichenerkennung\n\t<\/h3>\n\t\t\t\t<p>Das datenbankgest\u00fctzte Kennzeichenerkennungssystem License Plate<sup>+ <\/sup>erm\u00f6glicht das automatische Erkennen von Fahrzeugkennzeichen per Videokamera und vereinfacht Ihr Zufahrts- und Hofmanagement. Die gespeicherten Daten k\u00f6nnen f\u00fcr die Ein- und Ausfahrtskontrolle und f\u00fcr die Steuerung von Fahrzeugbewegungen auf dem Hof genutzt werden.<\/p>\n<p>Als Basis des L\u00f6sungskonzeptes wird die CargoVIS-Software mit einem modernen ALPR-Kamerasystem (ALPR &#8211; Automatic License Plate Recognition) kombiniert, das Kennzeichen von Fahrzeugen aus EU-, GUS-L\u00e4ndern, Israel und der T\u00fcrkei erkennen kann.<\/p>\n<p>Die Schrankensteuerung der License Plate<sup>+ <\/sup>Funktion erm\u00f6glicht eine automatische \u00d6ffnung von Schranken in den Ein- und Ausfahrtsbereichen. Zus\u00e4tzlich kann eine manuelle \u00d6ffnung der Schranken \u00fcber die CargoVIS-Software durchgef\u00fchrt werden.<\/p>\n<p>Die Verwaltung von Kennzeichen erfolgt ebenso \u00fcber die CargoVIS-Software in Black- und White-Listen.<\/p>\n\t\t\t\t<img decoding=\"async\" src=\"https:\/\/www.divis.eu\/wp-content\/uploads\/2018\/12\/infobild-license-plate-plus.png\" alt=\"Plus-Funktion License Plate+\" title=\"infobild-license-plate-plus\" itemprop=\"image\"\/>\n\t\t\t<h3>WEITERF\u00dcHRENDE INFORMATIONEN<\/h3>\t\t\t\n\t\t\t\tMehr \u00fcber unsere Plus+ Funktion License Plate<sup>+<\/sup> erfahren Sie in diesem Newsartikel:<br \/>\n<a href=\"https:\/\/www.divis.eu\/kennzeichenerkennung-mit-license-plate\/\">Kennzeichenerkennung mit License Plate<sup>+<\/sup><\/a>\nWir stellen zudem eine Schnittstelle zur Verf\u00fcgung, welche die \u00dcbertragung von Kennzeichendaten in Drittsysteme erm\u00f6glicht:<br \/>\n<a href=\"https:\/\/www.divis.eu\/license-plate-schnittstelle-kennzeichen-drittsysteme\/\">Erfahren Sie hier mehr \u00fcber die Mehrwerte von Kennzeichendaten in Yard Management Systemen.<\/a>\n\t\t\t\t<img decoding=\"async\" src=\"https:\/\/www.divis.eu\/wp-content\/uploads\/2020\/07\/modul-motion-alarm-plus.png\" alt=\"Software-Modul Motion Alarm+ | DIVIS\" title=\"modul-motion-alarm-plus\" itemprop=\"image\"\/>\n\t\t<h4>Optionale Plus<sup>+<\/sup> Funktion f\u00fcr CargoVIS &#038; ParcelVIS<\/h4><h3>Motion Alarm<sup>+<\/sup><\/h3>\t\t\t\n<h3>\n\t\tSicherheit mit Recherchefunktion\n\t<\/h3>\n\t<p>Mit Motion Alarm<sup>+<\/sup> haben Sie die M\u00f6glichkeit, sowohl die Sicherheit Ihrer Logistikhalle als auch Ihres gesamten Betriebsgel\u00e4ndes zu erh\u00f6hen.<\/p>\n<p><strong>Innenbereich<\/strong><\/p>\n<p>Mit Motion Alarm<sup>+<\/sup> werden Sie umgehend alarmiert, wenn eine Bewegung in den Kamerabildern der Logistikhalle erkannt wird. Die Alarmierung erfolgt direkt im Lageplan oder auf Wunsch durch eine Alarm-E-Mail mit 5 Bildern. \u00dcber die Alarmhistorie kann unmittelbar eine Recherche gestartet werden.<\/p>\n<h4>\n\t\t<u>EINSATZBEREICHE<\/u>\n\t<\/h4>\n\t<ul>\n\t\t<li>\t\t\t\t\n\t\tUmschlaghallen<\/li><li>\t\t\t\t\n\t\tLagerhallen<\/li><li>\t\t\t\t\n\t\tB\u00fcrobereiche<\/li><li>\t\t\t\t\n\t\tPaket-HUBs<\/li>\t<\/ul>\n\t\t\t\t<p><strong>Au\u00dfenbereich<\/strong><\/p>\n<p>Bei Motion Alarm<sup>+<\/sup> im Au\u00dfenbereich erfolgt die Video\u00fcberwachung mittels W\u00e4rmebildkameras, die die \u00dcberwachung gro\u00dfer Gel\u00e4nde erm\u00f6glichen und f\u00fcr Nachtsichtanwendungen hervorragend geeignet sind. Die W\u00e4rmebildkameras erkennen das Eindringen von Personen und Fahrzeugen bei nahezu allen Sichtbedingungen und k\u00f6nnen sogar minimale Temperaturunterschiede sichtbar machen.<\/p>\n<p>Alarme werden durch Video Content Analysis (VCA) erzeugt und in einer Datenbank gespeichert. Der Zugriff auf die Alarmbilder und die Recherche der gespeicherten Daten erfolgen direkt \u00fcber die CargoVIS-Software, die im Live- und Recherche-Modus mit akustischer Signalgebung ausgestattet wird. Die ausgel\u00f6sten Alarme werden an einen externen Kontakt (z. B. Alarmanlage, Sirene, Licht) gegeben, und die dazugeh\u00f6rigen Alarmbilder per E-Mail verschickt.<\/p>\n\t\t\t\t<img decoding=\"async\" src=\"https:\/\/www.divis.eu\/wp-content\/uploads\/2019\/04\/infobild-MA.png\" alt=\"Module f\u00fcr die Videomanagement-Software f\u00fcr Ihre Logistik\" title=\"infobild-MA\" itemprop=\"image\"\/>\n\t\t\t<a href=\"https:\/\/www.divis.eu\/waermebildkameras-mit-alarmfunktion-optimaler-schutz-fuer-ihr-betriebsgelaende\/\" target=\"_self\" role=\"button\" aria-label=\"Mehr \u00fcber Motion Alarm&lt;sup&gt;+&lt;\/sup&gt;\" rel=\"noopener\">\n\t\t\t\t\t\t\tMehr \u00fcber Motion Alarm<sup>+<\/sup>\n\t\t<\/a>\n\t\t\t\t<img decoding=\"async\" src=\"https:\/\/www.divis.eu\/wp-content\/uploads\/2020\/07\/modul-pixel-plus.png\" alt=\"Software-Modul Pixel+ | DIVIS\" title=\"modul-pixel-plus\" itemprop=\"image\"\/>\n\t\t<h4>Optionale Plus<sup>+<\/sup> Funktion f\u00fcr CargoVIS &#038; ParcelVIS<\/h4><h3>Pixel<sup>+<\/sup><\/h3>\t\t\t\n<h3>\n\t\tAnforderungen an Daten- und Mitarbeiterschutz erf\u00fcllen\n\t<\/h3>\n\t\t\t\t<p>Mit Pixel<sup>+<\/sup> erf\u00fcllen Sie m\u00fchelos die wachsenden Datenschutzanforderungen und gleichzeitig die Anforderungen Ihres Betriebsrates an den Mitarbeiterschutz, indem Sie Bereiche bewegungsabh\u00e4ngig oder vollst\u00e4ndig unkenntlich machen.<br \/>Ein feinmaschiges Raster erm\u00f6glicht die punktgenaue Auswahl der zu verpixelnden Bereiche, um neben der Verpixelung Waren trotzdem verfolgen zu k\u00f6nnen. Die Unkenntlichkeit kann benutzerbezogen und passwortgesteuert aufgehoben werden.<\/p>\n\t\t\t\t<img decoding=\"async\" src=\"https:\/\/www.divis.eu\/wp-content\/uploads\/2018\/02\/pixel-plus.png\" alt=\"Videomanagement Software f\u00fcr Ihre Logistik | n\u00fctzliche Add-ons\" title=\"pixel-plus\" itemprop=\"image\"\/>\n<h4>\n\t\t<u>OPTIONEN<\/u>\n\t<\/h4>\n\t<ul>\n\t\t<li>\t\t\t\t\n\t\tVerpixelung von Bewegungen im gesamten Bildausschnitt<\/li><li>\t\t\t\t\n\t\tVerpixelung von Bewegungen in Teilbereichen des Bildes<\/li><li>\t\t\t\t\n\t\t<p>Permanente fl\u00e4chige Verpixelung eines Bereichesbeispielsweise\u00a0um einen Arbeitsplatz im Bildausschnitt dauerhaft unkenntlich zu machen (auch mit der Verpixelung von Bewegungen kombinierbar)\u00a0<\/p><\/li>\t<\/ul>\n\t\t\t\t<img decoding=\"async\" src=\"https:\/\/www.divis.eu\/wp-content\/uploads\/2020\/07\/modul-text-plus.png\" alt=\"Software-Modul Text+ | DIVIS\" title=\"modul-text-plus\" itemprop=\"image\"\/>\n\t\t<h4>Optionale Plus<sup>+<\/sup> Funktion f\u00fcr CargoVIS &#038; ParcelVIS<\/h4><h3>Text<sup>+<\/sup><\/h3>\t\t\t\n<h3>\n\t\tAlle Informationen im Bild\n\t<\/h3>\n\t\t\t\t<p>Platzieren Sie mit Text<sup>+ <\/sup>Texthinweise in beliebig w\u00e4hlbarer Anzahl. So k\u00f6nnen individuelle Zusatzinformationen, wie z. B. Tornummern oder Relationsplatzkennzeichnungen, im Bild erfasst werden und die Orientierung erleichtern.<\/p>\n\t\t\t<a href=\"https:\/\/www.divis.eu\/module-videoueberwachungsloesungen-logistik\/\" target=\"_self\" role=\"button\" aria-label=\"Weitere optionale Module\" rel=\"noopener\">\n\t\t\t\t\t\t\tWeitere optionale Module\n\t\t<\/a>\n<h2>\n\t\tUnsere Software-L\u00f6sungen\n\t<\/h2>\n\t\t\t\t<img decoding=\"async\" src=\"https:\/\/www.divis.eu\/wp-content\/uploads\/2018\/01\/logo-cargovis-gr.png\" alt=\"logo-cargovis-gr\" title=\"logo-cargovis-gr\" itemprop=\"image\"\/>\n\t\t<h3>Palettierte Sendungen schnell im Blick mit CargoVIS<\/h3>\t\t\t\n\t\t\t\t<p>Mit unserer\u00a0Video Management Software f\u00fcr Umschlagslager,\u00a0CargoVIS, bieten wir Ihnen eine umfassende und einfach bedienbare Systeml\u00f6sung zur bildgesteuerten Recherche und Verfolgung palettierter Warensendungen.<\/p>\n\t\t\t<a href=\"https:\/\/www.divis.eu\/cargovis-video-management-software-umschlagslager\/\" target=\"_self\" role=\"button\" aria-label=\"Mehr \u00fcber CargoVIS\" rel=\"noopener\">\n\t\t\t\t\t\t\tMehr \u00fcber CargoVIS\n\t\t<\/a>\n\t\t\t\t<img decoding=\"async\" src=\"https:\/\/www.divis.eu\/wp-content\/uploads\/2018\/01\/logo-parcelvis-gr.png\" alt=\"\" title=\"\" itemprop=\"image\"\/>\n\t\t<h3>ParcelVIS f\u00fcr Umschlagsdepots &#038; KEP-Dienstleister<\/h3>\t\t\t\n<p>Sparen Sie Zeit und Geld und lassen Sie ParcelVIS bei der bildgest\u00fctzten Sendungsrecherche im Umschlagsdepot effektiv f\u00fcr sich arbeiten: Die Eingabe der Paketscheinnummer ist Ihr Schl\u00fcssel zu allen Informationen \u00fcber Verbleib und Zustand einer Sendung bei allen erfolgten Scanevents.<\/p>\n\t\t\t<a href=\"https:\/\/www.divis.eu\/parcelvis-bildgestuetzte-sendungsrecherche-umschlagsdepot\/\" target=\"_self\" role=\"button\" aria-label=\"Mehr \u00fcber ParcelVIS\" rel=\"noopener\">\n\t\t\t\t\t\t\tMehr \u00fcber ParcelVIS\n\t\t<\/a>\n\t\t\t\t<img decoding=\"async\" src=\"https:\/\/www.divis.eu\/wp-content\/uploads\/2018\/01\/logo-van-duuren-weiss.png\" alt=\"logo-van-duuren-weiss\" title=\"logo-van-duuren-weiss\" itemprop=\"image\"\/>\n\t\t\t\t\t\t\t\t<h3 class='uabb-testimonial-author-name testimonial-author-name'>Van Duuren<\/h3>\t\t\t\t\t\t\t\t\n\t\t\t\t\t\t\t\t\tNiederlande\t\t\t\t\t\t\t\t\n\t\t\t\t\t\t\t<blockquote><p>\u00abCargoVIS l\u00e4uft perfekt. Alle Mitarbeitenden haben sich daran so gut gew\u00f6hnt, dass wir unsere Arbeit ohne CargoVIS gar nicht mehr vorstellen k\u00f6nnen.\u00bb<\/p><\/blockquote>\t\t\t\t\t\t\n\t\t\t\t<img decoding=\"async\" src=\"https:\/\/www.divis.eu\/wp-content\/uploads\/2018\/01\/logo-tsb.png\" alt=\"logo-tsb\" title=\"logo-tsb\" itemprop=\"image\"\/>\n\t\t\t\t\t\t\t\t<h3 class='uabb-testimonial-author-name testimonial-author-name'>TSBtrans<\/h3>\t\t\t\t\t\t\t\t\n\t\t\t\t\t\t\t\t\tSpanien\t\t\t\t\t\t\t\t\n\t\t\t\t\t\t\t<blockquote><p>\u00abCargoVIS ist absolut verl\u00e4sslich, durch seine Nachverfolgungsf\u00e4higkeiten hat sich die Investition f\u00fcr TSB durch das Auffinden &#8216;verschwundener&#8217; Paletten und Ausmachen von Schadensquellen innerhalb von weniger als einem Jahr amortisiert.\u00bb<\/p><\/blockquote>\t\t\t\t\t\t\n\t\t\t\t<img decoding=\"async\" src=\"https:\/\/www.divis.eu\/wp-content\/uploads\/2018\/01\/logo-lagermax.png\" alt=\"logo-lagermax\" title=\"logo-lagermax\" itemprop=\"image\"\/>\n\t\t\t\t\t\t\t\t<h3 class='uabb-testimonial-author-name testimonial-author-name'>Lagermax Paketdienst GmbH &amp; Co KG<\/h3>\t\t\t\t\t\t\t\t\n\t\t\t\t\t\t\t\t\t\u00d6sterreich\t\t\t\t\t\t\t\t\n\t\t\t\t\t\t\t<blockquote>\n<p>\u00abWir haben die ParcelVIS von DIVIS seit 5 Jahren im Einsatz und noch nie Probleme gehabt.\u00bb<\/p>\n<\/blockquote>\n\t\t\t\t<img decoding=\"async\" src=\"https:\/\/www.divis.eu\/wp-content\/uploads\/2018\/01\/logo-voigt-invers.png\" alt=\"logo-voigt-invers\" title=\"logo-voigt-invers\" itemprop=\"image\"\/>\n\t\t\t\t\t\t\t\t<h3 class='uabb-testimonial-author-name testimonial-author-name'>Herbert Voigt GmbH &amp; Co. KG<\/h3>\t\t\t\t\t\t\t\t\n\t\t\t\t\t\t\t\t\tDeutschland\t\t\t\t\t\t\t\t\n\t\t\t\t\t\t\t<blockquote>\n<p>\u00abMit DIVIS haben wir einen kompetenten Partner, der auch immer eine L\u00f6sung f\u00fcr unsere individuellen Ideen hat.\u00bb<\/p>\n<\/blockquote>\t\t\t\t\t\t\n\t\t\t\t<img decoding=\"async\" src=\"https:\/\/www.divis.eu\/wp-content\/uploads\/2018\/01\/logo-schmalz-schoen.png\" alt=\"logo-schmalz-schoen\" title=\"logo-schmalz-schoen\" itemprop=\"image\"\/>\n\t\t\t\t\t\t\t\t<h3 class='uabb-testimonial-author-name testimonial-author-name'>SCHMALZ+SCH\u00d6N Logistics GmbH<\/h3>\t\t\t\t\t\t\t\t\n\t\t\t\t\t\t\t\t\tDeutschland\t\t\t\t\t\t\t\t\n\t\t\t\t\t\t\t<blockquote><p>\u00abAuch bei heterogener Umschlagsfl\u00e4che die perfekte L\u00f6sung &#8211; Video\u00fcberwachung auf Packst\u00fcckebene von DIVIS.\u00bb<\/p><\/blockquote>\t\t\t\t\t\t\n\t\t\t\t<img decoding=\"async\" src=\"https:\/\/www.divis.eu\/wp-content\/uploads\/2018\/01\/logo-zufall-1.png\" alt=\"logo-zufall\" title=\"logo-zufall\" itemprop=\"image\"\/>\n\t\t\t\t\t\t\t\t<h3 class='uabb-testimonial-author-name testimonial-author-name'>Friedrich Zufall GmbH &amp; Co. KG<\/h3>\t\t\t\t\t\t\t\t\n\t\t\t\t\t\t\t\t\tDeutschland\t\t\t\t\t\t\t\t\n\t\t\t\t\t\t\t<blockquote><p>\u00abWir sind mit dem System [&#8230;von DIVIS&#8230;] sehr zufrieden\u00bb<\/p><\/blockquote>\t\t\t\t\t\t\n\t\t\t<a href=\"https:\/\/www.divis.eu\/referenzen-anwenderberichte-sendungsverfolgung-lager\/\" target=\"_self\" role=\"button\" aria-label=\"Zu den Anwenderberichten\" rel=\"noopener\">\n\t\t\t\t\t\t\tZu den Anwenderberichten\n\t\t<\/a>\n\t\t\t\t<img decoding=\"async\" src=\"https:\/\/www.divis.eu\/wp-content\/uploads\/2018\/01\/hendrik-reger-1.png\" alt=\"Hendrik Reger | DIVIS | Videol\u00f6sungen f\u00fcr die Logistik\" itemprop=\"image\" height=\"385\" width=\"300\" title=\"hendrik-reger\" onerror=\"this.style.display='none'\"  \/>\n\t<em><strong>Hendrik Reger<\/strong><br \/>\nGesch\u00e4ftsf\u00fchrer<br \/>\n<\/em>\n<h1>\n\t\tSie haben Fragen?\n\t<\/h1>\n<h1>\n\t\tHier gibt es Antworten\n\t<\/h1>\n\t<p>Unser Team ist ansprechbar f\u00fcr Ihre Fragen zu unseren Produkten und ber\u00e4t Sie gern kostenlos und unverbindlich.<\/p>\n\t\t\t<a href=\"https:\/\/www.divis.eu\/divis-kontaktieren-kamerabasierte-sendungsverfolgung\/\" target=\"_self\" role=\"button\" aria-label=\"DIVIS kontaktieren\" rel=\"noopener\">\n\t\t\t\t\t\t\tDIVIS kontaktieren\n\t\t<\/a>\n\n","protected":false},"excerpt":{"rendered":"<p>Mehrwert f\u00fcr Ihre Logistik Optionale Plus+ Funktionen Videomanagement-Software f\u00fcr Ihre Logistik:\u00a0Die folgenden Module sind optional gegen ein zus\u00e4tzliches Entgelt f\u00fcr die CargoVIS- und die ParcelVIS-Software erh\u00e4ltlich. Optionale Plus+ Funktion f\u00fcr CargoVIS License Plate+ Automatische Kennzeichenerkennung Das datenbankgest\u00fctzte Kennzeichenerkennungssystem License Plate+ erm\u00f6glicht das automatische Erkennen von Fahrzeugkennzeichen per Videokamera und vereinfacht Ihr Zufahrts- und Hofmanagement. Die&hellip;<\/p>\n","protected":false},"author":1,"featured_media":0,"parent":0,"menu_order":0,"comment_status":"closed","ping_status":"closed","template":"","meta":{"footnotes":""},"class_list":["post-24515","page","type-page","status-publish","hentry"],"yoast_head":"<!-- This site is optimized with the Yoast SEO plugin v27.5 - https:\/\/yoast.com\/product\/yoast-seo-wordpress\/ -->\n<title>Software de gesti\u00f3n de v\u00eddeo para su log\u00edstica | Complementos \u00fatiles | DIVIS<\/title>\n<meta name=\"description\" content=\"Nuestro software se adapta a sus necesidades. Con nuestras funciones Plus, le ofrecemos complementos \u00fatiles para adaptar nuestro software de gesti\u00f3n de v\u00eddeo a su log\u00edstica. Una soluci\u00f3n para cada necesidad\" \/>\n<meta name=\"robots\" content=\"index, follow, max-snippet:-1, max-image-preview:large, max-video-preview:-1\" \/>\n<link rel=\"canonical\" href=\"https:\/\/www.divis.eu\/es\/modulos-de-software-de-gestion-de-video-para-su-logistica\/\" \/>\n<meta property=\"og:locale\" content=\"es_ES\" \/>\n<meta property=\"og:type\" content=\"article\" \/>\n<meta property=\"og:title\" content=\"Software de gesti\u00f3n de v\u00eddeo para su log\u00edstica | Complementos \u00fatiles | DIVIS\" \/>\n<meta property=\"og:description\" content=\"Nuestro software se adapta a sus necesidades. Con nuestras funciones Plus, le ofrecemos complementos \u00fatiles para adaptar nuestro software de gesti\u00f3n de v\u00eddeo a su log\u00edstica. Una soluci\u00f3n para cada necesidad\" \/>\n<meta property=\"og:url\" content=\"https:\/\/www.divis.eu\/es\/modulos-de-software-de-gestion-de-video-para-su-logistica\/\" \/>\n<meta property=\"og:site_name\" content=\"DIVIS - The intelligent view\" \/>\n<meta property=\"article:modified_time\" content=\"2023-10-04T13:05:57+00:00\" \/>\n<meta property=\"og:image\" content=\"https:\/\/www.divis.eu\/wp-content\/uploads\/2020\/07\/modul-license-plate-plus.png\" \/>\n<meta name=\"twitter:card\" content=\"summary_large_image\" \/>\n<meta name=\"twitter:label1\" content=\"Tiempo de lectura\" \/>\n\t<meta name=\"twitter:data1\" content=\"10 minutos\" \/>\n<script type=\"application\/ld+json\" class=\"yoast-schema-graph\">{\"@context\":\"https:\\\/\\\/schema.org\",\"@graph\":[{\"@type\":\"WebPage\",\"@id\":\"https:\\\/\\\/www.divis.eu\\\/es\\\/modulos-de-software-de-gestion-de-video-para-su-logistica\\\/\",\"url\":\"https:\\\/\\\/www.divis.eu\\\/es\\\/modulos-de-software-de-gestion-de-video-para-su-logistica\\\/\",\"name\":\"Software de gesti\u00f3n de v\u00eddeo para su log\u00edstica | Complementos \u00fatiles | DIVIS\",\"isPartOf\":{\"@id\":\"https:\\\/\\\/www.divis.eu\\\/#website\"},\"primaryImageOfPage\":{\"@id\":\"https:\\\/\\\/www.divis.eu\\\/es\\\/modulos-de-software-de-gestion-de-video-para-su-logistica\\\/#primaryimage\"},\"image\":{\"@id\":\"https:\\\/\\\/www.divis.eu\\\/es\\\/modulos-de-software-de-gestion-de-video-para-su-logistica\\\/#primaryimage\"},\"thumbnailUrl\":\"https:\\\/\\\/www.divis.eu\\\/wp-content\\\/uploads\\\/2020\\\/07\\\/modul-license-plate-plus.png\",\"datePublished\":\"2018-02-09T21:25:39+00:00\",\"dateModified\":\"2023-10-04T13:05:57+00:00\",\"description\":\"Nuestro software se adapta a sus necesidades. Con nuestras funciones Plus, le ofrecemos complementos \u00fatiles para adaptar nuestro software de gesti\u00f3n de v\u00eddeo a su log\u00edstica. Una soluci\u00f3n para cada necesidad\",\"breadcrumb\":{\"@id\":\"https:\\\/\\\/www.divis.eu\\\/es\\\/modulos-de-software-de-gestion-de-video-para-su-logistica\\\/#breadcrumb\"},\"inLanguage\":\"es\",\"potentialAction\":[{\"@type\":\"ReadAction\",\"target\":[\"https:\\\/\\\/www.divis.eu\\\/es\\\/modulos-de-software-de-gestion-de-video-para-su-logistica\\\/\"]}]},{\"@type\":\"ImageObject\",\"inLanguage\":\"es\",\"@id\":\"https:\\\/\\\/www.divis.eu\\\/es\\\/modulos-de-software-de-gestion-de-video-para-su-logistica\\\/#primaryimage\",\"url\":\"https:\\\/\\\/www.divis.eu\\\/wp-content\\\/uploads\\\/2020\\\/07\\\/modul-license-plate-plus.png\",\"contentUrl\":\"https:\\\/\\\/www.divis.eu\\\/wp-content\\\/uploads\\\/2020\\\/07\\\/modul-license-plate-plus.png\"},{\"@type\":\"BreadcrumbList\",\"@id\":\"https:\\\/\\\/www.divis.eu\\\/es\\\/modulos-de-software-de-gestion-de-video-para-su-logistica\\\/#breadcrumb\",\"itemListElement\":[{\"@type\":\"ListItem\",\"position\":1,\"name\":\"Startseite\",\"item\":\"https:\\\/\\\/www.divis.eu\\\/es\\\/\"},{\"@type\":\"ListItem\",\"position\":2,\"name\":\"M\u00f3dulos de software de gesti\u00f3n de v\u00eddeo para su log\u00edstica\"}]},{\"@type\":\"WebSite\",\"@id\":\"https:\\\/\\\/www.divis.eu\\\/#website\",\"url\":\"https:\\\/\\\/www.divis.eu\\\/\",\"name\":\"DIVIS - The intelligent view\",\"description\":\"Videosysteml\u00f6sungen f\u00fcr Umschlags- und Warenlager\",\"potentialAction\":[{\"@type\":\"SearchAction\",\"target\":{\"@type\":\"EntryPoint\",\"urlTemplate\":\"https:\\\/\\\/www.divis.eu\\\/?s={search_term_string}\"},\"query-input\":{\"@type\":\"PropertyValueSpecification\",\"valueRequired\":true,\"valueName\":\"search_term_string\"}}],\"inLanguage\":\"es\"}]}<\/script>\n<!-- \/ Yoast SEO plugin. -->","yoast_head_json":{"title":"Software de gesti\u00f3n de v\u00eddeo para su log\u00edstica | Complementos \u00fatiles | DIVIS","description":"Nuestro software se adapta a sus necesidades. Con nuestras funciones Plus, le ofrecemos complementos \u00fatiles para adaptar nuestro software de gesti\u00f3n de v\u00eddeo a su log\u00edstica. Una soluci\u00f3n para cada necesidad","robots":{"index":"index","follow":"follow","max-snippet":"max-snippet:-1","max-image-preview":"max-image-preview:large","max-video-preview":"max-video-preview:-1"},"canonical":"https:\/\/www.divis.eu\/es\/modulos-de-software-de-gestion-de-video-para-su-logistica\/","og_locale":"es_ES","og_type":"article","og_title":"Software de gesti\u00f3n de v\u00eddeo para su log\u00edstica | Complementos \u00fatiles | DIVIS","og_description":"Nuestro software se adapta a sus necesidades. Con nuestras funciones Plus, le ofrecemos complementos \u00fatiles para adaptar nuestro software de gesti\u00f3n de v\u00eddeo a su log\u00edstica. Una soluci\u00f3n para cada necesidad","og_url":"https:\/\/www.divis.eu\/es\/modulos-de-software-de-gestion-de-video-para-su-logistica\/","og_site_name":"DIVIS - The intelligent view","article_modified_time":"2023-10-04T13:05:57+00:00","og_image":[{"url":"https:\/\/www.divis.eu\/wp-content\/uploads\/2020\/07\/modul-license-plate-plus.png","type":"","width":"","height":""}],"twitter_card":"summary_large_image","twitter_misc":{"Tiempo de lectura":"10 minutos"},"schema":{"@context":"https:\/\/schema.org","@graph":[{"@type":"WebPage","@id":"https:\/\/www.divis.eu\/es\/modulos-de-software-de-gestion-de-video-para-su-logistica\/","url":"https:\/\/www.divis.eu\/es\/modulos-de-software-de-gestion-de-video-para-su-logistica\/","name":"Software de gesti\u00f3n de v\u00eddeo para su log\u00edstica | Complementos \u00fatiles | DIVIS","isPartOf":{"@id":"https:\/\/www.divis.eu\/#website"},"primaryImageOfPage":{"@id":"https:\/\/www.divis.eu\/es\/modulos-de-software-de-gestion-de-video-para-su-logistica\/#primaryimage"},"image":{"@id":"https:\/\/www.divis.eu\/es\/modulos-de-software-de-gestion-de-video-para-su-logistica\/#primaryimage"},"thumbnailUrl":"https:\/\/www.divis.eu\/wp-content\/uploads\/2020\/07\/modul-license-plate-plus.png","datePublished":"2018-02-09T21:25:39+00:00","dateModified":"2023-10-04T13:05:57+00:00","description":"Nuestro software se adapta a sus necesidades. Con nuestras funciones Plus, le ofrecemos complementos \u00fatiles para adaptar nuestro software de gesti\u00f3n de v\u00eddeo a su log\u00edstica. Una soluci\u00f3n para cada necesidad","breadcrumb":{"@id":"https:\/\/www.divis.eu\/es\/modulos-de-software-de-gestion-de-video-para-su-logistica\/#breadcrumb"},"inLanguage":"es","potentialAction":[{"@type":"ReadAction","target":["https:\/\/www.divis.eu\/es\/modulos-de-software-de-gestion-de-video-para-su-logistica\/"]}]},{"@type":"ImageObject","inLanguage":"es","@id":"https:\/\/www.divis.eu\/es\/modulos-de-software-de-gestion-de-video-para-su-logistica\/#primaryimage","url":"https:\/\/www.divis.eu\/wp-content\/uploads\/2020\/07\/modul-license-plate-plus.png","contentUrl":"https:\/\/www.divis.eu\/wp-content\/uploads\/2020\/07\/modul-license-plate-plus.png"},{"@type":"BreadcrumbList","@id":"https:\/\/www.divis.eu\/es\/modulos-de-software-de-gestion-de-video-para-su-logistica\/#breadcrumb","itemListElement":[{"@type":"ListItem","position":1,"name":"Startseite","item":"https:\/\/www.divis.eu\/es\/"},{"@type":"ListItem","position":2,"name":"M\u00f3dulos de software de gesti\u00f3n de v\u00eddeo para su log\u00edstica"}]},{"@type":"WebSite","@id":"https:\/\/www.divis.eu\/#website","url":"https:\/\/www.divis.eu\/","name":"DIVIS - The intelligent view","description":"Videosysteml\u00f6sungen f\u00fcr Umschlags- und Warenlager","potentialAction":[{"@type":"SearchAction","target":{"@type":"EntryPoint","urlTemplate":"https:\/\/www.divis.eu\/?s={search_term_string}"},"query-input":{"@type":"PropertyValueSpecification","valueRequired":true,"valueName":"search_term_string"}}],"inLanguage":"es"}]}},"_links":{"self":[{"href":"https:\/\/www.divis.eu\/es\/wp-json\/wp\/v2\/pages\/24515","targetHints":{"allow":["GET"]}}],"collection":[{"href":"https:\/\/www.divis.eu\/es\/wp-json\/wp\/v2\/pages"}],"about":[{"href":"https:\/\/www.divis.eu\/es\/wp-json\/wp\/v2\/types\/page"}],"author":[{"embeddable":true,"href":"https:\/\/www.divis.eu\/es\/wp-json\/wp\/v2\/users\/1"}],"replies":[{"embeddable":true,"href":"https:\/\/www.divis.eu\/es\/wp-json\/wp\/v2\/comments?post=24515"}],"version-history":[{"count":0,"href":"https:\/\/www.divis.eu\/es\/wp-json\/wp\/v2\/pages\/24515\/revisions"}],"wp:attachment":[{"href":"https:\/\/www.divis.eu\/es\/wp-json\/wp\/v2\/media?parent=24515"}],"curies":[{"name":"wp","href":"https:\/\/api.w.org\/{rel}","templated":true}]}}