{"id":24535,"date":"2018-02-09T20:54:09","date_gmt":"2018-02-09T20:54:09","guid":{"rendered":"https:\/\/www.divis.eu\/modulos-para-soluciones-de-videovigilancia-en-logistica\/"},"modified":"2024-04-04T23:26:37","modified_gmt":"2024-04-04T23:26:37","slug":"modulos-para-soluciones-de-videovigilancia-en-logistica","status":"publish","type":"page","link":"https:\/\/www.divis.eu\/es\/modulos-para-soluciones-de-videovigilancia-en-logistica\/","title":{"rendered":"M\u00f3dulos para soluciones de videovigilancia en log\u00edstica"},"content":{"rendered":"\n\n\t\t\t\t<img decoding=\"async\" src=\"https:\/\/www.divis.eu\/wp-content\/uploads\/2021\/12\/seitenbild-links1-es.png\" alt=\"Valor a\u00f1adido para su logistica | Gesti\u00f3n de v\u00eddeo DIVIS\" title=\"seitenbild-links1-es\" itemprop=\"image\"  \/>\n<h1>\n\t\tValor a\u00f1adido para su software\n\t<\/h1>\n<h1>\n\t\tFunciones opcionales Plus<sup>+<\/sup>\n\t<\/h1>\n\tGracias a nuestras vers\u00e1tiles funciones Plus+, podr\u00e1 adaptar nuestras soluciones de videovigilancia para la log\u00edstica a los requisitos individuales y cambiantes en un abrir y cerrar de ojos.<br \/>\nLos siguientes m\u00f3dulos est\u00e1n disponibles de forma opcional para nuestro <a href=\"https:\/\/www.divis.eu\/es\/software-de-gestion-de-video-cargovis-para-almacenes-de-transbordo\/\">software CargoVIS<\/a> por una tarifa adicional.\n\t\t\t\t<img decoding=\"async\" src=\"https:\/\/www.divis.eu\/wp-content\/uploads\/2020\/07\/modul-gate-plus.png\" alt=\"Software-Modul Gate+ | DIVIS\" title=\"modul-gate-plus\" itemprop=\"image\"\/>\n\t\t<h4>Funci\u00f3n opcional Plus<sup>+<\/sup> para CargoVIS<\/h4><h3>Gate<sup>+<\/sup><\/h3>\t\t\t\n<h3>\n\t\tEstado de puertas y portones de un vistazo\n\t<\/h3>\n\t\t\t\t<img decoding=\"async\" src=\"https:\/\/www.divis.eu\/wp-content\/uploads\/2018\/07\/gate-plus-softwaremodul.png\" alt=\"Gate Plus - Software zur Sendungsverfolgung in der Logistik\" title=\"gate-plus-softwaremodul\" itemprop=\"image\"\/>\n\t\t\t\t<p>Gate<sup>+ <\/sup> es una extensi\u00f3n de nuestro software de seguimiento de env\u00edos en log\u00edstica. Gate<sup>+ <\/sup> reconoce autom\u00e1ticamente el estado de puertas y portones y detecta a tiempo los fallos de seguridad. En las c\u00e1maras frigor\u00edficas en particular, puede utilizar Gate<sup>+ <\/sup> para que sus procesos log\u00edsticos sean m\u00e1s respetuosos con el medio ambiente (\u00abGreen Logistics\u00bb), m\u00e1s eficientes energ\u00e9ticamente y, por lo tanto, tambi\u00e9n m\u00e1s rentables<\/p>\n\t\t\t<a href=\"https:\/\/www.divis.eu\/es\/software-para-el-seguimiento-de-envios-en-logistica-modulo-gate-plus\/\" target=\"_self\" role=\"button\" aria-label=\"V\u00eddeo del producto Gate&lt;sup&gt;+&lt;\/sup&gt;\" rel=\"noopener\">\n\t\t\t\t\t\t\tV\u00eddeo del producto Gate<sup>+<\/sup>\n\t\t<\/a>\n\t\t\t\t<img decoding=\"async\" src=\"https:\/\/www.divis.eu\/wp-content\/uploads\/2020\/07\/modul-location-plus.png\" alt=\"Software-Modul Location+ | DIVIS\" title=\"modul-location-plus\" itemprop=\"image\"\/>\n\t\t<h4>Funci\u00f3n opcional Plus<sup>+<\/sup> para CargoVIS<\/h4><h3>Location<sup>+<\/sup><\/h3>\t\t\t\n<h3>\n\t\tEntrada de b\u00fasqueda m\u00e1s precisa, resultados m\u00e1s r\u00e1pidos\n\t<\/h3>\n\t\t\t\t<p>Tanto en el proceso de escaneo como en el recorrido de una carretilla, Location<sup>+<\/sup> determina las ubicaciones exactas con una precisi\u00f3n de +\/- 50\u00b0cm de tolerancia gracias a la localizaci\u00f3n de esc\u00e1neres en el almac\u00e9n. Un punto rojo en el plano de su nave log\u00edstica y en todas las im\u00e1genes asociadas a la hora de escanear indica la posici\u00f3n exacta del esc\u00e1ner. Esto garantiza un acceso r\u00e1pido a la b\u00fasqueda y una mejor orientaci\u00f3n.<\/p>\n<p>Los conjuntos de datos de posici\u00f3n tambi\u00e9n se pueden usar con nuestro software Profile<sup>+<\/sup> para evaluar y optimizar sus procesos.<\/p>\n\t\t\t\t<img decoding=\"async\" src=\"https:\/\/www.divis.eu\/wp-content\/uploads\/2018\/02\/location-plus.png\" alt=\"Vielseitige Plus Funktionen erweitern unsere Video\u00fcberwachungsl\u00f6sungen f\u00fcr die Logistik\" title=\"location-plus\" itemprop=\"image\"\/>\n\t\t\t\t<img decoding=\"async\" src=\"https:\/\/www.divis.eu\/wp-content\/uploads\/2020\/07\/modul-load-plus.png\" alt=\"Software-Modul Load+ | DIVIS\" title=\"modul-load-plus\" itemprop=\"image\"\/>\n\t\t<h4>Funci\u00f3n opcional Plus<sup>+<\/sup> para CargoVIS<\/h4><h3>Load<sup>+<\/sup><\/h3>\t\t\t\n<h3>\n\t\tOptimizaci\u00f3n espec\u00edfica de sus recorridos<br \/>y de la documentaci\u00f3n de la seguridad de la carga\n\t<\/h3>\n\t\t\t\t<img decoding=\"async\" src=\"https:\/\/www.divis.eu\/wp-content\/uploads\/2018\/02\/load-plus-e1518211515847.png\" alt=\"Vielseitige Plus Funktionen erweitern unsere Video\u00fcberwachungsl\u00f6sungen f\u00fcr die Logistik\" title=\"load-plus\" itemprop=\"image\"\/>\n\t\t\t\t<p>Load<sup>+<\/sup> para el an\u00e1lisis de v\u00eddeo en la log\u00edstica crea diferentes informes en PDF con solo pulsar un bot\u00f3n, por ejemplo, una lista del estado de la carga de los camiones que salen por espacio de carga asignado. La visualizaci\u00f3n de las marcas de las plazas de almacenamiento facilita detectar los metros de carga libres.<\/p>\n<p><strong>La ventaja especial del m\u00f3dulo:<\/strong><br \/>La informaci\u00f3n es m\u00e1s confiable que los valores habituales, porque se visualizan las condiciones reales de carga y no los vol\u00famenes calculados a partir del software de transporte. Esto permite reconocer los recorridos que no se aprovechan al m\u00e1ximo y optimizar la planificaci\u00f3n.<br \/>Los pasos de carga documentados en im\u00e1genes tambi\u00e9n facilitan la comprobaci\u00f3n de la seguridad de la carga.<\/p>\n\n\t\t\t<a href=\"https:\/\/www.divis.eu\/es\/load-plus-para-el-analisis-de-video-en-logistica-video-de-producto\/\" target=\"_self\" role=\"button\" aria-label=\"V\u00eddeo del producto Load&lt;sup&gt;+&lt;\/sup&gt;\" rel=\"noopener\">\n\t\t\t\t\t\t\tV\u00eddeo del producto Load<sup>+<\/sup>\n\t\t<\/a>\n\t\t\t<a href=\"https:\/\/www.divis.eu\/es\/videovigilancia-del-transbordo-en-naves-con-las-soluciones-de-divis\/\" target=\"_self\" role=\"button\" aria-label=\"Otros m\u00f3dulos opcionales\" rel=\"noopener\">\n\t\t\t\t\t\t\tOtros m\u00f3dulos opcionales\n\t\t<\/a>\n<h2>\n\t\tNuestras soluciones de software\n\t<\/h2>\n\t\t\t\t<img decoding=\"async\" src=\"https:\/\/www.divis.eu\/wp-content\/uploads\/2018\/01\/logo-cargovis-gr.png\" alt=\"logo-cargovis-gr\" title=\"logo-cargovis-gr\" itemprop=\"image\"\/>\n\t\t<h3>Env\u00edos paletizados siempre a la vista con CargoVIS<\/h3>\t\t\t\n\t\t\t\t<p>Con nuestro software de gesti\u00f3n de v\u00eddeo para almacenes de transbordo, CargoVIS, le ofrecemos una soluci\u00f3n de sistema completa y f\u00e1cil de usar a fin de realizar la b\u00fasqueda y el seguimiento de env\u00edos paletizados mediante im\u00e1genes.<\/p>\n\t\t\t<a href=\"#\" target=\"_self\" role=\"button\" aria-label=\"M\u00e1s acerca de CargoVIS\" rel=\"noopener\">\n\t\t\t\t\t\t\tM\u00e1s acerca de CargoVIS\n\t\t<\/a>\n\t\t\t\t<img decoding=\"async\" src=\"https:\/\/www.divis.eu\/wp-content\/uploads\/2018\/01\/logo-parcelvis-gr.png\" alt=\"\" title=\"\" itemprop=\"image\"\/>\n\t\t<h3>ParcelVIS para dep\u00f3sitos de transbordo y proveedores de servicios CEP<\/h3>\t\t\t\n<p>Ahorre tiempo y dinero y deje que ParcelVIS trabaje eficazmente para usted en la b\u00fasqueda de env\u00edos por im\u00e1genes en el dep\u00f3sito de transbordo: la introducci\u00f3n del n\u00famero de etiqueta del paquete es la clave para obtener toda la informaci\u00f3n sobre el paradero y el estado de un env\u00edo para todos los eventos de escaneo que se hayan realizado.<\/p>\n\t\t\t<a href=\"#\" target=\"_self\" role=\"button\" aria-label=\"M\u00e1s acerca de ParcelVIS\" rel=\"noopener\">\n\t\t\t\t\t\t\tM\u00e1s acerca de ParcelVIS\n\t\t<\/a>\n\t\t\t\t<img decoding=\"async\" src=\"https:\/\/www.divis.eu\/wp-content\/uploads\/2018\/01\/logo-van-duuren-weiss.png\" alt=\"logo-van-duuren-weiss\" title=\"logo-van-duuren-weiss\" itemprop=\"image\"\/>\n\t\t\t\t\t\t\t\t<h3 class='uabb-testimonial-author-name testimonial-author-name'>Van Duuren<\/h3>\t\t\t\t\t\t\t\t\n\t\t\t\t\t\t\t\t\tPa\u00edses Bajos\t\t\t\t\t\t\t\t\n\t\t\t\t\t\t\t<blockquote><p>\u00abCargoVIS funciona perfectamente, todo el mundo est\u00e1 acostumbrado a \u00e9l y ya no podemos vivir sin \u00e9l.\u00bb<\/p><\/blockquote>\t\t\t\t\t\t\n\t\t\t\t<img decoding=\"async\" src=\"https:\/\/www.divis.eu\/wp-content\/uploads\/2018\/01\/logo-tsb.png\" alt=\"logo-tsb\" title=\"logo-tsb\" itemprop=\"image\"\/>\n\t\t\t\t\t\t\t\t<h3 class='uabb-testimonial-author-name testimonial-author-name'>TSBtrans<\/h3>\t\t\t\t\t\t\t\t\n\t\t\t\t\t\t\t\t\tEspa\u00f1a\t\t\t\t\t\t\t\t\n\t\t\t\t\t\t\t<blockquote><p>\u00abCargoVIS es totalmente confiable y gracias a sus capacidades de seguimiento, la inversi\u00f3n de TSB se ha amortizado en menos de un a\u00f1o al poder encontrar los pal\u00e9s &#8216;desaparecidos&#8217; e identificar las fuentes de da\u00f1os\u00bb.<\/p><\/blockquote>\t\t\t\t\t\t\n\t\t\t\t<img decoding=\"async\" src=\"https:\/\/www.divis.eu\/wp-content\/uploads\/2018\/01\/logo-lagermax.png\" alt=\"logo-lagermax\" title=\"logo-lagermax\" itemprop=\"image\"\/>\n\t\t\t\t\t\t\t\t<h3 class='uabb-testimonial-author-name testimonial-author-name'>Lagermax Paketdienst GmbH &amp; Co KG<\/h3>\t\t\t\t\t\t\t\t\n\t\t\t\t\t\t\t\t\tAustria\t\t\t\t\t\t\t\t\n\t\t\t\t\t\t\t<blockquote><p>\u00abLlevamos 5 a\u00f1os usando ParcelVIS de DIVIS y nunca hemos tenido ning\u00fan problema\u00bb.<\/p><\/blockquote>\t\t\t\t\t\t\n\t\t\t\t<img decoding=\"async\" src=\"https:\/\/www.divis.eu\/wp-content\/uploads\/2018\/01\/logo-voigt-invers.png\" alt=\"logo-voigt-invers\" title=\"logo-voigt-invers\" itemprop=\"image\"\/>\n\t\t\t\t\t\t\t\t<h3 class='uabb-testimonial-author-name testimonial-author-name'>Herbert Voigt GmbH &amp; Co. KG<\/h3>\t\t\t\t\t\t\t\t\n\t\t\t\t\t\t\t\t\tAlemania\t\t\t\t\t\t\t\t\n\t\t\t\t\t\t\t<blockquote><p>\u00abEn DIVIS encontramos un socio competente que siempre tiene una soluci\u00f3n especial para cada una de nuestras ideas\u00bb.<\/p><\/blockquote>\t\t\t\t\t\t\n\t\t\t\t<img decoding=\"async\" src=\"https:\/\/www.divis.eu\/wp-content\/uploads\/2018\/01\/logo-schmalz-schoen.png\" alt=\"logo-schmalz-schoen\" title=\"logo-schmalz-schoen\" itemprop=\"image\"\/>\n\t\t\t\t\t\t\t\t<h3 class='uabb-testimonial-author-name testimonial-author-name'>SCHMALZ+SCH\u00d6N Logistics GmbH<\/h3>\t\t\t\t\t\t\t\t\n\t\t\t\t\t\t\t\t\tAlemania\t\t\t\t\t\t\t\t\n\t\t\t\t\t\t\t<blockquote><p>\u00abLa soluci\u00f3n perfecta incluso en \u00e1reas de transbordo heterog\u00e9neas: la videovigilancia de DIVIS, atenta a cada paquete\u00bb.<\/p><\/blockquote>\t\t\t\t\t\t\n\t\t\t<a href=\"https:\/\/www.divis.eu\/es\/referencias-y-casos-practicos-seguimiento-del-envio-en-el-almacen\/\" target=\"_self\" role=\"button\" aria-label=\"A los Casos pr\u00e1cticos\" rel=\"noopener\">\n\t\t\t\t\t\t\tA los Casos pr\u00e1cticos\n\t\t<\/a>\n\t\t\t\t<img decoding=\"async\" src=\"https:\/\/www.divis.eu\/wp-content\/uploads\/2018\/01\/hendrik-reger-1.png\" alt=\"Hendrik Reger | DIVIS | Videol\u00f6sungen f\u00fcr die Logistik\" itemprop=\"image\" height=\"385\" width=\"300\" title=\"hendrik-reger\" onerror=\"this.style.display='none'\"  \/>\n\t<em><strong>Hendrik Reger<\/strong><br \/>\nDirector General<br \/>\n<\/em>\n<h1>\n\t\t\u00bfTiene alguna pregunta?\n\t<\/h1>\n<h1>\n\t\tAqu\u00ed tenemos respuestas\n\t<\/h1>\n\t<p>Nuestro equipo estar\u00e1 encantado de responder a sus consultas sobre nuestros productos y de asesorarle de forma gratuita y sin compromiso.<\/p>\n\t\t\t<a href=\"https:\/\/www.divis.eu\/es\/pongase-en-contacto-con-divis-el-proveedor-de-servicios-de-seguimiento-y-localizacion-por-camara\/\" target=\"_self\" role=\"button\" aria-label=\"Contactar a DIVIS\" rel=\"noopener\">\n\t\t\t\t\t\t\tContactar a DIVIS\n\t\t<\/a>\n\t\t\t\t<img decoding=\"async\" src=\"https:\/\/www.divis.eu\/wp-content\/uploads\/2018\/01\/kundenlogo-CTL-1.png\" alt=\"CTL | DIVIS Kunde\" title=\"kundenlogo-CTL\" itemprop=\"image\"  \/>\n\t\t\t\t<img decoding=\"async\" src=\"https:\/\/www.divis.eu\/wp-content\/uploads\/2018\/01\/kundenlogo-dpd.png\" alt=\"kundenlogo-dpd\" title=\"kundenlogo-dpd\" itemprop=\"image\"  \/>\n\t\t\t\t<img decoding=\"async\" src=\"https:\/\/www.divis.eu\/wp-content\/uploads\/2018\/01\/kundenlogo-online.png\" alt=\"kundenlogo-online\" title=\"kundenlogo-online\" itemprop=\"image\"  \/>\n\t\t\t\t<img decoding=\"async\" src=\"https:\/\/www.divis.eu\/wp-content\/uploads\/2018\/01\/kundenlogo-rhenus.png\" alt=\"Rhenus Logistics | DIVIS-Kunde\" title=\"kundenlogo-rhenus\" itemprop=\"image\"  \/>\n\t\t\t\t<img decoding=\"async\" src=\"https:\/\/www.divis.eu\/wp-content\/uploads\/2018\/01\/kundenlogo-tsb.png\" alt=\"kundenlogo-tsb\" title=\"kundenlogo-tsb\" itemprop=\"image\"  \/>\n\t\t\t\t<img decoding=\"async\" src=\"https:\/\/www.divis.eu\/wp-content\/uploads\/2018\/01\/logo-van-duuren-mono-2.png\" alt=\"logo-van-duuren-mono\" title=\"logo-van-duuren-mono\" itemprop=\"image\"  \/>\n\t\t\t\t<img decoding=\"async\" src=\"https:\/\/www.divis.eu\/wp-content\/uploads\/2018\/01\/kundenlogo-transoflex-3.png\" alt=\"kundenlogo-transoflex\" title=\"kundenlogo-transoflex\" itemprop=\"image\"  \/>\n\t\t\t\t<img decoding=\"async\" src=\"https:\/\/www.divis.eu\/wp-content\/uploads\/2018\/01\/kundenlogo-emons.png\" alt=\"Emons | DIVIS-Kunde\" title=\"kundenlogo-emons\" itemprop=\"image\"  \/>\n\t\t\t\t<img decoding=\"async\" src=\"https:\/\/www.divis.eu\/wp-content\/uploads\/2018\/01\/kundenlogo-geis.png\" alt=\"Spedition Geis | DIVIS-Kunde\" title=\"kundenlogo-geis\" itemprop=\"image\"  \/>\n\t\t\t\t<img decoding=\"async\" src=\"https:\/\/www.divis.eu\/wp-content\/uploads\/2018\/01\/kundenlogo-gebrueder-weiss.png\" alt=\"Gebr\u00fcder Weiss | DIVIS-Kunde\" title=\"kundenlogo-gebrueder-weiss\" itemprop=\"image\"  \/>\n\t\t\t\t<img decoding=\"async\" src=\"https:\/\/www.divis.eu\/wp-content\/uploads\/2018\/01\/kundenlogo-tchibo.png\" alt=\"Tchibo | DIVIS-Kunde\" title=\"kundenlogo-tchibo\" itemprop=\"image\"  \/>\n\t\t\t\t<img decoding=\"async\" src=\"https:\/\/www.divis.eu\/wp-content\/uploads\/2018\/01\/kundenlogo-24plus.png\" alt=\"kundenlogo-24plus\" title=\"kundenlogo-24plus\" itemprop=\"image\"  \/>\n\n","protected":false},"excerpt":{"rendered":"<p>Valor a\u00f1adido para su software Funciones opcionales Plus+ Gracias a nuestras vers\u00e1tiles funciones Plus+, podr\u00e1 adaptar nuestras soluciones de videovigilancia para la log\u00edstica a los requisitos individuales y cambiantes en un abrir y cerrar de ojos. Los siguientes m\u00f3dulos est\u00e1n disponibles de forma opcional para nuestro software CargoVIS por una tarifa adicional. Funci\u00f3n opcional Plus+&hellip;<\/p>\n","protected":false},"author":1,"featured_media":0,"parent":0,"menu_order":0,"comment_status":"closed","ping_status":"closed","template":"","meta":{"footnotes":""},"class_list":["post-24535","page","type-page","status-publish","hentry"],"yoast_head":"<!-- This site is optimized with the Yoast SEO plugin v27.4 - https:\/\/yoast.com\/product\/yoast-seo-wordpress\/ -->\n<title>M\u00f3dulos | Extensiones para soluciones de videovigilancia | Log\u00edstica | DIVIS<\/title>\n<meta name=\"description\" content=\"Con nuestras vers\u00e1tiles funciones Plus, podr\u00e1 ampliar r\u00e1pidamente nuestras soluciones de videovigilancia para la log\u00edstica y adaptarlas a sus necesidades\" \/>\n<meta name=\"robots\" content=\"index, follow, max-snippet:-1, max-image-preview:large, max-video-preview:-1\" \/>\n<link rel=\"canonical\" href=\"https:\/\/www.divis.eu\/es\/modulos-para-soluciones-de-videovigilancia-en-logistica\/\" \/>\n<meta property=\"og:locale\" content=\"es_ES\" \/>\n<meta property=\"og:type\" content=\"article\" \/>\n<meta property=\"og:title\" content=\"M\u00f3dulos | Extensiones para soluciones de videovigilancia | Log\u00edstica | DIVIS\" \/>\n<meta property=\"og:description\" content=\"Con nuestras vers\u00e1tiles funciones Plus, podr\u00e1 ampliar r\u00e1pidamente nuestras soluciones de videovigilancia para la log\u00edstica y adaptarlas a sus necesidades\" \/>\n<meta property=\"og:url\" content=\"https:\/\/www.divis.eu\/es\/modulos-para-soluciones-de-videovigilancia-en-logistica\/\" \/>\n<meta property=\"og:site_name\" content=\"DIVIS - The intelligent view\" \/>\n<meta property=\"article:modified_time\" content=\"2024-04-04T23:26:37+00:00\" \/>\n<meta property=\"og:image\" content=\"https:\/\/www.divis.eu\/wp-content\/uploads\/2021\/12\/seitenbild-links1-es.png\" \/>\n<meta name=\"twitter:card\" content=\"summary_large_image\" \/>\n<meta name=\"twitter:label1\" content=\"Tiempo de lectura\" \/>\n\t<meta name=\"twitter:data1\" content=\"10 minutos\" \/>\n<script type=\"application\/ld+json\" class=\"yoast-schema-graph\">{\"@context\":\"https:\\\/\\\/schema.org\",\"@graph\":[{\"@type\":\"WebPage\",\"@id\":\"https:\\\/\\\/www.divis.eu\\\/es\\\/modulos-para-soluciones-de-videovigilancia-en-logistica\\\/\",\"url\":\"https:\\\/\\\/www.divis.eu\\\/es\\\/modulos-para-soluciones-de-videovigilancia-en-logistica\\\/\",\"name\":\"M\u00f3dulos | Extensiones para soluciones de videovigilancia | Log\u00edstica | DIVIS\",\"isPartOf\":{\"@id\":\"https:\\\/\\\/www.divis.eu\\\/#website\"},\"primaryImageOfPage\":{\"@id\":\"https:\\\/\\\/www.divis.eu\\\/es\\\/modulos-para-soluciones-de-videovigilancia-en-logistica\\\/#primaryimage\"},\"image\":{\"@id\":\"https:\\\/\\\/www.divis.eu\\\/es\\\/modulos-para-soluciones-de-videovigilancia-en-logistica\\\/#primaryimage\"},\"thumbnailUrl\":\"https:\\\/\\\/www.divis.eu\\\/wp-content\\\/uploads\\\/2021\\\/12\\\/seitenbild-links1-es.png\",\"datePublished\":\"2018-02-09T20:54:09+00:00\",\"dateModified\":\"2024-04-04T23:26:37+00:00\",\"description\":\"Con nuestras vers\u00e1tiles funciones Plus, podr\u00e1 ampliar r\u00e1pidamente nuestras soluciones de videovigilancia para la log\u00edstica y adaptarlas a sus necesidades\",\"breadcrumb\":{\"@id\":\"https:\\\/\\\/www.divis.eu\\\/es\\\/modulos-para-soluciones-de-videovigilancia-en-logistica\\\/#breadcrumb\"},\"inLanguage\":\"es\",\"potentialAction\":[{\"@type\":\"ReadAction\",\"target\":[\"https:\\\/\\\/www.divis.eu\\\/es\\\/modulos-para-soluciones-de-videovigilancia-en-logistica\\\/\"]}]},{\"@type\":\"ImageObject\",\"inLanguage\":\"es\",\"@id\":\"https:\\\/\\\/www.divis.eu\\\/es\\\/modulos-para-soluciones-de-videovigilancia-en-logistica\\\/#primaryimage\",\"url\":\"https:\\\/\\\/www.divis.eu\\\/wp-content\\\/uploads\\\/2021\\\/12\\\/seitenbild-links1-es.png\",\"contentUrl\":\"https:\\\/\\\/www.divis.eu\\\/wp-content\\\/uploads\\\/2021\\\/12\\\/seitenbild-links1-es.png\"},{\"@type\":\"BreadcrumbList\",\"@id\":\"https:\\\/\\\/www.divis.eu\\\/es\\\/modulos-para-soluciones-de-videovigilancia-en-logistica\\\/#breadcrumb\",\"itemListElement\":[{\"@type\":\"ListItem\",\"position\":1,\"name\":\"Startseite\",\"item\":\"https:\\\/\\\/www.divis.eu\\\/es\\\/\"},{\"@type\":\"ListItem\",\"position\":2,\"name\":\"M\u00f3dulos para soluciones de videovigilancia en log\u00edstica\"}]},{\"@type\":\"WebSite\",\"@id\":\"https:\\\/\\\/www.divis.eu\\\/#website\",\"url\":\"https:\\\/\\\/www.divis.eu\\\/\",\"name\":\"DIVIS - The intelligent view\",\"description\":\"Videosysteml\u00f6sungen f\u00fcr Umschlags- und Warenlager\",\"potentialAction\":[{\"@type\":\"SearchAction\",\"target\":{\"@type\":\"EntryPoint\",\"urlTemplate\":\"https:\\\/\\\/www.divis.eu\\\/?s={search_term_string}\"},\"query-input\":{\"@type\":\"PropertyValueSpecification\",\"valueRequired\":true,\"valueName\":\"search_term_string\"}}],\"inLanguage\":\"es\"}]}<\/script>\n<!-- \/ Yoast SEO plugin. -->","yoast_head_json":{"title":"M\u00f3dulos | Extensiones para soluciones de videovigilancia | Log\u00edstica | DIVIS","description":"Con nuestras vers\u00e1tiles funciones Plus, podr\u00e1 ampliar r\u00e1pidamente nuestras soluciones de videovigilancia para la log\u00edstica y adaptarlas a sus necesidades","robots":{"index":"index","follow":"follow","max-snippet":"max-snippet:-1","max-image-preview":"max-image-preview:large","max-video-preview":"max-video-preview:-1"},"canonical":"https:\/\/www.divis.eu\/es\/modulos-para-soluciones-de-videovigilancia-en-logistica\/","og_locale":"es_ES","og_type":"article","og_title":"M\u00f3dulos | Extensiones para soluciones de videovigilancia | Log\u00edstica | DIVIS","og_description":"Con nuestras vers\u00e1tiles funciones Plus, podr\u00e1 ampliar r\u00e1pidamente nuestras soluciones de videovigilancia para la log\u00edstica y adaptarlas a sus necesidades","og_url":"https:\/\/www.divis.eu\/es\/modulos-para-soluciones-de-videovigilancia-en-logistica\/","og_site_name":"DIVIS - The intelligent view","article_modified_time":"2024-04-04T23:26:37+00:00","og_image":[{"url":"https:\/\/www.divis.eu\/wp-content\/uploads\/2021\/12\/seitenbild-links1-es.png","type":"","width":"","height":""}],"twitter_card":"summary_large_image","twitter_misc":{"Tiempo de lectura":"10 minutos"},"schema":{"@context":"https:\/\/schema.org","@graph":[{"@type":"WebPage","@id":"https:\/\/www.divis.eu\/es\/modulos-para-soluciones-de-videovigilancia-en-logistica\/","url":"https:\/\/www.divis.eu\/es\/modulos-para-soluciones-de-videovigilancia-en-logistica\/","name":"M\u00f3dulos | Extensiones para soluciones de videovigilancia | Log\u00edstica | DIVIS","isPartOf":{"@id":"https:\/\/www.divis.eu\/#website"},"primaryImageOfPage":{"@id":"https:\/\/www.divis.eu\/es\/modulos-para-soluciones-de-videovigilancia-en-logistica\/#primaryimage"},"image":{"@id":"https:\/\/www.divis.eu\/es\/modulos-para-soluciones-de-videovigilancia-en-logistica\/#primaryimage"},"thumbnailUrl":"https:\/\/www.divis.eu\/wp-content\/uploads\/2021\/12\/seitenbild-links1-es.png","datePublished":"2018-02-09T20:54:09+00:00","dateModified":"2024-04-04T23:26:37+00:00","description":"Con nuestras vers\u00e1tiles funciones Plus, podr\u00e1 ampliar r\u00e1pidamente nuestras soluciones de videovigilancia para la log\u00edstica y adaptarlas a sus necesidades","breadcrumb":{"@id":"https:\/\/www.divis.eu\/es\/modulos-para-soluciones-de-videovigilancia-en-logistica\/#breadcrumb"},"inLanguage":"es","potentialAction":[{"@type":"ReadAction","target":["https:\/\/www.divis.eu\/es\/modulos-para-soluciones-de-videovigilancia-en-logistica\/"]}]},{"@type":"ImageObject","inLanguage":"es","@id":"https:\/\/www.divis.eu\/es\/modulos-para-soluciones-de-videovigilancia-en-logistica\/#primaryimage","url":"https:\/\/www.divis.eu\/wp-content\/uploads\/2021\/12\/seitenbild-links1-es.png","contentUrl":"https:\/\/www.divis.eu\/wp-content\/uploads\/2021\/12\/seitenbild-links1-es.png"},{"@type":"BreadcrumbList","@id":"https:\/\/www.divis.eu\/es\/modulos-para-soluciones-de-videovigilancia-en-logistica\/#breadcrumb","itemListElement":[{"@type":"ListItem","position":1,"name":"Startseite","item":"https:\/\/www.divis.eu\/es\/"},{"@type":"ListItem","position":2,"name":"M\u00f3dulos para soluciones de videovigilancia en log\u00edstica"}]},{"@type":"WebSite","@id":"https:\/\/www.divis.eu\/#website","url":"https:\/\/www.divis.eu\/","name":"DIVIS - The intelligent view","description":"Videosysteml\u00f6sungen f\u00fcr Umschlags- und Warenlager","potentialAction":[{"@type":"SearchAction","target":{"@type":"EntryPoint","urlTemplate":"https:\/\/www.divis.eu\/?s={search_term_string}"},"query-input":{"@type":"PropertyValueSpecification","valueRequired":true,"valueName":"search_term_string"}}],"inLanguage":"es"}]}},"_links":{"self":[{"href":"https:\/\/www.divis.eu\/es\/wp-json\/wp\/v2\/pages\/24535","targetHints":{"allow":["GET"]}}],"collection":[{"href":"https:\/\/www.divis.eu\/es\/wp-json\/wp\/v2\/pages"}],"about":[{"href":"https:\/\/www.divis.eu\/es\/wp-json\/wp\/v2\/types\/page"}],"author":[{"embeddable":true,"href":"https:\/\/www.divis.eu\/es\/wp-json\/wp\/v2\/users\/1"}],"replies":[{"embeddable":true,"href":"https:\/\/www.divis.eu\/es\/wp-json\/wp\/v2\/comments?post=24535"}],"version-history":[{"count":0,"href":"https:\/\/www.divis.eu\/es\/wp-json\/wp\/v2\/pages\/24535\/revisions"}],"wp:attachment":[{"href":"https:\/\/www.divis.eu\/es\/wp-json\/wp\/v2\/media?parent=24535"}],"curies":[{"name":"wp","href":"https:\/\/api.w.org\/{rel}","templated":true}]}}