{"id":24689,"date":"2017-11-02T22:11:58","date_gmt":"2017-11-02T22:11:58","guid":{"rendered":"https:\/\/www.divis.eu\/startseite\/"},"modified":"2026-01-23T03:23:56","modified_gmt":"2026-01-23T03:23:56","slug":"pagina-de-inicio","status":"publish","type":"page","link":"https:\/\/www.divis.eu\/es\/","title":{"rendered":"P\u00e1gina de inicio"},"content":{"rendered":"\n\n\t<a href=\"https:\/\/www.divis.eu\/es\/divis-videovigilancia-para-logistica-beneficios-para-el-cliente\/\" target=\"_self\"  aria-label=\"Go to https:\/\/www.divis.eu\/es\/divis-videovigilancia-para-logistica-beneficios-para-el-cliente\/\"><\/a>\n\t\tBENEFICIOS PARA EL CLIENTE\t\t\t\n\t\t\t\t<p>Rentabilidad, flexibilidad y fiabilidad gracias a una mayor transparencia<\/p>\n\t<a href=\"https:\/\/www.divis.eu\/es\/soluciones-de-videovigilancia-para-la-logistica-distribuidores-de-productos\/\" target=\"_self\"  aria-label=\"Go to https:\/\/www.divis.eu\/es\/soluciones-de-videovigilancia-para-la-logistica-distribuidores-de-productos\/\"><\/a>\n\t\tSOLUCIONES\t\t\t\n\t\t\t\t<p>DIVIS desarrolla soluciones de v\u00eddeo para la manipulaci\u00f3n de mercanc\u00edas paletizadas y servicios de paqueter\u00eda<\/p>\n\t<a href=\"https:\/\/www.divis.eu\/es\/divis-videovigilancia-para-la-logistica-quienes-somos\/\" target=\"_self\"  aria-label=\"Go to https:\/\/www.divis.eu\/es\/divis-videovigilancia-para-la-logistica-quienes-somos\/\"><\/a>\n\t\tACERCA DE DIVIS\t\t\t\n\t\t\t\t<p>La base de nuestro \u00e9xito: m\u00e1s de 15 a\u00f1os de experiencia y un equipo innovador<\/p>\n\t\t\t\t<a href=\"https:\/\/www.divis.eu\/es\/dimension-medicion-automatica-del-volumen\/\" target=\"_self\"  itemprop=\"url\">\n\t\t\t\t<img decoding=\"async\" src=\"https:\/\/www.divis.eu\/wp-content\/uploads\/2023\/12\/dimension_plus_releasebanner-es.jpg\" alt=\"dimension_plus_releasebanner-es\" title=\"dimension_plus_releasebanner-es\" itemprop=\"image\"  \/>\n\t\t\t\t\t\t<\/a>\n\t\t\t\t<a href=\"https:\/\/www.divis.eu\/es\/cargovis-bluetooth-low-energy-loxx-lagerlogistik-gmbh\/\" target=\"_self\"  itemprop=\"url\">\n\t\t\t\t<img decoding=\"async\" src=\"https:\/\/www.divis.eu\/wp-content\/uploads\/2022\/11\/banner-loxx-anwenderbericht-es.jpg\" alt=\"banner-loxx-anwenderbericht-es\" title=\"banner-loxx-anwenderbericht-es\" itemprop=\"image\"  \/>\n\t\t\t\t\t\t<\/a>\n\t\t\t\t<a href=\"https:\/\/www.divis.eu\/es\/cargovis-bluetooth-low-energy-loxx-lagerlogistik-gmbh\/\" title=\"CargoVIS con posicionamiento Bluetooth Low Energy sin etiquetas en LOXX en Gelsenkirchen\">CargoVIS con posicionamiento Bluetooth Low Energy sin etiquetas en LOXX en Gelsenkirchen<\/a>\t\t\t\n\t\t\t\t\t\t\t\tTras el cambio a la tecnolog\u00eda de posicionamiento Bluetooth Low Energy sin etiquetas, LOXX Lagerlogistics GmbH puede ahora prescindir de la adquisici\u00f3n, el mantenimiento y la reparaci\u00f3n de transpondedores, reduciendo as\u00ed los costes y aumentando la calidad del servicio.\n\t\t\t\t\t<a href=\"https:\/\/www.divis.eu\/es\/cargovis-bluetooth-low-energy-loxx-lagerlogistik-gmbh\/\" title=\"Read More\" target=\"_self\">Weiterlesen &#8594;<\/a>\t\t\n\t\t\t\t<a href=\"https:\/\/www.divis.eu\/es\/seguridad-gracias-a-la-vista-panoramica-con-trans-o-flex\/\" title=\"Seguridad gracias a la vista panor\u00e1mica con trans-o-flex\">Seguridad gracias a la vista panor\u00e1mica con trans-o-flex<\/a>\t\t\t\n\t\t\t\t\t\t\t\tEn el centro de transbordo trans-o-flex de Hamm, la soluci\u00f3n de v\u00eddeo de ParcelVIS permite resolver r\u00e1pidamente los problemas de env\u00edos. De este modo, los tiempos de b\u00fasqueda se han reducido en un 95%.\n\t\t\t\t\t<a href=\"https:\/\/www.divis.eu\/es\/seguridad-gracias-a-la-vista-panoramica-con-trans-o-flex\/\" title=\"Read More\" target=\"_self\">Weiterlesen &#8594;<\/a>\t\t\n\t\t\t\t<a href=\"https:\/\/www.divis.eu\/es\/caso-practico-emons-videovigilancia-en-la-manipulacion-de-cargas-generales\/\" title=\"Caso pr\u00e1ctico: Emons videovigilancia en la manipulaci\u00f3n de cargas generales\">Caso pr\u00e1ctico: Emons videovigilancia en la manipulaci\u00f3n de cargas generales<\/a>\t\t\t\n\t\t\t\t\t\t\t\tCon la soluci\u00f3n DIVIS para la videovigilancia en la manipulaci\u00f3n de cargas generales, Emons Spedition  ha reducido los tiempos de despacho de los camiones que operan en el transporte local.\n\t\t\t\t\t<a href=\"https:\/\/www.divis.eu\/es\/caso-practico-emons-videovigilancia-en-la-manipulacion-de-cargas-generales\/\" title=\"Read More\" target=\"_self\">Weiterlesen &#8594;<\/a>\t\t\n\t\t\t<a href=\"https:\/\/www.divis.eu\/es\/referencias-y-casos-practicos-seguimiento-del-envio-en-el-almacen\/\" title=\"Click Here\" target=\"_self\"   role=\"button\" aria-label=\"Encuentre todas las referencias\">\n\t\t\t\t\t\t\tEncuentre todas las referencias\n\t\t<\/a>\n\t<p>Video &amp; Scan<\/p>\n\t<p>DIVIS marca la diferencia<\/p>\n<h1>\n\t\t\tSoluciones de v\u00eddeo para la log\u00edstica<br \/>Software intuitivo y navegaci\u00f3n por \u00e1rea patentada\t<\/h1>\n<h3>\n\t\t\tSoftware intuitivo y navegaci\u00f3n por \u00e1rea patentada\t<\/h3>\n\t\t\t<h2>Soluciones DIVIS<\/h2>\t\t\t\n\t\t\t\t<p>Ver lo importante.<br \/>Comprender mejor.<br \/>Hacerlo m\u00e1s eficiente.<\/p>\n\t<p>Usted conoce exactamente sus necesidades: el sistema de videovigilancia adecuado para su centro log\u00edstico debe protegerle de manera eficaz contra da\u00f1os, p\u00e9rdidas y robos, proporcionar pruebas claras de la transferencia de responsabilidad, documentar de forma confiable los da\u00f1os y reducir as\u00ed los errores de planificaci\u00f3n, la escasez de existencias y las p\u00e9rdidas de env\u00edos.<\/p>\nSin embargo, debido a la variedad de soluciones disponibles en el mercado, puede resultar dif\u00edcil tomar la decisi\u00f3n correcta.<br \/>\nNosotros se la hacemos f\u00e1cil.<br \/>\nDIVIS aporta claridad y ahorra tiempo para las cosas que realmente importan.\n\t<h2>La diferencia est\u00e1 en los detalles<\/h2>\n<strong>El sistema de v\u00eddeo DIVIS est\u00e1 conectado a los esc\u00e1neres usados en el dep\u00f3sito, cuya posici\u00f3n en los escaneos es registrada por nuestro software. Esto hace que el seguimiento de las mercanc\u00edas sea eficiente y completo. Adem\u00e1s, se presentan numerosas posibilidades nuevas de garantizar la calidad en la manipulaci\u00f3n de mercanc\u00edas, que van mucho m\u00e1s all\u00e1 de la mera b\u00fasqueda de un env\u00edo perdido.<br \/>\n<\/strong>\n<p>En la interfaz de usuario de nuestro software Scan&amp;Video, puede usar par\u00e1metros de b\u00fasqueda definidos por usted mismo y el n\u00famero de env\u00edo para determinar con precisi\u00f3n tiempos, per\u00edodos y \u00e1reas espec\u00edficos, sin necesidad de visualizar tediosas secuencias de video completas. Sobre la base de estos escaneos, no solo se puede identificar un objeto r\u00e1pidamente y de forma segura, sino que adem\u00e1s se puede realizar un seguimiento integral e ininterrumpido. Varios filtros ayudan a restringir a\u00fan m\u00e1s la b\u00fasqueda y a obtener la informaci\u00f3n deseada en un tiempo m\u00ednimo.<\/p>\n<p>Cada entorno log\u00edstico tiene requisitos muy particulares. Por ello, el software y el hardware de nuestras soluciones de v\u00eddeo para la log\u00edstica proceden de una sola fuente y se adaptan con precisi\u00f3n a sus procesos y condiciones.<\/p>\n\t\t\t\t<img decoding=\"async\" src=\"https:\/\/www.divis.eu\/wp-content\/uploads\/2018\/01\/logo-van-duuren-weiss.png\" alt=\"logo-van-duuren-weiss\" title=\"logo-van-duuren-weiss\" itemprop=\"image\"\/>\n\t\t\t\t\t\t\t\t<h3 class='uabb-testimonial-author-name testimonial-author-name'>Van Duuren<\/h3>\t\t\t\t\t\t\t\t\n\t\t\t\t\t\t\t\t\tPa\u00edses Bajos\t\t\t\t\t\t\t\t\n\t\t\t\t\t\t\t<blockquote><p>\u00abCargoVIS funciona perfectamente, todo el mundo est\u00e1 acostumbrado a \u00e9l y ya no podemos vivir sin \u00e9l.\u00bb<\/p><\/blockquote>\t\t\t\t\t\t\n\t\t\t\t<img decoding=\"async\" src=\"https:\/\/www.divis.eu\/wp-content\/uploads\/2018\/01\/logo-tsb.png\" alt=\"logo-tsb\" title=\"logo-tsb\" itemprop=\"image\"\/>\n\t\t\t\t\t\t\t\t<h3 class='uabb-testimonial-author-name testimonial-author-name'>TSBtrans<\/h3>\t\t\t\t\t\t\t\t\n\t\t\t\t\t\t\t\t\tEspa\u00f1a\t\t\t\t\t\t\t\t\n\t\t\t\t\t\t\t<blockquote><p>\u00abCargoVIS es totalmente confiable y gracias a sus capacidades de seguimiento, la inversi\u00f3n de TSB se ha amortizado en menos de un a\u00f1o al poder encontrar los pal\u00e9s &#8216;desaparecidos&#8217; e identificar las fuentes de da\u00f1os\u00bb.<\/p><\/blockquote>\t\t\t\t\t\t\n\t\t\t\t<img decoding=\"async\" src=\"https:\/\/www.divis.eu\/wp-content\/uploads\/2018\/01\/logo-lagermax.png\" alt=\"logo-lagermax\" title=\"logo-lagermax\" itemprop=\"image\"\/>\n\t\t\t\t\t\t\t\t<h3 class='uabb-testimonial-author-name testimonial-author-name'>Lagermax Paketdienst GmbH &amp; Co KG<\/h3>\t\t\t\t\t\t\t\t\n\t\t\t\t\t\t\t\t\tAustria\t\t\t\t\t\t\t\t\n\t\t\t\t\t\t\t<blockquote><p>\u00abLlevamos 5 a\u00f1os usando ParcelVIS de DIVIS y nunca hemos tenido ning\u00fan problema\u00bb.<\/p><\/blockquote>\t\t\t\t\t\t\n\t\t\t\t<img decoding=\"async\" src=\"https:\/\/www.divis.eu\/wp-content\/uploads\/2018\/01\/logo-voigt-invers.png\" alt=\"logo-voigt-invers\" title=\"logo-voigt-invers\" itemprop=\"image\"\/>\n\t\t\t\t\t\t\t\t<h3 class='uabb-testimonial-author-name testimonial-author-name'>Herbert Voigt GmbH &amp; Co. KG<\/h3>\t\t\t\t\t\t\t\t\n\t\t\t\t\t\t\t\t\tAlemania\t\t\t\t\t\t\t\t\n\t\t\t\t\t\t\t<blockquote><p>\u00abEn DIVIS encontramos un socio competente que siempre tiene una soluci\u00f3n especial para cada una de nuestras ideas\u00bb.<\/p><\/blockquote>\t\t\t\t\t\t\n\t\t\t\t<img decoding=\"async\" src=\"https:\/\/www.divis.eu\/wp-content\/uploads\/2018\/01\/logo-schmalz-schoen.png\" alt=\"logo-schmalz-schoen\" title=\"logo-schmalz-schoen\" itemprop=\"image\"\/>\n\t\t\t\t\t\t\t\t<h3 class='uabb-testimonial-author-name testimonial-author-name'>SCHMALZ+SCH\u00d6N Logistics GmbH<\/h3>\t\t\t\t\t\t\t\t\n\t\t\t\t\t\t\t\t\tAlemania\t\t\t\t\t\t\t\t\n\t\t\t\t\t\t\t<blockquote><p>\u00abLa soluci\u00f3n perfecta incluso en \u00e1reas de transbordo heterog\u00e9neas: la videovigilancia de DIVIS, atenta a cada paquete\u00bb.<\/p><\/blockquote>\t\t\t\t\t\t\n\t\t\t<a href=\"https:\/\/www.divis.eu\/es\/referencias-y-casos-practicos-seguimiento-del-envio-en-el-almacen\/\" title=\"Click Here\" target=\"_self\"   role=\"button\" aria-label=\"A los Casos pr\u00e1cticos\">\n\t\t\t\t\t\t\tA los Casos pr\u00e1cticos\n\t\t<\/a>\n\t\t\t\t<img decoding=\"async\" src=\"https:\/\/www.divis.eu\/wp-content\/uploads\/2018\/01\/hendrik-reger-1.png\" alt=\"Hendrik Reger | DIVIS | Videol\u00f6sungen f\u00fcr die Logistik\" itemprop=\"image\" height=\"385\" width=\"300\" title=\"hendrik-reger\" onerror=\"this.style.display='none'\" loading='lazy' \/>\n\t<em><strong>Hendrik Reger<\/strong><br \/>\nDirector General<br \/>\n<\/em>\n\t<p>\u00bfTiene alguna pregunta?<\/p>\n\t<p>Aqu\u00ed tenemos respuestas<\/p>\n\t<p>Nuestro equipo estar\u00e1 encantado de responder a sus consultas sobre nuestros productos y de asesorarle de forma gratuita y sin compromiso.<\/p>\n\t\t\t<a href=\"https:\/\/www.divis.eu\/es\/pongase-en-contacto-con-divis-el-proveedor-de-servicios-de-seguimiento-y-localizacion-por-camara\/\" title=\"Click Here\" target=\"_self\"   role=\"button\" aria-label=\"Contactar a DIVIS\">\n\t\t\t\t\t\t\tContactar a DIVIS\n\t\t<\/a>\n\t\t\t\t<img decoding=\"async\" src=\"https:\/\/www.divis.eu\/wp-content\/uploads\/2018\/01\/kundenlogo-CTL-1.png\" alt=\"CTL | DIVIS Kunde\" title=\"kundenlogo-CTL\" itemprop=\"image\"  \/>\n\t\t\t\t<img decoding=\"async\" src=\"https:\/\/www.divis.eu\/wp-content\/uploads\/2018\/01\/kundenlogo-dpd.png\" alt=\"kundenlogo-dpd\" title=\"kundenlogo-dpd\" itemprop=\"image\"  \/>\n\t\t\t\t<img decoding=\"async\" src=\"https:\/\/www.divis.eu\/wp-content\/uploads\/2018\/01\/kundenlogo-online.png\" alt=\"kundenlogo-online\" title=\"kundenlogo-online\" itemprop=\"image\"  \/>\n\t\t\t\t<img decoding=\"async\" src=\"https:\/\/www.divis.eu\/wp-content\/uploads\/2018\/01\/kundenlogo-rhenus.png\" alt=\"Rhenus Logistics | DIVIS-Kunde\" title=\"kundenlogo-rhenus\" itemprop=\"image\"  \/>\n\t\t\t\t<img decoding=\"async\" src=\"https:\/\/www.divis.eu\/wp-content\/uploads\/2018\/01\/kundenlogo-tsb.png\" alt=\"kundenlogo-tsb\" title=\"kundenlogo-tsb\" itemprop=\"image\"  \/>\n\t\t\t\t<img decoding=\"async\" src=\"https:\/\/www.divis.eu\/wp-content\/uploads\/2018\/01\/logo-van-duuren-mono-2.png\" alt=\"logo-van-duuren-mono\" title=\"logo-van-duuren-mono\" itemprop=\"image\"  \/>\n\t\t\t\t<img decoding=\"async\" src=\"https:\/\/www.divis.eu\/wp-content\/uploads\/2018\/01\/kundenlogo-transoflex-3.png\" alt=\"kundenlogo-transoflex\" title=\"kundenlogo-transoflex\" itemprop=\"image\"  \/>\n\t\t\t\t<img decoding=\"async\" src=\"https:\/\/www.divis.eu\/wp-content\/uploads\/2018\/01\/kundenlogo-emons.png\" alt=\"Emons | DIVIS-Kunde\" title=\"kundenlogo-emons\" itemprop=\"image\"  \/>\n\t\t\t\t<img decoding=\"async\" src=\"https:\/\/www.divis.eu\/wp-content\/uploads\/2018\/01\/kundenlogo-geis.png\" alt=\"Spedition Geis | DIVIS-Kunde\" title=\"kundenlogo-geis\" itemprop=\"image\"  \/>\n\t\t\t\t<img decoding=\"async\" src=\"https:\/\/www.divis.eu\/wp-content\/uploads\/2018\/01\/kundenlogo-gebrueder-weiss.png\" alt=\"Gebr\u00fcder Weiss | DIVIS-Kunde\" title=\"kundenlogo-gebrueder-weiss\" itemprop=\"image\"  \/>\n\t\t\t\t<img decoding=\"async\" src=\"https:\/\/www.divis.eu\/wp-content\/uploads\/2018\/01\/kundenlogo-tchibo.png\" alt=\"Tchibo | DIVIS-Kunde\" title=\"kundenlogo-tchibo\" itemprop=\"image\"  \/>\n\t\t\t\t<img decoding=\"async\" src=\"https:\/\/www.divis.eu\/wp-content\/uploads\/2018\/01\/kundenlogo-24plus.png\" alt=\"kundenlogo-24plus\" title=\"kundenlogo-24plus\" itemprop=\"image\"  \/>\n\n","protected":false},"excerpt":{"rendered":"<p>BENEFICIOS PARA EL CLIENTE Rentabilidad, flexibilidad y fiabilidad gracias a una mayor transparencia SOLUCIONES DIVIS desarrolla soluciones de v\u00eddeo para la manipulaci\u00f3n de mercanc\u00edas paletizadas y servicios de paqueter\u00eda ACERCA DE DIVIS La base de nuestro \u00e9xito: m\u00e1s de 15 a\u00f1os de experiencia y un equipo innovador CargoVIS con posicionamiento Bluetooth Low Energy sin etiquetas&hellip;<\/p>\n","protected":false},"author":1,"featured_media":0,"parent":0,"menu_order":0,"comment_status":"closed","ping_status":"closed","template":"","meta":{"footnotes":""},"class_list":["post-24689","page","type-page","status-publish","hentry"],"yoast_head":"<!-- This site is optimized with the Yoast SEO plugin v27.2 - https:\/\/yoast.com\/product\/yoast-seo-wordpress\/ -->\n<title>DIVIS ofrece soluciones de video para log\u00edstica listas para usar<\/title>\n<meta name=\"description\" content=\"DIVIS ofrece soluciones de video para log\u00edstica listas para usar, b\u00fasqueda de env\u00edos por medio de video para mercanc\u00edas paletizadas y seguimiento de paquetes para proveedores CEP y dep\u00f3sitos de transbordo con navegaci\u00f3n por \u00e1rea patentada.\" \/>\n<meta name=\"robots\" content=\"index, follow, max-snippet:-1, max-image-preview:large, max-video-preview:-1\" \/>\n<link rel=\"canonical\" href=\"https:\/\/www.divis.eu\/es\/\" \/>\n<meta property=\"og:locale\" content=\"es_ES\" \/>\n<meta property=\"og:type\" content=\"article\" \/>\n<meta property=\"og:title\" content=\"DIVIS ofrece soluciones de video para log\u00edstica listas para usar\" \/>\n<meta property=\"og:description\" content=\"DIVIS ofrece soluciones de video para log\u00edstica listas para usar, b\u00fasqueda de env\u00edos por medio de video para mercanc\u00edas paletizadas y seguimiento de paquetes para proveedores CEP y dep\u00f3sitos de transbordo con navegaci\u00f3n por \u00e1rea patentada.\" \/>\n<meta property=\"og:url\" content=\"https:\/\/www.divis.eu\/es\/\" \/>\n<meta property=\"og:site_name\" content=\"DIVIS - The intelligent view\" \/>\n<meta property=\"article:modified_time\" content=\"2026-01-23T03:23:56+00:00\" \/>\n<meta property=\"og:image\" content=\"https:\/\/www.divis.eu\/wp-content\/uploads\/2023\/12\/dimension_plus_releasebanner-es.jpg\" \/>\n<meta name=\"twitter:card\" content=\"summary_large_image\" \/>\n<meta name=\"twitter:label1\" content=\"Tiempo de lectura\" \/>\n\t<meta name=\"twitter:data1\" content=\"7 minutos\" \/>\n<script type=\"application\/ld+json\" class=\"yoast-schema-graph\">{\"@context\":\"https:\/\/schema.org\",\"@graph\":[{\"@type\":\"WebPage\",\"@id\":\"https:\/\/www.divis.eu\/es\/\",\"url\":\"https:\/\/www.divis.eu\/es\/\",\"name\":\"DIVIS ofrece soluciones de video para log\u00edstica listas para usar\",\"isPartOf\":{\"@id\":\"https:\/\/www.divis.eu\/#website\"},\"primaryImageOfPage\":{\"@id\":\"https:\/\/www.divis.eu\/es\/#primaryimage\"},\"image\":{\"@id\":\"https:\/\/www.divis.eu\/es\/#primaryimage\"},\"thumbnailUrl\":\"https:\/\/www.divis.eu\/wp-content\/uploads\/2023\/12\/dimension_plus_releasebanner-es.jpg\",\"datePublished\":\"2017-11-02T22:11:58+00:00\",\"dateModified\":\"2026-01-23T03:23:56+00:00\",\"description\":\"DIVIS ofrece soluciones de video para log\u00edstica listas para usar, b\u00fasqueda de env\u00edos por medio de video para mercanc\u00edas paletizadas y seguimiento de paquetes para proveedores CEP y dep\u00f3sitos de transbordo con navegaci\u00f3n por \u00e1rea patentada.\",\"breadcrumb\":{\"@id\":\"https:\/\/www.divis.eu\/es\/#breadcrumb\"},\"inLanguage\":\"es\",\"potentialAction\":[{\"@type\":\"ReadAction\",\"target\":[\"https:\/\/www.divis.eu\/es\/\"]}]},{\"@type\":\"ImageObject\",\"inLanguage\":\"es\",\"@id\":\"https:\/\/www.divis.eu\/es\/#primaryimage\",\"url\":\"https:\/\/www.divis.eu\/wp-content\/uploads\/2023\/12\/dimension_plus_releasebanner-es.jpg\",\"contentUrl\":\"https:\/\/www.divis.eu\/wp-content\/uploads\/2023\/12\/dimension_plus_releasebanner-es.jpg\"},{\"@type\":\"BreadcrumbList\",\"@id\":\"https:\/\/www.divis.eu\/es\/#breadcrumb\",\"itemListElement\":[{\"@type\":\"ListItem\",\"position\":1,\"name\":\"Startseite\",\"item\":\"https:\/\/www.divis.eu\/es\/\"},{\"@type\":\"ListItem\",\"position\":2,\"name\":\"P\u00e1gina de inicio\"}]},{\"@type\":\"WebSite\",\"@id\":\"https:\/\/www.divis.eu\/#website\",\"url\":\"https:\/\/www.divis.eu\/\",\"name\":\"DIVIS - The intelligent view\",\"description\":\"Videosysteml\u00f6sungen f\u00fcr Umschlags- und Warenlager\",\"potentialAction\":[{\"@type\":\"SearchAction\",\"target\":{\"@type\":\"EntryPoint\",\"urlTemplate\":\"https:\/\/www.divis.eu\/?s={search_term_string}\"},\"query-input\":{\"@type\":\"PropertyValueSpecification\",\"valueRequired\":true,\"valueName\":\"search_term_string\"}}],\"inLanguage\":\"es\"}]}<\/script>\n<!-- \/ Yoast SEO plugin. -->","yoast_head_json":{"title":"DIVIS ofrece soluciones de video para log\u00edstica listas para usar","description":"DIVIS ofrece soluciones de video para log\u00edstica listas para usar, b\u00fasqueda de env\u00edos por medio de video para mercanc\u00edas paletizadas y seguimiento de paquetes para proveedores CEP y dep\u00f3sitos de transbordo con navegaci\u00f3n por \u00e1rea patentada.","robots":{"index":"index","follow":"follow","max-snippet":"max-snippet:-1","max-image-preview":"max-image-preview:large","max-video-preview":"max-video-preview:-1"},"canonical":"https:\/\/www.divis.eu\/es\/","og_locale":"es_ES","og_type":"article","og_title":"DIVIS ofrece soluciones de video para log\u00edstica listas para usar","og_description":"DIVIS ofrece soluciones de video para log\u00edstica listas para usar, b\u00fasqueda de env\u00edos por medio de video para mercanc\u00edas paletizadas y seguimiento de paquetes para proveedores CEP y dep\u00f3sitos de transbordo con navegaci\u00f3n por \u00e1rea patentada.","og_url":"https:\/\/www.divis.eu\/es\/","og_site_name":"DIVIS - The intelligent view","article_modified_time":"2026-01-23T03:23:56+00:00","og_image":[{"url":"https:\/\/www.divis.eu\/wp-content\/uploads\/2023\/12\/dimension_plus_releasebanner-es.jpg","type":"","width":"","height":""}],"twitter_card":"summary_large_image","twitter_misc":{"Tiempo de lectura":"7 minutos"},"schema":{"@context":"https:\/\/schema.org","@graph":[{"@type":"WebPage","@id":"https:\/\/www.divis.eu\/es\/","url":"https:\/\/www.divis.eu\/es\/","name":"DIVIS ofrece soluciones de video para log\u00edstica listas para usar","isPartOf":{"@id":"https:\/\/www.divis.eu\/#website"},"primaryImageOfPage":{"@id":"https:\/\/www.divis.eu\/es\/#primaryimage"},"image":{"@id":"https:\/\/www.divis.eu\/es\/#primaryimage"},"thumbnailUrl":"https:\/\/www.divis.eu\/wp-content\/uploads\/2023\/12\/dimension_plus_releasebanner-es.jpg","datePublished":"2017-11-02T22:11:58+00:00","dateModified":"2026-01-23T03:23:56+00:00","description":"DIVIS ofrece soluciones de video para log\u00edstica listas para usar, b\u00fasqueda de env\u00edos por medio de video para mercanc\u00edas paletizadas y seguimiento de paquetes para proveedores CEP y dep\u00f3sitos de transbordo con navegaci\u00f3n por \u00e1rea patentada.","breadcrumb":{"@id":"https:\/\/www.divis.eu\/es\/#breadcrumb"},"inLanguage":"es","potentialAction":[{"@type":"ReadAction","target":["https:\/\/www.divis.eu\/es\/"]}]},{"@type":"ImageObject","inLanguage":"es","@id":"https:\/\/www.divis.eu\/es\/#primaryimage","url":"https:\/\/www.divis.eu\/wp-content\/uploads\/2023\/12\/dimension_plus_releasebanner-es.jpg","contentUrl":"https:\/\/www.divis.eu\/wp-content\/uploads\/2023\/12\/dimension_plus_releasebanner-es.jpg"},{"@type":"BreadcrumbList","@id":"https:\/\/www.divis.eu\/es\/#breadcrumb","itemListElement":[{"@type":"ListItem","position":1,"name":"Startseite","item":"https:\/\/www.divis.eu\/es\/"},{"@type":"ListItem","position":2,"name":"P\u00e1gina de inicio"}]},{"@type":"WebSite","@id":"https:\/\/www.divis.eu\/#website","url":"https:\/\/www.divis.eu\/","name":"DIVIS - The intelligent view","description":"Videosysteml\u00f6sungen f\u00fcr Umschlags- und Warenlager","potentialAction":[{"@type":"SearchAction","target":{"@type":"EntryPoint","urlTemplate":"https:\/\/www.divis.eu\/?s={search_term_string}"},"query-input":{"@type":"PropertyValueSpecification","valueRequired":true,"valueName":"search_term_string"}}],"inLanguage":"es"}]}},"_links":{"self":[{"href":"https:\/\/www.divis.eu\/es\/wp-json\/wp\/v2\/pages\/24689","targetHints":{"allow":["GET"]}}],"collection":[{"href":"https:\/\/www.divis.eu\/es\/wp-json\/wp\/v2\/pages"}],"about":[{"href":"https:\/\/www.divis.eu\/es\/wp-json\/wp\/v2\/types\/page"}],"author":[{"embeddable":true,"href":"https:\/\/www.divis.eu\/es\/wp-json\/wp\/v2\/users\/1"}],"replies":[{"embeddable":true,"href":"https:\/\/www.divis.eu\/es\/wp-json\/wp\/v2\/comments?post=24689"}],"version-history":[{"count":0,"href":"https:\/\/www.divis.eu\/es\/wp-json\/wp\/v2\/pages\/24689\/revisions"}],"wp:attachment":[{"href":"https:\/\/www.divis.eu\/es\/wp-json\/wp\/v2\/media?parent=24689"}],"curies":[{"name":"wp","href":"https:\/\/api.w.org\/{rel}","templated":true}]}}