{"id":24761,"date":"2018-02-03T15:35:56","date_gmt":"2018-02-03T15:35:56","guid":{"rendered":"https:\/\/www.divis.eu\/parcelvis-bildgestuetzte-sendungsrecherche-umschlagsdepot\/"},"modified":"2021-12-26T21:22:01","modified_gmt":"2021-12-26T21:22:01","slug":"parcelvis-busqueda-de-paquetes-basada-en-imagenes-en-el-deposito-de-transbordo","status":"publish","type":"page","link":"https:\/\/www.divis.eu\/es\/parcelvis-busqueda-de-paquetes-basada-en-imagenes-en-el-deposito-de-transbordo\/","title":{"rendered":"ParcelVIS B\u00fasqueda de paquetes basada en im\u00e1genes en el dep\u00f3sito de transbordo"},"content":{"rendered":"\n<h1>\n\t\tPor qu\u00e9 ParcelVIS\n\t<\/h1>\n<h1>\n\t\tNo renuncie a ning\u00fan paquete\n\t<\/h1>\n\t\tSeguimiento sin interrupciones\t\t\t\n\t\t\t\tSi es necesario, puede controlar en cualquier momento la ubicaci\u00f3n y el estado de cada env\u00edo que pasa por su sistema: con ParcelVIS, puede rastrear cada paquete sin interrupciones, incluso en sistemas complejos.\n\t\tMenos p\u00e9rdidas, menos costes\t\t\t\n\t\t\t\tNo renuncie a ning\u00fan paquete. Con ParcelVIS, puede encontrar todos los paquetes que pasan por su sistema. ParcelVIS realiza la b\u00fasqueda casi por s\u00ed solo y, por tanto, se amortiza en muy poco tiempo.\n\t\tOptimizaci\u00f3n de los procesos de transporte\t\t\t\n\t\t\t\tCon ParcelVIS, tiene una visi\u00f3n general de todo el historial de movimientos de un env\u00edo en su sistema, cuando sea necesario. Esto le permite reaccionar r\u00e1pidamente frente a las desviaciones de rutas predefinidas y a otras irregularidades.\n\t\tB\u00fasqueda r\u00e1pida de env\u00edos\t\t\t\n<p>La b\u00fasqueda de paquetes basada en im\u00e1genes del dep\u00f3sito de transbordo: Con ParcelVIS el tiempo de b\u00fasqueda promedio por env\u00edo se reduce a menos de 5 minutos.<\/p>\n\t\tProtecci\u00f3n de datos con todas las letras\t\t\t\n\t\t\t\t<p>ParcelVIS le proporciona todas las herramientas que necesita para cumplir con los requisitos de protecci\u00f3n de datos de la ley y de su comit\u00e9 de empresa, con zonas y movimientos que se pueden ocultar y una gesti\u00f3n de usuarios ampliamente configurable.<\/p>\n\t\tServicio de atenci\u00f3n al cliente optimizado, clientes satisfechos\t\t\t\n\t\t\t\tLa informaci\u00f3n es la clave del \u00e9xito. Poder rastrear el paradero de cada env\u00edo en cualquier momento garantiza la alta calidad de su servicio. Sus clientes lo agradecer\u00e1n.\n\t\t\t\t<img decoding=\"async\" src=\"https:\/\/www.divis.eu\/wp-content\/uploads\/2018\/03\/screenshot-bildgestuetzte-Sendungsrecherche-Umschlagslager-parcelvis.png\" alt=\"Videol\u00f6sungen f\u00fcr die Logistik - bildgest\u00fctzte Sendungsrecherche im Umschlagslager\" itemprop=\"image\" height=\"750\" width=\"600\" title=\"screenshot-bildgestuetzte-Sendungsrecherche-Umschlagslager-parcelvis\" onerror=\"this.style.display='none'\"  \/>\n<h1>\n\t\tLa decisi\u00f3n correcta\n\t<\/h1>\n<h1>\n\t\tUna imagen vale m\u00e1s<br \/>que mil palabras\n\t<\/h1>\n\t<p>Los sistemas convencionales de v\u00eddeo o de escaneo de datos no permiten un seguimiento eficiente de los paquetes. El elevado n\u00famero de paquetes en el dep\u00f3sito, combinado con los tiempos de respuesta necesarios para la b\u00fasqueda de env\u00edos, dar\u00eda lugar a un despliegue innecesario de personal, con un nivel de informaci\u00f3n, no obstante, bajo.<\/p>\n<p>Ahorre tiempo y dinero y deje que ParcelVIS trabaje eficazmente para usted: la introducci\u00f3n del n\u00famero de etiqueta del paquete es la clave para obtener toda la informaci\u00f3n sobre el paradero y el estado de un env\u00edo para todos los eventos de escaneo que se hayan realizado.<\/p>\n<p>Incluso en lugares de transbordo muy complejos, puede visualizarse el progreso del env\u00edo de forma espec\u00edfica: desde un peque\u00f1o dep\u00f3sito de entrega manual, hasta complejos sistemas de clasificaci\u00f3n totalmente automatizados, gracias a ParcelVIS puede vigilar cada uno de los env\u00edos, desde la entrada hasta la salida. Gracias a la activaci\u00f3n automatizada de im\u00e1genes, incluso los procesos m\u00e1s complejos en un lugar de transbordo pueden registrarse de forma muy r\u00e1pida y sencilla.<\/p>\n\t\t\t<h3>Video &#038; Scan<\/h3>\t\t\n\t\t\t\t<img decoding=\"async\" src=\"https:\/\/www.divis.eu\/wp-content\/uploads\/2021\/12\/parcelvis-infografik-es-1.png\" alt=\"ParcelVIS | V\u00eddeo y escaneo\" title=\"parcelvis-infografik-es\" itemprop=\"image\"\/>\n\t\t\t\t<p>ParcelVIS vincula los datos de v\u00eddeo con la informaci\u00f3n de clasificaci\u00f3n y escaneo entre s\u00ed. Esto crea una trayectoria de movimiento continua para cada env\u00edo.<\/p>\n<p>El resultado<br \/><strong>\u00a1Menos de 5 minutos de b\u00fasqueda por paquete!<\/strong><\/p>\n\t<p>La intuitiva interfaz de usuario le brinda una herramienta de configuraci\u00f3n inteligente para gestionar sus sistemas.<\/p>\n<p>Al realizar las b\u00fasquedas, el software ParcelVIS adapta la visualizaci\u00f3n de la trayectoria de env\u00edos a su respectiva solicitud de b\u00fasqueda. Las secciones relevantes del sistema de clasificaci\u00f3n se muestran de forma autom\u00e1tica y clara con toda la informaci\u00f3n en cuesti\u00f3n de segundos. Una vez identificado, se puede realizar un seguimiento sin interrupciones de un paquete hasta la transferencia de la responsabilidad. De este modo se reduce el n\u00famero de recorridos del paquete de forma permanente.<\/p>\n\t\t\t<a href=\"https:\/\/www.divis.eu\/es\/sistema-de-videovigilancia-parcelvis-en-la-manipulacion-de-mercancias\/\" target=\"_self\" role=\"button\" aria-label=\"B\u00fasqueda en ParcelVIS\" rel=\"noopener\">\n\t\t\t\t\t\t\tB\u00fasqueda en ParcelVIS\n\t\t<\/a>\n\t\t\t\t<img decoding=\"async\" src=\"https:\/\/www.divis.eu\/wp-content\/uploads\/2018\/01\/logo-tsb.png\" alt=\"logo-tsb\" title=\"logo-tsb\" itemprop=\"image\"\/>\n\t\t\t\t\t\t\t\t<h3 class='uabb-testimonial-author-name testimonial-author-name'>TSBtrans<\/h3>\t\t\t\t\t\t\t\t\n\t\t\t\t\t\t\t\t\tEspa\u00f1a\t\t\t\t\t\t\t\t\n\t\t\t\t\t\t\t<blockquote><p>\u00abCargoVIS es totalmente confiable y gracias a sus capacidades de seguimiento, la inversi\u00f3n de TSB se ha amortizado en menos de un a\u00f1o al poder encontrar los pal\u00e9s &#8216;desaparecidos&#8217; e identificar las fuentes de da\u00f1os\u00bb.<\/p><\/blockquote>\t\t\t\t\t\t\n\t\t\t\t<img decoding=\"async\" src=\"https:\/\/www.divis.eu\/wp-content\/uploads\/2018\/01\/logo-lagermax.png\" alt=\"logo-lagermax\" title=\"logo-lagermax\" itemprop=\"image\"\/>\n\t\t\t\t\t\t\t\t<h3 class='uabb-testimonial-author-name testimonial-author-name'>Lagermax Paketdienst GmbH &amp; Co KG<\/h3>\t\t\t\t\t\t\t\t\n\t\t\t\t\t\t\t\t\tAustria\t\t\t\t\t\t\t\t\n\t\t\t\t\t\t\t<blockquote><p>\u00abLlevamos 5 a\u00f1os usando ParcelVIS de DIVIS y nunca hemos tenido ning\u00fan problema\u00bb.<\/p><\/blockquote>\t\t\t\t\t\t\n\t\t\t\t<img decoding=\"async\" src=\"https:\/\/www.divis.eu\/wp-content\/uploads\/2018\/01\/logo-voigt-invers.png\" alt=\"logo-voigt-invers\" title=\"logo-voigt-invers\" itemprop=\"image\"\/>\n\t\t\t\t\t\t\t\t<h3 class='uabb-testimonial-author-name testimonial-author-name'>Herbert Voigt GmbH &amp; Co. KG<\/h3>\t\t\t\t\t\t\t\t\n\t\t\t\t\t\t\t\t\tAlemania\t\t\t\t\t\t\t\t\n\t\t\t\t\t\t\t<blockquote><p>\u00abEn DIVIS encontramos un socio competente que siempre tiene una soluci\u00f3n especial para cada una de nuestras ideas\u00bb.<\/p><\/blockquote>\t\t\t\t\t\t\n\t\t\t\t<img decoding=\"async\" src=\"https:\/\/www.divis.eu\/wp-content\/uploads\/2018\/01\/logo-schmalz-schoen.png\" alt=\"logo-schmalz-schoen\" title=\"logo-schmalz-schoen\" itemprop=\"image\"\/>\n\t\t\t\t\t\t\t\t<h3 class='uabb-testimonial-author-name testimonial-author-name'>SCHMALZ+SCH\u00d6N Logistics GmbH<\/h3>\t\t\t\t\t\t\t\t\n\t\t\t\t\t\t\t\t\tAlemania\t\t\t\t\t\t\t\t\n\t\t\t\t\t\t\t<blockquote><p>\u00abLa soluci\u00f3n perfecta incluso en \u00e1reas de transbordo heterog\u00e9neas: la videovigilancia de DIVIS, atenta a cada paquete\u00bb.<\/p><\/blockquote>\t\t\t\t\t\t\n\t\t\t\t<img decoding=\"async\" src=\"https:\/\/www.divis.eu\/wp-content\/uploads\/2018\/01\/logo-zufall-1.png\" alt=\"logo-zufall\" title=\"logo-zufall\" itemprop=\"image\"\/>\n\t\t\t\t\t\t\t\t<h3 class='uabb-testimonial-author-name testimonial-author-name'>Friedrich Zufall GmbH &amp; Co. KG<\/h3>\t\t\t\t\t\t\t\t\n\t\t\t\t\t\t\t\t\tAlemania\t\t\t\t\t\t\t\t\n\t\t\t\t\t\t\t<blockquote><p>\u00abEstamos muy satisfechos con el sistema [&#8230; de DIVIS &#8230;]\u00bb<\/p><\/blockquote>\t\t\t\t\t\t\n\t\t\t<a href=\"#\" target=\"_self\" role=\"button\" aria-label=\"A los Casos pr\u00e1cticos\" rel=\"noopener\">\n\t\t\t\t\t\t\tA los Casos pr\u00e1cticos\n\t\t<\/a>\n\t\t\t\t<img decoding=\"async\" src=\"https:\/\/www.divis.eu\/wp-content\/uploads\/2018\/01\/hendrik-reger-1.png\" alt=\"Hendrik Reger | DIVIS | Videol\u00f6sungen f\u00fcr die Logistik\" itemprop=\"image\" height=\"385\" width=\"300\" title=\"hendrik-reger\" onerror=\"this.style.display='none'\"  \/>\n\t<em><strong>Hendrik Reger<\/strong><br \/>\nDirector General<br \/>\n<\/em>\n<h1>\n\t\t\u00bfTiene alguna pregunta?\n\t<\/h1>\n<h1>\n\t\tAqu\u00ed tenemos respuestas\n\t<\/h1>\n\t<p>Nuestro equipo estar\u00e1 encantado de responder a sus consultas sobre nuestros productos y de asesorarle de forma gratuita y sin compromiso.<\/p>\n\t\t\t<a href=\"#\" target=\"_self\" role=\"button\" aria-label=\"Contactar a DIVIS\" rel=\"noopener\">\n\t\t\t\t\t\t\tContactar a DIVIS\n\t\t<\/a>\n\t\t\t\t<img decoding=\"async\" src=\"https:\/\/www.divis.eu\/wp-content\/uploads\/2018\/01\/kundenlogo-CTL-1.png\" alt=\"CTL | DIVIS Kunde\" itemprop=\"image\" height=\"51\" width=\"120\" title=\"kundenlogo-CTL\" onerror=\"this.style.display='none'\"  \/>\n\t\t\t\t<img decoding=\"async\" src=\"https:\/\/www.divis.eu\/wp-content\/uploads\/2018\/01\/kundenlogo-dpd.png\" alt=\"kundenlogo-dpd\" itemprop=\"image\" height=\"51\" width=\"120\" title=\"kundenlogo-dpd\" onerror=\"this.style.display='none'\"  \/>\n\t\t\t\t<img decoding=\"async\" src=\"https:\/\/www.divis.eu\/wp-content\/uploads\/2018\/01\/kundenlogo-emons.png\" alt=\"Emons | DIVIS-Kunde\" itemprop=\"image\" height=\"51\" width=\"120\" title=\"kundenlogo-emons\" onerror=\"this.style.display='none'\"  \/>\n\t\t\t\t<img decoding=\"async\" src=\"https:\/\/www.divis.eu\/wp-content\/uploads\/2018\/01\/kundenlogo-online.png\" alt=\"kundenlogo-online\" itemprop=\"image\" height=\"51\" width=\"120\" title=\"kundenlogo-online\" onerror=\"this.style.display='none'\"  \/>\n\t\t\t\t<img decoding=\"async\" src=\"https:\/\/www.divis.eu\/wp-content\/uploads\/2018\/01\/kundenlogo-rhenus.png\" alt=\"Rhenus Logistics | DIVIS-Kunde\" title=\"kundenlogo-rhenus\" itemprop=\"image\"  \/>\n\t\t\t\t<img decoding=\"async\" src=\"https:\/\/www.divis.eu\/wp-content\/uploads\/2018\/01\/kundenlogo-tsb.png\" alt=\"kundenlogo-tsb\" itemprop=\"image\" height=\"51\" width=\"120\" title=\"kundenlogo-tsb\" onerror=\"this.style.display='none'\"  \/>\n\t\t\t\t<img decoding=\"async\" src=\"https:\/\/www.divis.eu\/wp-content\/uploads\/2018\/01\/kundenlogo-gebrueder-weiss.png\" alt=\"Gebr\u00fcder Weiss | DIVIS-Kunde\" itemprop=\"image\" height=\"51\" width=\"150\" title=\"kundenlogo-gebrueder-weiss\" onerror=\"this.style.display='none'\"  \/>\n\t\t\t\t<img decoding=\"async\" src=\"https:\/\/www.divis.eu\/wp-content\/uploads\/2018\/01\/kundenlogo-tchibo.png\" alt=\"Tchibo | DIVIS-Kunde\" title=\"kundenlogo-tchibo\" itemprop=\"image\"  \/>\n\t\t\t\t<img decoding=\"async\" src=\"https:\/\/www.divis.eu\/wp-content\/uploads\/2018\/01\/kundenlogo-24plus.png\" alt=\"kundenlogo-24plus\" itemprop=\"image\" height=\"51\" width=\"120\" title=\"kundenlogo-24plus\" onerror=\"this.style.display='none'\"  \/>\n\t\t\t\t<img decoding=\"async\" src=\"https:\/\/www.divis.eu\/wp-content\/uploads\/2018\/01\/kundenlogo-raben.png\" alt=\"Raben Group | DIVIS-Kunde\" title=\"kundenlogo-raben\" itemprop=\"image\"  \/>\n\t\t\t\t<img decoding=\"async\" src=\"https:\/\/www.divis.eu\/wp-content\/uploads\/2018\/01\/kundenlogo-geis.png\" alt=\"Spedition Geis | DIVIS-Kunde\" title=\"kundenlogo-geis\" itemprop=\"image\"  \/>\n\t\t\t\t<img decoding=\"async\" src=\"https:\/\/www.divis.eu\/wp-content\/uploads\/2018\/01\/kundenlogo-zufall.png\" alt=\"kundenlogo-zufall\" itemprop=\"image\" height=\"51\" width=\"120\" title=\"kundenlogo-zufall\" onerror=\"this.style.display='none'\"  \/>\n\n","protected":false},"excerpt":{"rendered":"<p>Por qu\u00e9 ParcelVIS No renuncie a ning\u00fan paquete Seguimiento sin interrupciones Si es necesario, puede controlar en cualquier momento la ubicaci\u00f3n y el estado de cada env\u00edo que pasa por su sistema: con ParcelVIS, puede rastrear cada paquete sin interrupciones, incluso en sistemas complejos. Menos p\u00e9rdidas, menos costes No renuncie a ning\u00fan paquete. Con ParcelVIS,&hellip;<\/p>\n","protected":false},"author":1,"featured_media":0,"parent":0,"menu_order":0,"comment_status":"closed","ping_status":"closed","template":"","meta":{"footnotes":""},"class_list":["post-24761","page","type-page","status-publish","hentry"],"yoast_head":"<!-- This site is optimized with the Yoast SEO plugin v27.4 - https:\/\/yoast.com\/product\/yoast-seo-wordpress\/ -->\n<title>ParcelVIS | B\u00fasqueda de env\u00edos basada en im\u00e1genes en el dep\u00f3sito de transbordo<\/title>\n<meta name=\"description\" content=\"ParcelVIS de DIVIS: B\u00fasqueda de env\u00edos basada en im\u00e1genes en el dep\u00f3sito de transbordo para un seguimiento perfecto de los env\u00edos de paquetes de proveedores de mensajer\u00eda y paqueter\u00eda express (CEP) y HUB\" \/>\n<meta name=\"robots\" content=\"index, follow, max-snippet:-1, max-image-preview:large, max-video-preview:-1\" \/>\n<link rel=\"canonical\" href=\"https:\/\/www.divis.eu\/es\/parcelvis-busqueda-de-paquetes-basada-en-imagenes-en-el-deposito-de-transbordo\/\" \/>\n<meta property=\"og:locale\" content=\"es_ES\" \/>\n<meta property=\"og:type\" content=\"article\" \/>\n<meta property=\"og:title\" content=\"ParcelVIS | B\u00fasqueda de env\u00edos basada en im\u00e1genes en el dep\u00f3sito de transbordo\" \/>\n<meta property=\"og:description\" content=\"ParcelVIS de DIVIS: B\u00fasqueda de env\u00edos basada en im\u00e1genes en el dep\u00f3sito de transbordo para un seguimiento perfecto de los env\u00edos de paquetes de proveedores de mensajer\u00eda y paqueter\u00eda express (CEP) y HUB\" \/>\n<meta property=\"og:url\" content=\"https:\/\/www.divis.eu\/es\/parcelvis-busqueda-de-paquetes-basada-en-imagenes-en-el-deposito-de-transbordo\/\" \/>\n<meta property=\"og:site_name\" content=\"DIVIS - The intelligent view\" \/>\n<meta property=\"article:modified_time\" content=\"2021-12-26T21:22:01+00:00\" \/>\n<meta property=\"og:image\" content=\"https:\/\/www.divis.eu\/wp-content\/uploads\/2018\/03\/screenshot-bildgestuetzte-Sendungsrecherche-Umschlagslager-parcelvis.png\" \/>\n<meta name=\"twitter:card\" content=\"summary_large_image\" \/>\n<meta name=\"twitter:label1\" content=\"Tiempo de lectura\" \/>\n\t<meta name=\"twitter:data1\" content=\"10 minutos\" \/>\n<script type=\"application\/ld+json\" class=\"yoast-schema-graph\">{\"@context\":\"https:\\\/\\\/schema.org\",\"@graph\":[{\"@type\":\"WebPage\",\"@id\":\"https:\\\/\\\/www.divis.eu\\\/es\\\/parcelvis-busqueda-de-paquetes-basada-en-imagenes-en-el-deposito-de-transbordo\\\/\",\"url\":\"https:\\\/\\\/www.divis.eu\\\/es\\\/parcelvis-busqueda-de-paquetes-basada-en-imagenes-en-el-deposito-de-transbordo\\\/\",\"name\":\"ParcelVIS | B\u00fasqueda de env\u00edos basada en im\u00e1genes en el dep\u00f3sito de transbordo\",\"isPartOf\":{\"@id\":\"https:\\\/\\\/www.divis.eu\\\/#website\"},\"primaryImageOfPage\":{\"@id\":\"https:\\\/\\\/www.divis.eu\\\/es\\\/parcelvis-busqueda-de-paquetes-basada-en-imagenes-en-el-deposito-de-transbordo\\\/#primaryimage\"},\"image\":{\"@id\":\"https:\\\/\\\/www.divis.eu\\\/es\\\/parcelvis-busqueda-de-paquetes-basada-en-imagenes-en-el-deposito-de-transbordo\\\/#primaryimage\"},\"thumbnailUrl\":\"https:\\\/\\\/www.divis.eu\\\/wp-content\\\/uploads\\\/2018\\\/03\\\/screenshot-bildgestuetzte-Sendungsrecherche-Umschlagslager-parcelvis.png\",\"datePublished\":\"2018-02-03T15:35:56+00:00\",\"dateModified\":\"2021-12-26T21:22:01+00:00\",\"description\":\"ParcelVIS de DIVIS: B\u00fasqueda de env\u00edos basada en im\u00e1genes en el dep\u00f3sito de transbordo para un seguimiento perfecto de los env\u00edos de paquetes de proveedores de mensajer\u00eda y paqueter\u00eda express (CEP) y HUB\",\"breadcrumb\":{\"@id\":\"https:\\\/\\\/www.divis.eu\\\/es\\\/parcelvis-busqueda-de-paquetes-basada-en-imagenes-en-el-deposito-de-transbordo\\\/#breadcrumb\"},\"inLanguage\":\"es\",\"potentialAction\":[{\"@type\":\"ReadAction\",\"target\":[\"https:\\\/\\\/www.divis.eu\\\/es\\\/parcelvis-busqueda-de-paquetes-basada-en-imagenes-en-el-deposito-de-transbordo\\\/\"]}]},{\"@type\":\"ImageObject\",\"inLanguage\":\"es\",\"@id\":\"https:\\\/\\\/www.divis.eu\\\/es\\\/parcelvis-busqueda-de-paquetes-basada-en-imagenes-en-el-deposito-de-transbordo\\\/#primaryimage\",\"url\":\"https:\\\/\\\/www.divis.eu\\\/wp-content\\\/uploads\\\/2018\\\/03\\\/screenshot-bildgestuetzte-Sendungsrecherche-Umschlagslager-parcelvis.png\",\"contentUrl\":\"https:\\\/\\\/www.divis.eu\\\/wp-content\\\/uploads\\\/2018\\\/03\\\/screenshot-bildgestuetzte-Sendungsrecherche-Umschlagslager-parcelvis.png\"},{\"@type\":\"BreadcrumbList\",\"@id\":\"https:\\\/\\\/www.divis.eu\\\/es\\\/parcelvis-busqueda-de-paquetes-basada-en-imagenes-en-el-deposito-de-transbordo\\\/#breadcrumb\",\"itemListElement\":[{\"@type\":\"ListItem\",\"position\":1,\"name\":\"Startseite\",\"item\":\"https:\\\/\\\/www.divis.eu\\\/es\\\/\"},{\"@type\":\"ListItem\",\"position\":2,\"name\":\"ParcelVIS B\u00fasqueda de paquetes basada en im\u00e1genes en el dep\u00f3sito de transbordo\"}]},{\"@type\":\"WebSite\",\"@id\":\"https:\\\/\\\/www.divis.eu\\\/#website\",\"url\":\"https:\\\/\\\/www.divis.eu\\\/\",\"name\":\"DIVIS - The intelligent view\",\"description\":\"Videosysteml\u00f6sungen f\u00fcr Umschlags- und Warenlager\",\"potentialAction\":[{\"@type\":\"SearchAction\",\"target\":{\"@type\":\"EntryPoint\",\"urlTemplate\":\"https:\\\/\\\/www.divis.eu\\\/?s={search_term_string}\"},\"query-input\":{\"@type\":\"PropertyValueSpecification\",\"valueRequired\":true,\"valueName\":\"search_term_string\"}}],\"inLanguage\":\"es\"}]}<\/script>\n<!-- \/ Yoast SEO plugin. -->","yoast_head_json":{"title":"ParcelVIS | B\u00fasqueda de env\u00edos basada en im\u00e1genes en el dep\u00f3sito de transbordo","description":"ParcelVIS de DIVIS: B\u00fasqueda de env\u00edos basada en im\u00e1genes en el dep\u00f3sito de transbordo para un seguimiento perfecto de los env\u00edos de paquetes de proveedores de mensajer\u00eda y paqueter\u00eda express (CEP) y HUB","robots":{"index":"index","follow":"follow","max-snippet":"max-snippet:-1","max-image-preview":"max-image-preview:large","max-video-preview":"max-video-preview:-1"},"canonical":"https:\/\/www.divis.eu\/es\/parcelvis-busqueda-de-paquetes-basada-en-imagenes-en-el-deposito-de-transbordo\/","og_locale":"es_ES","og_type":"article","og_title":"ParcelVIS | B\u00fasqueda de env\u00edos basada en im\u00e1genes en el dep\u00f3sito de transbordo","og_description":"ParcelVIS de DIVIS: B\u00fasqueda de env\u00edos basada en im\u00e1genes en el dep\u00f3sito de transbordo para un seguimiento perfecto de los env\u00edos de paquetes de proveedores de mensajer\u00eda y paqueter\u00eda express (CEP) y HUB","og_url":"https:\/\/www.divis.eu\/es\/parcelvis-busqueda-de-paquetes-basada-en-imagenes-en-el-deposito-de-transbordo\/","og_site_name":"DIVIS - The intelligent view","article_modified_time":"2021-12-26T21:22:01+00:00","og_image":[{"url":"https:\/\/www.divis.eu\/wp-content\/uploads\/2018\/03\/screenshot-bildgestuetzte-Sendungsrecherche-Umschlagslager-parcelvis.png","type":"","width":"","height":""}],"twitter_card":"summary_large_image","twitter_misc":{"Tiempo de lectura":"10 minutos"},"schema":{"@context":"https:\/\/schema.org","@graph":[{"@type":"WebPage","@id":"https:\/\/www.divis.eu\/es\/parcelvis-busqueda-de-paquetes-basada-en-imagenes-en-el-deposito-de-transbordo\/","url":"https:\/\/www.divis.eu\/es\/parcelvis-busqueda-de-paquetes-basada-en-imagenes-en-el-deposito-de-transbordo\/","name":"ParcelVIS | B\u00fasqueda de env\u00edos basada en im\u00e1genes en el dep\u00f3sito de transbordo","isPartOf":{"@id":"https:\/\/www.divis.eu\/#website"},"primaryImageOfPage":{"@id":"https:\/\/www.divis.eu\/es\/parcelvis-busqueda-de-paquetes-basada-en-imagenes-en-el-deposito-de-transbordo\/#primaryimage"},"image":{"@id":"https:\/\/www.divis.eu\/es\/parcelvis-busqueda-de-paquetes-basada-en-imagenes-en-el-deposito-de-transbordo\/#primaryimage"},"thumbnailUrl":"https:\/\/www.divis.eu\/wp-content\/uploads\/2018\/03\/screenshot-bildgestuetzte-Sendungsrecherche-Umschlagslager-parcelvis.png","datePublished":"2018-02-03T15:35:56+00:00","dateModified":"2021-12-26T21:22:01+00:00","description":"ParcelVIS de DIVIS: B\u00fasqueda de env\u00edos basada en im\u00e1genes en el dep\u00f3sito de transbordo para un seguimiento perfecto de los env\u00edos de paquetes de proveedores de mensajer\u00eda y paqueter\u00eda express (CEP) y HUB","breadcrumb":{"@id":"https:\/\/www.divis.eu\/es\/parcelvis-busqueda-de-paquetes-basada-en-imagenes-en-el-deposito-de-transbordo\/#breadcrumb"},"inLanguage":"es","potentialAction":[{"@type":"ReadAction","target":["https:\/\/www.divis.eu\/es\/parcelvis-busqueda-de-paquetes-basada-en-imagenes-en-el-deposito-de-transbordo\/"]}]},{"@type":"ImageObject","inLanguage":"es","@id":"https:\/\/www.divis.eu\/es\/parcelvis-busqueda-de-paquetes-basada-en-imagenes-en-el-deposito-de-transbordo\/#primaryimage","url":"https:\/\/www.divis.eu\/wp-content\/uploads\/2018\/03\/screenshot-bildgestuetzte-Sendungsrecherche-Umschlagslager-parcelvis.png","contentUrl":"https:\/\/www.divis.eu\/wp-content\/uploads\/2018\/03\/screenshot-bildgestuetzte-Sendungsrecherche-Umschlagslager-parcelvis.png"},{"@type":"BreadcrumbList","@id":"https:\/\/www.divis.eu\/es\/parcelvis-busqueda-de-paquetes-basada-en-imagenes-en-el-deposito-de-transbordo\/#breadcrumb","itemListElement":[{"@type":"ListItem","position":1,"name":"Startseite","item":"https:\/\/www.divis.eu\/es\/"},{"@type":"ListItem","position":2,"name":"ParcelVIS B\u00fasqueda de paquetes basada en im\u00e1genes en el dep\u00f3sito de transbordo"}]},{"@type":"WebSite","@id":"https:\/\/www.divis.eu\/#website","url":"https:\/\/www.divis.eu\/","name":"DIVIS - The intelligent view","description":"Videosysteml\u00f6sungen f\u00fcr Umschlags- und Warenlager","potentialAction":[{"@type":"SearchAction","target":{"@type":"EntryPoint","urlTemplate":"https:\/\/www.divis.eu\/?s={search_term_string}"},"query-input":{"@type":"PropertyValueSpecification","valueRequired":true,"valueName":"search_term_string"}}],"inLanguage":"es"}]}},"_links":{"self":[{"href":"https:\/\/www.divis.eu\/es\/wp-json\/wp\/v2\/pages\/24761","targetHints":{"allow":["GET"]}}],"collection":[{"href":"https:\/\/www.divis.eu\/es\/wp-json\/wp\/v2\/pages"}],"about":[{"href":"https:\/\/www.divis.eu\/es\/wp-json\/wp\/v2\/types\/page"}],"author":[{"embeddable":true,"href":"https:\/\/www.divis.eu\/es\/wp-json\/wp\/v2\/users\/1"}],"replies":[{"embeddable":true,"href":"https:\/\/www.divis.eu\/es\/wp-json\/wp\/v2\/comments?post=24761"}],"version-history":[{"count":0,"href":"https:\/\/www.divis.eu\/es\/wp-json\/wp\/v2\/pages\/24761\/revisions"}],"wp:attachment":[{"href":"https:\/\/www.divis.eu\/es\/wp-json\/wp\/v2\/media?parent=24761"}],"curies":[{"name":"wp","href":"https:\/\/api.w.org\/{rel}","templated":true}]}}