{"id":24765,"date":"2018-02-04T03:13:45","date_gmt":"2018-02-04T03:13:45","guid":{"rendered":"https:\/\/www.divis.eu\/parcelvis-videoueberwachungssystem-warenumschlag\/"},"modified":"2024-07-22T18:44:34","modified_gmt":"2024-07-22T18:44:34","slug":"sistema-de-videovigilancia-parcelvis-en-la-manipulacion-de-mercancias","status":"publish","type":"page","link":"https:\/\/www.divis.eu\/es\/sistema-de-videovigilancia-parcelvis-en-la-manipulacion-de-mercancias\/","title":{"rendered":"Sistema de videovigilancia ParcelVIS en la manipulaci\u00f3n de mercanc\u00edas"},"content":{"rendered":"\n<h1>\n\t\tEl principio ParcelVIS\n\t<\/h1>\n<h1>\n\t\tEntrada de b\u00fasqueda m\u00e1s precisa,<br \/>resultados m\u00e1s r\u00e1pidos\n\t<\/h1>\n\tLa interfaz del usuario de ParcelVIS est\u00e1 dise\u00f1ada para el proceso correspondiente, ya se trate de cintas o zonas.<br \/>\nParcelVIS se integra perfectamente a las condiciones del lugar. Ni siquiera las ambig\u00fcedades, como por ejemplo las lecturas m\u00faltiples de los esc\u00e1neres de las puertas, las velocidades fluctuantes de las cintas o la manipulaci\u00f3n manual de los paquetes, alteran la aplicaci\u00f3n. ParcelVIS siempre le gu\u00eda hacia la informaci\u00f3n deseada.<br \/>\nEsto le permite reaccionar r\u00e1pidamente frente a las desviaciones de rutas predefinidas y a otras irregularidades.<br \/>\nGracias a la excelente calidad de imagen de las c\u00e1maras de megap\u00edxeles, ParcelVIS no oculta ning\u00fan detalle. La tecnolog\u00eda de red m\u00e1s avanzada y los potentes sistemas de servidores garantizan consultas r\u00e1pidas y resultados confiables.<br \/>\nMediante la importaci\u00f3n de datos, las listas de diferencias se pueden procesar de forma inmediata, r\u00e1pida y confiable con ParcelVIS.<br \/>\nDurante el proceso de b\u00fasqueda, las im\u00e1genes relevantes se exportan como prueba y est\u00e1n listas para su posterior procesamiento.\n\t\t\t<a href=\"https:\/\/www.divis.eu\/es\/parcelvis-busqueda-de-paquetes-basada-en-imagenes-en-el-deposito-de-transbordo\/\" target=\"_self\" role=\"button\" aria-label=\"Volver a la vista general\" rel=\"noopener\">\n\t\t\t\t\t\t\tVolver a la vista general\n\t\t<\/a>\n<h2>\n\t\tTambi\u00e9n le pueden interesar estos productos\n\t<\/h2>\n\t\t\t\t<img decoding=\"async\" src=\"https:\/\/www.divis.eu\/wp-content\/uploads\/2018\/01\/logo-cargovis-gr.png\" alt=\"logo-cargovis-gr\" title=\"logo-cargovis-gr\" itemprop=\"image\"\/>\n\t\t<h3>CargoVIS para el transporte y almacenamiento<\/h3>\t\t\t\n\t\t\t\t<p>Con nuestro software de gesti\u00f3n de v\u00eddeo para almacenes de transbordo, CargoVIS, le ofrecemos una soluci\u00f3n de sistema completa y f\u00e1cil de usar a fin de realizar la b\u00fasqueda y el seguimiento de env\u00edos paletizados mediante im\u00e1genes.<\/p>\n\t\t\t<a href=\"https:\/\/www.divis.eu\/es\/software-de-gestion-de-video-cargovis-para-almacenes-de-transbordo\/\" target=\"_self\" role=\"button\" aria-label=\"M\u00e1s acerca de CargoVIS\" rel=\"noopener\">\n\t\t\t\t\t\t\tM\u00e1s acerca de CargoVIS\n\t\t<\/a>\n\t\t\t\t<img decoding=\"async\" src=\"https:\/\/www.divis.eu\/wp-content\/uploads\/2018\/01\/logo-storevis-gr.png\" alt=\"\" title=\"\" itemprop=\"image\"\/>\n\t\t<h3>StoreVIS para la log\u00edstica de almacenamiento<\/h3>\t\t\t\n\t\t\t\t<p>Con StoreVIS ya no necesitar\u00e1 depender de su intuici\u00f3n, sino que podr\u00e1 descubrir el potencial de optimizaci\u00f3n existente con la ayuda de n\u00fameros concretos. La soluci\u00f3n inteligente StoreVIS le ayuda en la videovigilancia de la gesti\u00f3n de mercanc\u00edas. Sus procesos de devoluci\u00f3n y entrada de mercanc\u00eda est\u00e1n completamente cubiertos y as\u00ed es m\u00e1s f\u00e1cil detectar las trampas en los costes.<\/p>\n\t\t\t<a href=\"https:\/\/www.divis.eu\/es\/storevis-para-la-videovigilancia-en-la-gestion-de-mercancias\/\" target=\"_self\" role=\"button\" aria-label=\"M\u00e1s acerca de StoreVIS\" rel=\"noopener\">\n\t\t\t\t\t\t\tM\u00e1s acerca de StoreVIS\n\t\t<\/a>\n\t\t\t\t<img decoding=\"async\" src=\"https:\/\/www.divis.eu\/wp-content\/uploads\/2018\/01\/logo-van-duuren-weiss.png\" alt=\"logo-van-duuren-weiss\" title=\"logo-van-duuren-weiss\" itemprop=\"image\"\/>\n\t\t\t\t\t\t\t\t<h3 class='uabb-testimonial-author-name testimonial-author-name'>Van Duuren<\/h3>\t\t\t\t\t\t\t\t\n\t\t\t\t\t\t\t\t\tPa\u00edses Bajos\t\t\t\t\t\t\t\t\n\t\t\t\t\t\t\t<blockquote><p>\u00abCargoVIS funciona perfectamente, todo el mundo est\u00e1 acostumbrado a \u00e9l y ya no podemos vivir sin \u00e9l.\u00bb<\/p><\/blockquote>\t\t\t\t\t\t\n\t\t\t\t<img decoding=\"async\" src=\"https:\/\/www.divis.eu\/wp-content\/uploads\/2018\/01\/logo-tsb.png\" alt=\"logo-tsb\" title=\"logo-tsb\" itemprop=\"image\"\/>\n\t\t\t\t\t\t\t\t<h3 class='uabb-testimonial-author-name testimonial-author-name'>TSBtrans<\/h3>\t\t\t\t\t\t\t\t\n\t\t\t\t\t\t\t\t\tEspa\u00f1a\t\t\t\t\t\t\t\t\n\t\t\t\t\t\t\t<blockquote><p>\u00abCargoVIS es totalmente confiable y gracias a sus capacidades de seguimiento, la inversi\u00f3n de TSB se ha amortizado en menos de un a\u00f1o al poder encontrar los pal\u00e9s &#8216;desaparecidos&#8217; e identificar las fuentes de da\u00f1os\u00bb.<\/p><\/blockquote>\t\t\t\t\t\t\n\t\t\t\t<img decoding=\"async\" src=\"https:\/\/www.divis.eu\/wp-content\/uploads\/2018\/01\/logo-lagermax.png\" alt=\"logo-lagermax\" title=\"logo-lagermax\" itemprop=\"image\"\/>\n\t\t\t\t\t\t\t\t<h3 class='uabb-testimonial-author-name testimonial-author-name'>Lagermax Paketdienst GmbH &amp; Co KG<\/h3>\t\t\t\t\t\t\t\t\n\t\t\t\t\t\t\t\t\tAustria\t\t\t\t\t\t\t\t\n\t\t\t\t\t\t\t<blockquote><p>\u00abLlevamos 5 a\u00f1os usando ParcelVIS de DIVIS y nunca hemos tenido ning\u00fan problema\u00bb.<\/p><\/blockquote>\t\t\t\t\t\t\n\t\t\t\t<img decoding=\"async\" src=\"https:\/\/www.divis.eu\/wp-content\/uploads\/2018\/01\/logo-voigt-invers.png\" alt=\"logo-voigt-invers\" title=\"logo-voigt-invers\" itemprop=\"image\"\/>\n\t\t\t\t\t\t\t\t<h3 class='uabb-testimonial-author-name testimonial-author-name'>Herbert Voigt GmbH &amp; Co. KG<\/h3>\t\t\t\t\t\t\t\t\n\t\t\t\t\t\t\t\t\tAlemania\t\t\t\t\t\t\t\t\n\t\t\t\t\t\t\t<blockquote><p>\u00abEn DIVIS encontramos un socio competente que siempre tiene una soluci\u00f3n especial para cada una de nuestras ideas\u00bb.<\/p><\/blockquote>\t\t\t\t\t\t\n\t\t\t\t<img decoding=\"async\" src=\"https:\/\/www.divis.eu\/wp-content\/uploads\/2018\/01\/logo-schmalz-schoen.png\" alt=\"logo-schmalz-schoen\" title=\"logo-schmalz-schoen\" itemprop=\"image\"\/>\n\t\t\t\t\t\t\t\t<h3 class='uabb-testimonial-author-name testimonial-author-name'>SCHMALZ+SCH\u00d6N Logistics GmbH<\/h3>\t\t\t\t\t\t\t\t\n\t\t\t\t\t\t\t\t\tAlemania\t\t\t\t\t\t\t\t\n\t\t\t\t\t\t\t<blockquote><p>\u00abLa soluci\u00f3n perfecta incluso en \u00e1reas de transbordo heterog\u00e9neas: la videovigilancia de DIVIS, atenta a cada paquete\u00bb.<\/p><\/blockquote>\t\t\t\t\t\t\n\t\t\t<a href=\"https:\/\/www.divis.eu\/es\/referencias-y-casos-practicos-seguimiento-del-envio-en-el-almacen\/\" target=\"_self\" role=\"button\" aria-label=\"A los Casos pr\u00e1cticos\" rel=\"noopener\">\n\t\t\t\t\t\t\tA los Casos pr\u00e1cticos\n\t\t<\/a>\n\t\t\t\t<img decoding=\"async\" src=\"https:\/\/www.divis.eu\/wp-content\/uploads\/2018\/01\/hendrik-reger-1.png\" alt=\"Hendrik Reger | DIVIS | Videol\u00f6sungen f\u00fcr die Logistik\" itemprop=\"image\" height=\"385\" width=\"300\" title=\"hendrik-reger\" onerror=\"this.style.display='none'\"  \/>\n\t<em><strong>Hendrik Reger<\/strong><br \/>\nDirector General<br \/>\n<\/em>\n<h1>\n\t\t\u00bfTiene alguna pregunta?\n\t<\/h1>\n<h1>\n\t\tAqu\u00ed tenemos respuestas\n\t<\/h1>\n\t<p>Nuestro equipo estar\u00e1 encantado de responder a sus consultas sobre nuestros productos y de asesorarle de forma gratuita y sin compromiso.<\/p>\n\t\t\t<a href=\"https:\/\/www.divis.eu\/es\/pongase-en-contacto-con-divis-el-proveedor-de-servicios-de-seguimiento-y-localizacion-por-camara\/\" target=\"_self\" role=\"button\" aria-label=\"Contactar a DIVIS\" rel=\"noopener\">\n\t\t\t\t\t\t\tContactar a DIVIS\n\t\t<\/a>\n\t\t\t\t<img decoding=\"async\" src=\"https:\/\/www.divis.eu\/wp-content\/uploads\/2018\/01\/kundenlogo-CTL-1.png\" alt=\"CTL | DIVIS Kunde\" title=\"kundenlogo-CTL\" itemprop=\"image\"  \/>\n\t\t\t\t<img decoding=\"async\" src=\"https:\/\/www.divis.eu\/wp-content\/uploads\/2018\/01\/kundenlogo-dpd.png\" alt=\"kundenlogo-dpd\" title=\"kundenlogo-dpd\" itemprop=\"image\"  \/>\n\t\t\t\t<img decoding=\"async\" src=\"https:\/\/www.divis.eu\/wp-content\/uploads\/2018\/01\/kundenlogo-online.png\" alt=\"kundenlogo-online\" title=\"kundenlogo-online\" itemprop=\"image\"  \/>\n\t\t\t\t<img decoding=\"async\" src=\"https:\/\/www.divis.eu\/wp-content\/uploads\/2018\/01\/kundenlogo-rhenus.png\" alt=\"Rhenus Logistics | DIVIS-Kunde\" title=\"kundenlogo-rhenus\" itemprop=\"image\"  \/>\n\t\t\t\t<img decoding=\"async\" src=\"https:\/\/www.divis.eu\/wp-content\/uploads\/2018\/01\/kundenlogo-tsb.png\" alt=\"kundenlogo-tsb\" title=\"kundenlogo-tsb\" itemprop=\"image\"  \/>\n\t\t\t\t<img decoding=\"async\" src=\"https:\/\/www.divis.eu\/wp-content\/uploads\/2018\/01\/logo-van-duuren-mono-2.png\" alt=\"logo-van-duuren-mono\" title=\"logo-van-duuren-mono\" itemprop=\"image\"  \/>\n\t\t\t\t<img decoding=\"async\" src=\"https:\/\/www.divis.eu\/wp-content\/uploads\/2018\/01\/kundenlogo-transoflex-3.png\" alt=\"kundenlogo-transoflex\" title=\"kundenlogo-transoflex\" itemprop=\"image\"  \/>\n\t\t\t\t<img decoding=\"async\" src=\"https:\/\/www.divis.eu\/wp-content\/uploads\/2018\/01\/kundenlogo-emons.png\" alt=\"Emons | DIVIS-Kunde\" title=\"kundenlogo-emons\" itemprop=\"image\"  \/>\n\t\t\t\t<img decoding=\"async\" src=\"https:\/\/www.divis.eu\/wp-content\/uploads\/2018\/01\/kundenlogo-geis.png\" alt=\"Spedition Geis | DIVIS-Kunde\" title=\"kundenlogo-geis\" itemprop=\"image\"  \/>\n\t\t\t\t<img decoding=\"async\" src=\"https:\/\/www.divis.eu\/wp-content\/uploads\/2018\/01\/kundenlogo-gebrueder-weiss.png\" alt=\"Gebr\u00fcder Weiss | DIVIS-Kunde\" title=\"kundenlogo-gebrueder-weiss\" itemprop=\"image\"  \/>\n\t\t\t\t<img decoding=\"async\" src=\"https:\/\/www.divis.eu\/wp-content\/uploads\/2018\/01\/kundenlogo-tchibo.png\" alt=\"Tchibo | DIVIS-Kunde\" title=\"kundenlogo-tchibo\" itemprop=\"image\"  \/>\n\t\t\t\t<img decoding=\"async\" src=\"https:\/\/www.divis.eu\/wp-content\/uploads\/2018\/01\/kundenlogo-24plus.png\" alt=\"kundenlogo-24plus\" title=\"kundenlogo-24plus\" itemprop=\"image\"  \/>\n\n","protected":false},"excerpt":{"rendered":"<p>El principio ParcelVIS Entrada de b\u00fasqueda m\u00e1s precisa,resultados m\u00e1s r\u00e1pidos La interfaz del usuario de ParcelVIS est\u00e1 dise\u00f1ada para el proceso correspondiente, ya se trate de cintas o zonas. ParcelVIS se integra perfectamente a las condiciones del lugar. Ni siquiera las ambig\u00fcedades, como por ejemplo las lecturas m\u00faltiples de los esc\u00e1neres de las puertas, las&hellip;<\/p>\n","protected":false},"author":1,"featured_media":0,"parent":0,"menu_order":0,"comment_status":"closed","ping_status":"closed","template":"","meta":{"footnotes":""},"class_list":["post-24765","page","type-page","status-publish","hentry"],"yoast_head":"<!-- This site is optimized with the Yoast SEO plugin v27.4 - https:\/\/yoast.com\/product\/yoast-seo-wordpress\/ -->\n<title>ParcelVIS | Sistema de videovigilancia en la manipulaci\u00f3n de mercanc\u00edas | DIVIS<\/title>\n<meta name=\"description\" content=\"ParcelVIS es su sistema de videovigilancia para la manipulaci\u00f3n de mercanc\u00edas de DIVIS. Del software al hardware: en las soluciones DIVIS, todo proviene de una sola fuente.\" \/>\n<meta name=\"robots\" content=\"index, follow, max-snippet:-1, max-image-preview:large, max-video-preview:-1\" \/>\n<link rel=\"canonical\" href=\"https:\/\/www.divis.eu\/es\/sistema-de-videovigilancia-parcelvis-en-la-manipulacion-de-mercancias\/\" \/>\n<meta property=\"og:locale\" content=\"es_ES\" \/>\n<meta property=\"og:type\" content=\"article\" \/>\n<meta property=\"og:title\" content=\"ParcelVIS | Sistema de videovigilancia en la manipulaci\u00f3n de mercanc\u00edas | DIVIS\" \/>\n<meta property=\"og:description\" content=\"ParcelVIS es su sistema de videovigilancia para la manipulaci\u00f3n de mercanc\u00edas de DIVIS. Del software al hardware: en las soluciones DIVIS, todo proviene de una sola fuente.\" \/>\n<meta property=\"og:url\" content=\"https:\/\/www.divis.eu\/es\/sistema-de-videovigilancia-parcelvis-en-la-manipulacion-de-mercancias\/\" \/>\n<meta property=\"og:site_name\" content=\"DIVIS - The intelligent view\" \/>\n<meta property=\"article:modified_time\" content=\"2024-07-22T18:44:34+00:00\" \/>\n<meta property=\"og:image\" content=\"https:\/\/www.divis.eu\/wp-content\/uploads\/2018\/01\/logo-cargovis-gr.png\" \/>\n<meta name=\"twitter:card\" content=\"summary_large_image\" \/>\n<meta name=\"twitter:label1\" content=\"Tiempo de lectura\" \/>\n\t<meta name=\"twitter:data1\" content=\"9 minutos\" \/>\n<script type=\"application\/ld+json\" class=\"yoast-schema-graph\">{\"@context\":\"https:\\\/\\\/schema.org\",\"@graph\":[{\"@type\":\"WebPage\",\"@id\":\"https:\\\/\\\/www.divis.eu\\\/es\\\/sistema-de-videovigilancia-parcelvis-en-la-manipulacion-de-mercancias\\\/\",\"url\":\"https:\\\/\\\/www.divis.eu\\\/es\\\/sistema-de-videovigilancia-parcelvis-en-la-manipulacion-de-mercancias\\\/\",\"name\":\"ParcelVIS | Sistema de videovigilancia en la manipulaci\u00f3n de mercanc\u00edas | DIVIS\",\"isPartOf\":{\"@id\":\"https:\\\/\\\/www.divis.eu\\\/#website\"},\"primaryImageOfPage\":{\"@id\":\"https:\\\/\\\/www.divis.eu\\\/es\\\/sistema-de-videovigilancia-parcelvis-en-la-manipulacion-de-mercancias\\\/#primaryimage\"},\"image\":{\"@id\":\"https:\\\/\\\/www.divis.eu\\\/es\\\/sistema-de-videovigilancia-parcelvis-en-la-manipulacion-de-mercancias\\\/#primaryimage\"},\"thumbnailUrl\":\"https:\\\/\\\/www.divis.eu\\\/wp-content\\\/uploads\\\/2018\\\/01\\\/logo-cargovis-gr.png\",\"datePublished\":\"2018-02-04T03:13:45+00:00\",\"dateModified\":\"2024-07-22T18:44:34+00:00\",\"description\":\"ParcelVIS es su sistema de videovigilancia para la manipulaci\u00f3n de mercanc\u00edas de DIVIS. Del software al hardware: en las soluciones DIVIS, todo proviene de una sola fuente.\",\"breadcrumb\":{\"@id\":\"https:\\\/\\\/www.divis.eu\\\/es\\\/sistema-de-videovigilancia-parcelvis-en-la-manipulacion-de-mercancias\\\/#breadcrumb\"},\"inLanguage\":\"es\",\"potentialAction\":[{\"@type\":\"ReadAction\",\"target\":[\"https:\\\/\\\/www.divis.eu\\\/es\\\/sistema-de-videovigilancia-parcelvis-en-la-manipulacion-de-mercancias\\\/\"]}]},{\"@type\":\"ImageObject\",\"inLanguage\":\"es\",\"@id\":\"https:\\\/\\\/www.divis.eu\\\/es\\\/sistema-de-videovigilancia-parcelvis-en-la-manipulacion-de-mercancias\\\/#primaryimage\",\"url\":\"https:\\\/\\\/www.divis.eu\\\/wp-content\\\/uploads\\\/2018\\\/01\\\/logo-cargovis-gr.png\",\"contentUrl\":\"https:\\\/\\\/www.divis.eu\\\/wp-content\\\/uploads\\\/2018\\\/01\\\/logo-cargovis-gr.png\"},{\"@type\":\"BreadcrumbList\",\"@id\":\"https:\\\/\\\/www.divis.eu\\\/es\\\/sistema-de-videovigilancia-parcelvis-en-la-manipulacion-de-mercancias\\\/#breadcrumb\",\"itemListElement\":[{\"@type\":\"ListItem\",\"position\":1,\"name\":\"Startseite\",\"item\":\"https:\\\/\\\/www.divis.eu\\\/es\\\/\"},{\"@type\":\"ListItem\",\"position\":2,\"name\":\"Sistema de videovigilancia ParcelVIS en la manipulaci\u00f3n de mercanc\u00edas\"}]},{\"@type\":\"WebSite\",\"@id\":\"https:\\\/\\\/www.divis.eu\\\/#website\",\"url\":\"https:\\\/\\\/www.divis.eu\\\/\",\"name\":\"DIVIS - The intelligent view\",\"description\":\"Videosysteml\u00f6sungen f\u00fcr Umschlags- und Warenlager\",\"potentialAction\":[{\"@type\":\"SearchAction\",\"target\":{\"@type\":\"EntryPoint\",\"urlTemplate\":\"https:\\\/\\\/www.divis.eu\\\/?s={search_term_string}\"},\"query-input\":{\"@type\":\"PropertyValueSpecification\",\"valueRequired\":true,\"valueName\":\"search_term_string\"}}],\"inLanguage\":\"es\"}]}<\/script>\n<!-- \/ Yoast SEO plugin. -->","yoast_head_json":{"title":"ParcelVIS | Sistema de videovigilancia en la manipulaci\u00f3n de mercanc\u00edas | DIVIS","description":"ParcelVIS es su sistema de videovigilancia para la manipulaci\u00f3n de mercanc\u00edas de DIVIS. Del software al hardware: en las soluciones DIVIS, todo proviene de una sola fuente.","robots":{"index":"index","follow":"follow","max-snippet":"max-snippet:-1","max-image-preview":"max-image-preview:large","max-video-preview":"max-video-preview:-1"},"canonical":"https:\/\/www.divis.eu\/es\/sistema-de-videovigilancia-parcelvis-en-la-manipulacion-de-mercancias\/","og_locale":"es_ES","og_type":"article","og_title":"ParcelVIS | Sistema de videovigilancia en la manipulaci\u00f3n de mercanc\u00edas | DIVIS","og_description":"ParcelVIS es su sistema de videovigilancia para la manipulaci\u00f3n de mercanc\u00edas de DIVIS. Del software al hardware: en las soluciones DIVIS, todo proviene de una sola fuente.","og_url":"https:\/\/www.divis.eu\/es\/sistema-de-videovigilancia-parcelvis-en-la-manipulacion-de-mercancias\/","og_site_name":"DIVIS - The intelligent view","article_modified_time":"2024-07-22T18:44:34+00:00","og_image":[{"url":"https:\/\/www.divis.eu\/wp-content\/uploads\/2018\/01\/logo-cargovis-gr.png","type":"","width":"","height":""}],"twitter_card":"summary_large_image","twitter_misc":{"Tiempo de lectura":"9 minutos"},"schema":{"@context":"https:\/\/schema.org","@graph":[{"@type":"WebPage","@id":"https:\/\/www.divis.eu\/es\/sistema-de-videovigilancia-parcelvis-en-la-manipulacion-de-mercancias\/","url":"https:\/\/www.divis.eu\/es\/sistema-de-videovigilancia-parcelvis-en-la-manipulacion-de-mercancias\/","name":"ParcelVIS | Sistema de videovigilancia en la manipulaci\u00f3n de mercanc\u00edas | DIVIS","isPartOf":{"@id":"https:\/\/www.divis.eu\/#website"},"primaryImageOfPage":{"@id":"https:\/\/www.divis.eu\/es\/sistema-de-videovigilancia-parcelvis-en-la-manipulacion-de-mercancias\/#primaryimage"},"image":{"@id":"https:\/\/www.divis.eu\/es\/sistema-de-videovigilancia-parcelvis-en-la-manipulacion-de-mercancias\/#primaryimage"},"thumbnailUrl":"https:\/\/www.divis.eu\/wp-content\/uploads\/2018\/01\/logo-cargovis-gr.png","datePublished":"2018-02-04T03:13:45+00:00","dateModified":"2024-07-22T18:44:34+00:00","description":"ParcelVIS es su sistema de videovigilancia para la manipulaci\u00f3n de mercanc\u00edas de DIVIS. Del software al hardware: en las soluciones DIVIS, todo proviene de una sola fuente.","breadcrumb":{"@id":"https:\/\/www.divis.eu\/es\/sistema-de-videovigilancia-parcelvis-en-la-manipulacion-de-mercancias\/#breadcrumb"},"inLanguage":"es","potentialAction":[{"@type":"ReadAction","target":["https:\/\/www.divis.eu\/es\/sistema-de-videovigilancia-parcelvis-en-la-manipulacion-de-mercancias\/"]}]},{"@type":"ImageObject","inLanguage":"es","@id":"https:\/\/www.divis.eu\/es\/sistema-de-videovigilancia-parcelvis-en-la-manipulacion-de-mercancias\/#primaryimage","url":"https:\/\/www.divis.eu\/wp-content\/uploads\/2018\/01\/logo-cargovis-gr.png","contentUrl":"https:\/\/www.divis.eu\/wp-content\/uploads\/2018\/01\/logo-cargovis-gr.png"},{"@type":"BreadcrumbList","@id":"https:\/\/www.divis.eu\/es\/sistema-de-videovigilancia-parcelvis-en-la-manipulacion-de-mercancias\/#breadcrumb","itemListElement":[{"@type":"ListItem","position":1,"name":"Startseite","item":"https:\/\/www.divis.eu\/es\/"},{"@type":"ListItem","position":2,"name":"Sistema de videovigilancia ParcelVIS en la manipulaci\u00f3n de mercanc\u00edas"}]},{"@type":"WebSite","@id":"https:\/\/www.divis.eu\/#website","url":"https:\/\/www.divis.eu\/","name":"DIVIS - The intelligent view","description":"Videosysteml\u00f6sungen f\u00fcr Umschlags- und Warenlager","potentialAction":[{"@type":"SearchAction","target":{"@type":"EntryPoint","urlTemplate":"https:\/\/www.divis.eu\/?s={search_term_string}"},"query-input":{"@type":"PropertyValueSpecification","valueRequired":true,"valueName":"search_term_string"}}],"inLanguage":"es"}]}},"_links":{"self":[{"href":"https:\/\/www.divis.eu\/es\/wp-json\/wp\/v2\/pages\/24765","targetHints":{"allow":["GET"]}}],"collection":[{"href":"https:\/\/www.divis.eu\/es\/wp-json\/wp\/v2\/pages"}],"about":[{"href":"https:\/\/www.divis.eu\/es\/wp-json\/wp\/v2\/types\/page"}],"author":[{"embeddable":true,"href":"https:\/\/www.divis.eu\/es\/wp-json\/wp\/v2\/users\/1"}],"replies":[{"embeddable":true,"href":"https:\/\/www.divis.eu\/es\/wp-json\/wp\/v2\/comments?post=24765"}],"version-history":[{"count":0,"href":"https:\/\/www.divis.eu\/es\/wp-json\/wp\/v2\/pages\/24765\/revisions"}],"wp:attachment":[{"href":"https:\/\/www.divis.eu\/es\/wp-json\/wp\/v2\/media?parent=24765"}],"curies":[{"name":"wp","href":"https:\/\/api.w.org\/{rel}","templated":true}]}}