{"id":24779,"date":"2018-02-06T18:43:02","date_gmt":"2018-02-06T18:43:02","guid":{"rendered":"https:\/\/www.divis.eu\/storevis-videoueberwachung-warenmanagement\/"},"modified":"2023-11-04T18:25:03","modified_gmt":"2023-11-04T18:25:03","slug":"storevis-para-la-videovigilancia-en-la-gestion-de-mercancias","status":"publish","type":"page","link":"https:\/\/www.divis.eu\/es\/storevis-para-la-videovigilancia-en-la-gestion-de-mercancias\/","title":{"rendered":"StoreVIS para la videovigilancia en la gesti\u00f3n de mercanc\u00edas"},"content":{"rendered":"\n<h1>\n\t\tSee more. Know more. Understand.\n\t<\/h1>\n<h1>\n\t\tGood reasons for StoreVIS\n\t<\/h1>\n\t\tClearly documented transfer of liability\t\t\t\n\t\t\t\tWith clear evidence, StoreVIS backs you with the proper means to clarify damages and losses in case of claims.\n\t\tData protection in focus\t\t\t\n\t\t\t\tStoreVIS meets the privacy requirements of the law and your works council. Configurable filters make irrelevant parts unrecognizable, all details necessary for the investigation remain recognizable.\n\t\t\t\t<img decoding=\"async\" src=\"https:\/\/www.divis.eu\/wp-content\/uploads\/2018\/03\/infografik-videueberwachung-warenmanagement-storevis.png\" alt=\"Videomanagement-Software Logistik DIVIS\" itemprop=\"image\" height=\"700\" width=\"600\" title=\"infografik-videueberwachung-warenmanagement-storevis\" onerror=\"this.style.display='none'\"  \/>\n<h1>\n\t\tThe right decision\n\t<\/h1>\n<h1>\n\t\tThe latest video technology\n\t<\/h1>\n<h1>\n\t\taccompanies every step\n\t<\/h1>\n\tWith the system solution StoreVIS for <strong>video surveillance in goods management<\/strong>, you no longer have to rely on your gut feeling, but you can use concrete key figures to uncover the potential for optimization in your complex warehouse processes.<br \/>\nStoreVIS helps you to improve your quality of service and to detect cost traps.\n<p>Thanks to innovative video technology, StoreVIS accompanies every single step in modern warehousing. Whether warehousing, returns process, picking or outgoing goods &#8211; by linking video and shipment data, each process can be visualized in the warehouse.<\/p>\n<p>DIVIS analyzes the process flow and creates an individual solution for optimizing your warehouse logistics.<\/p>\n<h2>\n\t\tProfessional return management with Retoure<sup>+<\/sup>\n\t<\/h2>\n\t<p><img decoding=\"async\" src=\"https:\/\/www.divis.eu\/wp-content\/uploads\/2018\/02\/icon-storevis1.png\" alt=\"\" width=\"120\" height=\"139\" \/><\/p>\n<p>Structure your return process with the Plus<sup>+<\/sup> feature Retoure<sup>+<\/sup>. The permanent availability of the data allows a simple clarification of all cases and an immediate and targeted communication. This reduces costs, shortens time-consuming processes and, as a result, benefits the company&#8217;s image.<\/p>\n\t\t\t<a href=\"https:\/\/www.divis.eu\/en\/retoure-plus-visual-goods-tracking-logistics-return-management\/\" target=\"_self\" role=\"button\" aria-label=\"StoreVIS Retoure&lt;sup&gt;+&lt;\/sup&gt;\" rel=\"noopener\">\n\t\t\t\t\t\t\tStoreVIS Retoure<sup>+<\/sup>\n\t\t<\/a>\n\t\t\t\t<img decoding=\"async\" src=\"https:\/\/www.divis.eu\/wp-content\/uploads\/2018\/01\/KHansen_logo.png\" alt=\"K. Hansen Transport AS aus D\u00e4nemark | DIVIS-Kunde\" title=\"KHansen_logo\" itemprop=\"image\"\/>\n\t\t\t\t\t\t\t\t<h3 class='uabb-testimonial-author-name testimonial-author-name'>K. Hansen Transport AS<\/h3>\t\t\t\t\t\t\t\t\n\t\t\t\t\t\t\t\t\tDenmark\t\t\t\t\t\t\t\t\n\t\t\t\t\t\t\t<blockquote><p>\u00abWe have already achieved very good results in finding goods and lost shipments since [CargoVIS] was installed. We are very satisfied with the system.\u00bb<\/p><\/blockquote>\t\t\t\t\t\t\n\t\t\t\t<img decoding=\"async\" src=\"https:\/\/www.divis.eu\/wp-content\/uploads\/2018\/01\/logo-van-duuren-weiss.png\" alt=\"logo-van-duuren-weiss\" title=\"logo-van-duuren-weiss\" itemprop=\"image\"\/>\n\t\t\t\t\t\t\t\t<h3 class='uabb-testimonial-author-name testimonial-author-name'>Van Duuren<\/h3>\t\t\t\t\t\t\t\t\n\t\t\t\t\t\t\t\t\tNetherlands\t\t\t\t\t\t\t\t\n\t\t\t\t\t\t\t<blockquote><p>\u00abCargoVIS is working perfectly, everyone is used to it and we can&#8217; t live without it anymore.\u00bb<\/p><\/blockquote>\n\t\t\t\t<img decoding=\"async\" src=\"https:\/\/www.divis.eu\/wp-content\/uploads\/2018\/01\/logo-tsb.png\" alt=\"logo-tsb\" title=\"logo-tsb\" itemprop=\"image\"\/>\n\t\t\t\t\t\t\t\t<h3 class='uabb-testimonial-author-name testimonial-author-name'>TSBtrans<\/h3>\t\t\t\t\t\t\t\t\n\t\t\t\t\t\t\t\t\tSpain\t\t\t\t\t\t\t\t\n\t\t\t\t\t\t\t<blockquote><p>\u00abCargoVIS is completely reliable, and because of its tracking capabilities the investment in TSB has paid for itself in less than a year by finding &#8216;vanished&#8217; pallets and identifying sources of damage.\u00bb<\/p><\/blockquote>\t\t\t\t\t\t\n\t\t\t\t<img decoding=\"async\" src=\"https:\/\/www.divis.eu\/wp-content\/uploads\/2018\/01\/logo-lagermax.png\" alt=\"logo-lagermax\" title=\"logo-lagermax\" itemprop=\"image\"\/>\n\t\t\t\t\t\t\t\t<h3 class='uabb-testimonial-author-name testimonial-author-name'>Lagermax Paketdienst GmbH &amp; Co KG<\/h3>\t\t\t\t\t\t\t\t\n\t\t\t\t\t\t\t\t\tAustria\t\t\t\t\t\t\t\t\n\t\t\t\t\t\t\t<blockquote><p>\u00abWe have been using the ParcelVIS from DIVIS for 5 years and have never had any problems.\u00bb<\/p><\/blockquote>\t\t\t\t\t\t\n\t\t\t\t<img decoding=\"async\" src=\"https:\/\/www.divis.eu\/wp-content\/uploads\/2018\/01\/logo-voigt-invers.png\" alt=\"logo-voigt-invers\" title=\"logo-voigt-invers\" itemprop=\"image\"\/>\n\t\t\t\t\t\t\t\t<h3 class='uabb-testimonial-author-name testimonial-author-name'>Herbert Voigt GmbH &amp; Co. KG<\/h3>\t\t\t\t\t\t\t\t\n\t\t\t\t\t\t\t\t\tGermany\t\t\t\t\t\t\t\t\n\t\t\t\t\t\t\t<blockquote><p>\u00abWith DIVIS we have a competent partner who always has a solution for our individual ideas.\u00bb<\/p><\/blockquote>\t\t\t\t\t\t\n\t\t\t\t<img decoding=\"async\" src=\"https:\/\/www.divis.eu\/wp-content\/uploads\/2018\/01\/logo-schmalz-schoen.png\" alt=\"logo-schmalz-schoen\" title=\"logo-schmalz-schoen\" itemprop=\"image\"\/>\n\t\t\t\t\t\t\t\t<h3 class='uabb-testimonial-author-name testimonial-author-name'>SCHMALZ+SCH\u00d6N Logistics GmbH<\/h3>\t\t\t\t\t\t\t\t\n\t\t\t\t\t\t\t\t\tGermany\t\t\t\t\t\t\t\t\n\t\t\t\t\t\t\t<blockquote><p>\u00abThe perfect solution even for heterogeneous handling areas &#8211; video surveillance at the package level by DIVIS.\u00bb<\/p><\/blockquote>\t\t\t\t\t\t\n\t\t\t<a href=\"https:\/\/www.divis.eu\/en\/references-case-studies-consignment-tracking-warehouse\/\" target=\"_self\" role=\"button\" aria-label=\"Find Case Studies\" rel=\"noopener\">\n\t\t\t\t\t\t\tFind Case Studies\n\t\t<\/a>\n\t\t\t\t<img decoding=\"async\" src=\"https:\/\/www.divis.eu\/wp-content\/uploads\/2018\/01\/hendrik-reger-1.png\" alt=\"Hendrik Reger | DIVIS | Videol\u00f6sungen f\u00fcr die Logistik\" itemprop=\"image\" height=\"385\" width=\"300\" title=\"hendrik-reger\" onerror=\"this.style.display='none'\"  \/>\n\t<em><strong>Hendrik Reger<\/strong><br \/>\nManaging Director<br \/>\n<\/em>\n<h1>\n\t\tYou have questions?\n\t<\/h1>\n<h1>\n\t\tWe have answers\n\t<\/h1>\n\t<p>Our team will be happy to answer your questions about our products at no charge and without obligation.<\/p>\n\t\t\t<a href=\"https:\/\/www.divis.eu\/contact-divis-provider-camera-based-shipment-tracking\/?lang=en\" target=\"_self\" role=\"button\" aria-label=\"Contact DIVIS\" rel=\"noopener\">\n\t\t\t\t\t\t\tContact DIVIS\n\t\t<\/a>\n\t\t\t\t<img decoding=\"async\" src=\"https:\/\/www.divis.eu\/wp-content\/uploads\/2018\/01\/kundenlogo-CTL-1.png\" alt=\"CTL | DIVIS Kunde\" title=\"kundenlogo-CTL\" itemprop=\"image\"  \/>\n\t\t\t\t<img decoding=\"async\" src=\"https:\/\/www.divis.eu\/wp-content\/uploads\/2018\/01\/kundenlogo-dpd.png\" alt=\"kundenlogo-dpd\" title=\"kundenlogo-dpd\" itemprop=\"image\"  \/>\n\t\t\t\t<img decoding=\"async\" src=\"https:\/\/www.divis.eu\/wp-content\/uploads\/2018\/01\/kundenlogo-online.png\" alt=\"kundenlogo-online\" title=\"kundenlogo-online\" itemprop=\"image\"  \/>\n\t\t\t\t<img decoding=\"async\" src=\"https:\/\/www.divis.eu\/wp-content\/uploads\/2018\/01\/kundenlogo-rhenus.png\" alt=\"Rhenus Logistics | DIVIS-Kunde\" title=\"kundenlogo-rhenus\" itemprop=\"image\"  \/>\n\t\t\t\t<img decoding=\"async\" src=\"https:\/\/www.divis.eu\/wp-content\/uploads\/2018\/01\/kundenlogo-tsb.png\" alt=\"kundenlogo-tsb\" title=\"kundenlogo-tsb\" itemprop=\"image\"  \/>\n\t\t\t\t<img decoding=\"async\" src=\"https:\/\/www.divis.eu\/wp-content\/uploads\/2018\/01\/logo-van-duuren-mono-2.png\" alt=\"logo-van-duuren-mono\" title=\"logo-van-duuren-mono\" itemprop=\"image\"  \/>\n\t\t\t\t<img decoding=\"async\" src=\"https:\/\/www.divis.eu\/wp-content\/uploads\/2018\/01\/kundenlogo-transoflex-3.png\" alt=\"kundenlogo-transoflex\" title=\"kundenlogo-transoflex\" itemprop=\"image\"  \/>\n\t\t\t\t<img decoding=\"async\" src=\"https:\/\/www.divis.eu\/wp-content\/uploads\/2018\/01\/kundenlogo-emons.png\" alt=\"Emons | DIVIS-Kunde\" title=\"kundenlogo-emons\" itemprop=\"image\"  \/>\n\t\t\t\t<img decoding=\"async\" src=\"https:\/\/www.divis.eu\/wp-content\/uploads\/2018\/01\/kundenlogo-geis.png\" alt=\"Spedition Geis | DIVIS-Kunde\" title=\"kundenlogo-geis\" itemprop=\"image\"  \/>\n\t\t\t\t<img decoding=\"async\" src=\"https:\/\/www.divis.eu\/wp-content\/uploads\/2018\/01\/kundenlogo-gebrueder-weiss.png\" alt=\"Gebr\u00fcder Weiss | DIVIS-Kunde\" title=\"kundenlogo-gebrueder-weiss\" itemprop=\"image\"  \/>\n\t\t\t\t<img decoding=\"async\" src=\"https:\/\/www.divis.eu\/wp-content\/uploads\/2018\/01\/kundenlogo-tchibo.png\" alt=\"Tchibo | DIVIS-Kunde\" title=\"kundenlogo-tchibo\" itemprop=\"image\"  \/>\n\t\t\t\t<img decoding=\"async\" src=\"https:\/\/www.divis.eu\/wp-content\/uploads\/2018\/01\/kundenlogo-24plus.png\" alt=\"kundenlogo-24plus\" title=\"kundenlogo-24plus\" itemprop=\"image\"  \/>\n\n","protected":false},"excerpt":{"rendered":"<p>See more. Know more. Understand. Good reasons for StoreVIS Clearly documented transfer of liability With clear evidence, StoreVIS backs you with the proper means to clarify damages and losses in case of claims. Data protection in focus StoreVIS meets the privacy requirements of the law and your works council. Configurable filters make irrelevant parts unrecognizable,&hellip;<\/p>\n","protected":false},"author":1,"featured_media":0,"parent":0,"menu_order":0,"comment_status":"closed","ping_status":"closed","template":"","meta":{"footnotes":""},"class_list":["post-24779","page","type-page","status-publish","hentry"],"yoast_head":"<!-- This site is optimized with the Yoast SEO plugin v27.4 - https:\/\/yoast.com\/product\/yoast-seo-wordpress\/ -->\n<title>StoreVIS | Videovigilancia para la gesti\u00f3n de mercanc\u00edas | DIVIS<\/title>\n<meta name=\"description\" content=\"Gracias a la soluci\u00f3n del sistema StoreVIS para la videovigilancia en la gesti\u00f3n de mercanc\u00edas, ya no necesitar\u00e1 depender de su intuici\u00f3n, sino que podr\u00e1 descubrir el potencial de optimizaci\u00f3n existente con la ayuda de n\u00fameros concretos.\" \/>\n<meta name=\"robots\" content=\"index, follow, max-snippet:-1, max-image-preview:large, max-video-preview:-1\" \/>\n<link rel=\"canonical\" href=\"https:\/\/www.divis.eu\/es\/storevis-para-la-videovigilancia-en-la-gestion-de-mercancias\/\" \/>\n<meta property=\"og:locale\" content=\"es_ES\" \/>\n<meta property=\"og:type\" content=\"article\" \/>\n<meta property=\"og:title\" content=\"StoreVIS | Videovigilancia para la gesti\u00f3n de mercanc\u00edas | DIVIS\" \/>\n<meta property=\"og:description\" content=\"Gracias a la soluci\u00f3n del sistema StoreVIS para la videovigilancia en la gesti\u00f3n de mercanc\u00edas, ya no necesitar\u00e1 depender de su intuici\u00f3n, sino que podr\u00e1 descubrir el potencial de optimizaci\u00f3n existente con la ayuda de n\u00fameros concretos.\" \/>\n<meta property=\"og:url\" content=\"https:\/\/www.divis.eu\/es\/storevis-para-la-videovigilancia-en-la-gestion-de-mercancias\/\" \/>\n<meta property=\"og:site_name\" content=\"DIVIS - The intelligent view\" \/>\n<meta property=\"article:modified_time\" content=\"2023-11-04T18:25:03+00:00\" \/>\n<meta property=\"og:image\" content=\"https:\/\/www.divis.eu\/wp-content\/uploads\/2018\/03\/infografik-videueberwachung-warenmanagement-storevis.png\" \/>\n<meta name=\"twitter:card\" content=\"summary_large_image\" \/>\n<meta name=\"twitter:label1\" content=\"Tiempo de lectura\" \/>\n\t<meta name=\"twitter:data1\" content=\"8 minutos\" \/>\n<script type=\"application\/ld+json\" class=\"yoast-schema-graph\">{\"@context\":\"https:\\\/\\\/schema.org\",\"@graph\":[{\"@type\":\"WebPage\",\"@id\":\"https:\\\/\\\/www.divis.eu\\\/es\\\/storevis-para-la-videovigilancia-en-la-gestion-de-mercancias\\\/\",\"url\":\"https:\\\/\\\/www.divis.eu\\\/es\\\/storevis-para-la-videovigilancia-en-la-gestion-de-mercancias\\\/\",\"name\":\"StoreVIS | Videovigilancia para la gesti\u00f3n de mercanc\u00edas | DIVIS\",\"isPartOf\":{\"@id\":\"https:\\\/\\\/www.divis.eu\\\/#website\"},\"primaryImageOfPage\":{\"@id\":\"https:\\\/\\\/www.divis.eu\\\/es\\\/storevis-para-la-videovigilancia-en-la-gestion-de-mercancias\\\/#primaryimage\"},\"image\":{\"@id\":\"https:\\\/\\\/www.divis.eu\\\/es\\\/storevis-para-la-videovigilancia-en-la-gestion-de-mercancias\\\/#primaryimage\"},\"thumbnailUrl\":\"https:\\\/\\\/www.divis.eu\\\/wp-content\\\/uploads\\\/2018\\\/03\\\/infografik-videueberwachung-warenmanagement-storevis.png\",\"datePublished\":\"2018-02-06T18:43:02+00:00\",\"dateModified\":\"2023-11-04T18:25:03+00:00\",\"description\":\"Gracias a la soluci\u00f3n del sistema StoreVIS para la videovigilancia en la gesti\u00f3n de mercanc\u00edas, ya no necesitar\u00e1 depender de su intuici\u00f3n, sino que podr\u00e1 descubrir el potencial de optimizaci\u00f3n existente con la ayuda de n\u00fameros concretos.\",\"breadcrumb\":{\"@id\":\"https:\\\/\\\/www.divis.eu\\\/es\\\/storevis-para-la-videovigilancia-en-la-gestion-de-mercancias\\\/#breadcrumb\"},\"inLanguage\":\"es\",\"potentialAction\":[{\"@type\":\"ReadAction\",\"target\":[\"https:\\\/\\\/www.divis.eu\\\/es\\\/storevis-para-la-videovigilancia-en-la-gestion-de-mercancias\\\/\"]}]},{\"@type\":\"ImageObject\",\"inLanguage\":\"es\",\"@id\":\"https:\\\/\\\/www.divis.eu\\\/es\\\/storevis-para-la-videovigilancia-en-la-gestion-de-mercancias\\\/#primaryimage\",\"url\":\"https:\\\/\\\/www.divis.eu\\\/wp-content\\\/uploads\\\/2018\\\/03\\\/infografik-videueberwachung-warenmanagement-storevis.png\",\"contentUrl\":\"https:\\\/\\\/www.divis.eu\\\/wp-content\\\/uploads\\\/2018\\\/03\\\/infografik-videueberwachung-warenmanagement-storevis.png\"},{\"@type\":\"BreadcrumbList\",\"@id\":\"https:\\\/\\\/www.divis.eu\\\/es\\\/storevis-para-la-videovigilancia-en-la-gestion-de-mercancias\\\/#breadcrumb\",\"itemListElement\":[{\"@type\":\"ListItem\",\"position\":1,\"name\":\"Startseite\",\"item\":\"https:\\\/\\\/www.divis.eu\\\/es\\\/\"},{\"@type\":\"ListItem\",\"position\":2,\"name\":\"StoreVIS para la videovigilancia en la gesti\u00f3n de mercanc\u00edas\"}]},{\"@type\":\"WebSite\",\"@id\":\"https:\\\/\\\/www.divis.eu\\\/#website\",\"url\":\"https:\\\/\\\/www.divis.eu\\\/\",\"name\":\"DIVIS - The intelligent view\",\"description\":\"Videosysteml\u00f6sungen f\u00fcr Umschlags- und Warenlager\",\"potentialAction\":[{\"@type\":\"SearchAction\",\"target\":{\"@type\":\"EntryPoint\",\"urlTemplate\":\"https:\\\/\\\/www.divis.eu\\\/?s={search_term_string}\"},\"query-input\":{\"@type\":\"PropertyValueSpecification\",\"valueRequired\":true,\"valueName\":\"search_term_string\"}}],\"inLanguage\":\"es\"}]}<\/script>\n<!-- \/ Yoast SEO plugin. -->","yoast_head_json":{"title":"StoreVIS | Videovigilancia para la gesti\u00f3n de mercanc\u00edas | DIVIS","description":"Gracias a la soluci\u00f3n del sistema StoreVIS para la videovigilancia en la gesti\u00f3n de mercanc\u00edas, ya no necesitar\u00e1 depender de su intuici\u00f3n, sino que podr\u00e1 descubrir el potencial de optimizaci\u00f3n existente con la ayuda de n\u00fameros concretos.","robots":{"index":"index","follow":"follow","max-snippet":"max-snippet:-1","max-image-preview":"max-image-preview:large","max-video-preview":"max-video-preview:-1"},"canonical":"https:\/\/www.divis.eu\/es\/storevis-para-la-videovigilancia-en-la-gestion-de-mercancias\/","og_locale":"es_ES","og_type":"article","og_title":"StoreVIS | Videovigilancia para la gesti\u00f3n de mercanc\u00edas | DIVIS","og_description":"Gracias a la soluci\u00f3n del sistema StoreVIS para la videovigilancia en la gesti\u00f3n de mercanc\u00edas, ya no necesitar\u00e1 depender de su intuici\u00f3n, sino que podr\u00e1 descubrir el potencial de optimizaci\u00f3n existente con la ayuda de n\u00fameros concretos.","og_url":"https:\/\/www.divis.eu\/es\/storevis-para-la-videovigilancia-en-la-gestion-de-mercancias\/","og_site_name":"DIVIS - The intelligent view","article_modified_time":"2023-11-04T18:25:03+00:00","og_image":[{"url":"https:\/\/www.divis.eu\/wp-content\/uploads\/2018\/03\/infografik-videueberwachung-warenmanagement-storevis.png","type":"","width":"","height":""}],"twitter_card":"summary_large_image","twitter_misc":{"Tiempo de lectura":"8 minutos"},"schema":{"@context":"https:\/\/schema.org","@graph":[{"@type":"WebPage","@id":"https:\/\/www.divis.eu\/es\/storevis-para-la-videovigilancia-en-la-gestion-de-mercancias\/","url":"https:\/\/www.divis.eu\/es\/storevis-para-la-videovigilancia-en-la-gestion-de-mercancias\/","name":"StoreVIS | Videovigilancia para la gesti\u00f3n de mercanc\u00edas | DIVIS","isPartOf":{"@id":"https:\/\/www.divis.eu\/#website"},"primaryImageOfPage":{"@id":"https:\/\/www.divis.eu\/es\/storevis-para-la-videovigilancia-en-la-gestion-de-mercancias\/#primaryimage"},"image":{"@id":"https:\/\/www.divis.eu\/es\/storevis-para-la-videovigilancia-en-la-gestion-de-mercancias\/#primaryimage"},"thumbnailUrl":"https:\/\/www.divis.eu\/wp-content\/uploads\/2018\/03\/infografik-videueberwachung-warenmanagement-storevis.png","datePublished":"2018-02-06T18:43:02+00:00","dateModified":"2023-11-04T18:25:03+00:00","description":"Gracias a la soluci\u00f3n del sistema StoreVIS para la videovigilancia en la gesti\u00f3n de mercanc\u00edas, ya no necesitar\u00e1 depender de su intuici\u00f3n, sino que podr\u00e1 descubrir el potencial de optimizaci\u00f3n existente con la ayuda de n\u00fameros concretos.","breadcrumb":{"@id":"https:\/\/www.divis.eu\/es\/storevis-para-la-videovigilancia-en-la-gestion-de-mercancias\/#breadcrumb"},"inLanguage":"es","potentialAction":[{"@type":"ReadAction","target":["https:\/\/www.divis.eu\/es\/storevis-para-la-videovigilancia-en-la-gestion-de-mercancias\/"]}]},{"@type":"ImageObject","inLanguage":"es","@id":"https:\/\/www.divis.eu\/es\/storevis-para-la-videovigilancia-en-la-gestion-de-mercancias\/#primaryimage","url":"https:\/\/www.divis.eu\/wp-content\/uploads\/2018\/03\/infografik-videueberwachung-warenmanagement-storevis.png","contentUrl":"https:\/\/www.divis.eu\/wp-content\/uploads\/2018\/03\/infografik-videueberwachung-warenmanagement-storevis.png"},{"@type":"BreadcrumbList","@id":"https:\/\/www.divis.eu\/es\/storevis-para-la-videovigilancia-en-la-gestion-de-mercancias\/#breadcrumb","itemListElement":[{"@type":"ListItem","position":1,"name":"Startseite","item":"https:\/\/www.divis.eu\/es\/"},{"@type":"ListItem","position":2,"name":"StoreVIS para la videovigilancia en la gesti\u00f3n de mercanc\u00edas"}]},{"@type":"WebSite","@id":"https:\/\/www.divis.eu\/#website","url":"https:\/\/www.divis.eu\/","name":"DIVIS - The intelligent view","description":"Videosysteml\u00f6sungen f\u00fcr Umschlags- und Warenlager","potentialAction":[{"@type":"SearchAction","target":{"@type":"EntryPoint","urlTemplate":"https:\/\/www.divis.eu\/?s={search_term_string}"},"query-input":{"@type":"PropertyValueSpecification","valueRequired":true,"valueName":"search_term_string"}}],"inLanguage":"es"}]}},"_links":{"self":[{"href":"https:\/\/www.divis.eu\/es\/wp-json\/wp\/v2\/pages\/24779","targetHints":{"allow":["GET"]}}],"collection":[{"href":"https:\/\/www.divis.eu\/es\/wp-json\/wp\/v2\/pages"}],"about":[{"href":"https:\/\/www.divis.eu\/es\/wp-json\/wp\/v2\/types\/page"}],"author":[{"embeddable":true,"href":"https:\/\/www.divis.eu\/es\/wp-json\/wp\/v2\/users\/1"}],"replies":[{"embeddable":true,"href":"https:\/\/www.divis.eu\/es\/wp-json\/wp\/v2\/comments?post=24779"}],"version-history":[{"count":0,"href":"https:\/\/www.divis.eu\/es\/wp-json\/wp\/v2\/pages\/24779\/revisions"}],"wp:attachment":[{"href":"https:\/\/www.divis.eu\/es\/wp-json\/wp\/v2\/media?parent=24779"}],"curies":[{"name":"wp","href":"https:\/\/api.w.org\/{rel}","templated":true}]}}