{"id":24809,"date":"2018-01-13T00:43:09","date_gmt":"2018-01-13T00:43:09","guid":{"rendered":"https:\/\/www.divis.eu\/service-und-support-divis-anbieter-ip-videoloesung\/"},"modified":"2026-01-23T03:27:51","modified_gmt":"2026-01-23T03:27:51","slug":"servicio-y-asistencia-tecnica-divis-es-un-proveedor-de-soluciones-de-video-ip","status":"publish","type":"page","link":"https:\/\/www.divis.eu\/es\/servicio-y-asistencia-tecnica-divis-es-un-proveedor-de-soluciones-de-video-ip\/","title":{"rendered":"Servicio y asistencia t\u00e9cnica: DIVIS es un proveedor de soluciones de v\u00eddeo IP"},"content":{"rendered":"\n<h1>\n\t\t\tServicio y asistencia\t<\/h1>\n<h1>\n\t\t\tEn buenas manos\t<\/h1>\n\t\t\t\t\t\t<h2>Monitoreo diario<\/h2>\n\t\t\t\t\t\t<p>La evaluaci\u00f3n de los informes de estado de todos los sistemas suele permitir obtener informaci\u00f3n incluso antes de que se produzca un caso real de servicio.<\/p>\n\t\t\t\t\t\t<!-- CTA -->\n\t\t\t\t\t\t<h2>Asistencia remota<\/h2>\n\t\t\t\t\t\t<p>Gracias a la posibilidad de acceder directamente a los sistemas DIVIS, se pueden reducir considerablemente los costes de servicios. La asistencia al usuario puede proporcionarse directamente para la estaci\u00f3n de trabajo.<\/p>\n\t\t\t\t\t\t<!-- CTA -->\n\t\t\t\t\t\t<h2>Asistencia telef\u00f3nica<\/h2>\n\t\t\t\t\t\t<p>Tanto si se trata de una llamada de mantenimiento como de servicio, con nuestro personal de asistencia multiling\u00fce y de primer nivel encontrar\u00e1 siempre una soluci\u00f3n r\u00e1pida y flexible.<\/p>\n\t\t\t\t\t\t<!-- CTA -->\n\t\t\t\t\t\t<h2>De guardia en Europa<\/h2>\n\t\t\t\t\t\t<p>Nuestros t\u00e9cnicos de servicio garantizan una reparaci\u00f3n y un mantenimiento r\u00e1pidos y sin problemas, directamente y en el lugar.<\/p>\n\t\t\t\t\t\t<!-- CTA -->\n\t\t\t\t\t\t<h2>Capacitaci\u00f3n<\/h2>\n\t\t\t\t\t\t<p>La capacitaci\u00f3n de usuarios in situ o en seminarios organizados individualmente le garantizan un uso eficiente de la soluci\u00f3n.<\/p>\n\t\t\t\t\t\t<!-- CTA -->\n<h1>\n\t\t\tEl paquete de asistencia t\u00e9cnica\t<\/h1>\n<h1>\n\t\t\tServicio y asistencia en 360 \u00b0 de DIVIS\t<\/h1>\n\t<p>Como proveedor de soluciones de v\u00eddeo IP, para nosotros el servicio no termina despu\u00e9s de la planificaci\u00f3n del sistema, la presentaci\u00f3n de un presupuesto cualificado y la instalaci\u00f3n de este sistema. Nuestro extenso servicio posventa es un elemento fundamental para que nuestros clientes conf\u00eden en que nuestras soluciones son a largo plazo.<\/p>\n<p>La satisfacci\u00f3n del cliente depende de muchos factores. Por eso cada d\u00eda, les demostramos nuestro alto nivel de exigencia.<\/p>\n\t\t\t\t<img decoding=\"async\" src=\"https:\/\/www.divis.eu\/wp-content\/uploads\/2018\/01\/logo-van-duuren-weiss.png\" alt=\"logo-van-duuren-weiss\" title=\"logo-van-duuren-weiss\" itemprop=\"image\"\/>\n\t\t\t\t\t\t\t\t<h3 class='uabb-testimonial-author-name testimonial-author-name'>Van Duuren<\/h3>\t\t\t\t\t\t\t\t\n\t\t\t\t\t\t\t\t\tPa\u00edses Bajos\t\t\t\t\t\t\t\t\n\t\t\t\t\t\t\t<blockquote><p>\u00abCargoVIS funciona perfectamente, todo el mundo est\u00e1 acostumbrado a \u00e9l y ya no podemos vivir sin \u00e9l.\u00bb<\/p><\/blockquote>\t\t\t\t\t\t\n\t\t\t\t<img decoding=\"async\" src=\"https:\/\/www.divis.eu\/wp-content\/uploads\/2018\/01\/logo-tsb.png\" alt=\"logo-tsb\" title=\"logo-tsb\" itemprop=\"image\"\/>\n\t\t\t\t\t\t\t\t<h3 class='uabb-testimonial-author-name testimonial-author-name'>TSBtrans<\/h3>\t\t\t\t\t\t\t\t\n\t\t\t\t\t\t\t\t\tEspa\u00f1a\t\t\t\t\t\t\t\t\n\t\t\t\t\t\t\t<blockquote><p>\u00abCargoVIS es totalmente confiable y gracias a sus capacidades de seguimiento, la inversi\u00f3n de TSB se ha amortizado en menos de un a\u00f1o al poder encontrar los pal\u00e9s &#8216;desaparecidos&#8217; e identificar las fuentes de da\u00f1os\u00bb.<\/p><\/blockquote>\t\t\t\t\t\t\n\t\t\t\t<img decoding=\"async\" src=\"https:\/\/www.divis.eu\/wp-content\/uploads\/2018\/01\/logo-lagermax.png\" alt=\"logo-lagermax\" title=\"logo-lagermax\" itemprop=\"image\"\/>\n\t\t\t\t\t\t\t\t<h3 class='uabb-testimonial-author-name testimonial-author-name'>Lagermax Paketdienst GmbH &amp; Co KG<\/h3>\t\t\t\t\t\t\t\t\n\t\t\t\t\t\t\t\t\tAustria\t\t\t\t\t\t\t\t\n\t\t\t\t\t\t\t<blockquote><p>\u00abLlevamos 5 a\u00f1os usando ParcelVIS de DIVIS y nunca hemos tenido ning\u00fan problema\u00bb.<\/p><\/blockquote>\t\t\t\t\t\t\n\t\t\t\t<img decoding=\"async\" src=\"https:\/\/www.divis.eu\/wp-content\/uploads\/2018\/01\/logo-voigt-invers.png\" alt=\"logo-voigt-invers\" title=\"logo-voigt-invers\" itemprop=\"image\"\/>\n\t\t\t\t\t\t\t\t<h3 class='uabb-testimonial-author-name testimonial-author-name'>Herbert Voigt GmbH &amp; Co. KG<\/h3>\t\t\t\t\t\t\t\t\n\t\t\t\t\t\t\t\t\tAlemania\t\t\t\t\t\t\t\t\n\t\t\t\t\t\t\t<blockquote><p>\u00abEn DIVIS encontramos un socio competente que siempre tiene una soluci\u00f3n especial para cada una de nuestras ideas\u00bb.<\/p><\/blockquote>\t\t\t\t\t\t\n\t\t\t\t<img decoding=\"async\" src=\"https:\/\/www.divis.eu\/wp-content\/uploads\/2018\/01\/logo-schmalz-schoen.png\" alt=\"logo-schmalz-schoen\" title=\"logo-schmalz-schoen\" itemprop=\"image\"\/>\n\t\t\t\t\t\t\t\t<h3 class='uabb-testimonial-author-name testimonial-author-name'>SCHMALZ+SCH\u00d6N Logistics GmbH<\/h3>\t\t\t\t\t\t\t\t\n\t\t\t\t\t\t\t\t\tAlemania\t\t\t\t\t\t\t\t\n\t\t\t\t\t\t\t<blockquote><p>\u00abLa soluci\u00f3n perfecta incluso en \u00e1reas de transbordo heterog\u00e9neas: la videovigilancia de DIVIS, atenta a cada paquete\u00bb.<\/p><\/blockquote>\t\t\t\t\t\t\n\t\t\t<a href=\"https:\/\/www.divis.eu\/es\/referencias-y-casos-practicos-seguimiento-del-envio-en-el-almacen\/\" title=\"Click Here\" target=\"_self\"   role=\"button\" aria-label=\"A los Casos pr\u00e1cticos\">\n\t\t\t\t\t\t\tA los Casos pr\u00e1cticos\n\t\t<\/a>\n\t\t\t\t<img decoding=\"async\" src=\"https:\/\/www.divis.eu\/wp-content\/uploads\/2018\/01\/hendrik-reger-1.png\" alt=\"Hendrik Reger | DIVIS | Videol\u00f6sungen f\u00fcr die Logistik\" itemprop=\"image\" height=\"385\" width=\"300\" title=\"hendrik-reger\" onerror=\"this.style.display='none'\" loading='lazy' \/>\n\t<em><strong>Hendrik Reger<\/strong><br \/>\nDirector General<br \/>\n<\/em>\n\t<p>\u00bfTiene alguna pregunta?<\/p>\n\t<p>Aqu\u00ed tenemos respuestas<\/p>\n\t<p>Nuestro equipo estar\u00e1 encantado de responder a sus consultas sobre nuestros productos y de asesorarle de forma gratuita y sin compromiso.<\/p>\n\t\t\t<a href=\"https:\/\/www.divis.eu\/es\/pongase-en-contacto-con-divis-el-proveedor-de-servicios-de-seguimiento-y-localizacion-por-camara\/\" title=\"Click Here\" target=\"_self\"   role=\"button\" aria-label=\"Contactar a DIVIS\">\n\t\t\t\t\t\t\tContactar a DIVIS\n\t\t<\/a>\n\t\t\t\t<img decoding=\"async\" src=\"https:\/\/www.divis.eu\/wp-content\/uploads\/2018\/01\/kundenlogo-CTL-1.png\" alt=\"CTL | DIVIS Kunde\" title=\"kundenlogo-CTL\" itemprop=\"image\"  \/>\n\t\t\t\t<img decoding=\"async\" src=\"https:\/\/www.divis.eu\/wp-content\/uploads\/2018\/01\/kundenlogo-dpd.png\" alt=\"kundenlogo-dpd\" title=\"kundenlogo-dpd\" itemprop=\"image\"  \/>\n\t\t\t\t<img decoding=\"async\" src=\"https:\/\/www.divis.eu\/wp-content\/uploads\/2018\/01\/kundenlogo-online.png\" alt=\"kundenlogo-online\" title=\"kundenlogo-online\" itemprop=\"image\"  \/>\n\t\t\t\t<img decoding=\"async\" src=\"https:\/\/www.divis.eu\/wp-content\/uploads\/2018\/01\/kundenlogo-rhenus.png\" alt=\"Rhenus Logistics | DIVIS-Kunde\" title=\"kundenlogo-rhenus\" itemprop=\"image\"  \/>\n\t\t\t\t<img decoding=\"async\" src=\"https:\/\/www.divis.eu\/wp-content\/uploads\/2018\/01\/kundenlogo-tsb.png\" alt=\"kundenlogo-tsb\" title=\"kundenlogo-tsb\" itemprop=\"image\"  \/>\n\t\t\t\t<img decoding=\"async\" src=\"https:\/\/www.divis.eu\/wp-content\/uploads\/2018\/01\/logo-van-duuren-mono-2.png\" alt=\"logo-van-duuren-mono\" title=\"logo-van-duuren-mono\" itemprop=\"image\"  \/>\n\t\t\t\t<img decoding=\"async\" src=\"https:\/\/www.divis.eu\/wp-content\/uploads\/2018\/01\/kundenlogo-transoflex-3.png\" alt=\"kundenlogo-transoflex\" title=\"kundenlogo-transoflex\" itemprop=\"image\"  \/>\n\t\t\t\t<img decoding=\"async\" src=\"https:\/\/www.divis.eu\/wp-content\/uploads\/2018\/01\/kundenlogo-emons.png\" alt=\"Emons | DIVIS-Kunde\" title=\"kundenlogo-emons\" itemprop=\"image\"  \/>\n\t\t\t\t<img decoding=\"async\" src=\"https:\/\/www.divis.eu\/wp-content\/uploads\/2018\/01\/kundenlogo-geis.png\" alt=\"Spedition Geis | DIVIS-Kunde\" title=\"kundenlogo-geis\" itemprop=\"image\"  \/>\n\t\t\t\t<img decoding=\"async\" src=\"https:\/\/www.divis.eu\/wp-content\/uploads\/2018\/01\/kundenlogo-gebrueder-weiss.png\" alt=\"Gebr\u00fcder Weiss | DIVIS-Kunde\" title=\"kundenlogo-gebrueder-weiss\" itemprop=\"image\"  \/>\n\t\t\t\t<img decoding=\"async\" src=\"https:\/\/www.divis.eu\/wp-content\/uploads\/2018\/01\/kundenlogo-tchibo.png\" alt=\"Tchibo | DIVIS-Kunde\" title=\"kundenlogo-tchibo\" itemprop=\"image\"  \/>\n\t\t\t\t<img decoding=\"async\" src=\"https:\/\/www.divis.eu\/wp-content\/uploads\/2018\/01\/kundenlogo-24plus.png\" alt=\"kundenlogo-24plus\" title=\"kundenlogo-24plus\" itemprop=\"image\"  \/>\n\n","protected":false},"excerpt":{"rendered":"<p>Servicio y asistencia En buenas manos Monitoreo diario La evaluaci\u00f3n de los informes de estado de todos los sistemas suele permitir obtener informaci\u00f3n incluso antes de que se produzca un caso real de servicio. Asistencia remota Gracias a la posibilidad de acceder directamente a los sistemas DIVIS, se pueden reducir considerablemente los costes de servicios.&hellip;<\/p>\n","protected":false},"author":1,"featured_media":0,"parent":0,"menu_order":0,"comment_status":"closed","ping_status":"closed","template":"","meta":{"footnotes":""},"class_list":["post-24809","page","type-page","status-publish","hentry"],"yoast_head":"<!-- This site is optimized with the Yoast SEO plugin v27.4 - https:\/\/yoast.com\/product\/yoast-seo-wordpress\/ -->\n<title>Proveedor de soluciones de v\u00eddeo IP | Sistemas completos de videovigilancia<\/title>\n<meta name=\"description\" content=\"Como proveedor de soluciones de v\u00eddeo IP, para nosotros el servicio no termina despu\u00e9s de la planificaci\u00f3n del sistema, la presentaci\u00f3n de un presupuesto cualificado y la instalaci\u00f3n de este sistema. Nuestro extenso servicio posventa es otro componente fundamental.\" \/>\n<meta name=\"robots\" content=\"index, follow, max-snippet:-1, max-image-preview:large, max-video-preview:-1\" \/>\n<link rel=\"canonical\" href=\"https:\/\/www.divis.eu\/es\/servicio-y-asistencia-tecnica-divis-es-un-proveedor-de-soluciones-de-video-ip\/\" \/>\n<meta property=\"og:locale\" content=\"es_ES\" \/>\n<meta property=\"og:type\" content=\"article\" \/>\n<meta property=\"og:title\" content=\"Proveedor de soluciones de v\u00eddeo IP | Sistemas completos de videovigilancia\" \/>\n<meta property=\"og:description\" content=\"Como proveedor de soluciones de v\u00eddeo IP, para nosotros el servicio no termina despu\u00e9s de la planificaci\u00f3n del sistema, la presentaci\u00f3n de un presupuesto cualificado y la instalaci\u00f3n de este sistema. Nuestro extenso servicio posventa es otro componente fundamental.\" \/>\n<meta property=\"og:url\" content=\"https:\/\/www.divis.eu\/es\/servicio-y-asistencia-tecnica-divis-es-un-proveedor-de-soluciones-de-video-ip\/\" \/>\n<meta property=\"og:site_name\" content=\"DIVIS - The intelligent view\" \/>\n<meta property=\"article:modified_time\" content=\"2026-01-23T03:27:51+00:00\" \/>\n<meta property=\"og:image\" content=\"https:\/\/www.divis.eu\/wp-content\/uploads\/2018\/01\/logo-van-duuren-weiss.png\" \/>\n<meta name=\"twitter:card\" content=\"summary_large_image\" \/>\n<meta name=\"twitter:label1\" content=\"Tiempo de lectura\" \/>\n\t<meta name=\"twitter:data1\" content=\"6 minutos\" \/>\n<script type=\"application\/ld+json\" class=\"yoast-schema-graph\">{\"@context\":\"https:\\\/\\\/schema.org\",\"@graph\":[{\"@type\":\"WebPage\",\"@id\":\"https:\\\/\\\/www.divis.eu\\\/es\\\/servicio-y-asistencia-tecnica-divis-es-un-proveedor-de-soluciones-de-video-ip\\\/\",\"url\":\"https:\\\/\\\/www.divis.eu\\\/es\\\/servicio-y-asistencia-tecnica-divis-es-un-proveedor-de-soluciones-de-video-ip\\\/\",\"name\":\"Proveedor de soluciones de v\u00eddeo IP | Sistemas completos de videovigilancia\",\"isPartOf\":{\"@id\":\"https:\\\/\\\/www.divis.eu\\\/#website\"},\"primaryImageOfPage\":{\"@id\":\"https:\\\/\\\/www.divis.eu\\\/es\\\/servicio-y-asistencia-tecnica-divis-es-un-proveedor-de-soluciones-de-video-ip\\\/#primaryimage\"},\"image\":{\"@id\":\"https:\\\/\\\/www.divis.eu\\\/es\\\/servicio-y-asistencia-tecnica-divis-es-un-proveedor-de-soluciones-de-video-ip\\\/#primaryimage\"},\"thumbnailUrl\":\"https:\\\/\\\/www.divis.eu\\\/wp-content\\\/uploads\\\/2018\\\/01\\\/logo-van-duuren-weiss.png\",\"datePublished\":\"2018-01-13T00:43:09+00:00\",\"dateModified\":\"2026-01-23T03:27:51+00:00\",\"description\":\"Como proveedor de soluciones de v\u00eddeo IP, para nosotros el servicio no termina despu\u00e9s de la planificaci\u00f3n del sistema, la presentaci\u00f3n de un presupuesto cualificado y la instalaci\u00f3n de este sistema. Nuestro extenso servicio posventa es otro componente fundamental.\",\"breadcrumb\":{\"@id\":\"https:\\\/\\\/www.divis.eu\\\/es\\\/servicio-y-asistencia-tecnica-divis-es-un-proveedor-de-soluciones-de-video-ip\\\/#breadcrumb\"},\"inLanguage\":\"es\",\"potentialAction\":[{\"@type\":\"ReadAction\",\"target\":[\"https:\\\/\\\/www.divis.eu\\\/es\\\/servicio-y-asistencia-tecnica-divis-es-un-proveedor-de-soluciones-de-video-ip\\\/\"]}]},{\"@type\":\"ImageObject\",\"inLanguage\":\"es\",\"@id\":\"https:\\\/\\\/www.divis.eu\\\/es\\\/servicio-y-asistencia-tecnica-divis-es-un-proveedor-de-soluciones-de-video-ip\\\/#primaryimage\",\"url\":\"https:\\\/\\\/www.divis.eu\\\/wp-content\\\/uploads\\\/2018\\\/01\\\/logo-van-duuren-weiss.png\",\"contentUrl\":\"https:\\\/\\\/www.divis.eu\\\/wp-content\\\/uploads\\\/2018\\\/01\\\/logo-van-duuren-weiss.png\"},{\"@type\":\"BreadcrumbList\",\"@id\":\"https:\\\/\\\/www.divis.eu\\\/es\\\/servicio-y-asistencia-tecnica-divis-es-un-proveedor-de-soluciones-de-video-ip\\\/#breadcrumb\",\"itemListElement\":[{\"@type\":\"ListItem\",\"position\":1,\"name\":\"Startseite\",\"item\":\"https:\\\/\\\/www.divis.eu\\\/es\\\/\"},{\"@type\":\"ListItem\",\"position\":2,\"name\":\"Servicio y asistencia t\u00e9cnica: DIVIS es un proveedor de soluciones de v\u00eddeo IP\"}]},{\"@type\":\"WebSite\",\"@id\":\"https:\\\/\\\/www.divis.eu\\\/#website\",\"url\":\"https:\\\/\\\/www.divis.eu\\\/\",\"name\":\"DIVIS - The intelligent view\",\"description\":\"Videosysteml\u00f6sungen f\u00fcr Umschlags- und Warenlager\",\"potentialAction\":[{\"@type\":\"SearchAction\",\"target\":{\"@type\":\"EntryPoint\",\"urlTemplate\":\"https:\\\/\\\/www.divis.eu\\\/?s={search_term_string}\"},\"query-input\":{\"@type\":\"PropertyValueSpecification\",\"valueRequired\":true,\"valueName\":\"search_term_string\"}}],\"inLanguage\":\"es\"}]}<\/script>\n<!-- \/ Yoast SEO plugin. -->","yoast_head_json":{"title":"Proveedor de soluciones de v\u00eddeo IP | Sistemas completos de videovigilancia","description":"Como proveedor de soluciones de v\u00eddeo IP, para nosotros el servicio no termina despu\u00e9s de la planificaci\u00f3n del sistema, la presentaci\u00f3n de un presupuesto cualificado y la instalaci\u00f3n de este sistema. Nuestro extenso servicio posventa es otro componente fundamental.","robots":{"index":"index","follow":"follow","max-snippet":"max-snippet:-1","max-image-preview":"max-image-preview:large","max-video-preview":"max-video-preview:-1"},"canonical":"https:\/\/www.divis.eu\/es\/servicio-y-asistencia-tecnica-divis-es-un-proveedor-de-soluciones-de-video-ip\/","og_locale":"es_ES","og_type":"article","og_title":"Proveedor de soluciones de v\u00eddeo IP | Sistemas completos de videovigilancia","og_description":"Como proveedor de soluciones de v\u00eddeo IP, para nosotros el servicio no termina despu\u00e9s de la planificaci\u00f3n del sistema, la presentaci\u00f3n de un presupuesto cualificado y la instalaci\u00f3n de este sistema. Nuestro extenso servicio posventa es otro componente fundamental.","og_url":"https:\/\/www.divis.eu\/es\/servicio-y-asistencia-tecnica-divis-es-un-proveedor-de-soluciones-de-video-ip\/","og_site_name":"DIVIS - The intelligent view","article_modified_time":"2026-01-23T03:27:51+00:00","og_image":[{"url":"https:\/\/www.divis.eu\/wp-content\/uploads\/2018\/01\/logo-van-duuren-weiss.png","type":"","width":"","height":""}],"twitter_card":"summary_large_image","twitter_misc":{"Tiempo de lectura":"6 minutos"},"schema":{"@context":"https:\/\/schema.org","@graph":[{"@type":"WebPage","@id":"https:\/\/www.divis.eu\/es\/servicio-y-asistencia-tecnica-divis-es-un-proveedor-de-soluciones-de-video-ip\/","url":"https:\/\/www.divis.eu\/es\/servicio-y-asistencia-tecnica-divis-es-un-proveedor-de-soluciones-de-video-ip\/","name":"Proveedor de soluciones de v\u00eddeo IP | Sistemas completos de videovigilancia","isPartOf":{"@id":"https:\/\/www.divis.eu\/#website"},"primaryImageOfPage":{"@id":"https:\/\/www.divis.eu\/es\/servicio-y-asistencia-tecnica-divis-es-un-proveedor-de-soluciones-de-video-ip\/#primaryimage"},"image":{"@id":"https:\/\/www.divis.eu\/es\/servicio-y-asistencia-tecnica-divis-es-un-proveedor-de-soluciones-de-video-ip\/#primaryimage"},"thumbnailUrl":"https:\/\/www.divis.eu\/wp-content\/uploads\/2018\/01\/logo-van-duuren-weiss.png","datePublished":"2018-01-13T00:43:09+00:00","dateModified":"2026-01-23T03:27:51+00:00","description":"Como proveedor de soluciones de v\u00eddeo IP, para nosotros el servicio no termina despu\u00e9s de la planificaci\u00f3n del sistema, la presentaci\u00f3n de un presupuesto cualificado y la instalaci\u00f3n de este sistema. Nuestro extenso servicio posventa es otro componente fundamental.","breadcrumb":{"@id":"https:\/\/www.divis.eu\/es\/servicio-y-asistencia-tecnica-divis-es-un-proveedor-de-soluciones-de-video-ip\/#breadcrumb"},"inLanguage":"es","potentialAction":[{"@type":"ReadAction","target":["https:\/\/www.divis.eu\/es\/servicio-y-asistencia-tecnica-divis-es-un-proveedor-de-soluciones-de-video-ip\/"]}]},{"@type":"ImageObject","inLanguage":"es","@id":"https:\/\/www.divis.eu\/es\/servicio-y-asistencia-tecnica-divis-es-un-proveedor-de-soluciones-de-video-ip\/#primaryimage","url":"https:\/\/www.divis.eu\/wp-content\/uploads\/2018\/01\/logo-van-duuren-weiss.png","contentUrl":"https:\/\/www.divis.eu\/wp-content\/uploads\/2018\/01\/logo-van-duuren-weiss.png"},{"@type":"BreadcrumbList","@id":"https:\/\/www.divis.eu\/es\/servicio-y-asistencia-tecnica-divis-es-un-proveedor-de-soluciones-de-video-ip\/#breadcrumb","itemListElement":[{"@type":"ListItem","position":1,"name":"Startseite","item":"https:\/\/www.divis.eu\/es\/"},{"@type":"ListItem","position":2,"name":"Servicio y asistencia t\u00e9cnica: DIVIS es un proveedor de soluciones de v\u00eddeo IP"}]},{"@type":"WebSite","@id":"https:\/\/www.divis.eu\/#website","url":"https:\/\/www.divis.eu\/","name":"DIVIS - The intelligent view","description":"Videosysteml\u00f6sungen f\u00fcr Umschlags- und Warenlager","potentialAction":[{"@type":"SearchAction","target":{"@type":"EntryPoint","urlTemplate":"https:\/\/www.divis.eu\/?s={search_term_string}"},"query-input":{"@type":"PropertyValueSpecification","valueRequired":true,"valueName":"search_term_string"}}],"inLanguage":"es"}]}},"_links":{"self":[{"href":"https:\/\/www.divis.eu\/es\/wp-json\/wp\/v2\/pages\/24809","targetHints":{"allow":["GET"]}}],"collection":[{"href":"https:\/\/www.divis.eu\/es\/wp-json\/wp\/v2\/pages"}],"about":[{"href":"https:\/\/www.divis.eu\/es\/wp-json\/wp\/v2\/types\/page"}],"author":[{"embeddable":true,"href":"https:\/\/www.divis.eu\/es\/wp-json\/wp\/v2\/users\/1"}],"replies":[{"embeddable":true,"href":"https:\/\/www.divis.eu\/es\/wp-json\/wp\/v2\/comments?post=24809"}],"version-history":[{"count":0,"href":"https:\/\/www.divis.eu\/es\/wp-json\/wp\/v2\/pages\/24809\/revisions"}],"wp:attachment":[{"href":"https:\/\/www.divis.eu\/es\/wp-json\/wp\/v2\/media?parent=24809"}],"curies":[{"name":"wp","href":"https:\/\/api.w.org\/{rel}","templated":true}]}}