{"id":24966,"date":"2018-03-11T04:22:00","date_gmt":"2018-03-11T04:22:00","guid":{"rendered":"https:\/\/www.divis.eu\/tracking-software-in-logistics-gate-plus-module\/"},"modified":"2021-12-27T23:57:29","modified_gmt":"2021-12-27T23:57:29","slug":"software-para-el-seguimiento-de-envios-en-logistica-modulo-gate-plus","status":"publish","type":"page","link":"https:\/\/www.divis.eu\/es\/software-para-el-seguimiento-de-envios-en-logistica-modulo-gate-plus\/","title":{"rendered":"Software para el seguimiento de env\u00edos en log\u00edstica &#8211; M\u00f3dulo Gate Plus"},"content":{"rendered":"\n\n\t\t\t\t<img decoding=\"async\" src=\"https:\/\/www.divis.eu\/wp-content\/uploads\/2018\/02\/icon-gate-plus.png\" alt=\"Vielseitige Plus Funktionen erweitern unsere Video\u00fcberwachungsl\u00f6sungen f\u00fcr die Logistik\" title=\"icon-gate-plus\" itemprop=\"image\"\/>\n\t\t<h4>Funci\u00f3n opcional Plus<sup>+<\/sup> para CargoVIS<\/h4><h3>Gate<sup>+<\/sup><\/h3>\t\t\t\n\t<h2>V\u00eddeo del producto para el funcionamiento de Gate<sup>+<\/sup><\/h2>\n<a href=\"https:\/\/www.divis.eu\/es\/modulos-para-su-logistica-con-videovigilancia\/\">Las soluciones de videovigilancia DIVIS para la log\u00edstica<\/a> se adaptan de forma flexible a sus necesidades.<br \/>\nGate<sup>+\u00a0<\/sup> es una extensi\u00f3n de nuestro <a href=\"https:\/\/www.divis.eu\/es\/software-de-gestion-de-video-cargovis-para-almacenes-de-transbordo\/\">software de gesti\u00f3n de videos para el seguimiento de env\u00edos en log\u00edstica<\/a>. Gate<sup>+\u00a0<\/sup> reconoce autom\u00e1ticamente el estado de puertas y portones y detecta a tiempo los fallos de seguridad. En las c\u00e1maras frigor\u00edficas en particular, puede utilizar Gate<sup>+\u00a0<\/sup> para que sus procesos log\u00edsticos sean m\u00e1s respetuosos con el medio ambiente (\u00abGreen Logistics\u00bb), m\u00e1s eficientes energ\u00e9ticamente y, por lo tanto, tambi\u00e9n m\u00e1s rentables.\n\t<meta itemprop=\"url\" content=\"https:\/\/www.divis.eu\/wp-content\/uploads\/2018\/02\/gateplus_en.mp4\" \/><div style=\"width: 640px;\" class=\"wp-video\"><!--[if lt IE 9]><script>document.createElement('video');<\/script><![endif]-->\n<video class=\"wp-video-shortcode\" id=\"video-24966-1\" width=\"640\" height=\"360\" preload=\"metadata\" controls=\"controls\"><source type=\"video\/mp4\" src=\"https:\/\/www.divis.eu\/wp-content\/uploads\/2018\/02\/gateplus_en.mp4?_=1\" \/><a href=\"https:\/\/www.divis.eu\/wp-content\/uploads\/2018\/02\/gateplus_en.mp4\">https:\/\/www.divis.eu\/wp-content\/uploads\/2018\/02\/gateplus_en.mp4<\/a><\/video><\/div>\n\t\t\t<a href=\"https:\/\/www.divis.eu\/es\/modulos-para-soluciones-de-videovigilancia-en-logistica\/#gateplus\" target=\"_self\" role=\"button\" aria-label=\"M\u00e1s sobre Gate&lt;sup&gt;+&lt;\/sup&gt;\" rel=\"noopener\">\n\t\t\t\t\t\t\tM\u00e1s sobre Gate<sup>+<\/sup>\n\t\t<\/a>\n<h2>\n\t\tNuestras soluciones de software\n\t<\/h2>\n\t\t\t\t<img decoding=\"async\" src=\"https:\/\/www.divis.eu\/wp-content\/uploads\/2018\/01\/logo-cargovis-gr.png\" alt=\"logo-cargovis-gr\" title=\"logo-cargovis-gr\" itemprop=\"image\"\/>\n\t\t<h3>Env\u00edos paletizados siempre a la vista con CargoVIS<\/h3>\t\t\t\n\t\t\t\t<p>Con nuestro software de gesti\u00f3n de v\u00eddeo para almacenes de transbordo, CargoVIS, le ofrecemos una soluci\u00f3n de sistema completa y f\u00e1cil de usar a fin de realizar la b\u00fasqueda y el seguimiento de env\u00edos paletizados mediante im\u00e1genes.<\/p>\n\t\t\t<a href=\"#\" target=\"_self\" role=\"button\" aria-label=\"M\u00e1s acerca de CargoVIS\" rel=\"noopener\">\n\t\t\t\t\t\t\tM\u00e1s acerca de CargoVIS\n\t\t<\/a>\n\t\t\t\t<img decoding=\"async\" src=\"https:\/\/www.divis.eu\/wp-content\/uploads\/2018\/01\/logo-parcelvis-gr.png\" alt=\"\" title=\"\" itemprop=\"image\"\/>\n\t\t<h3>ParcelVIS para dep\u00f3sitos de transbordo y proveedores de servicios CEP<\/h3>\t\t\t\n<p>Ahorre tiempo y dinero y deje que ParcelVIS trabaje eficazmente para usted en la b\u00fasqueda de env\u00edos por im\u00e1genes en el dep\u00f3sito de transbordo: la introducci\u00f3n del n\u00famero de etiqueta del paquete es la clave para obtener toda la informaci\u00f3n sobre el paradero y el estado de un env\u00edo para todos los eventos de escaneo que se hayan realizado.<\/p>\n\t\t\t<a href=\"#\" target=\"_self\" role=\"button\" aria-label=\"M\u00e1s acerca de ParcelVIS\" rel=\"noopener\">\n\t\t\t\t\t\t\tM\u00e1s acerca de ParcelVIS\n\t\t<\/a>\n\t\t\t\t<img decoding=\"async\" src=\"https:\/\/www.divis.eu\/wp-content\/uploads\/2018\/01\/logo-tsb.png\" alt=\"logo-tsb\" title=\"logo-tsb\" itemprop=\"image\"\/>\n\t\t\t\t\t\t\t\t<h3 class='uabb-testimonial-author-name testimonial-author-name'>TSBtrans<\/h3>\t\t\t\t\t\t\t\t\n\t\t\t\t\t\t\t\t\tEspa\u00f1a\t\t\t\t\t\t\t\t\n\t\t\t\t\t\t\t<blockquote><p>\u00abCargoVIS es totalmente confiable y gracias a sus capacidades de seguimiento, la inversi\u00f3n de TSB se ha amortizado en menos de un a\u00f1o al poder encontrar los pal\u00e9s &#8216;desaparecidos&#8217; e identificar las fuentes de da\u00f1os\u00bb.<\/p><\/blockquote>\t\t\t\t\t\t\n\t\t\t\t<img decoding=\"async\" src=\"https:\/\/www.divis.eu\/wp-content\/uploads\/2018\/01\/logo-lagermax.png\" alt=\"logo-lagermax\" title=\"logo-lagermax\" itemprop=\"image\"\/>\n\t\t\t\t\t\t\t\t<h3 class='uabb-testimonial-author-name testimonial-author-name'>Lagermax Paketdienst GmbH &amp; Co KG<\/h3>\t\t\t\t\t\t\t\t\n\t\t\t\t\t\t\t\t\tAustria\t\t\t\t\t\t\t\t\n\t\t\t\t\t\t\t<blockquote><p>\u00abLlevamos 5 a\u00f1os usando ParcelVIS de DIVIS y nunca hemos tenido ning\u00fan problema\u00bb.<\/p><\/blockquote>\t\t\t\t\t\t\n\t\t\t\t<img decoding=\"async\" src=\"https:\/\/www.divis.eu\/wp-content\/uploads\/2018\/01\/logo-voigt-invers.png\" alt=\"logo-voigt-invers\" title=\"logo-voigt-invers\" itemprop=\"image\"\/>\n\t\t\t\t\t\t\t\t<h3 class='uabb-testimonial-author-name testimonial-author-name'>Herbert Voigt GmbH &amp; Co. KG<\/h3>\t\t\t\t\t\t\t\t\n\t\t\t\t\t\t\t\t\tAlemania\t\t\t\t\t\t\t\t\n\t\t\t\t\t\t\t<blockquote><p>\u00abEn DIVIS encontramos un socio competente que siempre tiene una soluci\u00f3n especial para cada una de nuestras ideas\u00bb.<\/p><\/blockquote>\t\t\t\t\t\t\n\t\t\t\t<img decoding=\"async\" src=\"https:\/\/www.divis.eu\/wp-content\/uploads\/2018\/01\/logo-schmalz-schoen.png\" alt=\"logo-schmalz-schoen\" title=\"logo-schmalz-schoen\" itemprop=\"image\"\/>\n\t\t\t\t\t\t\t\t<h3 class='uabb-testimonial-author-name testimonial-author-name'>SCHMALZ+SCH\u00d6N Logistics GmbH<\/h3>\t\t\t\t\t\t\t\t\n\t\t\t\t\t\t\t\t\tAlemania\t\t\t\t\t\t\t\t\n\t\t\t\t\t\t\t<blockquote><p>\u00abLa soluci\u00f3n perfecta incluso en \u00e1reas de transbordo heterog\u00e9neas: la videovigilancia de DIVIS, atenta a cada paquete\u00bb.<\/p><\/blockquote>\t\t\t\t\t\t\n\t\t\t\t<img decoding=\"async\" src=\"https:\/\/www.divis.eu\/wp-content\/uploads\/2018\/01\/logo-zufall-1.png\" alt=\"logo-zufall\" title=\"logo-zufall\" itemprop=\"image\"\/>\n\t\t\t\t\t\t\t\t<h3 class='uabb-testimonial-author-name testimonial-author-name'>Friedrich Zufall GmbH &amp; Co. KG<\/h3>\t\t\t\t\t\t\t\t\n\t\t\t\t\t\t\t\t\tAlemania\t\t\t\t\t\t\t\t\n\t\t\t\t\t\t\t<blockquote><p>\u00abEstamos muy satisfechos con el sistema [&#8230; de DIVIS &#8230;]\u00bb<\/p><\/blockquote>\t\t\t\t\t\t\n\t\t\t<a href=\"#\" target=\"_self\" role=\"button\" aria-label=\"A los Casos pr\u00e1cticos\" rel=\"noopener\">\n\t\t\t\t\t\t\tA los Casos pr\u00e1cticos\n\t\t<\/a>\n\t\t\t\t<img decoding=\"async\" src=\"https:\/\/www.divis.eu\/wp-content\/uploads\/2018\/01\/hendrik-reger-1.png\" alt=\"Hendrik Reger | DIVIS | Videol\u00f6sungen f\u00fcr die Logistik\" itemprop=\"image\" height=\"385\" width=\"300\" title=\"hendrik-reger\" onerror=\"this.style.display='none'\"  \/>\n\t<em><strong>Hendrik Reger<\/strong><br \/>\nDirector General<br \/>\n<\/em>\n<h1>\n\t\t\u00bfTiene alguna pregunta?\n\t<\/h1>\n<h1>\n\t\tAqu\u00ed tenemos respuestas\n\t<\/h1>\n\t<p>Nuestro equipo estar\u00e1 encantado de responder a sus consultas sobre nuestros productos y de asesorarle de forma gratuita y sin compromiso.<\/p>\n\t\t\t<a href=\"#\" target=\"_self\" role=\"button\" aria-label=\"Contactar a DIVIS\" rel=\"noopener\">\n\t\t\t\t\t\t\tContactar a DIVIS\n\t\t<\/a>\n\t\t\t\t<img decoding=\"async\" src=\"https:\/\/www.divis.eu\/wp-content\/uploads\/2018\/01\/kundenlogo-CTL-1.png\" alt=\"CTL | DIVIS Kunde\" itemprop=\"image\" height=\"51\" width=\"120\" title=\"kundenlogo-CTL\" onerror=\"this.style.display='none'\"  \/>\n\t\t\t\t<img decoding=\"async\" src=\"https:\/\/www.divis.eu\/wp-content\/uploads\/2018\/01\/kundenlogo-dpd.png\" alt=\"kundenlogo-dpd\" itemprop=\"image\" height=\"51\" width=\"120\" title=\"kundenlogo-dpd\" onerror=\"this.style.display='none'\"  \/>\n\t\t\t\t<img decoding=\"async\" src=\"https:\/\/www.divis.eu\/wp-content\/uploads\/2018\/01\/kundenlogo-emons.png\" alt=\"Emons | DIVIS-Kunde\" itemprop=\"image\" height=\"51\" width=\"120\" title=\"kundenlogo-emons\" onerror=\"this.style.display='none'\"  \/>\n\t\t\t\t<img decoding=\"async\" src=\"https:\/\/www.divis.eu\/wp-content\/uploads\/2018\/01\/kundenlogo-online.png\" alt=\"kundenlogo-online\" itemprop=\"image\" height=\"51\" width=\"120\" title=\"kundenlogo-online\" onerror=\"this.style.display='none'\"  \/>\n\t\t\t\t<img decoding=\"async\" src=\"https:\/\/www.divis.eu\/wp-content\/uploads\/2018\/01\/kundenlogo-rhenus.png\" alt=\"Rhenus Logistics | DIVIS-Kunde\" title=\"kundenlogo-rhenus\" itemprop=\"image\"  \/>\n\t\t\t\t<img decoding=\"async\" src=\"https:\/\/www.divis.eu\/wp-content\/uploads\/2018\/01\/kundenlogo-tsb.png\" alt=\"kundenlogo-tsb\" itemprop=\"image\" height=\"51\" width=\"120\" title=\"kundenlogo-tsb\" onerror=\"this.style.display='none'\"  \/>\n\t\t\t\t<img decoding=\"async\" src=\"https:\/\/www.divis.eu\/wp-content\/uploads\/2018\/01\/kundenlogo-gebrueder-weiss.png\" alt=\"Gebr\u00fcder Weiss | DIVIS-Kunde\" itemprop=\"image\" height=\"51\" width=\"150\" title=\"kundenlogo-gebrueder-weiss\" onerror=\"this.style.display='none'\"  \/>\n\t\t\t\t<img decoding=\"async\" src=\"https:\/\/www.divis.eu\/wp-content\/uploads\/2018\/01\/kundenlogo-tchibo.png\" alt=\"Tchibo | DIVIS-Kunde\" title=\"kundenlogo-tchibo\" itemprop=\"image\"  \/>\n\t\t\t\t<img decoding=\"async\" src=\"https:\/\/www.divis.eu\/wp-content\/uploads\/2018\/01\/kundenlogo-24plus.png\" alt=\"kundenlogo-24plus\" itemprop=\"image\" height=\"51\" width=\"120\" title=\"kundenlogo-24plus\" onerror=\"this.style.display='none'\"  \/>\n\t\t\t\t<img decoding=\"async\" src=\"https:\/\/www.divis.eu\/wp-content\/uploads\/2018\/01\/kundenlogo-raben.png\" alt=\"Raben Group | DIVIS-Kunde\" title=\"kundenlogo-raben\" itemprop=\"image\"  \/>\n\t\t\t\t<img decoding=\"async\" src=\"https:\/\/www.divis.eu\/wp-content\/uploads\/2018\/01\/kundenlogo-geis.png\" alt=\"Spedition Geis | DIVIS-Kunde\" title=\"kundenlogo-geis\" itemprop=\"image\"  \/>\n\t\t\t\t<img decoding=\"async\" src=\"https:\/\/www.divis.eu\/wp-content\/uploads\/2018\/01\/kundenlogo-zufall.png\" alt=\"kundenlogo-zufall\" itemprop=\"image\" height=\"51\" width=\"120\" title=\"kundenlogo-zufall\" onerror=\"this.style.display='none'\"  \/>\n\n","protected":false},"excerpt":{"rendered":"<p>Funci\u00f3n opcional Plus+ para CargoVIS Gate+ V\u00eddeo del producto para el funcionamiento de Gate+ Las soluciones de videovigilancia DIVIS para la log\u00edstica se adaptan de forma flexible a sus necesidades. Gate+\u00a0 es una extensi\u00f3n de nuestro software de gesti\u00f3n de videos para el seguimiento de env\u00edos en log\u00edstica. Gate+\u00a0 reconoce autom\u00e1ticamente el estado de puertas&hellip;<\/p>\n","protected":false},"author":1,"featured_media":0,"parent":0,"menu_order":0,"comment_status":"closed","ping_status":"closed","template":"","meta":{"footnotes":""},"class_list":["post-24966","page","type-page","status-publish","hentry"],"yoast_head":"<!-- This site is optimized with the Yoast SEO plugin v27.2 - https:\/\/yoast.com\/product\/yoast-seo-wordpress\/ -->\n<title>Gate+ reconoce los estados de las puertas y cierra las brechas de seguridad<\/title>\n<meta name=\"description\" content=\"Gate+ es un m\u00f3dulo de nuestro software para el seguimiento de env\u00edos en log\u00edstica y detecta autom\u00e1ticamente los estados de las puertas y los portones y cierra las brechas de seguridad.\" \/>\n<meta name=\"robots\" content=\"index, follow, max-snippet:-1, max-image-preview:large, max-video-preview:-1\" \/>\n<link rel=\"canonical\" href=\"https:\/\/www.divis.eu\/es\/software-para-el-seguimiento-de-envios-en-logistica-modulo-gate-plus\/\" \/>\n<meta property=\"og:locale\" content=\"es_ES\" \/>\n<meta property=\"og:type\" content=\"article\" \/>\n<meta property=\"og:title\" content=\"Gate+ reconoce los estados de las puertas y cierra las brechas de seguridad\" \/>\n<meta property=\"og:description\" content=\"Gate+ es un m\u00f3dulo de nuestro software para el seguimiento de env\u00edos en log\u00edstica y detecta autom\u00e1ticamente los estados de las puertas y los portones y cierra las brechas de seguridad.\" \/>\n<meta property=\"og:url\" content=\"https:\/\/www.divis.eu\/es\/software-para-el-seguimiento-de-envios-en-logistica-modulo-gate-plus\/\" \/>\n<meta property=\"og:site_name\" content=\"DIVIS - The intelligent view\" \/>\n<meta property=\"article:modified_time\" content=\"2021-12-27T23:57:29+00:00\" \/>\n<meta property=\"og:image\" content=\"https:\/\/www.divis.eu\/wp-content\/uploads\/2018\/02\/icon-gate-plus.png\" \/>\n<meta name=\"twitter:card\" content=\"summary_large_image\" \/>\n<meta name=\"twitter:label1\" content=\"Tiempo de lectura\" \/>\n\t<meta name=\"twitter:data1\" content=\"6 minutos\" \/>\n<script type=\"application\/ld+json\" class=\"yoast-schema-graph\">{\"@context\":\"https:\/\/schema.org\",\"@graph\":[{\"@type\":\"WebPage\",\"@id\":\"https:\/\/www.divis.eu\/es\/software-para-el-seguimiento-de-envios-en-logistica-modulo-gate-plus\/\",\"url\":\"https:\/\/www.divis.eu\/es\/software-para-el-seguimiento-de-envios-en-logistica-modulo-gate-plus\/\",\"name\":\"Gate+ reconoce los estados de las puertas y cierra las brechas de seguridad\",\"isPartOf\":{\"@id\":\"https:\/\/www.divis.eu\/#website\"},\"primaryImageOfPage\":{\"@id\":\"https:\/\/www.divis.eu\/es\/software-para-el-seguimiento-de-envios-en-logistica-modulo-gate-plus\/#primaryimage\"},\"image\":{\"@id\":\"https:\/\/www.divis.eu\/es\/software-para-el-seguimiento-de-envios-en-logistica-modulo-gate-plus\/#primaryimage\"},\"thumbnailUrl\":\"https:\/\/www.divis.eu\/wp-content\/uploads\/2018\/02\/icon-gate-plus.png\",\"datePublished\":\"2018-03-11T04:22:00+00:00\",\"dateModified\":\"2021-12-27T23:57:29+00:00\",\"description\":\"Gate+ es un m\u00f3dulo de nuestro software para el seguimiento de env\u00edos en log\u00edstica y detecta autom\u00e1ticamente los estados de las puertas y los portones y cierra las brechas de seguridad.\",\"breadcrumb\":{\"@id\":\"https:\/\/www.divis.eu\/es\/software-para-el-seguimiento-de-envios-en-logistica-modulo-gate-plus\/#breadcrumb\"},\"inLanguage\":\"es\",\"potentialAction\":[{\"@type\":\"ReadAction\",\"target\":[\"https:\/\/www.divis.eu\/es\/software-para-el-seguimiento-de-envios-en-logistica-modulo-gate-plus\/\"]}]},{\"@type\":\"ImageObject\",\"inLanguage\":\"es\",\"@id\":\"https:\/\/www.divis.eu\/es\/software-para-el-seguimiento-de-envios-en-logistica-modulo-gate-plus\/#primaryimage\",\"url\":\"https:\/\/www.divis.eu\/wp-content\/uploads\/2018\/02\/icon-gate-plus.png\",\"contentUrl\":\"https:\/\/www.divis.eu\/wp-content\/uploads\/2018\/02\/icon-gate-plus.png\"},{\"@type\":\"BreadcrumbList\",\"@id\":\"https:\/\/www.divis.eu\/es\/software-para-el-seguimiento-de-envios-en-logistica-modulo-gate-plus\/#breadcrumb\",\"itemListElement\":[{\"@type\":\"ListItem\",\"position\":1,\"name\":\"Startseite\",\"item\":\"https:\/\/www.divis.eu\/es\/\"},{\"@type\":\"ListItem\",\"position\":2,\"name\":\"Software para el seguimiento de env\u00edos en log\u00edstica &#8211; M\u00f3dulo Gate Plus\"}]},{\"@type\":\"WebSite\",\"@id\":\"https:\/\/www.divis.eu\/#website\",\"url\":\"https:\/\/www.divis.eu\/\",\"name\":\"DIVIS - The intelligent view\",\"description\":\"Videosysteml\u00f6sungen f\u00fcr Umschlags- und Warenlager\",\"potentialAction\":[{\"@type\":\"SearchAction\",\"target\":{\"@type\":\"EntryPoint\",\"urlTemplate\":\"https:\/\/www.divis.eu\/?s={search_term_string}\"},\"query-input\":{\"@type\":\"PropertyValueSpecification\",\"valueRequired\":true,\"valueName\":\"search_term_string\"}}],\"inLanguage\":\"es\"}]}<\/script>\n<!-- \/ Yoast SEO plugin. -->","yoast_head_json":{"title":"Gate+ reconoce los estados de las puertas y cierra las brechas de seguridad","description":"Gate+ es un m\u00f3dulo de nuestro software para el seguimiento de env\u00edos en log\u00edstica y detecta autom\u00e1ticamente los estados de las puertas y los portones y cierra las brechas de seguridad.","robots":{"index":"index","follow":"follow","max-snippet":"max-snippet:-1","max-image-preview":"max-image-preview:large","max-video-preview":"max-video-preview:-1"},"canonical":"https:\/\/www.divis.eu\/es\/software-para-el-seguimiento-de-envios-en-logistica-modulo-gate-plus\/","og_locale":"es_ES","og_type":"article","og_title":"Gate+ reconoce los estados de las puertas y cierra las brechas de seguridad","og_description":"Gate+ es un m\u00f3dulo de nuestro software para el seguimiento de env\u00edos en log\u00edstica y detecta autom\u00e1ticamente los estados de las puertas y los portones y cierra las brechas de seguridad.","og_url":"https:\/\/www.divis.eu\/es\/software-para-el-seguimiento-de-envios-en-logistica-modulo-gate-plus\/","og_site_name":"DIVIS - The intelligent view","article_modified_time":"2021-12-27T23:57:29+00:00","og_image":[{"url":"https:\/\/www.divis.eu\/wp-content\/uploads\/2018\/02\/icon-gate-plus.png","type":"","width":"","height":""}],"twitter_card":"summary_large_image","twitter_misc":{"Tiempo de lectura":"6 minutos"},"schema":{"@context":"https:\/\/schema.org","@graph":[{"@type":"WebPage","@id":"https:\/\/www.divis.eu\/es\/software-para-el-seguimiento-de-envios-en-logistica-modulo-gate-plus\/","url":"https:\/\/www.divis.eu\/es\/software-para-el-seguimiento-de-envios-en-logistica-modulo-gate-plus\/","name":"Gate+ reconoce los estados de las puertas y cierra las brechas de seguridad","isPartOf":{"@id":"https:\/\/www.divis.eu\/#website"},"primaryImageOfPage":{"@id":"https:\/\/www.divis.eu\/es\/software-para-el-seguimiento-de-envios-en-logistica-modulo-gate-plus\/#primaryimage"},"image":{"@id":"https:\/\/www.divis.eu\/es\/software-para-el-seguimiento-de-envios-en-logistica-modulo-gate-plus\/#primaryimage"},"thumbnailUrl":"https:\/\/www.divis.eu\/wp-content\/uploads\/2018\/02\/icon-gate-plus.png","datePublished":"2018-03-11T04:22:00+00:00","dateModified":"2021-12-27T23:57:29+00:00","description":"Gate+ es un m\u00f3dulo de nuestro software para el seguimiento de env\u00edos en log\u00edstica y detecta autom\u00e1ticamente los estados de las puertas y los portones y cierra las brechas de seguridad.","breadcrumb":{"@id":"https:\/\/www.divis.eu\/es\/software-para-el-seguimiento-de-envios-en-logistica-modulo-gate-plus\/#breadcrumb"},"inLanguage":"es","potentialAction":[{"@type":"ReadAction","target":["https:\/\/www.divis.eu\/es\/software-para-el-seguimiento-de-envios-en-logistica-modulo-gate-plus\/"]}]},{"@type":"ImageObject","inLanguage":"es","@id":"https:\/\/www.divis.eu\/es\/software-para-el-seguimiento-de-envios-en-logistica-modulo-gate-plus\/#primaryimage","url":"https:\/\/www.divis.eu\/wp-content\/uploads\/2018\/02\/icon-gate-plus.png","contentUrl":"https:\/\/www.divis.eu\/wp-content\/uploads\/2018\/02\/icon-gate-plus.png"},{"@type":"BreadcrumbList","@id":"https:\/\/www.divis.eu\/es\/software-para-el-seguimiento-de-envios-en-logistica-modulo-gate-plus\/#breadcrumb","itemListElement":[{"@type":"ListItem","position":1,"name":"Startseite","item":"https:\/\/www.divis.eu\/es\/"},{"@type":"ListItem","position":2,"name":"Software para el seguimiento de env\u00edos en log\u00edstica &#8211; M\u00f3dulo Gate Plus"}]},{"@type":"WebSite","@id":"https:\/\/www.divis.eu\/#website","url":"https:\/\/www.divis.eu\/","name":"DIVIS - The intelligent view","description":"Videosysteml\u00f6sungen f\u00fcr Umschlags- und Warenlager","potentialAction":[{"@type":"SearchAction","target":{"@type":"EntryPoint","urlTemplate":"https:\/\/www.divis.eu\/?s={search_term_string}"},"query-input":{"@type":"PropertyValueSpecification","valueRequired":true,"valueName":"search_term_string"}}],"inLanguage":"es"}]}},"_links":{"self":[{"href":"https:\/\/www.divis.eu\/es\/wp-json\/wp\/v2\/pages\/24966","targetHints":{"allow":["GET"]}}],"collection":[{"href":"https:\/\/www.divis.eu\/es\/wp-json\/wp\/v2\/pages"}],"about":[{"href":"https:\/\/www.divis.eu\/es\/wp-json\/wp\/v2\/types\/page"}],"author":[{"embeddable":true,"href":"https:\/\/www.divis.eu\/es\/wp-json\/wp\/v2\/users\/1"}],"replies":[{"embeddable":true,"href":"https:\/\/www.divis.eu\/es\/wp-json\/wp\/v2\/comments?post=24966"}],"version-history":[{"count":0,"href":"https:\/\/www.divis.eu\/es\/wp-json\/wp\/v2\/pages\/24966\/revisions"}],"wp:attachment":[{"href":"https:\/\/www.divis.eu\/es\/wp-json\/wp\/v2\/media?parent=24966"}],"curies":[{"name":"wp","href":"https:\/\/api.w.org\/{rel}","templated":true}]}}