{"id":25227,"date":"2020-10-04T18:05:04","date_gmt":"2020-10-04T18:05:04","guid":{"rendered":"https:\/\/www.divis.eu\/divis-videoueberwachung-fuer-die-logistik-interview\/"},"modified":"2022-01-12T01:23:09","modified_gmt":"2022-01-12T01:23:09","slug":"divis-gestion-de-video-para-cep-entrevista-con-el-cliente","status":"publish","type":"page","link":"https:\/\/www.divis.eu\/es\/divis-gestion-de-video-para-cep-entrevista-con-el-cliente\/","title":{"rendered":"DIVIS | Gesti\u00f3n de v\u00eddeo para CEP &#8211; Entrevista con el cliente"},"content":{"rendered":"\n<h1>\n\t\tVentajas de una soluci\u00f3n DIVIS desde la perspectiva del CEO de un centro de distribuci\u00f3n de mercanc\u00edas (CEP)\n\t<\/h1>\n<h1>\n\t\tWolfgang P. Albeck, CEO de trans-o-flex en una entrevista con DIVIS\n\t<\/h1>\n\t\t\t\t<img decoding=\"async\" src=\"https:\/\/www.divis.eu\/wp-content\/uploads\/2020\/10\/divis-logo-m-hg1-1.png\" alt=\"DIVIS Logo\" title=\"divis-logo-m-hg1\" itemprop=\"image\"\/>\n\t\t<h3>Sr. Albeck, \u00bfqu\u00e9 contribuci\u00f3n puede hacer DIVIS para alcanzar sus objetivos?<\/h3>\t\t\t\n\t\t\t\t<img decoding=\"async\" src=\"https:\/\/www.divis.eu\/wp-content\/uploads\/2020\/10\/w.albrecht-klein.png\" alt=\"W. Ahlbeck | CEO trans-o-flex\" title=\"w.albrecht-klein\" itemprop=\"image\"\/>\n\t\t\t\t<p>trans-o-flex es un especialista en mercanc\u00edas delicadas y de alto valor. El \u00e9xito de nuestra empresa depende de la alta calidad integral de nuestro servicio. Adem\u00e1s de la velocidad, la flexibilidad y la fiabilidad, esto tambi\u00e9n incluye la integridad de las mercanc\u00edas que nuestros clientes nos conf\u00edan. Desde hace d\u00e9cadas la caracter\u00edstica principal de trans-o-flex son los \u00edndices m\u00e1s bajos de p\u00e9rdidas y da\u00f1os. El sistema de v\u00eddeo de DIVIS nos ayuda en esta tarea De este modo, podremos garantizar tambi\u00e9n en el futuro los m\u00e1s altos est\u00e1ndares de seguridad de la infraestructura log\u00edstica y de la cadena de suministro.<\/p>\n\t\t\t\t<img decoding=\"async\" src=\"https:\/\/www.divis.eu\/wp-content\/uploads\/2020\/10\/divis-logo-m-hg1-1.png\" alt=\"DIVIS Logo\" title=\"divis-logo-m-hg1\" itemprop=\"image\"\/>\n\t\t<h3>\u00bfQu\u00e9 argumentos de su departamento de seguridad y\/o de inform\u00e1tica le han convencido para utilizar una soluci\u00f3n de DIVIS?<\/h3>\t\t\t\n\t\t\t\t<img decoding=\"async\" src=\"https:\/\/www.divis.eu\/wp-content\/uploads\/2020\/10\/w.albrecht-klein.png\" alt=\"W. Ahlbeck | CEO trans-o-flex\" title=\"w.albrecht-klein\" itemprop=\"image\"\/>\n\t\t\t\t<p>Para conseguir los mejores resultados, se necesitan las mejores estructuras y herramientas de trabajo posibles. Nuestro departamento t\u00e9cnico analiz\u00f3 el mercado en cuanto a soluciones de seguridad e hizo una recomendaci\u00f3n, que nosotros en la direcci\u00f3n seguimos.<br \/>En este contexto, para nuestro departamento de seguridad era y es de vital importancia poder aclarar las interrupciones de los env\u00edos en un plazo corto de procesamiento para evitar irregularidades. Teniendo presentes nuestras normas de seguridad, necesit\u00e1bamos un socio con amplios conocimientos de los est\u00e1ndares de seguridad, como TAPA FSR C.<br \/>DIVIS reconoci\u00f3 r\u00e1pidamente nuestras necesidades y desarroll\u00f3 soluciones espec\u00edficas para ellas. En la fase de implementaci\u00f3n, no hubo necesidad de adaptar el concepto de v\u00eddeo creado, sino que pudo llevarse a cabo tal y como estaba planeado.<\/p>\n\t\t\t\t<img decoding=\"async\" src=\"https:\/\/www.divis.eu\/wp-content\/uploads\/2020\/10\/divis-logo-m-hg1-1.png\" alt=\"DIVIS Logo\" title=\"divis-logo-m-hg1\" itemprop=\"image\"\/>\n\t\t<h3>Desde su punto de vista, \u00bfqu\u00e9 distingue a DIVIS de otros proveedores en este contexto?<\/h3>\t\t\t\n\t\t\t\t<img decoding=\"async\" src=\"https:\/\/www.divis.eu\/wp-content\/uploads\/2020\/10\/w.albrecht-klein.png\" alt=\"W. Ahlbeck | CEO trans-o-flex\" title=\"w.albrecht-klein\" itemprop=\"image\"\/>\n\t\t\t\t<p>\u00abDesde nuestro punto de vista, DIVIS se destaca por su alta fiabilidad. DIVIS dise\u00f1a soluciones sostenibles que no solo funcionan a corto o mediano plazo. El proceso de mejora continua est\u00e1 garantizado durante todo el periodo del contrato.<\/p>\n\t\t\t\t<img decoding=\"async\" src=\"https:\/\/www.divis.eu\/wp-content\/uploads\/2020\/10\/divis-logo-m-hg1-1.png\" alt=\"DIVIS Logo\" title=\"divis-logo-m-hg1\" itemprop=\"image\"\/>\n\t\t<h3>\u00bfQu\u00e9 importancia tiene para usted la amortizaci\u00f3n en un corto plazo de la inversi\u00f3n en una soluci\u00f3n de video?<\/h3>\t\t\t\n\t\t\t\t<img decoding=\"async\" src=\"https:\/\/www.divis.eu\/wp-content\/uploads\/2020\/10\/w.albrecht-klein.png\" alt=\"W. Ahlbeck | CEO trans-o-flex\" title=\"w.albrecht-klein\" itemprop=\"image\"\/>\n\t\t\t\t<p>La amortizaci\u00f3n a corto plazo es importante, pero no es el \u00fanico criterio. Utilizamos soluciones de video para proteger los bienes de nuestros clientes a largo plazo y tenemos est\u00e1ndares de calidad extremadamente altos. La soluci\u00f3n de video tambi\u00e9n debe estar a la altura. Debe permitir las entregas a tiempo y sin da\u00f1os a nuestros destinatarios y mejorar a\u00fan m\u00e1s nuestra calidad.<br \/>Cuanto m\u00e1s corto sea el periodo de amortizaci\u00f3n, antes podr\u00e1n planificarse e implementarse innovaciones en las soluciones de video. Esto se debe a que el ciclo de vida de estos sistemas es previsible. Partimos de la suposici\u00f3n de que despu\u00e9s de siete a\u00f1os de uso moderadamente intenso, los sistemas requieren m\u00e1s mantenimiento, son m\u00e1s propensos a fallar y deben ser sustituidos. Esto pone l\u00edmites estrictos al periodo de recuperaci\u00f3n de la inversi\u00f3n.<\/p>\n\t\t\t\t<a href=\"https:\/\/www.divis.eu\/sicherheit-im-panoramablick-trans-o-flex\/\" target=\"_self\" itemprop=\"url\" rel=\"noopener\">\n\t\t\t\t<img decoding=\"async\" src=\"https:\/\/www.divis.eu\/wp-content\/uploads\/2021\/01\/banner-transoflex.jpg\" alt=\"Anwenderbericht trans-o-flex | DIVIS\" title=\"banner-transoflex\" itemprop=\"image\"  \/>\n\t\t\t\t\t\t<\/a>\n\t\t\t<a href=\"https:\/\/www.divis.eu\/es\/seguridad-gracias-a-la-vista-panoramica-con-trans-o-flex\/\" target=\"_self\" role=\"button\" aria-label=\" Al Estudio de caso\" rel=\"noopener\">\n\t\t\t\t\t\t\t Al Estudio de caso\n\t\t<\/a>\n\t\t\t\t<img decoding=\"async\" src=\"https:\/\/www.divis.eu\/wp-content\/uploads\/2018\/01\/kundenlogo-CTL-1.png\" alt=\"CTL | DIVIS Kunde\" itemprop=\"image\" height=\"51\" width=\"120\" title=\"kundenlogo-CTL\" onerror=\"this.style.display='none'\"  \/>\n\t\t\t\t<img decoding=\"async\" src=\"https:\/\/www.divis.eu\/wp-content\/uploads\/2018\/01\/kundenlogo-dpd.png\" alt=\"kundenlogo-dpd\" itemprop=\"image\" height=\"51\" width=\"120\" title=\"kundenlogo-dpd\" onerror=\"this.style.display='none'\"  \/>\n\t\t\t\t<img decoding=\"async\" src=\"https:\/\/www.divis.eu\/wp-content\/uploads\/2018\/01\/kundenlogo-emons.png\" alt=\"Emons | DIVIS-Kunde\" itemprop=\"image\" height=\"51\" width=\"120\" title=\"kundenlogo-emons\" onerror=\"this.style.display='none'\"  \/>\n\t\t\t\t<img decoding=\"async\" src=\"https:\/\/www.divis.eu\/wp-content\/uploads\/2018\/01\/kundenlogo-online.png\" alt=\"kundenlogo-online\" itemprop=\"image\" height=\"51\" width=\"120\" title=\"kundenlogo-online\" onerror=\"this.style.display='none'\"  \/>\n\t\t\t\t<img decoding=\"async\" src=\"https:\/\/www.divis.eu\/wp-content\/uploads\/2018\/01\/kundenlogo-rhenus.png\" alt=\"Rhenus Logistics | DIVIS-Kunde\" title=\"kundenlogo-rhenus\" itemprop=\"image\"  \/>\n\t\t\t\t<img decoding=\"async\" src=\"https:\/\/www.divis.eu\/wp-content\/uploads\/2018\/01\/kundenlogo-tsb.png\" alt=\"kundenlogo-tsb\" itemprop=\"image\" height=\"51\" width=\"120\" title=\"kundenlogo-tsb\" onerror=\"this.style.display='none'\"  \/>\n\t\t\t\t<img decoding=\"async\" src=\"https:\/\/www.divis.eu\/wp-content\/uploads\/2018\/01\/kundenlogo-gebrueder-weiss.png\" alt=\"Gebr\u00fcder Weiss | DIVIS-Kunde\" itemprop=\"image\" height=\"51\" width=\"150\" title=\"kundenlogo-gebrueder-weiss\" onerror=\"this.style.display='none'\"  \/>\n\t\t\t\t<img decoding=\"async\" src=\"https:\/\/www.divis.eu\/wp-content\/uploads\/2018\/01\/kundenlogo-tchibo.png\" alt=\"Tchibo | DIVIS-Kunde\" title=\"kundenlogo-tchibo\" itemprop=\"image\"  \/>\n\t\t\t\t<img decoding=\"async\" src=\"https:\/\/www.divis.eu\/wp-content\/uploads\/2018\/01\/kundenlogo-24plus.png\" alt=\"kundenlogo-24plus\" itemprop=\"image\" height=\"51\" width=\"120\" title=\"kundenlogo-24plus\" onerror=\"this.style.display='none'\"  \/>\n\t\t\t\t<img decoding=\"async\" src=\"https:\/\/www.divis.eu\/wp-content\/uploads\/2018\/01\/kundenlogo-raben.png\" alt=\"Raben Group | DIVIS-Kunde\" title=\"kundenlogo-raben\" itemprop=\"image\"  \/>\n\t\t\t\t<img decoding=\"async\" src=\"https:\/\/www.divis.eu\/wp-content\/uploads\/2018\/01\/kundenlogo-geis.png\" alt=\"Spedition Geis | DIVIS-Kunde\" title=\"kundenlogo-geis\" itemprop=\"image\"  \/>\n\t\t\t\t<img decoding=\"async\" src=\"https:\/\/www.divis.eu\/wp-content\/uploads\/2018\/01\/kundenlogo-zufall.png\" alt=\"kundenlogo-zufall\" itemprop=\"image\" height=\"51\" width=\"120\" title=\"kundenlogo-zufall\" onerror=\"this.style.display='none'\"  \/>\n\n","protected":false},"excerpt":{"rendered":"<p>Ventajas de una soluci\u00f3n DIVIS desde la perspectiva del CEO de un centro de distribuci\u00f3n de mercanc\u00edas (CEP) Wolfgang P. Albeck, CEO de trans-o-flex en una entrevista con DIVIS Sr. Albeck, \u00bfqu\u00e9 contribuci\u00f3n puede hacer DIVIS para alcanzar sus objetivos? trans-o-flex es un especialista en mercanc\u00edas delicadas y de alto valor. El \u00e9xito de nuestra&hellip;<\/p>\n","protected":false},"author":1,"featured_media":0,"parent":0,"menu_order":0,"comment_status":"closed","ping_status":"closed","template":"","meta":{"footnotes":""},"class_list":["post-25227","page","type-page","status-publish","hentry"],"yoast_head":"<!-- This site is optimized with the Yoast SEO plugin v27.4 - https:\/\/yoast.com\/product\/yoast-seo-wordpress\/ -->\n<title>DIVIS Bordesholm | Videovigilancia para CEP | Entrevista con el cliente<\/title>\n<meta name=\"description\" content=\"Ventajas de una soluci\u00f3n de gesti\u00f3n de v\u00eddeo de DIVIS desde la perspectiva de un director general de un CEP. Wolfgang P. Albeck, director general de trans-o-flex, en una entrevista con un cliente\" \/>\n<meta name=\"robots\" content=\"index, follow, max-snippet:-1, max-image-preview:large, max-video-preview:-1\" \/>\n<link rel=\"canonical\" href=\"https:\/\/www.divis.eu\/es\/divis-gestion-de-video-para-cep-entrevista-con-el-cliente\/\" \/>\n<meta property=\"og:locale\" content=\"es_ES\" \/>\n<meta property=\"og:type\" content=\"article\" \/>\n<meta property=\"og:title\" content=\"DIVIS Bordesholm | Videovigilancia para CEP | Entrevista con el cliente\" \/>\n<meta property=\"og:description\" content=\"Ventajas de una soluci\u00f3n de gesti\u00f3n de v\u00eddeo de DIVIS desde la perspectiva de un director general de un CEP. Wolfgang P. Albeck, director general de trans-o-flex, en una entrevista con un cliente\" \/>\n<meta property=\"og:url\" content=\"https:\/\/www.divis.eu\/es\/divis-gestion-de-video-para-cep-entrevista-con-el-cliente\/\" \/>\n<meta property=\"og:site_name\" content=\"DIVIS - The intelligent view\" \/>\n<meta property=\"article:modified_time\" content=\"2022-01-12T01:23:09+00:00\" \/>\n<meta property=\"og:image\" content=\"https:\/\/www.divis.eu\/wp-content\/uploads\/2020\/10\/divis-logo-m-hg1-1.png\" \/>\n<meta name=\"twitter:card\" content=\"summary_large_image\" \/>\n<meta name=\"twitter:label1\" content=\"Tiempo de lectura\" \/>\n\t<meta name=\"twitter:data1\" content=\"7 minutos\" \/>\n<script type=\"application\/ld+json\" class=\"yoast-schema-graph\">{\"@context\":\"https:\\\/\\\/schema.org\",\"@graph\":[{\"@type\":\"WebPage\",\"@id\":\"https:\\\/\\\/www.divis.eu\\\/es\\\/divis-gestion-de-video-para-cep-entrevista-con-el-cliente\\\/\",\"url\":\"https:\\\/\\\/www.divis.eu\\\/es\\\/divis-gestion-de-video-para-cep-entrevista-con-el-cliente\\\/\",\"name\":\"DIVIS Bordesholm | Videovigilancia para CEP | Entrevista con el cliente\",\"isPartOf\":{\"@id\":\"https:\\\/\\\/www.divis.eu\\\/#website\"},\"primaryImageOfPage\":{\"@id\":\"https:\\\/\\\/www.divis.eu\\\/es\\\/divis-gestion-de-video-para-cep-entrevista-con-el-cliente\\\/#primaryimage\"},\"image\":{\"@id\":\"https:\\\/\\\/www.divis.eu\\\/es\\\/divis-gestion-de-video-para-cep-entrevista-con-el-cliente\\\/#primaryimage\"},\"thumbnailUrl\":\"https:\\\/\\\/www.divis.eu\\\/wp-content\\\/uploads\\\/2020\\\/10\\\/divis-logo-m-hg1-1.png\",\"datePublished\":\"2020-10-04T18:05:04+00:00\",\"dateModified\":\"2022-01-12T01:23:09+00:00\",\"description\":\"Ventajas de una soluci\u00f3n de gesti\u00f3n de v\u00eddeo de DIVIS desde la perspectiva de un director general de un CEP. Wolfgang P. Albeck, director general de trans-o-flex, en una entrevista con un cliente\",\"breadcrumb\":{\"@id\":\"https:\\\/\\\/www.divis.eu\\\/es\\\/divis-gestion-de-video-para-cep-entrevista-con-el-cliente\\\/#breadcrumb\"},\"inLanguage\":\"es\",\"potentialAction\":[{\"@type\":\"ReadAction\",\"target\":[\"https:\\\/\\\/www.divis.eu\\\/es\\\/divis-gestion-de-video-para-cep-entrevista-con-el-cliente\\\/\"]}]},{\"@type\":\"ImageObject\",\"inLanguage\":\"es\",\"@id\":\"https:\\\/\\\/www.divis.eu\\\/es\\\/divis-gestion-de-video-para-cep-entrevista-con-el-cliente\\\/#primaryimage\",\"url\":\"https:\\\/\\\/www.divis.eu\\\/wp-content\\\/uploads\\\/2020\\\/10\\\/divis-logo-m-hg1-1.png\",\"contentUrl\":\"https:\\\/\\\/www.divis.eu\\\/wp-content\\\/uploads\\\/2020\\\/10\\\/divis-logo-m-hg1-1.png\"},{\"@type\":\"BreadcrumbList\",\"@id\":\"https:\\\/\\\/www.divis.eu\\\/es\\\/divis-gestion-de-video-para-cep-entrevista-con-el-cliente\\\/#breadcrumb\",\"itemListElement\":[{\"@type\":\"ListItem\",\"position\":1,\"name\":\"Startseite\",\"item\":\"https:\\\/\\\/www.divis.eu\\\/es\\\/\"},{\"@type\":\"ListItem\",\"position\":2,\"name\":\"DIVIS | Gesti\u00f3n de v\u00eddeo para CEP &#8211; Entrevista con el cliente\"}]},{\"@type\":\"WebSite\",\"@id\":\"https:\\\/\\\/www.divis.eu\\\/#website\",\"url\":\"https:\\\/\\\/www.divis.eu\\\/\",\"name\":\"DIVIS - The intelligent view\",\"description\":\"Videosysteml\u00f6sungen f\u00fcr Umschlags- und Warenlager\",\"potentialAction\":[{\"@type\":\"SearchAction\",\"target\":{\"@type\":\"EntryPoint\",\"urlTemplate\":\"https:\\\/\\\/www.divis.eu\\\/?s={search_term_string}\"},\"query-input\":{\"@type\":\"PropertyValueSpecification\",\"valueRequired\":true,\"valueName\":\"search_term_string\"}}],\"inLanguage\":\"es\"}]}<\/script>\n<!-- \/ Yoast SEO plugin. -->","yoast_head_json":{"title":"DIVIS Bordesholm | Videovigilancia para CEP | Entrevista con el cliente","description":"Ventajas de una soluci\u00f3n de gesti\u00f3n de v\u00eddeo de DIVIS desde la perspectiva de un director general de un CEP. Wolfgang P. Albeck, director general de trans-o-flex, en una entrevista con un cliente","robots":{"index":"index","follow":"follow","max-snippet":"max-snippet:-1","max-image-preview":"max-image-preview:large","max-video-preview":"max-video-preview:-1"},"canonical":"https:\/\/www.divis.eu\/es\/divis-gestion-de-video-para-cep-entrevista-con-el-cliente\/","og_locale":"es_ES","og_type":"article","og_title":"DIVIS Bordesholm | Videovigilancia para CEP | Entrevista con el cliente","og_description":"Ventajas de una soluci\u00f3n de gesti\u00f3n de v\u00eddeo de DIVIS desde la perspectiva de un director general de un CEP. Wolfgang P. Albeck, director general de trans-o-flex, en una entrevista con un cliente","og_url":"https:\/\/www.divis.eu\/es\/divis-gestion-de-video-para-cep-entrevista-con-el-cliente\/","og_site_name":"DIVIS - The intelligent view","article_modified_time":"2022-01-12T01:23:09+00:00","og_image":[{"url":"https:\/\/www.divis.eu\/wp-content\/uploads\/2020\/10\/divis-logo-m-hg1-1.png","type":"","width":"","height":""}],"twitter_card":"summary_large_image","twitter_misc":{"Tiempo de lectura":"7 minutos"},"schema":{"@context":"https:\/\/schema.org","@graph":[{"@type":"WebPage","@id":"https:\/\/www.divis.eu\/es\/divis-gestion-de-video-para-cep-entrevista-con-el-cliente\/","url":"https:\/\/www.divis.eu\/es\/divis-gestion-de-video-para-cep-entrevista-con-el-cliente\/","name":"DIVIS Bordesholm | Videovigilancia para CEP | Entrevista con el cliente","isPartOf":{"@id":"https:\/\/www.divis.eu\/#website"},"primaryImageOfPage":{"@id":"https:\/\/www.divis.eu\/es\/divis-gestion-de-video-para-cep-entrevista-con-el-cliente\/#primaryimage"},"image":{"@id":"https:\/\/www.divis.eu\/es\/divis-gestion-de-video-para-cep-entrevista-con-el-cliente\/#primaryimage"},"thumbnailUrl":"https:\/\/www.divis.eu\/wp-content\/uploads\/2020\/10\/divis-logo-m-hg1-1.png","datePublished":"2020-10-04T18:05:04+00:00","dateModified":"2022-01-12T01:23:09+00:00","description":"Ventajas de una soluci\u00f3n de gesti\u00f3n de v\u00eddeo de DIVIS desde la perspectiva de un director general de un CEP. Wolfgang P. Albeck, director general de trans-o-flex, en una entrevista con un cliente","breadcrumb":{"@id":"https:\/\/www.divis.eu\/es\/divis-gestion-de-video-para-cep-entrevista-con-el-cliente\/#breadcrumb"},"inLanguage":"es","potentialAction":[{"@type":"ReadAction","target":["https:\/\/www.divis.eu\/es\/divis-gestion-de-video-para-cep-entrevista-con-el-cliente\/"]}]},{"@type":"ImageObject","inLanguage":"es","@id":"https:\/\/www.divis.eu\/es\/divis-gestion-de-video-para-cep-entrevista-con-el-cliente\/#primaryimage","url":"https:\/\/www.divis.eu\/wp-content\/uploads\/2020\/10\/divis-logo-m-hg1-1.png","contentUrl":"https:\/\/www.divis.eu\/wp-content\/uploads\/2020\/10\/divis-logo-m-hg1-1.png"},{"@type":"BreadcrumbList","@id":"https:\/\/www.divis.eu\/es\/divis-gestion-de-video-para-cep-entrevista-con-el-cliente\/#breadcrumb","itemListElement":[{"@type":"ListItem","position":1,"name":"Startseite","item":"https:\/\/www.divis.eu\/es\/"},{"@type":"ListItem","position":2,"name":"DIVIS | Gesti\u00f3n de v\u00eddeo para CEP &#8211; Entrevista con el cliente"}]},{"@type":"WebSite","@id":"https:\/\/www.divis.eu\/#website","url":"https:\/\/www.divis.eu\/","name":"DIVIS - The intelligent view","description":"Videosysteml\u00f6sungen f\u00fcr Umschlags- und Warenlager","potentialAction":[{"@type":"SearchAction","target":{"@type":"EntryPoint","urlTemplate":"https:\/\/www.divis.eu\/?s={search_term_string}"},"query-input":{"@type":"PropertyValueSpecification","valueRequired":true,"valueName":"search_term_string"}}],"inLanguage":"es"}]}},"_links":{"self":[{"href":"https:\/\/www.divis.eu\/es\/wp-json\/wp\/v2\/pages\/25227","targetHints":{"allow":["GET"]}}],"collection":[{"href":"https:\/\/www.divis.eu\/es\/wp-json\/wp\/v2\/pages"}],"about":[{"href":"https:\/\/www.divis.eu\/es\/wp-json\/wp\/v2\/types\/page"}],"author":[{"embeddable":true,"href":"https:\/\/www.divis.eu\/es\/wp-json\/wp\/v2\/users\/1"}],"replies":[{"embeddable":true,"href":"https:\/\/www.divis.eu\/es\/wp-json\/wp\/v2\/comments?post=25227"}],"version-history":[{"count":0,"href":"https:\/\/www.divis.eu\/es\/wp-json\/wp\/v2\/pages\/25227\/revisions"}],"wp:attachment":[{"href":"https:\/\/www.divis.eu\/es\/wp-json\/wp\/v2\/media?parent=25227"}],"curies":[{"name":"wp","href":"https:\/\/api.w.org\/{rel}","templated":true}]}}