{"id":25237,"date":"2018-01-22T22:21:17","date_gmt":"2018-01-22T22:21:17","guid":{"rendered":"https:\/\/www.divis.eu\/divis-ansprechpartner-videoueberwachung-im-lager\/"},"modified":"2025-10-13T09:12:58","modified_gmt":"2025-10-13T09:12:58","slug":"persona-de-contacto-de-divis-videovigilancia-en-el-almacen","status":"publish","type":"page","link":"https:\/\/www.divis.eu\/es\/persona-de-contacto-de-divis-videovigilancia-en-el-almacen\/","title":{"rendered":"Persona de contacto de DIVIS | Videovigilancia en el almac\u00e9n"},"content":{"rendered":"\n<h1>\n\t\t\tSiempre a su lado\t<\/h1>\n<h2>\n\t\t\tSu persona de contacto en DIVIS\t<\/h2>\n\t\t\t<a href=\"https:\/\/www.divis.eu\/es\/divis-es-un-proveedor-de-sistemas-de-video-para-seguimiento-de-paquetes-historia\/\" title=\"Haz clic aqu\u00ed\" target=\"_self\"   role=\"button\" aria-label=\"M\u00e1s informaci\u00f3n sobre DIVIS\">\n\t\t\t\t\t\t\tM\u00e1s informaci\u00f3n sobre DIVIS\n\t\t<\/a>\n\t\t\t\t<img decoding=\"async\" src=\"https:\/\/www.divis.eu\/wp-content\/uploads\/2018\/08\/hendrik-reger-divis.jpg\" alt=\"Hendrik Reger | DIVIS\" title=\"hendrik-reger-divis\" itemprop=\"image\"\/>\n\t\t\t\t \n\t\t<h4>HENDRIK REGER<\/h4>Director general\n+49 (0) 4322 88 66-0<br \/>\n<a href=\"mailto:hendrik.reger@divis.eu\" target=_blank>hendrik.reger@divis.eu<\/a>\t\t\t\t\t\t\t\n\t\t\t\t<a href=\"https:\/\/www.linkedin.com\/in\/hendrik-reger-393902b5\/\" target=\"_blank\" rel=\"noopener\">\t\t\t\t\n\t\t<\/a>\t\t\t\t \n\t\t\t\t<img decoding=\"async\" src=\"https:\/\/www.divis.eu\/wp-content\/uploads\/2023\/03\/SvenRautenberg400x400.jpg\" alt=\"Sven\" title=\"SvenRautenberg400x400\" itemprop=\"image\"\/>\n\t\t\t\t \n\t\t<h4>SVEN RAUTENBERG<\/h4>Servicio de gesti\u00f3n comercial \/ Representante autorizado\n+49 (0) 4322 88 66-12<br \/>\n<a href=\"mailto:sven.rautenberg@divis.eu\" target=_blank>sven.rautenberg@divis.eu<\/a>\t\t\t\t\t\t\t\n\t\t\t\t<a href=\"https:\/\/www.linkedin.com\/in\/sven-rautenberg-059053258\/\" target=\"_blank\" rel=\"noopener\">\t\t\t\t\n\t\t<\/a>\t\t\t\t \n\t\t\t\t<img decoding=\"async\" src=\"https:\/\/www.divis.eu\/wp-content\/uploads\/2024\/05\/Michael-400x400-1.jpg\" alt=\"Michael Brand | DIVIS Vertrieb\" title=\"Michael 400x400\" itemprop=\"image\"\/>\n\t\t\t\t \n\t\t<h4>MICHAEL BRAND<\/h4>Gestor de cuentas para Europa\n +49 (0) 160 507 94 92 <br \/>\n<a href=\"mailto:michael.brand@divis.eu\" target=_blank>michael.brand@divis.eu<\/a>\t\t\t\t\t\t\t\n\t\t\t\t<a href=\"https:\/\/www.linkedin.com\/in\/michael-brand-divis\/\" target=\"_blank\" rel=\"noopener\">\t\t\t\t\n\t\t<\/a>\t\t\t\t \n\t\t\t\t<img decoding=\"async\" src=\"https:\/\/www.divis.eu\/wp-content\/uploads\/2018\/01\/kundenlogo-CTL-1.png\" alt=\"CTL | DIVIS Kunde\" title=\"kundenlogo-CTL\" itemprop=\"image\"  \/>\n\t\t\t\t<img decoding=\"async\" src=\"https:\/\/www.divis.eu\/wp-content\/uploads\/2018\/01\/kundenlogo-dpd.png\" alt=\"kundenlogo-dpd\" title=\"kundenlogo-dpd\" itemprop=\"image\"  \/>\n\t\t\t\t<img decoding=\"async\" src=\"https:\/\/www.divis.eu\/wp-content\/uploads\/2018\/01\/kundenlogo-online.png\" alt=\"kundenlogo-online\" title=\"kundenlogo-online\" itemprop=\"image\"  \/>\n\t\t\t\t<img decoding=\"async\" src=\"https:\/\/www.divis.eu\/wp-content\/uploads\/2018\/01\/kundenlogo-rhenus.png\" alt=\"Rhenus Logistics | DIVIS-Kunde\" title=\"kundenlogo-rhenus\" itemprop=\"image\"  \/>\n\t\t\t\t<img decoding=\"async\" src=\"https:\/\/www.divis.eu\/wp-content\/uploads\/2018\/01\/kundenlogo-tsb.png\" alt=\"kundenlogo-tsb\" title=\"kundenlogo-tsb\" itemprop=\"image\"  \/>\n\t\t\t\t<img decoding=\"async\" src=\"https:\/\/www.divis.eu\/wp-content\/uploads\/2018\/01\/logo-van-duuren-mono-2.png\" alt=\"logo-van-duuren-mono\" title=\"logo-van-duuren-mono\" itemprop=\"image\"  \/>\n\t\t\t\t<img decoding=\"async\" src=\"https:\/\/www.divis.eu\/wp-content\/uploads\/2018\/01\/kundenlogo-transoflex-3.png\" alt=\"kundenlogo-transoflex\" title=\"kundenlogo-transoflex\" itemprop=\"image\"  \/>\n\t\t\t\t<img decoding=\"async\" src=\"https:\/\/www.divis.eu\/wp-content\/uploads\/2018\/01\/kundenlogo-emons.png\" alt=\"Emons | DIVIS-Kunde\" title=\"kundenlogo-emons\" itemprop=\"image\"  \/>\n\t\t\t\t<img decoding=\"async\" src=\"https:\/\/www.divis.eu\/wp-content\/uploads\/2018\/01\/kundenlogo-geis.png\" alt=\"Spedition Geis | DIVIS-Kunde\" title=\"kundenlogo-geis\" itemprop=\"image\"  \/>\n\t\t\t\t<img decoding=\"async\" src=\"https:\/\/www.divis.eu\/wp-content\/uploads\/2018\/01\/kundenlogo-gebrueder-weiss.png\" alt=\"Gebr\u00fcder Weiss | DIVIS-Kunde\" title=\"kundenlogo-gebrueder-weiss\" itemprop=\"image\"  \/>\n\t\t\t\t<img decoding=\"async\" src=\"https:\/\/www.divis.eu\/wp-content\/uploads\/2018\/01\/kundenlogo-tchibo.png\" alt=\"Tchibo | DIVIS-Kunde\" title=\"kundenlogo-tchibo\" itemprop=\"image\"  \/>\n\t\t\t\t<img decoding=\"async\" src=\"https:\/\/www.divis.eu\/wp-content\/uploads\/2018\/01\/kundenlogo-24plus.png\" alt=\"kundenlogo-24plus\" title=\"kundenlogo-24plus\" itemprop=\"image\"  \/>\n\n","protected":false},"excerpt":{"rendered":"<p>Siempre a su lado Su persona de contacto en DIVIS M\u00e1s informaci\u00f3n sobre DIVIS HENDRIK REGER Director general +49 (0) 4322 88 66-0 hendrik.reger@divis.eu SVEN RAUTENBERG Servicio de gesti\u00f3n comercial \/ Representante autorizado +49 (0) 4322 88 66-12 sven.rautenberg@divis.eu MICHAEL BRAND Gestor de cuentas para Europa +49 (0) 160 507 94 92 michael.brand@divis.eu<\/p>\n","protected":false},"author":1,"featured_media":0,"parent":0,"menu_order":0,"comment_status":"closed","ping_status":"closed","template":"","meta":{"footnotes":""},"class_list":["post-25237","page","type-page","status-publish","hentry"],"yoast_head":"<!-- This site is optimized with the Yoast SEO plugin v27.5 - https:\/\/yoast.com\/product\/yoast-seo-wordpress\/ -->\n<title>Persona de contacto de DIVIS | Videovigilancia en el almac\u00e9n<\/title>\n<meta name=\"description\" content=\"DIVIS es su especialista en videovigilancia en el almac\u00e9n. Aqu\u00ed encontrar\u00e1 nuestras personas de contacto. P\u00f3ngase en contacto con nuestros colegas y d\u00e9jese asesorar.\" \/>\n<meta name=\"robots\" content=\"index, follow, max-snippet:-1, max-image-preview:large, max-video-preview:-1\" \/>\n<link rel=\"canonical\" href=\"https:\/\/www.divis.eu\/es\/persona-de-contacto-de-divis-videovigilancia-en-el-almacen\/\" \/>\n<meta property=\"og:locale\" content=\"es_ES\" \/>\n<meta property=\"og:type\" content=\"article\" \/>\n<meta property=\"og:title\" content=\"Persona de contacto de DIVIS | Videovigilancia en el almac\u00e9n\" \/>\n<meta property=\"og:description\" content=\"DIVIS es su especialista en videovigilancia en el almac\u00e9n. Aqu\u00ed encontrar\u00e1 nuestras personas de contacto. P\u00f3ngase en contacto con nuestros colegas y d\u00e9jese asesorar.\" \/>\n<meta property=\"og:url\" content=\"https:\/\/www.divis.eu\/es\/persona-de-contacto-de-divis-videovigilancia-en-el-almacen\/\" \/>\n<meta property=\"og:site_name\" content=\"DIVIS - The intelligent view\" \/>\n<meta property=\"article:modified_time\" content=\"2025-10-13T09:12:58+00:00\" \/>\n<meta property=\"og:image\" content=\"https:\/\/www.divis.eu\/wp-content\/uploads\/2018\/08\/hendrik-reger-divis.jpg\" \/>\n<meta name=\"twitter:card\" content=\"summary_large_image\" \/>\n<meta name=\"twitter:label1\" content=\"Tiempo de lectura\" \/>\n\t<meta name=\"twitter:data1\" content=\"5 minutos\" \/>\n<script type=\"application\/ld+json\" class=\"yoast-schema-graph\">{\"@context\":\"https:\\\/\\\/schema.org\",\"@graph\":[{\"@type\":\"WebPage\",\"@id\":\"https:\\\/\\\/www.divis.eu\\\/es\\\/persona-de-contacto-de-divis-videovigilancia-en-el-almacen\\\/\",\"url\":\"https:\\\/\\\/www.divis.eu\\\/es\\\/persona-de-contacto-de-divis-videovigilancia-en-el-almacen\\\/\",\"name\":\"Persona de contacto de DIVIS | Videovigilancia en el almac\u00e9n\",\"isPartOf\":{\"@id\":\"https:\\\/\\\/www.divis.eu\\\/#website\"},\"primaryImageOfPage\":{\"@id\":\"https:\\\/\\\/www.divis.eu\\\/es\\\/persona-de-contacto-de-divis-videovigilancia-en-el-almacen\\\/#primaryimage\"},\"image\":{\"@id\":\"https:\\\/\\\/www.divis.eu\\\/es\\\/persona-de-contacto-de-divis-videovigilancia-en-el-almacen\\\/#primaryimage\"},\"thumbnailUrl\":\"https:\\\/\\\/www.divis.eu\\\/wp-content\\\/uploads\\\/2018\\\/08\\\/hendrik-reger-divis.jpg\",\"datePublished\":\"2018-01-22T22:21:17+00:00\",\"dateModified\":\"2025-10-13T09:12:58+00:00\",\"description\":\"DIVIS es su especialista en videovigilancia en el almac\u00e9n. Aqu\u00ed encontrar\u00e1 nuestras personas de contacto. P\u00f3ngase en contacto con nuestros colegas y d\u00e9jese asesorar.\",\"breadcrumb\":{\"@id\":\"https:\\\/\\\/www.divis.eu\\\/es\\\/persona-de-contacto-de-divis-videovigilancia-en-el-almacen\\\/#breadcrumb\"},\"inLanguage\":\"es\",\"potentialAction\":[{\"@type\":\"ReadAction\",\"target\":[\"https:\\\/\\\/www.divis.eu\\\/es\\\/persona-de-contacto-de-divis-videovigilancia-en-el-almacen\\\/\"]}]},{\"@type\":\"ImageObject\",\"inLanguage\":\"es\",\"@id\":\"https:\\\/\\\/www.divis.eu\\\/es\\\/persona-de-contacto-de-divis-videovigilancia-en-el-almacen\\\/#primaryimage\",\"url\":\"https:\\\/\\\/www.divis.eu\\\/wp-content\\\/uploads\\\/2018\\\/08\\\/hendrik-reger-divis.jpg\",\"contentUrl\":\"https:\\\/\\\/www.divis.eu\\\/wp-content\\\/uploads\\\/2018\\\/08\\\/hendrik-reger-divis.jpg\"},{\"@type\":\"BreadcrumbList\",\"@id\":\"https:\\\/\\\/www.divis.eu\\\/es\\\/persona-de-contacto-de-divis-videovigilancia-en-el-almacen\\\/#breadcrumb\",\"itemListElement\":[{\"@type\":\"ListItem\",\"position\":1,\"name\":\"Startseite\",\"item\":\"https:\\\/\\\/www.divis.eu\\\/es\\\/\"},{\"@type\":\"ListItem\",\"position\":2,\"name\":\"Persona de contacto de DIVIS | Videovigilancia en el almac\u00e9n\"}]},{\"@type\":\"WebSite\",\"@id\":\"https:\\\/\\\/www.divis.eu\\\/#website\",\"url\":\"https:\\\/\\\/www.divis.eu\\\/\",\"name\":\"DIVIS - The intelligent view\",\"description\":\"Videosysteml\u00f6sungen f\u00fcr Umschlags- und Warenlager\",\"potentialAction\":[{\"@type\":\"SearchAction\",\"target\":{\"@type\":\"EntryPoint\",\"urlTemplate\":\"https:\\\/\\\/www.divis.eu\\\/?s={search_term_string}\"},\"query-input\":{\"@type\":\"PropertyValueSpecification\",\"valueRequired\":true,\"valueName\":\"search_term_string\"}}],\"inLanguage\":\"es\"}]}<\/script>\n<!-- \/ Yoast SEO plugin. -->","yoast_head_json":{"title":"Persona de contacto de DIVIS | Videovigilancia en el almac\u00e9n","description":"DIVIS es su especialista en videovigilancia en el almac\u00e9n. Aqu\u00ed encontrar\u00e1 nuestras personas de contacto. P\u00f3ngase en contacto con nuestros colegas y d\u00e9jese asesorar.","robots":{"index":"index","follow":"follow","max-snippet":"max-snippet:-1","max-image-preview":"max-image-preview:large","max-video-preview":"max-video-preview:-1"},"canonical":"https:\/\/www.divis.eu\/es\/persona-de-contacto-de-divis-videovigilancia-en-el-almacen\/","og_locale":"es_ES","og_type":"article","og_title":"Persona de contacto de DIVIS | Videovigilancia en el almac\u00e9n","og_description":"DIVIS es su especialista en videovigilancia en el almac\u00e9n. Aqu\u00ed encontrar\u00e1 nuestras personas de contacto. P\u00f3ngase en contacto con nuestros colegas y d\u00e9jese asesorar.","og_url":"https:\/\/www.divis.eu\/es\/persona-de-contacto-de-divis-videovigilancia-en-el-almacen\/","og_site_name":"DIVIS - The intelligent view","article_modified_time":"2025-10-13T09:12:58+00:00","og_image":[{"url":"https:\/\/www.divis.eu\/wp-content\/uploads\/2018\/08\/hendrik-reger-divis.jpg","type":"","width":"","height":""}],"twitter_card":"summary_large_image","twitter_misc":{"Tiempo de lectura":"5 minutos"},"schema":{"@context":"https:\/\/schema.org","@graph":[{"@type":"WebPage","@id":"https:\/\/www.divis.eu\/es\/persona-de-contacto-de-divis-videovigilancia-en-el-almacen\/","url":"https:\/\/www.divis.eu\/es\/persona-de-contacto-de-divis-videovigilancia-en-el-almacen\/","name":"Persona de contacto de DIVIS | Videovigilancia en el almac\u00e9n","isPartOf":{"@id":"https:\/\/www.divis.eu\/#website"},"primaryImageOfPage":{"@id":"https:\/\/www.divis.eu\/es\/persona-de-contacto-de-divis-videovigilancia-en-el-almacen\/#primaryimage"},"image":{"@id":"https:\/\/www.divis.eu\/es\/persona-de-contacto-de-divis-videovigilancia-en-el-almacen\/#primaryimage"},"thumbnailUrl":"https:\/\/www.divis.eu\/wp-content\/uploads\/2018\/08\/hendrik-reger-divis.jpg","datePublished":"2018-01-22T22:21:17+00:00","dateModified":"2025-10-13T09:12:58+00:00","description":"DIVIS es su especialista en videovigilancia en el almac\u00e9n. Aqu\u00ed encontrar\u00e1 nuestras personas de contacto. P\u00f3ngase en contacto con nuestros colegas y d\u00e9jese asesorar.","breadcrumb":{"@id":"https:\/\/www.divis.eu\/es\/persona-de-contacto-de-divis-videovigilancia-en-el-almacen\/#breadcrumb"},"inLanguage":"es","potentialAction":[{"@type":"ReadAction","target":["https:\/\/www.divis.eu\/es\/persona-de-contacto-de-divis-videovigilancia-en-el-almacen\/"]}]},{"@type":"ImageObject","inLanguage":"es","@id":"https:\/\/www.divis.eu\/es\/persona-de-contacto-de-divis-videovigilancia-en-el-almacen\/#primaryimage","url":"https:\/\/www.divis.eu\/wp-content\/uploads\/2018\/08\/hendrik-reger-divis.jpg","contentUrl":"https:\/\/www.divis.eu\/wp-content\/uploads\/2018\/08\/hendrik-reger-divis.jpg"},{"@type":"BreadcrumbList","@id":"https:\/\/www.divis.eu\/es\/persona-de-contacto-de-divis-videovigilancia-en-el-almacen\/#breadcrumb","itemListElement":[{"@type":"ListItem","position":1,"name":"Startseite","item":"https:\/\/www.divis.eu\/es\/"},{"@type":"ListItem","position":2,"name":"Persona de contacto de DIVIS | Videovigilancia en el almac\u00e9n"}]},{"@type":"WebSite","@id":"https:\/\/www.divis.eu\/#website","url":"https:\/\/www.divis.eu\/","name":"DIVIS - The intelligent view","description":"Videosysteml\u00f6sungen f\u00fcr Umschlags- und Warenlager","potentialAction":[{"@type":"SearchAction","target":{"@type":"EntryPoint","urlTemplate":"https:\/\/www.divis.eu\/?s={search_term_string}"},"query-input":{"@type":"PropertyValueSpecification","valueRequired":true,"valueName":"search_term_string"}}],"inLanguage":"es"}]}},"_links":{"self":[{"href":"https:\/\/www.divis.eu\/es\/wp-json\/wp\/v2\/pages\/25237","targetHints":{"allow":["GET"]}}],"collection":[{"href":"https:\/\/www.divis.eu\/es\/wp-json\/wp\/v2\/pages"}],"about":[{"href":"https:\/\/www.divis.eu\/es\/wp-json\/wp\/v2\/types\/page"}],"author":[{"embeddable":true,"href":"https:\/\/www.divis.eu\/es\/wp-json\/wp\/v2\/users\/1"}],"replies":[{"embeddable":true,"href":"https:\/\/www.divis.eu\/es\/wp-json\/wp\/v2\/comments?post=25237"}],"version-history":[{"count":0,"href":"https:\/\/www.divis.eu\/es\/wp-json\/wp\/v2\/pages\/25237\/revisions"}],"wp:attachment":[{"href":"https:\/\/www.divis.eu\/es\/wp-json\/wp\/v2\/media?parent=25237"}],"curies":[{"name":"wp","href":"https:\/\/api.w.org\/{rel}","templated":true}]}}