{"id":10012,"date":"2018-01-27T05:05:41","date_gmt":"2018-01-27T05:05:41","guid":{"rendered":"https:\/\/www.divis.eu\/videotracking-im-lager-divis-impressum\/"},"modified":"2026-04-24T22:06:53","modified_gmt":"2026-04-24T22:06:53","slug":"videotracking-dans-lentrepot-mentions-legales-divis","status":"publish","type":"page","link":"https:\/\/www.divis.eu\/fr\/videotracking-dans-lentrepot-mentions-legales-divis\/","title":{"rendered":"Vid\u00e9otracking dans l\u2019entrep\u00f4t | Mentions l\u00e9gales DIVIS"},"content":{"rendered":"\n<h1>\n\t\t\t\u00c0 propos de nous\t<\/h1>\n<h1>\n\t\t\tMentions l\u00e9gales\t<\/h1>\n\t<h4>Deutsche Industrie Video System GmbH<\/h4>\nEiderh\u00f6he 1<br \/>\n24582 Bordesholm<br \/>\nDeutschland (Allemagne)\n<h4>Repr\u00e9sent\u00e9 par :<\/h4>\n<p>Thomas Kroll et Hendrik Reger<\/p>\n<h4>Contact<\/h4>\nT\u00e9l.\u00a0: +49\u2009 (0)4322 88\u200966-0<br \/>\nT\u00e9l\u00e9copie\u00a0: +49\u2009 (0)4322 88\u200966-77<br \/>\nE-mail:\u00a0<a href=\"mailto:info@divis.eu\">info@divis.eu<\/a>\n<h4>Inscription au registre :<\/h4>\nInscription au registre du commerce.<br \/>\nRegistre du commerce : Amtsgericht Rendsburg (Tribunal administratif de Rendsburg)<br \/>\nNo du registre : HRB 2412 RD\n<h4>No TVA intracommunautaire :<\/h4>\nNum\u00e9ro d&rsquo;identification de la taxe sur la valeur ajout\u00e9e conform\u00e9ment au \u00a7 27 a de la loi sur la taxe sur la valeur ajout\u00e9e :<br \/>\nDE 812\u2009311\u2009865\n<h4>Responsable du contenu :<\/h4>\n<p>Thomas Kroll et Hendrik Reger<\/p>\nEiderh\u00f6he 1<br \/>\n24582 Bordesholm<br \/>\nGermany\n<h4>R\u00e9f\u00e9rences pour les textes, images et graphiques utilis\u00e9s :<\/h4>\n<p><em>Source : G\u00e9n\u00e9rateur de mentions l\u00e9gales, avocat sp\u00e9cialis\u00e9 en <a href=\"http:\/\/www.e-recht24.de\/\" target=\"_blank\" rel=\"noopener\">droit de l&rsquo;Internet<\/a> S\u00f6ren Siebert<\/em><\/p>\n\t<h2>Exclusion de responsabilit\u00e9<\/h2>\n<h3>Responsabilit\u00e9 du contenu<\/h3>\n<p>Le contenu de nos pages a \u00e9t\u00e9 \u00e9labor\u00e9 avec le plus grand soin. Nous d\u00e9clinons toutefois toute responsabilit\u00e9 quant \u00e0 l&rsquo;exactitude, l&rsquo;exhaustivit\u00e9 et l&rsquo;actualit\u00e9 des contenus. En tant que prestataire de services, nous sommes responsables du contenu de ces pages conform\u00e9ment au \u00a7 7 alin\u00e9a 1 de la loi allemande sur les t\u00e9l\u00e9m\u00e9dias (TMG). Selon les \u00a7\u00a7 8 \u00e0 10 TMG, nous ne sommes pas oblig\u00e9s, en tant que prestataires de services, de surveiller les informations transmises ou stock\u00e9es par des tiers ou d&rsquo;enqu\u00eater sur des circonstances qui indiquent une activit\u00e9 ill\u00e9gale. Les obligations de supprimer ou de bloquer l&rsquo;utilisation des informations conform\u00e9ment aux lois g\u00e9n\u00e9rales n&rsquo;en sont pas affect\u00e9es. Toutefois, la responsabilit\u00e9 \u00e0 cet \u00e9gard n&rsquo;est possible qu&rsquo;\u00e0 partir du moment o\u00f9 l&rsquo;on a connaissance d&rsquo;une violation concr\u00e8te de la loi. D\u00e8s que nous avons connaissance de telles violations de la loi, nous supprimerons imm\u00e9diatement ces contenus.<\/p>\n<h3>Responsabilit\u00e9 pour les liens<\/h3>\n<p>Notre site Web contient des liens vers des sites Web externes de tiers sur le contenu desquels nous n&rsquo;avons aucune influence. Par cons\u00e9quent, nous ne pouvons assumer aucune responsabilit\u00e9 pour ces contenus externes. Le fournisseur ou l&rsquo;exploitant respectif des pages est toujours responsable du contenu des pages li\u00e9es. Les pages li\u00e9es ont \u00e9t\u00e9 v\u00e9rifi\u00e9es au moment de l&rsquo;\u00e9tablissement du lien afin de d\u00e9tecter d&rsquo;\u00e9ventuelles violations de la loi. Les contenus illicites n&rsquo;\u00e9taient pas reconnaissables au moment de la cr\u00e9ation des liens. Toutefois, un contr\u00f4le permanent du contenu des pages li\u00e9es n&rsquo;est pas acceptable sans preuve concr\u00e8te d&rsquo;une violation de la loi. D\u00e8s que nous avons connaissance de telles violations de la loi, nous supprimerons imm\u00e9diatement ces liens.<\/p>\n<h3>Copyright<\/h3>\n<p>Les contenus et r\u00e9alisations cr\u00e9\u00e9s par les exploitants de ces pages sont soumis au droit d&rsquo;auteur allemand. La reproduction, l&rsquo;\u00e9dition, la distribution et tout type d&rsquo;utilisation en dehors des limites de la loi sur le droit d&rsquo;auteur n\u00e9cessitent le consentement \u00e9crit de l&rsquo;auteur ou du cr\u00e9ateur respectif. Les t\u00e9l\u00e9chargements et copies de ce site ne sont autoris\u00e9s que pour un usage priv\u00e9 et non commercial. Dans la mesure o\u00f9 le contenu de ce site n&rsquo;a pas \u00e9t\u00e9 cr\u00e9\u00e9 par l&rsquo;op\u00e9rateur, les droits d&rsquo;auteur de tiers sont respect\u00e9s. En particulier, les contenus de tiers sont marqu\u00e9s comme tels. Si vous avez n\u00e9anmoins connaissance d&rsquo;une violation du droit d&rsquo;auteur, veuillez nous en informer. D\u00e8s que nous aurons connaissance de telles violations de la loi, nous supprimerons imm\u00e9diatement ces contenus.<\/p>\n\t\tAVEZ-VOUZ DES<p>QUESTIONS ?<\/p>\t\t\t\n\t\t\t\t<p>Nous avons des r\u00e9ponses!<\/p>\n<p>T\u00e9l. : +49\u2009 (0)4322 88\u200966-10<br \/>T\u00e9l\u00e9copie : +49\u2009 (0)4322 88\u200966-77<br \/>E-mail: <a href=\"mailto:vertrieb@divis.eu\">vertrieb@divis.eu<\/a><\/p>\n\t\t\t<a href=\"#\" title=\"Click Here\" target=\"_self\"   role=\"button\" aria-label=\"Contacter DIVIS\">\n\t\t\t\t\t\t\tContacter DIVIS\n\t\t<\/a>\n\t\t\t<img decoding=\"async\" src=\"https:\/\/www.divis.eu\/wp-content\/uploads\/2018\/05\/divis-anfahrt.jpg\" alt=\"DIVIS | Bordesholm | Our Premises | Video Systems for Logistics\"\/>\t\t\t\n\t\t<img decoding=\"async\" src=\"https:\/\/www.divis.eu\/wp-content\/uploads\/2018\/03\/anfahrt-en.png\" alt=\"\"\/>\n\t<h4>Liens &amp; r\u00e9f\u00e9rences<\/h4>\nDesign Actomic en coop\u00e9ration avec Florian Schmitt.<br \/>\nR\u00e9alisation et &amp; assistance technique <a href=\"https:\/\/www.actomic.com\" target=\"_blank\" rel=\"noopener\">Actomic<\/a>.\n<p>&nbsp;<\/p>\n<p>Ce site utilise des images d&rsquo;archives telles que Fotolia.de\u00a0et\u00a0Canstockphoto.com.<\/p>\n<p>Tous les autres textes et images sont soumis aux droits d&rsquo;auteur de DIVIS.<\/p>\n\t\t\t\t<img decoding=\"async\" src=\"https:\/\/www.divis.eu\/wp-content\/uploads\/2018\/01\/kundenlogo-CTL-1.png\" alt=\"CTL | DIVIS Kunde\" title=\"kundenlogo-CTL\" itemprop=\"image\"  \/>\n\t\t\t\t<img decoding=\"async\" src=\"https:\/\/www.divis.eu\/wp-content\/uploads\/2018\/01\/kundenlogo-dpd.png\" alt=\"kundenlogo-dpd\" title=\"kundenlogo-dpd\" itemprop=\"image\"  \/>\n\t\t\t\t<img decoding=\"async\" src=\"https:\/\/www.divis.eu\/wp-content\/uploads\/2018\/01\/kundenlogo-online.png\" alt=\"kundenlogo-online\" title=\"kundenlogo-online\" itemprop=\"image\"  \/>\n\t\t\t\t<img decoding=\"async\" src=\"https:\/\/www.divis.eu\/wp-content\/uploads\/2018\/01\/kundenlogo-rhenus.png\" alt=\"Rhenus Logistics | DIVIS-Kunde\" title=\"kundenlogo-rhenus\" itemprop=\"image\"  \/>\n\t\t\t\t<img decoding=\"async\" src=\"https:\/\/www.divis.eu\/wp-content\/uploads\/2018\/01\/kundenlogo-tsb.png\" alt=\"kundenlogo-tsb\" title=\"kundenlogo-tsb\" itemprop=\"image\"  \/>\n\t\t\t\t<img decoding=\"async\" src=\"https:\/\/www.divis.eu\/wp-content\/uploads\/2018\/01\/logo-van-duuren-mono-2.png\" alt=\"logo-van-duuren-mono\" title=\"logo-van-duuren-mono\" itemprop=\"image\"  \/>\n\t\t\t\t<img decoding=\"async\" src=\"https:\/\/www.divis.eu\/wp-content\/uploads\/2018\/01\/kundenlogo-transoflex-3.png\" alt=\"kundenlogo-transoflex\" title=\"kundenlogo-transoflex\" itemprop=\"image\"  \/>\n\t\t\t\t<img decoding=\"async\" src=\"https:\/\/www.divis.eu\/wp-content\/uploads\/2018\/01\/kundenlogo-emons.png\" alt=\"Emons | DIVIS-Kunde\" title=\"kundenlogo-emons\" itemprop=\"image\"  \/>\n\t\t\t\t<img decoding=\"async\" src=\"https:\/\/www.divis.eu\/wp-content\/uploads\/2018\/01\/kundenlogo-geis.png\" alt=\"Spedition Geis | DIVIS-Kunde\" title=\"kundenlogo-geis\" itemprop=\"image\"  \/>\n\t\t\t\t<img decoding=\"async\" src=\"https:\/\/www.divis.eu\/wp-content\/uploads\/2018\/01\/kundenlogo-gebrueder-weiss.png\" alt=\"Gebr\u00fcder Weiss | DIVIS-Kunde\" title=\"kundenlogo-gebrueder-weiss\" itemprop=\"image\"  \/>\n\t\t\t\t<img decoding=\"async\" src=\"https:\/\/www.divis.eu\/wp-content\/uploads\/2018\/01\/kundenlogo-tchibo.png\" alt=\"Tchibo | DIVIS-Kunde\" title=\"kundenlogo-tchibo\" itemprop=\"image\"  \/>\n\t\t\t\t<img decoding=\"async\" src=\"https:\/\/www.divis.eu\/wp-content\/uploads\/2018\/01\/kundenlogo-24plus.png\" alt=\"kundenlogo-24plus\" title=\"kundenlogo-24plus\" itemprop=\"image\"  \/>\n\n","protected":false},"excerpt":{"rendered":"<p>\u00c0 propos de nous Mentions l\u00e9gales Deutsche Industrie Video System GmbH Eiderh\u00f6he 1 24582 Bordesholm Deutschland (Allemagne) Repr\u00e9sent\u00e9 par : Thomas Kroll et Hendrik Reger Contact T\u00e9l.\u00a0: +49\u2009 (0)4322 88\u200966-0 T\u00e9l\u00e9copie\u00a0: +49\u2009 (0)4322 88\u200966-77 E-mail:\u00a0info@divis.eu Inscription au registre : Inscription au registre du commerce. Registre du commerce : Amtsgericht Rendsburg (Tribunal administratif de Rendsburg) No&hellip;<\/p>\n","protected":false},"author":1,"featured_media":0,"parent":0,"menu_order":0,"comment_status":"closed","ping_status":"closed","template":"","meta":{"footnotes":""},"class_list":["post-10012","page","type-page","status-publish","hentry"],"yoast_head":"<!-- This site is optimized with the Yoast SEO plugin v27.5 - https:\/\/yoast.com\/product\/yoast-seo-wordpress\/ -->\n<title>Vid\u00e9otracking dans l\u2019entrep\u00f4t | Mentions l\u00e9gales DIVIS<\/title>\n<meta name=\"description\" content=\"DIVIS d\u00e9veloppe des solutions pour le vid\u00e9otracking dans l&#039;entrep\u00f4t. Dans les mentions l\u00e9gales, vous trouverez plus d&#039;informations sur DIVIS.\" \/>\n<meta name=\"robots\" content=\"index, follow, max-snippet:-1, max-image-preview:large, max-video-preview:-1\" \/>\n<link rel=\"canonical\" href=\"https:\/\/www.divis.eu\/fr\/videotracking-dans-lentrepot-mentions-legales-divis\/\" \/>\n<meta property=\"og:locale\" content=\"fr_FR\" \/>\n<meta property=\"og:type\" content=\"article\" \/>\n<meta property=\"og:title\" content=\"Vid\u00e9otracking dans l\u2019entrep\u00f4t | Mentions l\u00e9gales DIVIS\" \/>\n<meta property=\"og:description\" content=\"DIVIS d\u00e9veloppe des solutions pour le vid\u00e9otracking dans l&#039;entrep\u00f4t. Dans les mentions l\u00e9gales, vous trouverez plus d&#039;informations sur DIVIS.\" \/>\n<meta property=\"og:url\" content=\"https:\/\/www.divis.eu\/fr\/videotracking-dans-lentrepot-mentions-legales-divis\/\" \/>\n<meta property=\"og:site_name\" content=\"DIVIS - The intelligent view\" \/>\n<meta property=\"article:modified_time\" content=\"2026-04-24T22:06:53+00:00\" \/>\n<meta property=\"og:image\" content=\"https:\/\/www.divis.eu\/wp-content\/uploads\/2018\/05\/divis-anfahrt.jpg\" \/>\n<meta name=\"twitter:card\" content=\"summary_large_image\" \/>\n<meta name=\"twitter:label1\" content=\"Dur\u00e9e de lecture estim\u00e9e\" \/>\n\t<meta name=\"twitter:data1\" content=\"3 minutes\" \/>\n<script type=\"application\/ld+json\" class=\"yoast-schema-graph\">{\"@context\":\"https:\\\/\\\/schema.org\",\"@graph\":[{\"@type\":\"WebPage\",\"@id\":\"https:\\\/\\\/www.divis.eu\\\/fr\\\/videotracking-dans-lentrepot-mentions-legales-divis\\\/\",\"url\":\"https:\\\/\\\/www.divis.eu\\\/fr\\\/videotracking-dans-lentrepot-mentions-legales-divis\\\/\",\"name\":\"Vid\u00e9otracking dans l\u2019entrep\u00f4t | Mentions l\u00e9gales DIVIS\",\"isPartOf\":{\"@id\":\"https:\\\/\\\/www.divis.eu\\\/#website\"},\"primaryImageOfPage\":{\"@id\":\"https:\\\/\\\/www.divis.eu\\\/fr\\\/videotracking-dans-lentrepot-mentions-legales-divis\\\/#primaryimage\"},\"image\":{\"@id\":\"https:\\\/\\\/www.divis.eu\\\/fr\\\/videotracking-dans-lentrepot-mentions-legales-divis\\\/#primaryimage\"},\"thumbnailUrl\":\"https:\\\/\\\/www.divis.eu\\\/wp-content\\\/uploads\\\/2018\\\/05\\\/divis-anfahrt.jpg\",\"datePublished\":\"2018-01-27T05:05:41+00:00\",\"dateModified\":\"2026-04-24T22:06:53+00:00\",\"description\":\"DIVIS d\u00e9veloppe des solutions pour le vid\u00e9otracking dans l'entrep\u00f4t. Dans les mentions l\u00e9gales, vous trouverez plus d'informations sur DIVIS.\",\"breadcrumb\":{\"@id\":\"https:\\\/\\\/www.divis.eu\\\/fr\\\/videotracking-dans-lentrepot-mentions-legales-divis\\\/#breadcrumb\"},\"inLanguage\":\"fr-FR\",\"potentialAction\":[{\"@type\":\"ReadAction\",\"target\":[\"https:\\\/\\\/www.divis.eu\\\/fr\\\/videotracking-dans-lentrepot-mentions-legales-divis\\\/\"]}]},{\"@type\":\"ImageObject\",\"inLanguage\":\"fr-FR\",\"@id\":\"https:\\\/\\\/www.divis.eu\\\/fr\\\/videotracking-dans-lentrepot-mentions-legales-divis\\\/#primaryimage\",\"url\":\"https:\\\/\\\/www.divis.eu\\\/wp-content\\\/uploads\\\/2018\\\/05\\\/divis-anfahrt.jpg\",\"contentUrl\":\"https:\\\/\\\/www.divis.eu\\\/wp-content\\\/uploads\\\/2018\\\/05\\\/divis-anfahrt.jpg\"},{\"@type\":\"BreadcrumbList\",\"@id\":\"https:\\\/\\\/www.divis.eu\\\/fr\\\/videotracking-dans-lentrepot-mentions-legales-divis\\\/#breadcrumb\",\"itemListElement\":[{\"@type\":\"ListItem\",\"position\":1,\"name\":\"Startseite\",\"item\":\"https:\\\/\\\/www.divis.eu\\\/fr\\\/\"},{\"@type\":\"ListItem\",\"position\":2,\"name\":\"Vid\u00e9otracking dans l\u2019entrep\u00f4t | Mentions l\u00e9gales DIVIS\"}]},{\"@type\":\"WebSite\",\"@id\":\"https:\\\/\\\/www.divis.eu\\\/#website\",\"url\":\"https:\\\/\\\/www.divis.eu\\\/\",\"name\":\"DIVIS - The intelligent view\",\"description\":\"Videosysteml\u00f6sungen f\u00fcr Umschlags- und Warenlager\",\"potentialAction\":[{\"@type\":\"SearchAction\",\"target\":{\"@type\":\"EntryPoint\",\"urlTemplate\":\"https:\\\/\\\/www.divis.eu\\\/?s={search_term_string}\"},\"query-input\":{\"@type\":\"PropertyValueSpecification\",\"valueRequired\":true,\"valueName\":\"search_term_string\"}}],\"inLanguage\":\"fr-FR\"}]}<\/script>\n<!-- \/ Yoast SEO plugin. -->","yoast_head_json":{"title":"Vid\u00e9otracking dans l\u2019entrep\u00f4t | Mentions l\u00e9gales DIVIS","description":"DIVIS d\u00e9veloppe des solutions pour le vid\u00e9otracking dans l'entrep\u00f4t. Dans les mentions l\u00e9gales, vous trouverez plus d'informations sur DIVIS.","robots":{"index":"index","follow":"follow","max-snippet":"max-snippet:-1","max-image-preview":"max-image-preview:large","max-video-preview":"max-video-preview:-1"},"canonical":"https:\/\/www.divis.eu\/fr\/videotracking-dans-lentrepot-mentions-legales-divis\/","og_locale":"fr_FR","og_type":"article","og_title":"Vid\u00e9otracking dans l\u2019entrep\u00f4t | Mentions l\u00e9gales DIVIS","og_description":"DIVIS d\u00e9veloppe des solutions pour le vid\u00e9otracking dans l'entrep\u00f4t. Dans les mentions l\u00e9gales, vous trouverez plus d'informations sur DIVIS.","og_url":"https:\/\/www.divis.eu\/fr\/videotracking-dans-lentrepot-mentions-legales-divis\/","og_site_name":"DIVIS - The intelligent view","article_modified_time":"2026-04-24T22:06:53+00:00","og_image":[{"url":"https:\/\/www.divis.eu\/wp-content\/uploads\/2018\/05\/divis-anfahrt.jpg","type":"","width":"","height":""}],"twitter_card":"summary_large_image","twitter_misc":{"Dur\u00e9e de lecture estim\u00e9e":"3 minutes"},"schema":{"@context":"https:\/\/schema.org","@graph":[{"@type":"WebPage","@id":"https:\/\/www.divis.eu\/fr\/videotracking-dans-lentrepot-mentions-legales-divis\/","url":"https:\/\/www.divis.eu\/fr\/videotracking-dans-lentrepot-mentions-legales-divis\/","name":"Vid\u00e9otracking dans l\u2019entrep\u00f4t | Mentions l\u00e9gales DIVIS","isPartOf":{"@id":"https:\/\/www.divis.eu\/#website"},"primaryImageOfPage":{"@id":"https:\/\/www.divis.eu\/fr\/videotracking-dans-lentrepot-mentions-legales-divis\/#primaryimage"},"image":{"@id":"https:\/\/www.divis.eu\/fr\/videotracking-dans-lentrepot-mentions-legales-divis\/#primaryimage"},"thumbnailUrl":"https:\/\/www.divis.eu\/wp-content\/uploads\/2018\/05\/divis-anfahrt.jpg","datePublished":"2018-01-27T05:05:41+00:00","dateModified":"2026-04-24T22:06:53+00:00","description":"DIVIS d\u00e9veloppe des solutions pour le vid\u00e9otracking dans l'entrep\u00f4t. Dans les mentions l\u00e9gales, vous trouverez plus d'informations sur DIVIS.","breadcrumb":{"@id":"https:\/\/www.divis.eu\/fr\/videotracking-dans-lentrepot-mentions-legales-divis\/#breadcrumb"},"inLanguage":"fr-FR","potentialAction":[{"@type":"ReadAction","target":["https:\/\/www.divis.eu\/fr\/videotracking-dans-lentrepot-mentions-legales-divis\/"]}]},{"@type":"ImageObject","inLanguage":"fr-FR","@id":"https:\/\/www.divis.eu\/fr\/videotracking-dans-lentrepot-mentions-legales-divis\/#primaryimage","url":"https:\/\/www.divis.eu\/wp-content\/uploads\/2018\/05\/divis-anfahrt.jpg","contentUrl":"https:\/\/www.divis.eu\/wp-content\/uploads\/2018\/05\/divis-anfahrt.jpg"},{"@type":"BreadcrumbList","@id":"https:\/\/www.divis.eu\/fr\/videotracking-dans-lentrepot-mentions-legales-divis\/#breadcrumb","itemListElement":[{"@type":"ListItem","position":1,"name":"Startseite","item":"https:\/\/www.divis.eu\/fr\/"},{"@type":"ListItem","position":2,"name":"Vid\u00e9otracking dans l\u2019entrep\u00f4t | Mentions l\u00e9gales DIVIS"}]},{"@type":"WebSite","@id":"https:\/\/www.divis.eu\/#website","url":"https:\/\/www.divis.eu\/","name":"DIVIS - The intelligent view","description":"Videosysteml\u00f6sungen f\u00fcr Umschlags- und Warenlager","potentialAction":[{"@type":"SearchAction","target":{"@type":"EntryPoint","urlTemplate":"https:\/\/www.divis.eu\/?s={search_term_string}"},"query-input":{"@type":"PropertyValueSpecification","valueRequired":true,"valueName":"search_term_string"}}],"inLanguage":"fr-FR"}]}},"_links":{"self":[{"href":"https:\/\/www.divis.eu\/fr\/wp-json\/wp\/v2\/pages\/10012","targetHints":{"allow":["GET"]}}],"collection":[{"href":"https:\/\/www.divis.eu\/fr\/wp-json\/wp\/v2\/pages"}],"about":[{"href":"https:\/\/www.divis.eu\/fr\/wp-json\/wp\/v2\/types\/page"}],"author":[{"embeddable":true,"href":"https:\/\/www.divis.eu\/fr\/wp-json\/wp\/v2\/users\/1"}],"replies":[{"embeddable":true,"href":"https:\/\/www.divis.eu\/fr\/wp-json\/wp\/v2\/comments?post=10012"}],"version-history":[{"count":0,"href":"https:\/\/www.divis.eu\/fr\/wp-json\/wp\/v2\/pages\/10012\/revisions"}],"wp:attachment":[{"href":"https:\/\/www.divis.eu\/fr\/wp-json\/wp\/v2\/media?parent=10012"}],"curies":[{"name":"wp","href":"https:\/\/api.w.org\/{rel}","templated":true}]}}