{"id":12513,"date":"2018-09-18T15:26:27","date_gmt":"2018-09-18T15:26:27","guid":{"rendered":"https:\/\/www.divis.eu\/divis-downloads-sendungsverfolgung-im-umschlagslager\/"},"modified":"2026-01-23T03:38:28","modified_gmt":"2026-01-23T03:38:28","slug":"telechargements-divis-suivi-des-envois-dans-lentrepot-de-transbordement","status":"publish","type":"page","link":"https:\/\/www.divis.eu\/fr\/telechargements-divis-suivi-des-envois-dans-lentrepot-de-transbordement\/","title":{"rendered":"T\u00e9l\u00e9chargements DIVIS | Suivi des envois dans l&rsquo;entrep\u00f4t de transbordement"},"content":{"rendered":"\n\n<h1>\n\t\t\tRenseignements \u00e0 observer\t<\/h1>\n<h1>\n\t\t\tT\u00e9l\u00e9chargements DIVIS\t<\/h1>\n<p>Vous trouverez ici le produit et d&rsquo;autres informations \u00e0 t\u00e9l\u00e9charger. Vous pouvez passer plus souvent. Le contenu de cette page est r\u00e9guli\u00e8rement compl\u00e9t\u00e9 et mis \u00e0 jour.<\/p>\n\t\t\t\t<img decoding=\"async\" src=\"https:\/\/www.divis.eu\/wp-content\/uploads\/2018\/12\/whitepaper-datenschutz-fr.jpg\" alt=\"Politique de confidentialit\u00e9\" title=\"whitepaper-datenschutz-fr\" itemprop=\"image\"  \/>\n<h1  id=\"datenschutz\">\n\t\t\tLivre blanc \u00ab Protection et s\u00e9curit\u00e9 des donn\u00e9es \u00bb\t<\/h1>\n<p>Dans ce livre blanc, nous vous expliquons comment les solutions DIVIS peuvent vous aider \u00e0 vous adapter aux nouvelles exigences de protection et de s\u00e9curit\u00e9 des donn\u00e9es. Vous apprendrez quels m\u00e9canismes de s\u00e9curit\u00e9 sont d\u00e9j\u00e0 int\u00e9gr\u00e9s dans notre logiciel et ce que vous pouvez faire vous-m\u00eame pour une s\u00e9curit\u00e9 accrue des donn\u00e9es.<\/p>\n\t\t\t<a href=\"https:\/\/www.divis.eu\/wp-content\/uploads\/2018\/10\/Whitepaper_Datenschutz_Datensicherheit_DIVIS_DE.pdf\" title=\"Click Here\" target=\"_blank\" rel=\"noopener\"  role=\"button\" aria-label=\"DE\">\n\t\t\t\t\t\t\tDE\n\t\t<\/a>\n\t\t\t<a href=\"https:\/\/www.divis.eu\/wp-content\/uploads\/2018\/10\/Whitepaper_Datenschutz_Datensicherheit_DIVIS_EN.pdf\" title=\"Click Here\" target=\"_blank\" rel=\"noopener\"  role=\"button\" aria-label=\"EN\">\n\t\t\t\t\t\t\tEN\n\t\t<\/a>\n\t\t\t<a href=\"https:\/\/www.divis.eu\/wp-content\/uploads\/2018\/10\/Whitepaper_Datenschutz_Datensicherheit_DIVIS_FR.pdf\" title=\"Click Here\" target=\"_blank\" rel=\"noopener\"  role=\"button\" aria-label=\"FR\">\n\t\t\t\t\t\t\tFR\n\t\t<\/a>\n\t\t\t\t<img decoding=\"async\" src=\"https:\/\/www.divis.eu\/wp-content\/uploads\/2019\/01\/divis-logo-vorschau.jpg\" alt=\"DIVIS - Videol\u00f6sungen f\u00fcr die Logistik\" title=\"divis-logo-vorschau\" itemprop=\"image\"  \/>\n<h1  id=\"datenschutz\">\n\t\t\tDIVIS Logo\t<\/h1>\n<p>\u00a9Logo Deutsche Industrie Video System GmbH<\/p>\n\t\t\t<a href=\"https:\/\/www.divis.eu\/wp-content\/uploads\/2019\/01\/divis-logo-pos-72.jpg\" title=\"Click Here\" target=\"_blank\" rel=\"noopener\"  role=\"button\" aria-label=\"R\u00e9solution Web\">\n\t\t\t\t\t\t\tR\u00e9solution Web\n\t\t<\/a>\n\t\t\t<a href=\"https:\/\/www.divis.eu\/wp-content\/uploads\/2019\/01\/divis-logo-pos-300.jpg\" title=\"Click Here\" target=\"_blank\" rel=\"noopener\"  role=\"button\" aria-label=\"R\u00e9solution Print\">\n\t\t\t\t\t\t\tR\u00e9solution Print\n\t\t<\/a>\n\t\t\t<a href=\"https:\/\/www.divis.eu\/wp-content\/uploads\/2019\/01\/divis-logo-pos.pdf\" title=\"Click Here\" target=\"_blank\" rel=\"noopener\"  role=\"button\" aria-label=\"Fichier Vectoriel\">\n\t\t\t\t\t\t\tFichier Vectoriel\n\t\t<\/a>\n\t\t\t\t<img decoding=\"async\" src=\"https:\/\/www.divis.eu\/wp-content\/uploads\/2019\/01\/divis-logo-neg-vorschau.jpg\" alt=\"DIVIS Logo\" title=\"divis-logo-neg-vorschau\" itemprop=\"image\"  \/>\n<h1  id=\"datenschutz\">\n\t\t\tDIVIS Logo\t<\/h1>\n<p>\u00a9Logo Deutsche Industrie Video System GmbH<\/p>\n\t\t\t<a href=\"https:\/\/www.divis.eu\/wp-content\/uploads\/2019\/01\/divis-logo-neg-72.jpg\" title=\"Click Here\" target=\"_blank\" rel=\"noopener\"  role=\"button\" aria-label=\"R\u00e9solution Web\">\n\t\t\t\t\t\t\tR\u00e9solution Web\n\t\t<\/a>\n\t\t\t<a href=\"https:\/\/www.divis.eu\/wp-content\/uploads\/2019\/01\/divis-logo-neg-300.jpg\" title=\"Click Here\" target=\"_blank\" rel=\"noopener\"  role=\"button\" aria-label=\"R\u00e9solution Print\">\n\t\t\t\t\t\t\tR\u00e9solution Print\n\t\t<\/a>\n\t\t\t<a href=\"https:\/\/www.divis.eu\/wp-content\/uploads\/2019\/01\/divis-logo-neg.pdf\" title=\"Click Here\" target=\"_blank\" rel=\"noopener\"  role=\"button\" aria-label=\"Fichier Vectoriel\">\n\t\t\t\t\t\t\tFichier Vectoriel\n\t\t<\/a>\n\t\t\t\t<img decoding=\"async\" src=\"https:\/\/www.divis.eu\/wp-content\/uploads\/2018\/01\/logo-van-duuren-weiss.png\" alt=\"logo-van-duuren-weiss\" title=\"logo-van-duuren-weiss\" itemprop=\"image\"\/>\n\t\t\t\t\t\t\t\t<h3 class='uabb-testimonial-author-name testimonial-author-name'>Van Duuren<\/h3>\t\t\t\t\t\t\t\t\n\t\t\t\t\t\t\t\t\tPays-Bas\t\t\t\t\t\t\t\t\n\t\t\t\t\t\t\t<blockquote><p>\u00ab CargoVIS fonctionne parfaitement, tout le monde s&rsquo;y est habitu\u00e9 et nous ne pouvons plus nous en passer. \u00bb<\/p><\/blockquote>\t\t\t\t\t\t\n\t\t\t\t<img decoding=\"async\" src=\"https:\/\/www.divis.eu\/wp-content\/uploads\/2018\/01\/logo-tsb.png\" alt=\"logo-tsb\" title=\"logo-tsb\" itemprop=\"image\"\/>\n\t\t\t\t\t\t\t\t<h3 class='uabb-testimonial-author-name testimonial-author-name'>TSBtrans<\/h3>\t\t\t\t\t\t\t\t\n\t\t\t\t\t\t\t\t\tEspagne\t\t\t\t\t\t\t\t\n\t\t\t\t\t\t\t<blockquote><p>\u00ab\u00a0CargoVIS est absolument fiable, gr\u00e2ce \u00e0 ses capacit\u00e9s de suivi, l&rsquo;investissement pour TSB s&rsquo;est amorti en moins d&rsquo;un an en trouvant les palettes manquantes et en identifiant les sources de dommages.\u00a0\u00bb<\/p><\/blockquote>\t\t\t\t\t\t\n\t\t\t\t<img decoding=\"async\" src=\"https:\/\/www.divis.eu\/wp-content\/uploads\/2018\/01\/logo-lagermax.png\" alt=\"logo-lagermax\" title=\"logo-lagermax\" itemprop=\"image\"\/>\n\t\t\t\t\t\t\t\t<h3 class='uabb-testimonial-author-name testimonial-author-name'>Lagermax Paketdienst GmbH &amp; Co KG<\/h3>\t\t\t\t\t\t\t\t\n\t\t\t\t\t\t\t\t\tAutriche\t\t\t\t\t\t\t\t\n\t\t\t\t\t\t\t<blockquote><p>\u00ab\u00a0Nous utilisons ParcelVIS de DIVIS depuis 5 ans et n&rsquo;avons jamais rencontr\u00e9 de probl\u00e8mes.\u00a0\u00bb<\/p><\/blockquote>\t\t\t\t\t\t\n\t\t\t\t<img decoding=\"async\" src=\"https:\/\/www.divis.eu\/wp-content\/uploads\/2018\/01\/logo-voigt-invers.png\" alt=\"logo-voigt-invers\" title=\"logo-voigt-invers\" itemprop=\"image\"\/>\n\t\t\t\t\t\t\t\t<h3 class='uabb-testimonial-author-name testimonial-author-name'>Herbert Voigt GmbH &amp; Co. KG<\/h3>\t\t\t\t\t\t\t\t\n\t\t\t\t\t\t\t\t\tAllemagne\t\t\t\t\t\t\t\t\n\t\t\t\t\t\t\t<blockquote><p>\u00ab\u00a0Avec DIVIS, nous avons trouv\u00e9 un partenaire comp\u00e9tent qui a toujours une solution pour nos propres id\u00e9es.\u00a0\u00bb<\/p><\/blockquote>\t\t\t\t\t\t\n\t\t\t\t<img decoding=\"async\" src=\"https:\/\/www.divis.eu\/wp-content\/uploads\/2018\/01\/logo-schmalz-schoen.png\" alt=\"logo-schmalz-schoen\" title=\"logo-schmalz-schoen\" itemprop=\"image\"\/>\n\t\t\t\t\t\t\t\t<h3 class='uabb-testimonial-author-name testimonial-author-name'>SCHMALZ+SCH\u00d6N Logistics GmbH<\/h3>\t\t\t\t\t\t\t\t\n\t\t\t\t\t\t\t\t\tAllemagne\t\t\t\t\t\t\t\t\n\t\t\t\t\t\t\t<blockquote><p>\u00ab\u00a0La solution parfaite m\u00eame pour les zones de transbordement h\u00e9t\u00e9rog\u00e8nes &#8211; la vid\u00e9osurveillance de DIVIS\u00a0qui vole au secours des colis. \u00bb<\/p><\/blockquote>\t\t\t\t\t\t\n\t\t\t<a href=\"https:\/\/www.divis.eu\/fr\/references-etudes-de-cas-suivi-des-envois-dans-lentrepot\/\" title=\"Click Here\" target=\"_self\"   role=\"button\" aria-label=\"Aller aux \u00e9tudes de cas\">\n\t\t\t\t\t\t\tAller aux \u00e9tudes de cas\n\t\t<\/a>\n\t\t\t\t<img decoding=\"async\" src=\"https:\/\/www.divis.eu\/wp-content\/uploads\/2018\/01\/hendrik-reger-1.png\" alt=\"Hendrik Reger | DIVIS | Videol\u00f6sungen f\u00fcr die Logistik\" itemprop=\"image\" height=\"385\" width=\"300\" title=\"hendrik-reger\" onerror=\"this.style.display='none'\" loading='lazy' \/>\n\t<em><strong>Hendrik Reger<\/strong><br \/>\nDirecteur g\u00e9n\u00e9ral<\/em>\n\t<p>Avez-vous des questions ?<\/p>\n\t<p>Nous avons des r\u00e9ponses<\/p>\n\t<p>Notre \u00e9quipe est \u00e0 votre disposition pour r\u00e9pondre \u00e0 vos questions sur nos produits et se fera un plaisir de vous conseiller gratuitement et sans engagement.<\/p>\n\t\t\t<a href=\"https:\/\/www.divis.eu\/fr\/contacter-divis-fournisseur-pour-le-suivi-des-envois-par-camera\/\" title=\"Click Here\" target=\"_self\"   role=\"button\" aria-label=\"Contacter DIVIS\">\n\t\t\t\t\t\t\tContacter DIVIS\n\t\t<\/a>\n\n","protected":false},"excerpt":{"rendered":"<p>Renseignements \u00e0 observer T\u00e9l\u00e9chargements DIVIS Vous trouverez ici le produit et d&rsquo;autres informations \u00e0 t\u00e9l\u00e9charger. Vous pouvez passer plus souvent. Le contenu de cette page est r\u00e9guli\u00e8rement compl\u00e9t\u00e9 et mis \u00e0 jour. Livre blanc \u00ab Protection et s\u00e9curit\u00e9 des donn\u00e9es \u00bb Dans ce livre blanc, nous vous expliquons comment les solutions DIVIS peuvent vous aider&hellip;<\/p>\n","protected":false},"author":1,"featured_media":0,"parent":0,"menu_order":0,"comment_status":"closed","ping_status":"closed","template":"","meta":{"footnotes":""},"class_list":["post-12513","page","type-page","status-publish","hentry"],"yoast_head":"<!-- This site is optimized with the Yoast SEO plugin v27.5 - https:\/\/yoast.com\/product\/yoast-seo-wordpress\/ -->\n<title>Solutions vid\u00e9o DIVIS pour le suivi des envois dans l\u2019entrep\u00f4t de transbordement<\/title>\n<meta name=\"description\" content=\"Les logisticiens CEP, de marchandises diverses, d&#039;entrep\u00f4ts et d&#039;AirCargo utilisent les solutions vid\u00e9o DIVIS orient\u00e9es vers l&#039;avenir pour le suivi des envois dans l&#039;entrep\u00f4t de transbordement.\" \/>\n<meta name=\"robots\" content=\"index, follow, max-snippet:-1, max-image-preview:large, max-video-preview:-1\" \/>\n<link rel=\"canonical\" href=\"https:\/\/www.divis.eu\/fr\/telechargements-divis-suivi-des-envois-dans-lentrepot-de-transbordement\/\" \/>\n<meta property=\"og:locale\" content=\"fr_FR\" \/>\n<meta property=\"og:type\" content=\"article\" \/>\n<meta property=\"og:title\" content=\"Solutions vid\u00e9o DIVIS pour le suivi des envois dans l\u2019entrep\u00f4t de transbordement\" \/>\n<meta property=\"og:description\" content=\"Les logisticiens CEP, de marchandises diverses, d&#039;entrep\u00f4ts et d&#039;AirCargo utilisent les solutions vid\u00e9o DIVIS orient\u00e9es vers l&#039;avenir pour le suivi des envois dans l&#039;entrep\u00f4t de transbordement.\" \/>\n<meta property=\"og:url\" content=\"https:\/\/www.divis.eu\/fr\/telechargements-divis-suivi-des-envois-dans-lentrepot-de-transbordement\/\" \/>\n<meta property=\"og:site_name\" content=\"DIVIS - The intelligent view\" \/>\n<meta property=\"article:modified_time\" content=\"2026-01-23T03:38:28+00:00\" \/>\n<meta property=\"og:image\" content=\"https:\/\/www.divis.eu\/wp-content\/uploads\/2018\/12\/whitepaper-datenschutz-fr.jpg\" \/>\n<meta name=\"twitter:card\" content=\"summary_large_image\" \/>\n<meta name=\"twitter:label1\" content=\"Dur\u00e9e de lecture estim\u00e9e\" \/>\n\t<meta name=\"twitter:data1\" content=\"2 minutes\" \/>\n<script type=\"application\/ld+json\" class=\"yoast-schema-graph\">{\"@context\":\"https:\\\/\\\/schema.org\",\"@graph\":[{\"@type\":\"WebPage\",\"@id\":\"https:\\\/\\\/www.divis.eu\\\/fr\\\/telechargements-divis-suivi-des-envois-dans-lentrepot-de-transbordement\\\/\",\"url\":\"https:\\\/\\\/www.divis.eu\\\/fr\\\/telechargements-divis-suivi-des-envois-dans-lentrepot-de-transbordement\\\/\",\"name\":\"Solutions vid\u00e9o DIVIS pour le suivi des envois dans l\u2019entrep\u00f4t de transbordement\",\"isPartOf\":{\"@id\":\"https:\\\/\\\/www.divis.eu\\\/#website\"},\"primaryImageOfPage\":{\"@id\":\"https:\\\/\\\/www.divis.eu\\\/fr\\\/telechargements-divis-suivi-des-envois-dans-lentrepot-de-transbordement\\\/#primaryimage\"},\"image\":{\"@id\":\"https:\\\/\\\/www.divis.eu\\\/fr\\\/telechargements-divis-suivi-des-envois-dans-lentrepot-de-transbordement\\\/#primaryimage\"},\"thumbnailUrl\":\"https:\\\/\\\/www.divis.eu\\\/wp-content\\\/uploads\\\/2018\\\/12\\\/whitepaper-datenschutz-fr.jpg\",\"datePublished\":\"2018-09-18T15:26:27+00:00\",\"dateModified\":\"2026-01-23T03:38:28+00:00\",\"description\":\"Les logisticiens CEP, de marchandises diverses, d'entrep\u00f4ts et d'AirCargo utilisent les solutions vid\u00e9o DIVIS orient\u00e9es vers l'avenir pour le suivi des envois dans l'entrep\u00f4t de transbordement.\",\"breadcrumb\":{\"@id\":\"https:\\\/\\\/www.divis.eu\\\/fr\\\/telechargements-divis-suivi-des-envois-dans-lentrepot-de-transbordement\\\/#breadcrumb\"},\"inLanguage\":\"fr-FR\",\"potentialAction\":[{\"@type\":\"ReadAction\",\"target\":[\"https:\\\/\\\/www.divis.eu\\\/fr\\\/telechargements-divis-suivi-des-envois-dans-lentrepot-de-transbordement\\\/\"]}]},{\"@type\":\"ImageObject\",\"inLanguage\":\"fr-FR\",\"@id\":\"https:\\\/\\\/www.divis.eu\\\/fr\\\/telechargements-divis-suivi-des-envois-dans-lentrepot-de-transbordement\\\/#primaryimage\",\"url\":\"https:\\\/\\\/www.divis.eu\\\/wp-content\\\/uploads\\\/2018\\\/12\\\/whitepaper-datenschutz-fr.jpg\",\"contentUrl\":\"https:\\\/\\\/www.divis.eu\\\/wp-content\\\/uploads\\\/2018\\\/12\\\/whitepaper-datenschutz-fr.jpg\"},{\"@type\":\"BreadcrumbList\",\"@id\":\"https:\\\/\\\/www.divis.eu\\\/fr\\\/telechargements-divis-suivi-des-envois-dans-lentrepot-de-transbordement\\\/#breadcrumb\",\"itemListElement\":[{\"@type\":\"ListItem\",\"position\":1,\"name\":\"Startseite\",\"item\":\"https:\\\/\\\/www.divis.eu\\\/fr\\\/\"},{\"@type\":\"ListItem\",\"position\":2,\"name\":\"T\u00e9l\u00e9chargements DIVIS | Suivi des envois dans l&rsquo;entrep\u00f4t de transbordement\"}]},{\"@type\":\"WebSite\",\"@id\":\"https:\\\/\\\/www.divis.eu\\\/#website\",\"url\":\"https:\\\/\\\/www.divis.eu\\\/\",\"name\":\"DIVIS - The intelligent view\",\"description\":\"Videosysteml\u00f6sungen f\u00fcr Umschlags- und Warenlager\",\"potentialAction\":[{\"@type\":\"SearchAction\",\"target\":{\"@type\":\"EntryPoint\",\"urlTemplate\":\"https:\\\/\\\/www.divis.eu\\\/?s={search_term_string}\"},\"query-input\":{\"@type\":\"PropertyValueSpecification\",\"valueRequired\":true,\"valueName\":\"search_term_string\"}}],\"inLanguage\":\"fr-FR\"}]}<\/script>\n<!-- \/ Yoast SEO plugin. -->","yoast_head_json":{"title":"Solutions vid\u00e9o DIVIS pour le suivi des envois dans l\u2019entrep\u00f4t de transbordement","description":"Les logisticiens CEP, de marchandises diverses, d'entrep\u00f4ts et d'AirCargo utilisent les solutions vid\u00e9o DIVIS orient\u00e9es vers l'avenir pour le suivi des envois dans l'entrep\u00f4t de transbordement.","robots":{"index":"index","follow":"follow","max-snippet":"max-snippet:-1","max-image-preview":"max-image-preview:large","max-video-preview":"max-video-preview:-1"},"canonical":"https:\/\/www.divis.eu\/fr\/telechargements-divis-suivi-des-envois-dans-lentrepot-de-transbordement\/","og_locale":"fr_FR","og_type":"article","og_title":"Solutions vid\u00e9o DIVIS pour le suivi des envois dans l\u2019entrep\u00f4t de transbordement","og_description":"Les logisticiens CEP, de marchandises diverses, d'entrep\u00f4ts et d'AirCargo utilisent les solutions vid\u00e9o DIVIS orient\u00e9es vers l'avenir pour le suivi des envois dans l'entrep\u00f4t de transbordement.","og_url":"https:\/\/www.divis.eu\/fr\/telechargements-divis-suivi-des-envois-dans-lentrepot-de-transbordement\/","og_site_name":"DIVIS - The intelligent view","article_modified_time":"2026-01-23T03:38:28+00:00","og_image":[{"url":"https:\/\/www.divis.eu\/wp-content\/uploads\/2018\/12\/whitepaper-datenschutz-fr.jpg","type":"","width":"","height":""}],"twitter_card":"summary_large_image","twitter_misc":{"Dur\u00e9e de lecture estim\u00e9e":"2 minutes"},"schema":{"@context":"https:\/\/schema.org","@graph":[{"@type":"WebPage","@id":"https:\/\/www.divis.eu\/fr\/telechargements-divis-suivi-des-envois-dans-lentrepot-de-transbordement\/","url":"https:\/\/www.divis.eu\/fr\/telechargements-divis-suivi-des-envois-dans-lentrepot-de-transbordement\/","name":"Solutions vid\u00e9o DIVIS pour le suivi des envois dans l\u2019entrep\u00f4t de transbordement","isPartOf":{"@id":"https:\/\/www.divis.eu\/#website"},"primaryImageOfPage":{"@id":"https:\/\/www.divis.eu\/fr\/telechargements-divis-suivi-des-envois-dans-lentrepot-de-transbordement\/#primaryimage"},"image":{"@id":"https:\/\/www.divis.eu\/fr\/telechargements-divis-suivi-des-envois-dans-lentrepot-de-transbordement\/#primaryimage"},"thumbnailUrl":"https:\/\/www.divis.eu\/wp-content\/uploads\/2018\/12\/whitepaper-datenschutz-fr.jpg","datePublished":"2018-09-18T15:26:27+00:00","dateModified":"2026-01-23T03:38:28+00:00","description":"Les logisticiens CEP, de marchandises diverses, d'entrep\u00f4ts et d'AirCargo utilisent les solutions vid\u00e9o DIVIS orient\u00e9es vers l'avenir pour le suivi des envois dans l'entrep\u00f4t de transbordement.","breadcrumb":{"@id":"https:\/\/www.divis.eu\/fr\/telechargements-divis-suivi-des-envois-dans-lentrepot-de-transbordement\/#breadcrumb"},"inLanguage":"fr-FR","potentialAction":[{"@type":"ReadAction","target":["https:\/\/www.divis.eu\/fr\/telechargements-divis-suivi-des-envois-dans-lentrepot-de-transbordement\/"]}]},{"@type":"ImageObject","inLanguage":"fr-FR","@id":"https:\/\/www.divis.eu\/fr\/telechargements-divis-suivi-des-envois-dans-lentrepot-de-transbordement\/#primaryimage","url":"https:\/\/www.divis.eu\/wp-content\/uploads\/2018\/12\/whitepaper-datenschutz-fr.jpg","contentUrl":"https:\/\/www.divis.eu\/wp-content\/uploads\/2018\/12\/whitepaper-datenschutz-fr.jpg"},{"@type":"BreadcrumbList","@id":"https:\/\/www.divis.eu\/fr\/telechargements-divis-suivi-des-envois-dans-lentrepot-de-transbordement\/#breadcrumb","itemListElement":[{"@type":"ListItem","position":1,"name":"Startseite","item":"https:\/\/www.divis.eu\/fr\/"},{"@type":"ListItem","position":2,"name":"T\u00e9l\u00e9chargements DIVIS | Suivi des envois dans l&rsquo;entrep\u00f4t de transbordement"}]},{"@type":"WebSite","@id":"https:\/\/www.divis.eu\/#website","url":"https:\/\/www.divis.eu\/","name":"DIVIS - The intelligent view","description":"Videosysteml\u00f6sungen f\u00fcr Umschlags- und Warenlager","potentialAction":[{"@type":"SearchAction","target":{"@type":"EntryPoint","urlTemplate":"https:\/\/www.divis.eu\/?s={search_term_string}"},"query-input":{"@type":"PropertyValueSpecification","valueRequired":true,"valueName":"search_term_string"}}],"inLanguage":"fr-FR"}]}},"_links":{"self":[{"href":"https:\/\/www.divis.eu\/fr\/wp-json\/wp\/v2\/pages\/12513","targetHints":{"allow":["GET"]}}],"collection":[{"href":"https:\/\/www.divis.eu\/fr\/wp-json\/wp\/v2\/pages"}],"about":[{"href":"https:\/\/www.divis.eu\/fr\/wp-json\/wp\/v2\/types\/page"}],"author":[{"embeddable":true,"href":"https:\/\/www.divis.eu\/fr\/wp-json\/wp\/v2\/users\/1"}],"replies":[{"embeddable":true,"href":"https:\/\/www.divis.eu\/fr\/wp-json\/wp\/v2\/comments?post=12513"}],"version-history":[{"count":0,"href":"https:\/\/www.divis.eu\/fr\/wp-json\/wp\/v2\/pages\/12513\/revisions"}],"wp:attachment":[{"href":"https:\/\/www.divis.eu\/fr\/wp-json\/wp\/v2\/media?parent=12513"}],"curies":[{"name":"wp","href":"https:\/\/api.w.org\/{rel}","templated":true}]}}