{"id":12521,"date":"2018-04-29T17:46:59","date_gmt":"2018-04-29T17:46:59","guid":{"rendered":"https:\/\/www.divis.eu\/divis-produkt-tipps-videogestuetzte-warenverfolgung\/"},"modified":"2022-12-06T20:18:29","modified_gmt":"2022-12-06T20:18:29","slug":"conseils-produits-divis-suivi-des-marchandises-par-videotracking","status":"publish","type":"page","link":"https:\/\/www.divis.eu\/fr\/conseils-produits-divis-suivi-des-marchandises-par-videotracking\/","title":{"rendered":"Conseils produits DIVIS | Suivi des marchandises par vid\u00e9otracking"},"content":{"rendered":"\n<h3>\n\t\tDIVIS\n\t<\/h3>\n<h2>\n\t\tConseils produits\n\t<\/h2>\n\t\t\t\t<a href=\"#\" target=\"_self\" itemprop=\"url\" rel=\"noopener\">\n\t\t\t\t<img decoding=\"async\" src=\"https:\/\/www.divis.eu\/wp-content\/uploads\/2018\/11\/sprechblase-newsletter-abo-fr.png\" alt=\"Videomanagement-Software Logistik DIVIS\" title=\"sprechblase-newsletter-abo-fr\" itemprop=\"image\"  \/>\n\t\t\t\t\t\t<\/a>\n\t\t\t\t\t<ul id=\"menu-fr-tipps-infos\"><li id=\"menu-item-12529\"><a href=\"https:\/\/www.divis.eu\/fr\/divis-news-vue-densemble-suivi-des-envois-par-camera-en-logistique\/\">Nouvelles DIVIS<\/a><\/li>\n<li id=\"menu-item-12530\"><a href=\"https:\/\/www.divis.eu\/fr\/conseils-produits-divis-suivi-des-marchandises-par-videotracking\/\">Conseils produits<\/a><\/li>\n<li id=\"menu-item-12531\"><a href=\"https:\/\/www.divis.eu\/fr\/informations-generales-divis-suivi-des-marchandises-guide-par-images\/\">Informations g\u00e9n\u00e9rales<\/a><\/li>\n<\/ul>\t\n\t<h1>\n\t\tConseils et astuces pour l&rsquo;utilisation de nos produits\n\t<\/h1>\n\t<h3>\n\t\t\t\tFILTRE\n\t\t\t<\/h3>\n\t\t\t\t\t<ul id=\"menu-fr-produktinfo-filter\"><li id=\"menu-item-19772\"><a href=\"https:\/\/www.divis.eu\/fr\/conseils-sur-les-produits-divis-cargovis-suivi-video-des-marchandises\/\">CargoVIS<\/a><\/li>\n<li id=\"menu-item-19795\"><a href=\"https:\/\/www.divis.eu\/fr\/conseils-sur-les-produits-divis-parcelvis-entrepot-de-gestion-video\/\">ParcelVIS<\/a><\/li>\n<li id=\"menu-item-19793\"><a href=\"https:\/\/www.divis.eu\/fr\/note-de-mise-a-jour-de-logiciel-divis-suivi-video-des-marchandises\/\">Note de mise<\/a><\/li>\n<\/ul>\t\n\t\t\t<a href=\"https:\/\/www.divis.eu\/fr\/conseils-produits-divis-suivi-des-marchandises-par-videotracking\" target=\"_self\" role=\"button\" rel=\"noopener\">\n\t\t\t\t\t\t\tR\u00e9initialiser \u00e0 la valeur par d\u00e9faut\n\t\t\t\t\t<\/a>\n\t<h3>\n\t\t\t\tRECHERCHE DE CONTRIBUTIONS PAR MOTS CL\u00c9S\n\t\t\t<\/h3>\n\t\n\n<form method=\"get\" action=\"https:\/\/www.divis.eu\/fr\/\" class=\"form-inline\">\n\n \n  <div class=\"form-group \">\n\n      <input type=\"hidden\" name=\"cat\" id=\"cat\" value=\"157,158,159,170\"\/>\n           <input type=\"text\"  name=\"s\" value=\"\"  placeholder=\"Mot de recherche\"  \/>\n  <\/div>\n  <button type=\"submit\" class=\"btn btn-primary \" style=\"background-color: #cfd93f; border-color: #cfd93f; color: #08305a\">chercher<\/button>\n<\/form>\n\n\n\n\n\n\n\t\t\t\t\t\t\t\t\t\t\t\t\t\t<a href=\"https:\/\/www.divis.eu\/fr\/notes-de-mise-a-jour-du-logiciel-pour-cargovis-et-parcelvis-version-1-8-2-0\/\" target=\"_self\" title=\"Notes de mise \u00e0 jour du logiciel pour CargoVIS et ParcelVIS version 1.8.2.0\" rel=\"noopener\">\n\t\t\t\t<img decoding=\"async\" src=\"https:\/\/www.divis.eu\/wp-content\/uploads\/2022\/08\/release-notes-082022-featured-FR.gif\" alt=\"Notes de mise 1.8.2.0\" \/>\n\t\t\t\t<\/a>\n\t\t\t\t\t\t<h4>\n\t\t\t\t<a href=https:\/\/www.divis.eu\/fr\/notes-de-mise-a-jour-du-logiciel-pour-cargovis-et-parcelvis-version-1-8-2-0\/ title=\"Notes de mise \u00e0 jour du logiciel pour CargoVIS et ParcelVIS version 1.8.2.0\" tabindex=\"0\">Notes de mise \u00e0 jour du logiciel pour CargoVIS et ParcelVIS version 1.8.2.0<\/a>\t\t\t<\/h4>\n\t\t\t\t\t\t\t\tLa version 1.8.2.0 des logiciels CargoVIS et ParcelVIS est disponible en tant que mise \u00e0 jour avec de nouvelles fonctionnalit\u00e9s. Dans ces notes de mise \u00e0 jour, nous vous pr\u00e9sentons toutes les nouveaut\u00e9s de la version actuelle.\n\t\t\t<a href=\"https:\/\/www.divis.eu\/fr\/notes-de-mise-a-jour-du-logiciel-pour-cargovis-et-parcelvis-version-1-8-2-0\/\" target=\"_self\" role=\"button\" aria-label=\"Plus\" rel=\"noopener\">\n\t\t\t\t\t\t\tPlus\n\t\t<\/a>\n\t\t\t\t\t\t\t\t\t\t\t\t\t\t<a href=\"https:\/\/www.divis.eu\/fr\/notes-de-mise-a-jour-du-logiciel-pour-cargovis-version-1-8-1-5-et-pour-parcelvis-version-1-8-1-3\/\" target=\"_self\" title=\"Notes de mise \u00e0 jour du logiciel pour CargoVIS version 1.8.1.5 et pour ParcelVIS version 1.8.1.3\" rel=\"noopener\">\n\t\t\t\t<img decoding=\"async\" src=\"https:\/\/www.divis.eu\/wp-content\/uploads\/2022\/04\/release-notes-052022-fr-featured.gif\" alt=\"Notes de mise \u00e0 jour du logiciel CargoVIS ParcelVIS\" \/>\n\t\t\t\t<\/a>\n\t\t\t\t\t\t<h4>\n\t\t\t\t<a href=https:\/\/www.divis.eu\/fr\/notes-de-mise-a-jour-du-logiciel-pour-cargovis-version-1-8-1-5-et-pour-parcelvis-version-1-8-1-3\/ title=\"Notes de mise \u00e0 jour du logiciel pour CargoVIS version 1.8.1.5 et pour ParcelVIS version 1.8.1.3\" tabindex=\"0\">Notes de mise \u00e0 jour du logiciel pour CargoVIS version 1.8.1.5 et pour ParcelVIS version 1.8.1.3<\/a>\t\t\t<\/h4>\n\t\t\t\t\t\t\t\tLa version 1.8.1.5 du logiciel CargoVIS et la version 1.8.1.3 du logiciel ParcelVIS sont disponibles d\u00e8s maintenant sous forme de mise \u00e0 jour. \nApprenez-en encore plus sur les optimisations et les extensions des versions actuelles dans nos notes de mise \u00e0 jour.\n\t\t\t<a href=\"https:\/\/www.divis.eu\/fr\/notes-de-mise-a-jour-du-logiciel-pour-cargovis-version-1-8-1-5-et-pour-parcelvis-version-1-8-1-3\/\" target=\"_self\" role=\"button\" aria-label=\"Plus\" rel=\"noopener\">\n\t\t\t\t\t\t\tPlus\n\t\t<\/a>\n\t\t\t\t\t\t\t\t\t\t\t\t\t\t<a href=\"https:\/\/www.divis.eu\/fr\/raccourcis-et-commandes-dans-cargovis-et-parcelvis\/\" target=\"_self\" title=\"Raccourcis et commandes dans CargoVIS et ParcelVIS\" rel=\"noopener\">\n\t\t\t\t<img decoding=\"async\" src=\"https:\/\/www.divis.eu\/wp-content\/uploads\/2021\/12\/tipp-des-monats12-2021-featured-FR.gif\" alt=\"\" \/>\n\t\t\t\t<\/a>\n\t\t\t\t\t\t<h4>\n\t\t\t\t<a href=https:\/\/www.divis.eu\/fr\/raccourcis-et-commandes-dans-cargovis-et-parcelvis\/ title=\"Raccourcis et commandes dans CargoVIS et ParcelVIS\" tabindex=\"0\">Raccourcis et commandes dans CargoVIS et ParcelVIS<\/a>\t\t\t<\/h4>\n\t\t\t\t\t\t\t\tDans l&rsquo;astuce du mois d&rsquo;aujourd&rsquo;hui, nous vous pr\u00e9sentons des raccourcis utiles et nous vous pr\u00e9sentons des commandes utiles qui permettent d&rsquo;acc\u00e9l\u00e9rer et de simplifier encore plus le travail dans nos logiciels CargoVIS et ParcelVIS.\n\t\t\t<a href=\"https:\/\/www.divis.eu\/fr\/raccourcis-et-commandes-dans-cargovis-et-parcelvis\/\" target=\"_self\" role=\"button\" aria-label=\"Plus\" rel=\"noopener\">\n\t\t\t\t\t\t\tPlus\n\t\t<\/a>\n\t\t\t\t\t\t\t\t\t\t\t\t\t\t<a href=\"https:\/\/www.divis.eu\/fr\/barre-de-menu-dans-cargovis-parcelvis-logiciel-de-video-tracking\/\" target=\"_self\" title=\"Barre de menu dans CargoVIS &#038; ParcelVIS Logiciel de vid\u00e9o tracking\" rel=\"noopener\">\n\t\t\t\t<img decoding=\"async\" src=\"https:\/\/www.divis.eu\/wp-content\/uploads\/2021\/11\/divis-tdm-112021-featured-FR.gif\" alt=\"\" \/>\n\t\t\t\t<\/a>\n\t\t\t\t\t\t<h4>\n\t\t\t\t<a href=https:\/\/www.divis.eu\/fr\/barre-de-menu-dans-cargovis-parcelvis-logiciel-de-video-tracking\/ title=\"Barre de menu dans CargoVIS &#038; ParcelVIS Logiciel de vid\u00e9o tracking\" tabindex=\"0\">Barre de menu dans CargoVIS &#038; ParcelVIS Logiciel de vid\u00e9o tracking<\/a>\t\t\t<\/h4>\n\t\t\t\t\t\t\t\tD\u00e9couvrez comment vous pouvez facilement masquer et afficher la barre de menu dans nos logiciels de vid\u00e9o tracking CargoVIS &#038; ParcelVIS.\n\t\t\t<a href=\"https:\/\/www.divis.eu\/fr\/barre-de-menu-dans-cargovis-parcelvis-logiciel-de-video-tracking\/\" target=\"_self\" role=\"button\" aria-label=\"Plus\" rel=\"noopener\">\n\t\t\t\t\t\t\tPlus\n\t\t<\/a>\n\t\t\t\t\t\t\t\t\t\t\t\t\t\t<a href=\"https:\/\/www.divis.eu\/fr\/creation-de-directives-dans-la-gestion-utilisateurs-dans-cargovis-parcelvis\/\" target=\"_self\" title=\"Cr\u00e9ation de directives dans la gestion utilisateurs dans CargoVIS &#038; ParcelVIS\" rel=\"noopener\">\n\t\t\t\t<img decoding=\"async\" src=\"https:\/\/www.divis.eu\/wp-content\/uploads\/2021\/10\/divis-tdm-richtlinien-featured-FR-1.gif\" alt=\"DIVIS Conseil du mois \" \/>\n\t\t\t\t<\/a>\n\t\t\t\t\t\t<h4>\n\t\t\t\t<a href=https:\/\/www.divis.eu\/fr\/creation-de-directives-dans-la-gestion-utilisateurs-dans-cargovis-parcelvis\/ title=\"Cr\u00e9ation de directives dans la gestion utilisateurs dans CargoVIS &#038; ParcelVIS\" tabindex=\"0\">Cr\u00e9ation de directives dans la gestion utilisateurs dans CargoVIS &#038; ParcelVIS<\/a>\t\t\t<\/h4>\n\t\t\t\t\t\t\t\tAujourd&rsquo;hui, nous allons vous montrer comment cr\u00e9er une nouvelle directive dans la gestion utilisateurs de CargoVIS &#038; ParcelVIS pour d\u00e9finir les droits des utilisateurs par groupe.\n\t\t\t<a href=\"https:\/\/www.divis.eu\/fr\/creation-de-directives-dans-la-gestion-utilisateurs-dans-cargovis-parcelvis\/\" target=\"_self\" role=\"button\" aria-label=\"Plus\" rel=\"noopener\">\n\t\t\t\t\t\t\tPlus\n\t\t<\/a>\n\t\t\t\t\t\t\t\t\t\t\t\t\t\t<a href=\"https:\/\/www.divis.eu\/fr\/cargovis-avec-module-logiciel-link-desormais-accessible-par-url\/\" target=\"_self\" title=\"CargoVIS avec module logiciel Link+ d\u00e9sormais accessible par URL\" rel=\"noopener\">\n\t\t\t\t<img decoding=\"async\" src=\"https:\/\/www.divis.eu\/wp-content\/uploads\/2021\/08\/link-plus-featured-FR.gif\" alt=\"\" \/>\n\t\t\t\t<\/a>\n\t\t\t\t\t\t<h4>\n\t\t\t\t<a href=https:\/\/www.divis.eu\/fr\/cargovis-avec-module-logiciel-link-desormais-accessible-par-url\/ title=\"CargoVIS avec module logiciel Link+ d\u00e9sormais accessible par URL\" tabindex=\"0\">CargoVIS avec module logiciel Link<sup>+<\/sup> d\u00e9sormais accessible par URL<\/a>\t\t\t<\/h4>\n\t\t\t\t\t\t\t\tGr\u00e2ce \u00e0 notre module logiciel Link<sup>+<\/sup>, le logiciel de gestion vid\u00e9o CargoVIS est d\u00e9sormais accessible par d&rsquo;autres applications via une URL. Pour plus d&rsquo;informations, voir ici.\n\t\t\t<a href=\"https:\/\/www.divis.eu\/fr\/cargovis-avec-module-logiciel-link-desormais-accessible-par-url\/\" target=\"_self\" role=\"button\" aria-label=\"Plus\" rel=\"noopener\">\n\t\t\t\t\t\t\tPlus\n\t\t<\/a>\n\t\t\t\t\t\t\t\t\t\t\t\t\t\t<a href=\"https:\/\/www.divis.eu\/fr\/notes-de-mise-pour-cargovis-et-parcelvis-version-1-8-0-1\/\" target=\"_self\" title=\"Notes de mise pour CargoVIS et ParcelVIS version 1.8.0.1\" rel=\"noopener\">\n\t\t\t\t<img decoding=\"async\" src=\"https:\/\/www.divis.eu\/wp-content\/uploads\/2021\/08\/release-note-1.8.0.1-featured-FR.gif\" alt=\"Notes de mise \u00e0 jour Version 1.8.0.1 | CargoVIS &amp; ParcelVIS\" \/>\n\t\t\t\t<\/a>\n\t\t\t\t\t\t<h4>\n\t\t\t\t<a href=https:\/\/www.divis.eu\/fr\/notes-de-mise-pour-cargovis-et-parcelvis-version-1-8-0-1\/ title=\"Notes de mise pour CargoVIS et ParcelVIS version 1.8.0.1\" tabindex=\"0\">Notes de mise pour CargoVIS et ParcelVIS version 1.8.0.1<\/a>\t\t\t<\/h4>\n\t\t\t\t\t\t\t\tLa version actuelle 1.8.0.1 de nos produits logiciels ParcelVIS et CargoVIS est maintenant disponible. Il est d\u00e9sormais possible d&rsquo;utiliser les sections angulaires d&rsquo;un plan de site avec un syst\u00e8me de g\u00e9olocalisation et la lecture du format vid\u00e9o AVI. Pour plus de d\u00e9tails, voir ici.\n\t\t\t<a href=\"https:\/\/www.divis.eu\/fr\/notes-de-mise-pour-cargovis-et-parcelvis-version-1-8-0-1\/\" target=\"_self\" role=\"button\" aria-label=\"Plus\" rel=\"noopener\">\n\t\t\t\t\t\t\tPlus\n\t\t<\/a>\n\t\t\t\t\t\t\t\t\t\t\t\t\t\t<a href=\"https:\/\/www.divis.eu\/fr\/notes-de-mise-a-jour-de-nos-logiciels-pour-cargovis-et-parcelvis-version-1-7-1-0\/\" target=\"_self\" title=\"Notes de mise \u00e0 jour de nos logiciels pour CargoVIS et ParcelVIS version 1.7.1.0\" rel=\"noopener\">\n\t\t\t\t<img decoding=\"async\" src=\"https:\/\/www.divis.eu\/wp-content\/uploads\/2021\/07\/release-note-featured-fr.jpg\" alt=\"Notes de mises \u00e0 jour | CargoVIS | ParcelVIS\" \/>\n\t\t\t\t<\/a>\n\t\t\t\t\t\t<h4>\n\t\t\t\t<a href=https:\/\/www.divis.eu\/fr\/notes-de-mise-a-jour-de-nos-logiciels-pour-cargovis-et-parcelvis-version-1-7-1-0\/ title=\"Notes de mise \u00e0 jour de nos logiciels pour CargoVIS et ParcelVIS version 1.7.1.0\" tabindex=\"0\">Notes de mise \u00e0 jour de nos logiciels pour CargoVIS et ParcelVIS version 1.7.1.0<\/a>\t\t\t<\/h4>\n\t\t\t\t\t\t\t\tLa derni\u00e8re version 1.7.1.0 de mise \u00e0 jour de nos produits logiciels ParcelVIS et CargoVIS offre des fonctionnalit\u00e9s optimis\u00e9es et de nouvelles options. La mise \u00e0 jour est disponible imm\u00e9diatement. Pour plus de d\u00e9tails, voir ici.\n\t\t\t<a href=\"https:\/\/www.divis.eu\/fr\/notes-de-mise-a-jour-de-nos-logiciels-pour-cargovis-et-parcelvis-version-1-7-1-0\/\" target=\"_self\" role=\"button\" aria-label=\"Plus\" rel=\"noopener\">\n\t\t\t\t\t\t\tPlus\n\t\t<\/a>\n\t\t\t<ul class='page-numbers'>\n\t<li>1<\/li>\n\t<li><a href=\"https:\/\/www.divis.eu\/fr\/page\/2\/?page_id=12521&#038;fl_builder\">2<\/a><\/li>\n\t<li><a href=\"https:\/\/www.divis.eu\/fr\/page\/3\/?page_id=12521&#038;fl_builder\">3<\/a><\/li>\n\t<li>&#8230;<\/li>\n\t<li><a href=\"https:\/\/www.divis.eu\/fr\/page\/8\/?page_id=12521&#038;fl_builder\">8<\/a><\/li>\n\t<li><a href=\"https:\/\/www.divis.eu\/fr\/page\/2\/?page_id=12521&#038;fl_builder\">Suivant\u00a0\u00bb<\/a><\/li>\n<\/ul>\n\t\t\n","protected":false},"excerpt":{"rendered":"<p>DIVIS Conseils produits Nouvelles DIVIS Conseils produits Informations g\u00e9n\u00e9rales Conseils et astuces pour l&rsquo;utilisation de nos produits FILTRE CargoVIS ParcelVIS Note de mise R\u00e9initialiser \u00e0 la valeur par d\u00e9faut RECHERCHE DE CONTRIBUTIONS PAR MOTS CL\u00c9S Notes de mise \u00e0 jour du logiciel pour CargoVIS et ParcelVIS version 1.8.2.0 La version 1.8.2.0 des logiciels CargoVIS et&hellip;<\/p>\n","protected":false},"author":1,"featured_media":0,"parent":0,"menu_order":0,"comment_status":"closed","ping_status":"closed","template":"","meta":{"footnotes":""},"class_list":["post-12521","page","type-page","status-publish","hentry"],"yoast_head":"<!-- This site is optimized with the Yoast SEO plugin v27.4 - https:\/\/yoast.com\/product\/yoast-seo-wordpress\/ -->\n<title>Conseils &amp; Infos DIVIS | Suivi des marchandises par vid\u00e9otracking dans la logistique<\/title>\n<meta name=\"description\" content=\"Conseils et informations int\u00e9ressants de DIVIS sur nos produits pour le vid\u00e9otracking des marchandises dans la logistique, ainsi que d&#039;autres informations de secteurs et techniques.\" \/>\n<meta name=\"robots\" content=\"index, follow, max-snippet:-1, max-image-preview:large, max-video-preview:-1\" \/>\n<link rel=\"canonical\" href=\"https:\/\/www.divis.eu\/fr\/conseils-produits-divis-suivi-des-marchandises-par-videotracking\/\" \/>\n<meta property=\"og:locale\" content=\"fr_FR\" \/>\n<meta property=\"og:type\" content=\"article\" \/>\n<meta property=\"og:title\" content=\"Conseils &amp; Infos DIVIS | Suivi des marchandises par vid\u00e9otracking dans la logistique\" \/>\n<meta property=\"og:description\" content=\"Conseils et informations int\u00e9ressants de DIVIS sur nos produits pour le vid\u00e9otracking des marchandises dans la logistique, ainsi que d&#039;autres informations de secteurs et techniques.\" \/>\n<meta property=\"og:url\" content=\"https:\/\/www.divis.eu\/fr\/conseils-produits-divis-suivi-des-marchandises-par-videotracking\/\" \/>\n<meta property=\"og:site_name\" content=\"DIVIS - The intelligent view\" \/>\n<meta property=\"article:modified_time\" content=\"2022-12-06T20:18:29+00:00\" \/>\n<meta property=\"og:image\" content=\"https:\/\/www.divis.eu\/wp-content\/uploads\/2018\/11\/sprechblase-newsletter-abo-fr.png\" \/>\n<meta name=\"twitter:card\" content=\"summary_large_image\" \/>\n<meta name=\"twitter:label1\" content=\"Dur\u00e9e de lecture estim\u00e9e\" \/>\n\t<meta name=\"twitter:data1\" content=\"2 minutes\" \/>\n<script type=\"application\/ld+json\" class=\"yoast-schema-graph\">{\"@context\":\"https:\\\/\\\/schema.org\",\"@graph\":[{\"@type\":\"WebPage\",\"@id\":\"https:\\\/\\\/www.divis.eu\\\/fr\\\/conseils-produits-divis-suivi-des-marchandises-par-videotracking\\\/\",\"url\":\"https:\\\/\\\/www.divis.eu\\\/fr\\\/conseils-produits-divis-suivi-des-marchandises-par-videotracking\\\/\",\"name\":\"Conseils & Infos DIVIS | Suivi des marchandises par vid\u00e9otracking dans la logistique\",\"isPartOf\":{\"@id\":\"https:\\\/\\\/www.divis.eu\\\/#website\"},\"primaryImageOfPage\":{\"@id\":\"https:\\\/\\\/www.divis.eu\\\/fr\\\/conseils-produits-divis-suivi-des-marchandises-par-videotracking\\\/#primaryimage\"},\"image\":{\"@id\":\"https:\\\/\\\/www.divis.eu\\\/fr\\\/conseils-produits-divis-suivi-des-marchandises-par-videotracking\\\/#primaryimage\"},\"thumbnailUrl\":\"https:\\\/\\\/www.divis.eu\\\/wp-content\\\/uploads\\\/2018\\\/11\\\/sprechblase-newsletter-abo-fr.png\",\"datePublished\":\"2018-04-29T17:46:59+00:00\",\"dateModified\":\"2022-12-06T20:18:29+00:00\",\"description\":\"Conseils et informations int\u00e9ressants de DIVIS sur nos produits pour le vid\u00e9otracking des marchandises dans la logistique, ainsi que d'autres informations de secteurs et techniques.\",\"breadcrumb\":{\"@id\":\"https:\\\/\\\/www.divis.eu\\\/fr\\\/conseils-produits-divis-suivi-des-marchandises-par-videotracking\\\/#breadcrumb\"},\"inLanguage\":\"fr-FR\",\"potentialAction\":[{\"@type\":\"ReadAction\",\"target\":[\"https:\\\/\\\/www.divis.eu\\\/fr\\\/conseils-produits-divis-suivi-des-marchandises-par-videotracking\\\/\"]}]},{\"@type\":\"ImageObject\",\"inLanguage\":\"fr-FR\",\"@id\":\"https:\\\/\\\/www.divis.eu\\\/fr\\\/conseils-produits-divis-suivi-des-marchandises-par-videotracking\\\/#primaryimage\",\"url\":\"https:\\\/\\\/www.divis.eu\\\/wp-content\\\/uploads\\\/2018\\\/11\\\/sprechblase-newsletter-abo-fr.png\",\"contentUrl\":\"https:\\\/\\\/www.divis.eu\\\/wp-content\\\/uploads\\\/2018\\\/11\\\/sprechblase-newsletter-abo-fr.png\"},{\"@type\":\"BreadcrumbList\",\"@id\":\"https:\\\/\\\/www.divis.eu\\\/fr\\\/conseils-produits-divis-suivi-des-marchandises-par-videotracking\\\/#breadcrumb\",\"itemListElement\":[{\"@type\":\"ListItem\",\"position\":1,\"name\":\"Startseite\",\"item\":\"https:\\\/\\\/www.divis.eu\\\/fr\\\/\"},{\"@type\":\"ListItem\",\"position\":2,\"name\":\"Conseils produits DIVIS | Suivi des marchandises par vid\u00e9otracking\"}]},{\"@type\":\"WebSite\",\"@id\":\"https:\\\/\\\/www.divis.eu\\\/#website\",\"url\":\"https:\\\/\\\/www.divis.eu\\\/\",\"name\":\"DIVIS - The intelligent view\",\"description\":\"Videosysteml\u00f6sungen f\u00fcr Umschlags- und Warenlager\",\"potentialAction\":[{\"@type\":\"SearchAction\",\"target\":{\"@type\":\"EntryPoint\",\"urlTemplate\":\"https:\\\/\\\/www.divis.eu\\\/?s={search_term_string}\"},\"query-input\":{\"@type\":\"PropertyValueSpecification\",\"valueRequired\":true,\"valueName\":\"search_term_string\"}}],\"inLanguage\":\"fr-FR\"}]}<\/script>\n<!-- \/ Yoast SEO plugin. -->","yoast_head_json":{"title":"Conseils & Infos DIVIS | Suivi des marchandises par vid\u00e9otracking dans la logistique","description":"Conseils et informations int\u00e9ressants de DIVIS sur nos produits pour le vid\u00e9otracking des marchandises dans la logistique, ainsi que d'autres informations de secteurs et techniques.","robots":{"index":"index","follow":"follow","max-snippet":"max-snippet:-1","max-image-preview":"max-image-preview:large","max-video-preview":"max-video-preview:-1"},"canonical":"https:\/\/www.divis.eu\/fr\/conseils-produits-divis-suivi-des-marchandises-par-videotracking\/","og_locale":"fr_FR","og_type":"article","og_title":"Conseils & Infos DIVIS | Suivi des marchandises par vid\u00e9otracking dans la logistique","og_description":"Conseils et informations int\u00e9ressants de DIVIS sur nos produits pour le vid\u00e9otracking des marchandises dans la logistique, ainsi que d'autres informations de secteurs et techniques.","og_url":"https:\/\/www.divis.eu\/fr\/conseils-produits-divis-suivi-des-marchandises-par-videotracking\/","og_site_name":"DIVIS - The intelligent view","article_modified_time":"2022-12-06T20:18:29+00:00","og_image":[{"url":"https:\/\/www.divis.eu\/wp-content\/uploads\/2018\/11\/sprechblase-newsletter-abo-fr.png","type":"","width":"","height":""}],"twitter_card":"summary_large_image","twitter_misc":{"Dur\u00e9e de lecture estim\u00e9e":"2 minutes"},"schema":{"@context":"https:\/\/schema.org","@graph":[{"@type":"WebPage","@id":"https:\/\/www.divis.eu\/fr\/conseils-produits-divis-suivi-des-marchandises-par-videotracking\/","url":"https:\/\/www.divis.eu\/fr\/conseils-produits-divis-suivi-des-marchandises-par-videotracking\/","name":"Conseils & Infos DIVIS | Suivi des marchandises par vid\u00e9otracking dans la logistique","isPartOf":{"@id":"https:\/\/www.divis.eu\/#website"},"primaryImageOfPage":{"@id":"https:\/\/www.divis.eu\/fr\/conseils-produits-divis-suivi-des-marchandises-par-videotracking\/#primaryimage"},"image":{"@id":"https:\/\/www.divis.eu\/fr\/conseils-produits-divis-suivi-des-marchandises-par-videotracking\/#primaryimage"},"thumbnailUrl":"https:\/\/www.divis.eu\/wp-content\/uploads\/2018\/11\/sprechblase-newsletter-abo-fr.png","datePublished":"2018-04-29T17:46:59+00:00","dateModified":"2022-12-06T20:18:29+00:00","description":"Conseils et informations int\u00e9ressants de DIVIS sur nos produits pour le vid\u00e9otracking des marchandises dans la logistique, ainsi que d'autres informations de secteurs et techniques.","breadcrumb":{"@id":"https:\/\/www.divis.eu\/fr\/conseils-produits-divis-suivi-des-marchandises-par-videotracking\/#breadcrumb"},"inLanguage":"fr-FR","potentialAction":[{"@type":"ReadAction","target":["https:\/\/www.divis.eu\/fr\/conseils-produits-divis-suivi-des-marchandises-par-videotracking\/"]}]},{"@type":"ImageObject","inLanguage":"fr-FR","@id":"https:\/\/www.divis.eu\/fr\/conseils-produits-divis-suivi-des-marchandises-par-videotracking\/#primaryimage","url":"https:\/\/www.divis.eu\/wp-content\/uploads\/2018\/11\/sprechblase-newsletter-abo-fr.png","contentUrl":"https:\/\/www.divis.eu\/wp-content\/uploads\/2018\/11\/sprechblase-newsletter-abo-fr.png"},{"@type":"BreadcrumbList","@id":"https:\/\/www.divis.eu\/fr\/conseils-produits-divis-suivi-des-marchandises-par-videotracking\/#breadcrumb","itemListElement":[{"@type":"ListItem","position":1,"name":"Startseite","item":"https:\/\/www.divis.eu\/fr\/"},{"@type":"ListItem","position":2,"name":"Conseils produits DIVIS | Suivi des marchandises par vid\u00e9otracking"}]},{"@type":"WebSite","@id":"https:\/\/www.divis.eu\/#website","url":"https:\/\/www.divis.eu\/","name":"DIVIS - The intelligent view","description":"Videosysteml\u00f6sungen f\u00fcr Umschlags- und Warenlager","potentialAction":[{"@type":"SearchAction","target":{"@type":"EntryPoint","urlTemplate":"https:\/\/www.divis.eu\/?s={search_term_string}"},"query-input":{"@type":"PropertyValueSpecification","valueRequired":true,"valueName":"search_term_string"}}],"inLanguage":"fr-FR"}]}},"_links":{"self":[{"href":"https:\/\/www.divis.eu\/fr\/wp-json\/wp\/v2\/pages\/12521","targetHints":{"allow":["GET"]}}],"collection":[{"href":"https:\/\/www.divis.eu\/fr\/wp-json\/wp\/v2\/pages"}],"about":[{"href":"https:\/\/www.divis.eu\/fr\/wp-json\/wp\/v2\/types\/page"}],"author":[{"embeddable":true,"href":"https:\/\/www.divis.eu\/fr\/wp-json\/wp\/v2\/users\/1"}],"replies":[{"embeddable":true,"href":"https:\/\/www.divis.eu\/fr\/wp-json\/wp\/v2\/comments?post=12521"}],"version-history":[{"count":0,"href":"https:\/\/www.divis.eu\/fr\/wp-json\/wp\/v2\/pages\/12521\/revisions"}],"wp:attachment":[{"href":"https:\/\/www.divis.eu\/fr\/wp-json\/wp\/v2\/media?parent=12521"}],"curies":[{"name":"wp","href":"https:\/\/api.w.org\/{rel}","templated":true}]}}