{"id":12525,"date":"2018-04-29T19:28:50","date_gmt":"2018-04-29T19:28:50","guid":{"rendered":"https:\/\/www.divis.eu\/bildgesteuertes-warentracking\/"},"modified":"2022-07-12T08:14:41","modified_gmt":"2022-07-12T08:14:41","slug":"informations-generales-divis-suivi-des-marchandises-guide-par-images","status":"publish","type":"page","link":"https:\/\/www.divis.eu\/fr\/informations-generales-divis-suivi-des-marchandises-guide-par-images\/","title":{"rendered":"Informations g\u00e9n\u00e9rales DIVIS | Suivi des marchandises guid\u00e9 par images"},"content":{"rendered":"\n<h3>\n\t\tDIVIS\n\t<\/h3>\n<h2>\n\t\tConseils &amp; infos\n\t<\/h2>\n\t\t\t\t<a href=\"https:\/\/www.divis.eu\/fr\/inscription-a-la-newsletter-optimisation-des-processus-dans-lentrepot\/\" target=\"_self\" itemprop=\"url\" rel=\"noopener\">\n\t\t\t\t<img decoding=\"async\" src=\"https:\/\/www.divis.eu\/wp-content\/uploads\/2018\/11\/sprechblase-newsletter-abo-fr.png\" alt=\"Videomanagement-Software Logistik DIVIS\" title=\"sprechblase-newsletter-abo-fr\" itemprop=\"image\">\n\t\t\t\t\t\t<\/a>\n\t\t\t\t\t<ul id=\"menu-fr-tipps-infos\"><li id=\"menu-item-12529\"><a href=\"https:\/\/www.divis.eu\/fr\/divis-news-vue-densemble-suivi-des-envois-par-camera-en-logistique\/\">Nouvelles DIVIS<\/a><\/li>\n<li id=\"menu-item-12530\"><a href=\"https:\/\/www.divis.eu\/fr\/conseils-produits-divis-suivi-des-marchandises-par-videotracking\/\">Conseils produits<\/a><\/li>\n<li id=\"menu-item-12531\"><a href=\"https:\/\/www.divis.eu\/fr\/informations-generales-divis-suivi-des-marchandises-guide-par-images\/\">Informations g\u00e9n\u00e9rales<\/a><\/li>\n<\/ul>\t\n\t<h1>\n\t\tInformations g\u00e9n\u00e9rales et conseils de DIVIS\n\t<\/h1>\n\t\t\t\t\t\t\t\t\t\t\t\t\t\t<a href=\"https:\/\/www.divis.eu\/fr\/divis-mit-crefozert-ausgezeichnet\/\" target=\"_self\" title=\"CrefoZert : Creditreform atteste la solvabilit\u00e9 exceptionnelle de DIVIS\" rel=\"noopener\">\n\t\t\t\t<img decoding=\"async\" src=\"https:\/\/www.divis.eu\/wp-content\/uploads\/2022\/04\/Vorschaubild_Website.jpg\" alt=\"\">\n\t\t\t\t<\/a>\n\t\t\t\t\t\t<h2>\n\t\t\t\t\t\t\t\tavril\t\t\t\t\t\t\t\t\n\t\t\t\t\t\t\t\t20\n\t\t\t\t\t\t\t\t2022\n\t\t\t\t\t\t<\/h2>\n\t\t\t\t\t\t<h4>\n\t\t\t\t<a href=\"https:\/\/www.divis.eu\/fr\/divis-mit-crefozert-ausgezeichnet\/\" title=\"CrefoZert : Creditreform atteste la solvabilit\u00e9 exceptionnelle de DIVIS\" tabindex=\"0\">CrefoZert : Creditreform atteste la solvabilit\u00e9 exceptionnelle de DIVIS<\/a>\t\t\t<\/h4>\n\t\t\t\t\t\t\t\tDIVIS obtient le CrefoZert pour une excellente solvabilit\u00e9, un comportement commercial irr\u00e9prochable et un pronostic positif pour l&rsquo;avenir.\n\t\t\t<a href=\"https:\/\/www.divis.eu\/fr\/divis-mit-crefozert-ausgezeichnet\/\" target=\"_self\" role=\"button\" aria-label=\"Plus\" rel=\"noopener\">\n\t\t\t\t\t\t\tPlus\n\t\t<\/a>\n\t\t\t\t\t\t\t\t\t\t\t\t\t\t<a href=\"https:\/\/www.divis.eu\/fr\/cinq-etapes-pour-choisir-le-systeme-video-le-mieux-adapte-a-votre-entrepot-logistique\/\" target=\"_self\" title=\"Cinq \u00e9tapes pour choisir le syst\u00e8me vid\u00e9o le mieux adapt\u00e9 \u00e0 votre entrep\u00f4t logistique\" rel=\"noopener\">\n\t\t\t\t<img decoding=\"async\" src=\"https:\/\/www.divis.eu\/wp-content\/uploads\/2021\/08\/videoloesung-featured-fr.gif\" alt=\"Pour trouver le bon solution video | DIVIS\">\n\t\t\t\t<\/a>\n\t\t\t\t\t\t<h2>\n\t\t\t\t\t\t\t\tao\u00fbt\t\t\t\t\t\t\t\t\n\t\t\t\t\t\t\t\t1\n\t\t\t\t\t\t\t\t2021\n\t\t\t\t\t\t<\/h2>\n\t\t\t\t\t\t<h4>\n\t\t\t\t<a href=\"https:\/\/www.divis.eu\/fr\/cinq-etapes-pour-choisir-le-systeme-video-le-mieux-adapte-a-votre-entrepot-logistique\/\" title=\"Cinq \u00e9tapes pour choisir le syst\u00e8me vid\u00e9o le mieux adapt\u00e9 \u00e0 votre entrep\u00f4t logistique\" tabindex=\"0\">Cinq \u00e9tapes pour choisir le syst\u00e8me vid\u00e9o le mieux adapt\u00e9 \u00e0 votre entrep\u00f4t logistique<\/a>\t\t\t<\/h4>\n\t\t\t\t\t\t\t\tNotre guide pour votre recherche du syst\u00e8me vid\u00e9o adapt\u00e9 \u00e0 votre entrep\u00f4t logistique vous conduit \u00e0 votre objectif en cinq \u00e9tapes : D\u00e9finir les objectifs, fixer la gamme de fonctions souhait\u00e9es, comparer les solutions, respecter la protection des donn\u00e9es, planifier la mise en \u0153uvre. Avec notre article, vous posez les bonnes questions et notre liste de contr\u00f4le vous permet de comparer plus facilement.\n\t\t\t<a href=\"https:\/\/www.divis.eu\/fr\/cinq-etapes-pour-choisir-le-systeme-video-le-mieux-adapte-a-votre-entrepot-logistique\/\" target=\"_self\" role=\"button\" aria-label=\"Plus\" rel=\"noopener\">\n\t\t\t\t\t\t\tPlus\n\t\t<\/a>\n\t\t\t\t\t\t\t\t\t\t\t\t\t\t<a href=\"https:\/\/www.divis.eu\/fr\/supervision-coloree-pour-votre-tms-avec-picture\/\" target=\"_self\" title=\"Supervision color\u00e9e pour votre TMS avec Picture+\" rel=\"noopener\">\n\t\t\t\t<img decoding=\"async\" src=\"https:\/\/www.divis.eu\/wp-content\/uploads\/2021\/07\/pictureplus-featured-1.jpg\" alt=\"Einzelne Videobilder aus CargoVIS auf beliebigen Ger\u00e4ten anzeigen mit Picture+ \">\n\t\t\t\t<\/a>\n\t\t\t\t\t\t<h2>\n\t\t\t\t\t\t\t\tjuillet\t\t\t\t\t\t\t\t\n\t\t\t\t\t\t\t\t6\n\t\t\t\t\t\t\t\t2021\n\t\t\t\t\t\t<\/h2>\n\t\t\t\t\t\t<h4>\n\t\t\t\t<a href=\"https:\/\/www.divis.eu\/fr\/supervision-coloree-pour-votre-tms-avec-picture\/\" title=\"Supervision color\u00e9e pour votre TMS avec Picture+\" tabindex=\"0\">Supervision color\u00e9e pour votre TMS avec Picture<sup>+<\/sup><\/a>\t\t\t<\/h4>\n\t\t\t\t\t\t\t\tAvec le module suppl\u00e9mentaire Picture<sup>+<\/sup>, les images fixes individuelles de CargoVIS peuvent \u00eatre mises \u00e0 la disposition de l&rsquo;ensemble de l&rsquo;entreprise sur diff\u00e9rents terminaux, selon les besoins, et dans certaines applications, \u00e9galement automatiquement. \n\t\t\t<a href=\"https:\/\/www.divis.eu\/fr\/supervision-coloree-pour-votre-tms-avec-picture\/\" target=\"_self\" role=\"button\" aria-label=\"Plus\" rel=\"noopener\">\n\t\t\t\t\t\t\tPlus\n\t\t<\/a>\n\t\t\t\t\t\t\t\t\t\t\t\t\t\t<a href=\"https:\/\/www.divis.eu\/fr\/reconnaissance-de-plaque-dimmatriculation-avec-license-plate\/\" target=\"_self\" title=\"Reconnaissance de plaque d\u2019immatriculation avec License Plate  + \" rel=\"noopener\">\n\t\t\t\t<img decoding=\"async\" src=\"https:\/\/www.divis.eu\/wp-content\/uploads\/2021\/06\/Gesamtansicht_FR-1.jpg\" alt=\"\">\n\t\t\t\t<\/a>\n\t\t\t\t\t\t<h2>\n\t\t\t\t\t\t\t\tjuin\t\t\t\t\t\t\t\t\n\t\t\t\t\t\t\t\t8\n\t\t\t\t\t\t\t\t2021\n\t\t\t\t\t\t<\/h2>\n\t\t\t\t\t\t<h4>\n\t\t\t\t<a href=\"https:\/\/www.divis.eu\/fr\/reconnaissance-de-plaque-dimmatriculation-avec-license-plate\/\" title=\"Reconnaissance de plaque d\u2019immatriculation avec License Plate  + \" tabindex=\"0\">Reconnaissance de plaque d\u2019immatriculation avec License Plate <sup> + <\/sup><\/a>\t\t\t<\/h4>\n\t\t\t\t\t\t\t\tLicense Plate<sup>+<\/sup>pour la reconnaissance des plaques d&rsquo;immatriculation avec commande automatique des barri\u00e8res permet un traitement plus efficace \u00e0 l&rsquo;entr\u00e9e. De cette mani\u00e8re, les processus peuvent \u00eatre automatis\u00e9s, les employ\u00e9s peuvent \u00eatre d\u00e9charg\u00e9s de t\u00e2ches et les entr\u00e9es et sorties peuvent \u00eatre acc\u00e9l\u00e9r\u00e9es m\u00eame aux heures de pointe. En savoir davantage sur notre fonction plus<sup>+<\/sup>. \n\t\t\t<a href=\"https:\/\/www.divis.eu\/fr\/reconnaissance-de-plaque-dimmatriculation-avec-license-plate\/\" target=\"_self\" role=\"button\" aria-label=\"Plus\" rel=\"noopener\">\n\t\t\t\t\t\t\tPlus\n\t\t<\/a>\n\t\t\t\t\t\t\t\t\t\t\t\t\t\t<a href=\"https:\/\/www.divis.eu\/fr\/divis-mise-sur-la-technologie-de-geolocalisation-ble-sans-balises-de-quuppa\/\" target=\"_self\" title=\"DIVIS mise sur la technologie de g\u00e9olocalisation Bluetooth LE sans balises de Quuppa\" rel=\"noopener\">\n\t\t\t\t<img decoding=\"async\" src=\"https:\/\/www.divis.eu\/wp-content\/uploads\/2021\/05\/divis-quuppa-featured-fr.jpg\" alt=\"DIVIS | Quuppa | Partenariats\">\n\t\t\t\t<\/a>\n\t\t\t\t\t\t<h2>\n\t\t\t\t\t\t\t\tmai\t\t\t\t\t\t\t\t\n\t\t\t\t\t\t\t\t25\n\t\t\t\t\t\t\t\t2021\n\t\t\t\t\t\t<\/h2>\n\t\t\t\t\t\t<h4>\n\t\t\t\t<a href=\"https:\/\/www.divis.eu\/fr\/divis-mise-sur-la-technologie-de-geolocalisation-ble-sans-balises-de-quuppa\/\" title=\"DIVIS mise sur la technologie de g\u00e9olocalisation Bluetooth LE sans balises de Quuppa\" tabindex=\"0\">DIVIS mise sur la technologie de g\u00e9olocalisation Bluetooth LE sans balises de Quuppa<\/a>\t\t\t<\/h4>\n\t\t\t\t\t\t\t\tAvec Quuppa, nous avons r\u00e9cemment trouv\u00e9 un partenaire de coop\u00e9ration qui r\u00e9pond aux exigences du portefeuille DIVIS. En plus de l&rsquo;UWB (=Ultra Wideband), DIVIS offre d\u00e9sormais une technologie de tout premier plan pour la g\u00e9olocalisation des scanners avec Location+ gr\u00e2ce \u00e0 la g\u00e9olocalisation sans balises Bluetooth Low Energy (BLE, Bluetooth LE) de Quuppa.\n\t\t\t<a href=\"https:\/\/www.divis.eu\/fr\/divis-mise-sur-la-technologie-de-geolocalisation-ble-sans-balises-de-quuppa\/\" target=\"_self\" role=\"button\" aria-label=\"Plus\" rel=\"noopener\">\n\t\t\t\t\t\t\tPlus\n\t\t<\/a>\n\t\t\t\t\t\t\t\t\t\t\t\t\t\t<a href=\"https:\/\/www.divis.eu\/fr\/divis-elargit-son-portefeuille-avec-bluetooth-low-energy-sans-balises\/\" target=\"_self\" title=\"DIVIS \u00e9largit son portefeuille avec Bluetooth Low Energy sans balises\" rel=\"noopener\">\n\t\t\t\t<img decoding=\"async\" src=\"https:\/\/www.divis.eu\/wp-content\/uploads\/2021\/05\/divis-quuppa-ble-featured-en-1.jpg\" alt=\"DIVIS | Quuppa | BLE\">\n\t\t\t\t<\/a>\n\t\t\t\t\t\t<h2>\n\t\t\t\t\t\t\t\tmai\t\t\t\t\t\t\t\t\n\t\t\t\t\t\t\t\t8\n\t\t\t\t\t\t\t\t2021\n\t\t\t\t\t\t<\/h2>\n\t\t\t\t\t\t<h4>\n\t\t\t\t<a href=\"https:\/\/www.divis.eu\/fr\/divis-elargit-son-portefeuille-avec-bluetooth-low-energy-sans-balises\/\" title=\"DIVIS \u00e9largit son portefeuille avec Bluetooth Low Energy sans balises\" tabindex=\"0\">DIVIS \u00e9largit son portefeuille avec Bluetooth Low Energy sans balises<\/a>\t\t\t<\/h4>\n\t\t\t\t\t\t\t\tNotre module logiciel Location<sup>+<\/sup> permet de vous proposer d\u00e9sormais la localisation par Bluetooth Low Energy (BLE). En plus de l&rsquo;ultra wide band (UWB), les clients de DIVIS disposent ainsi d&rsquo;une option suppl\u00e9mentaire pour la localisation des scanners et des moyens de transport dans le hall logistique.\n\t\t\t<a href=\"https:\/\/www.divis.eu\/fr\/divis-elargit-son-portefeuille-avec-bluetooth-low-energy-sans-balises\/\" target=\"_self\" role=\"button\" aria-label=\"Plus\" rel=\"noopener\">\n\t\t\t\t\t\t\tPlus\n\t\t<\/a>\n\t\t\t\t\t\t\t\t\t\t\t\t\t\t<a href=\"https:\/\/www.divis.eu\/fr\/nous-sommes-partenaire-de-hanwha-diamond-nos-clients-en-beneficient\/\" target=\"_self\" title=\"Nous sommes partenaire de Hanwha Diamond, nos clients en b\u00e9n\u00e9ficient\" rel=\"noopener\">\n\t\t\t\t<img decoding=\"async\" src=\"https:\/\/www.divis.eu\/wp-content\/uploads\/2021\/02\/divis-partner-hanwha-fr-featured-1.jpg\" alt=\"DIVIS est partenaire de Hanwha Diamond\">\n\t\t\t\t<\/a>\n\t\t\t\t\t\t<h2>\n\t\t\t\t\t\t\t\tf\u00e9vrier\t\t\t\t\t\t\t\t\n\t\t\t\t\t\t\t\t17\n\t\t\t\t\t\t\t\t2021\n\t\t\t\t\t\t<\/h2>\n\t\t\t\t\t\t<h4>\n\t\t\t\t<a href=\"https:\/\/www.divis.eu\/fr\/nous-sommes-partenaire-de-hanwha-diamond-nos-clients-en-beneficient\/\" title=\"Nous sommes partenaire de Hanwha Diamond, nos clients en b\u00e9n\u00e9ficient\" tabindex=\"0\">Nous sommes partenaire de Hanwha Diamond, nos clients en b\u00e9n\u00e9ficient<\/a>\t\t\t<\/h4>\n\t\t\t\t\t\t\t\tNous sommes partenaire de Hanwha Diamond, et non sans raison ! Les standards de qualit\u00e9 des produits et d&rsquo;innovation des deux entreprises convergent, les logiciels DIVIS et le mat\u00e9riel Hanwha se compl\u00e8tent ainsi id\u00e9alement.\n\t\t\t<a href=\"https:\/\/www.divis.eu\/fr\/nous-sommes-partenaire-de-hanwha-diamond-nos-clients-en-beneficient\/\" target=\"_self\" role=\"button\" aria-label=\"Plus\" rel=\"noopener\">\n\t\t\t\t\t\t\tPlus\n\t\t<\/a>\n\t\t\t\t\t\t\t\t\t\t\t\t\t\t<a href=\"https:\/\/www.divis.eu\/fr\/la-pandemie-de-covid-19-booste-la-digitalisation-chez-les-prestataires-de-services-de-transport\/\" target=\"_self\" title=\"La pand\u00e9mie de Covid-19 booste la digitalisation chez les prestataires de services de transport\" rel=\"noopener\">\n\t\t\t\t<img decoding=\"async\" src=\"https:\/\/www.divis.eu\/wp-content\/uploads\/2020\/10\/corona-artikel2-featured-FR.gif\" alt=\"\">\n\t\t\t\t<\/a>\n\t\t\t\t\t\t<h2>\n\t\t\t\t\t\t\t\toctobre\t\t\t\t\t\t\t\t\n\t\t\t\t\t\t\t\t1\n\t\t\t\t\t\t\t\t2020\n\t\t\t\t\t\t<\/h2>\n\t\t\t\t\t\t<h4>\n\t\t\t\t<a href=\"https:\/\/www.divis.eu\/fr\/la-pandemie-de-covid-19-booste-la-digitalisation-chez-les-prestataires-de-services-de-transport\/\" title=\"La pand\u00e9mie de Covid-19 booste la digitalisation chez les prestataires de services de transport\" tabindex=\"0\">La pand\u00e9mie de Covid-19 booste la digitalisation chez les prestataires de services de transport<\/a>\t\t\t<\/h4>\n\t\t\t\t\t\t\t\tLa crise de la Covid -19 booste l&rsquo;utilisation des solutions num\u00e9riques par les entreprises de logistique dans la comp\u00e9tition pour les partenariats de commerce \u00e9lectronique. Lisez cet article pour d\u00e9couvrir ce qui sera important pour les fournisseurs de transport \u00e0 l&rsquo;avenir.\n\t\t\t<a href=\"https:\/\/www.divis.eu\/fr\/la-pandemie-de-covid-19-booste-la-digitalisation-chez-les-prestataires-de-services-de-transport\/\" target=\"_self\" role=\"button\" aria-label=\"Plus\" rel=\"noopener\">\n\t\t\t\t\t\t\tPlus\n\t\t<\/a>\n\t\t\t<ul class=\"page-numbers\">\n\t<li>1<\/li>\n\t<li><a href=\"https:\/\/www.divis.eu\/fr\/page\/2\/?page_id=12525&amp;fl_builder\">2<\/a><\/li>\n\t<li><a href=\"https:\/\/www.divis.eu\/fr\/page\/3\/?page_id=12525&amp;fl_builder\">3<\/a><\/li>\n\t<li><a href=\"https:\/\/www.divis.eu\/fr\/page\/4\/?page_id=12525&amp;fl_builder\">4<\/a><\/li>\n\t<li><a href=\"https:\/\/www.divis.eu\/fr\/page\/2\/?page_id=12525&amp;fl_builder\">Suivant&nbsp;\u00bb<\/a><\/li>\n<\/ul>\n\t\t\t\t<img decoding=\"async\" src=\"https:\/\/www.divis.eu\/wp-content\/uploads\/2018\/01\/kundenlogo-CTL-1.png\" alt=\"CTL | DIVIS Kunde\" itemprop=\"image\" height=\"51\" width=\"120\" title=\"kundenlogo-CTL\" onerror=\"this.style.display='none'\">\n\t\t\t\t<img decoding=\"async\" src=\"https:\/\/www.divis.eu\/wp-content\/uploads\/2018\/01\/kundenlogo-dpd.png\" alt=\"kundenlogo-dpd\" itemprop=\"image\" height=\"51\" width=\"120\" title=\"kundenlogo-dpd\" onerror=\"this.style.display='none'\">\n\t\t\t\t<img decoding=\"async\" src=\"https:\/\/www.divis.eu\/wp-content\/uploads\/2018\/01\/kundenlogo-emons.png\" alt=\"Emons | DIVIS-Kunde\" itemprop=\"image\" height=\"51\" width=\"120\" title=\"kundenlogo-emons\" onerror=\"this.style.display='none'\">\n\t\t\t\t<img decoding=\"async\" src=\"https:\/\/www.divis.eu\/wp-content\/uploads\/2018\/01\/kundenlogo-online.png\" alt=\"kundenlogo-online\" itemprop=\"image\" height=\"51\" width=\"120\" title=\"kundenlogo-online\" onerror=\"this.style.display='none'\">\n\t\t\t\t<img decoding=\"async\" src=\"https:\/\/www.divis.eu\/wp-content\/uploads\/2018\/01\/kundenlogo-rhenus.png\" alt=\"Rhenus Logistics | DIVIS-Kunde\" title=\"kundenlogo-rhenus\" itemprop=\"image\">\n\t\t\t\t<img decoding=\"async\" src=\"https:\/\/www.divis.eu\/wp-content\/uploads\/2018\/01\/kundenlogo-tsb.png\" alt=\"kundenlogo-tsb\" itemprop=\"image\" height=\"51\" width=\"120\" title=\"kundenlogo-tsb\" onerror=\"this.style.display='none'\">\n\t\t\t\t<img decoding=\"async\" src=\"https:\/\/www.divis.eu\/wp-content\/uploads\/2018\/01\/kundenlogo-gebrueder-weiss.png\" alt=\"Gebr\u00fcder Weiss | DIVIS-Kunde\" itemprop=\"image\" height=\"51\" width=\"150\" title=\"kundenlogo-gebrueder-weiss\" onerror=\"this.style.display='none'\">\n\t\t\t\t<img decoding=\"async\" src=\"https:\/\/www.divis.eu\/wp-content\/uploads\/2018\/01\/kundenlogo-tchibo.png\" alt=\"Tchibo | DIVIS-Kunde\" title=\"kundenlogo-tchibo\" itemprop=\"image\">\n\t\t\t\t<img decoding=\"async\" src=\"https:\/\/www.divis.eu\/wp-content\/uploads\/2018\/01\/kundenlogo-24plus.png\" alt=\"kundenlogo-24plus\" itemprop=\"image\" height=\"51\" width=\"120\" title=\"kundenlogo-24plus\" onerror=\"this.style.display='none'\">\n\t\t\t\t<img decoding=\"async\" src=\"https:\/\/www.divis.eu\/wp-content\/uploads\/2018\/01\/kundenlogo-transoflex-3.png\" alt=\"kundenlogo-transoflex\" title=\"kundenlogo-transoflex\" itemprop=\"image\">\n\t\t\t\t<img decoding=\"async\" src=\"https:\/\/www.divis.eu\/wp-content\/uploads\/2018\/01\/kundenlogo-geis.png\" alt=\"Spedition Geis | DIVIS-Kunde\" title=\"kundenlogo-geis\" itemprop=\"image\">\n\t\t\t\t<img decoding=\"async\" src=\"https:\/\/www.divis.eu\/wp-content\/uploads\/2018\/01\/kundenlogo-zufall.png\" alt=\"kundenlogo-zufall\" itemprop=\"image\" height=\"51\" width=\"120\" title=\"kundenlogo-zufall\" onerror=\"this.style.display='none'\">\n","protected":false},"excerpt":{"rendered":"<p>DIVIS Conseils &amp; infos Nouvelles DIVIS Conseils produits Informations g\u00e9n\u00e9rales Informations g\u00e9n\u00e9rales et conseils de DIVIS avril 20 2022 CrefoZert : Creditreform atteste la solvabilit\u00e9 exceptionnelle de DIVIS DIVIS obtient le CrefoZert pour une excellente solvabilit\u00e9, un comportement commercial irr\u00e9prochable et un pronostic positif pour l&rsquo;avenir. Plus ao\u00fbt 1 2021 Cinq \u00e9tapes pour choisir le&hellip;<\/p>\n","protected":false},"author":1,"featured_media":0,"parent":0,"menu_order":0,"comment_status":"closed","ping_status":"closed","template":"","meta":{"footnotes":""},"class_list":["post-12525","page","type-page","status-publish","hentry"],"yoast_head":"<!-- This site is optimized with the Yoast SEO plugin v27.5 - https:\/\/yoast.com\/product\/yoast-seo-wordpress\/ -->\n<title>Conseils &amp; Infos DIVIS | Suivi des marchandises guid\u00e9 par images dans la logistique<\/title>\n<meta name=\"description\" content=\"Astuces et informations int\u00e9ressantes de DIVIS pour le suivi des marchandises guid\u00e9 par images dans la logistique, ainsi que d&#039;autres informations de secteurs et techniques.\" \/>\n<meta name=\"robots\" content=\"index, follow, max-snippet:-1, max-image-preview:large, max-video-preview:-1\" \/>\n<link rel=\"canonical\" href=\"https:\/\/www.divis.eu\/fr\/informations-generales-divis-suivi-des-marchandises-guide-par-images\/\" \/>\n<meta property=\"og:locale\" content=\"fr_FR\" \/>\n<meta property=\"og:type\" content=\"article\" \/>\n<meta property=\"og:title\" content=\"Conseils &amp; Infos DIVIS | Suivi des marchandises guid\u00e9 par images dans la logistique\" \/>\n<meta property=\"og:description\" content=\"Astuces et informations int\u00e9ressantes de DIVIS pour le suivi des marchandises guid\u00e9 par images dans la logistique, ainsi que d&#039;autres informations de secteurs et techniques.\" \/>\n<meta property=\"og:url\" content=\"https:\/\/www.divis.eu\/fr\/informations-generales-divis-suivi-des-marchandises-guide-par-images\/\" \/>\n<meta property=\"og:site_name\" content=\"DIVIS - The intelligent view\" \/>\n<meta property=\"article:modified_time\" content=\"2022-07-12T08:14:41+00:00\" \/>\n<meta property=\"og:image\" content=\"https:\/\/www.divis.eu\/wp-content\/uploads\/2018\/11\/sprechblase-newsletter-abo-fr.png\" \/>\n<meta name=\"twitter:card\" content=\"summary_large_image\" \/>\n<meta name=\"twitter:label1\" content=\"Dur\u00e9e de lecture estim\u00e9e\" \/>\n\t<meta name=\"twitter:data1\" content=\"7 minutes\" \/>\n<script type=\"application\/ld+json\" class=\"yoast-schema-graph\">{\"@context\":\"https:\\\/\\\/schema.org\",\"@graph\":[{\"@type\":\"WebPage\",\"@id\":\"https:\\\/\\\/www.divis.eu\\\/fr\\\/informations-generales-divis-suivi-des-marchandises-guide-par-images\\\/\",\"url\":\"https:\\\/\\\/www.divis.eu\\\/fr\\\/informations-generales-divis-suivi-des-marchandises-guide-par-images\\\/\",\"name\":\"Conseils & Infos DIVIS | Suivi des marchandises guid\u00e9 par images dans la logistique\",\"isPartOf\":{\"@id\":\"https:\\\/\\\/www.divis.eu\\\/#website\"},\"primaryImageOfPage\":{\"@id\":\"https:\\\/\\\/www.divis.eu\\\/fr\\\/informations-generales-divis-suivi-des-marchandises-guide-par-images\\\/#primaryimage\"},\"image\":{\"@id\":\"https:\\\/\\\/www.divis.eu\\\/fr\\\/informations-generales-divis-suivi-des-marchandises-guide-par-images\\\/#primaryimage\"},\"thumbnailUrl\":\"https:\\\/\\\/www.divis.eu\\\/wp-content\\\/uploads\\\/2018\\\/11\\\/sprechblase-newsletter-abo-fr.png\",\"datePublished\":\"2018-04-29T19:28:50+00:00\",\"dateModified\":\"2022-07-12T08:14:41+00:00\",\"description\":\"Astuces et informations int\u00e9ressantes de DIVIS pour le suivi des marchandises guid\u00e9 par images dans la logistique, ainsi que d'autres informations de secteurs et techniques.\",\"breadcrumb\":{\"@id\":\"https:\\\/\\\/www.divis.eu\\\/fr\\\/informations-generales-divis-suivi-des-marchandises-guide-par-images\\\/#breadcrumb\"},\"inLanguage\":\"fr-FR\",\"potentialAction\":[{\"@type\":\"ReadAction\",\"target\":[\"https:\\\/\\\/www.divis.eu\\\/fr\\\/informations-generales-divis-suivi-des-marchandises-guide-par-images\\\/\"]}]},{\"@type\":\"ImageObject\",\"inLanguage\":\"fr-FR\",\"@id\":\"https:\\\/\\\/www.divis.eu\\\/fr\\\/informations-generales-divis-suivi-des-marchandises-guide-par-images\\\/#primaryimage\",\"url\":\"https:\\\/\\\/www.divis.eu\\\/wp-content\\\/uploads\\\/2018\\\/11\\\/sprechblase-newsletter-abo-fr.png\",\"contentUrl\":\"https:\\\/\\\/www.divis.eu\\\/wp-content\\\/uploads\\\/2018\\\/11\\\/sprechblase-newsletter-abo-fr.png\"},{\"@type\":\"BreadcrumbList\",\"@id\":\"https:\\\/\\\/www.divis.eu\\\/fr\\\/informations-generales-divis-suivi-des-marchandises-guide-par-images\\\/#breadcrumb\",\"itemListElement\":[{\"@type\":\"ListItem\",\"position\":1,\"name\":\"Startseite\",\"item\":\"https:\\\/\\\/www.divis.eu\\\/fr\\\/\"},{\"@type\":\"ListItem\",\"position\":2,\"name\":\"Informations g\u00e9n\u00e9rales DIVIS | Suivi des marchandises guid\u00e9 par images\"}]},{\"@type\":\"WebSite\",\"@id\":\"https:\\\/\\\/www.divis.eu\\\/#website\",\"url\":\"https:\\\/\\\/www.divis.eu\\\/\",\"name\":\"DIVIS - The intelligent view\",\"description\":\"Videosysteml\u00f6sungen f\u00fcr Umschlags- und Warenlager\",\"potentialAction\":[{\"@type\":\"SearchAction\",\"target\":{\"@type\":\"EntryPoint\",\"urlTemplate\":\"https:\\\/\\\/www.divis.eu\\\/?s={search_term_string}\"},\"query-input\":{\"@type\":\"PropertyValueSpecification\",\"valueRequired\":true,\"valueName\":\"search_term_string\"}}],\"inLanguage\":\"fr-FR\"}]}<\/script>\n<!-- \/ Yoast SEO plugin. -->","yoast_head_json":{"title":"Conseils & Infos DIVIS | Suivi des marchandises guid\u00e9 par images dans la logistique","description":"Astuces et informations int\u00e9ressantes de DIVIS pour le suivi des marchandises guid\u00e9 par images dans la logistique, ainsi que d'autres informations de secteurs et techniques.","robots":{"index":"index","follow":"follow","max-snippet":"max-snippet:-1","max-image-preview":"max-image-preview:large","max-video-preview":"max-video-preview:-1"},"canonical":"https:\/\/www.divis.eu\/fr\/informations-generales-divis-suivi-des-marchandises-guide-par-images\/","og_locale":"fr_FR","og_type":"article","og_title":"Conseils & Infos DIVIS | Suivi des marchandises guid\u00e9 par images dans la logistique","og_description":"Astuces et informations int\u00e9ressantes de DIVIS pour le suivi des marchandises guid\u00e9 par images dans la logistique, ainsi que d'autres informations de secteurs et techniques.","og_url":"https:\/\/www.divis.eu\/fr\/informations-generales-divis-suivi-des-marchandises-guide-par-images\/","og_site_name":"DIVIS - The intelligent view","article_modified_time":"2022-07-12T08:14:41+00:00","og_image":[{"url":"https:\/\/www.divis.eu\/wp-content\/uploads\/2018\/11\/sprechblase-newsletter-abo-fr.png","type":"","width":"","height":""}],"twitter_card":"summary_large_image","twitter_misc":{"Dur\u00e9e de lecture estim\u00e9e":"7 minutes"},"schema":{"@context":"https:\/\/schema.org","@graph":[{"@type":"WebPage","@id":"https:\/\/www.divis.eu\/fr\/informations-generales-divis-suivi-des-marchandises-guide-par-images\/","url":"https:\/\/www.divis.eu\/fr\/informations-generales-divis-suivi-des-marchandises-guide-par-images\/","name":"Conseils & Infos DIVIS | Suivi des marchandises guid\u00e9 par images dans la logistique","isPartOf":{"@id":"https:\/\/www.divis.eu\/#website"},"primaryImageOfPage":{"@id":"https:\/\/www.divis.eu\/fr\/informations-generales-divis-suivi-des-marchandises-guide-par-images\/#primaryimage"},"image":{"@id":"https:\/\/www.divis.eu\/fr\/informations-generales-divis-suivi-des-marchandises-guide-par-images\/#primaryimage"},"thumbnailUrl":"https:\/\/www.divis.eu\/wp-content\/uploads\/2018\/11\/sprechblase-newsletter-abo-fr.png","datePublished":"2018-04-29T19:28:50+00:00","dateModified":"2022-07-12T08:14:41+00:00","description":"Astuces et informations int\u00e9ressantes de DIVIS pour le suivi des marchandises guid\u00e9 par images dans la logistique, ainsi que d'autres informations de secteurs et techniques.","breadcrumb":{"@id":"https:\/\/www.divis.eu\/fr\/informations-generales-divis-suivi-des-marchandises-guide-par-images\/#breadcrumb"},"inLanguage":"fr-FR","potentialAction":[{"@type":"ReadAction","target":["https:\/\/www.divis.eu\/fr\/informations-generales-divis-suivi-des-marchandises-guide-par-images\/"]}]},{"@type":"ImageObject","inLanguage":"fr-FR","@id":"https:\/\/www.divis.eu\/fr\/informations-generales-divis-suivi-des-marchandises-guide-par-images\/#primaryimage","url":"https:\/\/www.divis.eu\/wp-content\/uploads\/2018\/11\/sprechblase-newsletter-abo-fr.png","contentUrl":"https:\/\/www.divis.eu\/wp-content\/uploads\/2018\/11\/sprechblase-newsletter-abo-fr.png"},{"@type":"BreadcrumbList","@id":"https:\/\/www.divis.eu\/fr\/informations-generales-divis-suivi-des-marchandises-guide-par-images\/#breadcrumb","itemListElement":[{"@type":"ListItem","position":1,"name":"Startseite","item":"https:\/\/www.divis.eu\/fr\/"},{"@type":"ListItem","position":2,"name":"Informations g\u00e9n\u00e9rales DIVIS | Suivi des marchandises guid\u00e9 par images"}]},{"@type":"WebSite","@id":"https:\/\/www.divis.eu\/#website","url":"https:\/\/www.divis.eu\/","name":"DIVIS - The intelligent view","description":"Videosysteml\u00f6sungen f\u00fcr Umschlags- und Warenlager","potentialAction":[{"@type":"SearchAction","target":{"@type":"EntryPoint","urlTemplate":"https:\/\/www.divis.eu\/?s={search_term_string}"},"query-input":{"@type":"PropertyValueSpecification","valueRequired":true,"valueName":"search_term_string"}}],"inLanguage":"fr-FR"}]}},"_links":{"self":[{"href":"https:\/\/www.divis.eu\/fr\/wp-json\/wp\/v2\/pages\/12525","targetHints":{"allow":["GET"]}}],"collection":[{"href":"https:\/\/www.divis.eu\/fr\/wp-json\/wp\/v2\/pages"}],"about":[{"href":"https:\/\/www.divis.eu\/fr\/wp-json\/wp\/v2\/types\/page"}],"author":[{"embeddable":true,"href":"https:\/\/www.divis.eu\/fr\/wp-json\/wp\/v2\/users\/1"}],"replies":[{"embeddable":true,"href":"https:\/\/www.divis.eu\/fr\/wp-json\/wp\/v2\/comments?post=12525"}],"version-history":[{"count":0,"href":"https:\/\/www.divis.eu\/fr\/wp-json\/wp\/v2\/pages\/12525\/revisions"}],"wp:attachment":[{"href":"https:\/\/www.divis.eu\/fr\/wp-json\/wp\/v2\/media?parent=12525"}],"curies":[{"name":"wp","href":"https:\/\/api.w.org\/{rel}","templated":true}]}}