{"id":12566,"date":"2018-03-10T18:09:09","date_gmt":"2018-03-10T18:09:09","guid":{"rendered":"https:\/\/www.divis.eu\/video-produit-suivi-des-envois-guide-par-images-motion-plus\/"},"modified":"2018-12-27T03:51:32","modified_gmt":"2018-12-27T03:51:32","slug":"video-produit-suivi-des-envois-guide-par-images-motion-plus","status":"publish","type":"page","link":"https:\/\/www.divis.eu\/fr\/video-produit-suivi-des-envois-guide-par-images-motion-plus\/","title":{"rendered":"Vid\u00e9o produit suivi des envois guid\u00e9 par images Motion Plus"},"content":{"rendered":"<p>\t\t\t\t<img decoding=\"async\" src=\"https:\/\/www.divis.eu\/wp-content\/uploads\/2018\/02\/titelgraafik-module7.png\" alt=\"DIVIS-Software | Logistik mit Video\u00fcberwachung\" itemprop=\"image\"  \/><\/p>\n<h1>\n\t\tFonction Plus<sup>+<\/sup> polyvalentes<br \/>\n\t<\/h1>\n<h1>\n\t\tdans les entrep\u00f4ts et dans les d\u00e9p\u00f4ts<br \/>\n\t<\/h1>\n<h2>\n\t\tRecherche des envois.<br \/>Analyse des processus.<br \/>Optimisation des processus.<br \/>\n\t<\/h2>\n<ul>\n<li id=\"menu-item-12521\"><a><\/a><\/li>\n<li id=\"menu-item-9989\"><a><\/a><\/li>\n<li id=\"menu-item-12513\"><a><\/a><\/li>\n<li id=\"menu-item-9995\"><a><\/a><\/li>\n<li id=\"menu-item-12537\"><a><\/a><\/li>\n<li id=\"menu-item-7474\"><a><\/a><\/li>\n<li id=\"menu-item-9881\"><a><\/a><\/li>\n<li id=\"menu-item-12525\"><a><\/a><\/li>\n<li id=\"menu-item-9977\"><a><\/a><\/li>\n<li id=\"menu-item-9875\"><a><\/a><\/li>\n<li id=\"menu-item-9778\"><a><\/a><\/li>\n<li id=\"menu-item-9971\"><a><\/a><\/li>\n<li id=\"menu-item-9966\"><a><\/a><\/li>\n<li id=\"menu-item-9942\"><a><\/a><\/li>\n<li id=\"menu-item-5966\"><a><\/a><\/li>\n<li id=\"menu-item-4580\"><a><\/a><\/li>\n<li id=\"menu-item-10000\"><a><\/a><\/li>\n<li id=\"menu-item-12505\"><a><\/a><\/li>\n<li id=\"menu-item-9984\"><a><\/a><\/li>\n<li id=\"menu-item-9933\"><a><\/a><\/li>\n<li id=\"menu-item-9894\"><a><\/a><\/li>\n<li id=\"menu-item-9925\"><a><\/a><\/li>\n<li id=\"menu-item-9823\"><a><\/a><\/li>\n<li id=\"menu-item-12566\"><a><\/a><\/li>\n<li id=\"menu-item-9810\"><a><\/a><\/li>\n<li id=\"menu-item-10012\"><a><\/a><\/li>\n<li id=\"menu-item-12544\"><a><\/a><\/li>\n<\/ul>\n<p>\t\t\t\t<img decoding=\"async\" src=\"https:\/\/www.divis.eu\/wp-content\/uploads\/2018\/02\/titelgraafik-module7.png\" alt=\"DIVIS-Software | Logistik mit Video\u00fcberwachung\" itemprop=\"image\"  \/><br \/>\n\t\t\t\t<img decoding=\"async\" src=\"https:\/\/www.divis.eu\/wp-content\/uploads\/2018\/02\/icon-motionplus.png\" alt=\"DIVIS-Software | Module | Mehrwert f\u00fcr Ihre Logistik mit Video\u00fcberwachung\" itemprop=\"image\"\/><\/p>\n<h4>Fonction Plus<sup>+<\/sup> dans la licence de base CargoVIS &#038; ParcelVIS<\/h4>\n<h3>Motion<sup>+<\/sup><\/h3>\n<h2>Vid\u00e9o produit pour la fonction Motion<sup>+<\/sup><\/h2>\n<p>Motion<sup>+<\/sup> permet une recherche cibl\u00e9e et rapide, m\u00eame dans des sections d&rsquo;images tr\u00e8s grand angle avec beaucoup de mouvement pour le suivi des envois guid\u00e9 par images.\u00a0 Les donn\u00e9es d&rsquo;image sont disponibles imm\u00e9diatement et sans retard pendant la lecture \u00e0 l&rsquo;aide d&rsquo;un proc\u00e9d\u00e9 sp\u00e9cial. Motion+ est le add-on id\u00e9al pour la logistique avec vid\u00e9osurveillance dans des halls et les entrep\u00f4ts tr\u00e8s fr\u00e9quent\u00e9s.<\/p>\n<p>\t<meta itemprop=\"url\" content=\"https:\/\/www.divis.eu\/wp-content\/uploads\/2018\/02\/motionplus_en.mp4\" \/><meta itemprop=\"thumbnail\" content=\"\" \/><div style=\"width: 100px;\" class=\"wp-video\"><!--[if lt IE 9]><script>document.createElement('video');<\/script><![endif]-->\n<video class=\"wp-video-shortcode\" id=\"video-12566-1\" width=\"100\" height=\"100\" preload=\"none\" controls=\"controls\"><source type=\"video\/mp4\" src=\"https:\/\/www.divis.eu\/wp-content\/uploads\/2018\/02\/motionplus_en.mp4?_=1\" \/><a href=\"https:\/\/www.divis.eu\/wp-content\/uploads\/2018\/02\/motionplus_en.mp4\">https:\/\/www.divis.eu\/wp-content\/uploads\/2018\/02\/motionplus_en.mp4<\/a><\/video><\/div><br \/>\n\t\t\t<a href=\"#\" target=\"_self\"   role=\"button\"><br \/>\n\t\t\t\t\t\t\tEn savoir plus sur Motion<sup>+<\/sup><br \/>\n\t\t<\/a><\/p>\n<h2>\n\t\tNos solutions logicielles<br \/>\n\t<\/h2>\n<p>\t\t\t\t<img decoding=\"async\" src=\"https:\/\/www.divis.eu\/wp-content\/uploads\/2018\/01\/logo-cargovis-gr.png\" alt=\"logo-cargovis-gr\" itemprop=\"image\"\/><\/p>\n<h3>Aper\u00e7u rapide des envois palettis\u00e9s avec CargoVIS<\/h3>\n<p>Avec notre logiciel de gestion vid\u00e9o pour les entrep\u00f4ts de transbordement, CargoVIS, nous vous offrons une solution syst\u00e8me compl\u00e8te et facile \u00e0 utiliser pour la recherche par images et le suivi des envois de marchandises palettis\u00e9es.<\/p>\n<p>\t\t\t<a href=\"#\" target=\"_self\"   role=\"button\"><br \/>\n\t\t\t\t\t\t\tEn savoir plus sur CargoVIS<br \/>\n\t\t<\/a><br \/>\n\t\t\t\t<img decoding=\"async\" src=\"https:\/\/www.divis.eu\/wp-content\/uploads\/2018\/01\/logo-parcelvis-gr.png\" alt=\"\" itemprop=\"image\"\/><\/p>\n<h3>ParcelVIS pour l\u2019entrep\u00f4t de transbordement &#038; fournisseur de services CEP<\/h3>\n<p>\u00c9conomisez du temps et de l&rsquo;argent et laissez ParcelVIS travailler efficacement pour vous avec la recherche d&rsquo;envois par images dans l&rsquo;entrep\u00f4t de transbordement\u00a0: La saisie du num\u00e9ro de l&rsquo;\u00e9tiquette du colis est la cl\u00e9 de toutes les informations n\u00e9cessaires \u00e0 la localisation et l&rsquo;\u00e9tat d&rsquo;un envoi pour tous les \u00e9v\u00e9nements de num\u00e9risation qui ont eu lieu.<\/p>\n<p>\t\t\t<a href=\"#\" target=\"_self\"   role=\"button\"><br \/>\n\t\t\t\t\t\t\tEn savoir plus sur ParcelVIS<br \/>\n\t\t<\/a><br \/>\n\t\t\t\t<img decoding=\"async\" src=\"https:\/\/www.divis.eu\/wp-content\/uploads\/2018\/01\/logo-tsb.png\" alt=\"logo-tsb\" itemprop=\"image\"\/><\/p>\n<h3 class='uabb-testimonial-author-name testimonial-author-name'>TSBtrans<\/h3>\n<p>\t\t\t\t\t\t\t\t\tEspagne\t\t\t\t\t\t\t\t<\/p>\n<blockquote>\n<p>\u00ab\u00a0CargoVIS est absolument fiable, gr\u00e2ce \u00e0 ses capacit\u00e9s de suivi, l&rsquo;investissement pour TSB s&rsquo;est amorti en moins d&rsquo;un an en trouvant les palettes manquantes et en identifiant les sources de dommages.\u00a0\u00bb<\/p>\n<\/blockquote>\n<p>\t\t\t\t<img decoding=\"async\" src=\"https:\/\/www.divis.eu\/wp-content\/uploads\/2018\/01\/logo-lagermax.png\" alt=\"logo-lagermax\" itemprop=\"image\"\/><\/p>\n<h3 class='uabb-testimonial-author-name testimonial-author-name'>Lagermax Paketdienst GmbH &#038; Co KG<\/h3>\n<p>\t\t\t\t\t\t\t\t\tAutriche\t\t\t\t\t\t\t\t<\/p>\n<blockquote>\n<p>\u00ab\u00a0Nous utilisons ParcelVIS de DIVIS depuis 5 ans et n&rsquo;avons jamais rencontr\u00e9 de probl\u00e8mes.\u00a0\u00bb<\/p>\n<\/blockquote>\n<p>\t\t\t\t<img decoding=\"async\" src=\"https:\/\/www.divis.eu\/wp-content\/uploads\/2018\/01\/logo-voigt-invers.png\" alt=\"logo-voigt-invers\" itemprop=\"image\"\/><\/p>\n<h3 class='uabb-testimonial-author-name testimonial-author-name'>Herbert Voigt GmbH &#038; Co. KG<\/h3>\n<p>\t\t\t\t\t\t\t\t\tAllemagne\t\t\t\t\t\t\t\t<\/p>\n<blockquote>\n<p>\u00ab\u00a0Avec DIVIS, nous avons trouv\u00e9 un partenaire comp\u00e9tent qui a toujours une solution pour nos propres id\u00e9es.\u00a0\u00bb<\/p>\n<\/blockquote>\n<p>\t\t\t\t<img decoding=\"async\" src=\"https:\/\/www.divis.eu\/wp-content\/uploads\/2018\/01\/logo-schmalz-schoen.png\" alt=\"logo-schmalz-schoen\" itemprop=\"image\"\/><\/p>\n<h3 class='uabb-testimonial-author-name testimonial-author-name'>SCHMALZ+SCH\u00d6N Logistics GmbH<\/h3>\n<p>\t\t\t\t\t\t\t\t\tAllemagne\t\t\t\t\t\t\t\t<\/p>\n<blockquote>\n<p>\u00ab\u00a0La solution parfaite m\u00eame pour les zones de transbordement h\u00e9t\u00e9rog\u00e8nes &#8211; la vid\u00e9osurveillance de DIVIS\u00a0qui vole au secours des colis. \u00bb<\/p>\n<\/blockquote>\n<p>\t\t\t\t<img decoding=\"async\" src=\"https:\/\/www.divis.eu\/wp-content\/uploads\/2018\/01\/logo-zufall-1.png\" alt=\"logo-zufall\" itemprop=\"image\"\/><\/p>\n<h3 class='uabb-testimonial-author-name testimonial-author-name'>Friedrich Zufall GmbH &#038; Co. KG<\/h3>\n<p>\t\t\t\t\t\t\t\t\tAllemagne\t\t\t\t\t\t\t\t<\/p>\n<blockquote>\n<p>\u00ab\u00a0Nous sommes tr\u00e8s satisfaits du syst\u00e8me \u00a0[&#8230;de \u00a0DIVIS&#8230;]\u00a0\u00bb<\/p>\n<\/blockquote>\n<p>\t\t\t<a href=\"#\" target=\"_self\"   role=\"button\"><br \/>\n\t\t\t\t\t\t\tAller aux \u00e9tudes de cas<br \/>\n\t\t<\/a><br \/>\n\t\t\t\t<img decoding=\"async\" src=\"https:\/\/www.divis.eu\/wp-content\/uploads\/2018\/01\/hendrik-reger-1.png\" alt=\"Hendrik Reger | DIVIS | Videol\u00f6sungen f\u00fcr die Logistik\" itemprop=\"image\" height=\"385\" width=\"300\" title=\"hendrik-reger\"  \/><\/p>\n<p><em><strong>Hendrik Reger<\/strong><br \/>\nDirecteur commercial \/ fond\u00e9 de pouvoir<\/em><\/p>\n<h1>\n\t\tAvez-vous des questions ?<br \/>\n\t<\/h1>\n<h1>\n\t\tNous avons des r\u00e9ponses<br \/>\n\t<\/h1>\n<p>Notre \u00e9quipe est \u00e0 votre disposition pour r\u00e9pondre \u00e0 vos questions sur nos produits et se fera un plaisir de vous conseiller gratuitement et sans engagement.<\/p>\n<p>\t\t\t<a href=\"#\" target=\"_self\"   role=\"button\"><br \/>\n\t\t\t\t\t\t\tContacter DIVIS<br \/>\n\t\t<\/a><br \/>\n\t\t\t\t<a href=\"#\" target=\"_self\"  itemprop=\"url\"><br \/>\n\t\t\t\t<img decoding=\"async\" src=\"https:\/\/www.divis.eu\/wp-content\/uploads\/2018\/11\/sprechblase-newsletter-abo-fr.png\" alt=\"Abonner la DIVIS newsletter\" itemprop=\"image\"  \/><br \/>\n\t\t\t\t\t\t<\/a><\/p>\n<h3>Newsletter DIVIS<\/h3>\n<p>En vous abonnant \u00e0 notre newsletter, vous \u00eates toujours au courant de toutes les nouveaut\u00e9s de DIVIS<\/p>\n<p>\t\t\t<a href=\"#\" target=\"_self\"   role=\"button\"><br \/>\n\t\t\t\t\t\t\tAbonner la newsletter<br \/>\n\t\t<\/a><br \/>\n\t\t\t\t<img decoding=\"async\" src=\"https:\/\/www.divis.eu\/wp-content\/uploads\/2018\/01\/kundenlogo-CTL.png\" alt=\"kundenlogo-CTL\" itemprop=\"image\" height=\"51\" width=\"120\" title=\"kundenlogo-CTL\"  \/><br \/>\n\t\t\t\t<img decoding=\"async\" src=\"https:\/\/www.divis.eu\/wp-content\/uploads\/2018\/01\/kundenlogo-dpd.png\" alt=\"kundenlogo-dpd\" itemprop=\"image\" height=\"51\" width=\"120\" title=\"kundenlogo-dpd\"  \/><br \/>\n\t\t\t\t<img decoding=\"async\" src=\"https:\/\/www.divis.eu\/wp-content\/uploads\/2018\/01\/kundenlogo-panalpina.png\" alt=\"kundenlogo-panalpina\" itemprop=\"image\" height=\"51\" width=\"120\" title=\"kundenlogo-panalpina\"  \/><br \/>\n\t\t\t\t<img decoding=\"async\" src=\"https:\/\/www.divis.eu\/wp-content\/uploads\/2018\/01\/kundenlogo-online.png\" alt=\"kundenlogo-online\" itemprop=\"image\" height=\"51\" width=\"120\" title=\"kundenlogo-online\"  \/><br \/>\n\t\t\t\t<img decoding=\"async\" src=\"https:\/\/www.divis.eu\/wp-content\/uploads\/2018\/01\/kundenlogo-rhenus.png\" alt=\"kundenlogo-rhenus\" itemprop=\"image\"  \/><br \/>\n\t\t\t\t<img decoding=\"async\" src=\"https:\/\/www.divis.eu\/wp-content\/uploads\/2018\/01\/kundenlogo-tsb.png\" alt=\"kundenlogo-tsb\" itemprop=\"image\" height=\"51\" width=\"120\" title=\"kundenlogo-tsb\"  \/><br \/>\n\t\t\t\t<img decoding=\"async\" src=\"https:\/\/www.divis.eu\/wp-content\/uploads\/2018\/01\/kundenlogo-gebrueder-weiss.png\" alt=\"kundenlogo-gebrueder-weiss\" itemprop=\"image\" height=\"51\" width=\"150\" title=\"kundenlogo-gebrueder-weiss\"  \/><br \/>\n\t\t\t\t<img decoding=\"async\" src=\"https:\/\/www.divis.eu\/wp-content\/uploads\/2018\/01\/kundenlogo-tchibo.png\" alt=\"kundenlogo-tchibo\" itemprop=\"image\"  \/><br \/>\n\t\t\t\t<img decoding=\"async\" src=\"https:\/\/www.divis.eu\/wp-content\/uploads\/2018\/01\/kundenlogo-24plus.png\" alt=\"kundenlogo-24plus\" itemprop=\"image\" height=\"51\" width=\"120\" title=\"kundenlogo-24plus\"  \/><br \/>\n\t\t\t\t<img decoding=\"async\" src=\"https:\/\/www.divis.eu\/wp-content\/uploads\/2018\/01\/kundenlogo-raben.png\" alt=\"kundenlogo-raben\" itemprop=\"image\"  \/><br \/>\n\t\t\t\t<img decoding=\"async\" src=\"https:\/\/www.divis.eu\/wp-content\/uploads\/2018\/01\/kundenlogo-geis.png\" alt=\"kundenlogo-geis\" itemprop=\"image\"  \/><br \/>\n\t\t\t\t<img decoding=\"async\" src=\"https:\/\/www.divis.eu\/wp-content\/uploads\/2018\/01\/kundenlogo-zufall.png\" alt=\"kundenlogo-zufall\" itemprop=\"image\" height=\"51\" width=\"120\" title=\"kundenlogo-zufall\"  \/><\/p>\n","protected":false},"excerpt":{"rendered":"<p>Fonction Plus+ polyvalentes dans les entrep\u00f4ts et dans les d\u00e9p\u00f4ts Recherche des envois.Analyse des processus.Optimisation des processus. Fonction Plus+ dans la licence de base CargoVIS &#038; ParcelVIS Motion+ Vid\u00e9o produit pour la fonction Motion+ Motion+ permet une recherche cibl\u00e9e et rapide, m\u00eame dans des sections d&rsquo;images tr\u00e8s grand angle avec beaucoup de mouvement pour le&hellip;<\/p>\n","protected":false},"author":1,"featured_media":0,"parent":0,"menu_order":0,"comment_status":"closed","ping_status":"closed","template":"","meta":{"footnotes":""},"class_list":["post-12566","page","type-page","status-publish","hentry"],"yoast_head":"<!-- This site is optimized with the Yoast SEO plugin v27.5 - https:\/\/yoast.com\/product\/yoast-seo-wordpress\/ -->\n<title>Module logiciel Motion Plus | Suivi des envois guid\u00e9 par images | Vid\u00e9o produit<\/title>\n<meta name=\"description\" content=\"Motion+ permet une recherche cibl\u00e9e et rapide, m\u00eame dans des sections d&#039;images tr\u00e8s grand angle avec beaucoup de mouvement pour le suivi des envois guid\u00e9 par images.\" \/>\n<meta name=\"robots\" content=\"index, follow, max-snippet:-1, max-image-preview:large, max-video-preview:-1\" \/>\n<link rel=\"canonical\" href=\"https:\/\/www.divis.eu\/fr\/video-produit-suivi-des-envois-guide-par-images-motion-plus\/\" \/>\n<meta property=\"og:locale\" content=\"fr_FR\" \/>\n<meta property=\"og:type\" content=\"article\" \/>\n<meta property=\"og:title\" content=\"Module logiciel Motion Plus | Suivi des envois guid\u00e9 par images | Vid\u00e9o produit\" \/>\n<meta property=\"og:description\" content=\"Motion+ permet une recherche cibl\u00e9e et rapide, m\u00eame dans des sections d&#039;images tr\u00e8s grand angle avec beaucoup de mouvement pour le suivi des envois guid\u00e9 par images.\" \/>\n<meta property=\"og:url\" content=\"https:\/\/www.divis.eu\/fr\/video-produit-suivi-des-envois-guide-par-images-motion-plus\/\" \/>\n<meta property=\"og:site_name\" content=\"DIVIS - The intelligent view\" \/>\n<meta property=\"article:modified_time\" content=\"2018-12-27T03:51:32+00:00\" \/>\n<meta property=\"og:image\" content=\"https:\/\/www.divis.eu\/wp-content\/uploads\/2018\/02\/titelgraafik-module7.png\" \/>\n<meta name=\"twitter:card\" content=\"summary_large_image\" \/>\n<meta name=\"twitter:label1\" content=\"Dur\u00e9e de lecture estim\u00e9e\" \/>\n\t<meta name=\"twitter:data1\" content=\"2 minutes\" \/>\n<script type=\"application\/ld+json\" class=\"yoast-schema-graph\">{\"@context\":\"https:\\\/\\\/schema.org\",\"@graph\":[{\"@type\":\"WebPage\",\"@id\":\"https:\\\/\\\/www.divis.eu\\\/fr\\\/video-produit-suivi-des-envois-guide-par-images-motion-plus\\\/\",\"url\":\"https:\\\/\\\/www.divis.eu\\\/fr\\\/video-produit-suivi-des-envois-guide-par-images-motion-plus\\\/\",\"name\":\"Module logiciel Motion Plus | Suivi des envois guid\u00e9 par images | Vid\u00e9o produit\",\"isPartOf\":{\"@id\":\"https:\\\/\\\/www.divis.eu\\\/#website\"},\"primaryImageOfPage\":{\"@id\":\"https:\\\/\\\/www.divis.eu\\\/fr\\\/video-produit-suivi-des-envois-guide-par-images-motion-plus\\\/#primaryimage\"},\"image\":{\"@id\":\"https:\\\/\\\/www.divis.eu\\\/fr\\\/video-produit-suivi-des-envois-guide-par-images-motion-plus\\\/#primaryimage\"},\"thumbnailUrl\":\"https:\\\/\\\/www.divis.eu\\\/wp-content\\\/uploads\\\/2018\\\/02\\\/titelgraafik-module7.png\",\"datePublished\":\"2018-03-10T18:09:09+00:00\",\"dateModified\":\"2018-12-27T03:51:32+00:00\",\"description\":\"Motion+ permet une recherche cibl\u00e9e et rapide, m\u00eame dans des sections d'images tr\u00e8s grand angle avec beaucoup de mouvement pour le suivi des envois guid\u00e9 par images.\",\"breadcrumb\":{\"@id\":\"https:\\\/\\\/www.divis.eu\\\/fr\\\/video-produit-suivi-des-envois-guide-par-images-motion-plus\\\/#breadcrumb\"},\"inLanguage\":\"fr-FR\",\"potentialAction\":[{\"@type\":\"ReadAction\",\"target\":[\"https:\\\/\\\/www.divis.eu\\\/fr\\\/video-produit-suivi-des-envois-guide-par-images-motion-plus\\\/\"]}]},{\"@type\":\"ImageObject\",\"inLanguage\":\"fr-FR\",\"@id\":\"https:\\\/\\\/www.divis.eu\\\/fr\\\/video-produit-suivi-des-envois-guide-par-images-motion-plus\\\/#primaryimage\",\"url\":\"https:\\\/\\\/www.divis.eu\\\/wp-content\\\/uploads\\\/2018\\\/02\\\/titelgraafik-module7.png\",\"contentUrl\":\"https:\\\/\\\/www.divis.eu\\\/wp-content\\\/uploads\\\/2018\\\/02\\\/titelgraafik-module7.png\"},{\"@type\":\"BreadcrumbList\",\"@id\":\"https:\\\/\\\/www.divis.eu\\\/fr\\\/video-produit-suivi-des-envois-guide-par-images-motion-plus\\\/#breadcrumb\",\"itemListElement\":[{\"@type\":\"ListItem\",\"position\":1,\"name\":\"Startseite\",\"item\":\"https:\\\/\\\/www.divis.eu\\\/fr\\\/\"},{\"@type\":\"ListItem\",\"position\":2,\"name\":\"Vid\u00e9o produit suivi des envois guid\u00e9 par images Motion Plus\"}]},{\"@type\":\"WebSite\",\"@id\":\"https:\\\/\\\/www.divis.eu\\\/#website\",\"url\":\"https:\\\/\\\/www.divis.eu\\\/\",\"name\":\"DIVIS - The intelligent view\",\"description\":\"Videosysteml\u00f6sungen f\u00fcr Umschlags- und Warenlager\",\"potentialAction\":[{\"@type\":\"SearchAction\",\"target\":{\"@type\":\"EntryPoint\",\"urlTemplate\":\"https:\\\/\\\/www.divis.eu\\\/?s={search_term_string}\"},\"query-input\":{\"@type\":\"PropertyValueSpecification\",\"valueRequired\":true,\"valueName\":\"search_term_string\"}}],\"inLanguage\":\"fr-FR\"}]}<\/script>\n<!-- \/ Yoast SEO plugin. -->","yoast_head_json":{"title":"Module logiciel Motion Plus | Suivi des envois guid\u00e9 par images | Vid\u00e9o produit","description":"Motion+ permet une recherche cibl\u00e9e et rapide, m\u00eame dans des sections d'images tr\u00e8s grand angle avec beaucoup de mouvement pour le suivi des envois guid\u00e9 par images.","robots":{"index":"index","follow":"follow","max-snippet":"max-snippet:-1","max-image-preview":"max-image-preview:large","max-video-preview":"max-video-preview:-1"},"canonical":"https:\/\/www.divis.eu\/fr\/video-produit-suivi-des-envois-guide-par-images-motion-plus\/","og_locale":"fr_FR","og_type":"article","og_title":"Module logiciel Motion Plus | Suivi des envois guid\u00e9 par images | Vid\u00e9o produit","og_description":"Motion+ permet une recherche cibl\u00e9e et rapide, m\u00eame dans des sections d'images tr\u00e8s grand angle avec beaucoup de mouvement pour le suivi des envois guid\u00e9 par images.","og_url":"https:\/\/www.divis.eu\/fr\/video-produit-suivi-des-envois-guide-par-images-motion-plus\/","og_site_name":"DIVIS - The intelligent view","article_modified_time":"2018-12-27T03:51:32+00:00","og_image":[{"url":"https:\/\/www.divis.eu\/wp-content\/uploads\/2018\/02\/titelgraafik-module7.png","type":"","width":"","height":""}],"twitter_card":"summary_large_image","twitter_misc":{"Dur\u00e9e de lecture estim\u00e9e":"2 minutes"},"schema":{"@context":"https:\/\/schema.org","@graph":[{"@type":"WebPage","@id":"https:\/\/www.divis.eu\/fr\/video-produit-suivi-des-envois-guide-par-images-motion-plus\/","url":"https:\/\/www.divis.eu\/fr\/video-produit-suivi-des-envois-guide-par-images-motion-plus\/","name":"Module logiciel Motion Plus | Suivi des envois guid\u00e9 par images | Vid\u00e9o produit","isPartOf":{"@id":"https:\/\/www.divis.eu\/#website"},"primaryImageOfPage":{"@id":"https:\/\/www.divis.eu\/fr\/video-produit-suivi-des-envois-guide-par-images-motion-plus\/#primaryimage"},"image":{"@id":"https:\/\/www.divis.eu\/fr\/video-produit-suivi-des-envois-guide-par-images-motion-plus\/#primaryimage"},"thumbnailUrl":"https:\/\/www.divis.eu\/wp-content\/uploads\/2018\/02\/titelgraafik-module7.png","datePublished":"2018-03-10T18:09:09+00:00","dateModified":"2018-12-27T03:51:32+00:00","description":"Motion+ permet une recherche cibl\u00e9e et rapide, m\u00eame dans des sections d'images tr\u00e8s grand angle avec beaucoup de mouvement pour le suivi des envois guid\u00e9 par images.","breadcrumb":{"@id":"https:\/\/www.divis.eu\/fr\/video-produit-suivi-des-envois-guide-par-images-motion-plus\/#breadcrumb"},"inLanguage":"fr-FR","potentialAction":[{"@type":"ReadAction","target":["https:\/\/www.divis.eu\/fr\/video-produit-suivi-des-envois-guide-par-images-motion-plus\/"]}]},{"@type":"ImageObject","inLanguage":"fr-FR","@id":"https:\/\/www.divis.eu\/fr\/video-produit-suivi-des-envois-guide-par-images-motion-plus\/#primaryimage","url":"https:\/\/www.divis.eu\/wp-content\/uploads\/2018\/02\/titelgraafik-module7.png","contentUrl":"https:\/\/www.divis.eu\/wp-content\/uploads\/2018\/02\/titelgraafik-module7.png"},{"@type":"BreadcrumbList","@id":"https:\/\/www.divis.eu\/fr\/video-produit-suivi-des-envois-guide-par-images-motion-plus\/#breadcrumb","itemListElement":[{"@type":"ListItem","position":1,"name":"Startseite","item":"https:\/\/www.divis.eu\/fr\/"},{"@type":"ListItem","position":2,"name":"Vid\u00e9o produit suivi des envois guid\u00e9 par images Motion Plus"}]},{"@type":"WebSite","@id":"https:\/\/www.divis.eu\/#website","url":"https:\/\/www.divis.eu\/","name":"DIVIS - The intelligent view","description":"Videosysteml\u00f6sungen f\u00fcr Umschlags- und Warenlager","potentialAction":[{"@type":"SearchAction","target":{"@type":"EntryPoint","urlTemplate":"https:\/\/www.divis.eu\/?s={search_term_string}"},"query-input":{"@type":"PropertyValueSpecification","valueRequired":true,"valueName":"search_term_string"}}],"inLanguage":"fr-FR"}]}},"_links":{"self":[{"href":"https:\/\/www.divis.eu\/fr\/wp-json\/wp\/v2\/pages\/12566","targetHints":{"allow":["GET"]}}],"collection":[{"href":"https:\/\/www.divis.eu\/fr\/wp-json\/wp\/v2\/pages"}],"about":[{"href":"https:\/\/www.divis.eu\/fr\/wp-json\/wp\/v2\/types\/page"}],"author":[{"embeddable":true,"href":"https:\/\/www.divis.eu\/fr\/wp-json\/wp\/v2\/users\/1"}],"replies":[{"embeddable":true,"href":"https:\/\/www.divis.eu\/fr\/wp-json\/wp\/v2\/comments?post=12566"}],"version-history":[{"count":0,"href":"https:\/\/www.divis.eu\/fr\/wp-json\/wp\/v2\/pages\/12566\/revisions"}],"wp:attachment":[{"href":"https:\/\/www.divis.eu\/fr\/wp-json\/wp\/v2\/media?parent=12566"}],"curies":[{"name":"wp","href":"https:\/\/api.w.org\/{rel}","templated":true}]}}