{"id":13018,"date":"2018-05-05T04:53:32","date_gmt":"2018-05-05T04:53:32","guid":{"rendered":"https:\/\/www.divis.eu\/divis-infos-archiv-2017-videoueberwachungssoftware-logistik\/"},"modified":"2020-04-04T16:36:26","modified_gmt":"2020-04-04T16:36:26","slug":"archives-dinformations-generales-divis-2017-logiciel-de-surveillance-video-pour-la-logistique","status":"publish","type":"page","link":"https:\/\/www.divis.eu\/fr\/archives-dinformations-generales-divis-2017-logiciel-de-surveillance-video-pour-la-logistique\/","title":{"rendered":"Archives d&rsquo;informations g\u00e9n\u00e9rales DIVIS 2017 | Logiciel de surveillance vid\u00e9o pour la logistique"},"content":{"rendered":"<h3>\n\t\tArchives\n\t<\/h3>\n<h2>\n\t\tConseils et infos\n\t<\/h2>\n\t\t\t\t<a href=\"https:\/\/www.divis.eu\/fr\/inscription-a-la-newsletter-optimisation-des-processus-dans-lentrepot\/\" target=\"_self\" itemprop=\"url\" rel=\"noopener noreferrer\">\n\t\t\t\t<img decoding=\"async\" src=\"https:\/\/www.divis.eu\/wp-content\/uploads\/2018\/11\/sprechblase-newsletter-abo-fr.png\" alt=\"Videomanagement-Software Logistik DIVIS\" title=\"sprechblase-newsletter-abo-fr\" itemprop=\"image\"  \/>\n\t\t\t\t\t\t<\/a>\n\t\t\t\t\t<ul id=\"menu-fr-tipps-infos\"><li id=\"menu-item-12529\"><a href=\"https:\/\/www.divis.eu\/fr\/divis-news-vue-densemble-suivi-des-envois-par-camera-en-logistique\/\">Nouvelles DIVIS<\/a><\/li>\n<li id=\"menu-item-12530\"><a href=\"https:\/\/www.divis.eu\/fr\/conseils-produits-divis-suivi-des-marchandises-par-videotracking\/\">Conseils produits<\/a><\/li>\n<li id=\"menu-item-12531\"><a href=\"https:\/\/www.divis.eu\/fr\/informations-generales-divis-suivi-des-marchandises-guide-par-images\/\">Informations g\u00e9n\u00e9rales<\/a><\/li>\n<\/ul>\t\n\t<h1>\n\t\tArchives 2017: Informations g\u00e9n\u00e9rales\n\t<\/h1>\n\t\t\t\t\t\t\t\t\t\t\t\t\t\t<a href=\"https:\/\/www.divis.eu\/fr\/energie-verte-installation-photovoltaique-sur-le-toit-de-divis\/\" target=\"_self\" title=\"\u00c9nergie verte : installation photovolta\u00efque sur le toit de DIVIS\" rel=\"noopener noreferrer\">\n\t\t\t\t<img decoding=\"async\" src=\"https:\/\/www.divis.eu\/wp-content\/uploads\/2017\/11\/DIVIS_Newsphotovoltaik-featured-FR.jpg\" alt=\"Videomanagement-Software Logistik DIVIS\" \/>\n\t\t\t\t<\/a>\n\t\t\t\t\t\t<h2>\n\t\t\t\t\t\t\t\tNovember\t\t\t\t\t\t\t\t\n\t\t\t\t\t\t\t\t25\n\t\t\t\t\t\t\t\t2017\n\t\t\t\t\t\t<\/h2>\n\t\t\t\t\t\t<h4>\n\t\t\t\t<a href=https:\/\/www.divis.eu\/fr\/energie-verte-installation-photovoltaique-sur-le-toit-de-divis\/ title=\"\u00c9nergie verte : installation photovolta\u00efque sur le toit de DIVIS\" tabindex=\"0\">\u00c9nergie verte : installation photovolta\u00efque sur le toit de DIVIS<\/a>\t\t\t<\/h4>\n\t\t\t\t\t\t\t\t\u00c9nergie verte : installation photovolta\u00efque sur le toit de DIVIS. L&rsquo;installation install\u00e9e en 2013 a une capacit\u00e9 de 54,6 kWc (kilowatt cr\u00eate) et couvre pr\u00e8s de 50 % de la propre consommation de DIVIS.\n\t\t\t<a href=\"https:\/\/www.divis.eu\/fr\/energie-verte-installation-photovoltaique-sur-le-toit-de-divis\/\" target=\"_self\" role=\"button\" rel=\"noopener noreferrer\">\n\t\t\t\t\t\t\tPlus\n\t\t<\/a>\n\t\t\t\t\t\t\t\t\t\t\t\t\t\t<a href=\"https:\/\/www.divis.eu\/fr\/zufall-logistics-group-a-gottingen-opte-pour-le-suivi-des-envois-avec-la-technologie-de-camera-4k-de-divis\/\" target=\"_self\" title=\"Zufall logistics group \u00e0 G\u00f6ttingen opte pour le suivi des envois avec la technologie de cam\u00e9ra 4K de DIVIS\" rel=\"noopener noreferrer\">\n\t\t\t\t<img decoding=\"async\" src=\"https:\/\/www.divis.eu\/wp-content\/uploads\/2017\/09\/zufall-thumb-neu.jpg\" alt=\"DIVIS-Kunde Zufall\" \/>\n\t\t\t\t<\/a>\n\t\t\t\t\t\t<h2>\n\t\t\t\t\t\t\t\tSeptember\t\t\t\t\t\t\t\t\n\t\t\t\t\t\t\t\t1\n\t\t\t\t\t\t\t\t2017\n\t\t\t\t\t\t<\/h2>\n\t\t\t\t\t\t<h4>\n\t\t\t\t<a href=https:\/\/www.divis.eu\/fr\/zufall-logistics-group-a-gottingen-opte-pour-le-suivi-des-envois-avec-la-technologie-de-camera-4k-de-divis\/ title=\"Zufall logistics group \u00e0 G\u00f6ttingen opte pour le suivi des envois avec la technologie de cam\u00e9ra 4K de DIVIS\" tabindex=\"0\">Zufall logistics group \u00e0 G\u00f6ttingen opte pour le suivi des envois avec la technologie de cam\u00e9ra 4K de DIVIS<\/a>\t\t\t<\/h4>\n\t\t\t\t\t\t\t\tLa soci\u00e9t\u00e9 ZUFALL Logistics group est membre de System Alliance &#038; CargoLine et transporte pr\u00e8s de 5 millions d&rsquo;envois par an dans toutes les entreprises. D\u00e9but 2017, une solution a \u00e9t\u00e9 recherch\u00e9e pour le si\u00e8ge de G\u00f6ttingen afin d&rsquo;am\u00e9liorer consid\u00e9rablement l&rsquo;assurance qualit\u00e9 pour les volumes de commandes exigeants &#8230;\n\t\t\t<a href=\"https:\/\/www.divis.eu\/fr\/zufall-logistics-group-a-gottingen-opte-pour-le-suivi-des-envois-avec-la-technologie-de-camera-4k-de-divis\/\" target=\"_self\" role=\"button\" rel=\"noopener noreferrer\">\n\t\t\t\t\t\t\tPlus\n\t\t<\/a>\n\t\t\t\t\t\t\t\t\t\t\t\t\t\t<a href=\"https:\/\/www.divis.eu\/fr\/regard-retrospectif-sur-le-salon-logimat-autres-manifestations-et-un-nouveau-site-internet\/\" target=\"_self\" title=\"Regard r\u00e9trospectif sur le salon LogiMAT, autres manifestations et un nouveau site internet\" rel=\"noopener noreferrer\">\n\t\t\t\t<img decoding=\"async\" src=\"https:\/\/www.divis.eu\/wp-content\/uploads\/2017\/04\/divis-fr.jpg\" alt=\"Videomanagement-Software Logistik DIVIS\" \/>\n\t\t\t\t<\/a>\n\t\t\t\t\t\t<h2>\n\t\t\t\t\t\t\t\tJune\t\t\t\t\t\t\t\t\n\t\t\t\t\t\t\t\t20\n\t\t\t\t\t\t\t\t2017\n\t\t\t\t\t\t<\/h2>\n\t\t\t\t\t\t<h4>\n\t\t\t\t<a href=https:\/\/www.divis.eu\/fr\/regard-retrospectif-sur-le-salon-logimat-autres-manifestations-et-un-nouveau-site-internet\/ title=\"Regard r\u00e9trospectif sur le salon LogiMAT, autres manifestations et un nouveau site internet\" tabindex=\"0\">Regard r\u00e9trospectif sur le salon LogiMAT, autres manifestations et un nouveau site internet<\/a>\t\t\t<\/h4>\n\t\t\t\t\t\t\t\tLe premier trimestre de l\u2019ann\u00e9e 2017 vient de se terminer. Le printemps arrive ainsi que les F\u00eates de P\u00e2ques. Le salon LogiMAT \u00e0 Stuttgart s\u2019est av\u00e9r\u00e9 pour nous extr\u00eamement positif.\n\t\t\t<a href=\"https:\/\/www.divis.eu\/fr\/regard-retrospectif-sur-le-salon-logimat-autres-manifestations-et-un-nouveau-site-internet\/\" target=\"_self\" role=\"button\" rel=\"noopener noreferrer\">\n\t\t\t\t\t\t\tPlus\n\t\t<\/a>\n\t\t\t\t\t\t\t\t\t\t\t\t\t\t<a href=\"https:\/\/www.divis.eu\/fr\/controle-du-volume-des-envois-avec-le-nouveau-module-scale-pilote-par-logiciel-et-efficace\/\" target=\"_self\" title=\"Contr\u00f4le du volume des envois avec le nouveau module Scale+, pilot\u00e9 par logiciel et efficace\" rel=\"noopener noreferrer\">\n\t\t\t\t<img decoding=\"async\" src=\"https:\/\/www.divis.eu\/wp-content\/uploads\/2017\/01\/scale-plus-featured.jpg\" alt=\"Videomanagement-Software Logistik DIVIS\" \/>\n\t\t\t\t<\/a>\n\t\t\t\t\t\t<h2>\n\t\t\t\t\t\t\t\tJanuary\t\t\t\t\t\t\t\t\n\t\t\t\t\t\t\t\t31\n\t\t\t\t\t\t\t\t2017\n\t\t\t\t\t\t<\/h2>\n\t\t\t\t\t\t<h4>\n\t\t\t\t<a href=https:\/\/www.divis.eu\/fr\/controle-du-volume-des-envois-avec-le-nouveau-module-scale-pilote-par-logiciel-et-efficace\/ title=\"Contr\u00f4le du volume des envois avec le nouveau module Scale+, pilot\u00e9 par logiciel et efficace\" tabindex=\"0\">Contr\u00f4le du volume des envois avec le nouveau module Scale+, pilot\u00e9 par logiciel et efficace<\/a>\t\t\t<\/h4>\n\t\t\t\t\t\t\t\tAvec Scale<sup>+<\/sup>, CargoVIS II offre beaucoup plus qu\u2019une simple fonction pour \u00e9conomiser du temps et de l&rsquo;argent. Le nouveau module prend \u00e9galement en charge votre assurance qualit\u00e9 et votre service \u00e0 la client\u00e8le. Parall\u00e8lement, il am\u00e9liore consid\u00e9rablement la situation en mati\u00e8re de preuves pour les actions en recours.\n\t\t\t<a href=\"https:\/\/www.divis.eu\/fr\/controle-du-volume-des-envois-avec-le-nouveau-module-scale-pilote-par-logiciel-et-efficace\/\" target=\"_self\" role=\"button\" rel=\"noopener noreferrer\">\n\t\t\t\t\t\t\tPlus\n\t\t<\/a>\n\t\t<h3>\n\t\tArchives<br>Informations g\u00e9n\u00e9rales\n\t<\/h3>\n\t\t\t\t\t<ul id=\"menu-fr-infos-archiv-menu\"><li id=\"menu-item-18128\"><a href=\"https:\/\/www.divis.eu\/fr\/divis-general-information-archive-2019-logistics-video-surveillance\/\">Archives d&#8217;informations g\u00e9n\u00e9rales 2019<\/a><\/li>\n<li id=\"menu-item-18129\"><a href=\"https:\/\/www.divis.eu\/fr\/divis-general-information-archive-2018-video-surveillance-for-logistics\/\">Archives d&#8217;informations g\u00e9n\u00e9rales 2018<\/a><\/li>\n<li id=\"menu-item-13023\"><a href=\"https:\/\/www.divis.eu\/fr\/archives-dinformations-generales-divis-2017-logiciel-de-surveillance-video-pour-la-logistique\/\">Archives d&#8217;informations g\u00e9n\u00e9rales 2017<\/a><\/li>\n<\/ul>\t\n\t\t\t\t<img decoding=\"async\" src=\"https:\/\/www.divis.eu\/wp-content\/uploads\/2018\/01\/kundenlogo-CTL.png\" alt=\"kundenlogo-CTL\" itemprop=\"image\" height=\"51\" width=\"120\" title=\"kundenlogo-CTL\" onerror=\"this.style.display='none'\"  \/>\n\t\t\t\t<img decoding=\"async\" src=\"https:\/\/www.divis.eu\/wp-content\/uploads\/2018\/01\/kundenlogo-dpd.png\" alt=\"kundenlogo-dpd\" itemprop=\"image\" height=\"51\" width=\"120\" title=\"kundenlogo-dpd\" onerror=\"this.style.display='none'\"  \/>\n\t\t\t\t<img decoding=\"async\" src=\"https:\/\/www.divis.eu\/wp-content\/uploads\/2018\/01\/kundenlogo-panalpina.png\" alt=\"kundenlogo-panalpina\" itemprop=\"image\" height=\"51\" width=\"120\" title=\"kundenlogo-panalpina\" onerror=\"this.style.display='none'\"  \/>\n\t\t\t\t<img decoding=\"async\" src=\"https:\/\/www.divis.eu\/wp-content\/uploads\/2018\/01\/kundenlogo-online.png\" alt=\"kundenlogo-online\" itemprop=\"image\" height=\"51\" width=\"120\" title=\"kundenlogo-online\" onerror=\"this.style.display='none'\"  \/>\n\t\t\t\t<img decoding=\"async\" src=\"https:\/\/www.divis.eu\/wp-content\/uploads\/2018\/01\/kundenlogo-rhenus.png\" alt=\"Rhenus Logistics | DIVIS-Kunde\" title=\"kundenlogo-rhenus\" itemprop=\"image\"  \/>\n\t\t\t\t<img decoding=\"async\" src=\"https:\/\/www.divis.eu\/wp-content\/uploads\/2018\/01\/kundenlogo-tsb.png\" alt=\"kundenlogo-tsb\" itemprop=\"image\" height=\"51\" width=\"120\" title=\"kundenlogo-tsb\" onerror=\"this.style.display='none'\"  \/>\n\t\t\t\t<img decoding=\"async\" src=\"https:\/\/www.divis.eu\/wp-content\/uploads\/2018\/01\/kundenlogo-gebrueder-weiss.png\" alt=\"Gebr\u00fcder Weiss | DIVIS-Kunde\" itemprop=\"image\" height=\"51\" width=\"150\" title=\"kundenlogo-gebrueder-weiss\" onerror=\"this.style.display='none'\"  \/>\n\t\t\t\t<img decoding=\"async\" src=\"https:\/\/www.divis.eu\/wp-content\/uploads\/2018\/01\/kundenlogo-tchibo.png\" alt=\"Tchibo | DIVIS-Kunde\" title=\"kundenlogo-tchibo\" itemprop=\"image\"  \/>\n\t\t\t\t<img decoding=\"async\" src=\"https:\/\/www.divis.eu\/wp-content\/uploads\/2018\/01\/kundenlogo-24plus.png\" alt=\"kundenlogo-24plus\" itemprop=\"image\" height=\"51\" width=\"120\" title=\"kundenlogo-24plus\" onerror=\"this.style.display='none'\"  \/>\n\t\t\t\t<img decoding=\"async\" src=\"https:\/\/www.divis.eu\/wp-content\/uploads\/2018\/01\/kundenlogo-raben.png\" alt=\"Raben Group | DIVIS-Kunde\" title=\"kundenlogo-raben\" itemprop=\"image\"  \/>\n\t\t\t\t<img decoding=\"async\" src=\"https:\/\/www.divis.eu\/wp-content\/uploads\/2018\/01\/kundenlogo-geis.png\" alt=\"Spedition Geis | DIVIS-Kunde\" title=\"kundenlogo-geis\" itemprop=\"image\"  \/>\n\t\t\t\t<img decoding=\"async\" src=\"https:\/\/www.divis.eu\/wp-content\/uploads\/2018\/01\/kundenlogo-zufall.png\" alt=\"kundenlogo-zufall\" itemprop=\"image\" height=\"51\" width=\"120\" title=\"kundenlogo-zufall\" onerror=\"this.style.display='none'\"  \/>\n","protected":false},"excerpt":{"rendered":"<p>Archives Conseils et infos Nouvelles DIVIS Conseils produits Informations g\u00e9n\u00e9rales Archives 2017: Informations g\u00e9n\u00e9rales November 25 2017 \u00c9nergie verte : installation photovolta\u00efque sur le toit de DIVIS \u00c9nergie verte : installation photovolta\u00efque sur le toit de DIVIS. L&rsquo;installation install\u00e9e en 2013 a une capacit\u00e9 de 54,6 kWc (kilowatt cr\u00eate) et couvre pr\u00e8s de 50 %&hellip;<\/p>\n","protected":false},"author":1,"featured_media":0,"parent":0,"menu_order":0,"comment_status":"closed","ping_status":"closed","template":"","meta":{"footnotes":""},"class_list":["post-13018","page","type-page","status-publish","hentry"],"yoast_head":"<!-- This site is optimized with the Yoast SEO plugin v27.4 - https:\/\/yoast.com\/product\/yoast-seo-wordpress\/ -->\n<title>Archives d&#039;informations g\u00e9n\u00e9rales DIVIS 2017 | Logiciel de surveillance vid\u00e9o pour la logistique<\/title>\n<meta name=\"description\" content=\"Des conseils et des informations int\u00e9ressantes fournis par DIVIS sur les logiciels de surveillance vid\u00e9o pour la logistique, ainsi que d\u2019autres informations techniques et sectorielles.\" \/>\n<meta name=\"robots\" content=\"index, follow, max-snippet:-1, max-image-preview:large, max-video-preview:-1\" \/>\n<link rel=\"canonical\" href=\"https:\/\/www.divis.eu\/fr\/archives-dinformations-generales-divis-2017-logiciel-de-surveillance-video-pour-la-logistique\/\" \/>\n<meta property=\"og:locale\" content=\"fr_FR\" \/>\n<meta property=\"og:type\" content=\"article\" \/>\n<meta property=\"og:title\" content=\"Archives d&#039;informations g\u00e9n\u00e9rales DIVIS 2017 | Logiciel de surveillance vid\u00e9o pour la logistique\" \/>\n<meta property=\"og:description\" content=\"Des conseils et des informations int\u00e9ressantes fournis par DIVIS sur les logiciels de surveillance vid\u00e9o pour la logistique, ainsi que d\u2019autres informations techniques et sectorielles.\" \/>\n<meta property=\"og:url\" content=\"https:\/\/www.divis.eu\/fr\/archives-dinformations-generales-divis-2017-logiciel-de-surveillance-video-pour-la-logistique\/\" \/>\n<meta property=\"og:site_name\" content=\"DIVIS - The intelligent view\" \/>\n<meta property=\"article:modified_time\" content=\"2020-04-04T16:36:26+00:00\" \/>\n<meta property=\"og:image\" content=\"https:\/\/www.divis.eu\/wp-content\/uploads\/2018\/11\/sprechblase-newsletter-abo-fr.png\" \/>\n<meta name=\"twitter:card\" content=\"summary_large_image\" \/>\n<meta name=\"twitter:label1\" content=\"Dur\u00e9e de lecture estim\u00e9e\" \/>\n\t<meta name=\"twitter:data1\" content=\"1 minute\" \/>\n<script type=\"application\/ld+json\" class=\"yoast-schema-graph\">{\"@context\":\"https:\\\/\\\/schema.org\",\"@graph\":[{\"@type\":\"WebPage\",\"@id\":\"https:\\\/\\\/www.divis.eu\\\/fr\\\/archives-dinformations-generales-divis-2017-logiciel-de-surveillance-video-pour-la-logistique\\\/\",\"url\":\"https:\\\/\\\/www.divis.eu\\\/fr\\\/archives-dinformations-generales-divis-2017-logiciel-de-surveillance-video-pour-la-logistique\\\/\",\"name\":\"Archives d'informations g\u00e9n\u00e9rales DIVIS 2017 | Logiciel de surveillance vid\u00e9o pour la logistique\",\"isPartOf\":{\"@id\":\"https:\\\/\\\/www.divis.eu\\\/#website\"},\"primaryImageOfPage\":{\"@id\":\"https:\\\/\\\/www.divis.eu\\\/fr\\\/archives-dinformations-generales-divis-2017-logiciel-de-surveillance-video-pour-la-logistique\\\/#primaryimage\"},\"image\":{\"@id\":\"https:\\\/\\\/www.divis.eu\\\/fr\\\/archives-dinformations-generales-divis-2017-logiciel-de-surveillance-video-pour-la-logistique\\\/#primaryimage\"},\"thumbnailUrl\":\"https:\\\/\\\/www.divis.eu\\\/wp-content\\\/uploads\\\/2018\\\/11\\\/sprechblase-newsletter-abo-fr.png\",\"datePublished\":\"2018-05-05T04:53:32+00:00\",\"dateModified\":\"2020-04-04T16:36:26+00:00\",\"description\":\"Des conseils et des informations int\u00e9ressantes fournis par DIVIS sur les logiciels de surveillance vid\u00e9o pour la logistique, ainsi que d\u2019autres informations techniques et sectorielles.\",\"breadcrumb\":{\"@id\":\"https:\\\/\\\/www.divis.eu\\\/fr\\\/archives-dinformations-generales-divis-2017-logiciel-de-surveillance-video-pour-la-logistique\\\/#breadcrumb\"},\"inLanguage\":\"fr-FR\",\"potentialAction\":[{\"@type\":\"ReadAction\",\"target\":[\"https:\\\/\\\/www.divis.eu\\\/fr\\\/archives-dinformations-generales-divis-2017-logiciel-de-surveillance-video-pour-la-logistique\\\/\"]}]},{\"@type\":\"ImageObject\",\"inLanguage\":\"fr-FR\",\"@id\":\"https:\\\/\\\/www.divis.eu\\\/fr\\\/archives-dinformations-generales-divis-2017-logiciel-de-surveillance-video-pour-la-logistique\\\/#primaryimage\",\"url\":\"https:\\\/\\\/www.divis.eu\\\/wp-content\\\/uploads\\\/2018\\\/11\\\/sprechblase-newsletter-abo-fr.png\",\"contentUrl\":\"https:\\\/\\\/www.divis.eu\\\/wp-content\\\/uploads\\\/2018\\\/11\\\/sprechblase-newsletter-abo-fr.png\"},{\"@type\":\"BreadcrumbList\",\"@id\":\"https:\\\/\\\/www.divis.eu\\\/fr\\\/archives-dinformations-generales-divis-2017-logiciel-de-surveillance-video-pour-la-logistique\\\/#breadcrumb\",\"itemListElement\":[{\"@type\":\"ListItem\",\"position\":1,\"name\":\"Startseite\",\"item\":\"https:\\\/\\\/www.divis.eu\\\/fr\\\/\"},{\"@type\":\"ListItem\",\"position\":2,\"name\":\"Archives d&rsquo;informations g\u00e9n\u00e9rales DIVIS 2017 | Logiciel de surveillance vid\u00e9o pour la logistique\"}]},{\"@type\":\"WebSite\",\"@id\":\"https:\\\/\\\/www.divis.eu\\\/#website\",\"url\":\"https:\\\/\\\/www.divis.eu\\\/\",\"name\":\"DIVIS - The intelligent view\",\"description\":\"Videosysteml\u00f6sungen f\u00fcr Umschlags- und Warenlager\",\"potentialAction\":[{\"@type\":\"SearchAction\",\"target\":{\"@type\":\"EntryPoint\",\"urlTemplate\":\"https:\\\/\\\/www.divis.eu\\\/?s={search_term_string}\"},\"query-input\":{\"@type\":\"PropertyValueSpecification\",\"valueRequired\":true,\"valueName\":\"search_term_string\"}}],\"inLanguage\":\"fr-FR\"}]}<\/script>\n<!-- \/ Yoast SEO plugin. -->","yoast_head_json":{"title":"Archives d'informations g\u00e9n\u00e9rales DIVIS 2017 | Logiciel de surveillance vid\u00e9o pour la logistique","description":"Des conseils et des informations int\u00e9ressantes fournis par DIVIS sur les logiciels de surveillance vid\u00e9o pour la logistique, ainsi que d\u2019autres informations techniques et sectorielles.","robots":{"index":"index","follow":"follow","max-snippet":"max-snippet:-1","max-image-preview":"max-image-preview:large","max-video-preview":"max-video-preview:-1"},"canonical":"https:\/\/www.divis.eu\/fr\/archives-dinformations-generales-divis-2017-logiciel-de-surveillance-video-pour-la-logistique\/","og_locale":"fr_FR","og_type":"article","og_title":"Archives d'informations g\u00e9n\u00e9rales DIVIS 2017 | Logiciel de surveillance vid\u00e9o pour la logistique","og_description":"Des conseils et des informations int\u00e9ressantes fournis par DIVIS sur les logiciels de surveillance vid\u00e9o pour la logistique, ainsi que d\u2019autres informations techniques et sectorielles.","og_url":"https:\/\/www.divis.eu\/fr\/archives-dinformations-generales-divis-2017-logiciel-de-surveillance-video-pour-la-logistique\/","og_site_name":"DIVIS - The intelligent view","article_modified_time":"2020-04-04T16:36:26+00:00","og_image":[{"url":"https:\/\/www.divis.eu\/wp-content\/uploads\/2018\/11\/sprechblase-newsletter-abo-fr.png","type":"","width":"","height":""}],"twitter_card":"summary_large_image","twitter_misc":{"Dur\u00e9e de lecture estim\u00e9e":"1 minute"},"schema":{"@context":"https:\/\/schema.org","@graph":[{"@type":"WebPage","@id":"https:\/\/www.divis.eu\/fr\/archives-dinformations-generales-divis-2017-logiciel-de-surveillance-video-pour-la-logistique\/","url":"https:\/\/www.divis.eu\/fr\/archives-dinformations-generales-divis-2017-logiciel-de-surveillance-video-pour-la-logistique\/","name":"Archives d'informations g\u00e9n\u00e9rales DIVIS 2017 | Logiciel de surveillance vid\u00e9o pour la logistique","isPartOf":{"@id":"https:\/\/www.divis.eu\/#website"},"primaryImageOfPage":{"@id":"https:\/\/www.divis.eu\/fr\/archives-dinformations-generales-divis-2017-logiciel-de-surveillance-video-pour-la-logistique\/#primaryimage"},"image":{"@id":"https:\/\/www.divis.eu\/fr\/archives-dinformations-generales-divis-2017-logiciel-de-surveillance-video-pour-la-logistique\/#primaryimage"},"thumbnailUrl":"https:\/\/www.divis.eu\/wp-content\/uploads\/2018\/11\/sprechblase-newsletter-abo-fr.png","datePublished":"2018-05-05T04:53:32+00:00","dateModified":"2020-04-04T16:36:26+00:00","description":"Des conseils et des informations int\u00e9ressantes fournis par DIVIS sur les logiciels de surveillance vid\u00e9o pour la logistique, ainsi que d\u2019autres informations techniques et sectorielles.","breadcrumb":{"@id":"https:\/\/www.divis.eu\/fr\/archives-dinformations-generales-divis-2017-logiciel-de-surveillance-video-pour-la-logistique\/#breadcrumb"},"inLanguage":"fr-FR","potentialAction":[{"@type":"ReadAction","target":["https:\/\/www.divis.eu\/fr\/archives-dinformations-generales-divis-2017-logiciel-de-surveillance-video-pour-la-logistique\/"]}]},{"@type":"ImageObject","inLanguage":"fr-FR","@id":"https:\/\/www.divis.eu\/fr\/archives-dinformations-generales-divis-2017-logiciel-de-surveillance-video-pour-la-logistique\/#primaryimage","url":"https:\/\/www.divis.eu\/wp-content\/uploads\/2018\/11\/sprechblase-newsletter-abo-fr.png","contentUrl":"https:\/\/www.divis.eu\/wp-content\/uploads\/2018\/11\/sprechblase-newsletter-abo-fr.png"},{"@type":"BreadcrumbList","@id":"https:\/\/www.divis.eu\/fr\/archives-dinformations-generales-divis-2017-logiciel-de-surveillance-video-pour-la-logistique\/#breadcrumb","itemListElement":[{"@type":"ListItem","position":1,"name":"Startseite","item":"https:\/\/www.divis.eu\/fr\/"},{"@type":"ListItem","position":2,"name":"Archives d&rsquo;informations g\u00e9n\u00e9rales DIVIS 2017 | Logiciel de surveillance vid\u00e9o pour la logistique"}]},{"@type":"WebSite","@id":"https:\/\/www.divis.eu\/#website","url":"https:\/\/www.divis.eu\/","name":"DIVIS - The intelligent view","description":"Videosysteml\u00f6sungen f\u00fcr Umschlags- und Warenlager","potentialAction":[{"@type":"SearchAction","target":{"@type":"EntryPoint","urlTemplate":"https:\/\/www.divis.eu\/?s={search_term_string}"},"query-input":{"@type":"PropertyValueSpecification","valueRequired":true,"valueName":"search_term_string"}}],"inLanguage":"fr-FR"}]}},"_links":{"self":[{"href":"https:\/\/www.divis.eu\/fr\/wp-json\/wp\/v2\/pages\/13018","targetHints":{"allow":["GET"]}}],"collection":[{"href":"https:\/\/www.divis.eu\/fr\/wp-json\/wp\/v2\/pages"}],"about":[{"href":"https:\/\/www.divis.eu\/fr\/wp-json\/wp\/v2\/types\/page"}],"author":[{"embeddable":true,"href":"https:\/\/www.divis.eu\/fr\/wp-json\/wp\/v2\/users\/1"}],"replies":[{"embeddable":true,"href":"https:\/\/www.divis.eu\/fr\/wp-json\/wp\/v2\/comments?post=13018"}],"version-history":[{"count":0,"href":"https:\/\/www.divis.eu\/fr\/wp-json\/wp\/v2\/pages\/13018\/revisions"}],"wp:attachment":[{"href":"https:\/\/www.divis.eu\/fr\/wp-json\/wp\/v2\/media?parent=13018"}],"curies":[{"name":"wp","href":"https:\/\/api.w.org\/{rel}","templated":true}]}}