{"id":13032,"date":"2018-05-05T04:42:06","date_gmt":"2018-05-05T04:42:06","guid":{"rendered":"https:\/\/www.divis.eu\/divis-produkt-tipps-archiv-2017-videoueberwachung-hd-kamera\/"},"modified":"2020-04-04T16:22:13","modified_gmt":"2020-04-04T16:22:13","slug":"archive-des-conseils-produits-divis-2017-surveillance-video-avec-camera-hd","status":"publish","type":"page","link":"https:\/\/www.divis.eu\/fr\/archive-des-conseils-produits-divis-2017-surveillance-video-avec-camera-hd\/","title":{"rendered":"Archive des conseils produits DIVIS 2017 | Surveillance vid\u00e9o avec cam\u00e9ra HD"},"content":{"rendered":"<h3>\n\t\tArchive\n\t<\/h3>\n<h2>\n\t\tConseils produits\n\t<\/h2>\n\t\t\t\t<a href=\"https:\/\/www.divis.eu\/fr\/inscription-a-la-newsletter-optimisation-des-processus-dans-lentrepot\/\" target=\"_self\" itemprop=\"url\" rel=\"noopener noreferrer\">\n\t\t\t\t<img decoding=\"async\" src=\"https:\/\/www.divis.eu\/wp-content\/uploads\/2018\/11\/sprechblase-newsletter-abo-fr.png\" alt=\"Videomanagement-Software Logistik DIVIS\" title=\"sprechblase-newsletter-abo-fr\" itemprop=\"image\"  \/>\n\t\t\t\t\t\t<\/a>\n\t\t\t\t\t<ul id=\"menu-fr-tipps-infos\"><li id=\"menu-item-12529\"><a href=\"https:\/\/www.divis.eu\/fr\/divis-news-vue-densemble-suivi-des-envois-par-camera-en-logistique\/\">Nouvelles DIVIS<\/a><\/li>\n<li id=\"menu-item-12530\"><a href=\"https:\/\/www.divis.eu\/fr\/conseils-produits-divis-suivi-des-marchandises-par-videotracking\/\">Conseils produits<\/a><\/li>\n<li id=\"menu-item-12531\"><a href=\"https:\/\/www.divis.eu\/fr\/informations-generales-divis-suivi-des-marchandises-guide-par-images\/\">Informations g\u00e9n\u00e9rales<\/a><\/li>\n<\/ul>\t\n\t<h1>\n\t\tArchives 2017: Trucs et astuces\n\t<\/h1>\n\t\t\t\t\t\t\t\t\t\t\t\t\t\t<a href=\"https:\/\/www.divis.eu\/fr\/outils-utiles-pour-la-recherche-avec-la-camera-360-4k-dans-le-logiciel-divis\/\" target=\"_self\" title=\"Outils utiles pour la recherche avec la cam\u00e9ra 360\u00b0 4K dans le logiciel DIVIS\" rel=\"noopener noreferrer\">\n\t\t\t\t<img decoding=\"async\" src=\"https:\/\/www.divis.eu\/wp-content\/uploads\/2017\/11\/TDM-360-grad-4K-Kameras-fr.jpg\" alt=\"\" \/>\n\t\t\t\t<\/a>\n\t\t\t\t\t\t<h2>\n\t\t\t\t\t\t\t\tNovember\t\t\t\t\t\t\t\t\n\t\t\t\t\t\t\t\t17\n\t\t\t\t\t\t\t\t2017\n\t\t\t\t\t\t<\/h2>\n\t\t\t\t\t\t<h4>\n\t\t\t\t<a href=https:\/\/www.divis.eu\/fr\/outils-utiles-pour-la-recherche-avec-la-camera-360-4k-dans-le-logiciel-divis\/ title=\"Outils utiles pour la recherche avec la cam\u00e9ra 360\u00b0 4K dans le logiciel DIVIS\" tabindex=\"0\">Outils utiles pour la recherche avec la cam\u00e9ra 360\u00b0 4K dans le logiciel DIVIS<\/a>\t\t\t<\/h4>\n\t\t\t\t\t\t\t\tAu cours de notre derni\u00e8re newsletter, nous avions d\u00e9j\u00e0 pr\u00e9sent\u00e9 la nouvelle fonction-panorama pour le mode live de CargoVIS et de ParcelVIS &#8230;\n\t\t\t<a href=\"https:\/\/www.divis.eu\/fr\/outils-utiles-pour-la-recherche-avec-la-camera-360-4k-dans-le-logiciel-divis\/\" target=\"_self\" role=\"button\" rel=\"noopener noreferrer\">\n\t\t\t\t\t\t\tPlus\n\t\t<\/a>\n\t\t\t\t\t\t\t\t\t\t\t\t\t\t<a href=\"https:\/\/www.divis.eu\/fr\/evaluer-de-facon-interessante-les-statistiques-de-vos-scans-et-detecter-les-problemes-a-temps-en-1-clic-via-notre-logiciel-parcelvis\/\" target=\"_self\" title=\"Evaluer de fa\u00e7on int\u00e9ressante les statistiques de vos scans et d\u00e9tecter les probl\u00e8mes \u00e0 temps en 1 clic via notre logiciel ParcelVIS\" rel=\"noopener noreferrer\">\n\t\t\t\t<img decoding=\"async\" src=\"https:\/\/www.divis.eu\/wp-content\/uploads\/2017\/10\/tipp-des-monats-fr-scanstatistiken.gif\" alt=\"Videomanagement-Software Logistik DIVIS\" \/>\n\t\t\t\t<\/a>\n\t\t\t\t\t\t<h2>\n\t\t\t\t\t\t\t\tOctober\t\t\t\t\t\t\t\t\n\t\t\t\t\t\t\t\t30\n\t\t\t\t\t\t\t\t2017\n\t\t\t\t\t\t<\/h2>\n\t\t\t\t\t\t<h4>\n\t\t\t\t<a href=https:\/\/www.divis.eu\/fr\/evaluer-de-facon-interessante-les-statistiques-de-vos-scans-et-detecter-les-problemes-a-temps-en-1-clic-via-notre-logiciel-parcelvis\/ title=\"Evaluer de fa\u00e7on int\u00e9ressante les statistiques de vos scans et d\u00e9tecter les probl\u00e8mes \u00e0 temps en 1 clic via notre logiciel ParcelVIS\" tabindex=\"0\">Evaluer de fa\u00e7on int\u00e9ressante les statistiques de vos scans et d\u00e9tecter les probl\u00e8mes \u00e0 temps en 1 clic via notre logiciel ParcelVIS<\/a>\t\t\t<\/h4>\n\t\t\t\t\t\t\t\tL&rsquo;\u00e9valuation des statistiques de scan dans ParcelVIS est une aide pr\u00e9cieuse pour la d\u00e9tection pr\u00e9coce des probl\u00e8mes techniques.\n\t\t\t<a href=\"https:\/\/www.divis.eu\/fr\/evaluer-de-facon-interessante-les-statistiques-de-vos-scans-et-detecter-les-problemes-a-temps-en-1-clic-via-notre-logiciel-parcelvis\/\" target=\"_self\" role=\"button\" rel=\"noopener noreferrer\">\n\t\t\t\t\t\t\tPlus\n\t\t<\/a>\n\t\t<h3>\n\t\tArchiv<br>Produkt-Tipps\n\t<\/h3>\n\t\t\t\t\t<ul id=\"menu-fr-produktinfos-archiv-menu\"><li id=\"menu-item-18103\"><a href=\"https:\/\/www.divis.eu\/fr\/divis-product-tips-archive-2019-360-degree-camera\/\">Archive des conseils produits 2019<\/a><\/li>\n<li id=\"menu-item-13039\"><a href=\"https:\/\/www.divis.eu\/fr\/archive-des-conseils-produits-divis-2017-surveillance-video-avec-camera-hd\/\">Archive des conseils produits 2017<\/a><\/li>\n<li id=\"menu-item-15831\"><a href=\"https:\/\/www.divis.eu\/fr\/conseils-produits-divis-suivi-des-marchandises-videotracking\/\">Archive des conseils produits 2018<\/a><\/li>\n<\/ul>\t\n\t\t\t\t<img decoding=\"async\" src=\"https:\/\/www.divis.eu\/wp-content\/uploads\/2018\/01\/kundenlogo-CTL.png\" alt=\"kundenlogo-CTL\" itemprop=\"image\" height=\"51\" width=\"120\" title=\"kundenlogo-CTL\" onerror=\"this.style.display='none'\"  \/>\n\t\t\t\t<img decoding=\"async\" src=\"https:\/\/www.divis.eu\/wp-content\/uploads\/2018\/01\/kundenlogo-dpd.png\" alt=\"kundenlogo-dpd\" itemprop=\"image\" height=\"51\" width=\"120\" title=\"kundenlogo-dpd\" onerror=\"this.style.display='none'\"  \/>\n\t\t\t\t<img decoding=\"async\" src=\"https:\/\/www.divis.eu\/wp-content\/uploads\/2018\/01\/kundenlogo-panalpina.png\" alt=\"kundenlogo-panalpina\" itemprop=\"image\" height=\"51\" width=\"120\" title=\"kundenlogo-panalpina\" onerror=\"this.style.display='none'\"  \/>\n\t\t\t\t<img decoding=\"async\" src=\"https:\/\/www.divis.eu\/wp-content\/uploads\/2018\/01\/kundenlogo-online.png\" alt=\"kundenlogo-online\" itemprop=\"image\" height=\"51\" width=\"120\" title=\"kundenlogo-online\" onerror=\"this.style.display='none'\"  \/>\n\t\t\t\t<img decoding=\"async\" src=\"https:\/\/www.divis.eu\/wp-content\/uploads\/2018\/01\/kundenlogo-rhenus.png\" alt=\"Rhenus Logistics | DIVIS-Kunde\" title=\"kundenlogo-rhenus\" itemprop=\"image\"  \/>\n\t\t\t\t<img decoding=\"async\" src=\"https:\/\/www.divis.eu\/wp-content\/uploads\/2018\/01\/kundenlogo-tsb.png\" alt=\"kundenlogo-tsb\" itemprop=\"image\" height=\"51\" width=\"120\" title=\"kundenlogo-tsb\" onerror=\"this.style.display='none'\"  \/>\n\t\t\t\t<img decoding=\"async\" src=\"https:\/\/www.divis.eu\/wp-content\/uploads\/2018\/01\/kundenlogo-gebrueder-weiss.png\" alt=\"Gebr\u00fcder Weiss | DIVIS-Kunde\" itemprop=\"image\" height=\"51\" width=\"150\" title=\"kundenlogo-gebrueder-weiss\" onerror=\"this.style.display='none'\"  \/>\n\t\t\t\t<img decoding=\"async\" src=\"https:\/\/www.divis.eu\/wp-content\/uploads\/2018\/01\/kundenlogo-tchibo.png\" alt=\"Tchibo | DIVIS-Kunde\" title=\"kundenlogo-tchibo\" itemprop=\"image\"  \/>\n\t\t\t\t<img decoding=\"async\" src=\"https:\/\/www.divis.eu\/wp-content\/uploads\/2018\/01\/kundenlogo-24plus.png\" alt=\"kundenlogo-24plus\" itemprop=\"image\" height=\"51\" width=\"120\" title=\"kundenlogo-24plus\" onerror=\"this.style.display='none'\"  \/>\n\t\t\t\t<img decoding=\"async\" src=\"https:\/\/www.divis.eu\/wp-content\/uploads\/2018\/01\/kundenlogo-raben.png\" alt=\"Raben Group | DIVIS-Kunde\" title=\"kundenlogo-raben\" itemprop=\"image\"  \/>\n\t\t\t\t<img decoding=\"async\" src=\"https:\/\/www.divis.eu\/wp-content\/uploads\/2018\/01\/kundenlogo-geis.png\" alt=\"Spedition Geis | DIVIS-Kunde\" title=\"kundenlogo-geis\" itemprop=\"image\"  \/>\n\t\t\t\t<img decoding=\"async\" src=\"https:\/\/www.divis.eu\/wp-content\/uploads\/2018\/01\/kundenlogo-zufall.png\" alt=\"kundenlogo-zufall\" itemprop=\"image\" height=\"51\" width=\"120\" title=\"kundenlogo-zufall\" onerror=\"this.style.display='none'\"  \/>\n","protected":false},"excerpt":{"rendered":"<p>Archive Conseils produits Nouvelles DIVIS Conseils produits Informations g\u00e9n\u00e9rales Archives 2017: Trucs et astuces November 17 2017 Outils utiles pour la recherche avec la cam\u00e9ra 360\u00b0 4K dans le logiciel DIVIS Au cours de notre derni\u00e8re newsletter, nous avions d\u00e9j\u00e0 pr\u00e9sent\u00e9 la nouvelle fonction-panorama pour le mode live de CargoVIS et de ParcelVIS &#8230; Plus&hellip;<\/p>\n","protected":false},"author":1,"featured_media":0,"parent":0,"menu_order":0,"comment_status":"closed","ping_status":"closed","template":"","meta":{"footnotes":""},"class_list":["post-13032","page","type-page","status-publish","hentry"],"yoast_head":"<!-- This site is optimized with the Yoast SEO plugin v27.4 - https:\/\/yoast.com\/product\/yoast-seo-wordpress\/ -->\n<title>Archive des conseils produits DIVIS 2017 | Surveillance vid\u00e9o avec cam\u00e9ra HD<\/title>\n<meta name=\"description\" content=\"Les informations et conseils int\u00e9ressants de DIVIS sur nos produits de vid\u00e9osurveillance avec cam\u00e9ra HD en logistique, ainsi que d\u2019autres informations techniques et techniques.\" \/>\n<meta name=\"robots\" content=\"index, follow, max-snippet:-1, max-image-preview:large, max-video-preview:-1\" \/>\n<link rel=\"canonical\" href=\"https:\/\/www.divis.eu\/fr\/archive-des-conseils-produits-divis-2017-surveillance-video-avec-camera-hd\/\" \/>\n<meta property=\"og:locale\" content=\"fr_FR\" \/>\n<meta property=\"og:type\" content=\"article\" \/>\n<meta property=\"og:title\" content=\"Archive des conseils produits DIVIS 2017 | Surveillance vid\u00e9o avec cam\u00e9ra HD\" \/>\n<meta property=\"og:description\" content=\"Les informations et conseils int\u00e9ressants de DIVIS sur nos produits de vid\u00e9osurveillance avec cam\u00e9ra HD en logistique, ainsi que d\u2019autres informations techniques et techniques.\" \/>\n<meta property=\"og:url\" content=\"https:\/\/www.divis.eu\/fr\/archive-des-conseils-produits-divis-2017-surveillance-video-avec-camera-hd\/\" \/>\n<meta property=\"og:site_name\" content=\"DIVIS - The intelligent view\" \/>\n<meta property=\"article:modified_time\" content=\"2020-04-04T16:22:13+00:00\" \/>\n<meta property=\"og:image\" content=\"https:\/\/www.divis.eu\/wp-content\/uploads\/2018\/11\/sprechblase-newsletter-abo-fr.png\" \/>\n<meta name=\"twitter:card\" content=\"summary_large_image\" \/>\n<meta name=\"twitter:label1\" content=\"Dur\u00e9e de lecture estim\u00e9e\" \/>\n\t<meta name=\"twitter:data1\" content=\"1 minute\" \/>\n<script type=\"application\/ld+json\" class=\"yoast-schema-graph\">{\"@context\":\"https:\\\/\\\/schema.org\",\"@graph\":[{\"@type\":\"WebPage\",\"@id\":\"https:\\\/\\\/www.divis.eu\\\/fr\\\/archive-des-conseils-produits-divis-2017-surveillance-video-avec-camera-hd\\\/\",\"url\":\"https:\\\/\\\/www.divis.eu\\\/fr\\\/archive-des-conseils-produits-divis-2017-surveillance-video-avec-camera-hd\\\/\",\"name\":\"Archive des conseils produits DIVIS 2017 | Surveillance vid\u00e9o avec cam\u00e9ra HD\",\"isPartOf\":{\"@id\":\"https:\\\/\\\/www.divis.eu\\\/#website\"},\"primaryImageOfPage\":{\"@id\":\"https:\\\/\\\/www.divis.eu\\\/fr\\\/archive-des-conseils-produits-divis-2017-surveillance-video-avec-camera-hd\\\/#primaryimage\"},\"image\":{\"@id\":\"https:\\\/\\\/www.divis.eu\\\/fr\\\/archive-des-conseils-produits-divis-2017-surveillance-video-avec-camera-hd\\\/#primaryimage\"},\"thumbnailUrl\":\"https:\\\/\\\/www.divis.eu\\\/wp-content\\\/uploads\\\/2018\\\/11\\\/sprechblase-newsletter-abo-fr.png\",\"datePublished\":\"2018-05-05T04:42:06+00:00\",\"dateModified\":\"2020-04-04T16:22:13+00:00\",\"description\":\"Les informations et conseils int\u00e9ressants de DIVIS sur nos produits de vid\u00e9osurveillance avec cam\u00e9ra HD en logistique, ainsi que d\u2019autres informations techniques et techniques.\",\"breadcrumb\":{\"@id\":\"https:\\\/\\\/www.divis.eu\\\/fr\\\/archive-des-conseils-produits-divis-2017-surveillance-video-avec-camera-hd\\\/#breadcrumb\"},\"inLanguage\":\"fr-FR\",\"potentialAction\":[{\"@type\":\"ReadAction\",\"target\":[\"https:\\\/\\\/www.divis.eu\\\/fr\\\/archive-des-conseils-produits-divis-2017-surveillance-video-avec-camera-hd\\\/\"]}]},{\"@type\":\"ImageObject\",\"inLanguage\":\"fr-FR\",\"@id\":\"https:\\\/\\\/www.divis.eu\\\/fr\\\/archive-des-conseils-produits-divis-2017-surveillance-video-avec-camera-hd\\\/#primaryimage\",\"url\":\"https:\\\/\\\/www.divis.eu\\\/wp-content\\\/uploads\\\/2018\\\/11\\\/sprechblase-newsletter-abo-fr.png\",\"contentUrl\":\"https:\\\/\\\/www.divis.eu\\\/wp-content\\\/uploads\\\/2018\\\/11\\\/sprechblase-newsletter-abo-fr.png\"},{\"@type\":\"BreadcrumbList\",\"@id\":\"https:\\\/\\\/www.divis.eu\\\/fr\\\/archive-des-conseils-produits-divis-2017-surveillance-video-avec-camera-hd\\\/#breadcrumb\",\"itemListElement\":[{\"@type\":\"ListItem\",\"position\":1,\"name\":\"Startseite\",\"item\":\"https:\\\/\\\/www.divis.eu\\\/fr\\\/\"},{\"@type\":\"ListItem\",\"position\":2,\"name\":\"Archive des conseils produits DIVIS 2017 | Surveillance vid\u00e9o avec cam\u00e9ra HD\"}]},{\"@type\":\"WebSite\",\"@id\":\"https:\\\/\\\/www.divis.eu\\\/#website\",\"url\":\"https:\\\/\\\/www.divis.eu\\\/\",\"name\":\"DIVIS - The intelligent view\",\"description\":\"Videosysteml\u00f6sungen f\u00fcr Umschlags- und Warenlager\",\"potentialAction\":[{\"@type\":\"SearchAction\",\"target\":{\"@type\":\"EntryPoint\",\"urlTemplate\":\"https:\\\/\\\/www.divis.eu\\\/?s={search_term_string}\"},\"query-input\":{\"@type\":\"PropertyValueSpecification\",\"valueRequired\":true,\"valueName\":\"search_term_string\"}}],\"inLanguage\":\"fr-FR\"}]}<\/script>\n<!-- \/ Yoast SEO plugin. -->","yoast_head_json":{"title":"Archive des conseils produits DIVIS 2017 | Surveillance vid\u00e9o avec cam\u00e9ra HD","description":"Les informations et conseils int\u00e9ressants de DIVIS sur nos produits de vid\u00e9osurveillance avec cam\u00e9ra HD en logistique, ainsi que d\u2019autres informations techniques et techniques.","robots":{"index":"index","follow":"follow","max-snippet":"max-snippet:-1","max-image-preview":"max-image-preview:large","max-video-preview":"max-video-preview:-1"},"canonical":"https:\/\/www.divis.eu\/fr\/archive-des-conseils-produits-divis-2017-surveillance-video-avec-camera-hd\/","og_locale":"fr_FR","og_type":"article","og_title":"Archive des conseils produits DIVIS 2017 | Surveillance vid\u00e9o avec cam\u00e9ra HD","og_description":"Les informations et conseils int\u00e9ressants de DIVIS sur nos produits de vid\u00e9osurveillance avec cam\u00e9ra HD en logistique, ainsi que d\u2019autres informations techniques et techniques.","og_url":"https:\/\/www.divis.eu\/fr\/archive-des-conseils-produits-divis-2017-surveillance-video-avec-camera-hd\/","og_site_name":"DIVIS - The intelligent view","article_modified_time":"2020-04-04T16:22:13+00:00","og_image":[{"url":"https:\/\/www.divis.eu\/wp-content\/uploads\/2018\/11\/sprechblase-newsletter-abo-fr.png","type":"","width":"","height":""}],"twitter_card":"summary_large_image","twitter_misc":{"Dur\u00e9e de lecture estim\u00e9e":"1 minute"},"schema":{"@context":"https:\/\/schema.org","@graph":[{"@type":"WebPage","@id":"https:\/\/www.divis.eu\/fr\/archive-des-conseils-produits-divis-2017-surveillance-video-avec-camera-hd\/","url":"https:\/\/www.divis.eu\/fr\/archive-des-conseils-produits-divis-2017-surveillance-video-avec-camera-hd\/","name":"Archive des conseils produits DIVIS 2017 | Surveillance vid\u00e9o avec cam\u00e9ra HD","isPartOf":{"@id":"https:\/\/www.divis.eu\/#website"},"primaryImageOfPage":{"@id":"https:\/\/www.divis.eu\/fr\/archive-des-conseils-produits-divis-2017-surveillance-video-avec-camera-hd\/#primaryimage"},"image":{"@id":"https:\/\/www.divis.eu\/fr\/archive-des-conseils-produits-divis-2017-surveillance-video-avec-camera-hd\/#primaryimage"},"thumbnailUrl":"https:\/\/www.divis.eu\/wp-content\/uploads\/2018\/11\/sprechblase-newsletter-abo-fr.png","datePublished":"2018-05-05T04:42:06+00:00","dateModified":"2020-04-04T16:22:13+00:00","description":"Les informations et conseils int\u00e9ressants de DIVIS sur nos produits de vid\u00e9osurveillance avec cam\u00e9ra HD en logistique, ainsi que d\u2019autres informations techniques et techniques.","breadcrumb":{"@id":"https:\/\/www.divis.eu\/fr\/archive-des-conseils-produits-divis-2017-surveillance-video-avec-camera-hd\/#breadcrumb"},"inLanguage":"fr-FR","potentialAction":[{"@type":"ReadAction","target":["https:\/\/www.divis.eu\/fr\/archive-des-conseils-produits-divis-2017-surveillance-video-avec-camera-hd\/"]}]},{"@type":"ImageObject","inLanguage":"fr-FR","@id":"https:\/\/www.divis.eu\/fr\/archive-des-conseils-produits-divis-2017-surveillance-video-avec-camera-hd\/#primaryimage","url":"https:\/\/www.divis.eu\/wp-content\/uploads\/2018\/11\/sprechblase-newsletter-abo-fr.png","contentUrl":"https:\/\/www.divis.eu\/wp-content\/uploads\/2018\/11\/sprechblase-newsletter-abo-fr.png"},{"@type":"BreadcrumbList","@id":"https:\/\/www.divis.eu\/fr\/archive-des-conseils-produits-divis-2017-surveillance-video-avec-camera-hd\/#breadcrumb","itemListElement":[{"@type":"ListItem","position":1,"name":"Startseite","item":"https:\/\/www.divis.eu\/fr\/"},{"@type":"ListItem","position":2,"name":"Archive des conseils produits DIVIS 2017 | Surveillance vid\u00e9o avec cam\u00e9ra HD"}]},{"@type":"WebSite","@id":"https:\/\/www.divis.eu\/#website","url":"https:\/\/www.divis.eu\/","name":"DIVIS - The intelligent view","description":"Videosysteml\u00f6sungen f\u00fcr Umschlags- und Warenlager","potentialAction":[{"@type":"SearchAction","target":{"@type":"EntryPoint","urlTemplate":"https:\/\/www.divis.eu\/?s={search_term_string}"},"query-input":{"@type":"PropertyValueSpecification","valueRequired":true,"valueName":"search_term_string"}}],"inLanguage":"fr-FR"}]}},"_links":{"self":[{"href":"https:\/\/www.divis.eu\/fr\/wp-json\/wp\/v2\/pages\/13032","targetHints":{"allow":["GET"]}}],"collection":[{"href":"https:\/\/www.divis.eu\/fr\/wp-json\/wp\/v2\/pages"}],"about":[{"href":"https:\/\/www.divis.eu\/fr\/wp-json\/wp\/v2\/types\/page"}],"author":[{"embeddable":true,"href":"https:\/\/www.divis.eu\/fr\/wp-json\/wp\/v2\/users\/1"}],"replies":[{"embeddable":true,"href":"https:\/\/www.divis.eu\/fr\/wp-json\/wp\/v2\/comments?post=13032"}],"version-history":[{"count":0,"href":"https:\/\/www.divis.eu\/fr\/wp-json\/wp\/v2\/pages\/13032\/revisions"}],"wp:attachment":[{"href":"https:\/\/www.divis.eu\/fr\/wp-json\/wp\/v2\/media?parent=13032"}],"curies":[{"name":"wp","href":"https:\/\/api.w.org\/{rel}","templated":true}]}}