{"id":15560,"date":"2018-12-28T17:32:55","date_gmt":"2018-12-28T17:32:55","guid":{"rendered":"https:\/\/www.divis.eu\/divis-mediathek-ip-videosicherheitstechnik-fuer-die-logistik-produktvideos\/"},"modified":"2026-01-25T20:27:46","modified_gmt":"2026-01-25T20:27:46","slug":"mediatheque-divis-technologie-de-securite-video-ip-pour-la-logistique-videos-produits","status":"publish","type":"page","link":"https:\/\/www.divis.eu\/fr\/mediatheque-divis-technologie-de-securite-video-ip-pour-la-logistique-videos-produits\/","title":{"rendered":"M\u00e9diath\u00e8que DIVIS | Technologie de s\u00e9curit\u00e9 vid\u00e9o IP pour la logistique | Vid\u00e9os produits"},"content":{"rendered":"\n\n<h1>\n\t\t\tDIVIS se d\u00e9place\t<\/h1>\n<h1>\n\t\t\tVid\u00e9os du produit\t<\/h1>\n\t\t<meta itemprop=\"url\" content=\"https:\/\/www.divis.eu\/wp-content\/uploads\/2018\/03\/cargovis_en.mp4\" \/><div style=\"width: 640px;\" class=\"wp-video\"><!--[if lt IE 9]><script>document.createElement('video');<\/script><![endif]-->\n<video class=\"wp-video-shortcode\" id=\"video-15560-1\" width=\"640\" height=\"360\" poster=\"https:\/\/www.divis.eu\/wp-content\/uploads\/2018\/12\/cargovis-preview-2.jpg\" preload=\"none\" controls=\"controls\"><source type=\"video\/mp4\" src=\"https:\/\/www.divis.eu\/wp-content\/uploads\/2018\/03\/cargovis_en.mp4?_=1\" \/><source type=\"video\/mp4\" src=\"https:\/\/www.divis.eu\/wp-content\/uploads\/2018\/03\/cargovis_en.mp4?_=1\" \/><a href=\"https:\/\/www.divis.eu\/wp-content\/uploads\/2018\/03\/cargovis_en.mp4\">https:\/\/www.divis.eu\/wp-content\/uploads\/2018\/03\/cargovis_en.mp4<\/a><\/video><\/div>\t\n\t\t\t<h3>Information produit CargoVIS<\/h3>\n\t\t\t\t<p>Notre logiciel de vid\u00e9otracking remplace la recherche traditionnelle &#8211; souvent chronophage et pas toujours fructueuse &#8211; de vos employ\u00e9s \u00e0 la recherche d&rsquo;envois non aboutis ou mal livr\u00e9s.<\/p>\n\t\t\t<a href=\"https:\/\/www.divis.eu\/fr\/logiciel-de-gestion-video-cargovis-pour-les-entrepots-de-transbordement\/\" title=\"Click Here\" target=\"_self\"   role=\"button\" aria-label=\"En savoir plus sur CargoVIS\">\n\t\t\t\t\t\t\tEn savoir plus sur CargoVIS\n\t\t<\/a>\n\t\t<meta itemprop=\"url\" content=\"https:\/\/www.divis.eu\/wp-content\/uploads\/2018\/02\/gateplus_en.mp4\" \/><div style=\"width: 640px;\" class=\"wp-video\"><video class=\"wp-video-shortcode\" id=\"video-15560-2\" width=\"640\" height=\"360\" poster=\"https:\/\/www.divis.eu\/wp-content\/uploads\/2018\/12\/gateplus-preview-1.jpg\" preload=\"none\" controls=\"controls\"><source type=\"video\/mp4\" src=\"https:\/\/www.divis.eu\/wp-content\/uploads\/2018\/02\/gateplus_en.mp4?_=2\" \/><source type=\"video\/mp4\" src=\"https:\/\/www.divis.eu\/wp-content\/uploads\/2018\/02\/gateplus_en.mp4?_=2\" \/><a href=\"https:\/\/www.divis.eu\/wp-content\/uploads\/2018\/02\/gateplus_en.mp4\">https:\/\/www.divis.eu\/wp-content\/uploads\/2018\/02\/gateplus_en.mp4<\/a><\/video><\/div>\t\n\t\t\t<h3>Fonctionnalit\u00e9 optionnelle Plus<sup>+<\/sup> pour CargoVIS Gate<sup>+<\/sup><\/h3>\n\t\t\t\t<p>Vue d&rsquo;ensemble des \u00e9tats des portes et portails : Logiciel Gate<sup>+<\/sup> pour suivi des envois dans la logistique. Gate<sup>+<\/sup> est une extension de notre logiciel de suivi des envois en logistique. Gate<sup>+<\/sup> d\u00e9tecte automatiquement le statut des portails\/portes et les failles de s\u00e9curit\u00e9 sont d\u00e9tect\u00e9es \u00e0 temps.<\/p>\n\t\t\t<a href=\"https:\/\/www.divis.eu\/fr\/modules-pour-solutions-de-videosurveillance-dans-le-domaine-de-la-logistique\/#gateplus\" title=\"Click Here\" target=\"_self\"   role=\"button\" aria-label=\"En savoir plus sur Gate&lt;sup&gt;+&lt;\/sup&gt;\">\n\t\t\t\t\t\t\tEn savoir plus sur Gate<sup>+<\/sup>\n\t\t<\/a>\n\t\t<meta itemprop=\"url\" content=\"https:\/\/www.divis.eu\/wp-content\/uploads\/2018\/02\/motionplus_en.mp4\" \/><div style=\"width: 640px;\" class=\"wp-video\"><video class=\"wp-video-shortcode\" id=\"video-15560-3\" width=\"640\" height=\"360\" poster=\"https:\/\/www.divis.eu\/wp-content\/uploads\/2018\/12\/motionplus-preview-1.jpg\" preload=\"none\" controls=\"controls\"><source type=\"video\/mp4\" src=\"https:\/\/www.divis.eu\/wp-content\/uploads\/2018\/02\/motionplus_en.mp4?_=3\" \/><source type=\"video\/mp4\" src=\"https:\/\/www.divis.eu\/wp-content\/uploads\/2018\/02\/motionplus_en.mp4?_=3\" \/><a href=\"https:\/\/www.divis.eu\/wp-content\/uploads\/2018\/02\/motionplus_en.mp4\">https:\/\/www.divis.eu\/wp-content\/uploads\/2018\/02\/motionplus_en.mp4<\/a><\/video><\/div>\t\n\t\t\t<h3>Fonction Plus<sup>+<\/sup> dans la licence de base CargoVIS &#038; ParcelVIS Motion<sup>+<\/sup><\/h3>\n\t\t\t\t<p>Recherche cibl\u00e9e \u00e9galement dans les domaines o\u00f9 il y a beaucoup de mouvement\u00a0: Ne regardez que les images vraiment pertinentes et \u00e9vitez les longues \u00ab\u00a0s\u00e9quences d&rsquo;images arr\u00eat\u00e9es\u00a0\u00bb.<\/p>\n\t\t\t<a href=\"https:\/\/www.divis.eu\/fr\/modules-pour-votre-logistique-avec-videosurveillance\/#motionplus\" title=\"Click Here\" target=\"_self\"   role=\"button\" aria-label=\"En savoir plus sur Motion&lt;sup&gt;+&lt;\/sup&gt;\">\n\t\t\t\t\t\t\tEn savoir plus sur Motion<sup>+<\/sup>\n\t\t<\/a>\n\n","protected":false},"excerpt":{"rendered":"<p>DIVIS se d\u00e9place Vid\u00e9os du produit Information produit CargoVIS Notre logiciel de vid\u00e9otracking remplace la recherche traditionnelle &#8211; souvent chronophage et pas toujours fructueuse &#8211; de vos employ\u00e9s \u00e0 la recherche d&rsquo;envois non aboutis ou mal livr\u00e9s. En savoir plus sur CargoVIS Fonctionnalit\u00e9 optionnelle Plus+ pour CargoVIS Gate+ Vue d&rsquo;ensemble des \u00e9tats des portes et&hellip;<\/p>\n","protected":false},"author":1,"featured_media":0,"parent":0,"menu_order":0,"comment_status":"closed","ping_status":"closed","template":"","meta":{"footnotes":""},"class_list":["post-15560","page","type-page","status-publish","hentry"],"yoast_head":"<!-- This site is optimized with the Yoast SEO plugin v27.4 - https:\/\/yoast.com\/product\/yoast-seo-wordpress\/ -->\n<title>M\u00e9diath\u00e8que | Technologie de s\u00e9curit\u00e9 vid\u00e9o IP pour la logistique | Vid\u00e9os produits<\/title>\n<meta name=\"description\" content=\"Dans notre m\u00e9diath\u00e8que, vous trouverez des vid\u00e9os int\u00e9ressantes avec des informations produits sur la technologie de s\u00e9curit\u00e9 vid\u00e9o IP pour la logistique | DIVIS\" \/>\n<meta name=\"robots\" content=\"index, follow, max-snippet:-1, max-image-preview:large, max-video-preview:-1\" \/>\n<link rel=\"canonical\" href=\"https:\/\/www.divis.eu\/fr\/mediatheque-divis-technologie-de-securite-video-ip-pour-la-logistique-videos-produits\/\" \/>\n<meta property=\"og:locale\" content=\"fr_FR\" \/>\n<meta property=\"og:type\" content=\"article\" \/>\n<meta property=\"og:title\" content=\"M\u00e9diath\u00e8que | Technologie de s\u00e9curit\u00e9 vid\u00e9o IP pour la logistique | Vid\u00e9os produits\" \/>\n<meta property=\"og:description\" content=\"Dans notre m\u00e9diath\u00e8que, vous trouverez des vid\u00e9os int\u00e9ressantes avec des informations produits sur la technologie de s\u00e9curit\u00e9 vid\u00e9o IP pour la logistique | DIVIS\" \/>\n<meta property=\"og:url\" content=\"https:\/\/www.divis.eu\/fr\/mediatheque-divis-technologie-de-securite-video-ip-pour-la-logistique-videos-produits\/\" \/>\n<meta property=\"og:site_name\" content=\"DIVIS - The intelligent view\" \/>\n<meta property=\"article:modified_time\" content=\"2026-01-25T20:27:46+00:00\" \/>\n<meta name=\"twitter:card\" content=\"summary_large_image\" \/>\n<meta name=\"twitter:label1\" content=\"Dur\u00e9e de lecture estim\u00e9e\" \/>\n\t<meta name=\"twitter:data1\" content=\"1 minute\" \/>\n<script type=\"application\/ld+json\" class=\"yoast-schema-graph\">{\"@context\":\"https:\\\/\\\/schema.org\",\"@graph\":[{\"@type\":\"WebPage\",\"@id\":\"https:\\\/\\\/www.divis.eu\\\/fr\\\/mediatheque-divis-technologie-de-securite-video-ip-pour-la-logistique-videos-produits\\\/\",\"url\":\"https:\\\/\\\/www.divis.eu\\\/fr\\\/mediatheque-divis-technologie-de-securite-video-ip-pour-la-logistique-videos-produits\\\/\",\"name\":\"M\u00e9diath\u00e8que | Technologie de s\u00e9curit\u00e9 vid\u00e9o IP pour la logistique | Vid\u00e9os produits\",\"isPartOf\":{\"@id\":\"https:\\\/\\\/www.divis.eu\\\/#website\"},\"datePublished\":\"2018-12-28T17:32:55+00:00\",\"dateModified\":\"2026-01-25T20:27:46+00:00\",\"description\":\"Dans notre m\u00e9diath\u00e8que, vous trouverez des vid\u00e9os int\u00e9ressantes avec des informations produits sur la technologie de s\u00e9curit\u00e9 vid\u00e9o IP pour la logistique | DIVIS\",\"breadcrumb\":{\"@id\":\"https:\\\/\\\/www.divis.eu\\\/fr\\\/mediatheque-divis-technologie-de-securite-video-ip-pour-la-logistique-videos-produits\\\/#breadcrumb\"},\"inLanguage\":\"fr-FR\",\"potentialAction\":[{\"@type\":\"ReadAction\",\"target\":[\"https:\\\/\\\/www.divis.eu\\\/fr\\\/mediatheque-divis-technologie-de-securite-video-ip-pour-la-logistique-videos-produits\\\/\"]}]},{\"@type\":\"BreadcrumbList\",\"@id\":\"https:\\\/\\\/www.divis.eu\\\/fr\\\/mediatheque-divis-technologie-de-securite-video-ip-pour-la-logistique-videos-produits\\\/#breadcrumb\",\"itemListElement\":[{\"@type\":\"ListItem\",\"position\":1,\"name\":\"Startseite\",\"item\":\"https:\\\/\\\/www.divis.eu\\\/fr\\\/\"},{\"@type\":\"ListItem\",\"position\":2,\"name\":\"M\u00e9diath\u00e8que DIVIS | Technologie de s\u00e9curit\u00e9 vid\u00e9o IP pour la logistique | Vid\u00e9os produits\"}]},{\"@type\":\"WebSite\",\"@id\":\"https:\\\/\\\/www.divis.eu\\\/#website\",\"url\":\"https:\\\/\\\/www.divis.eu\\\/\",\"name\":\"DIVIS - The intelligent view\",\"description\":\"Videosysteml\u00f6sungen f\u00fcr Umschlags- und Warenlager\",\"potentialAction\":[{\"@type\":\"SearchAction\",\"target\":{\"@type\":\"EntryPoint\",\"urlTemplate\":\"https:\\\/\\\/www.divis.eu\\\/?s={search_term_string}\"},\"query-input\":{\"@type\":\"PropertyValueSpecification\",\"valueRequired\":true,\"valueName\":\"search_term_string\"}}],\"inLanguage\":\"fr-FR\"}]}<\/script>\n<!-- \/ Yoast SEO plugin. -->","yoast_head_json":{"title":"M\u00e9diath\u00e8que | Technologie de s\u00e9curit\u00e9 vid\u00e9o IP pour la logistique | Vid\u00e9os produits","description":"Dans notre m\u00e9diath\u00e8que, vous trouverez des vid\u00e9os int\u00e9ressantes avec des informations produits sur la technologie de s\u00e9curit\u00e9 vid\u00e9o IP pour la logistique | DIVIS","robots":{"index":"index","follow":"follow","max-snippet":"max-snippet:-1","max-image-preview":"max-image-preview:large","max-video-preview":"max-video-preview:-1"},"canonical":"https:\/\/www.divis.eu\/fr\/mediatheque-divis-technologie-de-securite-video-ip-pour-la-logistique-videos-produits\/","og_locale":"fr_FR","og_type":"article","og_title":"M\u00e9diath\u00e8que | Technologie de s\u00e9curit\u00e9 vid\u00e9o IP pour la logistique | Vid\u00e9os produits","og_description":"Dans notre m\u00e9diath\u00e8que, vous trouverez des vid\u00e9os int\u00e9ressantes avec des informations produits sur la technologie de s\u00e9curit\u00e9 vid\u00e9o IP pour la logistique | DIVIS","og_url":"https:\/\/www.divis.eu\/fr\/mediatheque-divis-technologie-de-securite-video-ip-pour-la-logistique-videos-produits\/","og_site_name":"DIVIS - The intelligent view","article_modified_time":"2026-01-25T20:27:46+00:00","twitter_card":"summary_large_image","twitter_misc":{"Dur\u00e9e de lecture estim\u00e9e":"1 minute"},"schema":{"@context":"https:\/\/schema.org","@graph":[{"@type":"WebPage","@id":"https:\/\/www.divis.eu\/fr\/mediatheque-divis-technologie-de-securite-video-ip-pour-la-logistique-videos-produits\/","url":"https:\/\/www.divis.eu\/fr\/mediatheque-divis-technologie-de-securite-video-ip-pour-la-logistique-videos-produits\/","name":"M\u00e9diath\u00e8que | Technologie de s\u00e9curit\u00e9 vid\u00e9o IP pour la logistique | Vid\u00e9os produits","isPartOf":{"@id":"https:\/\/www.divis.eu\/#website"},"datePublished":"2018-12-28T17:32:55+00:00","dateModified":"2026-01-25T20:27:46+00:00","description":"Dans notre m\u00e9diath\u00e8que, vous trouverez des vid\u00e9os int\u00e9ressantes avec des informations produits sur la technologie de s\u00e9curit\u00e9 vid\u00e9o IP pour la logistique | DIVIS","breadcrumb":{"@id":"https:\/\/www.divis.eu\/fr\/mediatheque-divis-technologie-de-securite-video-ip-pour-la-logistique-videos-produits\/#breadcrumb"},"inLanguage":"fr-FR","potentialAction":[{"@type":"ReadAction","target":["https:\/\/www.divis.eu\/fr\/mediatheque-divis-technologie-de-securite-video-ip-pour-la-logistique-videos-produits\/"]}]},{"@type":"BreadcrumbList","@id":"https:\/\/www.divis.eu\/fr\/mediatheque-divis-technologie-de-securite-video-ip-pour-la-logistique-videos-produits\/#breadcrumb","itemListElement":[{"@type":"ListItem","position":1,"name":"Startseite","item":"https:\/\/www.divis.eu\/fr\/"},{"@type":"ListItem","position":2,"name":"M\u00e9diath\u00e8que DIVIS | Technologie de s\u00e9curit\u00e9 vid\u00e9o IP pour la logistique | Vid\u00e9os produits"}]},{"@type":"WebSite","@id":"https:\/\/www.divis.eu\/#website","url":"https:\/\/www.divis.eu\/","name":"DIVIS - The intelligent view","description":"Videosysteml\u00f6sungen f\u00fcr Umschlags- und Warenlager","potentialAction":[{"@type":"SearchAction","target":{"@type":"EntryPoint","urlTemplate":"https:\/\/www.divis.eu\/?s={search_term_string}"},"query-input":{"@type":"PropertyValueSpecification","valueRequired":true,"valueName":"search_term_string"}}],"inLanguage":"fr-FR"}]}},"_links":{"self":[{"href":"https:\/\/www.divis.eu\/fr\/wp-json\/wp\/v2\/pages\/15560","targetHints":{"allow":["GET"]}}],"collection":[{"href":"https:\/\/www.divis.eu\/fr\/wp-json\/wp\/v2\/pages"}],"about":[{"href":"https:\/\/www.divis.eu\/fr\/wp-json\/wp\/v2\/types\/page"}],"author":[{"embeddable":true,"href":"https:\/\/www.divis.eu\/fr\/wp-json\/wp\/v2\/users\/1"}],"replies":[{"embeddable":true,"href":"https:\/\/www.divis.eu\/fr\/wp-json\/wp\/v2\/comments?post=15560"}],"version-history":[{"count":0,"href":"https:\/\/www.divis.eu\/fr\/wp-json\/wp\/v2\/pages\/15560\/revisions"}],"wp:attachment":[{"href":"https:\/\/www.divis.eu\/fr\/wp-json\/wp\/v2\/media?parent=15560"}],"curies":[{"name":"wp","href":"https:\/\/api.w.org\/{rel}","templated":true}]}}