{"id":15587,"date":"2018-12-28T02:39:20","date_gmt":"2018-12-28T02:39:20","guid":{"rendered":"https:\/\/www.divis.eu\/divis-press-information-ip-video-security-software\/"},"modified":"2021-08-17T00:51:34","modified_gmt":"2021-08-17T00:51:34","slug":"information-de-presse-divis-logiciel-de-surveillance-video-ip","status":"publish","type":"page","link":"https:\/\/www.divis.eu\/fr\/information-de-presse-divis-logiciel-de-surveillance-video-ip\/","title":{"rendered":"Information de presse DIVIS | Logiciel de surveillance vid\u00e9o IP"},"content":{"rendered":"\n\n<h1>\n\t\tPresse sp\u00e9cialis\u00e9e &#038; journalistes\n\t<\/h1>\n<h1>\n\t\tInformations et t\u00e9l\u00e9chargements\n\t<\/h1>\nVous trouverez ici des informations actuelles pour les journalistes. Si vous avez besoin de plus d&rsquo;informations ou de photos, n&rsquo;h\u00e9sitez pas \u00e0 nous contacter.<br \/>\nLe mat\u00e9riel mis \u00e0 disposition est exclusivement destin\u00e9 \u00e0 une utilisation r\u00e9dactionnelle.\n\t\t\t\t<img decoding=\"async\" src=\"https:\/\/www.divis.eu\/wp-content\/uploads\/2018\/12\/divis-firmensitz-thumb-1.jpg\" alt=\"DIVIS Firmensitz Bordesholm\" title=\"divis-firmensitz-thumb-1\" itemprop=\"image\"  \/>\n<h1>\n\t\tSi\u00e8ge de la soci\u00e9t\u00e9 DIVIS \u00e0 Bordesholm\n\t<\/h1>\n<p>\u00a9Foto\u00a0Deutsche Industrie Video System GmbH<\/p>\n\t\t\t<a href=\"https:\/\/www.divis.eu\/wp-content\/uploads\/2018\/12\/divis-firmensitz-72.png\" target=\"_blank\" rel=\"noopener\" role=\"button\" aria-label=\"R\u00e9solution Web\">\n\t\t\t\t\t\t\tR\u00e9solution Web\n\t\t<\/a>\n\t\t\t<a href=\"https:\/\/www.divis.eu\/wp-content\/uploads\/2018\/12\/divis-firmensitz-300.jpg\" target=\"_blank\" rel=\"noopener\" role=\"button\" aria-label=\"R\u00e9solution Print\">\n\t\t\t\t\t\t\tR\u00e9solution Print\n\t\t<\/a>\n\t\t\t\t<img decoding=\"async\" src=\"https:\/\/www.divis.eu\/wp-content\/uploads\/2018\/12\/divis-firmensitz-thumb-2.jpg\" alt=\"DIVIS Firmensitz Bordesholm\" title=\"divis-firmensitz-thumb-2\" itemprop=\"image\"  \/>\n<h1>\n\t\tSi\u00e8ge de la soci\u00e9t\u00e9 DIVIS \u00e0 Bordesholm\n\t<\/h1>\n<p>\u00a9Foto\u00a0Deutsche Industrie Video System GmbH<\/p>\n\t\t\t<a href=\"https:\/\/www.divis.eu\/wp-content\/uploads\/2018\/12\/divis-firmensitz1-72.png\" target=\"_blank\" rel=\"noopener\" role=\"button\" aria-label=\"R\u00e9solution Web\">\n\t\t\t\t\t\t\tR\u00e9solution Web\n\t\t<\/a>\n\t\t\t<a href=\"https:\/\/www.divis.eu\/wp-content\/uploads\/2018\/12\/divis-firmensitz1-300.jpg\" target=\"_blank\" rel=\"noopener\" role=\"button\" aria-label=\"R\u00e9solution Print\">\n\t\t\t\t\t\t\tR\u00e9solution Print\n\t\t<\/a>\n\t\t\t\t<img decoding=\"async\" src=\"https:\/\/www.divis.eu\/wp-content\/uploads\/2018\/12\/divis-firmensitz-thumb-3.jpg\" alt=\"DIVIS Firmensitz Bordesholm\" title=\"divis-firmensitz-thumb-3\" itemprop=\"image\"  \/>\n<h1>\n\t\tSi\u00e8ge de la soci\u00e9t\u00e9 DIVIS \u00e0 Bordesholm\n\t<\/h1>\n<p>\u00a9Foto\u00a0Deutsche Industrie Video System GmbH<\/p>\n\t\t\t<a href=\"https:\/\/www.divis.eu\/wp-content\/uploads\/2018\/12\/divis-firmensitz-front-72.png\" target=\"_blank\" rel=\"noopener\" role=\"button\" aria-label=\"R\u00e9solution Web\">\n\t\t\t\t\t\t\tR\u00e9solution Web\n\t\t<\/a>\n\t\t\t<a href=\"https:\/\/www.divis.eu\/wp-content\/uploads\/2018\/12\/divis-firmensitz-front-300.jpg\" target=\"_blank\" rel=\"noopener\" role=\"button\" aria-label=\"R\u00e9solution Print\">\n\t\t\t\t\t\t\tR\u00e9solution Print\n\t\t<\/a>\n\t\t\t\t<img decoding=\"async\" src=\"https:\/\/www.divis.eu\/wp-content\/uploads\/2019\/01\/divis-logo-vorschau.jpg\" alt=\"DIVIS - Videol\u00f6sungen f\u00fcr die Logistik\" title=\"divis-logo-vorschau\" itemprop=\"image\"  \/>\n<h1>\n\t\tDIVIS Logo\n\t<\/h1>\n<p>\u00a9Logo Deutsche Industrie Video System GmbH<\/p>\n\t\t\t<a href=\"https:\/\/www.divis.eu\/wp-content\/uploads\/2019\/01\/divis-logo-pos-72.jpg\" target=\"_blank\" rel=\"noopener\" role=\"button\" aria-label=\"R\u00e9solution Web\">\n\t\t\t\t\t\t\tR\u00e9solution Web\n\t\t<\/a>\n\t\t\t<a href=\"https:\/\/www.divis.eu\/wp-content\/uploads\/2019\/01\/divis-logo-pos-300.jpg\" target=\"_blank\" rel=\"noopener\" role=\"button\" aria-label=\"R\u00e9solution Print\">\n\t\t\t\t\t\t\tR\u00e9solution Print\n\t\t<\/a>\n\t\t\t<a href=\"https:\/\/www.divis.eu\/wp-content\/uploads\/2019\/01\/divis-logo-pos.pdf\" target=\"_blank\" rel=\"noopener\" role=\"button\" aria-label=\"Fichier Vectoriel\">\n\t\t\t\t\t\t\tFichier Vectoriel\n\t\t<\/a>\n\t\t\t\t<img decoding=\"async\" src=\"https:\/\/www.divis.eu\/wp-content\/uploads\/2019\/01\/divis-logo-neg-vorschau.jpg\" alt=\"DIVIS Logo\" title=\"divis-logo-neg-vorschau\" itemprop=\"image\"  \/>\n<h1>\n\t\tDIVIS Logo\n\t<\/h1>\n<p>\u00a9Logo Deutsche Industrie Video System GmbH<\/p>\n\t\t\t<a href=\"https:\/\/www.divis.eu\/wp-content\/uploads\/2019\/01\/divis-logo-neg-72.jpg\" target=\"_blank\" rel=\"noopener\" role=\"button\" aria-label=\"R\u00e9solution Web\">\n\t\t\t\t\t\t\tR\u00e9solution Web\n\t\t<\/a>\n\t\t\t<a href=\"https:\/\/www.divis.eu\/wp-content\/uploads\/2019\/01\/divis-logo-neg-300.jpg\" target=\"_blank\" rel=\"noopener\" role=\"button\" aria-label=\"R\u00e9solution Print\">\n\t\t\t\t\t\t\tR\u00e9solution Print\n\t\t<\/a>\n\t\t\t<a href=\"https:\/\/www.divis.eu\/wp-content\/uploads\/2019\/01\/divis-logo-neg.pdf\" target=\"_blank\" rel=\"noopener\" role=\"button\" aria-label=\"Fichier Vectoriel\">\n\t\t\t\t\t\t\tFichier Vectoriel\n\t\t<\/a>\n\n","protected":false},"excerpt":{"rendered":"<p>Presse sp\u00e9cialis\u00e9e &#038; journalistes Informations et t\u00e9l\u00e9chargements Vous trouverez ici des informations actuelles pour les journalistes. Si vous avez besoin de plus d&rsquo;informations ou de photos, n&rsquo;h\u00e9sitez pas \u00e0 nous contacter. Le mat\u00e9riel mis \u00e0 disposition est exclusivement destin\u00e9 \u00e0 une utilisation r\u00e9dactionnelle. Si\u00e8ge de la soci\u00e9t\u00e9 DIVIS \u00e0 Bordesholm \u00a9Foto\u00a0Deutsche Industrie Video System GmbH&hellip;<\/p>\n","protected":false},"author":1,"featured_media":0,"parent":0,"menu_order":0,"comment_status":"closed","ping_status":"closed","template":"","meta":{"footnotes":""},"class_list":["post-15587","page","type-page","status-publish","hentry"],"yoast_head":"<!-- This site is optimized with the Yoast SEO plugin v27.2 - https:\/\/yoast.com\/product\/yoast-seo-wordpress\/ -->\n<title>Information de presse DIVIS | Logiciel de surveillance vid\u00e9o IP<\/title>\n<meta name=\"description\" content=\"Les entreprises prosp\u00e8res du SCEP, du fret g\u00e9n\u00e9ral, de l&#039;entreposage et de la logistique AirCargo utilisent les solutions vid\u00e9o prospectives DIVIS pour suivre les envois dans l&#039;entrep\u00f4t de transbordement.\" \/>\n<meta name=\"robots\" content=\"index, follow, max-snippet:-1, max-image-preview:large, max-video-preview:-1\" \/>\n<link rel=\"canonical\" href=\"https:\/\/www.divis.eu\/fr\/information-de-presse-divis-logiciel-de-surveillance-video-ip\/\" \/>\n<meta property=\"og:locale\" content=\"fr_FR\" \/>\n<meta property=\"og:type\" content=\"article\" \/>\n<meta property=\"og:title\" content=\"Information de presse DIVIS | Logiciel de surveillance vid\u00e9o IP\" \/>\n<meta property=\"og:description\" content=\"Les entreprises prosp\u00e8res du SCEP, du fret g\u00e9n\u00e9ral, de l&#039;entreposage et de la logistique AirCargo utilisent les solutions vid\u00e9o prospectives DIVIS pour suivre les envois dans l&#039;entrep\u00f4t de transbordement.\" \/>\n<meta property=\"og:url\" content=\"https:\/\/www.divis.eu\/fr\/information-de-presse-divis-logiciel-de-surveillance-video-ip\/\" \/>\n<meta property=\"og:site_name\" content=\"DIVIS - The intelligent view\" \/>\n<meta property=\"article:modified_time\" content=\"2021-08-17T00:51:34+00:00\" \/>\n<meta property=\"og:image\" content=\"https:\/\/www.divis.eu\/wp-content\/uploads\/2018\/12\/divis-firmensitz-thumb-1.jpg\" \/>\n<meta name=\"twitter:card\" content=\"summary_large_image\" \/>\n<meta name=\"twitter:label1\" content=\"Dur\u00e9e de lecture estim\u00e9e\" \/>\n\t<meta name=\"twitter:data1\" content=\"1 minute\" \/>\n<script type=\"application\/ld+json\" class=\"yoast-schema-graph\">{\"@context\":\"https:\/\/schema.org\",\"@graph\":[{\"@type\":\"WebPage\",\"@id\":\"https:\/\/www.divis.eu\/fr\/information-de-presse-divis-logiciel-de-surveillance-video-ip\/\",\"url\":\"https:\/\/www.divis.eu\/fr\/information-de-presse-divis-logiciel-de-surveillance-video-ip\/\",\"name\":\"Information de presse DIVIS | Logiciel de surveillance vid\u00e9o IP\",\"isPartOf\":{\"@id\":\"https:\/\/www.divis.eu\/#website\"},\"primaryImageOfPage\":{\"@id\":\"https:\/\/www.divis.eu\/fr\/information-de-presse-divis-logiciel-de-surveillance-video-ip\/#primaryimage\"},\"image\":{\"@id\":\"https:\/\/www.divis.eu\/fr\/information-de-presse-divis-logiciel-de-surveillance-video-ip\/#primaryimage\"},\"thumbnailUrl\":\"https:\/\/www.divis.eu\/wp-content\/uploads\/2018\/12\/divis-firmensitz-thumb-1.jpg\",\"datePublished\":\"2018-12-28T02:39:20+00:00\",\"dateModified\":\"2021-08-17T00:51:34+00:00\",\"description\":\"Les entreprises prosp\u00e8res du SCEP, du fret g\u00e9n\u00e9ral, de l'entreposage et de la logistique AirCargo utilisent les solutions vid\u00e9o prospectives DIVIS pour suivre les envois dans l'entrep\u00f4t de transbordement.\",\"breadcrumb\":{\"@id\":\"https:\/\/www.divis.eu\/fr\/information-de-presse-divis-logiciel-de-surveillance-video-ip\/#breadcrumb\"},\"inLanguage\":\"fr-FR\",\"potentialAction\":[{\"@type\":\"ReadAction\",\"target\":[\"https:\/\/www.divis.eu\/fr\/information-de-presse-divis-logiciel-de-surveillance-video-ip\/\"]}]},{\"@type\":\"ImageObject\",\"inLanguage\":\"fr-FR\",\"@id\":\"https:\/\/www.divis.eu\/fr\/information-de-presse-divis-logiciel-de-surveillance-video-ip\/#primaryimage\",\"url\":\"https:\/\/www.divis.eu\/wp-content\/uploads\/2018\/12\/divis-firmensitz-thumb-1.jpg\",\"contentUrl\":\"https:\/\/www.divis.eu\/wp-content\/uploads\/2018\/12\/divis-firmensitz-thumb-1.jpg\"},{\"@type\":\"BreadcrumbList\",\"@id\":\"https:\/\/www.divis.eu\/fr\/information-de-presse-divis-logiciel-de-surveillance-video-ip\/#breadcrumb\",\"itemListElement\":[{\"@type\":\"ListItem\",\"position\":1,\"name\":\"Startseite\",\"item\":\"https:\/\/www.divis.eu\/fr\/\"},{\"@type\":\"ListItem\",\"position\":2,\"name\":\"Information de presse DIVIS | Logiciel de surveillance vid\u00e9o IP\"}]},{\"@type\":\"WebSite\",\"@id\":\"https:\/\/www.divis.eu\/#website\",\"url\":\"https:\/\/www.divis.eu\/\",\"name\":\"DIVIS - The intelligent view\",\"description\":\"Videosysteml\u00f6sungen f\u00fcr Umschlags- und Warenlager\",\"potentialAction\":[{\"@type\":\"SearchAction\",\"target\":{\"@type\":\"EntryPoint\",\"urlTemplate\":\"https:\/\/www.divis.eu\/?s={search_term_string}\"},\"query-input\":{\"@type\":\"PropertyValueSpecification\",\"valueRequired\":true,\"valueName\":\"search_term_string\"}}],\"inLanguage\":\"fr-FR\"}]}<\/script>\n<!-- \/ Yoast SEO plugin. -->","yoast_head_json":{"title":"Information de presse DIVIS | Logiciel de surveillance vid\u00e9o IP","description":"Les entreprises prosp\u00e8res du SCEP, du fret g\u00e9n\u00e9ral, de l'entreposage et de la logistique AirCargo utilisent les solutions vid\u00e9o prospectives DIVIS pour suivre les envois dans l'entrep\u00f4t de transbordement.","robots":{"index":"index","follow":"follow","max-snippet":"max-snippet:-1","max-image-preview":"max-image-preview:large","max-video-preview":"max-video-preview:-1"},"canonical":"https:\/\/www.divis.eu\/fr\/information-de-presse-divis-logiciel-de-surveillance-video-ip\/","og_locale":"fr_FR","og_type":"article","og_title":"Information de presse DIVIS | Logiciel de surveillance vid\u00e9o IP","og_description":"Les entreprises prosp\u00e8res du SCEP, du fret g\u00e9n\u00e9ral, de l'entreposage et de la logistique AirCargo utilisent les solutions vid\u00e9o prospectives DIVIS pour suivre les envois dans l'entrep\u00f4t de transbordement.","og_url":"https:\/\/www.divis.eu\/fr\/information-de-presse-divis-logiciel-de-surveillance-video-ip\/","og_site_name":"DIVIS - The intelligent view","article_modified_time":"2021-08-17T00:51:34+00:00","og_image":[{"url":"https:\/\/www.divis.eu\/wp-content\/uploads\/2018\/12\/divis-firmensitz-thumb-1.jpg","type":"","width":"","height":""}],"twitter_card":"summary_large_image","twitter_misc":{"Dur\u00e9e de lecture estim\u00e9e":"1 minute"},"schema":{"@context":"https:\/\/schema.org","@graph":[{"@type":"WebPage","@id":"https:\/\/www.divis.eu\/fr\/information-de-presse-divis-logiciel-de-surveillance-video-ip\/","url":"https:\/\/www.divis.eu\/fr\/information-de-presse-divis-logiciel-de-surveillance-video-ip\/","name":"Information de presse DIVIS | Logiciel de surveillance vid\u00e9o IP","isPartOf":{"@id":"https:\/\/www.divis.eu\/#website"},"primaryImageOfPage":{"@id":"https:\/\/www.divis.eu\/fr\/information-de-presse-divis-logiciel-de-surveillance-video-ip\/#primaryimage"},"image":{"@id":"https:\/\/www.divis.eu\/fr\/information-de-presse-divis-logiciel-de-surveillance-video-ip\/#primaryimage"},"thumbnailUrl":"https:\/\/www.divis.eu\/wp-content\/uploads\/2018\/12\/divis-firmensitz-thumb-1.jpg","datePublished":"2018-12-28T02:39:20+00:00","dateModified":"2021-08-17T00:51:34+00:00","description":"Les entreprises prosp\u00e8res du SCEP, du fret g\u00e9n\u00e9ral, de l'entreposage et de la logistique AirCargo utilisent les solutions vid\u00e9o prospectives DIVIS pour suivre les envois dans l'entrep\u00f4t de transbordement.","breadcrumb":{"@id":"https:\/\/www.divis.eu\/fr\/information-de-presse-divis-logiciel-de-surveillance-video-ip\/#breadcrumb"},"inLanguage":"fr-FR","potentialAction":[{"@type":"ReadAction","target":["https:\/\/www.divis.eu\/fr\/information-de-presse-divis-logiciel-de-surveillance-video-ip\/"]}]},{"@type":"ImageObject","inLanguage":"fr-FR","@id":"https:\/\/www.divis.eu\/fr\/information-de-presse-divis-logiciel-de-surveillance-video-ip\/#primaryimage","url":"https:\/\/www.divis.eu\/wp-content\/uploads\/2018\/12\/divis-firmensitz-thumb-1.jpg","contentUrl":"https:\/\/www.divis.eu\/wp-content\/uploads\/2018\/12\/divis-firmensitz-thumb-1.jpg"},{"@type":"BreadcrumbList","@id":"https:\/\/www.divis.eu\/fr\/information-de-presse-divis-logiciel-de-surveillance-video-ip\/#breadcrumb","itemListElement":[{"@type":"ListItem","position":1,"name":"Startseite","item":"https:\/\/www.divis.eu\/fr\/"},{"@type":"ListItem","position":2,"name":"Information de presse DIVIS | Logiciel de surveillance vid\u00e9o IP"}]},{"@type":"WebSite","@id":"https:\/\/www.divis.eu\/#website","url":"https:\/\/www.divis.eu\/","name":"DIVIS - The intelligent view","description":"Videosysteml\u00f6sungen f\u00fcr Umschlags- und Warenlager","potentialAction":[{"@type":"SearchAction","target":{"@type":"EntryPoint","urlTemplate":"https:\/\/www.divis.eu\/?s={search_term_string}"},"query-input":{"@type":"PropertyValueSpecification","valueRequired":true,"valueName":"search_term_string"}}],"inLanguage":"fr-FR"}]}},"_links":{"self":[{"href":"https:\/\/www.divis.eu\/fr\/wp-json\/wp\/v2\/pages\/15587","targetHints":{"allow":["GET"]}}],"collection":[{"href":"https:\/\/www.divis.eu\/fr\/wp-json\/wp\/v2\/pages"}],"about":[{"href":"https:\/\/www.divis.eu\/fr\/wp-json\/wp\/v2\/types\/page"}],"author":[{"embeddable":true,"href":"https:\/\/www.divis.eu\/fr\/wp-json\/wp\/v2\/users\/1"}],"replies":[{"embeddable":true,"href":"https:\/\/www.divis.eu\/fr\/wp-json\/wp\/v2\/comments?post=15587"}],"version-history":[{"count":0,"href":"https:\/\/www.divis.eu\/fr\/wp-json\/wp\/v2\/pages\/15587\/revisions"}],"wp:attachment":[{"href":"https:\/\/www.divis.eu\/fr\/wp-json\/wp\/v2\/media?parent=15587"}],"curies":[{"name":"wp","href":"https:\/\/api.w.org\/{rel}","templated":true}]}}