{"id":15789,"date":"2018-05-05T03:53:49","date_gmt":"2018-05-05T03:53:49","guid":{"rendered":"https:\/\/www.divis.eu\/divis-newsarchiv-2017-cctv-kameraueberwachung\/"},"modified":"2022-12-10T20:37:50","modified_gmt":"2022-12-10T20:37:50","slug":"archives-nouvelles-divis-2017-surveillance-par-camera-de-videosurveillance-en-logistique","status":"publish","type":"page","link":"https:\/\/www.divis.eu\/fr\/archives-nouvelles-divis-2017-surveillance-par-camera-de-videosurveillance-en-logistique\/","title":{"rendered":"Archives Nouvelles DIVIS 2017 | Surveillance par cam\u00e9ra de vid\u00e9osurveillance en logistique"},"content":{"rendered":"\n<h1>\n\t\tNews-Archiv 2017\n\t<\/h1>\n\t\t\t\t\t\t\t\t\t\t\t\t\t\t<a href=\"https:\/\/www.divis.eu\/divis-bedankt-sich-und-wuenscht-ihnen-angenehme-feiertage\/\" target=\"_self\" title=\"DIVIS bedankt sich und w\u00fcnscht Ihnen angenehme Feiertage!\" rel=\"noopener\">\n\t\t\t\t<img decoding=\"async\" src=\"https:\/\/www.divis.eu\/wp-content\/uploads\/2017\/12\/weihnachtstitel-web-neu-featured.gif\" alt=\"DIVIS w\u00fcnscht Frohe Weihnachten\">\n\t\t\t\t<\/a>\n\t\t\t\t\t\t<h2>\n\t\t\t\t\t\t\t\tDezember\t\t\t\t\t\t\t\t\n\t\t\t\t\t\t\t\t19\n\t\t\t\t\t\t\t\t2017\n\t\t\t\t\t\t<\/h2>\n\t\t\t\t\t\t<h4>\n\t\t\t\t<a href=\"https:\/\/www.divis.eu\/divis-bedankt-sich-und-wuenscht-ihnen-angenehme-feiertage\/\" title=\"DIVIS bedankt sich und w\u00fcnscht Ihnen angenehme Feiertage!\" tabindex=\"0\">DIVIS bedankt sich und w\u00fcnscht Ihnen angenehme Feiertage!<\/a>\t\t\t<\/h4>\n\t\t\t\t\t\t\t\tWir bedanken uns bei unseren Kunden herzlich f\u00fcr ein ereignis- und erfolgreiches gemeinsames Jahr und freuen uns darauf, gemeinsam mit Ihnen 2018 alte und neue Wege weiter zu gehen.\nWir w\u00fcnschen Ihnen besinnliche Feiertage und einen guten Rutsch ins Jahr 2018 &#8230;\n\t\t\t<a href=\"https:\/\/www.divis.eu\/divis-bedankt-sich-und-wuenscht-ihnen-angenehme-feiertage\/\" target=\"_self\" role=\"button\" aria-label=\"Weiterlesen\" rel=\"noopener\">\n\t\t\t\t\t\t\tWeiterlesen\n\t\t<\/a>\n\t\t\t\t\t\t\t\t\t\t\t\t\t\t<a href=\"https:\/\/www.divis.eu\/sondermitteilung-vom-13-dezember-2017-hendrik-reger-wird-prokurist\/\" target=\"_self\" title=\"Sondermitteilung vom 13. Dezember 2017: Hendrik Reger wird Prokurist\" rel=\"noopener\">\n\t\t\t\t<img decoding=\"async\" src=\"https:\/\/www.divis.eu\/wp-content\/uploads\/2018\/01\/hendrik-reger-prokurist-divis-featured.jpg\" alt=\"\">\n\t\t\t\t<\/a>\n\t\t\t\t\t\t<h2>\n\t\t\t\t\t\t\t\tDezember\t\t\t\t\t\t\t\t\n\t\t\t\t\t\t\t\t13\n\t\t\t\t\t\t\t\t2017\n\t\t\t\t\t\t<\/h2>\n\t\t\t\t\t\t<h4>\n\t\t\t\t<a href=\"https:\/\/www.divis.eu\/sondermitteilung-vom-13-dezember-2017-hendrik-reger-wird-prokurist\/\" title=\"Sondermitteilung vom 13. Dezember 2017: Hendrik Reger wird Prokurist\" tabindex=\"0\">Sondermitteilung vom 13. Dezember 2017: Hendrik Reger wird Prokurist<\/a>\t\t\t<\/h4>\n\t\t\t\t\t\t\t\tHiermit geben wir bekannt, dass DIVIS Vertriebsleiter Hendrik Reger mit Wirkung zum 08.12.2017 Prokura bei der Deutsche Industrie Video System GmbH erhalten hat &#8230;\n\t\t\t<a href=\"https:\/\/www.divis.eu\/sondermitteilung-vom-13-dezember-2017-hendrik-reger-wird-prokurist\/\" target=\"_self\" role=\"button\" aria-label=\"Weiterlesen\" rel=\"noopener\">\n\t\t\t\t\t\t\tWeiterlesen\n\t\t<\/a>\n\t\t\t\t\t\t\t\t\t\t\t\t\t\t<a href=\"https:\/\/www.divis.eu\/rueckblick-ausblick-unser-tipp-des-monats-und-viel-herzlichkeit-bei-divis\/\" target=\"_self\" title=\"R\u00fcckblick, Ausblick, unser Tipp des Monats und viel Herzlichkeit bei DIVIS\" rel=\"noopener\">\n\t\t\t\t<img decoding=\"async\" src=\"https:\/\/www.divis.eu\/wp-content\/uploads\/2017\/11\/jahresrueckblick-neu-1.jpg\" alt=\"\">\n\t\t\t\t<\/a>\n\t\t\t\t\t\t<h2>\n\t\t\t\t\t\t\t\tNovember\t\t\t\t\t\t\t\t\n\t\t\t\t\t\t\t\t17\n\t\t\t\t\t\t\t\t2017\n\t\t\t\t\t\t<\/h2>\n\t\t\t\t\t\t<h4>\n\t\t\t\t<a href=\"https:\/\/www.divis.eu\/rueckblick-ausblick-unser-tipp-des-monats-und-viel-herzlichkeit-bei-divis\/\" title=\"R\u00fcckblick, Ausblick, unser Tipp des Monats und viel Herzlichkeit bei DIVIS\" tabindex=\"0\">R\u00fcckblick, Ausblick, unser Tipp des Monats und viel Herzlichkeit bei DIVIS<\/a>\t\t\t<\/h4>\n\t\t\t\t\t\t\t\tGeht es Ihnen genauso? Wir k\u00f6nnen kaum glauben, dass in nur wenigen Wochen bereits ein neues Jahr beginnt. Genauer betrachtet ist es aber kein Wunder, dass die Zeit so schnell vergangen ist. 2017 war ein ereignisreiches und \u00fcberdies f\u00fcr DIVIS erneut auch &#8230;\n\t\t\t<a href=\"https:\/\/www.divis.eu\/rueckblick-ausblick-unser-tipp-des-monats-und-viel-herzlichkeit-bei-divis\/\" target=\"_self\" role=\"button\" aria-label=\"Weiterlesen\" rel=\"noopener\">\n\t\t\t\t\t\t\tWeiterlesen\n\t\t<\/a>\n\t\t\t\t\t\t\t\t\t\t\t\t\t\t<a href=\"https:\/\/www.divis.eu\/neue-panoramafunktion-tipps-zu-videonetzwerken-mitarbeitervorstellung-vertrieb\/\" target=\"_self\" title=\"Neue Panoramafunktion, Tipps zu Videonetzwerken, Mitarbeitervorstellung: Vertrieb\" rel=\"noopener\">\n\t\t\t\t<img decoding=\"async\" src=\"https:\/\/www.divis.eu\/wp-content\/uploads\/2018\/01\/teaser-nl-112917-neu.jpg\" alt=\"\">\n\t\t\t\t<\/a>\n\t\t\t\t\t\t<h2>\n\t\t\t\t\t\t\t\tOktober\t\t\t\t\t\t\t\t\n\t\t\t\t\t\t\t\t30\n\t\t\t\t\t\t\t\t2017\n\t\t\t\t\t\t<\/h2>\n\t\t\t\t\t\t<h4>\n\t\t\t\t<a href=\"https:\/\/www.divis.eu\/neue-panoramafunktion-tipps-zu-videonetzwerken-mitarbeitervorstellung-vertrieb\/\" title=\"Neue Panoramafunktion, Tipps zu Videonetzwerken, Mitarbeitervorstellung: Vertrieb\" tabindex=\"0\">Neue Panoramafunktion, Tipps zu Videonetzwerken, Mitarbeitervorstellung: Vertrieb<\/a>\t\t\t<\/h4>\n\t\t\t\t\t\t\t\tDie Vorweihnachtszeit ist schon fast zum Greifen nah und wir n\u00e4hern uns mit gro\u00dfen Schritten dem Jahreswechsel. Doch zuvor haben wir noch einige Neuigkeiten und interessante Tipps f\u00fcr Sie. Lernen Sie die neue Panoramafunktion f\u00fcr den Live-Betrieb unserer 360\u00b0 4K-Kamera kennen &#8230;\n\t\t\t<a href=\"https:\/\/www.divis.eu\/neue-panoramafunktion-tipps-zu-videonetzwerken-mitarbeitervorstellung-vertrieb\/\" target=\"_self\" role=\"button\" aria-label=\"Weiterlesen\" rel=\"noopener\">\n\t\t\t\t\t\t\tWeiterlesen\n\t\t<\/a>\n\t\t\t\t\t\t\t\t\t\t\t\t\t\t<a href=\"https:\/\/www.divis.eu\/divis-hinter-den-kulissen-aktives-monitoring-und-jubilaeum\/\" target=\"_self\" title=\"DIVIS hinter den Kulissen: Aktives Monitoring und Jubil\u00e4um\" rel=\"noopener\">\n\t\t\t\t<img decoding=\"async\" src=\"https:\/\/www.divis.eu\/wp-content\/uploads\/2017\/10\/monitoring-teaser.jpg\" alt=\"\">\n\t\t\t\t<\/a>\n\t\t\t\t\t\t<h2>\n\t\t\t\t\t\t\t\tOktober\t\t\t\t\t\t\t\t\n\t\t\t\t\t\t\t\t5\n\t\t\t\t\t\t\t\t2017\n\t\t\t\t\t\t<\/h2>\n\t\t\t\t\t\t<h4>\n\t\t\t\t<a href=\"https:\/\/www.divis.eu\/divis-hinter-den-kulissen-aktives-monitoring-und-jubilaeum\/\" title=\"DIVIS hinter den Kulissen: Aktives Monitoring und Jubil\u00e4um\" tabindex=\"0\">DIVIS hinter den Kulissen: Aktives Monitoring und Jubil\u00e4um<\/a>\t\t\t<\/h4>\n\t\t\t\t\t\t\t\tLassen Sie uns mit einigen interessanten News gemeinsam ins letzte Quartal dieses Jahres starten. Als aktiver DIVIS-Kunde kennen Sie sich m\u00f6glicherweise mit unserem komfortablen Monitoring-Servicepaket aus und nutzen dieses bereits. Sollte das noch nicht der Fall sein, m\u00f6chten wir Ihnen diesen Service heute einmal genauer vorstellen.\n\t\t\t<a href=\"https:\/\/www.divis.eu\/divis-hinter-den-kulissen-aktives-monitoring-und-jubilaeum\/\" target=\"_self\" role=\"button\" aria-label=\"Weiterlesen\" rel=\"noopener\">\n\t\t\t\t\t\t\tWeiterlesen\n\t\t<\/a>\n\t\t\t\t\t\t\t\t\t\t\t\t\t\t<a href=\"https:\/\/www.divis.eu\/neue-kamera-hardware-divis-gewinnspiel-und-ein-jubilaeum\/\" target=\"_self\" title=\"Neue Kamera-Hardware, DIVIS Gewinnspiel und ein Jubil\u00e4um\" rel=\"noopener\">\n\t\t\t\t<img decoding=\"async\" src=\"https:\/\/www.divis.eu\/wp-content\/uploads\/2018\/01\/hanwha-wisenet-neu.jpg\" alt=\"\">\n\t\t\t\t<\/a>\n\t\t\t\t\t\t<h2>\n\t\t\t\t\t\t\t\tAugust\t\t\t\t\t\t\t\t\n\t\t\t\t\t\t\t\t1\n\t\t\t\t\t\t\t\t2017\n\t\t\t\t\t\t<\/h2>\n\t\t\t\t\t\t<h4>\n\t\t\t\t<a href=\"https:\/\/www.divis.eu\/neue-kamera-hardware-divis-gewinnspiel-und-ein-jubilaeum\/\" title=\"Neue Kamera-Hardware, DIVIS Gewinnspiel und ein Jubil\u00e4um\" tabindex=\"0\">Neue Kamera-Hardware, DIVIS Gewinnspiel und ein Jubil\u00e4um<\/a>\t\t\t<\/h4>\n\t\t\t\t\t\t\t\tSommer, Sonne \u2026 Regenwetter. Der Sommer hat sich in diesem Jahr leider noch nicht sehr oft von seiner besten Seite gezeigt. In vielen Regionen bekam man bisweilen statt Sonne satt nasse F\u00fc\u00dfe. \nGute Nachrichten gibt es daf\u00fcr von DIVIS &#8230;\n\t\t\t<a href=\"https:\/\/www.divis.eu\/neue-kamera-hardware-divis-gewinnspiel-und-ein-jubilaeum\/\" target=\"_self\" role=\"button\" aria-label=\"Weiterlesen\" rel=\"noopener\">\n\t\t\t\t\t\t\tWeiterlesen\n\t\t<\/a>\n\t\t\t<ul class=\"page-numbers\">\n\t<li>1<\/li>\n\t<li><a href=\"https:\/\/www.divis.eu\/page\/2\/?page_id=7220&amp;fl_builder\">2<\/a><\/li>\n\t<li><a href=\"https:\/\/www.divis.eu\/page\/2\/?page_id=7220&amp;fl_builder\">Weiter \u00bb<\/a><\/li>\n<\/ul>\n\t\t<h3>\n\t\tArchiv\n\t<\/h3>\n\t\t\t\t\t<ul id=\"menu-newsarchiv-menu-de\"><li id=\"menu-item-25094\"><a href=\"https:\/\/www.divis.eu\/divis-newsarchiv-2021-videoueberwachung-in-der-logistik\/\">Newsarchiv 2021<\/a><\/li>\n<li id=\"menu-item-21308\"><a href=\"https:\/\/www.divis.eu\/divis-newsarchiv-2020-videoueberwachung-in-der-logistik\/\">Newsarchiv 2020<\/a><\/li>\n<li id=\"menu-item-18113\"><a href=\"https:\/\/www.divis.eu\/divis-newsarchiv-2019-videoueberwachung-in-der-logistik\/\">Newsarchiv 2019<\/a><\/li>\n<li id=\"menu-item-12981\"><a href=\"https:\/\/www.divis.eu\/divis-newsarchiv-2018-cctv-videoueberwachung-in-der-logistik\/\">Newsarchiv 2018<\/a><\/li>\n<li id=\"menu-item-7226\"><a href=\"https:\/\/www.divis.eu\/divis-newsarchiv-2017-cctv-kameraueberwachung\/\">Newsarchiv 2017<\/a><\/li>\n<li id=\"menu-item-7227\"><a href=\"https:\/\/www.divis.eu\/divis-newsarchiv-2016-warenverfolgung-im-lager\/\">Newsarchiv 2016<\/a><\/li>\n<li id=\"menu-item-15799\"><a href=\"https:\/\/www.divis.eu\/divis-newsarchiv-2015-warenverfolgung-im-lager\/\">Newsarchiv 2015<\/a><\/li>\n<li id=\"menu-item-15798\"><a href=\"https:\/\/www.divis.eu\/divis-newsarchiv-2014-cctv-kameraueberwachung-in-der-logistik\/\">Newsarchiv 2014<\/a><\/li>\n<li id=\"menu-item-15797\"><a href=\"https:\/\/www.divis.eu\/divis-newsarchiv-2013-warenverfolgung-im-lager\/\">Newsarchiv 2013<\/a><\/li>\n<li id=\"menu-item-15796\"><a href=\"https:\/\/www.divis.eu\/divis-newsarchiv-2012-cctv-videoueberwachung-in-der-logistik\/\">Newsarchiv 2012<\/a><\/li>\n<\/ul>\t\n\t\t\t\t<img decoding=\"async\" src=\"https:\/\/www.divis.eu\/wp-content\/uploads\/2018\/01\/kundenlogo-CTL-1.png\" alt=\"CTL | DIVIS Kunde\" itemprop=\"image\" height=\"51\" width=\"120\" title=\"kundenlogo-CTL\" onerror=\"this.style.display='none'\">\n\t\t\t\t<img decoding=\"async\" src=\"https:\/\/www.divis.eu\/wp-content\/uploads\/2018\/01\/kundenlogo-dpd.png\" alt=\"kundenlogo-dpd\" itemprop=\"image\" height=\"51\" width=\"120\" title=\"kundenlogo-dpd\" onerror=\"this.style.display='none'\">\n\t\t\t\t<img decoding=\"async\" src=\"https:\/\/www.divis.eu\/wp-content\/uploads\/2018\/01\/kundenlogo-emons.png\" alt=\"Emons | DIVIS-Kunde\" itemprop=\"image\" height=\"51\" width=\"120\" title=\"kundenlogo-emons\" onerror=\"this.style.display='none'\">\n\t\t\t\t<img decoding=\"async\" src=\"https:\/\/www.divis.eu\/wp-content\/uploads\/2018\/01\/kundenlogo-online.png\" alt=\"kundenlogo-online\" itemprop=\"image\" height=\"51\" width=\"120\" title=\"kundenlogo-online\" onerror=\"this.style.display='none'\">\n\t\t\t\t<img decoding=\"async\" src=\"https:\/\/www.divis.eu\/wp-content\/uploads\/2018\/01\/kundenlogo-rhenus.png\" alt=\"Rhenus Logistics | DIVIS-Kunde\" title=\"kundenlogo-rhenus\" itemprop=\"image\">\n\t\t\t\t<img decoding=\"async\" src=\"https:\/\/www.divis.eu\/wp-content\/uploads\/2018\/01\/kundenlogo-tsb.png\" alt=\"kundenlogo-tsb\" itemprop=\"image\" height=\"51\" width=\"120\" title=\"kundenlogo-tsb\" onerror=\"this.style.display='none'\">\n\t\t\t\t<img decoding=\"async\" src=\"https:\/\/www.divis.eu\/wp-content\/uploads\/2018\/01\/kundenlogo-gebrueder-weiss.png\" alt=\"Gebr\u00fcder Weiss | DIVIS-Kunde\" itemprop=\"image\" height=\"51\" width=\"150\" title=\"kundenlogo-gebrueder-weiss\" onerror=\"this.style.display='none'\">\n\t\t\t\t<img decoding=\"async\" src=\"https:\/\/www.divis.eu\/wp-content\/uploads\/2018\/01\/kundenlogo-tchibo.png\" alt=\"Tchibo | DIVIS-Kunde\" title=\"kundenlogo-tchibo\" itemprop=\"image\">\n\t\t\t\t<img decoding=\"async\" src=\"https:\/\/www.divis.eu\/wp-content\/uploads\/2018\/01\/kundenlogo-24plus.png\" alt=\"kundenlogo-24plus\" itemprop=\"image\" height=\"51\" width=\"120\" title=\"kundenlogo-24plus\" onerror=\"this.style.display='none'\">\n\t\t\t\t<img decoding=\"async\" src=\"https:\/\/www.divis.eu\/wp-content\/uploads\/2018\/01\/kundenlogo-transoflex-3.png\" alt=\"kundenlogo-transoflex\" title=\"kundenlogo-transoflex\" itemprop=\"image\">\n\t\t\t\t<img decoding=\"async\" src=\"https:\/\/www.divis.eu\/wp-content\/uploads\/2018\/01\/kundenlogo-geis.png\" alt=\"Spedition Geis | DIVIS-Kunde\" title=\"kundenlogo-geis\" itemprop=\"image\">\n\t\t\t\t<img decoding=\"async\" src=\"https:\/\/www.divis.eu\/wp-content\/uploads\/2018\/01\/kundenlogo-zufall.png\" alt=\"kundenlogo-zufall\" itemprop=\"image\" height=\"51\" width=\"120\" title=\"kundenlogo-zufall\" onerror=\"this.style.display='none'\">\n","protected":false},"excerpt":{"rendered":"<p>News-Archiv 2017 Dezember 19 2017 DIVIS bedankt sich und w\u00fcnscht Ihnen angenehme Feiertage! Wir bedanken uns bei unseren Kunden herzlich f\u00fcr ein ereignis- und erfolgreiches gemeinsames Jahr und freuen uns darauf, gemeinsam mit Ihnen 2018 alte und neue Wege weiter zu gehen. Wir w\u00fcnschen Ihnen besinnliche Feiertage und einen guten Rutsch ins Jahr 2018 &#8230;&hellip;<\/p>\n","protected":false},"author":1,"featured_media":0,"parent":0,"menu_order":0,"comment_status":"closed","ping_status":"closed","template":"","meta":{"footnotes":""},"class_list":["post-15789","page","type-page","status-publish","hentry"],"yoast_head":"<!-- This site is optimized with the Yoast SEO plugin v27.4 - https:\/\/yoast.com\/product\/yoast-seo-wordpress\/ -->\n<title>Vue d&#039;ensemble de DIVIS News 2017 | Surveillance par cam\u00e9ra de vid\u00e9osurveillance en logistique<\/title>\n<meta name=\"description\" content=\"Des nouvelles int\u00e9ressantes sur DIVIS et nos produits pour le suivi des envois par cam\u00e9ra en logistique. Comparez nos solutions \u00e0 la surveillance par cam\u00e9ra de vid\u00e9osurveillance traditionnelle et d\u00e9couvrez la diff\u00e9rence. Ici vous trouverez nos nouvelles.\" \/>\n<meta name=\"robots\" content=\"index, follow, max-snippet:-1, max-image-preview:large, max-video-preview:-1\" \/>\n<link rel=\"canonical\" href=\"https:\/\/www.divis.eu\/fr\/archives-nouvelles-divis-2017-surveillance-par-camera-de-videosurveillance-en-logistique\/\" \/>\n<meta property=\"og:locale\" content=\"fr_FR\" \/>\n<meta property=\"og:type\" content=\"article\" \/>\n<meta property=\"og:title\" content=\"Vue d&#039;ensemble de DIVIS News 2017 | Surveillance par cam\u00e9ra de vid\u00e9osurveillance en logistique\" \/>\n<meta property=\"og:description\" content=\"Des nouvelles int\u00e9ressantes sur DIVIS et nos produits pour le suivi des envois par cam\u00e9ra en logistique. Comparez nos solutions \u00e0 la surveillance par cam\u00e9ra de vid\u00e9osurveillance traditionnelle et d\u00e9couvrez la diff\u00e9rence. Ici vous trouverez nos nouvelles.\" \/>\n<meta property=\"og:url\" content=\"https:\/\/www.divis.eu\/fr\/archives-nouvelles-divis-2017-surveillance-par-camera-de-videosurveillance-en-logistique\/\" \/>\n<meta property=\"og:site_name\" content=\"DIVIS - The intelligent view\" \/>\n<meta property=\"article:modified_time\" content=\"2022-12-10T20:37:50+00:00\" \/>\n<meta property=\"og:image\" content=\"https:\/\/www.divis.eu\/wp-content\/uploads\/2017\/12\/weihnachtstitel-web-neu-featured.gif\" \/>\n<meta name=\"twitter:card\" content=\"summary_large_image\" \/>\n<meta name=\"twitter:label1\" content=\"Dur\u00e9e de lecture estim\u00e9e\" \/>\n\t<meta name=\"twitter:data1\" content=\"2 minutes\" \/>\n<script type=\"application\/ld+json\" class=\"yoast-schema-graph\">{\"@context\":\"https:\\\/\\\/schema.org\",\"@graph\":[{\"@type\":\"WebPage\",\"@id\":\"https:\\\/\\\/www.divis.eu\\\/fr\\\/archives-nouvelles-divis-2017-surveillance-par-camera-de-videosurveillance-en-logistique\\\/\",\"url\":\"https:\\\/\\\/www.divis.eu\\\/fr\\\/archives-nouvelles-divis-2017-surveillance-par-camera-de-videosurveillance-en-logistique\\\/\",\"name\":\"Vue d'ensemble de DIVIS News 2017 | Surveillance par cam\u00e9ra de vid\u00e9osurveillance en logistique\",\"isPartOf\":{\"@id\":\"https:\\\/\\\/www.divis.eu\\\/#website\"},\"primaryImageOfPage\":{\"@id\":\"https:\\\/\\\/www.divis.eu\\\/fr\\\/archives-nouvelles-divis-2017-surveillance-par-camera-de-videosurveillance-en-logistique\\\/#primaryimage\"},\"image\":{\"@id\":\"https:\\\/\\\/www.divis.eu\\\/fr\\\/archives-nouvelles-divis-2017-surveillance-par-camera-de-videosurveillance-en-logistique\\\/#primaryimage\"},\"thumbnailUrl\":\"https:\\\/\\\/www.divis.eu\\\/wp-content\\\/uploads\\\/2017\\\/12\\\/weihnachtstitel-web-neu-featured.gif\",\"datePublished\":\"2018-05-05T03:53:49+00:00\",\"dateModified\":\"2022-12-10T20:37:50+00:00\",\"description\":\"Des nouvelles int\u00e9ressantes sur DIVIS et nos produits pour le suivi des envois par cam\u00e9ra en logistique. Comparez nos solutions \u00e0 la surveillance par cam\u00e9ra de vid\u00e9osurveillance traditionnelle et d\u00e9couvrez la diff\u00e9rence. Ici vous trouverez nos nouvelles.\",\"breadcrumb\":{\"@id\":\"https:\\\/\\\/www.divis.eu\\\/fr\\\/archives-nouvelles-divis-2017-surveillance-par-camera-de-videosurveillance-en-logistique\\\/#breadcrumb\"},\"inLanguage\":\"fr-FR\",\"potentialAction\":[{\"@type\":\"ReadAction\",\"target\":[\"https:\\\/\\\/www.divis.eu\\\/fr\\\/archives-nouvelles-divis-2017-surveillance-par-camera-de-videosurveillance-en-logistique\\\/\"]}]},{\"@type\":\"ImageObject\",\"inLanguage\":\"fr-FR\",\"@id\":\"https:\\\/\\\/www.divis.eu\\\/fr\\\/archives-nouvelles-divis-2017-surveillance-par-camera-de-videosurveillance-en-logistique\\\/#primaryimage\",\"url\":\"https:\\\/\\\/www.divis.eu\\\/wp-content\\\/uploads\\\/2017\\\/12\\\/weihnachtstitel-web-neu-featured.gif\",\"contentUrl\":\"https:\\\/\\\/www.divis.eu\\\/wp-content\\\/uploads\\\/2017\\\/12\\\/weihnachtstitel-web-neu-featured.gif\"},{\"@type\":\"BreadcrumbList\",\"@id\":\"https:\\\/\\\/www.divis.eu\\\/fr\\\/archives-nouvelles-divis-2017-surveillance-par-camera-de-videosurveillance-en-logistique\\\/#breadcrumb\",\"itemListElement\":[{\"@type\":\"ListItem\",\"position\":1,\"name\":\"Startseite\",\"item\":\"https:\\\/\\\/www.divis.eu\\\/fr\\\/\"},{\"@type\":\"ListItem\",\"position\":2,\"name\":\"Archives Nouvelles DIVIS 2017 | Surveillance par cam\u00e9ra de vid\u00e9osurveillance en logistique\"}]},{\"@type\":\"WebSite\",\"@id\":\"https:\\\/\\\/www.divis.eu\\\/#website\",\"url\":\"https:\\\/\\\/www.divis.eu\\\/\",\"name\":\"DIVIS - The intelligent view\",\"description\":\"Videosysteml\u00f6sungen f\u00fcr Umschlags- und Warenlager\",\"potentialAction\":[{\"@type\":\"SearchAction\",\"target\":{\"@type\":\"EntryPoint\",\"urlTemplate\":\"https:\\\/\\\/www.divis.eu\\\/?s={search_term_string}\"},\"query-input\":{\"@type\":\"PropertyValueSpecification\",\"valueRequired\":true,\"valueName\":\"search_term_string\"}}],\"inLanguage\":\"fr-FR\"}]}<\/script>\n<!-- \/ Yoast SEO plugin. -->","yoast_head_json":{"title":"Vue d'ensemble de DIVIS News 2017 | Surveillance par cam\u00e9ra de vid\u00e9osurveillance en logistique","description":"Des nouvelles int\u00e9ressantes sur DIVIS et nos produits pour le suivi des envois par cam\u00e9ra en logistique. Comparez nos solutions \u00e0 la surveillance par cam\u00e9ra de vid\u00e9osurveillance traditionnelle et d\u00e9couvrez la diff\u00e9rence. Ici vous trouverez nos nouvelles.","robots":{"index":"index","follow":"follow","max-snippet":"max-snippet:-1","max-image-preview":"max-image-preview:large","max-video-preview":"max-video-preview:-1"},"canonical":"https:\/\/www.divis.eu\/fr\/archives-nouvelles-divis-2017-surveillance-par-camera-de-videosurveillance-en-logistique\/","og_locale":"fr_FR","og_type":"article","og_title":"Vue d'ensemble de DIVIS News 2017 | Surveillance par cam\u00e9ra de vid\u00e9osurveillance en logistique","og_description":"Des nouvelles int\u00e9ressantes sur DIVIS et nos produits pour le suivi des envois par cam\u00e9ra en logistique. Comparez nos solutions \u00e0 la surveillance par cam\u00e9ra de vid\u00e9osurveillance traditionnelle et d\u00e9couvrez la diff\u00e9rence. Ici vous trouverez nos nouvelles.","og_url":"https:\/\/www.divis.eu\/fr\/archives-nouvelles-divis-2017-surveillance-par-camera-de-videosurveillance-en-logistique\/","og_site_name":"DIVIS - The intelligent view","article_modified_time":"2022-12-10T20:37:50+00:00","og_image":[{"url":"https:\/\/www.divis.eu\/wp-content\/uploads\/2017\/12\/weihnachtstitel-web-neu-featured.gif","type":"","width":"","height":""}],"twitter_card":"summary_large_image","twitter_misc":{"Dur\u00e9e de lecture estim\u00e9e":"2 minutes"},"schema":{"@context":"https:\/\/schema.org","@graph":[{"@type":"WebPage","@id":"https:\/\/www.divis.eu\/fr\/archives-nouvelles-divis-2017-surveillance-par-camera-de-videosurveillance-en-logistique\/","url":"https:\/\/www.divis.eu\/fr\/archives-nouvelles-divis-2017-surveillance-par-camera-de-videosurveillance-en-logistique\/","name":"Vue d'ensemble de DIVIS News 2017 | Surveillance par cam\u00e9ra de vid\u00e9osurveillance en logistique","isPartOf":{"@id":"https:\/\/www.divis.eu\/#website"},"primaryImageOfPage":{"@id":"https:\/\/www.divis.eu\/fr\/archives-nouvelles-divis-2017-surveillance-par-camera-de-videosurveillance-en-logistique\/#primaryimage"},"image":{"@id":"https:\/\/www.divis.eu\/fr\/archives-nouvelles-divis-2017-surveillance-par-camera-de-videosurveillance-en-logistique\/#primaryimage"},"thumbnailUrl":"https:\/\/www.divis.eu\/wp-content\/uploads\/2017\/12\/weihnachtstitel-web-neu-featured.gif","datePublished":"2018-05-05T03:53:49+00:00","dateModified":"2022-12-10T20:37:50+00:00","description":"Des nouvelles int\u00e9ressantes sur DIVIS et nos produits pour le suivi des envois par cam\u00e9ra en logistique. Comparez nos solutions \u00e0 la surveillance par cam\u00e9ra de vid\u00e9osurveillance traditionnelle et d\u00e9couvrez la diff\u00e9rence. Ici vous trouverez nos nouvelles.","breadcrumb":{"@id":"https:\/\/www.divis.eu\/fr\/archives-nouvelles-divis-2017-surveillance-par-camera-de-videosurveillance-en-logistique\/#breadcrumb"},"inLanguage":"fr-FR","potentialAction":[{"@type":"ReadAction","target":["https:\/\/www.divis.eu\/fr\/archives-nouvelles-divis-2017-surveillance-par-camera-de-videosurveillance-en-logistique\/"]}]},{"@type":"ImageObject","inLanguage":"fr-FR","@id":"https:\/\/www.divis.eu\/fr\/archives-nouvelles-divis-2017-surveillance-par-camera-de-videosurveillance-en-logistique\/#primaryimage","url":"https:\/\/www.divis.eu\/wp-content\/uploads\/2017\/12\/weihnachtstitel-web-neu-featured.gif","contentUrl":"https:\/\/www.divis.eu\/wp-content\/uploads\/2017\/12\/weihnachtstitel-web-neu-featured.gif"},{"@type":"BreadcrumbList","@id":"https:\/\/www.divis.eu\/fr\/archives-nouvelles-divis-2017-surveillance-par-camera-de-videosurveillance-en-logistique\/#breadcrumb","itemListElement":[{"@type":"ListItem","position":1,"name":"Startseite","item":"https:\/\/www.divis.eu\/fr\/"},{"@type":"ListItem","position":2,"name":"Archives Nouvelles DIVIS 2017 | Surveillance par cam\u00e9ra de vid\u00e9osurveillance en logistique"}]},{"@type":"WebSite","@id":"https:\/\/www.divis.eu\/#website","url":"https:\/\/www.divis.eu\/","name":"DIVIS - The intelligent view","description":"Videosysteml\u00f6sungen f\u00fcr Umschlags- und Warenlager","potentialAction":[{"@type":"SearchAction","target":{"@type":"EntryPoint","urlTemplate":"https:\/\/www.divis.eu\/?s={search_term_string}"},"query-input":{"@type":"PropertyValueSpecification","valueRequired":true,"valueName":"search_term_string"}}],"inLanguage":"fr-FR"}]}},"_links":{"self":[{"href":"https:\/\/www.divis.eu\/fr\/wp-json\/wp\/v2\/pages\/15789","targetHints":{"allow":["GET"]}}],"collection":[{"href":"https:\/\/www.divis.eu\/fr\/wp-json\/wp\/v2\/pages"}],"about":[{"href":"https:\/\/www.divis.eu\/fr\/wp-json\/wp\/v2\/types\/page"}],"author":[{"embeddable":true,"href":"https:\/\/www.divis.eu\/fr\/wp-json\/wp\/v2\/users\/1"}],"replies":[{"embeddable":true,"href":"https:\/\/www.divis.eu\/fr\/wp-json\/wp\/v2\/comments?post=15789"}],"version-history":[{"count":0,"href":"https:\/\/www.divis.eu\/fr\/wp-json\/wp\/v2\/pages\/15789\/revisions"}],"wp:attachment":[{"href":"https:\/\/www.divis.eu\/fr\/wp-json\/wp\/v2\/media?parent=15789"}],"curies":[{"name":"wp","href":"https:\/\/api.w.org\/{rel}","templated":true}]}}