{"id":15828,"date":"2019-07-20T15:38:11","date_gmt":"2019-07-20T15:38:11","guid":{"rendered":"https:\/\/www.divis.eu\/?page_id=15828"},"modified":"2020-04-04T16:22:39","modified_gmt":"2020-04-04T16:22:39","slug":"conseils-produits-divis-suivi-des-marchandises-videotracking","status":"publish","type":"page","link":"https:\/\/www.divis.eu\/fr\/conseils-produits-divis-suivi-des-marchandises-videotracking\/","title":{"rendered":"Conseils produits DIVIS | Suivi des marchandises par vid\u00e9otracking | Archive 2018"},"content":{"rendered":"<h3>\n\t\tArchive\n\t<\/h3>\n<h2>\n\t\tConseils produits\n\t<\/h2>\n\t\t\t\t<a href=\"#\" target=\"_self\" itemprop=\"url\" rel=\"noopener noreferrer\">\n\t\t\t\t<img decoding=\"async\" src=\"https:\/\/www.divis.eu\/wp-content\/uploads\/2018\/11\/sprechblase-newsletter-abo-fr.png\" alt=\"Videomanagement-Software Logistik DIVIS\" title=\"sprechblase-newsletter-abo-fr\" itemprop=\"image\"  \/>\n\t\t\t\t\t\t<\/a>\n\t\t\t\t\t<ul id=\"menu-fr-tipps-infos\"><li id=\"menu-item-12529\"><a href=\"https:\/\/www.divis.eu\/fr\/divis-news-vue-densemble-suivi-des-envois-par-camera-en-logistique\/\">Nouvelles DIVIS<\/a><\/li>\n<li id=\"menu-item-12530\"><a href=\"https:\/\/www.divis.eu\/fr\/conseils-produits-divis-suivi-des-marchandises-par-videotracking\/\">Conseils produits<\/a><\/li>\n<li id=\"menu-item-12531\"><a href=\"https:\/\/www.divis.eu\/fr\/informations-generales-divis-suivi-des-marchandises-guide-par-images\/\">Informations g\u00e9n\u00e9rales<\/a><\/li>\n<\/ul>\t\n\t<h1>\n\t\tArchives 2018: Trucs et astuces\n\t<\/h1>\n\t\t\t\t\t\t\t\t\t\t\t\t\t\t<a href=\"https:\/\/www.divis.eu\/fr\/recherche-de-colis-dans-le-depot-quick-trim-dans-parcelvis\/\" target=\"_self\" title=\"Recherche de colis dans le d\u00e9p\u00f4t &#8211; \u00ab Quick Trim \u00bb dans ParcelVIS\" rel=\"noopener noreferrer\">\n\t\t\t\t<img decoding=\"async\" src=\"https:\/\/www.divis.eu\/wp-content\/uploads\/2018\/12\/tipp-des-monats-FR-featured.gif\" alt=\"Conseil du mois\" \/>\n\t\t\t\t<\/a>\n\t\t\t\t\t\t<h2>\n\t\t\t\t\t\t\t\tDecember\t\t\t\t\t\t\t\t\n\t\t\t\t\t\t\t\t1\n\t\t\t\t\t\t\t\t2018\n\t\t\t\t\t\t<\/h2>\n\t\t\t\t\t\t<h4>\n\t\t\t\t<a href=https:\/\/www.divis.eu\/fr\/recherche-de-colis-dans-le-depot-quick-trim-dans-parcelvis\/ title=\"Recherche de colis dans le d\u00e9p\u00f4t &#8211; \u00ab Quick Trim \u00bb dans ParcelVIS\" tabindex=\"0\">Recherche de colis dans le d\u00e9p\u00f4t &#8211; \u00ab Quick Trim \u00bb dans ParcelVIS<\/a>\t\t\t<\/h4>\n\t\t\t\t\t\t\t\tRevenez avec nous sur les faits marquants de l&rsquo;ann\u00e9e 2018, apprenez-en plus sur l\u2019\u00e9dition vid\u00e9o rapide dans ParcelVIS dans notre conseil du mois et faites la connaissance de nos coll\u00e8gues de l&rsquo;administration et de la comptabilit\u00e9.\n\t\t\t<a href=\"https:\/\/www.divis.eu\/fr\/recherche-de-colis-dans-le-depot-quick-trim-dans-parcelvis\/\" target=\"_self\" role=\"button\" rel=\"noopener noreferrer\">\n\t\t\t\t\t\t\tPlus\n\t\t<\/a>\n\t\t\t\t\t\t\t\t\t\t\t\t\t\t<a href=\"https:\/\/www.divis.eu\/fr\/fonction-zoom-pour-la-recherche-denvois-dans-cargovis-et-parcelvis\/\" target=\"_self\" title=\"Fonction Zoom pour la recherche d&#8217;envois dans CargoVIS et ParcelVIS\" rel=\"noopener noreferrer\">\n\t\t\t\t<img decoding=\"async\" src=\"https:\/\/www.divis.eu\/wp-content\/uploads\/2018\/11\/nl-featured-fr-featured.gif\" alt=\"DIVIS Conseil du mois\" \/>\n\t\t\t\t<\/a>\n\t\t\t\t\t\t<h2>\n\t\t\t\t\t\t\t\tNovember\t\t\t\t\t\t\t\t\n\t\t\t\t\t\t\t\t3\n\t\t\t\t\t\t\t\t2018\n\t\t\t\t\t\t<\/h2>\n\t\t\t\t\t\t<h4>\n\t\t\t\t<a href=https:\/\/www.divis.eu\/fr\/fonction-zoom-pour-la-recherche-denvois-dans-cargovis-et-parcelvis\/ title=\"Fonction Zoom pour la recherche d&#8217;envois dans CargoVIS et ParcelVIS\" tabindex=\"0\">Fonction Zoom pour la recherche d&#8217;envois dans CargoVIS et ParcelVIS<\/a>\t\t\t<\/h4>\n\t\t\t\t\t\t\t\tDans notre conseil du mois, nous vous pr\u00e9sentons ce mois-ci une fonction Zoom utile et tr\u00e8s simple d&rsquo;utilisation gr\u00e2ce \u00e0 la souris qui vous permet d&rsquo;agrandir des zones d&rsquo;image distinctes pendant vos recherches dans CargoVIS et ParcelVIS &#8211; par exemple, pour mieux afficher les d\u00e9tails de l&rsquo;envoi \u00e0 suivre.\n\t\t\t<a href=\"https:\/\/www.divis.eu\/fr\/fonction-zoom-pour-la-recherche-denvois-dans-cargovis-et-parcelvis\/\" target=\"_self\" role=\"button\" rel=\"noopener noreferrer\">\n\t\t\t\t\t\t\tPlus\n\t\t<\/a>\n\t\t\t\t\t\t\t\t\t\t\t\t\t\t<a href=\"https:\/\/www.divis.eu\/fr\/adaptation-des-pas-temporels-pour-le-suivi-des-colis-dans-lentrepot-de-transbordement-avec-parcelvis\/\" target=\"_self\" title=\"Adaptation des pas temporels pour le suivi des colis dans l&#8217;entrep\u00f4t de transbordement avec ParcelVIS\" rel=\"noopener noreferrer\">\n\t\t\t\t<img decoding=\"async\" src=\"https:\/\/www.divis.eu\/wp-content\/uploads\/2018\/10\/TDM-featured-FR.gif\" alt=\"Conseil du mois | DIVIS\" \/>\n\t\t\t\t<\/a>\n\t\t\t\t\t\t<h2>\n\t\t\t\t\t\t\t\tOctober\t\t\t\t\t\t\t\t\n\t\t\t\t\t\t\t\t7\n\t\t\t\t\t\t\t\t2018\n\t\t\t\t\t\t<\/h2>\n\t\t\t\t\t\t<h4>\n\t\t\t\t<a href=https:\/\/www.divis.eu\/fr\/adaptation-des-pas-temporels-pour-le-suivi-des-colis-dans-lentrepot-de-transbordement-avec-parcelvis\/ title=\"Adaptation des pas temporels pour le suivi des colis dans l&#8217;entrep\u00f4t de transbordement avec ParcelVIS\" tabindex=\"0\">Adaptation des pas temporels pour le suivi des colis dans l&#8217;entrep\u00f4t de transbordement avec ParcelVIS<\/a>\t\t\t<\/h4>\n\t\t\t\t\t\t\t\tAujourd&rsquo;hui, nous vous montrons comment vous pouvez rechercher des colis dans l&rsquo;entrep\u00f4t de transbordement avec ParcelVIS \u00e0 la minute comme \u00e0 la seconde pr\u00e8s. Dans l&rsquo;espace de travail vid\u00e9o, vous pouvez affiner votre recherche et personnaliser l\u2019incr\u00e9ment des pas au fur et \u00e0 mesure que vous vous d\u00e9placez dans le mat\u00e9riel vid\u00e9o.\n\t\t\t<a href=\"https:\/\/www.divis.eu\/fr\/adaptation-des-pas-temporels-pour-le-suivi-des-colis-dans-lentrepot-de-transbordement-avec-parcelvis\/\" target=\"_self\" role=\"button\" rel=\"noopener noreferrer\">\n\t\t\t\t\t\t\tPlus\n\t\t<\/a>\n\t\t\t\t\t\t\t\t\t\t\t\t\t\t<a href=\"https:\/\/www.divis.eu\/fr\/recherche-video-individualiser-lors-du-transfert-des-photos-provenant-des-logiciels-cargovis-et-parcelvis\/\" target=\"_self\" title=\"Recherche vid\u00e9o : individualiser lors du transfert des photos provenant des logiciels CargoVIS et ParcelVIS\" rel=\"noopener noreferrer\">\n\t\t\t\t<img decoding=\"async\" src=\"https:\/\/www.divis.eu\/wp-content\/uploads\/2018\/09\/tipp-des-monats-09-FR.gif\" alt=\"DIVIS Conseil du mois\" \/>\n\t\t\t\t<\/a>\n\t\t\t\t\t\t<h2>\n\t\t\t\t\t\t\t\tAugust\t\t\t\t\t\t\t\t\n\t\t\t\t\t\t\t\t30\n\t\t\t\t\t\t\t\t2018\n\t\t\t\t\t\t<\/h2>\n\t\t\t\t\t\t<h4>\n\t\t\t\t<a href=https:\/\/www.divis.eu\/fr\/recherche-video-individualiser-lors-du-transfert-des-photos-provenant-des-logiciels-cargovis-et-parcelvis\/ title=\"Recherche vid\u00e9o : individualiser lors du transfert des photos provenant des logiciels CargoVIS et ParcelVIS\" tabindex=\"0\">Recherche vid\u00e9o : individualiser lors du transfert des photos provenant des logiciels CargoVIS et ParcelVIS<\/a>\t\t\t<\/h4>\n\t\t\t\t\t\t\t\tEn transf\u00e9rant des photos provenant des logiciels CargoVIS et ParcelVIS les utilisateurs ont la possibilit\u00e9 d\u2019ins\u00e9rer des informations individualis\u00e9es telles le logo et l\u2019adresse de la soci\u00e9t\u00e9 et d\u2019automatiser cette d\u00e9marche. Vous saurez comment ici.\n\t\t\t<a href=\"https:\/\/www.divis.eu\/fr\/recherche-video-individualiser-lors-du-transfert-des-photos-provenant-des-logiciels-cargovis-et-parcelvis\/\" target=\"_self\" role=\"button\" rel=\"noopener noreferrer\">\n\t\t\t\t\t\t\tPlus\n\t\t<\/a>\n\t\t\t\t\t\t\t\t\t\t\t\t\t\t<a href=\"https:\/\/www.divis.eu\/fr\/release-note-logiciels-version-1-4-1-optimisations-dans-cargovis-et-parcelvis\/\" target=\"_self\" title=\"Release Note logiciels version 1.4.1 : Optimisations dans CargoVIS et ParcelVIS\" rel=\"noopener noreferrer\">\n\t\t\t\t<img decoding=\"async\" src=\"https:\/\/www.divis.eu\/wp-content\/uploads\/2018\/09\/software-release-note-featured-FR.gif\" alt=\"Nouvelles fonctionnalit\u00e9s de CargoVIS &amp; ParcelVIS\" \/>\n\t\t\t\t<\/a>\n\t\t\t\t\t\t<h2>\n\t\t\t\t\t\t\t\tAugust\t\t\t\t\t\t\t\t\n\t\t\t\t\t\t\t\t30\n\t\t\t\t\t\t\t\t2018\n\t\t\t\t\t\t<\/h2>\n\t\t\t\t\t\t<h4>\n\t\t\t\t<a href=https:\/\/www.divis.eu\/fr\/release-note-logiciels-version-1-4-1-optimisations-dans-cargovis-et-parcelvis\/ title=\"Release Note logiciels version 1.4.1 : Optimisations dans CargoVIS et ParcelVIS\" tabindex=\"0\">Release Note logiciels version 1.4.1 : Optimisations dans CargoVIS et ParcelVIS<\/a>\t\t\t<\/h4>\n\t\t\t\t\t\t\t\tAujourd&rsquo;hui, nous aimerions vous pr\u00e9senter les derni\u00e8res innovations de CargoVIS, notre logiciel de gestion vid\u00e9o pour les marchandises palettis\u00e9es, et de ParcelVIS, notre logiciel de recherche de colis guid\u00e9e par images dans le d\u00e9p\u00f4t de transbordement.\n\t\t\t<a href=\"https:\/\/www.divis.eu\/fr\/release-note-logiciels-version-1-4-1-optimisations-dans-cargovis-et-parcelvis\/\" target=\"_self\" role=\"button\" rel=\"noopener noreferrer\">\n\t\t\t\t\t\t\tPlus\n\t\t<\/a>\n\t\t\t\t\t\t\t\t\t\t\t\t\t\t<a href=\"https:\/\/www.divis.eu\/fr\/navigation-par-zone-brevetee-dans-cargovis-suivi-rapide-et-facile-des-envois\/\" target=\"_self\" title=\"Navigation par zone brevet\u00e9e dans CargoVIS &#8211; Suivi rapide et facile des envois\" rel=\"noopener noreferrer\">\n\t\t\t\t<img decoding=\"async\" src=\"https:\/\/www.divis.eu\/wp-content\/uploads\/2018\/08\/tispp-des-monats-web-fr.jpg\" alt=\"Astuce du mois | Suivi avec navigation de zone brevet\u00e9e dans CargoVIS\" \/>\n\t\t\t\t<\/a>\n\t\t\t\t\t\t<h2>\n\t\t\t\t\t\t\t\tAugust\t\t\t\t\t\t\t\t\n\t\t\t\t\t\t\t\t2\n\t\t\t\t\t\t\t\t2018\n\t\t\t\t\t\t<\/h2>\n\t\t\t\t\t\t<h4>\n\t\t\t\t<a href=https:\/\/www.divis.eu\/fr\/navigation-par-zone-brevetee-dans-cargovis-suivi-rapide-et-facile-des-envois\/ title=\"Navigation par zone brevet\u00e9e dans CargoVIS &#8211; Suivi rapide et facile des envois\" tabindex=\"0\">Navigation par zone brevet\u00e9e dans CargoVIS &#8211; Suivi rapide et facile des envois<\/a>\t\t\t<\/h4>\n\t\t\t\t\t\t\t\tD\u00e9couvrez aujourd\u2019hui dans notre conseil du mois comment vous pouvez localiser tr\u00e8s facilement les marchandises gr\u00e2ce \u00e0 la navigation par zones brevet\u00e9e dans notre logiciel. Aucune connaissance pr\u00e9alable du hall ou du syst\u00e8me de cam\u00e9ra utilis\u00e9 n&rsquo;est requise.\n\t\t\t<a href=\"https:\/\/www.divis.eu\/fr\/navigation-par-zone-brevetee-dans-cargovis-suivi-rapide-et-facile-des-envois\/\" target=\"_self\" role=\"button\" rel=\"noopener noreferrer\">\n\t\t\t\t\t\t\tPlus\n\t\t<\/a>\n\t\t\t<ul class='page-numbers'>\n\t<li>1<\/li>\n\t<li><a href=\"https:\/\/www.divis.eu\/fr\/conseils-produits-divis-suivi-des-marchandises-videotracking\/page\/2\/?fl_builder\">2<\/a><\/li>\n\t<li><a href=\"https:\/\/www.divis.eu\/fr\/conseils-produits-divis-suivi-des-marchandises-videotracking\/page\/3\/?fl_builder\">3<\/a><\/li>\n\t<li><a href=\"https:\/\/www.divis.eu\/fr\/conseils-produits-divis-suivi-des-marchandises-videotracking\/page\/2\/?fl_builder\">Next &raquo;<\/a><\/li>\n<\/ul>\n\t\t<h3>\n\t\tArchives<br>Conseils produits\n\t<\/h3>\n\t\t\t\t\t<ul id=\"menu-fr-produktinfos-archiv-menu\"><li id=\"menu-item-18103\"><a href=\"https:\/\/www.divis.eu\/fr\/divis-product-tips-archive-2019-360-degree-camera\/\">Archive des conseils produits 2019<\/a><\/li>\n<li id=\"menu-item-13039\"><a href=\"https:\/\/www.divis.eu\/fr\/archive-des-conseils-produits-divis-2017-surveillance-video-avec-camera-hd\/\">Archive des conseils produits 2017<\/a><\/li>\n<li id=\"menu-item-15831\"><a href=\"https:\/\/www.divis.eu\/fr\/conseils-produits-divis-suivi-des-marchandises-videotracking\/\">Archive des conseils produits 2018<\/a><\/li>\n<\/ul>\t\n\t\t\t\t<img decoding=\"async\" src=\"https:\/\/www.divis.eu\/wp-content\/uploads\/2018\/01\/kundenlogo-CTL.png\" alt=\"kundenlogo-CTL\" itemprop=\"image\" height=\"51\" width=\"120\" title=\"kundenlogo-CTL\" onerror=\"this.style.display='none'\"  \/>\n\t\t\t\t<img decoding=\"async\" src=\"https:\/\/www.divis.eu\/wp-content\/uploads\/2018\/01\/kundenlogo-dpd.png\" alt=\"kundenlogo-dpd\" itemprop=\"image\" height=\"51\" width=\"120\" title=\"kundenlogo-dpd\" onerror=\"this.style.display='none'\"  \/>\n\t\t\t\t<img decoding=\"async\" src=\"https:\/\/www.divis.eu\/wp-content\/uploads\/2018\/01\/kundenlogo-panalpina.png\" alt=\"kundenlogo-panalpina\" itemprop=\"image\" height=\"51\" width=\"120\" title=\"kundenlogo-panalpina\" onerror=\"this.style.display='none'\"  \/>\n\t\t\t\t<img decoding=\"async\" src=\"https:\/\/www.divis.eu\/wp-content\/uploads\/2018\/01\/kundenlogo-online.png\" alt=\"kundenlogo-online\" itemprop=\"image\" height=\"51\" width=\"120\" title=\"kundenlogo-online\" onerror=\"this.style.display='none'\"  \/>\n\t\t\t\t<img decoding=\"async\" src=\"https:\/\/www.divis.eu\/wp-content\/uploads\/2018\/01\/kundenlogo-rhenus.png\" alt=\"Rhenus Logistics | DIVIS-Kunde\" title=\"kundenlogo-rhenus\" itemprop=\"image\"  \/>\n\t\t\t\t<img decoding=\"async\" src=\"https:\/\/www.divis.eu\/wp-content\/uploads\/2018\/01\/kundenlogo-tsb.png\" alt=\"kundenlogo-tsb\" itemprop=\"image\" height=\"51\" width=\"120\" title=\"kundenlogo-tsb\" onerror=\"this.style.display='none'\"  \/>\n\t\t\t\t<img decoding=\"async\" src=\"https:\/\/www.divis.eu\/wp-content\/uploads\/2018\/01\/kundenlogo-gebrueder-weiss.png\" alt=\"Gebr\u00fcder Weiss | DIVIS-Kunde\" itemprop=\"image\" height=\"51\" width=\"150\" title=\"kundenlogo-gebrueder-weiss\" onerror=\"this.style.display='none'\"  \/>\n\t\t\t\t<img decoding=\"async\" src=\"https:\/\/www.divis.eu\/wp-content\/uploads\/2018\/01\/kundenlogo-tchibo.png\" alt=\"Tchibo | DIVIS-Kunde\" title=\"kundenlogo-tchibo\" itemprop=\"image\"  \/>\n\t\t\t\t<img decoding=\"async\" src=\"https:\/\/www.divis.eu\/wp-content\/uploads\/2018\/01\/kundenlogo-24plus.png\" alt=\"kundenlogo-24plus\" itemprop=\"image\" height=\"51\" width=\"120\" title=\"kundenlogo-24plus\" onerror=\"this.style.display='none'\"  \/>\n\t\t\t\t<img decoding=\"async\" src=\"https:\/\/www.divis.eu\/wp-content\/uploads\/2018\/01\/kundenlogo-raben.png\" alt=\"Raben Group | DIVIS-Kunde\" title=\"kundenlogo-raben\" itemprop=\"image\"  \/>\n\t\t\t\t<img decoding=\"async\" src=\"https:\/\/www.divis.eu\/wp-content\/uploads\/2018\/01\/kundenlogo-geis.png\" alt=\"Spedition Geis | DIVIS-Kunde\" title=\"kundenlogo-geis\" itemprop=\"image\"  \/>\n\t\t\t\t<img decoding=\"async\" src=\"https:\/\/www.divis.eu\/wp-content\/uploads\/2018\/01\/kundenlogo-zufall.png\" alt=\"kundenlogo-zufall\" itemprop=\"image\" height=\"51\" width=\"120\" title=\"kundenlogo-zufall\" onerror=\"this.style.display='none'\"  \/>\n","protected":false},"excerpt":{"rendered":"<p>Archive Conseils produits Nouvelles DIVIS Conseils produits Informations g\u00e9n\u00e9rales Archives 2018: Trucs et astuces December 1 2018 Recherche de colis dans le d\u00e9p\u00f4t &#8211; \u00ab Quick Trim \u00bb dans ParcelVIS Revenez avec nous sur les faits marquants de l&rsquo;ann\u00e9e 2018, apprenez-en plus sur l\u2019\u00e9dition vid\u00e9o rapide dans ParcelVIS dans notre conseil du mois et faites&hellip;<\/p>\n","protected":false},"author":1,"featured_media":0,"parent":0,"menu_order":0,"comment_status":"closed","ping_status":"closed","template":"","meta":{"footnotes":""},"class_list":["post-15828","page","type-page","status-publish","hentry"],"yoast_head":"<!-- This site is optimized with the Yoast SEO plugin v27.5 - https:\/\/yoast.com\/product\/yoast-seo-wordpress\/ -->\n<title>Conseils &amp; Infos DIVIS | Suivi des marchandises par vid\u00e9otracking dans la logistique<\/title>\n<meta name=\"description\" content=\"Conseils et informations int\u00e9ressants de DIVIS sur nos produits pour le vid\u00e9otracking des marchandises dans la logistique, ainsi que d&#039;autres informations de secteurs et techniques.\" \/>\n<meta name=\"robots\" content=\"index, follow, max-snippet:-1, max-image-preview:large, max-video-preview:-1\" \/>\n<link rel=\"canonical\" href=\"https:\/\/www.divis.eu\/fr\/conseils-produits-divis-suivi-des-marchandises-videotracking\/\" \/>\n<meta property=\"og:locale\" content=\"fr_FR\" \/>\n<meta property=\"og:type\" content=\"article\" \/>\n<meta property=\"og:title\" content=\"Conseils &amp; Infos DIVIS | Suivi des marchandises par vid\u00e9otracking dans la logistique\" \/>\n<meta property=\"og:description\" content=\"Conseils et informations int\u00e9ressants de DIVIS sur nos produits pour le vid\u00e9otracking des marchandises dans la logistique, ainsi que d&#039;autres informations de secteurs et techniques.\" \/>\n<meta property=\"og:url\" content=\"https:\/\/www.divis.eu\/fr\/conseils-produits-divis-suivi-des-marchandises-videotracking\/\" \/>\n<meta property=\"og:site_name\" content=\"DIVIS - The intelligent view\" \/>\n<meta property=\"article:modified_time\" content=\"2020-04-04T16:22:39+00:00\" \/>\n<meta property=\"og:image\" content=\"https:\/\/www.divis.eu\/wp-content\/uploads\/2018\/11\/sprechblase-newsletter-abo-fr.png\" \/>\n<meta name=\"twitter:card\" content=\"summary_large_image\" \/>\n<meta name=\"twitter:label1\" content=\"Dur\u00e9e de lecture estim\u00e9e\" \/>\n\t<meta name=\"twitter:data1\" content=\"2 minutes\" \/>\n<script type=\"application\/ld+json\" class=\"yoast-schema-graph\">{\"@context\":\"https:\\\/\\\/schema.org\",\"@graph\":[{\"@type\":\"WebPage\",\"@id\":\"https:\\\/\\\/www.divis.eu\\\/fr\\\/conseils-produits-divis-suivi-des-marchandises-videotracking\\\/\",\"url\":\"https:\\\/\\\/www.divis.eu\\\/fr\\\/conseils-produits-divis-suivi-des-marchandises-videotracking\\\/\",\"name\":\"Conseils & Infos DIVIS | Suivi des marchandises par vid\u00e9otracking dans la logistique\",\"isPartOf\":{\"@id\":\"https:\\\/\\\/www.divis.eu\\\/#website\"},\"primaryImageOfPage\":{\"@id\":\"https:\\\/\\\/www.divis.eu\\\/fr\\\/conseils-produits-divis-suivi-des-marchandises-videotracking\\\/#primaryimage\"},\"image\":{\"@id\":\"https:\\\/\\\/www.divis.eu\\\/fr\\\/conseils-produits-divis-suivi-des-marchandises-videotracking\\\/#primaryimage\"},\"thumbnailUrl\":\"https:\\\/\\\/www.divis.eu\\\/wp-content\\\/uploads\\\/2018\\\/11\\\/sprechblase-newsletter-abo-fr.png\",\"datePublished\":\"2019-07-20T15:38:11+00:00\",\"dateModified\":\"2020-04-04T16:22:39+00:00\",\"description\":\"Conseils et informations int\u00e9ressants de DIVIS sur nos produits pour le vid\u00e9otracking des marchandises dans la logistique, ainsi que d'autres informations de secteurs et techniques.\",\"breadcrumb\":{\"@id\":\"https:\\\/\\\/www.divis.eu\\\/fr\\\/conseils-produits-divis-suivi-des-marchandises-videotracking\\\/#breadcrumb\"},\"inLanguage\":\"fr-FR\",\"potentialAction\":[{\"@type\":\"ReadAction\",\"target\":[\"https:\\\/\\\/www.divis.eu\\\/fr\\\/conseils-produits-divis-suivi-des-marchandises-videotracking\\\/\"]}]},{\"@type\":\"ImageObject\",\"inLanguage\":\"fr-FR\",\"@id\":\"https:\\\/\\\/www.divis.eu\\\/fr\\\/conseils-produits-divis-suivi-des-marchandises-videotracking\\\/#primaryimage\",\"url\":\"https:\\\/\\\/www.divis.eu\\\/wp-content\\\/uploads\\\/2018\\\/11\\\/sprechblase-newsletter-abo-fr.png\",\"contentUrl\":\"https:\\\/\\\/www.divis.eu\\\/wp-content\\\/uploads\\\/2018\\\/11\\\/sprechblase-newsletter-abo-fr.png\"},{\"@type\":\"BreadcrumbList\",\"@id\":\"https:\\\/\\\/www.divis.eu\\\/fr\\\/conseils-produits-divis-suivi-des-marchandises-videotracking\\\/#breadcrumb\",\"itemListElement\":[{\"@type\":\"ListItem\",\"position\":1,\"name\":\"Startseite\",\"item\":\"https:\\\/\\\/www.divis.eu\\\/fr\\\/\"},{\"@type\":\"ListItem\",\"position\":2,\"name\":\"Conseils produits DIVIS | Suivi des marchandises par vid\u00e9otracking | Archive 2018\"}]},{\"@type\":\"WebSite\",\"@id\":\"https:\\\/\\\/www.divis.eu\\\/#website\",\"url\":\"https:\\\/\\\/www.divis.eu\\\/\",\"name\":\"DIVIS - The intelligent view\",\"description\":\"Videosysteml\u00f6sungen f\u00fcr Umschlags- und Warenlager\",\"potentialAction\":[{\"@type\":\"SearchAction\",\"target\":{\"@type\":\"EntryPoint\",\"urlTemplate\":\"https:\\\/\\\/www.divis.eu\\\/?s={search_term_string}\"},\"query-input\":{\"@type\":\"PropertyValueSpecification\",\"valueRequired\":true,\"valueName\":\"search_term_string\"}}],\"inLanguage\":\"fr-FR\"}]}<\/script>\n<!-- \/ Yoast SEO plugin. -->","yoast_head_json":{"title":"Conseils & Infos DIVIS | Suivi des marchandises par vid\u00e9otracking dans la logistique","description":"Conseils et informations int\u00e9ressants de DIVIS sur nos produits pour le vid\u00e9otracking des marchandises dans la logistique, ainsi que d'autres informations de secteurs et techniques.","robots":{"index":"index","follow":"follow","max-snippet":"max-snippet:-1","max-image-preview":"max-image-preview:large","max-video-preview":"max-video-preview:-1"},"canonical":"https:\/\/www.divis.eu\/fr\/conseils-produits-divis-suivi-des-marchandises-videotracking\/","og_locale":"fr_FR","og_type":"article","og_title":"Conseils & Infos DIVIS | Suivi des marchandises par vid\u00e9otracking dans la logistique","og_description":"Conseils et informations int\u00e9ressants de DIVIS sur nos produits pour le vid\u00e9otracking des marchandises dans la logistique, ainsi que d'autres informations de secteurs et techniques.","og_url":"https:\/\/www.divis.eu\/fr\/conseils-produits-divis-suivi-des-marchandises-videotracking\/","og_site_name":"DIVIS - The intelligent view","article_modified_time":"2020-04-04T16:22:39+00:00","og_image":[{"url":"https:\/\/www.divis.eu\/wp-content\/uploads\/2018\/11\/sprechblase-newsletter-abo-fr.png","type":"","width":"","height":""}],"twitter_card":"summary_large_image","twitter_misc":{"Dur\u00e9e de lecture estim\u00e9e":"2 minutes"},"schema":{"@context":"https:\/\/schema.org","@graph":[{"@type":"WebPage","@id":"https:\/\/www.divis.eu\/fr\/conseils-produits-divis-suivi-des-marchandises-videotracking\/","url":"https:\/\/www.divis.eu\/fr\/conseils-produits-divis-suivi-des-marchandises-videotracking\/","name":"Conseils & Infos DIVIS | Suivi des marchandises par vid\u00e9otracking dans la logistique","isPartOf":{"@id":"https:\/\/www.divis.eu\/#website"},"primaryImageOfPage":{"@id":"https:\/\/www.divis.eu\/fr\/conseils-produits-divis-suivi-des-marchandises-videotracking\/#primaryimage"},"image":{"@id":"https:\/\/www.divis.eu\/fr\/conseils-produits-divis-suivi-des-marchandises-videotracking\/#primaryimage"},"thumbnailUrl":"https:\/\/www.divis.eu\/wp-content\/uploads\/2018\/11\/sprechblase-newsletter-abo-fr.png","datePublished":"2019-07-20T15:38:11+00:00","dateModified":"2020-04-04T16:22:39+00:00","description":"Conseils et informations int\u00e9ressants de DIVIS sur nos produits pour le vid\u00e9otracking des marchandises dans la logistique, ainsi que d'autres informations de secteurs et techniques.","breadcrumb":{"@id":"https:\/\/www.divis.eu\/fr\/conseils-produits-divis-suivi-des-marchandises-videotracking\/#breadcrumb"},"inLanguage":"fr-FR","potentialAction":[{"@type":"ReadAction","target":["https:\/\/www.divis.eu\/fr\/conseils-produits-divis-suivi-des-marchandises-videotracking\/"]}]},{"@type":"ImageObject","inLanguage":"fr-FR","@id":"https:\/\/www.divis.eu\/fr\/conseils-produits-divis-suivi-des-marchandises-videotracking\/#primaryimage","url":"https:\/\/www.divis.eu\/wp-content\/uploads\/2018\/11\/sprechblase-newsletter-abo-fr.png","contentUrl":"https:\/\/www.divis.eu\/wp-content\/uploads\/2018\/11\/sprechblase-newsletter-abo-fr.png"},{"@type":"BreadcrumbList","@id":"https:\/\/www.divis.eu\/fr\/conseils-produits-divis-suivi-des-marchandises-videotracking\/#breadcrumb","itemListElement":[{"@type":"ListItem","position":1,"name":"Startseite","item":"https:\/\/www.divis.eu\/fr\/"},{"@type":"ListItem","position":2,"name":"Conseils produits DIVIS | Suivi des marchandises par vid\u00e9otracking | Archive 2018"}]},{"@type":"WebSite","@id":"https:\/\/www.divis.eu\/#website","url":"https:\/\/www.divis.eu\/","name":"DIVIS - The intelligent view","description":"Videosysteml\u00f6sungen f\u00fcr Umschlags- und Warenlager","potentialAction":[{"@type":"SearchAction","target":{"@type":"EntryPoint","urlTemplate":"https:\/\/www.divis.eu\/?s={search_term_string}"},"query-input":{"@type":"PropertyValueSpecification","valueRequired":true,"valueName":"search_term_string"}}],"inLanguage":"fr-FR"}]}},"_links":{"self":[{"href":"https:\/\/www.divis.eu\/fr\/wp-json\/wp\/v2\/pages\/15828","targetHints":{"allow":["GET"]}}],"collection":[{"href":"https:\/\/www.divis.eu\/fr\/wp-json\/wp\/v2\/pages"}],"about":[{"href":"https:\/\/www.divis.eu\/fr\/wp-json\/wp\/v2\/types\/page"}],"author":[{"embeddable":true,"href":"https:\/\/www.divis.eu\/fr\/wp-json\/wp\/v2\/users\/1"}],"replies":[{"embeddable":true,"href":"https:\/\/www.divis.eu\/fr\/wp-json\/wp\/v2\/comments?post=15828"}],"version-history":[{"count":0,"href":"https:\/\/www.divis.eu\/fr\/wp-json\/wp\/v2\/pages\/15828\/revisions"}],"wp:attachment":[{"href":"https:\/\/www.divis.eu\/fr\/wp-json\/wp\/v2\/media?parent=15828"}],"curies":[{"name":"wp","href":"https:\/\/api.w.org\/{rel}","templated":true}]}}