{"id":18102,"date":"2020-02-03T00:45:37","date_gmt":"2020-02-03T00:45:37","guid":{"rendered":"https:\/\/www.divis.eu\/divis-product-tips-archive-2019-360-degree-camera\/"},"modified":"2020-04-04T16:21:38","modified_gmt":"2020-04-04T16:21:38","slug":"divis-product-tips-archive-2019-360-degree-camera","status":"publish","type":"page","link":"https:\/\/www.divis.eu\/fr\/divis-product-tips-archive-2019-360-degree-camera\/","title":{"rendered":"Conseils sur les produits DIVIS Archive 2019 | cam\u00e9ra \u00e0 360 degr\u00e9s"},"content":{"rendered":"<h3>\n\t\tDIVIS\n\t<\/h3>\n<h2>\n\t\tConseils produits\n\t<\/h2>\n\t\t\t\t<a href=\"#\" target=\"_self\" itemprop=\"url\" rel=\"noopener noreferrer\">\n\t\t\t\t<img decoding=\"async\" src=\"https:\/\/www.divis.eu\/wp-content\/uploads\/2018\/11\/sprechblase-newsletter-abo-fr.png\" alt=\"Videomanagement-Software Logistik DIVIS\" title=\"sprechblase-newsletter-abo-fr\" itemprop=\"image\"  \/>\n\t\t\t\t\t\t<\/a>\n\t\t\t\t\t<ul id=\"menu-fr-tipps-infos\"><li id=\"menu-item-12529\"><a href=\"https:\/\/www.divis.eu\/fr\/divis-news-vue-densemble-suivi-des-envois-par-camera-en-logistique\/\">Nouvelles DIVIS<\/a><\/li>\n<li id=\"menu-item-12530\"><a href=\"https:\/\/www.divis.eu\/fr\/conseils-produits-divis-suivi-des-marchandises-par-videotracking\/\">Conseils produits<\/a><\/li>\n<li id=\"menu-item-12531\"><a href=\"https:\/\/www.divis.eu\/fr\/informations-generales-divis-suivi-des-marchandises-guide-par-images\/\">Informations g\u00e9n\u00e9rales<\/a><\/li>\n<\/ul>\t\n\t<h1>\n\t\tArchive 2019: Trucs et astuces\n\t<\/h1>\n\t\t\t\t\t\t\t\t\t\t\t\t\t\t<a href=\"https:\/\/www.divis.eu\/fr\/suivi-des-colis-dans-parcelvis-changement-de-la-recherche-par-bande-transporteuse-a-la-recherche-par-secteur\/\" target=\"_self\" title=\"Suivi des colis dans ParcelVIS : Changement de la recherche par bande transporteuse \u00e0 la recherche par secteur\" rel=\"noopener noreferrer\">\n\t\t\t\t<img decoding=\"async\" src=\"https:\/\/www.divis.eu\/wp-content\/uploads\/2019\/11\/tipp-des-monats-featured-fr.gif\" alt=\"Conseil du mois DIVIS\" \/>\n\t\t\t\t<\/a>\n\t\t\t\t\t\t<h2>\n\t\t\t\t\t\t\t\tNovember\t\t\t\t\t\t\t\t\n\t\t\t\t\t\t\t\t30\n\t\t\t\t\t\t\t\t2019\n\t\t\t\t\t\t<\/h2>\n\t\t\t\t\t\t<h4>\n\t\t\t\t<a href=https:\/\/www.divis.eu\/fr\/suivi-des-colis-dans-parcelvis-changement-de-la-recherche-par-bande-transporteuse-a-la-recherche-par-secteur\/ title=\"Suivi des colis dans ParcelVIS : Changement de la recherche par bande transporteuse \u00e0 la recherche par secteur\" tabindex=\"0\">Suivi des colis dans ParcelVIS : Changement de la recherche par bande transporteuse \u00e0 la recherche par secteur<\/a>\t\t\t<\/h4>\n\t\t\t\t\t\t\t\tLors du suivi des colis dans le d\u00e9p\u00f4t, il peut \u00eatre n\u00e9cessaire de passer de la recherche par bande transporteuse \u00e0 la recherche par secteur de ParcelVIS afin de pouvoir suivre le colis sans interruption. Aujourd&rsquo;hui, nous allons vous montrer comment effectuer ce changement.\n\t\t\t<a href=\"https:\/\/www.divis.eu\/fr\/suivi-des-colis-dans-parcelvis-changement-de-la-recherche-par-bande-transporteuse-a-la-recherche-par-secteur\/\" target=\"_self\" role=\"button\" rel=\"noopener noreferrer\">\n\t\t\t\t\t\t\tPlus\n\t\t<\/a>\n\t\t\t\t\t\t\t\t\t\t\t\t\t\t<a href=\"https:\/\/www.divis.eu\/fr\/integration-de-lettres-types-dans-parcelvis-et-cargovis\/\" target=\"_self\" title=\"Int\u00e9gration de lettres types dans ParcelVIS et CargoVIS\" rel=\"noopener noreferrer\">\n\t\t\t\t<img decoding=\"async\" src=\"https:\/\/www.divis.eu\/wp-content\/uploads\/2019\/10\/tdm-nov-featured-fr.gif\" alt=\"Videomanagement-Software Logistik DIVIS\" \/>\n\t\t\t\t<\/a>\n\t\t\t\t\t\t<h2>\n\t\t\t\t\t\t\t\tNovember\t\t\t\t\t\t\t\t\n\t\t\t\t\t\t\t\t1\n\t\t\t\t\t\t\t\t2019\n\t\t\t\t\t\t<\/h2>\n\t\t\t\t\t\t<h4>\n\t\t\t\t<a href=https:\/\/www.divis.eu\/fr\/integration-de-lettres-types-dans-parcelvis-et-cargovis\/ title=\"Int\u00e9gration de lettres types dans ParcelVIS et CargoVIS\" tabindex=\"0\">Int\u00e9gration de lettres types dans ParcelVIS et CargoVIS<\/a>\t\t\t<\/h4>\n\t\t\t\t\t\t\t\tParcelVIS et CargoVIS offrent la possibilit\u00e9 de cr\u00e9er en peu de temps  des lettres pr\u00e9\u00e9tablies afin d&rsquo;ouvrir, par exemple, la documentation image d&rsquo;un colis endommag\u00e9 ou de prouver quand un certain envoi est arriv\u00e9 \u00e0 votre d\u00e9p\u00f4t et ce sans avoir recours \u00e0 une autre application.\n\t\t\t<a href=\"https:\/\/www.divis.eu\/fr\/integration-de-lettres-types-dans-parcelvis-et-cargovis\/\" target=\"_self\" role=\"button\" rel=\"noopener noreferrer\">\n\t\t\t\t\t\t\tPlus\n\t\t<\/a>\n\t\t\t\t\t\t\t\t\t\t\t\t\t\t<a href=\"https:\/\/www.divis.eu\/fr\/liaison-active-directory-dans-cargovis-et-parcelvis\/\" target=\"_self\" title=\"Liaison Active Directory dans CargoVIS et ParcelVIS\" rel=\"noopener noreferrer\">\n\t\t\t\t<img decoding=\"async\" src=\"https:\/\/www.divis.eu\/wp-content\/uploads\/2019\/10\/active-directory-anbindung-featured.gif\" alt=\"Einbinden von Briefvorlagen in ParcelVIS und CargoVIS\" \/>\n\t\t\t\t<\/a>\n\t\t\t\t\t\t<h2>\n\t\t\t\t\t\t\t\tOctober\t\t\t\t\t\t\t\t\n\t\t\t\t\t\t\t\t26\n\t\t\t\t\t\t\t\t2019\n\t\t\t\t\t\t<\/h2>\n\t\t\t\t\t\t<h4>\n\t\t\t\t<a href=https:\/\/www.divis.eu\/fr\/liaison-active-directory-dans-cargovis-et-parcelvis\/ title=\"Liaison Active Directory dans CargoVIS et ParcelVIS\" tabindex=\"0\">Liaison Active Directory dans CargoVIS et ParcelVIS<\/a>\t\t\t<\/h4>\n\t\t\t\t\t\t\t\tLa liaison Active Directory dans CargoVIS et ParcelVIS acc\u00e9l\u00e8re la connexion pour vos collaborateurs. La liaison offre une meilleure vue d&rsquo;ensemble et simplifie l&rsquo;attribution des droits d&rsquo;utilisateur. \n\t\t\t<a href=\"https:\/\/www.divis.eu\/fr\/liaison-active-directory-dans-cargovis-et-parcelvis\/\" target=\"_self\" role=\"button\" rel=\"noopener noreferrer\">\n\t\t\t\t\t\t\tPlus\n\t\t<\/a>\n\t\t\t\t\t\t\t\t\t\t\t\t\t\t<a href=\"https:\/\/www.divis.eu\/fr\/creer-visualiser-et-traiter-des-marqueurs-dans-cargovis-parcelvis\/\" target=\"_self\" title=\"Cr\u00e9er, visualiser et traiter des marqueurs dans CargoVIS &#038; ParcelVIS\" rel=\"noopener noreferrer\">\n\t\t\t\t<img decoding=\"async\" src=\"https:\/\/www.divis.eu\/wp-content\/uploads\/2019\/09\/tipp-des-monats-featured-FR.gif\" alt=\"Cr\u00e9er, visualiser et traiter des marqueurs dans CargoVIS &amp; ParcelVIS\" \/>\n\t\t\t\t<\/a>\n\t\t\t\t\t\t<h2>\n\t\t\t\t\t\t\t\tOctober\t\t\t\t\t\t\t\t\n\t\t\t\t\t\t\t\t7\n\t\t\t\t\t\t\t\t2019\n\t\t\t\t\t\t<\/h2>\n\t\t\t\t\t\t<h4>\n\t\t\t\t<a href=https:\/\/www.divis.eu\/fr\/creer-visualiser-et-traiter-des-marqueurs-dans-cargovis-parcelvis\/ title=\"Cr\u00e9er, visualiser et traiter des marqueurs dans CargoVIS &#038; ParcelVIS\" tabindex=\"0\">Cr\u00e9er, visualiser et traiter des marqueurs dans CargoVIS &#038; ParcelVIS<\/a>\t\t\t<\/h4>\n\t\t\t\t\t\t\t\tApprenez comment d\u00e9finir des marqueurs dans la vue en direct de CargoVIS et de ParcelVIS pour trouver rapidement des s\u00e9quences sp\u00e9cifiques dans un enregistrement vid\u00e9o.\n\t\t\t<a href=\"https:\/\/www.divis.eu\/fr\/creer-visualiser-et-traiter-des-marqueurs-dans-cargovis-parcelvis\/\" target=\"_self\" role=\"button\" rel=\"noopener noreferrer\">\n\t\t\t\t\t\t\tPlus\n\t\t<\/a>\n\t\t\t\t\t\t\t\t\t\t\t\t\t\t<a href=\"https:\/\/www.divis.eu\/fr\/recherche-denvois-dans-cargovis-parcelvis-comparaison-des-images-actuelles-de-la-camera\/\" target=\"_self\" title=\"Recherche d\u2019envois dans CargoVIS &#038; ParcelVIS : Comparaison des images actuelles de la cam\u00e9ra\" rel=\"noopener noreferrer\">\n\t\t\t\t<img decoding=\"async\" src=\"https:\/\/www.divis.eu\/wp-content\/uploads\/2019\/07\/tdm-featured-fr.gif\" alt=\"Conseil du mois DIVIS\" \/>\n\t\t\t\t<\/a>\n\t\t\t\t\t\t<h2>\n\t\t\t\t\t\t\t\tSeptember\t\t\t\t\t\t\t\t\n\t\t\t\t\t\t\t\t6\n\t\t\t\t\t\t\t\t2019\n\t\t\t\t\t\t<\/h2>\n\t\t\t\t\t\t<h4>\n\t\t\t\t<a href=https:\/\/www.divis.eu\/fr\/recherche-denvois-dans-cargovis-parcelvis-comparaison-des-images-actuelles-de-la-camera\/ title=\"Recherche d\u2019envois dans CargoVIS &#038; ParcelVIS : Comparaison des images actuelles de la cam\u00e9ra\" tabindex=\"0\">Recherche d\u2019envois dans CargoVIS &#038; ParcelVIS : Comparaison des images actuelles de la cam\u00e9ra<\/a>\t\t\t<\/h4>\n\t\t\t\t\t\t\t\tDans le conseil du mois : comparaison d\u2019images de cam\u00e9ras lors de la recherche d\u2019envois dans CargoVIS\n\t\t\t<a href=\"https:\/\/www.divis.eu\/fr\/recherche-denvois-dans-cargovis-parcelvis-comparaison-des-images-actuelles-de-la-camera\/\" target=\"_self\" role=\"button\" rel=\"noopener noreferrer\">\n\t\t\t\t\t\t\tPlus\n\t\t<\/a>\n\t\t\t\t\t\t\t\t\t\t\t\t\t\t<a href=\"https:\/\/www.divis.eu\/fr\/transferer-les-resultats-de-recherche-dans-cargovis-parcelvis-fractionnement-de-longues-sequences-video\/\" target=\"_self\" title=\"Transf\u00e9rer les r\u00e9sultats de recherche dans CargoVIS &#038; ParcelVIS : Fractionnement de longues s\u00e9quences vid\u00e9o\" rel=\"noopener noreferrer\">\n\t\t\t\t<img decoding=\"async\" src=\"https:\/\/www.divis.eu\/wp-content\/uploads\/2019\/07\/tipp-des-monats-featured-fr.gif\" alt=\"Conseil du mois DIVIS\" \/>\n\t\t\t\t<\/a>\n\t\t\t\t\t\t<h2>\n\t\t\t\t\t\t\t\tAugust\t\t\t\t\t\t\t\t\n\t\t\t\t\t\t\t\t4\n\t\t\t\t\t\t\t\t2019\n\t\t\t\t\t\t<\/h2>\n\t\t\t\t\t\t<h4>\n\t\t\t\t<a href=https:\/\/www.divis.eu\/fr\/transferer-les-resultats-de-recherche-dans-cargovis-parcelvis-fractionnement-de-longues-sequences-video\/ title=\"Transf\u00e9rer les r\u00e9sultats de recherche dans CargoVIS &#038; ParcelVIS : Fractionnement de longues s\u00e9quences vid\u00e9o\" tabindex=\"0\">Transf\u00e9rer les r\u00e9sultats de recherche dans CargoVIS &#038; ParcelVIS : Fractionnement de longues s\u00e9quences vid\u00e9o<\/a>\t\t\t<\/h4>\n\t\t\t\t\t\t\t\tCargoVIS &#038; ParcelVIS offre plusieurs fa\u00e7ons d&rsquo;\u00e9diter le mat\u00e9riel vid\u00e9o pour que vous puissiez transf\u00e9rer exactement les s\u00e9quences dont vous avez r\u00e9ellement besoin. Par exemple, vous pouvez utiliser le fractionnement pour raccourcir une s\u00e9quence avant de la transf\u00e9rer. Nous vous pr\u00e9sentons cette fonction aujourd&rsquo;hui.\n\t\t\t<a href=\"https:\/\/www.divis.eu\/fr\/transferer-les-resultats-de-recherche-dans-cargovis-parcelvis-fractionnement-de-longues-sequences-video\/\" target=\"_self\" role=\"button\" rel=\"noopener noreferrer\">\n\t\t\t\t\t\t\tPlus\n\t\t<\/a>\n\t\t\t<ul class='page-numbers'>\n\t<li>1<\/li>\n\t<li><a href=\"https:\/\/www.divis.eu\/fr\/divis-product-tips-archive-2019-360-degree-camera\/page\/2\/?fl_builder\">2<\/a><\/li>\n\t<li><a href=\"https:\/\/www.divis.eu\/fr\/divis-product-tips-archive-2019-360-degree-camera\/page\/3\/?fl_builder\">3<\/a><\/li>\n\t<li><a href=\"https:\/\/www.divis.eu\/fr\/divis-product-tips-archive-2019-360-degree-camera\/page\/2\/?fl_builder\">Next &raquo;<\/a><\/li>\n<\/ul>\n\t\t<h3>\n\t\tArchives<br>Conseils produits\n\t<\/h3>\n\t\t\t\t\t<ul id=\"menu-fr-produktinfos-archiv-menu\"><li id=\"menu-item-18103\"><a href=\"https:\/\/www.divis.eu\/fr\/divis-product-tips-archive-2019-360-degree-camera\/\">Archive des conseils produits 2019<\/a><\/li>\n<li id=\"menu-item-13039\"><a href=\"https:\/\/www.divis.eu\/fr\/archive-des-conseils-produits-divis-2017-surveillance-video-avec-camera-hd\/\">Archive des conseils produits 2017<\/a><\/li>\n<li id=\"menu-item-15831\"><a href=\"https:\/\/www.divis.eu\/fr\/conseils-produits-divis-suivi-des-marchandises-videotracking\/\">Archive des conseils produits 2018<\/a><\/li>\n<\/ul>\t\n\t\t\t\t<img decoding=\"async\" src=\"https:\/\/www.divis.eu\/wp-content\/uploads\/2018\/01\/kundenlogo-CTL.png\" alt=\"kundenlogo-CTL\" itemprop=\"image\" height=\"51\" width=\"120\" title=\"kundenlogo-CTL\" onerror=\"this.style.display='none'\"  \/>\n\t\t\t\t<img decoding=\"async\" src=\"https:\/\/www.divis.eu\/wp-content\/uploads\/2018\/01\/kundenlogo-dpd.png\" alt=\"kundenlogo-dpd\" itemprop=\"image\" height=\"51\" width=\"120\" title=\"kundenlogo-dpd\" onerror=\"this.style.display='none'\"  \/>\n\t\t\t\t<img decoding=\"async\" src=\"https:\/\/www.divis.eu\/wp-content\/uploads\/2018\/01\/kundenlogo-panalpina.png\" alt=\"kundenlogo-panalpina\" itemprop=\"image\" height=\"51\" width=\"120\" title=\"kundenlogo-panalpina\" onerror=\"this.style.display='none'\"  \/>\n\t\t\t\t<img decoding=\"async\" src=\"https:\/\/www.divis.eu\/wp-content\/uploads\/2018\/01\/kundenlogo-online.png\" alt=\"kundenlogo-online\" itemprop=\"image\" height=\"51\" width=\"120\" title=\"kundenlogo-online\" onerror=\"this.style.display='none'\"  \/>\n\t\t\t\t<img decoding=\"async\" src=\"https:\/\/www.divis.eu\/wp-content\/uploads\/2018\/01\/kundenlogo-rhenus.png\" alt=\"Rhenus Logistics | DIVIS-Kunde\" title=\"kundenlogo-rhenus\" itemprop=\"image\"  \/>\n\t\t\t\t<img decoding=\"async\" src=\"https:\/\/www.divis.eu\/wp-content\/uploads\/2018\/01\/kundenlogo-tsb.png\" alt=\"kundenlogo-tsb\" itemprop=\"image\" height=\"51\" width=\"120\" title=\"kundenlogo-tsb\" onerror=\"this.style.display='none'\"  \/>\n\t\t\t\t<img decoding=\"async\" src=\"https:\/\/www.divis.eu\/wp-content\/uploads\/2018\/01\/kundenlogo-gebrueder-weiss.png\" alt=\"Gebr\u00fcder Weiss | DIVIS-Kunde\" itemprop=\"image\" height=\"51\" width=\"150\" title=\"kundenlogo-gebrueder-weiss\" onerror=\"this.style.display='none'\"  \/>\n\t\t\t\t<img decoding=\"async\" src=\"https:\/\/www.divis.eu\/wp-content\/uploads\/2018\/01\/kundenlogo-tchibo.png\" alt=\"Tchibo | DIVIS-Kunde\" title=\"kundenlogo-tchibo\" itemprop=\"image\"  \/>\n\t\t\t\t<img decoding=\"async\" src=\"https:\/\/www.divis.eu\/wp-content\/uploads\/2018\/01\/kundenlogo-24plus.png\" alt=\"kundenlogo-24plus\" itemprop=\"image\" height=\"51\" width=\"120\" title=\"kundenlogo-24plus\" onerror=\"this.style.display='none'\"  \/>\n\t\t\t\t<img decoding=\"async\" src=\"https:\/\/www.divis.eu\/wp-content\/uploads\/2018\/01\/kundenlogo-raben.png\" alt=\"Raben Group | DIVIS-Kunde\" title=\"kundenlogo-raben\" itemprop=\"image\"  \/>\n\t\t\t\t<img decoding=\"async\" src=\"https:\/\/www.divis.eu\/wp-content\/uploads\/2018\/01\/kundenlogo-geis.png\" alt=\"Spedition Geis | DIVIS-Kunde\" title=\"kundenlogo-geis\" itemprop=\"image\"  \/>\n\t\t\t\t<img decoding=\"async\" src=\"https:\/\/www.divis.eu\/wp-content\/uploads\/2018\/01\/kundenlogo-zufall.png\" alt=\"kundenlogo-zufall\" itemprop=\"image\" height=\"51\" width=\"120\" title=\"kundenlogo-zufall\" onerror=\"this.style.display='none'\"  \/>\n","protected":false},"excerpt":{"rendered":"<p>DIVIS Conseils produits Nouvelles DIVIS Conseils produits Informations g\u00e9n\u00e9rales Archive 2019: Trucs et astuces November 30 2019 Suivi des colis dans ParcelVIS : Changement de la recherche par bande transporteuse \u00e0 la recherche par secteur Lors du suivi des colis dans le d\u00e9p\u00f4t, il peut \u00eatre n\u00e9cessaire de passer de la recherche par bande transporteuse&hellip;<\/p>\n","protected":false},"author":1,"featured_media":0,"parent":0,"menu_order":0,"comment_status":"closed","ping_status":"closed","template":"","meta":{"footnotes":""},"class_list":["post-18102","page","type-page","status-publish","hentry"],"yoast_head":"<!-- This site is optimized with the Yoast SEO plugin v27.4 - https:\/\/yoast.com\/product\/yoast-seo-wordpress\/ -->\n<title>Conseils sur les produits DIVIS Archive 2019 | cam\u00e9ra \u00e0 360 degr\u00e9s<\/title>\n<meta name=\"description\" content=\"Des conseils int\u00e9ressants et des informations de DIVIS sur nos produits de vid\u00e9osurveillance avec cam\u00e9ra \u00e0 360 degr\u00e9s pour la logistique et plus ...\" \/>\n<meta name=\"robots\" content=\"index, follow, max-snippet:-1, max-image-preview:large, max-video-preview:-1\" \/>\n<link rel=\"canonical\" href=\"https:\/\/www.divis.eu\/fr\/divis-product-tips-archive-2019-360-degree-camera\/\" \/>\n<meta property=\"og:locale\" content=\"fr_FR\" \/>\n<meta property=\"og:type\" content=\"article\" \/>\n<meta property=\"og:title\" content=\"Conseils sur les produits DIVIS Archive 2019 | cam\u00e9ra \u00e0 360 degr\u00e9s\" \/>\n<meta property=\"og:description\" content=\"Des conseils int\u00e9ressants et des informations de DIVIS sur nos produits de vid\u00e9osurveillance avec cam\u00e9ra \u00e0 360 degr\u00e9s pour la logistique et plus ...\" \/>\n<meta property=\"og:url\" content=\"https:\/\/www.divis.eu\/fr\/divis-product-tips-archive-2019-360-degree-camera\/\" \/>\n<meta property=\"og:site_name\" content=\"DIVIS - The intelligent view\" \/>\n<meta property=\"article:modified_time\" content=\"2020-04-04T16:21:38+00:00\" \/>\n<meta property=\"og:image\" content=\"https:\/\/www.divis.eu\/wp-content\/uploads\/2018\/11\/sprechblase-newsletter-abo-fr.png\" \/>\n<meta name=\"twitter:card\" content=\"summary_large_image\" \/>\n<meta name=\"twitter:label1\" content=\"Dur\u00e9e de lecture estim\u00e9e\" \/>\n\t<meta name=\"twitter:data1\" content=\"2 minutes\" \/>\n<script type=\"application\/ld+json\" class=\"yoast-schema-graph\">{\"@context\":\"https:\\\/\\\/schema.org\",\"@graph\":[{\"@type\":\"WebPage\",\"@id\":\"https:\\\/\\\/www.divis.eu\\\/fr\\\/divis-product-tips-archive-2019-360-degree-camera\\\/\",\"url\":\"https:\\\/\\\/www.divis.eu\\\/fr\\\/divis-product-tips-archive-2019-360-degree-camera\\\/\",\"name\":\"Conseils sur les produits DIVIS Archive 2019 | cam\u00e9ra \u00e0 360 degr\u00e9s\",\"isPartOf\":{\"@id\":\"https:\\\/\\\/www.divis.eu\\\/#website\"},\"primaryImageOfPage\":{\"@id\":\"https:\\\/\\\/www.divis.eu\\\/fr\\\/divis-product-tips-archive-2019-360-degree-camera\\\/#primaryimage\"},\"image\":{\"@id\":\"https:\\\/\\\/www.divis.eu\\\/fr\\\/divis-product-tips-archive-2019-360-degree-camera\\\/#primaryimage\"},\"thumbnailUrl\":\"https:\\\/\\\/www.divis.eu\\\/wp-content\\\/uploads\\\/2018\\\/11\\\/sprechblase-newsletter-abo-fr.png\",\"datePublished\":\"2020-02-03T00:45:37+00:00\",\"dateModified\":\"2020-04-04T16:21:38+00:00\",\"description\":\"Des conseils int\u00e9ressants et des informations de DIVIS sur nos produits de vid\u00e9osurveillance avec cam\u00e9ra \u00e0 360 degr\u00e9s pour la logistique et plus ...\",\"breadcrumb\":{\"@id\":\"https:\\\/\\\/www.divis.eu\\\/fr\\\/divis-product-tips-archive-2019-360-degree-camera\\\/#breadcrumb\"},\"inLanguage\":\"fr-FR\",\"potentialAction\":[{\"@type\":\"ReadAction\",\"target\":[\"https:\\\/\\\/www.divis.eu\\\/fr\\\/divis-product-tips-archive-2019-360-degree-camera\\\/\"]}]},{\"@type\":\"ImageObject\",\"inLanguage\":\"fr-FR\",\"@id\":\"https:\\\/\\\/www.divis.eu\\\/fr\\\/divis-product-tips-archive-2019-360-degree-camera\\\/#primaryimage\",\"url\":\"https:\\\/\\\/www.divis.eu\\\/wp-content\\\/uploads\\\/2018\\\/11\\\/sprechblase-newsletter-abo-fr.png\",\"contentUrl\":\"https:\\\/\\\/www.divis.eu\\\/wp-content\\\/uploads\\\/2018\\\/11\\\/sprechblase-newsletter-abo-fr.png\"},{\"@type\":\"BreadcrumbList\",\"@id\":\"https:\\\/\\\/www.divis.eu\\\/fr\\\/divis-product-tips-archive-2019-360-degree-camera\\\/#breadcrumb\",\"itemListElement\":[{\"@type\":\"ListItem\",\"position\":1,\"name\":\"Startseite\",\"item\":\"https:\\\/\\\/www.divis.eu\\\/fr\\\/\"},{\"@type\":\"ListItem\",\"position\":2,\"name\":\"Conseils sur les produits DIVIS Archive 2019 | cam\u00e9ra \u00e0 360 degr\u00e9s\"}]},{\"@type\":\"WebSite\",\"@id\":\"https:\\\/\\\/www.divis.eu\\\/#website\",\"url\":\"https:\\\/\\\/www.divis.eu\\\/\",\"name\":\"DIVIS - The intelligent view\",\"description\":\"Videosysteml\u00f6sungen f\u00fcr Umschlags- und Warenlager\",\"potentialAction\":[{\"@type\":\"SearchAction\",\"target\":{\"@type\":\"EntryPoint\",\"urlTemplate\":\"https:\\\/\\\/www.divis.eu\\\/?s={search_term_string}\"},\"query-input\":{\"@type\":\"PropertyValueSpecification\",\"valueRequired\":true,\"valueName\":\"search_term_string\"}}],\"inLanguage\":\"fr-FR\"}]}<\/script>\n<!-- \/ Yoast SEO plugin. -->","yoast_head_json":{"title":"Conseils sur les produits DIVIS Archive 2019 | cam\u00e9ra \u00e0 360 degr\u00e9s","description":"Des conseils int\u00e9ressants et des informations de DIVIS sur nos produits de vid\u00e9osurveillance avec cam\u00e9ra \u00e0 360 degr\u00e9s pour la logistique et plus ...","robots":{"index":"index","follow":"follow","max-snippet":"max-snippet:-1","max-image-preview":"max-image-preview:large","max-video-preview":"max-video-preview:-1"},"canonical":"https:\/\/www.divis.eu\/fr\/divis-product-tips-archive-2019-360-degree-camera\/","og_locale":"fr_FR","og_type":"article","og_title":"Conseils sur les produits DIVIS Archive 2019 | cam\u00e9ra \u00e0 360 degr\u00e9s","og_description":"Des conseils int\u00e9ressants et des informations de DIVIS sur nos produits de vid\u00e9osurveillance avec cam\u00e9ra \u00e0 360 degr\u00e9s pour la logistique et plus ...","og_url":"https:\/\/www.divis.eu\/fr\/divis-product-tips-archive-2019-360-degree-camera\/","og_site_name":"DIVIS - The intelligent view","article_modified_time":"2020-04-04T16:21:38+00:00","og_image":[{"url":"https:\/\/www.divis.eu\/wp-content\/uploads\/2018\/11\/sprechblase-newsletter-abo-fr.png","type":"","width":"","height":""}],"twitter_card":"summary_large_image","twitter_misc":{"Dur\u00e9e de lecture estim\u00e9e":"2 minutes"},"schema":{"@context":"https:\/\/schema.org","@graph":[{"@type":"WebPage","@id":"https:\/\/www.divis.eu\/fr\/divis-product-tips-archive-2019-360-degree-camera\/","url":"https:\/\/www.divis.eu\/fr\/divis-product-tips-archive-2019-360-degree-camera\/","name":"Conseils sur les produits DIVIS Archive 2019 | cam\u00e9ra \u00e0 360 degr\u00e9s","isPartOf":{"@id":"https:\/\/www.divis.eu\/#website"},"primaryImageOfPage":{"@id":"https:\/\/www.divis.eu\/fr\/divis-product-tips-archive-2019-360-degree-camera\/#primaryimage"},"image":{"@id":"https:\/\/www.divis.eu\/fr\/divis-product-tips-archive-2019-360-degree-camera\/#primaryimage"},"thumbnailUrl":"https:\/\/www.divis.eu\/wp-content\/uploads\/2018\/11\/sprechblase-newsletter-abo-fr.png","datePublished":"2020-02-03T00:45:37+00:00","dateModified":"2020-04-04T16:21:38+00:00","description":"Des conseils int\u00e9ressants et des informations de DIVIS sur nos produits de vid\u00e9osurveillance avec cam\u00e9ra \u00e0 360 degr\u00e9s pour la logistique et plus ...","breadcrumb":{"@id":"https:\/\/www.divis.eu\/fr\/divis-product-tips-archive-2019-360-degree-camera\/#breadcrumb"},"inLanguage":"fr-FR","potentialAction":[{"@type":"ReadAction","target":["https:\/\/www.divis.eu\/fr\/divis-product-tips-archive-2019-360-degree-camera\/"]}]},{"@type":"ImageObject","inLanguage":"fr-FR","@id":"https:\/\/www.divis.eu\/fr\/divis-product-tips-archive-2019-360-degree-camera\/#primaryimage","url":"https:\/\/www.divis.eu\/wp-content\/uploads\/2018\/11\/sprechblase-newsletter-abo-fr.png","contentUrl":"https:\/\/www.divis.eu\/wp-content\/uploads\/2018\/11\/sprechblase-newsletter-abo-fr.png"},{"@type":"BreadcrumbList","@id":"https:\/\/www.divis.eu\/fr\/divis-product-tips-archive-2019-360-degree-camera\/#breadcrumb","itemListElement":[{"@type":"ListItem","position":1,"name":"Startseite","item":"https:\/\/www.divis.eu\/fr\/"},{"@type":"ListItem","position":2,"name":"Conseils sur les produits DIVIS Archive 2019 | cam\u00e9ra \u00e0 360 degr\u00e9s"}]},{"@type":"WebSite","@id":"https:\/\/www.divis.eu\/#website","url":"https:\/\/www.divis.eu\/","name":"DIVIS - The intelligent view","description":"Videosysteml\u00f6sungen f\u00fcr Umschlags- und Warenlager","potentialAction":[{"@type":"SearchAction","target":{"@type":"EntryPoint","urlTemplate":"https:\/\/www.divis.eu\/?s={search_term_string}"},"query-input":{"@type":"PropertyValueSpecification","valueRequired":true,"valueName":"search_term_string"}}],"inLanguage":"fr-FR"}]}},"_links":{"self":[{"href":"https:\/\/www.divis.eu\/fr\/wp-json\/wp\/v2\/pages\/18102","targetHints":{"allow":["GET"]}}],"collection":[{"href":"https:\/\/www.divis.eu\/fr\/wp-json\/wp\/v2\/pages"}],"about":[{"href":"https:\/\/www.divis.eu\/fr\/wp-json\/wp\/v2\/types\/page"}],"author":[{"embeddable":true,"href":"https:\/\/www.divis.eu\/fr\/wp-json\/wp\/v2\/users\/1"}],"replies":[{"embeddable":true,"href":"https:\/\/www.divis.eu\/fr\/wp-json\/wp\/v2\/comments?post=18102"}],"version-history":[{"count":0,"href":"https:\/\/www.divis.eu\/fr\/wp-json\/wp\/v2\/pages\/18102\/revisions"}],"wp:attachment":[{"href":"https:\/\/www.divis.eu\/fr\/wp-json\/wp\/v2\/media?parent=18102"}],"curies":[{"name":"wp","href":"https:\/\/api.w.org\/{rel}","templated":true}]}}