{"id":18104,"date":"2020-02-03T01:10:23","date_gmt":"2020-02-03T01:10:23","guid":{"rendered":"https:\/\/www.divis.eu\/?page_id=18104"},"modified":"2022-06-18T05:27:45","modified_gmt":"2022-06-18T05:27:45","slug":"archives-des-nouvelles-divis-2019-video-surveillance-en-logistique","status":"publish","type":"page","link":"https:\/\/www.divis.eu\/fr\/archives-des-nouvelles-divis-2019-video-surveillance-en-logistique\/","title":{"rendered":"Archives des nouvelles DIVIS 2019 | Vid\u00e9o surveillance en logistique"},"content":{"rendered":"\n<h1>\n\t\tArchive des nouvelles DIVIS 2019\n\t<\/h1>\n\t\t\t\t\t\t\t\t\t\t\t\t\t\t<a href=\"https:\/\/www.divis.eu\/fr\/joyeux-noel-et-vous-presente-nos-meilleurs-voeux-pour-lannee-2020\/\" target=\"_self\" title=\"Joyeux No\u00ebl et vous pr\u00e9sente nos meilleurs v\u0153ux pour l'ann\u00e9e 2020 !\" rel=\"noopener\">\n\t\t\t\t<img decoding=\"async\" src=\"https:\/\/www.divis.eu\/wp-content\/uploads\/2019\/12\/weihnachts-nl-fr.gif\" alt=\"Joyeux no\u00ebl | DIVIS\" \/>\n\t\t\t\t<\/a>\n\t\t\t\t\t\t<h2>\n\t\t\t\t\t\t\t\td\u00e9cembre\t\t\t\t\t\t\t\t\n\t\t\t\t\t\t\t\t15\n\t\t\t\t\t\t\t\t2019\n\t\t\t\t\t\t<\/h2>\n\t\t\t\t\t\t<h4>\n\t\t\t\t<a href=https:\/\/www.divis.eu\/fr\/joyeux-noel-et-vous-presente-nos-meilleurs-voeux-pour-lannee-2020\/ title=\"Joyeux No\u00ebl et vous pr\u00e9sente nos meilleurs v\u0153ux pour l'ann\u00e9e 2020 !\" tabindex=\"0\">Joyeux No\u00ebl et vous pr\u00e9sente nos meilleurs v\u0153ux pour l&rsquo;ann\u00e9e 2020 !<\/a>\t\t\t<\/h4>\n\t\t\t\t\t\t\t\tDIVIS vous souhaite de joyeuses f\u00eates et une nouvelle ann\u00e9e r\u00e9ussie. Utiliser une partie de nos revenus \u00e0 des fins caritatives et faire quelque chose de bien en votre nom est devenu une tradition chez nous. Dans cette \u00e9dition de No\u00ebl, nous rendons compte des projets que nous recevons des dons et du soutien.\n\t\t\t<a href=\"https:\/\/www.divis.eu\/fr\/joyeux-noel-et-vous-presente-nos-meilleurs-voeux-pour-lannee-2020\/\" target=\"_self\" role=\"button\" aria-label=\"Plus\" rel=\"noopener\">\n\t\t\t\t\t\t\tPlus\n\t\t<\/a>\n\t\t\t\t\t\t\t\t\t\t\t\t\t\t<a href=\"https:\/\/www.divis.eu\/fr\/retrospective-de-lannee-conseil-du-mois-presentation-des-collaborateurs\/\" target=\"_self\" title=\"R\u00e9trospective de l'ann\u00e9e, conseil du mois, pr\u00e9sentation des collaborateurs\" rel=\"noopener\">\n\t\t\t\t<img decoding=\"async\" src=\"https:\/\/www.divis.eu\/wp-content\/uploads\/2019\/11\/nl-fr.gif\" alt=\"Conseil du mois DIVIS\" \/>\n\t\t\t\t<\/a>\n\t\t\t\t\t\t<h2>\n\t\t\t\t\t\t\t\tnovembre\t\t\t\t\t\t\t\t\n\t\t\t\t\t\t\t\t30\n\t\t\t\t\t\t\t\t2019\n\t\t\t\t\t\t<\/h2>\n\t\t\t\t\t\t<h4>\n\t\t\t\t<a href=https:\/\/www.divis.eu\/fr\/retrospective-de-lannee-conseil-du-mois-presentation-des-collaborateurs\/ title=\"R\u00e9trospective de l'ann\u00e9e, conseil du mois, pr\u00e9sentation des collaborateurs\" tabindex=\"0\">R\u00e9trospective de l&rsquo;ann\u00e9e, conseil du mois, pr\u00e9sentation des collaborateurs<\/a>\t\t\t<\/h4>\n\t\t\t\t\t\t\t\tDans notre nouvelle newsletter, nous passons l&rsquo;ann\u00e9e 2019 en revue, dans le conseil du mois, vous trouverez un nouveau tutoriel pour ParcelVIS, faites connaissance avec nos deux nouveaux coll\u00e8gues du d\u00e9veloppement logiciels DIVIS\n\t\t\t<a href=\"https:\/\/www.divis.eu\/fr\/retrospective-de-lannee-conseil-du-mois-presentation-des-collaborateurs\/\" target=\"_self\" role=\"button\" aria-label=\"Plus\" rel=\"noopener\">\n\t\t\t\t\t\t\tPlus\n\t\t<\/a>\n\t\t\t\t\t\t\t\t\t\t\t\t\t\t<a href=\"https:\/\/www.divis.eu\/fr\/liaison-active-directory-lettres-types-dans-le-logiciel-divis-et-notre-tirage-au-sort\/\" target=\"_self\" title=\"Liaison Active Directory, lettres types dans le logiciel DIVIS et notre tirage au sort\" rel=\"noopener\">\n\t\t\t\t<img decoding=\"async\" src=\"https:\/\/www.divis.eu\/wp-content\/uploads\/2019\/10\/nl-nov-featured-fr.gif\" alt=\"Bulletin DIVIS Novembre\" \/>\n\t\t\t\t<\/a>\n\t\t\t\t\t\t<h2>\n\t\t\t\t\t\t\t\tnovembre\t\t\t\t\t\t\t\t\n\t\t\t\t\t\t\t\t1\n\t\t\t\t\t\t\t\t2019\n\t\t\t\t\t\t<\/h2>\n\t\t\t\t\t\t<h4>\n\t\t\t\t<a href=https:\/\/www.divis.eu\/fr\/liaison-active-directory-lettres-types-dans-le-logiciel-divis-et-notre-tirage-au-sort\/ title=\"Liaison Active Directory, lettres types dans le logiciel DIVIS et notre tirage au sort\" tabindex=\"0\">Liaison Active Directory, lettres types dans le logiciel DIVIS et notre tirage au sort<\/a>\t\t\t<\/h4>\n\t\t\t\t\t\t\t\tDans la newsletter d&rsquo;aujourd&rsquo;hui : Liaison Active Directory et lettres types dans CargoVIS et ParcelVIS et notre tirage au sort touche bient\u00f4t \u00e0 sa fin. Vite, participez d\u00e8s maintenant !\n\t\t\t<a href=\"https:\/\/www.divis.eu\/fr\/liaison-active-directory-lettres-types-dans-le-logiciel-divis-et-notre-tirage-au-sort\/\" target=\"_self\" role=\"button\" aria-label=\"Plus\" rel=\"noopener\">\n\t\t\t\t\t\t\tPlus\n\t\t<\/a>\n\t\t\t\t\t\t\t\t\t\t\t\t\t\t<a href=\"https:\/\/www.divis.eu\/fr\/feedback-des-utilisateurs-notre-tirage-au-sort-et-astuces-logiciel-utiles\/\" target=\"_self\" title=\"Feedback des utilisateurs, notre tirage au sort et astuces logiciel utiles\" rel=\"noopener\">\n\t\t\t\t<img decoding=\"async\" src=\"https:\/\/www.divis.eu\/wp-content\/uploads\/2019\/09\/nl-09-2019-featured-1.gif\" alt=\"DIVIS Newsletter\" \/>\n\t\t\t\t<\/a>\n\t\t\t\t\t\t<h2>\n\t\t\t\t\t\t\t\toctobre\t\t\t\t\t\t\t\t\n\t\t\t\t\t\t\t\t7\n\t\t\t\t\t\t\t\t2019\n\t\t\t\t\t\t<\/h2>\n\t\t\t\t\t\t<h4>\n\t\t\t\t<a href=https:\/\/www.divis.eu\/fr\/feedback-des-utilisateurs-notre-tirage-au-sort-et-astuces-logiciel-utiles\/ title=\"Feedback des utilisateurs, notre tirage au sort et astuces logiciel utiles\" tabindex=\"0\">Feedback des utilisateurs, notre tirage au sort et astuces logiciel utiles<\/a>\t\t\t<\/h4>\n\t\t\t\t\t\t\t\tDans cette \u00e9dition, nous vous pr\u00e9sentons des feedback d&rsquo;utilisateurs int\u00e9ressants pour vous sur l&rsquo;installation de notre logiciel, nous vous invitons \u00e0 participer \u00e0 notre sondage et dans le conseil du mois vous en saurez plus sur CargoVIS et ParcelVIS.\n\t\t\t<a href=\"https:\/\/www.divis.eu\/fr\/feedback-des-utilisateurs-notre-tirage-au-sort-et-astuces-logiciel-utiles\/\" target=\"_self\" role=\"button\" aria-label=\"Plus\" rel=\"noopener\">\n\t\t\t\t\t\t\tPlus\n\t\t<\/a>\n\t\t\t\t\t\t\t\t\t\t\t\t\t\t<a href=\"https:\/\/www.divis.eu\/fr\/user-report-software-tips-and-sweepstakes-survey\/\" target=\"_self\" title=\"\u00c9tude de cas, astuces logiciel et tirage au sort &#038; sondage\" rel=\"noopener\">\n\t\t\t\t<img decoding=\"async\" src=\"https:\/\/www.divis.eu\/wp-content\/uploads\/2019\/07\/NL-teaser-featured-de.gif\" alt=\"DIVIS-Newsletter\" \/>\n\t\t\t\t<\/a>\n\t\t\t\t\t\t<h2>\n\t\t\t\t\t\t\t\tseptembre\t\t\t\t\t\t\t\t\n\t\t\t\t\t\t\t\t6\n\t\t\t\t\t\t\t\t2019\n\t\t\t\t\t\t<\/h2>\n\t\t\t\t\t\t<h4>\n\t\t\t\t<a href=https:\/\/www.divis.eu\/fr\/user-report-software-tips-and-sweepstakes-survey\/ title=\"\u00c9tude de cas, astuces logiciel et tirage au sort &#038; sondage\" tabindex=\"0\">\u00c9tude de cas, astuces logiciel et tirage au sort &#038; sondage<\/a>\t\t\t<\/h4>\n\t\t\t\t\t\t\t\tDans cette newsletter : Go-Live Lagermax, conseil du mois et notre tirage au sort &#038; sondage sur notre newsletter\n\t\t\t<a href=\"https:\/\/www.divis.eu\/fr\/user-report-software-tips-and-sweepstakes-survey\/\" target=\"_self\" role=\"button\" aria-label=\"Plus\" rel=\"noopener\">\n\t\t\t\t\t\t\tPlus\n\t\t<\/a>\n\t\t\t\t\t\t\t\t\t\t\t\t\t\t<a href=\"https:\/\/www.divis.eu\/fr\/sondage-portant-sur-la-newsletter-divis-et-tirage-au-sort\/\" target=\"_self\" title=\"Sondage portant sur la newsletter DIVIS et tirage au sort\" rel=\"noopener\">\n\t\t\t\t<img decoding=\"async\" src=\"https:\/\/www.divis.eu\/wp-content\/uploads\/2019\/07\/gewinnspiel-featured-fr.gif\" alt=\"DIVIS-Newsletter\" \/>\n\t\t\t\t<\/a>\n\t\t\t\t\t\t<h2>\n\t\t\t\t\t\t\t\tseptembre\t\t\t\t\t\t\t\t\n\t\t\t\t\t\t\t\t6\n\t\t\t\t\t\t\t\t2019\n\t\t\t\t\t\t<\/h2>\n\t\t\t\t\t\t<h4>\n\t\t\t\t<a href=https:\/\/www.divis.eu\/fr\/sondage-portant-sur-la-newsletter-divis-et-tirage-au-sort\/ title=\"Sondage portant sur la newsletter DIVIS et tirage au sort\" tabindex=\"0\">Sondage portant sur la newsletter DIVIS et tirage au sort<\/a>\t\t\t<\/h4>\n\t\t\t\t\t\t\t\tL&rsquo;enthousiasme est un sujet majeur chez DIVIS et d\u00e9termine notre planification et nos actions. Nous inspirons nos clients avec nos solutions personnalis\u00e9es et \u00e0 travers la flexibilit\u00e9 et la fiabilit\u00e9 de nos services.  \nAujourd&rsquo;hui, nous aimerions vous enthousiasmer d&rsquo;une toute autre mani\u00e8re. Participez \u00e0 notre sondage sur notre newsletter &#8211; cela ne prend que quelques minutes &#8211; et gagnez en m\u00eame temps de superbes prix !\n\t\t\t<a href=\"https:\/\/www.divis.eu\/fr\/sondage-portant-sur-la-newsletter-divis-et-tirage-au-sort\/\" target=\"_self\" role=\"button\" aria-label=\"Plus\" rel=\"noopener\">\n\t\t\t\t\t\t\tPlus\n\t\t<\/a>\n\t\t\t<ul class='page-numbers'>\n\t<li>1<\/li>\n\t<li><a href=\"https:\/\/www.divis.eu\/fr\/page\/2\/?page_id=18104&#038;fl_builder\">2<\/a><\/li>\n\t<li><a href=\"https:\/\/www.divis.eu\/fr\/page\/3\/?page_id=18104&#038;fl_builder\">3<\/a><\/li>\n\t<li><a href=\"https:\/\/www.divis.eu\/fr\/page\/2\/?page_id=18104&#038;fl_builder\">Suivant\u00a0\u00bb<\/a><\/li>\n<\/ul>\n\t\t<h3>\n\t\tArchive\n\t<\/h3>\n\t\t\t\t\t<ul id=\"menu-newsarchiv-menu-fr\"><li id=\"menu-item-25097\"><a href=\"https:\/\/www.divis.eu\/fr\/archives-des-nouvelles-divis-2021-video-surveillance-en-logistique\/\">Archives 2021<\/a><\/li>\n<li id=\"menu-item-21316\"><a href=\"https:\/\/www.divis.eu\/fr\/divis-newsarchiv-2020-videoueberwachung-in-der-logistik\/\">Archives 2020<\/a><\/li>\n<li id=\"menu-item-18105\"><a href=\"https:\/\/www.divis.eu\/fr\/archives-des-nouvelles-divis-2019-video-surveillance-en-logistique\/\">Archives 2019<\/a><\/li>\n<li id=\"menu-item-15790\"><a href=\"https:\/\/www.divis.eu\/fr\/divis-newsarchiv-2018-cctv-videoueberwachung-in-der-logistik\/\">Archives 2018<\/a><\/li>\n<li id=\"menu-item-15791\"><a href=\"https:\/\/www.divis.eu\/fr\/archives-nouvelles-divis-2017-surveillance-par-camera-de-videosurveillance-en-logistique\/\">Archives 2017<\/a><\/li>\n<\/ul>\t\n\t\t\t\t<img decoding=\"async\" src=\"https:\/\/www.divis.eu\/wp-content\/uploads\/2018\/01\/kundenlogo-CTL-1.png\" alt=\"CTL | DIVIS Kunde\" itemprop=\"image\" height=\"51\" width=\"120\" title=\"kundenlogo-CTL\" onerror=\"this.style.display='none'\"  \/>\n\t\t\t\t<img decoding=\"async\" src=\"https:\/\/www.divis.eu\/wp-content\/uploads\/2018\/01\/kundenlogo-dpd.png\" alt=\"kundenlogo-dpd\" itemprop=\"image\" height=\"51\" width=\"120\" title=\"kundenlogo-dpd\" onerror=\"this.style.display='none'\"  \/>\n\t\t\t\t<img decoding=\"async\" src=\"https:\/\/www.divis.eu\/wp-content\/uploads\/2018\/01\/kundenlogo-emons.png\" alt=\"Emons | DIVIS-Kunde\" itemprop=\"image\" height=\"51\" width=\"120\" title=\"kundenlogo-emons\" onerror=\"this.style.display='none'\"  \/>\n\t\t\t\t<img decoding=\"async\" src=\"https:\/\/www.divis.eu\/wp-content\/uploads\/2018\/01\/kundenlogo-online.png\" alt=\"kundenlogo-online\" itemprop=\"image\" height=\"51\" width=\"120\" title=\"kundenlogo-online\" onerror=\"this.style.display='none'\"  \/>\n\t\t\t\t<img decoding=\"async\" src=\"https:\/\/www.divis.eu\/wp-content\/uploads\/2018\/01\/kundenlogo-rhenus.png\" alt=\"Rhenus Logistics | DIVIS-Kunde\" title=\"kundenlogo-rhenus\" itemprop=\"image\"  \/>\n\t\t\t\t<img decoding=\"async\" src=\"https:\/\/www.divis.eu\/wp-content\/uploads\/2018\/01\/kundenlogo-tsb.png\" alt=\"kundenlogo-tsb\" itemprop=\"image\" height=\"51\" width=\"120\" title=\"kundenlogo-tsb\" onerror=\"this.style.display='none'\"  \/>\n\t\t\t\t<img decoding=\"async\" src=\"https:\/\/www.divis.eu\/wp-content\/uploads\/2018\/01\/kundenlogo-gebrueder-weiss.png\" alt=\"Gebr\u00fcder Weiss | DIVIS-Kunde\" itemprop=\"image\" height=\"51\" width=\"150\" title=\"kundenlogo-gebrueder-weiss\" onerror=\"this.style.display='none'\"  \/>\n\t\t\t\t<img decoding=\"async\" src=\"https:\/\/www.divis.eu\/wp-content\/uploads\/2018\/01\/kundenlogo-tchibo.png\" alt=\"Tchibo | DIVIS-Kunde\" title=\"kundenlogo-tchibo\" itemprop=\"image\"  \/>\n\t\t\t\t<img decoding=\"async\" src=\"https:\/\/www.divis.eu\/wp-content\/uploads\/2018\/01\/kundenlogo-24plus.png\" alt=\"kundenlogo-24plus\" itemprop=\"image\" height=\"51\" width=\"120\" title=\"kundenlogo-24plus\" onerror=\"this.style.display='none'\"  \/>\n\t\t\t\t<img decoding=\"async\" src=\"https:\/\/www.divis.eu\/wp-content\/uploads\/2018\/01\/kundenlogo-transoflex-3.png\" alt=\"kundenlogo-transoflex\" title=\"kundenlogo-transoflex\" itemprop=\"image\"  \/>\n\t\t\t\t<img decoding=\"async\" src=\"https:\/\/www.divis.eu\/wp-content\/uploads\/2018\/01\/kundenlogo-geis.png\" alt=\"Spedition Geis | DIVIS-Kunde\" title=\"kundenlogo-geis\" itemprop=\"image\"  \/>\n\t\t\t\t<img decoding=\"async\" src=\"https:\/\/www.divis.eu\/wp-content\/uploads\/2018\/01\/kundenlogo-zufall.png\" alt=\"kundenlogo-zufall\" itemprop=\"image\" height=\"51\" width=\"120\" title=\"kundenlogo-zufall\" onerror=\"this.style.display='none'\"  \/>\n\n","protected":false},"excerpt":{"rendered":"<p>Archive des nouvelles DIVIS 2019 d\u00e9cembre 15 2019 Joyeux No\u00ebl et vous pr\u00e9sente nos meilleurs v\u0153ux pour l&rsquo;ann\u00e9e 2020 ! DIVIS vous souhaite de joyeuses f\u00eates et une nouvelle ann\u00e9e r\u00e9ussie. Utiliser une partie de nos revenus \u00e0 des fins caritatives et faire quelque chose de bien en votre nom est devenu une tradition chez&hellip;<\/p>\n","protected":false},"author":1,"featured_media":0,"parent":0,"menu_order":0,"comment_status":"closed","ping_status":"closed","template":"","meta":{"footnotes":""},"class_list":["post-18104","page","type-page","status-publish","hentry"],"yoast_head":"<!-- This site is optimized with the Yoast SEO plugin v27.4 - https:\/\/yoast.com\/product\/yoast-seo-wordpress\/ -->\n<title>Vue d&#039;ensemble de DIVIS News 2019 | Vid\u00e9o surveillance en logistique<\/title>\n<meta name=\"description\" content=\"Des nouvelles int\u00e9ressantes sur DIVIS et nos produits pour le suivi des envois par cam\u00e9ra en logistique. Comparez nos solutions avec la vid\u00e9osurveillance conventionnelle ...\" \/>\n<meta name=\"robots\" content=\"index, follow, max-snippet:-1, max-image-preview:large, max-video-preview:-1\" \/>\n<link rel=\"canonical\" href=\"https:\/\/www.divis.eu\/fr\/archives-des-nouvelles-divis-2019-video-surveillance-en-logistique\/\" \/>\n<meta property=\"og:locale\" content=\"fr_FR\" \/>\n<meta property=\"og:type\" content=\"article\" \/>\n<meta property=\"og:title\" content=\"Vue d&#039;ensemble de DIVIS News 2019 | Vid\u00e9o surveillance en logistique\" \/>\n<meta property=\"og:description\" content=\"Des nouvelles int\u00e9ressantes sur DIVIS et nos produits pour le suivi des envois par cam\u00e9ra en logistique. Comparez nos solutions avec la vid\u00e9osurveillance conventionnelle ...\" \/>\n<meta property=\"og:url\" content=\"https:\/\/www.divis.eu\/fr\/archives-des-nouvelles-divis-2019-video-surveillance-en-logistique\/\" \/>\n<meta property=\"og:site_name\" content=\"DIVIS - The intelligent view\" \/>\n<meta property=\"article:modified_time\" content=\"2022-06-18T05:27:45+00:00\" \/>\n<meta property=\"og:image\" content=\"https:\/\/www.divis.eu\/wp-content\/uploads\/2019\/12\/weihnachts-nl-fr.gif\" \/>\n<meta name=\"twitter:card\" content=\"summary_large_image\" \/>\n<meta name=\"twitter:label1\" content=\"Dur\u00e9e de lecture estim\u00e9e\" \/>\n\t<meta name=\"twitter:data1\" content=\"6 minutes\" \/>\n<script type=\"application\/ld+json\" class=\"yoast-schema-graph\">{\"@context\":\"https:\\\/\\\/schema.org\",\"@graph\":[{\"@type\":\"WebPage\",\"@id\":\"https:\\\/\\\/www.divis.eu\\\/fr\\\/archives-des-nouvelles-divis-2019-video-surveillance-en-logistique\\\/\",\"url\":\"https:\\\/\\\/www.divis.eu\\\/fr\\\/archives-des-nouvelles-divis-2019-video-surveillance-en-logistique\\\/\",\"name\":\"Vue d'ensemble de DIVIS News 2019 | Vid\u00e9o surveillance en logistique\",\"isPartOf\":{\"@id\":\"https:\\\/\\\/www.divis.eu\\\/#website\"},\"primaryImageOfPage\":{\"@id\":\"https:\\\/\\\/www.divis.eu\\\/fr\\\/archives-des-nouvelles-divis-2019-video-surveillance-en-logistique\\\/#primaryimage\"},\"image\":{\"@id\":\"https:\\\/\\\/www.divis.eu\\\/fr\\\/archives-des-nouvelles-divis-2019-video-surveillance-en-logistique\\\/#primaryimage\"},\"thumbnailUrl\":\"https:\\\/\\\/www.divis.eu\\\/wp-content\\\/uploads\\\/2019\\\/12\\\/weihnachts-nl-fr.gif\",\"datePublished\":\"2020-02-03T01:10:23+00:00\",\"dateModified\":\"2022-06-18T05:27:45+00:00\",\"description\":\"Des nouvelles int\u00e9ressantes sur DIVIS et nos produits pour le suivi des envois par cam\u00e9ra en logistique. Comparez nos solutions avec la vid\u00e9osurveillance conventionnelle ...\",\"breadcrumb\":{\"@id\":\"https:\\\/\\\/www.divis.eu\\\/fr\\\/archives-des-nouvelles-divis-2019-video-surveillance-en-logistique\\\/#breadcrumb\"},\"inLanguage\":\"fr-FR\",\"potentialAction\":[{\"@type\":\"ReadAction\",\"target\":[\"https:\\\/\\\/www.divis.eu\\\/fr\\\/archives-des-nouvelles-divis-2019-video-surveillance-en-logistique\\\/\"]}]},{\"@type\":\"ImageObject\",\"inLanguage\":\"fr-FR\",\"@id\":\"https:\\\/\\\/www.divis.eu\\\/fr\\\/archives-des-nouvelles-divis-2019-video-surveillance-en-logistique\\\/#primaryimage\",\"url\":\"https:\\\/\\\/www.divis.eu\\\/wp-content\\\/uploads\\\/2019\\\/12\\\/weihnachts-nl-fr.gif\",\"contentUrl\":\"https:\\\/\\\/www.divis.eu\\\/wp-content\\\/uploads\\\/2019\\\/12\\\/weihnachts-nl-fr.gif\"},{\"@type\":\"BreadcrumbList\",\"@id\":\"https:\\\/\\\/www.divis.eu\\\/fr\\\/archives-des-nouvelles-divis-2019-video-surveillance-en-logistique\\\/#breadcrumb\",\"itemListElement\":[{\"@type\":\"ListItem\",\"position\":1,\"name\":\"Startseite\",\"item\":\"https:\\\/\\\/www.divis.eu\\\/fr\\\/\"},{\"@type\":\"ListItem\",\"position\":2,\"name\":\"Archives des nouvelles DIVIS 2019 | Vid\u00e9o surveillance en logistique\"}]},{\"@type\":\"WebSite\",\"@id\":\"https:\\\/\\\/www.divis.eu\\\/#website\",\"url\":\"https:\\\/\\\/www.divis.eu\\\/\",\"name\":\"DIVIS - The intelligent view\",\"description\":\"Videosysteml\u00f6sungen f\u00fcr Umschlags- und Warenlager\",\"potentialAction\":[{\"@type\":\"SearchAction\",\"target\":{\"@type\":\"EntryPoint\",\"urlTemplate\":\"https:\\\/\\\/www.divis.eu\\\/?s={search_term_string}\"},\"query-input\":{\"@type\":\"PropertyValueSpecification\",\"valueRequired\":true,\"valueName\":\"search_term_string\"}}],\"inLanguage\":\"fr-FR\"}]}<\/script>\n<!-- \/ Yoast SEO plugin. -->","yoast_head_json":{"title":"Vue d'ensemble de DIVIS News 2019 | Vid\u00e9o surveillance en logistique","description":"Des nouvelles int\u00e9ressantes sur DIVIS et nos produits pour le suivi des envois par cam\u00e9ra en logistique. Comparez nos solutions avec la vid\u00e9osurveillance conventionnelle ...","robots":{"index":"index","follow":"follow","max-snippet":"max-snippet:-1","max-image-preview":"max-image-preview:large","max-video-preview":"max-video-preview:-1"},"canonical":"https:\/\/www.divis.eu\/fr\/archives-des-nouvelles-divis-2019-video-surveillance-en-logistique\/","og_locale":"fr_FR","og_type":"article","og_title":"Vue d'ensemble de DIVIS News 2019 | Vid\u00e9o surveillance en logistique","og_description":"Des nouvelles int\u00e9ressantes sur DIVIS et nos produits pour le suivi des envois par cam\u00e9ra en logistique. Comparez nos solutions avec la vid\u00e9osurveillance conventionnelle ...","og_url":"https:\/\/www.divis.eu\/fr\/archives-des-nouvelles-divis-2019-video-surveillance-en-logistique\/","og_site_name":"DIVIS - The intelligent view","article_modified_time":"2022-06-18T05:27:45+00:00","og_image":[{"url":"https:\/\/www.divis.eu\/wp-content\/uploads\/2019\/12\/weihnachts-nl-fr.gif","type":"","width":"","height":""}],"twitter_card":"summary_large_image","twitter_misc":{"Dur\u00e9e de lecture estim\u00e9e":"6 minutes"},"schema":{"@context":"https:\/\/schema.org","@graph":[{"@type":"WebPage","@id":"https:\/\/www.divis.eu\/fr\/archives-des-nouvelles-divis-2019-video-surveillance-en-logistique\/","url":"https:\/\/www.divis.eu\/fr\/archives-des-nouvelles-divis-2019-video-surveillance-en-logistique\/","name":"Vue d'ensemble de DIVIS News 2019 | Vid\u00e9o surveillance en logistique","isPartOf":{"@id":"https:\/\/www.divis.eu\/#website"},"primaryImageOfPage":{"@id":"https:\/\/www.divis.eu\/fr\/archives-des-nouvelles-divis-2019-video-surveillance-en-logistique\/#primaryimage"},"image":{"@id":"https:\/\/www.divis.eu\/fr\/archives-des-nouvelles-divis-2019-video-surveillance-en-logistique\/#primaryimage"},"thumbnailUrl":"https:\/\/www.divis.eu\/wp-content\/uploads\/2019\/12\/weihnachts-nl-fr.gif","datePublished":"2020-02-03T01:10:23+00:00","dateModified":"2022-06-18T05:27:45+00:00","description":"Des nouvelles int\u00e9ressantes sur DIVIS et nos produits pour le suivi des envois par cam\u00e9ra en logistique. Comparez nos solutions avec la vid\u00e9osurveillance conventionnelle ...","breadcrumb":{"@id":"https:\/\/www.divis.eu\/fr\/archives-des-nouvelles-divis-2019-video-surveillance-en-logistique\/#breadcrumb"},"inLanguage":"fr-FR","potentialAction":[{"@type":"ReadAction","target":["https:\/\/www.divis.eu\/fr\/archives-des-nouvelles-divis-2019-video-surveillance-en-logistique\/"]}]},{"@type":"ImageObject","inLanguage":"fr-FR","@id":"https:\/\/www.divis.eu\/fr\/archives-des-nouvelles-divis-2019-video-surveillance-en-logistique\/#primaryimage","url":"https:\/\/www.divis.eu\/wp-content\/uploads\/2019\/12\/weihnachts-nl-fr.gif","contentUrl":"https:\/\/www.divis.eu\/wp-content\/uploads\/2019\/12\/weihnachts-nl-fr.gif"},{"@type":"BreadcrumbList","@id":"https:\/\/www.divis.eu\/fr\/archives-des-nouvelles-divis-2019-video-surveillance-en-logistique\/#breadcrumb","itemListElement":[{"@type":"ListItem","position":1,"name":"Startseite","item":"https:\/\/www.divis.eu\/fr\/"},{"@type":"ListItem","position":2,"name":"Archives des nouvelles DIVIS 2019 | Vid\u00e9o surveillance en logistique"}]},{"@type":"WebSite","@id":"https:\/\/www.divis.eu\/#website","url":"https:\/\/www.divis.eu\/","name":"DIVIS - The intelligent view","description":"Videosysteml\u00f6sungen f\u00fcr Umschlags- und Warenlager","potentialAction":[{"@type":"SearchAction","target":{"@type":"EntryPoint","urlTemplate":"https:\/\/www.divis.eu\/?s={search_term_string}"},"query-input":{"@type":"PropertyValueSpecification","valueRequired":true,"valueName":"search_term_string"}}],"inLanguage":"fr-FR"}]}},"_links":{"self":[{"href":"https:\/\/www.divis.eu\/fr\/wp-json\/wp\/v2\/pages\/18104","targetHints":{"allow":["GET"]}}],"collection":[{"href":"https:\/\/www.divis.eu\/fr\/wp-json\/wp\/v2\/pages"}],"about":[{"href":"https:\/\/www.divis.eu\/fr\/wp-json\/wp\/v2\/types\/page"}],"author":[{"embeddable":true,"href":"https:\/\/www.divis.eu\/fr\/wp-json\/wp\/v2\/users\/1"}],"replies":[{"embeddable":true,"href":"https:\/\/www.divis.eu\/fr\/wp-json\/wp\/v2\/comments?post=18104"}],"version-history":[{"count":0,"href":"https:\/\/www.divis.eu\/fr\/wp-json\/wp\/v2\/pages\/18104\/revisions"}],"wp:attachment":[{"href":"https:\/\/www.divis.eu\/fr\/wp-json\/wp\/v2\/media?parent=18104"}],"curies":[{"name":"wp","href":"https:\/\/api.w.org\/{rel}","templated":true}]}}