{"id":18121,"date":"2020-02-03T01:25:52","date_gmt":"2020-02-03T01:25:52","guid":{"rendered":"https:\/\/www.divis.eu\/divis-general-information-archive-2019-logistics-video-surveillance\/"},"modified":"2021-01-02T00:39:59","modified_gmt":"2021-01-02T00:39:59","slug":"divis-general-information-archive-2019-logistics-video-surveillance","status":"publish","type":"page","link":"https:\/\/www.divis.eu\/fr\/divis-general-information-archive-2019-logistics-video-surveillance\/","title":{"rendered":"Archives d&rsquo;informations g\u00e9n\u00e9rales DIVIS 2019 | Vid\u00e9o surveillance logistique"},"content":{"rendered":"\n<h3>\n\t\tDIVIS\n\t<\/h3>\n<h2>\n\t\tConseils &amp; infos\n\t<\/h2>\n\t\t\t\t<a href=\"https:\/\/www.divis.eu\/fr\/inscription-a-la-newsletter-optimisation-des-processus-dans-lentrepot\/\" target=\"_self\" itemprop=\"url\" rel=\"noopener noreferrer\">\n\t\t\t\t<img decoding=\"async\" src=\"https:\/\/www.divis.eu\/wp-content\/uploads\/2018\/11\/sprechblase-newsletter-abo-fr.png\" alt=\"Videomanagement-Software Logistik DIVIS\" title=\"sprechblase-newsletter-abo-fr\" itemprop=\"image\">\n\t\t\t\t\t\t<\/a>\n\t\t\t\t\t<ul id=\"menu-fr-tipps-infos\"><li id=\"menu-item-12529\"><a href=\"https:\/\/www.divis.eu\/fr\/divis-news-vue-densemble-suivi-des-envois-par-camera-en-logistique\/\">Nouvelles DIVIS<\/a><\/li>\n<li id=\"menu-item-12530\"><a href=\"https:\/\/www.divis.eu\/fr\/conseils-produits-divis-suivi-des-marchandises-par-videotracking\/\">Conseils produits<\/a><\/li>\n<li id=\"menu-item-12531\"><a href=\"https:\/\/www.divis.eu\/fr\/informations-generales-divis-suivi-des-marchandises-guide-par-images\/\">Informations g\u00e9n\u00e9rales<\/a><\/li>\n<\/ul>\t\n\t<h1>\n\t\tArchives 2019: Informations g\u00e9n\u00e9rales\n\t<\/h1>\n\t\t\t\t\t\t\t\t\t\t\t\t\t\t<a href=\"https:\/\/www.divis.eu\/fr\/divis-est-certifie-bhe\/\" target=\"_self\" title=\"DIVIS est certifi\u00e9 BHE\" rel=\"noopener noreferrer\">\n\t\t\t\t<img decoding=\"async\" src=\"https:\/\/www.divis.eu\/wp-content\/uploads\/2019\/10\/bhe-titel-featured-fr.gif\" alt=\"DIVIS est certifi\u00e9 BHE\">\n\t\t\t\t<\/a>\n\t\t\t\t\t\t<h2>\n\t\t\t\t\t\t\t\tOctober\t\t\t\t\t\t\t\t\n\t\t\t\t\t\t\t\t7\n\t\t\t\t\t\t\t\t2019\n\t\t\t\t\t\t<\/h2>\n\t\t\t\t\t\t<h4>\n\t\t\t\t<a href=\"https:\/\/www.divis.eu\/fr\/divis-est-certifie-bhe\/\" title=\"DIVIS est certifi\u00e9 BHE\" tabindex=\"0\">DIVIS est certifi\u00e9 BHE<\/a>\t\t\t<\/h4>\n\t\t\t\t\t\t\t\tDIVIS a rejoint BHE en tant que membre en janvier 2010 et est un sp\u00e9cialiste des syst\u00e8mes de surveillance vid\u00e9o certifi\u00e9 par BHE depuis juillet 2010.\n\t\t\t<a href=\"https:\/\/www.divis.eu\/fr\/divis-est-certifie-bhe\/\" target=\"_self\" role=\"button\" rel=\"noopener noreferrer\">\n\t\t\t\t\t\t\tPlus\n\t\t<\/a>\n\t\t\t\t\t\t\t\t\t\t\t\t\t\t<a href=\"https:\/\/www.divis.eu\/fr\/sondage-portant-sur-la-newsletter-divis-et-tirage-au-sort\/\" target=\"_self\" title=\"Sondage portant sur la newsletter DIVIS et tirage au sort\" rel=\"noopener noreferrer\">\n\t\t\t\t<img decoding=\"async\" src=\"https:\/\/www.divis.eu\/wp-content\/uploads\/2019\/07\/gewinnspiel-featured-fr.gif\" alt=\"DIVIS-Newsletter\">\n\t\t\t\t<\/a>\n\t\t\t\t\t\t<h2>\n\t\t\t\t\t\t\t\tSeptember\t\t\t\t\t\t\t\t\n\t\t\t\t\t\t\t\t6\n\t\t\t\t\t\t\t\t2019\n\t\t\t\t\t\t<\/h2>\n\t\t\t\t\t\t<h4>\n\t\t\t\t<a href=\"https:\/\/www.divis.eu\/fr\/sondage-portant-sur-la-newsletter-divis-et-tirage-au-sort\/\" title=\"Sondage portant sur la newsletter DIVIS et tirage au sort\" tabindex=\"0\">Sondage portant sur la newsletter DIVIS et tirage au sort<\/a>\t\t\t<\/h4>\n\t\t\t\t\t\t\t\tL&rsquo;enthousiasme est un sujet majeur chez DIVIS et d\u00e9termine notre planification et nos actions. Nous inspirons nos clients avec nos solutions personnalis\u00e9es et \u00e0 travers la flexibilit\u00e9 et la fiabilit\u00e9 de nos services.  \nAujourd&rsquo;hui, nous aimerions vous enthousiasmer d&rsquo;une toute autre mani\u00e8re. Participez \u00e0 notre sondage sur notre newsletter &#8211; cela ne prend que quelques minutes &#8211; et gagnez en m\u00eame temps de superbes prix !\n\t\t\t<a href=\"https:\/\/www.divis.eu\/fr\/sondage-portant-sur-la-newsletter-divis-et-tirage-au-sort\/\" target=\"_self\" role=\"button\" rel=\"noopener noreferrer\">\n\t\t\t\t\t\t\tPlus\n\t\t<\/a>\n\t\t\t\t\t\t\t\t\t\t\t\t\t\t<a href=\"https:\/\/www.divis.eu\/fr\/lintelligence-artificielle-dans-les-applications-logistiques-un-reve-davenir-ou-une-partie-deja-integrante-de-la-vie-quotidienne\/\" target=\"_self\" title=\"L\u2019intelligence artificielle dans les applications logistiques \u2013 un r\u00eave d\u2019avenir ou une partie d\u00e9j\u00e0 int\u00e9grante de la vie quotidienne ?\" rel=\"noopener noreferrer\">\n\t\t\t\t<img decoding=\"async\" src=\"https:\/\/www.divis.eu\/wp-content\/uploads\/2019\/05\/ki-featured-fr.gif\" alt=\"Videomanagement-Software Logistik DIVIS\">\n\t\t\t\t<\/a>\n\t\t\t\t\t\t<h2>\n\t\t\t\t\t\t\t\tJune\t\t\t\t\t\t\t\t\n\t\t\t\t\t\t\t\t1\n\t\t\t\t\t\t\t\t2019\n\t\t\t\t\t\t<\/h2>\n\t\t\t\t\t\t<h4>\n\t\t\t\t<a href=\"https:\/\/www.divis.eu\/fr\/lintelligence-artificielle-dans-les-applications-logistiques-un-reve-davenir-ou-une-partie-deja-integrante-de-la-vie-quotidienne\/\" title=\"L\u2019intelligence artificielle dans les applications logistiques \u2013 un r\u00eave d\u2019avenir ou une partie d\u00e9j\u00e0 int\u00e9grante de la vie quotidienne ?\" tabindex=\"0\">L\u2019intelligence artificielle dans les applications logistiques \u2013 un r\u00eave d\u2019avenir ou une partie d\u00e9j\u00e0 int\u00e9grante de la vie quotidienne ?<\/a>\t\t\t<\/h4>\n\t\t\t\t\t\t\t\tL&rsquo;intelligence artificielle, \u00e9galement connue sous l&rsquo;abr\u00e9viation IA, est consid\u00e9r\u00e9e comme l&rsquo;une des technologies majeures de l&rsquo;avenir, et elle devrait entra\u00eener des changements importants dans de nombreux secteurs et domaines professionnels au cours des prochaines d\u00e9cennies.\n\t\t\t<a href=\"https:\/\/www.divis.eu\/fr\/lintelligence-artificielle-dans-les-applications-logistiques-un-reve-davenir-ou-une-partie-deja-integrante-de-la-vie-quotidienne\/\" target=\"_self\" role=\"button\" rel=\"noopener noreferrer\">\n\t\t\t\t\t\t\tPlus\n\t\t<\/a>\n\t\t\t\t\t\t\t\t\t\t\t\t\t\t<a href=\"https:\/\/www.divis.eu\/fr\/programme-de-financement-regle-des-minimis-avez-vous-pu-deja-en-beneficier\/\" target=\"_self\" title=\"Programme de financement r\u00e8gle des minimis \u2013 Avez-vous pu d\u00e9j\u00e0 en b\u00e9n\u00e9ficier ?\" rel=\"noopener noreferrer\">\n\t\t\t\t<img decoding=\"async\" src=\"https:\/\/www.divis.eu\/wp-content\/uploads\/2019\/06\/de-minimis-web-featured-fr.gif\" alt=\"Videomanagement-Software Logistik DIVIS\">\n\t\t\t\t<\/a>\n\t\t\t\t\t\t<h2>\n\t\t\t\t\t\t\t\tMay\t\t\t\t\t\t\t\t\n\t\t\t\t\t\t\t\t1\n\t\t\t\t\t\t\t\t2019\n\t\t\t\t\t\t<\/h2>\n\t\t\t\t\t\t<h4>\n\t\t\t\t<a href=\"https:\/\/www.divis.eu\/fr\/programme-de-financement-regle-des-minimis-avez-vous-pu-deja-en-beneficier\/\" title=\"Programme de financement r\u00e8gle des minimis \u2013 Avez-vous pu d\u00e9j\u00e0 en b\u00e9n\u00e9ficier ?\" tabindex=\"0\">Programme de financement r\u00e8gle des minimis \u2013 Avez-vous pu d\u00e9j\u00e0 en b\u00e9n\u00e9ficier ?<\/a>\t\t\t<\/h4>\n\t\t\t\t\t\t\t\tDepuis le 7 janvier 2019, la date limite de d\u00e9p\u00f4t des candidatures pour la p\u00e9riode de financement 2019 dans le programme de financement \u00ab r\u00e8gle des minimis \u00bb est en vigueur. Pour en savoir plus sur le financement, les conditions et la proc\u00e9dure de demandes, cliquez ici.\n\t\t\t<a href=\"https:\/\/www.divis.eu\/fr\/programme-de-financement-regle-des-minimis-avez-vous-pu-deja-en-beneficier\/\" target=\"_self\" role=\"button\" rel=\"noopener noreferrer\">\n\t\t\t\t\t\t\tPlus\n\t\t<\/a>\n\t\t\t\t\t\t\t\t\t\t\t\t\t\t<a href=\"https:\/\/www.divis.eu\/fr\/cameras-thermiques-chez-herbert-voigt-gmbh-co-kg\/\" target=\"_self\" title=\"Cam\u00e9ras thermiques chez Herbert Voigt GmbH &amp; Co. KG\" rel=\"noopener noreferrer\">\n\t\t\t\t<img decoding=\"async\" src=\"https:\/\/www.divis.eu\/wp-content\/uploads\/2019\/04\/voigt-featured-FR.gif\" alt=\"Les cam\u00e9ra thermiques\">\n\t\t\t\t<\/a>\n\t\t\t\t\t\t<h2>\n\t\t\t\t\t\t\t\tApril\t\t\t\t\t\t\t\t\n\t\t\t\t\t\t\t\t4\n\t\t\t\t\t\t\t\t2019\n\t\t\t\t\t\t<\/h2>\n\t\t\t\t\t\t<h4>\n\t\t\t\t<a href=\"https:\/\/www.divis.eu\/fr\/cameras-thermiques-chez-herbert-voigt-gmbh-co-kg\/\" title=\"Cam\u00e9ras thermiques chez Herbert Voigt GmbH &amp; Co. KG\" tabindex=\"0\">Cam\u00e9ras thermiques chez Herbert Voigt GmbH &amp; Co. KG<\/a>\t\t\t<\/h4>\n\t\t\t\t\t\t\t\tCompte tenu de la coop\u00e9ration couronn\u00e9e de succ\u00e8s et fructueuse men\u00e9e jusqu&rsquo;ici, il \u00e9tait \u00e9vident pour l&rsquo;entreprise de transport de tester les derniers d\u00e9veloppements de nos sp\u00e9cialistes IT de Bordesholm : la vid\u00e9osurveillance avec des cam\u00e9ras thermiques.\n\t\t\t<a href=\"https:\/\/www.divis.eu\/fr\/cameras-thermiques-chez-herbert-voigt-gmbh-co-kg\/\" target=\"_self\" role=\"button\" rel=\"noopener noreferrer\">\n\t\t\t\t\t\t\tPlus\n\t\t<\/a>\n\t\t\t\t\t\t\t\t\t\t\t\t\t\t<a href=\"https:\/\/www.divis.eu\/fr\/divis-integre-les-balises-de-localisation-dans-les-terminaux-mobiles-de-cognex\/\" target=\"_self\" title=\"DIVIS int\u00e8gre les balises de localisation dans les terminaux mobiles de Cognex\" rel=\"noopener noreferrer\">\n\t\t\t\t<img decoding=\"async\" src=\"https:\/\/www.divis.eu\/wp-content\/uploads\/2019\/02\/partnerschaft-cognex-featured-fr.gif\" alt=\"Partenariat avec Cognex | DIVIS\">\n\t\t\t\t<\/a>\n\t\t\t\t\t\t<h2>\n\t\t\t\t\t\t\t\tMarch\t\t\t\t\t\t\t\t\n\t\t\t\t\t\t\t\t21\n\t\t\t\t\t\t\t\t2019\n\t\t\t\t\t\t<\/h2>\n\t\t\t\t\t\t<h4>\n\t\t\t\t<a href=\"https:\/\/www.divis.eu\/fr\/divis-integre-les-balises-de-localisation-dans-les-terminaux-mobiles-de-cognex\/\" title=\"DIVIS int\u00e8gre les balises de localisation dans les terminaux mobiles de Cognex\" tabindex=\"0\">DIVIS int\u00e8gre les balises de localisation dans les terminaux mobiles de Cognex<\/a>\t\t\t<\/h4>\n\t\t\t\t\t\t\t\tNous avons \u00e9tendu notre r\u00e9seau avec un partenaire de grande qualit\u00e9: nos balises de localisation sont d\u00e9sormais int\u00e9gr\u00e9es aux terminaux mobiles de Cognex. Cela signifie que les clients peuvent utiliser notre mat\u00e9riel \u00e0 l&rsquo;avenir.\n\t\t\t<a href=\"https:\/\/www.divis.eu\/fr\/divis-integre-les-balises-de-localisation-dans-les-terminaux-mobiles-de-cognex\/\" target=\"_self\" role=\"button\" rel=\"noopener noreferrer\">\n\t\t\t\t\t\t\tPlus\n\t\t<\/a>\n\t\t\t<ul class=\"page-numbers\">\n\t<li>1<\/li>\n\t<li><a href=\"https:\/\/www.divis.eu\/fr\/page\/2\/?page_id=18121&amp;fl_builder\">2<\/a><\/li>\n\t<li><a href=\"https:\/\/www.divis.eu\/fr\/page\/2\/?page_id=18121&amp;fl_builder\">Next \u00bb<\/a><\/li>\n<\/ul>\n\t\t<h3>\n\t\tArchives<br>Informations g\u00e9n\u00e9rales\n\t<\/h3>\n\t\t\t\t\t<ul id=\"menu-fr-infos-archiv-menu\"><li id=\"menu-item-18128\"><a href=\"https:\/\/www.divis.eu\/fr\/divis-general-information-archive-2019-logistics-video-surveillance\/\">Archives d\u2019informations g\u00e9n\u00e9rales 2019<\/a><\/li>\n<li id=\"menu-item-18129\"><a href=\"https:\/\/www.divis.eu\/fr\/divis-general-information-archive-2018-video-surveillance-for-logistics\/\">Archives d\u2019informations g\u00e9n\u00e9rales 2018<\/a><\/li>\n<li id=\"menu-item-13023\"><a href=\"https:\/\/www.divis.eu\/fr\/archives-dinformations-generales-divis-2017-logiciel-de-surveillance-video-pour-la-logistique\/\">Archives d\u2019informations g\u00e9n\u00e9rales 2017<\/a><\/li>\n<\/ul>\t\n\t\t\t\t<img decoding=\"async\" src=\"https:\/\/www.divis.eu\/wp-content\/uploads\/2018\/01\/kundenlogo-CTL.png\" alt=\"kundenlogo-CTL\" itemprop=\"image\" height=\"51\" width=\"120\" title=\"kundenlogo-CTL\" onerror=\"this.style.display='none'\">\n\t\t\t\t<img decoding=\"async\" src=\"https:\/\/www.divis.eu\/wp-content\/uploads\/2018\/01\/kundenlogo-dpd.png\" alt=\"kundenlogo-dpd\" itemprop=\"image\" height=\"51\" width=\"120\" title=\"kundenlogo-dpd\" onerror=\"this.style.display='none'\">\n\t\t\t\t<img decoding=\"async\" src=\"https:\/\/www.divis.eu\/wp-content\/uploads\/2018\/01\/kundenlogo-emons.png\" alt=\"Emons | DIVIS-Kunde\" itemprop=\"image\" height=\"51\" width=\"120\" title=\"kundenlogo-emons\" onerror=\"this.style.display='none'\">\n\t\t\t\t<img decoding=\"async\" src=\"https:\/\/www.divis.eu\/wp-content\/uploads\/2018\/01\/kundenlogo-online.png\" alt=\"kundenlogo-online\" itemprop=\"image\" height=\"51\" width=\"120\" title=\"kundenlogo-online\" onerror=\"this.style.display='none'\">\n\t\t\t\t<img decoding=\"async\" src=\"https:\/\/www.divis.eu\/wp-content\/uploads\/2018\/01\/kundenlogo-rhenus.png\" alt=\"Rhenus Logistics | DIVIS-Kunde\" title=\"kundenlogo-rhenus\" itemprop=\"image\">\n\t\t\t\t<img decoding=\"async\" src=\"https:\/\/www.divis.eu\/wp-content\/uploads\/2018\/01\/kundenlogo-tsb.png\" alt=\"kundenlogo-tsb\" itemprop=\"image\" height=\"51\" width=\"120\" title=\"kundenlogo-tsb\" onerror=\"this.style.display='none'\">\n\t\t\t\t<img decoding=\"async\" src=\"https:\/\/www.divis.eu\/wp-content\/uploads\/2018\/01\/kundenlogo-gebrueder-weiss.png\" alt=\"Gebr\u00fcder Weiss | DIVIS-Kunde\" itemprop=\"image\" height=\"51\" width=\"150\" title=\"kundenlogo-gebrueder-weiss\" onerror=\"this.style.display='none'\">\n\t\t\t\t<img decoding=\"async\" src=\"https:\/\/www.divis.eu\/wp-content\/uploads\/2018\/01\/kundenlogo-tchibo.png\" alt=\"Tchibo | DIVIS-Kunde\" title=\"kundenlogo-tchibo\" itemprop=\"image\">\n\t\t\t\t<img decoding=\"async\" src=\"https:\/\/www.divis.eu\/wp-content\/uploads\/2018\/01\/kundenlogo-24plus.png\" alt=\"kundenlogo-24plus\" itemprop=\"image\" height=\"51\" width=\"120\" title=\"kundenlogo-24plus\" onerror=\"this.style.display='none'\">\n\t\t\t\t<img decoding=\"async\" src=\"https:\/\/www.divis.eu\/wp-content\/uploads\/2018\/01\/kundenlogo-raben.png\" alt=\"Raben Group | DIVIS-Kunde\" title=\"kundenlogo-raben\" itemprop=\"image\">\n\t\t\t\t<img decoding=\"async\" src=\"https:\/\/www.divis.eu\/wp-content\/uploads\/2018\/01\/kundenlogo-geis.png\" alt=\"Spedition Geis | DIVIS-Kunde\" title=\"kundenlogo-geis\" itemprop=\"image\">\n\t\t\t\t<img decoding=\"async\" src=\"https:\/\/www.divis.eu\/wp-content\/uploads\/2018\/01\/kundenlogo-zufall.png\" alt=\"kundenlogo-zufall\" itemprop=\"image\" height=\"51\" width=\"120\" title=\"kundenlogo-zufall\" onerror=\"this.style.display='none'\">\n","protected":false},"excerpt":{"rendered":"<p>DIVIS Conseils &amp; infos Nouvelles DIVIS Conseils produits Informations g\u00e9n\u00e9rales Archives 2019: Informations g\u00e9n\u00e9rales October 7 2019 DIVIS est certifi\u00e9 BHE DIVIS a rejoint BHE en tant que membre en janvier 2010 et est un sp\u00e9cialiste des syst\u00e8mes de surveillance vid\u00e9o certifi\u00e9 par BHE depuis juillet 2010. Plus September 6 2019 Sondage portant sur la&hellip;<\/p>\n","protected":false},"author":1,"featured_media":0,"parent":0,"menu_order":0,"comment_status":"closed","ping_status":"closed","template":"","meta":{"footnotes":""},"class_list":["post-18121","page","type-page","status-publish","hentry"],"yoast_head":"<!-- This site is optimized with the Yoast SEO plugin v27.4 - https:\/\/yoast.com\/product\/yoast-seo-wordpress\/ -->\n<title>Conseils et infos Info 2019 | Vid\u00e9o surveillance logistique<\/title>\n<meta name=\"description\" content=\"Conseils et informations int\u00e9ressants de DIVIS sur la vid\u00e9osurveillance logistique, ainsi que d&#039;autres informations sur l&#039;industrie et la technologie.\" \/>\n<meta name=\"robots\" content=\"index, follow, max-snippet:-1, max-image-preview:large, max-video-preview:-1\" \/>\n<link rel=\"canonical\" href=\"https:\/\/www.divis.eu\/fr\/divis-general-information-archive-2019-logistics-video-surveillance\/\" \/>\n<meta property=\"og:locale\" content=\"fr_FR\" \/>\n<meta property=\"og:type\" content=\"article\" \/>\n<meta property=\"og:title\" content=\"Conseils et infos Info 2019 | Vid\u00e9o surveillance logistique\" \/>\n<meta property=\"og:description\" content=\"Conseils et informations int\u00e9ressants de DIVIS sur la vid\u00e9osurveillance logistique, ainsi que d&#039;autres informations sur l&#039;industrie et la technologie.\" \/>\n<meta property=\"og:url\" content=\"https:\/\/www.divis.eu\/fr\/divis-general-information-archive-2019-logistics-video-surveillance\/\" \/>\n<meta property=\"og:site_name\" content=\"DIVIS - The intelligent view\" \/>\n<meta property=\"article:modified_time\" content=\"2021-01-02T00:39:59+00:00\" \/>\n<meta property=\"og:image\" content=\"https:\/\/www.divis.eu\/wp-content\/uploads\/2018\/11\/sprechblase-newsletter-abo-fr.png\" \/>\n<meta name=\"twitter:card\" content=\"summary_large_image\" \/>\n<meta name=\"twitter:label1\" content=\"Dur\u00e9e de lecture estim\u00e9e\" \/>\n\t<meta name=\"twitter:data1\" content=\"2 minutes\" \/>\n<script type=\"application\/ld+json\" class=\"yoast-schema-graph\">{\"@context\":\"https:\\\/\\\/schema.org\",\"@graph\":[{\"@type\":\"WebPage\",\"@id\":\"https:\\\/\\\/www.divis.eu\\\/fr\\\/divis-general-information-archive-2019-logistics-video-surveillance\\\/\",\"url\":\"https:\\\/\\\/www.divis.eu\\\/fr\\\/divis-general-information-archive-2019-logistics-video-surveillance\\\/\",\"name\":\"Conseils et infos Info 2019 | Vid\u00e9o surveillance logistique\",\"isPartOf\":{\"@id\":\"https:\\\/\\\/www.divis.eu\\\/#website\"},\"primaryImageOfPage\":{\"@id\":\"https:\\\/\\\/www.divis.eu\\\/fr\\\/divis-general-information-archive-2019-logistics-video-surveillance\\\/#primaryimage\"},\"image\":{\"@id\":\"https:\\\/\\\/www.divis.eu\\\/fr\\\/divis-general-information-archive-2019-logistics-video-surveillance\\\/#primaryimage\"},\"thumbnailUrl\":\"https:\\\/\\\/www.divis.eu\\\/wp-content\\\/uploads\\\/2018\\\/11\\\/sprechblase-newsletter-abo-fr.png\",\"datePublished\":\"2020-02-03T01:25:52+00:00\",\"dateModified\":\"2021-01-02T00:39:59+00:00\",\"description\":\"Conseils et informations int\u00e9ressants de DIVIS sur la vid\u00e9osurveillance logistique, ainsi que d'autres informations sur l'industrie et la technologie.\",\"breadcrumb\":{\"@id\":\"https:\\\/\\\/www.divis.eu\\\/fr\\\/divis-general-information-archive-2019-logistics-video-surveillance\\\/#breadcrumb\"},\"inLanguage\":\"fr-FR\",\"potentialAction\":[{\"@type\":\"ReadAction\",\"target\":[\"https:\\\/\\\/www.divis.eu\\\/fr\\\/divis-general-information-archive-2019-logistics-video-surveillance\\\/\"]}]},{\"@type\":\"ImageObject\",\"inLanguage\":\"fr-FR\",\"@id\":\"https:\\\/\\\/www.divis.eu\\\/fr\\\/divis-general-information-archive-2019-logistics-video-surveillance\\\/#primaryimage\",\"url\":\"https:\\\/\\\/www.divis.eu\\\/wp-content\\\/uploads\\\/2018\\\/11\\\/sprechblase-newsletter-abo-fr.png\",\"contentUrl\":\"https:\\\/\\\/www.divis.eu\\\/wp-content\\\/uploads\\\/2018\\\/11\\\/sprechblase-newsletter-abo-fr.png\"},{\"@type\":\"BreadcrumbList\",\"@id\":\"https:\\\/\\\/www.divis.eu\\\/fr\\\/divis-general-information-archive-2019-logistics-video-surveillance\\\/#breadcrumb\",\"itemListElement\":[{\"@type\":\"ListItem\",\"position\":1,\"name\":\"Startseite\",\"item\":\"https:\\\/\\\/www.divis.eu\\\/fr\\\/\"},{\"@type\":\"ListItem\",\"position\":2,\"name\":\"Archives d&rsquo;informations g\u00e9n\u00e9rales DIVIS 2019 | Vid\u00e9o surveillance logistique\"}]},{\"@type\":\"WebSite\",\"@id\":\"https:\\\/\\\/www.divis.eu\\\/#website\",\"url\":\"https:\\\/\\\/www.divis.eu\\\/\",\"name\":\"DIVIS - The intelligent view\",\"description\":\"Videosysteml\u00f6sungen f\u00fcr Umschlags- und Warenlager\",\"potentialAction\":[{\"@type\":\"SearchAction\",\"target\":{\"@type\":\"EntryPoint\",\"urlTemplate\":\"https:\\\/\\\/www.divis.eu\\\/?s={search_term_string}\"},\"query-input\":{\"@type\":\"PropertyValueSpecification\",\"valueRequired\":true,\"valueName\":\"search_term_string\"}}],\"inLanguage\":\"fr-FR\"}]}<\/script>\n<!-- \/ Yoast SEO plugin. -->","yoast_head_json":{"title":"Conseils et infos Info 2019 | Vid\u00e9o surveillance logistique","description":"Conseils et informations int\u00e9ressants de DIVIS sur la vid\u00e9osurveillance logistique, ainsi que d'autres informations sur l'industrie et la technologie.","robots":{"index":"index","follow":"follow","max-snippet":"max-snippet:-1","max-image-preview":"max-image-preview:large","max-video-preview":"max-video-preview:-1"},"canonical":"https:\/\/www.divis.eu\/fr\/divis-general-information-archive-2019-logistics-video-surveillance\/","og_locale":"fr_FR","og_type":"article","og_title":"Conseils et infos Info 2019 | Vid\u00e9o surveillance logistique","og_description":"Conseils et informations int\u00e9ressants de DIVIS sur la vid\u00e9osurveillance logistique, ainsi que d'autres informations sur l'industrie et la technologie.","og_url":"https:\/\/www.divis.eu\/fr\/divis-general-information-archive-2019-logistics-video-surveillance\/","og_site_name":"DIVIS - The intelligent view","article_modified_time":"2021-01-02T00:39:59+00:00","og_image":[{"url":"https:\/\/www.divis.eu\/wp-content\/uploads\/2018\/11\/sprechblase-newsletter-abo-fr.png","type":"","width":"","height":""}],"twitter_card":"summary_large_image","twitter_misc":{"Dur\u00e9e de lecture estim\u00e9e":"2 minutes"},"schema":{"@context":"https:\/\/schema.org","@graph":[{"@type":"WebPage","@id":"https:\/\/www.divis.eu\/fr\/divis-general-information-archive-2019-logistics-video-surveillance\/","url":"https:\/\/www.divis.eu\/fr\/divis-general-information-archive-2019-logistics-video-surveillance\/","name":"Conseils et infos Info 2019 | Vid\u00e9o surveillance logistique","isPartOf":{"@id":"https:\/\/www.divis.eu\/#website"},"primaryImageOfPage":{"@id":"https:\/\/www.divis.eu\/fr\/divis-general-information-archive-2019-logistics-video-surveillance\/#primaryimage"},"image":{"@id":"https:\/\/www.divis.eu\/fr\/divis-general-information-archive-2019-logistics-video-surveillance\/#primaryimage"},"thumbnailUrl":"https:\/\/www.divis.eu\/wp-content\/uploads\/2018\/11\/sprechblase-newsletter-abo-fr.png","datePublished":"2020-02-03T01:25:52+00:00","dateModified":"2021-01-02T00:39:59+00:00","description":"Conseils et informations int\u00e9ressants de DIVIS sur la vid\u00e9osurveillance logistique, ainsi que d'autres informations sur l'industrie et la technologie.","breadcrumb":{"@id":"https:\/\/www.divis.eu\/fr\/divis-general-information-archive-2019-logistics-video-surveillance\/#breadcrumb"},"inLanguage":"fr-FR","potentialAction":[{"@type":"ReadAction","target":["https:\/\/www.divis.eu\/fr\/divis-general-information-archive-2019-logistics-video-surveillance\/"]}]},{"@type":"ImageObject","inLanguage":"fr-FR","@id":"https:\/\/www.divis.eu\/fr\/divis-general-information-archive-2019-logistics-video-surveillance\/#primaryimage","url":"https:\/\/www.divis.eu\/wp-content\/uploads\/2018\/11\/sprechblase-newsletter-abo-fr.png","contentUrl":"https:\/\/www.divis.eu\/wp-content\/uploads\/2018\/11\/sprechblase-newsletter-abo-fr.png"},{"@type":"BreadcrumbList","@id":"https:\/\/www.divis.eu\/fr\/divis-general-information-archive-2019-logistics-video-surveillance\/#breadcrumb","itemListElement":[{"@type":"ListItem","position":1,"name":"Startseite","item":"https:\/\/www.divis.eu\/fr\/"},{"@type":"ListItem","position":2,"name":"Archives d&rsquo;informations g\u00e9n\u00e9rales DIVIS 2019 | Vid\u00e9o surveillance logistique"}]},{"@type":"WebSite","@id":"https:\/\/www.divis.eu\/#website","url":"https:\/\/www.divis.eu\/","name":"DIVIS - The intelligent view","description":"Videosysteml\u00f6sungen f\u00fcr Umschlags- und Warenlager","potentialAction":[{"@type":"SearchAction","target":{"@type":"EntryPoint","urlTemplate":"https:\/\/www.divis.eu\/?s={search_term_string}"},"query-input":{"@type":"PropertyValueSpecification","valueRequired":true,"valueName":"search_term_string"}}],"inLanguage":"fr-FR"}]}},"_links":{"self":[{"href":"https:\/\/www.divis.eu\/fr\/wp-json\/wp\/v2\/pages\/18121","targetHints":{"allow":["GET"]}}],"collection":[{"href":"https:\/\/www.divis.eu\/fr\/wp-json\/wp\/v2\/pages"}],"about":[{"href":"https:\/\/www.divis.eu\/fr\/wp-json\/wp\/v2\/types\/page"}],"author":[{"embeddable":true,"href":"https:\/\/www.divis.eu\/fr\/wp-json\/wp\/v2\/users\/1"}],"replies":[{"embeddable":true,"href":"https:\/\/www.divis.eu\/fr\/wp-json\/wp\/v2\/comments?post=18121"}],"version-history":[{"count":0,"href":"https:\/\/www.divis.eu\/fr\/wp-json\/wp\/v2\/pages\/18121\/revisions"}],"wp:attachment":[{"href":"https:\/\/www.divis.eu\/fr\/wp-json\/wp\/v2\/media?parent=18121"}],"curies":[{"name":"wp","href":"https:\/\/api.w.org\/{rel}","templated":true}]}}