{"id":18125,"date":"2020-02-03T01:23:05","date_gmt":"2020-02-03T01:23:05","guid":{"rendered":"https:\/\/www.divis.eu\/divis-general-information-archive-2018-video-surveillance-for-logistics\/"},"modified":"2020-04-04T16:35:59","modified_gmt":"2020-04-04T16:35:59","slug":"divis-general-information-archive-2018-video-surveillance-for-logistics","status":"publish","type":"page","link":"https:\/\/www.divis.eu\/fr\/divis-general-information-archive-2018-video-surveillance-for-logistics\/","title":{"rendered":"Archives d&rsquo;informations g\u00e9n\u00e9rales DIVIS 2018 | Vid\u00e9osurveillance pour la logistique"},"content":{"rendered":"<h3>\n\t\tDIVIS\n\t<\/h3>\n<h2>\n\t\tConseils &#038; infos\n\t<\/h2>\n\t\t\t\t<a href=\"https:\/\/www.divis.eu\/fr\/inscription-a-la-newsletter-optimisation-des-processus-dans-lentrepot\/\" target=\"_self\" itemprop=\"url\" rel=\"noopener noreferrer\">\n\t\t\t\t<img decoding=\"async\" src=\"https:\/\/www.divis.eu\/wp-content\/uploads\/2018\/11\/sprechblase-newsletter-abo-fr.png\" alt=\"Videomanagement-Software Logistik DIVIS\" title=\"sprechblase-newsletter-abo-fr\" itemprop=\"image\"  \/>\n\t\t\t\t\t\t<\/a>\n\t\t\t\t\t<ul id=\"menu-fr-tipps-infos\"><li id=\"menu-item-12529\"><a href=\"https:\/\/www.divis.eu\/fr\/divis-news-vue-densemble-suivi-des-envois-par-camera-en-logistique\/\">Nouvelles DIVIS<\/a><\/li>\n<li id=\"menu-item-12530\"><a href=\"https:\/\/www.divis.eu\/fr\/conseils-produits-divis-suivi-des-marchandises-par-videotracking\/\">Conseils produits<\/a><\/li>\n<li id=\"menu-item-12531\"><a href=\"https:\/\/www.divis.eu\/fr\/informations-generales-divis-suivi-des-marchandises-guide-par-images\/\">Informations g\u00e9n\u00e9rales<\/a><\/li>\n<\/ul>\t\n\t<h1>\n\t\tArchives 2018: Informations g\u00e9n\u00e9rales\n\t<\/h1>\n\t\t\t\t\t\t\t\t\t\t\t\t\t\t<a href=\"https:\/\/www.divis.eu\/fr\/divis-recoit-le-soutien-du-wtsh\/\" target=\"_self\" title=\"DIVIS re\u00e7oit le soutien du WTSH\" rel=\"noopener noreferrer\">\n\t\t\t\t<img decoding=\"async\" src=\"https:\/\/www.divis.eu\/wp-content\/uploads\/2018\/12\/wirtschaftsfoerderung-fr-featured.gif\" alt=\"Promotion \u00e9conomique | WTSH | DIVIS\" \/>\n\t\t\t\t<\/a>\n\t\t\t\t\t\t<h2>\n\t\t\t\t\t\t\t\tDecember\t\t\t\t\t\t\t\t\n\t\t\t\t\t\t\t\t18\n\t\t\t\t\t\t\t\t2018\n\t\t\t\t\t\t<\/h2>\n\t\t\t\t\t\t<h4>\n\t\t\t\t<a href=https:\/\/www.divis.eu\/fr\/divis-recoit-le-soutien-du-wtsh\/ title=\"DIVIS re\u00e7oit le soutien du WTSH\" tabindex=\"0\">DIVIS re\u00e7oit le soutien du WTSH<\/a>\t\t\t<\/h4>\n\t\t\t\t\t\t\t\tLes innovations ont le vent en poupe : le Land du Schleswig-Holstein soutient DIVIS dans la transformation ax\u00e9e sur l&rsquo;innovation et la num\u00e9risation des processus commerciaux en vue d&rsquo;une plus grande internationalisation des solutions vid\u00e9o leaders du march\u00e9 pour la logistique.\n\t\t\t<a href=\"https:\/\/www.divis.eu\/fr\/divis-recoit-le-soutien-du-wtsh\/\" target=\"_self\" role=\"button\" rel=\"noopener noreferrer\">\n\t\t\t\t\t\t\tPlus\n\t\t<\/a>\n\t\t\t\t\t\t\t\t\t\t\t\t\t\t<a href=\"https:\/\/www.divis.eu\/fr\/protection-et-securite-des-donnees-selon-le-rgpd-vous-serez-parfaitement-equipe-avec-les-solutions-divis\/\" target=\"_self\" title=\"Protection et s\u00e9curit\u00e9 des donn\u00e9es selon le RGPD  \u2013 vous serez parfaitement \u00e9quip\u00e9 avec les solutions DIVIS\" rel=\"noopener noreferrer\">\n\t\t\t\t<img decoding=\"async\" src=\"https:\/\/www.divis.eu\/wp-content\/uploads\/2018\/10\/teaser-datenschutz-gross-FR.gif\" alt=\"Protection et s\u00e9curit\u00e9 des donn\u00e9es selon le RGPD \u2013 vous serez parfaitement \u00e9quip\u00e9 avec les solutions DIVIS\" \/>\n\t\t\t\t<\/a>\n\t\t\t\t\t\t<h2>\n\t\t\t\t\t\t\t\tOctober\t\t\t\t\t\t\t\t\n\t\t\t\t\t\t\t\t8\n\t\t\t\t\t\t\t\t2018\n\t\t\t\t\t\t<\/h2>\n\t\t\t\t\t\t<h4>\n\t\t\t\t<a href=https:\/\/www.divis.eu\/fr\/protection-et-securite-des-donnees-selon-le-rgpd-vous-serez-parfaitement-equipe-avec-les-solutions-divis\/ title=\"Protection et s\u00e9curit\u00e9 des donn\u00e9es selon le RGPD  \u2013 vous serez parfaitement \u00e9quip\u00e9 avec les solutions DIVIS\" tabindex=\"0\">Protection et s\u00e9curit\u00e9 des donn\u00e9es selon le RGPD  \u2013 vous serez parfaitement \u00e9quip\u00e9 avec les solutions DIVIS<\/a>\t\t\t<\/h4>\n\t\t\t\t\t\t\t\tD\u00e9couvrez aujourd&rsquo;hui comment un haut niveau de s\u00e9curit\u00e9 des donn\u00e9es et un travail efficace vont de pair gr\u00e2ce \u00e0 l&rsquo;utilisation de produits innovants et comment votre gestion de la qualit\u00e9 en b\u00e9n\u00e9ficie. Gr\u00e2ce \u00e0 la solution et \u00e0 l&rsquo;approche de s\u00e9curit\u00e9 des produits DIVIS &#8230;\n\t\t\t<a href=\"https:\/\/www.divis.eu\/fr\/protection-et-securite-des-donnees-selon-le-rgpd-vous-serez-parfaitement-equipe-avec-les-solutions-divis\/\" target=\"_self\" role=\"button\" rel=\"noopener noreferrer\">\n\t\t\t\t\t\t\tPlus\n\t\t<\/a>\n\t\t\t\t\t\t\t\t\t\t\t\t\t\t<a href=\"https:\/\/www.divis.eu\/fr\/divis-privilegie-la-securite-de-ses-systemes-de-videosurveillance-en-entrepot-et-de-ses-systemes-embarques\/\" target=\"_self\" title=\"DIVIS privil\u00e9gie la s\u00e9curit\u00e9 de ses syst\u00e8mes de vid\u00e9osurveillance pour le suivi des envois en logistique et de ses syst\u00e8mes embarqu\u00e9s\" rel=\"noopener noreferrer\">\n\t\t\t\t<img decoding=\"async\" src=\"https:\/\/www.divis.eu\/wp-content\/uploads\/2018\/09\/cyber-security-featured-fr.gif\" alt=\"Vid\u00e9osurveillance en logistique\" \/>\n\t\t\t\t<\/a>\n\t\t\t\t\t\t<h2>\n\t\t\t\t\t\t\t\tAugust\t\t\t\t\t\t\t\t\n\t\t\t\t\t\t\t\t30\n\t\t\t\t\t\t\t\t2018\n\t\t\t\t\t\t<\/h2>\n\t\t\t\t\t\t<h4>\n\t\t\t\t<a href=https:\/\/www.divis.eu\/fr\/divis-privilegie-la-securite-de-ses-systemes-de-videosurveillance-en-entrepot-et-de-ses-systemes-embarques\/ title=\"DIVIS privil\u00e9gie la s\u00e9curit\u00e9 de ses syst\u00e8mes de vid\u00e9osurveillance pour le suivi des envois en logistique et de ses syst\u00e8mes embarqu\u00e9s\" tabindex=\"0\">DIVIS privil\u00e9gie la s\u00e9curit\u00e9 de ses syst\u00e8mes de vid\u00e9osurveillance pour le suivi des envois en logistique et de ses syst\u00e8mes embarqu\u00e9s<\/a>\t\t\t<\/h4>\n\t\t\t\t\t\t\t\tDes mesures de pr\u00e9caution (firewalls par exemple) pour se prot\u00e9ger du piratage informatique : voil\u00e0 quelque chose qui n\u2019est pas nouveau. En revanche, on sous-estime souvent la n\u00e9cessit\u00e9 de s\u00e9curiser les connexions internes vers l\u2019ext\u00e9rieur. \nNous d\u00e9sirons vous expliquer aujourd\u2019hui ce que DIVIS fait pour assurer la \u00ab s\u00e9curit\u00e9 interne \u00bb de ses syst\u00e8mes.\n\t\t\t<a href=\"https:\/\/www.divis.eu\/fr\/divis-privilegie-la-securite-de-ses-systemes-de-videosurveillance-en-entrepot-et-de-ses-systemes-embarques\/\" target=\"_self\" role=\"button\" rel=\"noopener noreferrer\">\n\t\t\t\t\t\t\tPlus\n\t\t<\/a>\n\t\t\t\t\t\t\t\t\t\t\t\t\t\t<a href=\"https:\/\/www.divis.eu\/fr\/meilleure-vue-densemble-des-flux-de-marchandises-grace-au-suivi-des-envois-par-camera\/\" target=\"_self\" title=\"Meilleure vue d&#8217;ensemble des flux de marchandises gr\u00e2ce au suivi des envois par cam\u00e9ra\" rel=\"noopener noreferrer\">\n\t\t\t\t<img decoding=\"async\" src=\"https:\/\/www.divis.eu\/wp-content\/uploads\/2018\/08\/DIVIS_krueger-featured.jpg\" alt=\"Sendungsverfolgung via Kamera mit CargoVIS von DIVIS\" \/>\n\t\t\t\t<\/a>\n\t\t\t\t\t\t<h2>\n\t\t\t\t\t\t\t\tAugust\t\t\t\t\t\t\t\t\n\t\t\t\t\t\t\t\t2\n\t\t\t\t\t\t\t\t2018\n\t\t\t\t\t\t<\/h2>\n\t\t\t\t\t\t<h4>\n\t\t\t\t<a href=https:\/\/www.divis.eu\/fr\/meilleure-vue-densemble-des-flux-de-marchandises-grace-au-suivi-des-envois-par-camera\/ title=\"Meilleure vue d&#8217;ensemble des flux de marchandises gr\u00e2ce au suivi des envois par cam\u00e9ra\" tabindex=\"0\">Meilleure vue d&#8217;ensemble des flux de marchandises gr\u00e2ce au suivi des envois par cam\u00e9ra<\/a>\t\t\t<\/h4>\n\t\t\t\t\t\t\t\tEn 2017, l\u2019entreprise Kr\u00fcger Internationale Spedition GmbH a opt\u00e9 pour  CargoVIS de DIVIS pour le  suivi des envois par cam\u00e9ra afin d\u2019optimiser la vue d\u2019ensemble des flux de marchandises en pleine croissance de l\u2019entreprise.\n\t\t\t<a href=\"https:\/\/www.divis.eu\/fr\/meilleure-vue-densemble-des-flux-de-marchandises-grace-au-suivi-des-envois-par-camera\/\" target=\"_self\" role=\"button\" rel=\"noopener noreferrer\">\n\t\t\t\t\t\t\tPlus\n\t\t<\/a>\n\t\t\t\t\t\t\t\t\t\t\t\t\t\t<a href=\"https:\/\/www.divis.eu\/fr\/le-reglement-dsgvo-en-matiere-de-protection-des-donnees-etend-le-marquage-obligatoire-dans-la-videosurveillance-dans-des-lieux-non-publics\/\" target=\"_self\" title=\"Le r\u00e8glement (DSGVO) en mati\u00e8re de protection des donn\u00e9es \u00e9tend le marquage obligatoire dans la vid\u00e9osurveillance dans des lieux non publics\" rel=\"noopener noreferrer\">\n\t\t\t\t<img decoding=\"async\" src=\"https:\/\/www.divis.eu\/wp-content\/uploads\/2018\/05\/dsgvo-FR.jpg\" alt=\"Nouvelle politique de confidentialit\u00e9 DSGVO | Mod\u00e8les par DIVIS\" \/>\n\t\t\t\t<\/a>\n\t\t\t\t\t\t<h2>\n\t\t\t\t\t\t\t\tMay\t\t\t\t\t\t\t\t\n\t\t\t\t\t\t\t\t8\n\t\t\t\t\t\t\t\t2018\n\t\t\t\t\t\t<\/h2>\n\t\t\t\t\t\t<h4>\n\t\t\t\t<a href=https:\/\/www.divis.eu\/fr\/le-reglement-dsgvo-en-matiere-de-protection-des-donnees-etend-le-marquage-obligatoire-dans-la-videosurveillance-dans-des-lieux-non-publics\/ title=\"Le r\u00e8glement (DSGVO) en mati\u00e8re de protection des donn\u00e9es \u00e9tend le marquage obligatoire dans la vid\u00e9osurveillance dans des lieux non publics\" tabindex=\"0\">Le r\u00e8glement (DSGVO) en mati\u00e8re de protection des donn\u00e9es \u00e9tend le marquage obligatoire dans la vid\u00e9osurveillance dans des lieux non publics<\/a>\t\t\t<\/h4>\n\t\t\t\t\t\t\t\tEntre-temps tout le monde le sait: le nouveau r\u00e8glement en mati\u00e8re de protection des donn\u00e9es entrera en vigueur le 25 mai. Outre de nombreuses autres modifications, une r\u00e9glementation suppl\u00e9mentaire portant sur l&rsquo; obligation d&rsquo; identification entrera en vigueur pour les entreprises travaillant dans le secteur de la vid\u00e9osurveillance &#8230;\n\t\t\t<a href=\"https:\/\/www.divis.eu\/fr\/le-reglement-dsgvo-en-matiere-de-protection-des-donnees-etend-le-marquage-obligatoire-dans-la-videosurveillance-dans-des-lieux-non-publics\/\" target=\"_self\" role=\"button\" rel=\"noopener noreferrer\">\n\t\t\t\t\t\t\tPlus\n\t\t<\/a>\n\t\t\t\t\t\t\t\t\t\t\t\t\t\t<a href=\"https:\/\/www.divis.eu\/fr\/comparaison-de-la-videosurveillance-cctv-video-scan-dedivis\/\" target=\"_self\" title=\"Comparaison de la vid\u00e9osurveillance CCTV &#8211; Vid\u00e9o &#038; Scan de DIVIS\" rel=\"noopener noreferrer\">\n\t\t\t\t<img decoding=\"async\" src=\"https:\/\/www.divis.eu\/wp-content\/uploads\/2018\/04\/cctv-video-scan-divis-featured.jpg\" alt=\"Videomanagement-Software Logistik DIVIS\" \/>\n\t\t\t\t<\/a>\n\t\t\t\t\t\t<h2>\n\t\t\t\t\t\t\t\tApril\t\t\t\t\t\t\t\t\n\t\t\t\t\t\t\t\t25\n\t\t\t\t\t\t\t\t2018\n\t\t\t\t\t\t<\/h2>\n\t\t\t\t\t\t<h4>\n\t\t\t\t<a href=https:\/\/www.divis.eu\/fr\/comparaison-de-la-videosurveillance-cctv-video-scan-dedivis\/ title=\"Comparaison de la vid\u00e9osurveillance CCTV &#8211; Vid\u00e9o &#038; Scan de DIVIS\" tabindex=\"0\">Comparaison de la vid\u00e9osurveillance CCTV &#8211; Vid\u00e9o &#038; Scan de DIVIS<\/a>\t\t\t<\/h4>\n\t\t\t\t\t\t\t\tDIVIS fait toute la diff\u00e9rence ! Dans cet article, vous en apprendrez plus sur la diff\u00e9rence entre la vid\u00e9osurveillance CCTV conventionnelle et les solutions de vid\u00e9o &#038; scan de DIVIS.\n\t\t\t<a href=\"https:\/\/www.divis.eu\/fr\/comparaison-de-la-videosurveillance-cctv-video-scan-dedivis\/\" target=\"_self\" role=\"button\" rel=\"noopener noreferrer\">\n\t\t\t\t\t\t\tPlus\n\t\t<\/a>\n\t\t<h3>\n\t\tArchives<br>Informations g\u00e9n\u00e9rales\n\t<\/h3>\n\t\t\t\t\t<ul id=\"menu-fr-infos-archiv-menu\"><li id=\"menu-item-18128\"><a href=\"https:\/\/www.divis.eu\/fr\/divis-general-information-archive-2019-logistics-video-surveillance\/\">Archives d&#8217;informations g\u00e9n\u00e9rales 2019<\/a><\/li>\n<li id=\"menu-item-18129\"><a href=\"https:\/\/www.divis.eu\/fr\/divis-general-information-archive-2018-video-surveillance-for-logistics\/\">Archives d&#8217;informations g\u00e9n\u00e9rales 2018<\/a><\/li>\n<li id=\"menu-item-13023\"><a href=\"https:\/\/www.divis.eu\/fr\/archives-dinformations-generales-divis-2017-logiciel-de-surveillance-video-pour-la-logistique\/\">Archives d&#8217;informations g\u00e9n\u00e9rales 2017<\/a><\/li>\n<\/ul>\t\n\t\t\t\t<img decoding=\"async\" src=\"https:\/\/www.divis.eu\/wp-content\/uploads\/2018\/01\/kundenlogo-CTL.png\" alt=\"kundenlogo-CTL\" itemprop=\"image\" height=\"51\" width=\"120\" title=\"kundenlogo-CTL\" onerror=\"this.style.display='none'\"  \/>\n\t\t\t\t<img decoding=\"async\" src=\"https:\/\/www.divis.eu\/wp-content\/uploads\/2018\/01\/kundenlogo-dpd.png\" alt=\"kundenlogo-dpd\" itemprop=\"image\" height=\"51\" width=\"120\" title=\"kundenlogo-dpd\" onerror=\"this.style.display='none'\"  \/>\n\t\t\t\t<img decoding=\"async\" src=\"https:\/\/www.divis.eu\/wp-content\/uploads\/2018\/01\/kundenlogo-panalpina.png\" alt=\"kundenlogo-panalpina\" itemprop=\"image\" height=\"51\" width=\"120\" title=\"kundenlogo-panalpina\" onerror=\"this.style.display='none'\"  \/>\n\t\t\t\t<img decoding=\"async\" src=\"https:\/\/www.divis.eu\/wp-content\/uploads\/2018\/01\/kundenlogo-online.png\" alt=\"kundenlogo-online\" itemprop=\"image\" height=\"51\" width=\"120\" title=\"kundenlogo-online\" onerror=\"this.style.display='none'\"  \/>\n\t\t\t\t<img decoding=\"async\" src=\"https:\/\/www.divis.eu\/wp-content\/uploads\/2018\/01\/kundenlogo-rhenus.png\" alt=\"Rhenus Logistics | DIVIS-Kunde\" title=\"kundenlogo-rhenus\" itemprop=\"image\"  \/>\n\t\t\t\t<img decoding=\"async\" src=\"https:\/\/www.divis.eu\/wp-content\/uploads\/2018\/01\/kundenlogo-tsb.png\" alt=\"kundenlogo-tsb\" itemprop=\"image\" height=\"51\" width=\"120\" title=\"kundenlogo-tsb\" onerror=\"this.style.display='none'\"  \/>\n\t\t\t\t<img decoding=\"async\" src=\"https:\/\/www.divis.eu\/wp-content\/uploads\/2018\/01\/kundenlogo-gebrueder-weiss.png\" alt=\"Gebr\u00fcder Weiss | DIVIS-Kunde\" itemprop=\"image\" height=\"51\" width=\"150\" title=\"kundenlogo-gebrueder-weiss\" onerror=\"this.style.display='none'\"  \/>\n\t\t\t\t<img decoding=\"async\" src=\"https:\/\/www.divis.eu\/wp-content\/uploads\/2018\/01\/kundenlogo-tchibo.png\" alt=\"Tchibo | DIVIS-Kunde\" title=\"kundenlogo-tchibo\" itemprop=\"image\"  \/>\n\t\t\t\t<img decoding=\"async\" src=\"https:\/\/www.divis.eu\/wp-content\/uploads\/2018\/01\/kundenlogo-24plus.png\" alt=\"kundenlogo-24plus\" itemprop=\"image\" height=\"51\" width=\"120\" title=\"kundenlogo-24plus\" onerror=\"this.style.display='none'\"  \/>\n\t\t\t\t<img decoding=\"async\" src=\"https:\/\/www.divis.eu\/wp-content\/uploads\/2018\/01\/kundenlogo-raben.png\" alt=\"Raben Group | DIVIS-Kunde\" title=\"kundenlogo-raben\" itemprop=\"image\"  \/>\n\t\t\t\t<img decoding=\"async\" src=\"https:\/\/www.divis.eu\/wp-content\/uploads\/2018\/01\/kundenlogo-geis.png\" alt=\"Spedition Geis | DIVIS-Kunde\" title=\"kundenlogo-geis\" itemprop=\"image\"  \/>\n\t\t\t\t<img decoding=\"async\" src=\"https:\/\/www.divis.eu\/wp-content\/uploads\/2018\/01\/kundenlogo-zufall.png\" alt=\"kundenlogo-zufall\" itemprop=\"image\" height=\"51\" width=\"120\" title=\"kundenlogo-zufall\" onerror=\"this.style.display='none'\"  \/>\n","protected":false},"excerpt":{"rendered":"<p>DIVIS Conseils &#038; infos Nouvelles DIVIS Conseils produits Informations g\u00e9n\u00e9rales Archives 2018: Informations g\u00e9n\u00e9rales December 18 2018 DIVIS re\u00e7oit le soutien du WTSH Les innovations ont le vent en poupe : le Land du Schleswig-Holstein soutient DIVIS dans la transformation ax\u00e9e sur l&rsquo;innovation et la num\u00e9risation des processus commerciaux en vue d&rsquo;une plus grande internationalisation&hellip;<\/p>\n","protected":false},"author":1,"featured_media":0,"parent":0,"menu_order":0,"comment_status":"closed","ping_status":"closed","template":"","meta":{"footnotes":""},"class_list":["post-18125","page","type-page","status-publish","hentry"],"yoast_head":"<!-- This site is optimized with the Yoast SEO plugin v27.4 - https:\/\/yoast.com\/product\/yoast-seo-wordpress\/ -->\n<title>Conseils et infos Info 2018 | Vid\u00e9osurveillance pour la logistique<\/title>\n<meta name=\"description\" content=\"Conseils et informations int\u00e9ressants de DIVIS sur la vid\u00e9osurveillance pour la logistique, ainsi que d&#039;autres informations sur l&#039;industrie et la technologie.\" \/>\n<meta name=\"robots\" content=\"index, follow, max-snippet:-1, max-image-preview:large, max-video-preview:-1\" \/>\n<link rel=\"canonical\" href=\"https:\/\/www.divis.eu\/fr\/divis-general-information-archive-2018-video-surveillance-for-logistics\/\" \/>\n<meta property=\"og:locale\" content=\"fr_FR\" \/>\n<meta property=\"og:type\" content=\"article\" \/>\n<meta property=\"og:title\" content=\"Conseils et infos Info 2018 | Vid\u00e9osurveillance pour la logistique\" \/>\n<meta property=\"og:description\" content=\"Conseils et informations int\u00e9ressants de DIVIS sur la vid\u00e9osurveillance pour la logistique, ainsi que d&#039;autres informations sur l&#039;industrie et la technologie.\" \/>\n<meta property=\"og:url\" content=\"https:\/\/www.divis.eu\/fr\/divis-general-information-archive-2018-video-surveillance-for-logistics\/\" \/>\n<meta property=\"og:site_name\" content=\"DIVIS - The intelligent view\" \/>\n<meta property=\"article:modified_time\" content=\"2020-04-04T16:35:59+00:00\" \/>\n<meta property=\"og:image\" content=\"https:\/\/www.divis.eu\/wp-content\/uploads\/2018\/11\/sprechblase-newsletter-abo-fr.png\" \/>\n<meta name=\"twitter:card\" content=\"summary_large_image\" \/>\n<meta name=\"twitter:label1\" content=\"Dur\u00e9e de lecture estim\u00e9e\" \/>\n\t<meta name=\"twitter:data1\" content=\"2 minutes\" \/>\n<script type=\"application\/ld+json\" class=\"yoast-schema-graph\">{\"@context\":\"https:\\\/\\\/schema.org\",\"@graph\":[{\"@type\":\"WebPage\",\"@id\":\"https:\\\/\\\/www.divis.eu\\\/fr\\\/divis-general-information-archive-2018-video-surveillance-for-logistics\\\/\",\"url\":\"https:\\\/\\\/www.divis.eu\\\/fr\\\/divis-general-information-archive-2018-video-surveillance-for-logistics\\\/\",\"name\":\"Conseils et infos Info 2018 | Vid\u00e9osurveillance pour la logistique\",\"isPartOf\":{\"@id\":\"https:\\\/\\\/www.divis.eu\\\/#website\"},\"primaryImageOfPage\":{\"@id\":\"https:\\\/\\\/www.divis.eu\\\/fr\\\/divis-general-information-archive-2018-video-surveillance-for-logistics\\\/#primaryimage\"},\"image\":{\"@id\":\"https:\\\/\\\/www.divis.eu\\\/fr\\\/divis-general-information-archive-2018-video-surveillance-for-logistics\\\/#primaryimage\"},\"thumbnailUrl\":\"https:\\\/\\\/www.divis.eu\\\/wp-content\\\/uploads\\\/2018\\\/11\\\/sprechblase-newsletter-abo-fr.png\",\"datePublished\":\"2020-02-03T01:23:05+00:00\",\"dateModified\":\"2020-04-04T16:35:59+00:00\",\"description\":\"Conseils et informations int\u00e9ressants de DIVIS sur la vid\u00e9osurveillance pour la logistique, ainsi que d'autres informations sur l'industrie et la technologie.\",\"breadcrumb\":{\"@id\":\"https:\\\/\\\/www.divis.eu\\\/fr\\\/divis-general-information-archive-2018-video-surveillance-for-logistics\\\/#breadcrumb\"},\"inLanguage\":\"fr-FR\",\"potentialAction\":[{\"@type\":\"ReadAction\",\"target\":[\"https:\\\/\\\/www.divis.eu\\\/fr\\\/divis-general-information-archive-2018-video-surveillance-for-logistics\\\/\"]}]},{\"@type\":\"ImageObject\",\"inLanguage\":\"fr-FR\",\"@id\":\"https:\\\/\\\/www.divis.eu\\\/fr\\\/divis-general-information-archive-2018-video-surveillance-for-logistics\\\/#primaryimage\",\"url\":\"https:\\\/\\\/www.divis.eu\\\/wp-content\\\/uploads\\\/2018\\\/11\\\/sprechblase-newsletter-abo-fr.png\",\"contentUrl\":\"https:\\\/\\\/www.divis.eu\\\/wp-content\\\/uploads\\\/2018\\\/11\\\/sprechblase-newsletter-abo-fr.png\"},{\"@type\":\"BreadcrumbList\",\"@id\":\"https:\\\/\\\/www.divis.eu\\\/fr\\\/divis-general-information-archive-2018-video-surveillance-for-logistics\\\/#breadcrumb\",\"itemListElement\":[{\"@type\":\"ListItem\",\"position\":1,\"name\":\"Startseite\",\"item\":\"https:\\\/\\\/www.divis.eu\\\/fr\\\/\"},{\"@type\":\"ListItem\",\"position\":2,\"name\":\"Archives d&rsquo;informations g\u00e9n\u00e9rales DIVIS 2018 | Vid\u00e9osurveillance pour la logistique\"}]},{\"@type\":\"WebSite\",\"@id\":\"https:\\\/\\\/www.divis.eu\\\/#website\",\"url\":\"https:\\\/\\\/www.divis.eu\\\/\",\"name\":\"DIVIS - The intelligent view\",\"description\":\"Videosysteml\u00f6sungen f\u00fcr Umschlags- und Warenlager\",\"potentialAction\":[{\"@type\":\"SearchAction\",\"target\":{\"@type\":\"EntryPoint\",\"urlTemplate\":\"https:\\\/\\\/www.divis.eu\\\/?s={search_term_string}\"},\"query-input\":{\"@type\":\"PropertyValueSpecification\",\"valueRequired\":true,\"valueName\":\"search_term_string\"}}],\"inLanguage\":\"fr-FR\"}]}<\/script>\n<!-- \/ Yoast SEO plugin. -->","yoast_head_json":{"title":"Conseils et infos Info 2018 | Vid\u00e9osurveillance pour la logistique","description":"Conseils et informations int\u00e9ressants de DIVIS sur la vid\u00e9osurveillance pour la logistique, ainsi que d'autres informations sur l'industrie et la technologie.","robots":{"index":"index","follow":"follow","max-snippet":"max-snippet:-1","max-image-preview":"max-image-preview:large","max-video-preview":"max-video-preview:-1"},"canonical":"https:\/\/www.divis.eu\/fr\/divis-general-information-archive-2018-video-surveillance-for-logistics\/","og_locale":"fr_FR","og_type":"article","og_title":"Conseils et infos Info 2018 | Vid\u00e9osurveillance pour la logistique","og_description":"Conseils et informations int\u00e9ressants de DIVIS sur la vid\u00e9osurveillance pour la logistique, ainsi que d'autres informations sur l'industrie et la technologie.","og_url":"https:\/\/www.divis.eu\/fr\/divis-general-information-archive-2018-video-surveillance-for-logistics\/","og_site_name":"DIVIS - The intelligent view","article_modified_time":"2020-04-04T16:35:59+00:00","og_image":[{"url":"https:\/\/www.divis.eu\/wp-content\/uploads\/2018\/11\/sprechblase-newsletter-abo-fr.png","type":"","width":"","height":""}],"twitter_card":"summary_large_image","twitter_misc":{"Dur\u00e9e de lecture estim\u00e9e":"2 minutes"},"schema":{"@context":"https:\/\/schema.org","@graph":[{"@type":"WebPage","@id":"https:\/\/www.divis.eu\/fr\/divis-general-information-archive-2018-video-surveillance-for-logistics\/","url":"https:\/\/www.divis.eu\/fr\/divis-general-information-archive-2018-video-surveillance-for-logistics\/","name":"Conseils et infos Info 2018 | Vid\u00e9osurveillance pour la logistique","isPartOf":{"@id":"https:\/\/www.divis.eu\/#website"},"primaryImageOfPage":{"@id":"https:\/\/www.divis.eu\/fr\/divis-general-information-archive-2018-video-surveillance-for-logistics\/#primaryimage"},"image":{"@id":"https:\/\/www.divis.eu\/fr\/divis-general-information-archive-2018-video-surveillance-for-logistics\/#primaryimage"},"thumbnailUrl":"https:\/\/www.divis.eu\/wp-content\/uploads\/2018\/11\/sprechblase-newsletter-abo-fr.png","datePublished":"2020-02-03T01:23:05+00:00","dateModified":"2020-04-04T16:35:59+00:00","description":"Conseils et informations int\u00e9ressants de DIVIS sur la vid\u00e9osurveillance pour la logistique, ainsi que d'autres informations sur l'industrie et la technologie.","breadcrumb":{"@id":"https:\/\/www.divis.eu\/fr\/divis-general-information-archive-2018-video-surveillance-for-logistics\/#breadcrumb"},"inLanguage":"fr-FR","potentialAction":[{"@type":"ReadAction","target":["https:\/\/www.divis.eu\/fr\/divis-general-information-archive-2018-video-surveillance-for-logistics\/"]}]},{"@type":"ImageObject","inLanguage":"fr-FR","@id":"https:\/\/www.divis.eu\/fr\/divis-general-information-archive-2018-video-surveillance-for-logistics\/#primaryimage","url":"https:\/\/www.divis.eu\/wp-content\/uploads\/2018\/11\/sprechblase-newsletter-abo-fr.png","contentUrl":"https:\/\/www.divis.eu\/wp-content\/uploads\/2018\/11\/sprechblase-newsletter-abo-fr.png"},{"@type":"BreadcrumbList","@id":"https:\/\/www.divis.eu\/fr\/divis-general-information-archive-2018-video-surveillance-for-logistics\/#breadcrumb","itemListElement":[{"@type":"ListItem","position":1,"name":"Startseite","item":"https:\/\/www.divis.eu\/fr\/"},{"@type":"ListItem","position":2,"name":"Archives d&rsquo;informations g\u00e9n\u00e9rales DIVIS 2018 | Vid\u00e9osurveillance pour la logistique"}]},{"@type":"WebSite","@id":"https:\/\/www.divis.eu\/#website","url":"https:\/\/www.divis.eu\/","name":"DIVIS - The intelligent view","description":"Videosysteml\u00f6sungen f\u00fcr Umschlags- und Warenlager","potentialAction":[{"@type":"SearchAction","target":{"@type":"EntryPoint","urlTemplate":"https:\/\/www.divis.eu\/?s={search_term_string}"},"query-input":{"@type":"PropertyValueSpecification","valueRequired":true,"valueName":"search_term_string"}}],"inLanguage":"fr-FR"}]}},"_links":{"self":[{"href":"https:\/\/www.divis.eu\/fr\/wp-json\/wp\/v2\/pages\/18125","targetHints":{"allow":["GET"]}}],"collection":[{"href":"https:\/\/www.divis.eu\/fr\/wp-json\/wp\/v2\/pages"}],"about":[{"href":"https:\/\/www.divis.eu\/fr\/wp-json\/wp\/v2\/types\/page"}],"author":[{"embeddable":true,"href":"https:\/\/www.divis.eu\/fr\/wp-json\/wp\/v2\/users\/1"}],"replies":[{"embeddable":true,"href":"https:\/\/www.divis.eu\/fr\/wp-json\/wp\/v2\/comments?post=18125"}],"version-history":[{"count":0,"href":"https:\/\/www.divis.eu\/fr\/wp-json\/wp\/v2\/pages\/18125\/revisions"}],"wp:attachment":[{"href":"https:\/\/www.divis.eu\/fr\/wp-json\/wp\/v2\/media?parent=18125"}],"curies":[{"name":"wp","href":"https:\/\/api.w.org\/{rel}","templated":true}]}}