{"id":18498,"date":"2020-03-12T23:00:26","date_gmt":"2020-03-12T23:00:26","guid":{"rendered":"https:\/\/www.divis.eu\/nachhaltigkeit-und-oekologisches-engagement-bei-divis\/"},"modified":"2024-11-12T21:12:27","modified_gmt":"2024-11-12T21:12:27","slug":"durabilite-engagement-ecologique","status":"publish","type":"page","link":"https:\/\/www.divis.eu\/fr\/durabilite-engagement-ecologique\/","title":{"rendered":"Durabilit\u00e9 &#038; engagement \u00e9cologique"},"content":{"rendered":"\n\n<h1>\n\t\tResponsabilit\u00e9 environnementale des entreprises\n\t<\/h1>\n<h1>\n\t\tNous nous engageons pour l&rsquo;environnement et le climat\n\t<\/h1>\n<p>Pour nous, faire partie d&rsquo;une soci\u00e9t\u00e9 signifie assumer des responsabilit\u00e9s, notamment en ce qui concerne notre environnement. Nous voulons \u00eatre \u00e0 la hauteur de cette responsabilit\u00e9 avec nos activit\u00e9s commerciales. DIVIS est synonyme d&rsquo;actions ax\u00e9es sur la valeur et de durabilit\u00e9 dans tous les domaines. Cela s&rsquo;applique aussi bien aux solutions que nous d\u00e9veloppons pour nos clients qu&rsquo;au-del\u00e0.<\/p>\n<h2>\n\t\tNotre engagement est le suivant :\n\t<\/h2>\n\t<ul>\n\t\t<li>\t\t\n\t\t\t\t<img decoding=\"async\" src=\"https:\/\/www.divis.eu\/wp-content\/uploads\/2020\/03\/umweltschutz-1.jpg\" alt=\"Icon Umweltschutz\" title=\"umweltschutz\" itemprop=\"image\"\/>\n\t\t<h3>Projets en mati\u00e8re de protection du climat<\/h3><p>En tant qu&rsquo;entreprise soucieuse de l&rsquo;environnement, nous sommes conscients de notre responsabilit\u00e9 \u00e9cologique. C&rsquo;est pourquoi nous apportons notre contribution \u00e0 la protection de l&rsquo;environnement et du climat. Par exemple, ann\u00e9e apr\u00e8s ann\u00e9e, nous soutenons la fondation <a href=\"https:\/\/www.plant-for-the-planet.org\/de\/startseite\" target=\"_blank\" rel=\"noopener\">Plant-for-the-Planet Foundation<\/a>, en faisant un don pour compenser nos \u00e9missions de CO2 en plantant des arbres.<\/p><\/li>\t<\/ul>\n\t<ul>\n\t\t<li>\t\t\n\t\t\t\t<img decoding=\"async\" src=\"https:\/\/www.divis.eu\/wp-content\/uploads\/2020\/03\/gruene-energie-1.jpg\" alt=\"Icon Gr\u00fcne Energie\" title=\"gruene-energie\" itemprop=\"image\"\/>\n\t\t<h3>Production d&rsquo;\u00e9nergie verte<\/h3><p>50 % de la consommation propre de DIVIS est <a href=\"https:\/\/www.divis.eu\/fr\/energie-verte-installation-photovoltaique-sur-le-toit-de-divis\/\">couverte par une installation de panneaux solaires photovolca\u00efques<\/a> sur le toit du site de DIVIS \u00e0 Bordesholm. L&rsquo;installation install\u00e9e en 2013 a une capacit\u00e9 de 54,6 kWc (kilowatt-cr\u00eate).<br \/>Exemple : Sur les 46 817 kWh d&rsquo;\u00e9nergie solaire produits par DIVIS en 2017, 46 % ont \u00e9t\u00e9 utilis\u00e9s chez DIVIS pendant les op\u00e9rations en cours et le surplus a \u00e9t\u00e9 inject\u00e9 dans le r\u00e9seau public. Nous contribuons ainsi \u00e0 la r\u00e9orientation de l&rsquo;\u00e9nergie, qui s&rsquo;\u00e9loigne des combustibles fossiles et s&rsquo;oriente vers un approvisionnement \u00e9nerg\u00e9tique durable.<\/p><\/li>\t<\/ul>\n\t<ul>\n\t\t<li>\t\t\n\t\t\t\t<img decoding=\"async\" src=\"https:\/\/www.divis.eu\/wp-content\/uploads\/2022\/04\/nachhaltige-lieferanten.jpg\" alt=\"Nachhaltigkeit | DIVIS\" title=\"nachhaltige-lieferanten\" itemprop=\"image\"\/>\n\t\t<h3>Approvisionnement en produits &#038; s\u00e9lection des fournisseurs<\/h3><p>Lors de la s\u00e9lection de nos fournisseurs, nous recherchons des coop\u00e9rations qui misent \u00e9galement sur la durabilit\u00e9. Nous veillons \u00e9galement \u00e0 ce que les composants que nous achetons soient produits de mani\u00e8re durable et aient une longue dur\u00e9e de vie.<\/p><\/li>\t<\/ul>\n\t<ul>\n\t\t<li>\t\t\n\t\t\t\t<img decoding=\"async\" src=\"https:\/\/www.divis.eu\/wp-content\/uploads\/2022\/04\/e-fahrzeuge.jpg\" alt=\"E-Fahrzeuge | Nachhaltigkeit | DIVIS\" title=\"e-fahrzeuge\" itemprop=\"image\"\/>\n\t\t<h3>Conduite durable : V\u00e9hicules \u00e9lectriques<\/h3><p>Pour des d\u00e9placements plus \u00e9cologiques, nous pr\u00e9voyons actuellement d&rsquo;acheter plusieurs v\u00e9hicules \u00e9lectriques au lieu de voitures de soci\u00e9t\u00e9 \u00e0 essence ou diesel. En outre, six bornes de recharge ont \u00e9t\u00e9 install\u00e9es sur le site de l&rsquo;entreprise, qui sont \u00e9galement mises \u00e0 la disposition des employ\u00e9s pour recharger les v\u00e9hicules \u00e9lectriques. Les bornes de recharge sont aliment\u00e9es par <a href=\"https:\/\/www.divis.eu\/fr\/energie-verte-installation-photovoltaique-sur-le-toit-de-divis\/\">l&rsquo;installation photovolta\u00efque<\/a> install\u00e9e sur le toit du b\u00e2timent de notre entreprise.<\/p><\/li>\t<\/ul>\n\t<ul>\n\t\t<li>\t\t\n\t\t\t\t<img decoding=\"async\" src=\"https:\/\/www.divis.eu\/wp-content\/uploads\/2020\/03\/denken-1.jpg\" alt=\"Icon Umweltbewusstsein\" title=\"denken\" itemprop=\"image\"\/>\n\t\t<h3>Gestion des ressources<\/h3>L&rsquo;entreprise met \u00e0 disposition des employ\u00e9(e)s des boissons (caf\u00e9, th\u00e9, eau et jus). Afin de prot\u00e9ger l&rsquo;environnement, l&rsquo;entreprise a d\u00e9cid\u00e9 de ne pas acheter d&rsquo;eau dans des bouteilles en plastique et a r\u00e9solument opt\u00e9 pour une alternative durable &#8211; un distributeur d&rsquo;eau dot\u00e9 d&rsquo;un raccordement direct au r\u00e9seau. Des bouteilles de verre r\u00e9utilisables sont utilis\u00e9es pour l&rsquo;eau.\nEn plus d&rsquo;\u00e9conomiser sur le plastique, cela permettra \u00e9galement d&rsquo;\u00e9viter des d\u00e9placements suppl\u00e9mentaires pour acheter des boissons. Il existe une machine \u00e0 caf\u00e9 automatique pour les boissons \u00e0 base de caf\u00e9, ce qui permet d&rsquo;\u00e9viter les capsules. Les gobelets en papier et en plastique ne sont pas non plus utilis\u00e9s. Les jus sont conserv\u00e9s dans des bouteilles en verre.\nDIVIS soutient \u00e9galement la consommation de produits de la r\u00e9gion, par exemple le lait pour les boissons avec du caf\u00e9 provient de la r\u00e9gion du Schleswig-Holstein.<\/li>\t<\/ul>\n\t<ul>\n\t\t<li>\t\t\n\t\t\t\t<img decoding=\"async\" src=\"https:\/\/www.divis.eu\/wp-content\/uploads\/2020\/03\/digitales-arbeiten-3.jpg\" alt=\"Icon Digitales Arbeiten\" title=\"digitales-arbeiten\" itemprop=\"image\"\/>\n\t\t<h3>M\u00e9thodes de travail durables<\/h3>Notre correspondance commerciale se d\u00e9roule d\u00e9sormais pratiquement sans papier et repose enti\u00e8rement sur les moyens de communication \u00e9lectroniques. La nature est \u00e9galement au centre de nos priorit\u00e9s lors de l&rsquo;envoi de cartes de No\u00ebl, d&rsquo;invitations \u00e0 des salons et de newsletters. Afin de prot\u00e9ger notre environnement au maximum, nous n&rsquo;utilisons plus de papier et nous transmettons tout sous forme num\u00e9rique.\nDans notre service comptabilit\u00e9, nous travaillons avec Lexware et Datev. Toutes les pi\u00e8ces comptables sont trait\u00e9es exclusivement en ligne et les fiches de paie sont mises \u00e0 la disposition de nos employ\u00e9s sous forme num\u00e9rique.\nNos collaborateurs ont la possibilit\u00e9 de travailler \u00e0 domicile. Les m\u00e9thodes de communication et les outils de collaboration modernes permettent de garantir que l&rsquo;exigence de qualit\u00e9 de DIVIS est respect\u00e9e en permanence, m\u00eame dans ces conditions. Le fait d&rsquo;avoir moins de v\u00e9hicules sur les routes permet de r\u00e9duire les \u00e9missions.<\/li>\t<\/ul>\n\t<ul>\n\t\t<li>\t\t\n\t\t\t\t<img decoding=\"async\" src=\"https:\/\/www.divis.eu\/wp-content\/uploads\/2020\/03\/gruene-logistik-1.jpg\" alt=\"Icon Gr\u00fcne Logistik\" title=\"gruene-logistik\" itemprop=\"image\"\/>\n\t\t<h3>Logistique verte<\/h3>L&rsquo;action ax\u00e9e sur la valeur et la durabilit\u00e9 s&rsquo;applique \u00e9galement aux solutions que nous d\u00e9veloppons pour nos clients. Elles aident non seulement nos clients \u00e0 optimiser leurs processus logistiques, mais apportent \u00e9galement une contribution significative \u00e0 la protection de l&rsquo;environnement et du climat. Par exemple, notre <a href=\"https:\/\/www.divis.eu\/fr\/modules-pour-solutions-de-videosurveillance-dans-le-domaine-de-la-logistique\/\">module logiciel Gate<sup>+<\/sup><\/a> pour l&rsquo;analyse de l&rsquo;\u00e9tat des portes et des portails fournit un aper\u00e7u imm\u00e9diat de tous les \u00e9tats des portes et des portails. Tout particuli\u00e8rement dans le cas de halls logistiques chauff\u00e9s en hiver et d&rsquo;entrep\u00f4ts frigorifiques en \u00e9t\u00e9, Gate<sup>+<\/sup> peut d\u00e9tecter les pertes de chaleur ou de froid ind\u00e9sirables. Les processus logistiques peuvent ainsi \u00eatre rendus plus respectueux en termes de protection de l&rsquo;environnement, plus \u00e9conomes en \u00e9nergie et donc plus rentables.\nUn autre module logiciel, <a href=\"https:\/\/www.divis.eu\/fr\/modules-pour-solutions-de-videosurveillance-dans-le-domaine-de-la-logistique\/#loadplus\">Load<sup>+<\/sup><\/a>, soutient la planification durable dans l&rsquo;optimisation des tourn\u00e9es. Gr\u00e2ce \u00e0 des listes de chargement et \u00e0 un indicateur d&#8217;emplacement, l&rsquo;application fournit des informations particuli\u00e8rement pr\u00e9cises sur les \u00e9tats r\u00e9els de chargement. Ceci permet une utilisation plus efficace des tourn\u00e9es. Cela contribue \u00e0 r\u00e9duire le nombre de trajets au profit de l&rsquo;environnement.<\/li>\t<\/ul>\n\n","protected":false},"excerpt":{"rendered":"<p>Responsabilit\u00e9 environnementale des entreprises Nous nous engageons pour l&rsquo;environnement et le climat Pour nous, faire partie d&rsquo;une soci\u00e9t\u00e9 signifie assumer des responsabilit\u00e9s, notamment en ce qui concerne notre environnement. Nous voulons \u00eatre \u00e0 la hauteur de cette responsabilit\u00e9 avec nos activit\u00e9s commerciales. DIVIS est synonyme d&rsquo;actions ax\u00e9es sur la valeur et de durabilit\u00e9 dans tous&hellip;<\/p>\n","protected":false},"author":1,"featured_media":0,"parent":0,"menu_order":0,"comment_status":"closed","ping_status":"closed","template":"","meta":{"footnotes":""},"class_list":["post-18498","page","type-page","status-publish","hentry"],"yoast_head":"<!-- This site is optimized with the Yoast SEO plugin v27.2 - https:\/\/yoast.com\/product\/yoast-seo-wordpress\/ -->\n<title>Durabilit\u00e9 et engagement \u00e9cologique chez DIVIS<\/title>\n<meta name=\"description\" content=\"DIVIS propose des solutions syst\u00e8me pour la vid\u00e9osurveillance dans l&#039;entrep\u00f4t de transbordement | Durabilit\u00e9 et engagement \u00e9cologique chez DIVIS\" \/>\n<meta name=\"robots\" content=\"index, follow, max-snippet:-1, max-image-preview:large, max-video-preview:-1\" \/>\n<link rel=\"canonical\" href=\"https:\/\/www.divis.eu\/fr\/durabilite-engagement-ecologique\/\" \/>\n<meta property=\"og:locale\" content=\"fr_FR\" \/>\n<meta property=\"og:type\" content=\"article\" \/>\n<meta property=\"og:title\" content=\"Durabilit\u00e9 et engagement \u00e9cologique chez DIVIS\" \/>\n<meta property=\"og:description\" content=\"DIVIS propose des solutions syst\u00e8me pour la vid\u00e9osurveillance dans l&#039;entrep\u00f4t de transbordement | Durabilit\u00e9 et engagement \u00e9cologique chez DIVIS\" \/>\n<meta property=\"og:url\" content=\"https:\/\/www.divis.eu\/fr\/durabilite-engagement-ecologique\/\" \/>\n<meta property=\"og:site_name\" content=\"DIVIS - The intelligent view\" \/>\n<meta property=\"article:modified_time\" content=\"2024-11-12T21:12:27+00:00\" \/>\n<meta property=\"og:image\" content=\"https:\/\/www.divis.eu\/wp-content\/uploads\/2020\/03\/umweltschutz-1.jpg\" \/>\n<meta name=\"twitter:card\" content=\"summary_large_image\" \/>\n<meta name=\"twitter:label1\" content=\"Dur\u00e9e de lecture estim\u00e9e\" \/>\n\t<meta name=\"twitter:data1\" content=\"4 minutes\" \/>\n<script type=\"application\/ld+json\" class=\"yoast-schema-graph\">{\"@context\":\"https:\/\/schema.org\",\"@graph\":[{\"@type\":\"WebPage\",\"@id\":\"https:\/\/www.divis.eu\/fr\/durabilite-engagement-ecologique\/\",\"url\":\"https:\/\/www.divis.eu\/fr\/durabilite-engagement-ecologique\/\",\"name\":\"Durabilit\u00e9 et engagement \u00e9cologique chez DIVIS\",\"isPartOf\":{\"@id\":\"https:\/\/www.divis.eu\/#website\"},\"primaryImageOfPage\":{\"@id\":\"https:\/\/www.divis.eu\/fr\/durabilite-engagement-ecologique\/#primaryimage\"},\"image\":{\"@id\":\"https:\/\/www.divis.eu\/fr\/durabilite-engagement-ecologique\/#primaryimage\"},\"thumbnailUrl\":\"https:\/\/www.divis.eu\/wp-content\/uploads\/2020\/03\/umweltschutz-1.jpg\",\"datePublished\":\"2020-03-12T23:00:26+00:00\",\"dateModified\":\"2024-11-12T21:12:27+00:00\",\"description\":\"DIVIS propose des solutions syst\u00e8me pour la vid\u00e9osurveillance dans l'entrep\u00f4t de transbordement | Durabilit\u00e9 et engagement \u00e9cologique chez DIVIS\",\"breadcrumb\":{\"@id\":\"https:\/\/www.divis.eu\/fr\/durabilite-engagement-ecologique\/#breadcrumb\"},\"inLanguage\":\"fr-FR\",\"potentialAction\":[{\"@type\":\"ReadAction\",\"target\":[\"https:\/\/www.divis.eu\/fr\/durabilite-engagement-ecologique\/\"]}]},{\"@type\":\"ImageObject\",\"inLanguage\":\"fr-FR\",\"@id\":\"https:\/\/www.divis.eu\/fr\/durabilite-engagement-ecologique\/#primaryimage\",\"url\":\"https:\/\/www.divis.eu\/wp-content\/uploads\/2020\/03\/umweltschutz-1.jpg\",\"contentUrl\":\"https:\/\/www.divis.eu\/wp-content\/uploads\/2020\/03\/umweltschutz-1.jpg\"},{\"@type\":\"BreadcrumbList\",\"@id\":\"https:\/\/www.divis.eu\/fr\/durabilite-engagement-ecologique\/#breadcrumb\",\"itemListElement\":[{\"@type\":\"ListItem\",\"position\":1,\"name\":\"Startseite\",\"item\":\"https:\/\/www.divis.eu\/fr\/\"},{\"@type\":\"ListItem\",\"position\":2,\"name\":\"Durabilit\u00e9 &#038; engagement \u00e9cologique\"}]},{\"@type\":\"WebSite\",\"@id\":\"https:\/\/www.divis.eu\/#website\",\"url\":\"https:\/\/www.divis.eu\/\",\"name\":\"DIVIS - The intelligent view\",\"description\":\"Videosysteml\u00f6sungen f\u00fcr Umschlags- und Warenlager\",\"potentialAction\":[{\"@type\":\"SearchAction\",\"target\":{\"@type\":\"EntryPoint\",\"urlTemplate\":\"https:\/\/www.divis.eu\/?s={search_term_string}\"},\"query-input\":{\"@type\":\"PropertyValueSpecification\",\"valueRequired\":true,\"valueName\":\"search_term_string\"}}],\"inLanguage\":\"fr-FR\"}]}<\/script>\n<!-- \/ Yoast SEO plugin. -->","yoast_head_json":{"title":"Durabilit\u00e9 et engagement \u00e9cologique chez DIVIS","description":"DIVIS propose des solutions syst\u00e8me pour la vid\u00e9osurveillance dans l'entrep\u00f4t de transbordement | Durabilit\u00e9 et engagement \u00e9cologique chez DIVIS","robots":{"index":"index","follow":"follow","max-snippet":"max-snippet:-1","max-image-preview":"max-image-preview:large","max-video-preview":"max-video-preview:-1"},"canonical":"https:\/\/www.divis.eu\/fr\/durabilite-engagement-ecologique\/","og_locale":"fr_FR","og_type":"article","og_title":"Durabilit\u00e9 et engagement \u00e9cologique chez DIVIS","og_description":"DIVIS propose des solutions syst\u00e8me pour la vid\u00e9osurveillance dans l'entrep\u00f4t de transbordement | Durabilit\u00e9 et engagement \u00e9cologique chez DIVIS","og_url":"https:\/\/www.divis.eu\/fr\/durabilite-engagement-ecologique\/","og_site_name":"DIVIS - The intelligent view","article_modified_time":"2024-11-12T21:12:27+00:00","og_image":[{"url":"https:\/\/www.divis.eu\/wp-content\/uploads\/2020\/03\/umweltschutz-1.jpg","type":"","width":"","height":""}],"twitter_card":"summary_large_image","twitter_misc":{"Dur\u00e9e de lecture estim\u00e9e":"4 minutes"},"schema":{"@context":"https:\/\/schema.org","@graph":[{"@type":"WebPage","@id":"https:\/\/www.divis.eu\/fr\/durabilite-engagement-ecologique\/","url":"https:\/\/www.divis.eu\/fr\/durabilite-engagement-ecologique\/","name":"Durabilit\u00e9 et engagement \u00e9cologique chez DIVIS","isPartOf":{"@id":"https:\/\/www.divis.eu\/#website"},"primaryImageOfPage":{"@id":"https:\/\/www.divis.eu\/fr\/durabilite-engagement-ecologique\/#primaryimage"},"image":{"@id":"https:\/\/www.divis.eu\/fr\/durabilite-engagement-ecologique\/#primaryimage"},"thumbnailUrl":"https:\/\/www.divis.eu\/wp-content\/uploads\/2020\/03\/umweltschutz-1.jpg","datePublished":"2020-03-12T23:00:26+00:00","dateModified":"2024-11-12T21:12:27+00:00","description":"DIVIS propose des solutions syst\u00e8me pour la vid\u00e9osurveillance dans l'entrep\u00f4t de transbordement | Durabilit\u00e9 et engagement \u00e9cologique chez DIVIS","breadcrumb":{"@id":"https:\/\/www.divis.eu\/fr\/durabilite-engagement-ecologique\/#breadcrumb"},"inLanguage":"fr-FR","potentialAction":[{"@type":"ReadAction","target":["https:\/\/www.divis.eu\/fr\/durabilite-engagement-ecologique\/"]}]},{"@type":"ImageObject","inLanguage":"fr-FR","@id":"https:\/\/www.divis.eu\/fr\/durabilite-engagement-ecologique\/#primaryimage","url":"https:\/\/www.divis.eu\/wp-content\/uploads\/2020\/03\/umweltschutz-1.jpg","contentUrl":"https:\/\/www.divis.eu\/wp-content\/uploads\/2020\/03\/umweltschutz-1.jpg"},{"@type":"BreadcrumbList","@id":"https:\/\/www.divis.eu\/fr\/durabilite-engagement-ecologique\/#breadcrumb","itemListElement":[{"@type":"ListItem","position":1,"name":"Startseite","item":"https:\/\/www.divis.eu\/fr\/"},{"@type":"ListItem","position":2,"name":"Durabilit\u00e9 &#038; engagement \u00e9cologique"}]},{"@type":"WebSite","@id":"https:\/\/www.divis.eu\/#website","url":"https:\/\/www.divis.eu\/","name":"DIVIS - The intelligent view","description":"Videosysteml\u00f6sungen f\u00fcr Umschlags- und Warenlager","potentialAction":[{"@type":"SearchAction","target":{"@type":"EntryPoint","urlTemplate":"https:\/\/www.divis.eu\/?s={search_term_string}"},"query-input":{"@type":"PropertyValueSpecification","valueRequired":true,"valueName":"search_term_string"}}],"inLanguage":"fr-FR"}]}},"_links":{"self":[{"href":"https:\/\/www.divis.eu\/fr\/wp-json\/wp\/v2\/pages\/18498","targetHints":{"allow":["GET"]}}],"collection":[{"href":"https:\/\/www.divis.eu\/fr\/wp-json\/wp\/v2\/pages"}],"about":[{"href":"https:\/\/www.divis.eu\/fr\/wp-json\/wp\/v2\/types\/page"}],"author":[{"embeddable":true,"href":"https:\/\/www.divis.eu\/fr\/wp-json\/wp\/v2\/users\/1"}],"replies":[{"embeddable":true,"href":"https:\/\/www.divis.eu\/fr\/wp-json\/wp\/v2\/comments?post=18498"}],"version-history":[{"count":0,"href":"https:\/\/www.divis.eu\/fr\/wp-json\/wp\/v2\/pages\/18498\/revisions"}],"wp:attachment":[{"href":"https:\/\/www.divis.eu\/fr\/wp-json\/wp\/v2\/media?parent=18498"}],"curies":[{"name":"wp","href":"https:\/\/api.w.org\/{rel}","templated":true}]}}