{"id":18504,"date":"2019-12-26T22:24:18","date_gmt":"2019-12-26T22:24:18","guid":{"rendered":"https:\/\/www.divis.eu\/charity\/"},"modified":"2026-01-31T23:47:59","modified_gmt":"2026-01-31T23:47:59","slug":"charity","status":"publish","type":"page","link":"https:\/\/www.divis.eu\/fr\/charity\/","title":{"rendered":"DIVIS Charity | Surveillance par cam\u00e9ra dans l&rsquo;entrep\u00f4t"},"content":{"rendered":"\n\n<h1>\n\t\t\tCharity\t<\/h1>\n<h1>\n\t\t\tDIVIS s&rsquo;engage &#8211; nos projets personnels\t<\/h1>\n\u00ab\u00a0Beaucoup de petites personnes dans beaucoup de petits endroits, qui font beaucoup de petits pas, peuvent changer la face du monde.\u00a0\u00bb<br \/>\n<em>Citation africaine<\/em>\n<p>Nous aimons partager les fruits de notre succ\u00e8s avec des personnes qui ont un besoin urgent d&rsquo;aide en Allemagne et dans le tiers monde.<\/p>\n<p>Personne ne peut porter seul la mis\u00e8re du monde sur ses \u00e9paules. Mais si nous bougeons tous un peu, nous pouvons aider \u00e0 rendre la vie meilleure pour beaucoup. C&rsquo;est pourquoi, chez DIVIS, nous sommes r\u00e9guli\u00e8rement impliqu\u00e9s financi\u00e8rement et personnellement dans des projets caritatifs r\u00e9gionaux et nationaux qui rev\u00eatent une importance particuli\u00e8re pour nous.<\/p>\n<p>Nous soutenons les organisations suivantes:<\/p>\n<h2>\n\t\t\tR\u00c9GIONAL\t<\/h2>\n\t\t\t\t<img decoding=\"async\" src=\"https:\/\/www.divis.eu\/wp-content\/uploads\/2019\/12\/Stiftung-Kinder-Hospiz-Sternenbruecke_large.jpg\" alt=\"Stiftung Kinder Hospiz Sternenbr\u00fccke\" title=\"Stiftung-Kinder-Hospiz-Sternenbruecke_large\" itemprop=\"image\"\/>\n\t\t<h2>Fondation children&rsquo;s hospice Sternenbr\u00fccke<\/h2>\n\t\t\t\t<p>L&rsquo;hospice pour enfants de Sternenbr\u00fccke offre aux enfants, adolescents, jeunes adultes jusqu&rsquo;\u00e0 27 ans souffrant de maladies qui raccourcissent la vie et \u00e0 leurs proches des services de soins et de soutien personnalis\u00e9s pour chaque \u00e9tape de leur parcours difficile.<\/p>\n\t\t\t<a href=\"https:\/\/sternenbruecke.de\/home\" title=\"Click Here\" target=\"_blank\" rel=\"noopener\"  role=\"button\" aria-label=\"Vers le site Internet\">\n\t\t\t\t\t\t\t\t\t\t\tVers le site Internet\n\t\t<\/a>\n\t\t\t\t<img decoding=\"async\" src=\"https:\/\/www.divis.eu\/wp-content\/uploads\/2019\/12\/bordesholmer-tafel.jpg\" alt=\"Bordesholmer Tafel\" title=\"bordesholmer-tafel\" itemprop=\"image\"\/>\n\t\t<h2>KGV Bordesholm (Bordesholmer Tafel)<\/h2>\n\t\t\t\t<p>La banque alimentaire de Bordesholm collecte chaque semaine de la nourriture dans les magasins et supermarch\u00e9s r\u00e9gionaux afin de soutenir les personnes seules (jeunes et moins jeunes), les retrait\u00e9s, les familles monoparentales, les familles avec enfants et les personnes socialement et \u00e9conomiquement d\u00e9favoris\u00e9es.<\/p>\n<p>DIVIS soutient financi\u00e8rement le travail du Bordesholmer Tafel depuis plusieurs ann\u00e9es afin que les personnes dans le besoin qui vivent dans notre environnement imm\u00e9diat puissent \u00e9galement participer \u00e0 la croissance de notre entreprise.<\/p>\n\t\t\t<a href=\"https:\/\/www.tafel-bordesholm.de\/\" title=\"Click Here\" target=\"_blank\" rel=\"noopener\"  role=\"button\" aria-label=\"Vers le site Internet\">\n\t\t\t\t\t\t\t\t\t\t\tVers le site Internet\n\t\t<\/a>\n\t\t\t\t<img decoding=\"async\" src=\"https:\/\/www.divis.eu\/wp-content\/uploads\/2019\/12\/bordesholm-nortorf.jpg\" alt=\"Lebenshilfe Bordesholm Nortorf\" title=\"bordesholm-nortorf\" itemprop=\"image\"\/>\n\t\t<h2>Lebenshilfe Bordesholm-Nortorf e. V.<\/h2>\n\t\t\t\t<p>Lebenshilfe soutient les personnes handicap\u00e9es et, avec plus de 250 \u00e9v\u00e9nements par an, offre de nombreuses activit\u00e9s r\u00e9cr\u00e9atives pour les enfants, les adolescents et les adultes &#8211; avec et sans handicap.<\/p>\n<p>En 2019, nous nous sommes int\u00e9ress\u00e9s au travail de l&rsquo;association. Lars H\u00fcbner, 1er pr\u00e9sident de l&rsquo;association, nous a expliqu\u00e9 clairement dans une conversation personnelle combien le temps et le d\u00e9tournement sont importants pour les personnes handicap\u00e9es. Il travaille personnellement de tout son c\u0153ur pour le bien-\u00eatre et la joie de ses membres. Cela nous a convaincus de soutenir l&rsquo;association dans son travail.<\/p>\n\t\t\t<a href=\"https:\/\/bordesholm-nortorf.lh-kv.de\/\" title=\"Click Here\" target=\"_blank\" rel=\"noopener\"  role=\"button\" aria-label=\"Vers le site Internet\">\n\t\t\t\t\t\t\t\t\t\t\tVers le site Internet\n\t\t<\/a>\n\t\t\t\t<img decoding=\"async\" src=\"https:\/\/www.divis.eu\/wp-content\/uploads\/2019\/12\/Lindenschule-Bordesholm.jpg\" alt=\"Lindenschule Bordesholm\" title=\"Lindenschule-Bordesholm\" itemprop=\"image\"\/>\n\t\t<h2>Association pour la promotion de la Lindenschule Bordesholm e.V.<\/h2>\n\t\t\t\t<p>L&rsquo;association soutient financi\u00e8rement les activit\u00e9s des \u00e9l\u00e8ves de la Lindenschule. Notre souhait est de fournir \u00e0 tous les enfants la meilleure aide possible dans leur d\u00e9veloppement scolaire.<\/p>\n\t\t\t<a href=\"https:\/\/www.lindenschule.de\/\" title=\"Click Here\" target=\"_blank\" rel=\"noopener\"  role=\"button\" aria-label=\"Vers le site Internet\">\n\t\t\t\t\t\t\t\t\t\t\tVers le site Internet\n\t\t<\/a>\n\t\t\t\t<img decoding=\"async\" src=\"https:\/\/www.divis.eu\/wp-content\/uploads\/2019\/12\/Kindergarten-Birkenweg.jpg\" alt=\"Kindergarten Birkenweg\" title=\"Kindergarten-Birkenweg\" itemprop=\"image\"\/>\n\t\t<h2>Amis du jardin d&rsquo;enfants Birkenweg Bordesholm e.V.<\/h2>\n\t\t\t\t<p>L&rsquo;association destin\u00e9e \u00e0 promouvoir le jardin d&rsquo;enfants Bordesholm e.V. a \u00e9t\u00e9 fond\u00e9e en avril 2005 par des m\u00e8res et des p\u00e8res venant du cercle des parents. Elle soutient les enfants et le jardin d&rsquo;enfants avec l&rsquo;achat de mat\u00e9riels, des \u00e9v\u00e9nements culturels et un engagement personnel pour un environnement color\u00e9, diversifi\u00e9 et proche de la nature.<\/p>\n<p>En tant qu&rsquo;entreprise familiale, la g\u00e9n\u00e9ration de demain nous tient tr\u00e8s \u00e0 c\u0153ur. Beaucoup de nos employ\u00e9s sont originaires de la r\u00e9gion et sont particuli\u00e8rement pr\u00e9cieux \u00e0 nos yeux. C&rsquo;est pourquoi nous nous engageons tout autant en faveur du bien-\u00eatre et de l&rsquo;avenir des plus jeunes de notre r\u00e9gion.<\/p>\n\t\t\t<a href=\"http:\/\/www.kitabirkenweg.de\/\" title=\"Click Here\" target=\"_blank\" rel=\"noopener\"  role=\"button\" aria-label=\"Vers le site Internet\">\n\t\t\t\t\t\t\t\t\t\t\tVers le site Internet\n\t\t<\/a>\n\t\t\t\t<img decoding=\"async\" src=\"https:\/\/www.divis.eu\/wp-content\/uploads\/2020\/01\/dkms.png\" alt=\"DKMS\" title=\"dkms\" itemprop=\"image\"\/>\n\t\t<h2>Typification chez DKMS<\/h2>\n\t\t\t\t<p>Un don de cellules souches est vital pour les personnes atteintes d&rsquo;un cancer du sang et n&rsquo;est malheureusement pas aussi populaire en Allemagne qu&rsquo;il devrait l&rsquo;\u00eatre. Seuls quelques malades trouvent un donneur appropri\u00e9 au sein de la famille et d\u00e9pendent donc d&rsquo;un don de tiers. Les chances de trouver un don appropri\u00e9 peuvent \u00eatre inf\u00e9rieures \u00e0 un sur un million.<\/p>\n<p>Puisque tout le monde peut \u00eatre un espoir de vie pour une personne malade dans ce monde, nous sensibilisons davantage notre personnel au sujet. Outre le soutien \u00e0 la typification et la fourniture d&rsquo;informations sur les dons de cellules souches, nous assumons les co\u00fbts de la soi-disant dactylographie et encourageons nos employ\u00e9s \u00e0 s&rsquo;inscrire en tant que donneurs sur une base volontaire.<\/p>\n\t\t\t<a href=\"https:\/\/www.dkms.de\/en\" title=\"Click Here\" target=\"_blank\" rel=\"noopener\"  role=\"button\" aria-label=\"Vers le site Internet\">\n\t\t\t\t\t\t\t\t\t\t\tVers le site Internet\n\t\t<\/a>\n<h2>\n\t\t\tINTERR\u00c9GIONAL\t<\/h2>\n\t\t\t\t<img decoding=\"async\" src=\"https:\/\/www.divis.eu\/wp-content\/uploads\/2020\/12\/savethechildrenlogo.jpg\" alt=\"Logo Save the children\" title=\"savethechildrenlogo\" itemprop=\"image\"\/>\n\t\t<h2>Association Save the Children Deutschland e. V.<\/h2>\n\t\t\t\t<p>Save the Children est la plus grande organisation ind\u00e9pendante de d\u00e9fense des droits de l&rsquo;enfant au monde. Elle se bat pour les droits des enfants du monde entier depuis 100 ans. Aujourd&rsquo;hui, Save the Children International se compose de 28 organisations nationales &#8211; dont Save the Children Deutschland e.V. &#8211; et est active dans environ 120 pays.<\/p>\n<p>Son travail est ax\u00e9 sur la sant\u00e9 et la survie, les \u00e9coles et l&rsquo;\u00e9ducation, et la protection contre la violence et l&rsquo;exploitation. Save the Children fournit \u00e9galement une aide humanitaire dans toutes les situations d&rsquo;urgence et les catastrophes et promeut les droits politiques des jeunes.<\/p>\n<p>Aucun enfant \u00e9tranger dans le monde nous est indiff\u00e9rent &#8211; nous en sommes convaincus et c&rsquo;est pourquoi nous nous engageons de tout notre c\u0153ur pour le bien-\u00eatre et une vie meilleure des enfants dans notre monde.<\/p>\n\t\t\t<a href=\"https:\/\/www.savethechildren.org\" title=\"Click Here\" target=\"_blank\" rel=\"noopener\"  role=\"button\" aria-label=\"Vers le site Internet\">\n\t\t\t\t\t\t\t\t\t\t\tVers le site Internet\n\t\t<\/a>\n\t\t\t\t<img decoding=\"async\" src=\"https:\/\/www.divis.eu\/wp-content\/uploads\/2019\/12\/Zukunft-fu\u0308r-Lolas-Kinder.png\" alt=\"Zukunft fu\u0308r Lolas Kinder\" title=\"Zukunft fu\u0308r Lolas Kinder\" itemprop=\"image\"\/>\n\t\t<h2>Future for Lola&rsquo;s children e.V.<\/h2>\n\t\t\t\t<p>La petite organisation \u00e0 but non lucratif, en collaboration avec les s\u0153urs des Filles Missionnaires du Calvaire, soutient les orphelins du Zimbabwe dans le but de pr\u00e9parer les enfants \u00e0 un avenir ind\u00e9pendant de la meilleure fa\u00e7on possible \u00e0 travers de nombreux projets.<\/p>\n<p>L&rsquo;association a \u00e9t\u00e9 fond\u00e9e \u00e0 l&rsquo;\u00e9t\u00e9 2013 par des gens de Bordesholm. Nous sommes heureux de soutenir financi\u00e8rement l&rsquo;engagement de l&rsquo;association, car nous savons par la proximit\u00e9 locale et personnelle que l&rsquo;argent arrive l\u00e0 o\u00f9 il est vraiment n\u00e9cessaire.<\/p>\n\t\t\t<a href=\"https:\/\/www.lolas-kinder.de\/\" title=\"Click Here\" target=\"_blank\" rel=\"noopener\"  role=\"button\" aria-label=\"Vers le site Internet\">\n\t\t\t\t\t\t\t\t\t\t\tVers le site Internet\n\t\t<\/a>\n\t\t\t\t<img decoding=\"async\" src=\"https:\/\/www.divis.eu\/wp-content\/uploads\/2018\/01\/logo-van-duuren-weiss.png\" alt=\"logo-van-duuren-weiss\" title=\"logo-van-duuren-weiss\" itemprop=\"image\"\/>\n\t\t\t\t\t\t\t\t<h3 class='uabb-testimonial-author-name testimonial-author-name'>Van Duuren<\/h3>\t\t\t\t\t\t\t\t\n\t\t\t\t\t\t\t\t\tPays-Bas\t\t\t\t\t\t\t\t\n\t\t\t\t\t\t\t<blockquote><p>\u00ab CargoVIS fonctionne parfaitement, tout le monde s&rsquo;y est habitu\u00e9 et nous ne pouvons plus nous en passer. \u00bb<\/p><\/blockquote>\t\t\t\t\t\t\n\t\t\t\t<img decoding=\"async\" src=\"https:\/\/www.divis.eu\/wp-content\/uploads\/2018\/01\/logo-tsb.png\" alt=\"logo-tsb\" title=\"logo-tsb\" itemprop=\"image\"\/>\n\t\t\t\t\t\t\t\t<h3 class='uabb-testimonial-author-name testimonial-author-name'>TSBtrans<\/h3>\t\t\t\t\t\t\t\t\n\t\t\t\t\t\t\t\t\tEspagne\t\t\t\t\t\t\t\t\n\t\t\t\t\t\t\t<blockquote><p>\u00ab\u00a0CargoVIS est absolument fiable, gr\u00e2ce \u00e0 ses capacit\u00e9s de suivi, l&rsquo;investissement pour TSB s&rsquo;est amorti en moins d&rsquo;un an en trouvant les palettes manquantes et en identifiant les sources de dommages.\u00a0\u00bb<\/p><\/blockquote>\t\t\t\t\t\t\n\t\t\t\t<img decoding=\"async\" src=\"https:\/\/www.divis.eu\/wp-content\/uploads\/2018\/01\/logo-lagermax.png\" alt=\"logo-lagermax\" title=\"logo-lagermax\" itemprop=\"image\"\/>\n\t\t\t\t\t\t\t\t<h3 class='uabb-testimonial-author-name testimonial-author-name'>Lagermax Paketdienst GmbH &amp; Co KG<\/h3>\t\t\t\t\t\t\t\t\n\t\t\t\t\t\t\t\t\tAutriche\t\t\t\t\t\t\t\t\n\t\t\t\t\t\t\t<blockquote><p>\u00ab\u00a0Nous utilisons ParcelVIS de DIVIS depuis 5 ans et n&rsquo;avons jamais rencontr\u00e9 de probl\u00e8mes.\u00a0\u00bb<\/p><\/blockquote>\t\t\t\t\t\t\n\t\t\t\t<img decoding=\"async\" src=\"https:\/\/www.divis.eu\/wp-content\/uploads\/2018\/01\/logo-voigt-invers.png\" alt=\"logo-voigt-invers\" title=\"logo-voigt-invers\" itemprop=\"image\"\/>\n\t\t\t\t\t\t\t\t<h3 class='uabb-testimonial-author-name testimonial-author-name'>Herbert Voigt GmbH &amp; Co. KG<\/h3>\t\t\t\t\t\t\t\t\n\t\t\t\t\t\t\t\t\tAllemagne\t\t\t\t\t\t\t\t\n\t\t\t\t\t\t\t<blockquote><p>\u00ab\u00a0Avec DIVIS, nous avons trouv\u00e9 un partenaire comp\u00e9tent qui a toujours une solution pour nos propres id\u00e9es.\u00a0\u00bb<\/p><\/blockquote>\t\t\t\t\t\t\n\t\t\t\t<img decoding=\"async\" src=\"https:\/\/www.divis.eu\/wp-content\/uploads\/2018\/01\/logo-schmalz-schoen.png\" alt=\"logo-schmalz-schoen\" title=\"logo-schmalz-schoen\" itemprop=\"image\"\/>\n\t\t\t\t\t\t\t\t<h3 class='uabb-testimonial-author-name testimonial-author-name'>SCHMALZ+SCH\u00d6N Logistics GmbH<\/h3>\t\t\t\t\t\t\t\t\n\t\t\t\t\t\t\t\t\tAllemagne\t\t\t\t\t\t\t\t\n\t\t\t\t\t\t\t<blockquote><p>\u00ab\u00a0La solution parfaite m\u00eame pour les zones de transbordement h\u00e9t\u00e9rog\u00e8nes &#8211; la vid\u00e9osurveillance de DIVIS\u00a0qui vole au secours des colis. \u00bb<\/p><\/blockquote>\t\t\t\t\t\t\n\t\t\t<a href=\"https:\/\/www.divis.eu\/fr\/references-etudes-de-cas-suivi-des-envois-dans-lentrepot\/\" title=\"Click Here\" target=\"_self\"   role=\"button\" aria-label=\"Aller aux \u00e9tudes de cas\">\n\t\t\t\t\t\t\tAller aux \u00e9tudes de cas\n\t\t<\/a>\n\t\t\t\t<img decoding=\"async\" src=\"https:\/\/www.divis.eu\/wp-content\/uploads\/2018\/01\/hendrik-reger-1.png\" alt=\"Hendrik Reger | DIVIS | Videol\u00f6sungen f\u00fcr die Logistik\" itemprop=\"image\" height=\"385\" width=\"300\" title=\"hendrik-reger\" onerror=\"this.style.display='none'\" loading='lazy' \/>\n\t<em><strong>Hendrik Reger<\/strong><br \/>\nDirecteur g\u00e9n\u00e9ral<\/em>\n\t<p>Avez-vous des questions ?<\/p>\n\t<p>Nous avons des r\u00e9ponses<\/p>\n\t<p>Notre \u00e9quipe est \u00e0 votre disposition pour r\u00e9pondre \u00e0 vos questions sur nos produits et se fera un plaisir de vous conseiller gratuitement et sans engagement.<\/p>\n\t\t\t<a href=\"https:\/\/www.divis.eu\/fr\/contacter-divis-fournisseur-pour-le-suivi-des-envois-par-camera\/\" title=\"Click Here\" target=\"_self\"   role=\"button\" aria-label=\"Contacter DIVIS\">\n\t\t\t\t\t\t\tContacter DIVIS\n\t\t<\/a>\n\n","protected":false},"excerpt":{"rendered":"<p>Charity DIVIS s&rsquo;engage &#8211; nos projets personnels \u00ab\u00a0Beaucoup de petites personnes dans beaucoup de petits endroits, qui font beaucoup de petits pas, peuvent changer la face du monde.\u00a0\u00bb Citation africaine Nous aimons partager les fruits de notre succ\u00e8s avec des personnes qui ont un besoin urgent d&rsquo;aide en Allemagne et dans le tiers monde. Personne&hellip;<\/p>\n","protected":false},"author":1,"featured_media":0,"parent":0,"menu_order":0,"comment_status":"closed","ping_status":"closed","template":"","meta":{"footnotes":""},"class_list":["post-18504","page","type-page","status-publish","hentry"],"yoast_head":"<!-- This site is optimized with the Yoast SEO plugin v27.4 - https:\/\/yoast.com\/product\/yoast-seo-wordpress\/ -->\n<title>DIVIS Charity | Surveillance par cam\u00e9ra dans l&#039;entrep\u00f4t<\/title>\n<meta name=\"description\" content=\"DIVIS propose des solutions syst\u00e9matiques de vid\u00e9osurveillance dans l&#039;entrep\u00f4t de transbordement. Notre engagement social et charit\u00e9\" \/>\n<meta name=\"robots\" content=\"index, follow, max-snippet:-1, max-image-preview:large, max-video-preview:-1\" \/>\n<link rel=\"canonical\" href=\"https:\/\/www.divis.eu\/fr\/charity\/\" \/>\n<meta property=\"og:locale\" content=\"fr_FR\" \/>\n<meta property=\"og:type\" content=\"article\" \/>\n<meta property=\"og:title\" content=\"DIVIS Charity | Surveillance par cam\u00e9ra dans l&#039;entrep\u00f4t\" \/>\n<meta property=\"og:description\" content=\"DIVIS propose des solutions syst\u00e9matiques de vid\u00e9osurveillance dans l&#039;entrep\u00f4t de transbordement. Notre engagement social et charit\u00e9\" \/>\n<meta property=\"og:url\" content=\"https:\/\/www.divis.eu\/fr\/charity\/\" \/>\n<meta property=\"og:site_name\" content=\"DIVIS - The intelligent view\" \/>\n<meta property=\"article:modified_time\" content=\"2026-01-31T23:47:59+00:00\" \/>\n<meta property=\"og:image\" content=\"https:\/\/www.divis.eu\/wp-content\/uploads\/2019\/12\/Stiftung-Kinder-Hospiz-Sternenbruecke_large.jpg\" \/>\n<meta name=\"twitter:card\" content=\"summary_large_image\" \/>\n<meta name=\"twitter:label1\" content=\"Dur\u00e9e de lecture estim\u00e9e\" \/>\n\t<meta name=\"twitter:data1\" content=\"12 minutes\" \/>\n<script type=\"application\/ld+json\" class=\"yoast-schema-graph\">{\"@context\":\"https:\\\/\\\/schema.org\",\"@graph\":[{\"@type\":\"WebPage\",\"@id\":\"https:\\\/\\\/www.divis.eu\\\/fr\\\/charity\\\/\",\"url\":\"https:\\\/\\\/www.divis.eu\\\/fr\\\/charity\\\/\",\"name\":\"DIVIS Charity | Surveillance par cam\u00e9ra dans l'entrep\u00f4t\",\"isPartOf\":{\"@id\":\"https:\\\/\\\/www.divis.eu\\\/#website\"},\"primaryImageOfPage\":{\"@id\":\"https:\\\/\\\/www.divis.eu\\\/fr\\\/charity\\\/#primaryimage\"},\"image\":{\"@id\":\"https:\\\/\\\/www.divis.eu\\\/fr\\\/charity\\\/#primaryimage\"},\"thumbnailUrl\":\"https:\\\/\\\/www.divis.eu\\\/wp-content\\\/uploads\\\/2019\\\/12\\\/Stiftung-Kinder-Hospiz-Sternenbruecke_large.jpg\",\"datePublished\":\"2019-12-26T22:24:18+00:00\",\"dateModified\":\"2026-01-31T23:47:59+00:00\",\"description\":\"DIVIS propose des solutions syst\u00e9matiques de vid\u00e9osurveillance dans l'entrep\u00f4t de transbordement. Notre engagement social et charit\u00e9\",\"breadcrumb\":{\"@id\":\"https:\\\/\\\/www.divis.eu\\\/fr\\\/charity\\\/#breadcrumb\"},\"inLanguage\":\"fr-FR\",\"potentialAction\":[{\"@type\":\"ReadAction\",\"target\":[\"https:\\\/\\\/www.divis.eu\\\/fr\\\/charity\\\/\"]}]},{\"@type\":\"ImageObject\",\"inLanguage\":\"fr-FR\",\"@id\":\"https:\\\/\\\/www.divis.eu\\\/fr\\\/charity\\\/#primaryimage\",\"url\":\"https:\\\/\\\/www.divis.eu\\\/wp-content\\\/uploads\\\/2019\\\/12\\\/Stiftung-Kinder-Hospiz-Sternenbruecke_large.jpg\",\"contentUrl\":\"https:\\\/\\\/www.divis.eu\\\/wp-content\\\/uploads\\\/2019\\\/12\\\/Stiftung-Kinder-Hospiz-Sternenbruecke_large.jpg\"},{\"@type\":\"BreadcrumbList\",\"@id\":\"https:\\\/\\\/www.divis.eu\\\/fr\\\/charity\\\/#breadcrumb\",\"itemListElement\":[{\"@type\":\"ListItem\",\"position\":1,\"name\":\"Startseite\",\"item\":\"https:\\\/\\\/www.divis.eu\\\/fr\\\/\"},{\"@type\":\"ListItem\",\"position\":2,\"name\":\"DIVIS Charity | Surveillance par cam\u00e9ra dans l&rsquo;entrep\u00f4t\"}]},{\"@type\":\"WebSite\",\"@id\":\"https:\\\/\\\/www.divis.eu\\\/#website\",\"url\":\"https:\\\/\\\/www.divis.eu\\\/\",\"name\":\"DIVIS - The intelligent view\",\"description\":\"Videosysteml\u00f6sungen f\u00fcr Umschlags- und Warenlager\",\"potentialAction\":[{\"@type\":\"SearchAction\",\"target\":{\"@type\":\"EntryPoint\",\"urlTemplate\":\"https:\\\/\\\/www.divis.eu\\\/?s={search_term_string}\"},\"query-input\":{\"@type\":\"PropertyValueSpecification\",\"valueRequired\":true,\"valueName\":\"search_term_string\"}}],\"inLanguage\":\"fr-FR\"}]}<\/script>\n<!-- \/ Yoast SEO plugin. -->","yoast_head_json":{"title":"DIVIS Charity | Surveillance par cam\u00e9ra dans l'entrep\u00f4t","description":"DIVIS propose des solutions syst\u00e9matiques de vid\u00e9osurveillance dans l'entrep\u00f4t de transbordement. Notre engagement social et charit\u00e9","robots":{"index":"index","follow":"follow","max-snippet":"max-snippet:-1","max-image-preview":"max-image-preview:large","max-video-preview":"max-video-preview:-1"},"canonical":"https:\/\/www.divis.eu\/fr\/charity\/","og_locale":"fr_FR","og_type":"article","og_title":"DIVIS Charity | Surveillance par cam\u00e9ra dans l'entrep\u00f4t","og_description":"DIVIS propose des solutions syst\u00e9matiques de vid\u00e9osurveillance dans l'entrep\u00f4t de transbordement. Notre engagement social et charit\u00e9","og_url":"https:\/\/www.divis.eu\/fr\/charity\/","og_site_name":"DIVIS - The intelligent view","article_modified_time":"2026-01-31T23:47:59+00:00","og_image":[{"url":"https:\/\/www.divis.eu\/wp-content\/uploads\/2019\/12\/Stiftung-Kinder-Hospiz-Sternenbruecke_large.jpg","type":"","width":"","height":""}],"twitter_card":"summary_large_image","twitter_misc":{"Dur\u00e9e de lecture estim\u00e9e":"12 minutes"},"schema":{"@context":"https:\/\/schema.org","@graph":[{"@type":"WebPage","@id":"https:\/\/www.divis.eu\/fr\/charity\/","url":"https:\/\/www.divis.eu\/fr\/charity\/","name":"DIVIS Charity | Surveillance par cam\u00e9ra dans l'entrep\u00f4t","isPartOf":{"@id":"https:\/\/www.divis.eu\/#website"},"primaryImageOfPage":{"@id":"https:\/\/www.divis.eu\/fr\/charity\/#primaryimage"},"image":{"@id":"https:\/\/www.divis.eu\/fr\/charity\/#primaryimage"},"thumbnailUrl":"https:\/\/www.divis.eu\/wp-content\/uploads\/2019\/12\/Stiftung-Kinder-Hospiz-Sternenbruecke_large.jpg","datePublished":"2019-12-26T22:24:18+00:00","dateModified":"2026-01-31T23:47:59+00:00","description":"DIVIS propose des solutions syst\u00e9matiques de vid\u00e9osurveillance dans l'entrep\u00f4t de transbordement. Notre engagement social et charit\u00e9","breadcrumb":{"@id":"https:\/\/www.divis.eu\/fr\/charity\/#breadcrumb"},"inLanguage":"fr-FR","potentialAction":[{"@type":"ReadAction","target":["https:\/\/www.divis.eu\/fr\/charity\/"]}]},{"@type":"ImageObject","inLanguage":"fr-FR","@id":"https:\/\/www.divis.eu\/fr\/charity\/#primaryimage","url":"https:\/\/www.divis.eu\/wp-content\/uploads\/2019\/12\/Stiftung-Kinder-Hospiz-Sternenbruecke_large.jpg","contentUrl":"https:\/\/www.divis.eu\/wp-content\/uploads\/2019\/12\/Stiftung-Kinder-Hospiz-Sternenbruecke_large.jpg"},{"@type":"BreadcrumbList","@id":"https:\/\/www.divis.eu\/fr\/charity\/#breadcrumb","itemListElement":[{"@type":"ListItem","position":1,"name":"Startseite","item":"https:\/\/www.divis.eu\/fr\/"},{"@type":"ListItem","position":2,"name":"DIVIS Charity | Surveillance par cam\u00e9ra dans l&rsquo;entrep\u00f4t"}]},{"@type":"WebSite","@id":"https:\/\/www.divis.eu\/#website","url":"https:\/\/www.divis.eu\/","name":"DIVIS - The intelligent view","description":"Videosysteml\u00f6sungen f\u00fcr Umschlags- und Warenlager","potentialAction":[{"@type":"SearchAction","target":{"@type":"EntryPoint","urlTemplate":"https:\/\/www.divis.eu\/?s={search_term_string}"},"query-input":{"@type":"PropertyValueSpecification","valueRequired":true,"valueName":"search_term_string"}}],"inLanguage":"fr-FR"}]}},"_links":{"self":[{"href":"https:\/\/www.divis.eu\/fr\/wp-json\/wp\/v2\/pages\/18504","targetHints":{"allow":["GET"]}}],"collection":[{"href":"https:\/\/www.divis.eu\/fr\/wp-json\/wp\/v2\/pages"}],"about":[{"href":"https:\/\/www.divis.eu\/fr\/wp-json\/wp\/v2\/types\/page"}],"author":[{"embeddable":true,"href":"https:\/\/www.divis.eu\/fr\/wp-json\/wp\/v2\/users\/1"}],"replies":[{"embeddable":true,"href":"https:\/\/www.divis.eu\/fr\/wp-json\/wp\/v2\/comments?post=18504"}],"version-history":[{"count":0,"href":"https:\/\/www.divis.eu\/fr\/wp-json\/wp\/v2\/pages\/18504\/revisions"}],"wp:attachment":[{"href":"https:\/\/www.divis.eu\/fr\/wp-json\/wp\/v2\/media?parent=18504"}],"curies":[{"name":"wp","href":"https:\/\/api.w.org\/{rel}","templated":true}]}}