{"id":19775,"date":"2020-07-21T18:57:47","date_gmt":"2020-07-21T18:57:47","guid":{"rendered":"https:\/\/www.divis.eu\/divis-produkt-tipps-parcelvis-videomanagement-lager\/"},"modified":"2020-07-31T15:52:16","modified_gmt":"2020-07-31T15:52:16","slug":"conseils-sur-les-produits-divis-parcelvis-entrepot-de-gestion-video","status":"publish","type":"page","link":"https:\/\/www.divis.eu\/fr\/conseils-sur-les-produits-divis-parcelvis-entrepot-de-gestion-video\/","title":{"rendered":"Conseils sur les produits DIVIS ParcelVIS | Entrep\u00f4t de gestion vid\u00e9o"},"content":{"rendered":"<h3>\n\t\tDIVIS\n\t<\/h3>\n<h2>\n\t\tConseils produits\n\t<\/h2>\n\t\t\t\t<a href=\"#\" target=\"_self\" itemprop=\"url\" rel=\"noopener noreferrer\">\n\t\t\t\t<img decoding=\"async\" src=\"https:\/\/www.divis.eu\/wp-content\/uploads\/2018\/11\/sprechblase-newsletter-abo-fr.png\" alt=\"Videomanagement-Software Logistik DIVIS\" title=\"sprechblase-newsletter-abo-fr\" itemprop=\"image\"  \/>\n\t\t\t\t\t\t<\/a>\n\t\t\t\t\t<ul id=\"menu-fr-tipps-infos\"><li id=\"menu-item-12529\"><a href=\"https:\/\/www.divis.eu\/fr\/divis-news-vue-densemble-suivi-des-envois-par-camera-en-logistique\/\">Nouvelles DIVIS<\/a><\/li>\n<li id=\"menu-item-12530\"><a href=\"https:\/\/www.divis.eu\/fr\/conseils-produits-divis-suivi-des-marchandises-par-videotracking\/\">Conseils produits<\/a><\/li>\n<li id=\"menu-item-12531\"><a href=\"https:\/\/www.divis.eu\/fr\/informations-generales-divis-suivi-des-marchandises-guide-par-images\/\">Informations g\u00e9n\u00e9rales<\/a><\/li>\n<\/ul>\t\n\t\t\t\t<img decoding=\"async\" src=\"https:\/\/www.divis.eu\/wp-content\/uploads\/2018\/01\/logo-parcelvis1.png\" alt=\"Videol\u00f6sungen f\u00fcr die Logistik - Bildgest\u00fctzte Sendungsrecherche im Umschlagslager\" title=\"logo-parcelvis1\" itemprop=\"image\"  \/>\n<h1>\n\t\tConseils et astuces pour le logiciel ParcelVIS\n\t<\/h1>\n\t<h3>\n\t\t\t\tFILTRE\n\t\t\t<\/h3>\n\t\t\t\t\t<ul id=\"menu-fr-produktinfo-filter\"><li id=\"menu-item-19772\"><a href=\"https:\/\/www.divis.eu\/fr\/conseils-sur-les-produits-divis-cargovis-suivi-video-des-marchandises\/\">CargoVIS<\/a><\/li>\n<li id=\"menu-item-19795\"><a href=\"https:\/\/www.divis.eu\/fr\/conseils-sur-les-produits-divis-parcelvis-entrepot-de-gestion-video\/\">ParcelVIS<\/a><\/li>\n<li id=\"menu-item-19793\"><a href=\"https:\/\/www.divis.eu\/fr\/note-de-mise-a-jour-de-logiciel-divis-suivi-video-des-marchandises\/\">Note de mise<\/a><\/li>\n<\/ul>\t\n\t\t\t<a href=\"https:\/\/www.divis.eu\/fr\/conseils-produits-divis-suivi-des-marchandises-par-videotracking\" target=\"_self\" role=\"button\" rel=\"noopener noreferrer\">\n\t\t\t\t\t\t\tR\u00e9initialiser \u00e0 la valeur par d\u00e9faut\n\t\t\t\t\t<\/a>\n\t<h3>\n\t\t\t\tRECHERCHE DE CONTRIBUTIONS PAR MOTS CL\u00c9S\n\t\t\t<\/h3>\n\t\n\n<form method=\"get\" action=\"https:\/\/www.divis.eu\/fr\/\" class=\"form-inline\">\n\n \n  <div class=\"form-group \">\n\n      <input type=\"hidden\" name=\"cat\" id=\"cat\" value=\"0\"\/>\n           <input type=\"text\"  name=\"s\" value=\"\"  placeholder=\"search\"  \/>\n  <\/div>\n  <button type=\"submit\" class=\"btn btn-primary \" style=\"background-color: #cfd93f; border-color: #cfd93f; color: #08305a\">Go<\/button>\n<\/form>\n\n\n\n\n\n\n\t\t\t\t\t\t\t\t\t\t\t\t\t\t<a href=\"https:\/\/www.divis.eu\/fr\/lancer-le-support-en-direct-directement-depuis-les-logiciels-cargovis-parcelvis\/\" target=\"_self\" title=\"Lancer le support en direct directement depuis les logiciels CargoVIS &#038; ParcelVIS\" rel=\"noopener noreferrer\">\n\t\t\t\t<img decoding=\"async\" src=\"https:\/\/www.divis.eu\/wp-content\/uploads\/2020\/07\/tipp-des-monats7-fr-featured.gif\" alt=\"\" \/>\n\t\t\t\t<\/a>\n\t\t\t\t\t\t<h4>\n\t\t\t\t<a href=https:\/\/www.divis.eu\/fr\/lancer-le-support-en-direct-directement-depuis-les-logiciels-cargovis-parcelvis\/ title=\"Lancer le support en direct directement depuis les logiciels CargoVIS &#038; ParcelVIS\" tabindex=\"0\">Lancer le support en direct directement depuis les logiciels CargoVIS &#038; ParcelVIS<\/a>\t\t\t<\/h4>\n\t\t\t\t\t\t\t\tCargoVIS et ParcelVIS offrent la possibilit\u00e9 de d\u00e9marrer une session avec notre support en direct via TeamViewer directement depuis le logiciel. Vous pouvez d\u00e9couvrir comment cela fonctionne aujourd&rsquo;hui dans le conseil du mois.\n\t\t\t<a href=\"https:\/\/www.divis.eu\/fr\/lancer-le-support-en-direct-directement-depuis-les-logiciels-cargovis-parcelvis\/\" target=\"_self\" role=\"button\" rel=\"noopener noreferrer\">\n\t\t\t\t\t\t\tWeiterlesen\n\t\t<\/a>\n\t\t\t\t\t\t\t\t\t\t\t\t\t\t<a href=\"https:\/\/www.divis.eu\/fr\/plan-du-site-de-votre-hall-logistique-ou-de-votre-centre-de-traitement-des-colis\/\" target=\"_self\" title=\"Plan du site de votre hall logistique ou de votre centre de traitement des colis\" rel=\"noopener noreferrer\">\n\t\t\t\t<img decoding=\"async\" src=\"https:\/\/www.divis.eu\/wp-content\/uploads\/2020\/05\/divis-tdm-062020-featured-FR-1.gif\" alt=\"\" \/>\n\t\t\t\t<\/a>\n\t\t\t\t\t\t<h4>\n\t\t\t\t<a href=https:\/\/www.divis.eu\/fr\/plan-du-site-de-votre-hall-logistique-ou-de-votre-centre-de-traitement-des-colis\/ title=\"Plan du site de votre hall logistique ou de votre centre de traitement des colis\" tabindex=\"0\">Plan du site de votre hall logistique ou de votre centre de traitement des colis<\/a>\t\t\t<\/h4>\n\t\t\t\t\t\t\t\tL&rsquo;aper\u00e7u du plan du site dans CargoVIS &#038; ParcelVIS offre une vue d&rsquo;ensemble optimale de votre hall logistique ou de votre centre de traitement des colis. Nous pr\u00e9senterons cette fonction en d\u00e9tail aujourd&rsquo;hui.\n\t\t\t<a href=\"https:\/\/www.divis.eu\/fr\/plan-du-site-de-votre-hall-logistique-ou-de-votre-centre-de-traitement-des-colis\/\" target=\"_self\" role=\"button\" rel=\"noopener noreferrer\">\n\t\t\t\t\t\t\tWeiterlesen\n\t\t<\/a>\n\t\t\t\t\t\t\t\t\t\t\t\t\t\t<a href=\"https:\/\/www.divis.eu\/fr\/recherche-rapide-des-envois-dans-parcelvis-selection-directe-des-evenements-de-scan\/\" target=\"_self\" title=\"Recherche rapide des envois dans ParcelVIS : s\u00e9lection directe des \u00e9v\u00e9nements de scan\" rel=\"noopener noreferrer\">\n\t\t\t\t<img decoding=\"async\" src=\"https:\/\/www.divis.eu\/wp-content\/uploads\/2020\/04\/tipp-des-monats-featured-FR.gif\" alt=\"\" \/>\n\t\t\t\t<\/a>\n\t\t\t\t\t\t<h4>\n\t\t\t\t<a href=https:\/\/www.divis.eu\/fr\/recherche-rapide-des-envois-dans-parcelvis-selection-directe-des-evenements-de-scan\/ title=\"Recherche rapide des envois dans ParcelVIS : s\u00e9lection directe des \u00e9v\u00e9nements de scan\" tabindex=\"0\">Recherche rapide des envois dans ParcelVIS : s\u00e9lection directe des \u00e9v\u00e9nements de scan<\/a>\t\t\t<\/h4>\n\t\t\t\t\t\t\t\tDans notre conseil du mois d&rsquo;aujourd&rsquo;hui, vous apprendrez comment acc\u00e9der rapidement et directement \u00e0 vos recherches d&rsquo;envoi dans ParcelVIS en pr\u00e9s\u00e9lectionnant les \u00e9v\u00e9nements de scan.\n\t\t\t<a href=\"https:\/\/www.divis.eu\/fr\/recherche-rapide-des-envois-dans-parcelvis-selection-directe-des-evenements-de-scan\/\" target=\"_self\" role=\"button\" rel=\"noopener noreferrer\">\n\t\t\t\t\t\t\tWeiterlesen\n\t\t<\/a>\n\t\t\t\t\t\t\t\t\t\t\t\t\t\t<a href=\"https:\/\/www.divis.eu\/fr\/analyse-de-mouvement-des-envois-de-marchandises-atteindre-plus-rapidement-le-resultat-de-la-recherche-avec-motion\/\" target=\"_self\" title=\"Analyse de mouvement des envois de marchandises &#8211; atteindre plus rapidement le r\u00e9sultat de la recherche avec Motion+\" rel=\"noopener noreferrer\">\n\t\t\t\t<img decoding=\"async\" src=\"https:\/\/www.divis.eu\/wp-content\/uploads\/2020\/02\/tdm-featured-fr.jpg\" alt=\"\" \/>\n\t\t\t\t<\/a>\n\t\t\t\t\t\t<h4>\n\t\t\t\t<a href=https:\/\/www.divis.eu\/fr\/analyse-de-mouvement-des-envois-de-marchandises-atteindre-plus-rapidement-le-resultat-de-la-recherche-avec-motion\/ title=\"Analyse de mouvement des envois de marchandises &#8211; atteindre plus rapidement le r\u00e9sultat de la recherche avec Motion+\" tabindex=\"0\">Analyse de mouvement des envois de marchandises &#8211; atteindre plus rapidement le r\u00e9sultat de la recherche avec Motion<sup>+<\/sup><\/a>\t\t\t<\/h4>\n\t\t\t\t\t\t\t\tAvec Motion<sup>+<\/sup>, acc\u00e9dez \u00e0 vos r\u00e9sultats de recherche dans CargoVIS et ParcelVIS en quelques sauts seulement. Nous vous expliquons comment cela fonctionne.\n\t\t\t<a href=\"https:\/\/www.divis.eu\/fr\/analyse-de-mouvement-des-envois-de-marchandises-atteindre-plus-rapidement-le-resultat-de-la-recherche-avec-motion\/\" target=\"_self\" role=\"button\" rel=\"noopener noreferrer\">\n\t\t\t\t\t\t\tWeiterlesen\n\t\t<\/a>\n\t\t\t\t\t\t\t\t\t\t\t\t\t\t<a href=\"https:\/\/www.divis.eu\/fr\/parcelvis-enregistrer-des-images-de-scan-en-un-seul-clic\/\" target=\"_self\" title=\"ParcelVIS : Enregistrer des images de scan en un seul clic\" rel=\"noopener noreferrer\">\n\t\t\t\t<img decoding=\"async\" src=\"https:\/\/www.divis.eu\/wp-content\/uploads\/2020\/01\/tdm-02-featured-FR.jpg\" alt=\"\" \/>\n\t\t\t\t<\/a>\n\t\t\t\t\t\t<h4>\n\t\t\t\t<a href=https:\/\/www.divis.eu\/fr\/parcelvis-enregistrer-des-images-de-scan-en-un-seul-clic\/ title=\"ParcelVIS : Enregistrer des images de scan en un seul clic\" tabindex=\"0\">ParcelVIS : Enregistrer des images de scan en un seul clic<\/a>\t\t\t<\/h4>\n\t\t\t\t\t\t\t\tVous voulez maintenant enregistrer l&rsquo;image de scan ou toute autre image vid\u00e9o du processus de recherche dans la bande de film ? Rien de plus simple avec ParcelVIS !\n\t\t\t<a href=\"https:\/\/www.divis.eu\/fr\/parcelvis-enregistrer-des-images-de-scan-en-un-seul-clic\/\" target=\"_self\" role=\"button\" rel=\"noopener noreferrer\">\n\t\t\t\t\t\t\tWeiterlesen\n\t\t<\/a>\n\t\t\t\t\t\t\t\t\t\t\t\t\t\t<a href=\"https:\/\/www.divis.eu\/fr\/suivi-des-colis-dans-parcelvis-changement-de-la-recherche-par-bande-transporteuse-a-la-recherche-par-secteur\/\" target=\"_self\" title=\"Suivi des colis dans ParcelVIS : Changement de la recherche par bande transporteuse \u00e0 la recherche par secteur\" rel=\"noopener noreferrer\">\n\t\t\t\t<img decoding=\"async\" src=\"https:\/\/www.divis.eu\/wp-content\/uploads\/2019\/11\/tipp-des-monats-featured-fr.gif\" alt=\"Conseil du mois DIVIS\" \/>\n\t\t\t\t<\/a>\n\t\t\t\t\t\t<h4>\n\t\t\t\t<a href=https:\/\/www.divis.eu\/fr\/suivi-des-colis-dans-parcelvis-changement-de-la-recherche-par-bande-transporteuse-a-la-recherche-par-secteur\/ title=\"Suivi des colis dans ParcelVIS : Changement de la recherche par bande transporteuse \u00e0 la recherche par secteur\" tabindex=\"0\">Suivi des colis dans ParcelVIS : Changement de la recherche par bande transporteuse \u00e0 la recherche par secteur<\/a>\t\t\t<\/h4>\n\t\t\t\t\t\t\t\tLors du suivi des colis dans le d\u00e9p\u00f4t, il peut \u00eatre n\u00e9cessaire de passer de la recherche par bande transporteuse \u00e0 la recherche par secteur de ParcelVIS afin de pouvoir suivre le colis sans interruption. Aujourd&rsquo;hui, nous allons vous montrer comment effectuer ce changement.\n\t\t\t<a href=\"https:\/\/www.divis.eu\/fr\/suivi-des-colis-dans-parcelvis-changement-de-la-recherche-par-bande-transporteuse-a-la-recherche-par-secteur\/\" target=\"_self\" role=\"button\" rel=\"noopener noreferrer\">\n\t\t\t\t\t\t\tWeiterlesen\n\t\t<\/a>\n\t\t\t\t\t\t\t\t\t\t\t\t\t\t<a href=\"https:\/\/www.divis.eu\/fr\/integration-de-lettres-types-dans-parcelvis-et-cargovis\/\" target=\"_self\" title=\"Int\u00e9gration de lettres types dans ParcelVIS et CargoVIS\" rel=\"noopener noreferrer\">\n\t\t\t\t<img decoding=\"async\" src=\"https:\/\/www.divis.eu\/wp-content\/uploads\/2019\/10\/tdm-nov-featured-fr.gif\" alt=\"Videomanagement-Software Logistik DIVIS\" \/>\n\t\t\t\t<\/a>\n\t\t\t\t\t\t<h4>\n\t\t\t\t<a href=https:\/\/www.divis.eu\/fr\/integration-de-lettres-types-dans-parcelvis-et-cargovis\/ title=\"Int\u00e9gration de lettres types dans ParcelVIS et CargoVIS\" tabindex=\"0\">Int\u00e9gration de lettres types dans ParcelVIS et CargoVIS<\/a>\t\t\t<\/h4>\n\t\t\t\t\t\t\t\tParcelVIS et CargoVIS offrent la possibilit\u00e9 de cr\u00e9er en peu de temps  des lettres pr\u00e9\u00e9tablies afin d&rsquo;ouvrir, par exemple, la documentation image d&rsquo;un colis endommag\u00e9 ou de prouver quand un certain envoi est arriv\u00e9 \u00e0 votre d\u00e9p\u00f4t et ce sans avoir recours \u00e0 une autre application.\n\t\t\t<a href=\"https:\/\/www.divis.eu\/fr\/integration-de-lettres-types-dans-parcelvis-et-cargovis\/\" target=\"_self\" role=\"button\" rel=\"noopener noreferrer\">\n\t\t\t\t\t\t\tWeiterlesen\n\t\t<\/a>\n\t\t\t\t\t\t\t\t\t\t\t\t\t\t<a href=\"https:\/\/www.divis.eu\/fr\/liaison-active-directory-dans-cargovis-et-parcelvis\/\" target=\"_self\" title=\"Liaison Active Directory dans CargoVIS et ParcelVIS\" rel=\"noopener noreferrer\">\n\t\t\t\t<img decoding=\"async\" src=\"https:\/\/www.divis.eu\/wp-content\/uploads\/2019\/10\/active-directory-anbindung-featured.gif\" alt=\"Einbinden von Briefvorlagen in ParcelVIS und CargoVIS\" \/>\n\t\t\t\t<\/a>\n\t\t\t\t\t\t<h4>\n\t\t\t\t<a href=https:\/\/www.divis.eu\/fr\/liaison-active-directory-dans-cargovis-et-parcelvis\/ title=\"Liaison Active Directory dans CargoVIS et ParcelVIS\" tabindex=\"0\">Liaison Active Directory dans CargoVIS et ParcelVIS<\/a>\t\t\t<\/h4>\n\t\t\t\t\t\t\t\tLa liaison Active Directory dans CargoVIS et ParcelVIS acc\u00e9l\u00e8re la connexion pour vos collaborateurs. La liaison offre une meilleure vue d&rsquo;ensemble et simplifie l&rsquo;attribution des droits d&rsquo;utilisateur. \n\t\t\t<a href=\"https:\/\/www.divis.eu\/fr\/liaison-active-directory-dans-cargovis-et-parcelvis\/\" target=\"_self\" role=\"button\" rel=\"noopener noreferrer\">\n\t\t\t\t\t\t\tWeiterlesen\n\t\t<\/a>\n\t\t\t<ul class='page-numbers'>\n\t<li>1<\/li>\n\t<li><a href=\"https:\/\/www.divis.eu\/fr\/page\/2\/?page_id=19775&#038;fl_builder\">2<\/a><\/li>\n\t<li><a href=\"https:\/\/www.divis.eu\/fr\/page\/3\/?page_id=19775&#038;fl_builder\">3<\/a><\/li>\n\t<li><a href=\"https:\/\/www.divis.eu\/fr\/page\/2\/?page_id=19775&#038;fl_builder\">Next &raquo;<\/a><\/li>\n<\/ul>\n\t\t\t\t<img decoding=\"async\" src=\"https:\/\/www.divis.eu\/wp-content\/uploads\/2018\/01\/kundenlogo-CTL.png\" alt=\"kundenlogo-CTL\" itemprop=\"image\" height=\"51\" width=\"120\" title=\"kundenlogo-CTL\" onerror=\"this.style.display='none'\"  \/>\n\t\t\t\t<img decoding=\"async\" src=\"https:\/\/www.divis.eu\/wp-content\/uploads\/2018\/01\/kundenlogo-dpd.png\" alt=\"kundenlogo-dpd\" itemprop=\"image\" height=\"51\" width=\"120\" title=\"kundenlogo-dpd\" onerror=\"this.style.display='none'\"  \/>\n\t\t\t\t<img decoding=\"async\" src=\"https:\/\/www.divis.eu\/wp-content\/uploads\/2018\/01\/kundenlogo-panalpina.png\" alt=\"kundenlogo-panalpina\" itemprop=\"image\" height=\"51\" width=\"120\" title=\"kundenlogo-panalpina\" onerror=\"this.style.display='none'\"  \/>\n\t\t\t\t<img decoding=\"async\" src=\"https:\/\/www.divis.eu\/wp-content\/uploads\/2018\/01\/kundenlogo-online.png\" alt=\"kundenlogo-online\" itemprop=\"image\" height=\"51\" width=\"120\" title=\"kundenlogo-online\" onerror=\"this.style.display='none'\"  \/>\n\t\t\t\t<img decoding=\"async\" src=\"https:\/\/www.divis.eu\/wp-content\/uploads\/2018\/01\/kundenlogo-rhenus.png\" alt=\"Rhenus Logistics | DIVIS-Kunde\" title=\"kundenlogo-rhenus\" itemprop=\"image\"  \/>\n\t\t\t\t<img decoding=\"async\" src=\"https:\/\/www.divis.eu\/wp-content\/uploads\/2018\/01\/kundenlogo-tsb.png\" alt=\"kundenlogo-tsb\" itemprop=\"image\" height=\"51\" width=\"120\" title=\"kundenlogo-tsb\" onerror=\"this.style.display='none'\"  \/>\n\t\t\t\t<img decoding=\"async\" src=\"https:\/\/www.divis.eu\/wp-content\/uploads\/2018\/01\/kundenlogo-gebrueder-weiss.png\" alt=\"Gebr\u00fcder Weiss | DIVIS-Kunde\" itemprop=\"image\" height=\"51\" width=\"150\" title=\"kundenlogo-gebrueder-weiss\" onerror=\"this.style.display='none'\"  \/>\n\t\t\t\t<img decoding=\"async\" src=\"https:\/\/www.divis.eu\/wp-content\/uploads\/2018\/01\/kundenlogo-tchibo.png\" alt=\"Tchibo | DIVIS-Kunde\" title=\"kundenlogo-tchibo\" itemprop=\"image\"  \/>\n\t\t\t\t<img decoding=\"async\" src=\"https:\/\/www.divis.eu\/wp-content\/uploads\/2018\/01\/kundenlogo-24plus.png\" alt=\"kundenlogo-24plus\" itemprop=\"image\" height=\"51\" width=\"120\" title=\"kundenlogo-24plus\" onerror=\"this.style.display='none'\"  \/>\n\t\t\t\t<img decoding=\"async\" src=\"https:\/\/www.divis.eu\/wp-content\/uploads\/2018\/01\/kundenlogo-raben.png\" alt=\"Raben Group | DIVIS-Kunde\" title=\"kundenlogo-raben\" itemprop=\"image\"  \/>\n\t\t\t\t<img decoding=\"async\" src=\"https:\/\/www.divis.eu\/wp-content\/uploads\/2018\/01\/kundenlogo-geis.png\" alt=\"Spedition Geis | DIVIS-Kunde\" title=\"kundenlogo-geis\" itemprop=\"image\"  \/>\n\t\t\t\t<img decoding=\"async\" src=\"https:\/\/www.divis.eu\/wp-content\/uploads\/2018\/01\/kundenlogo-zufall.png\" alt=\"kundenlogo-zufall\" itemprop=\"image\" height=\"51\" width=\"120\" title=\"kundenlogo-zufall\" onerror=\"this.style.display='none'\"  \/>\n","protected":false},"excerpt":{"rendered":"<p>DIVIS Conseils produits Nouvelles DIVIS Conseils produits Informations g\u00e9n\u00e9rales Conseils et astuces pour le logiciel ParcelVIS FILTRE CargoVIS ParcelVIS Note de mise R\u00e9initialiser \u00e0 la valeur par d\u00e9faut RECHERCHE DE CONTRIBUTIONS PAR MOTS CL\u00c9S Lancer le support en direct directement depuis les logiciels CargoVIS &#038; ParcelVIS CargoVIS et ParcelVIS offrent la possibilit\u00e9 de d\u00e9marrer une&hellip;<\/p>\n","protected":false},"author":1,"featured_media":0,"parent":0,"menu_order":0,"comment_status":"closed","ping_status":"closed","template":"","meta":{"footnotes":""},"class_list":["post-19775","page","type-page","status-publish","hentry"],"yoast_head":"<!-- This site is optimized with the Yoast SEO plugin v27.4 - https:\/\/yoast.com\/product\/yoast-seo-wordpress\/ -->\n<title>Conseils | Gestion vid\u00e9o dans l&#039;entrep\u00f4t Logistique | ParcelVIS<\/title>\n<meta name=\"description\" content=\"Conseils et informations int\u00e9ressants de DIVIS sur ParcelVIS pour la gestion vid\u00e9o dans l&#039;entrep\u00f4t, ainsi que d&#039;autres informations sur l&#039;industrie et la technologie.\" \/>\n<meta name=\"robots\" content=\"index, follow, max-snippet:-1, max-image-preview:large, max-video-preview:-1\" \/>\n<link rel=\"canonical\" href=\"https:\/\/www.divis.eu\/fr\/conseils-sur-les-produits-divis-parcelvis-entrepot-de-gestion-video\/\" \/>\n<meta property=\"og:locale\" content=\"fr_FR\" \/>\n<meta property=\"og:type\" content=\"article\" \/>\n<meta property=\"og:title\" content=\"Conseils | Gestion vid\u00e9o dans l&#039;entrep\u00f4t Logistique | ParcelVIS\" \/>\n<meta property=\"og:description\" content=\"Conseils et informations int\u00e9ressants de DIVIS sur ParcelVIS pour la gestion vid\u00e9o dans l&#039;entrep\u00f4t, ainsi que d&#039;autres informations sur l&#039;industrie et la technologie.\" \/>\n<meta property=\"og:url\" content=\"https:\/\/www.divis.eu\/fr\/conseils-sur-les-produits-divis-parcelvis-entrepot-de-gestion-video\/\" \/>\n<meta property=\"og:site_name\" content=\"DIVIS - The intelligent view\" \/>\n<meta property=\"article:modified_time\" content=\"2020-07-31T15:52:16+00:00\" \/>\n<meta property=\"og:image\" content=\"https:\/\/www.divis.eu\/wp-content\/uploads\/2018\/11\/sprechblase-newsletter-abo-fr.png\" \/>\n<meta name=\"twitter:card\" content=\"summary_large_image\" \/>\n<meta name=\"twitter:label1\" content=\"Dur\u00e9e de lecture estim\u00e9e\" \/>\n\t<meta name=\"twitter:data1\" content=\"2 minutes\" \/>\n<script type=\"application\/ld+json\" class=\"yoast-schema-graph\">{\"@context\":\"https:\\\/\\\/schema.org\",\"@graph\":[{\"@type\":\"WebPage\",\"@id\":\"https:\\\/\\\/www.divis.eu\\\/fr\\\/conseils-sur-les-produits-divis-parcelvis-entrepot-de-gestion-video\\\/\",\"url\":\"https:\\\/\\\/www.divis.eu\\\/fr\\\/conseils-sur-les-produits-divis-parcelvis-entrepot-de-gestion-video\\\/\",\"name\":\"Conseils | Gestion vid\u00e9o dans l'entrep\u00f4t Logistique | ParcelVIS\",\"isPartOf\":{\"@id\":\"https:\\\/\\\/www.divis.eu\\\/#website\"},\"primaryImageOfPage\":{\"@id\":\"https:\\\/\\\/www.divis.eu\\\/fr\\\/conseils-sur-les-produits-divis-parcelvis-entrepot-de-gestion-video\\\/#primaryimage\"},\"image\":{\"@id\":\"https:\\\/\\\/www.divis.eu\\\/fr\\\/conseils-sur-les-produits-divis-parcelvis-entrepot-de-gestion-video\\\/#primaryimage\"},\"thumbnailUrl\":\"https:\\\/\\\/www.divis.eu\\\/wp-content\\\/uploads\\\/2018\\\/11\\\/sprechblase-newsletter-abo-fr.png\",\"datePublished\":\"2020-07-21T18:57:47+00:00\",\"dateModified\":\"2020-07-31T15:52:16+00:00\",\"description\":\"Conseils et informations int\u00e9ressants de DIVIS sur ParcelVIS pour la gestion vid\u00e9o dans l'entrep\u00f4t, ainsi que d'autres informations sur l'industrie et la technologie.\",\"breadcrumb\":{\"@id\":\"https:\\\/\\\/www.divis.eu\\\/fr\\\/conseils-sur-les-produits-divis-parcelvis-entrepot-de-gestion-video\\\/#breadcrumb\"},\"inLanguage\":\"fr-FR\",\"potentialAction\":[{\"@type\":\"ReadAction\",\"target\":[\"https:\\\/\\\/www.divis.eu\\\/fr\\\/conseils-sur-les-produits-divis-parcelvis-entrepot-de-gestion-video\\\/\"]}]},{\"@type\":\"ImageObject\",\"inLanguage\":\"fr-FR\",\"@id\":\"https:\\\/\\\/www.divis.eu\\\/fr\\\/conseils-sur-les-produits-divis-parcelvis-entrepot-de-gestion-video\\\/#primaryimage\",\"url\":\"https:\\\/\\\/www.divis.eu\\\/wp-content\\\/uploads\\\/2018\\\/11\\\/sprechblase-newsletter-abo-fr.png\",\"contentUrl\":\"https:\\\/\\\/www.divis.eu\\\/wp-content\\\/uploads\\\/2018\\\/11\\\/sprechblase-newsletter-abo-fr.png\"},{\"@type\":\"BreadcrumbList\",\"@id\":\"https:\\\/\\\/www.divis.eu\\\/fr\\\/conseils-sur-les-produits-divis-parcelvis-entrepot-de-gestion-video\\\/#breadcrumb\",\"itemListElement\":[{\"@type\":\"ListItem\",\"position\":1,\"name\":\"Startseite\",\"item\":\"https:\\\/\\\/www.divis.eu\\\/fr\\\/\"},{\"@type\":\"ListItem\",\"position\":2,\"name\":\"Conseils sur les produits DIVIS ParcelVIS | Entrep\u00f4t de gestion vid\u00e9o\"}]},{\"@type\":\"WebSite\",\"@id\":\"https:\\\/\\\/www.divis.eu\\\/#website\",\"url\":\"https:\\\/\\\/www.divis.eu\\\/\",\"name\":\"DIVIS - The intelligent view\",\"description\":\"Videosysteml\u00f6sungen f\u00fcr Umschlags- und Warenlager\",\"potentialAction\":[{\"@type\":\"SearchAction\",\"target\":{\"@type\":\"EntryPoint\",\"urlTemplate\":\"https:\\\/\\\/www.divis.eu\\\/?s={search_term_string}\"},\"query-input\":{\"@type\":\"PropertyValueSpecification\",\"valueRequired\":true,\"valueName\":\"search_term_string\"}}],\"inLanguage\":\"fr-FR\"}]}<\/script>\n<!-- \/ Yoast SEO plugin. -->","yoast_head_json":{"title":"Conseils | Gestion vid\u00e9o dans l'entrep\u00f4t Logistique | ParcelVIS","description":"Conseils et informations int\u00e9ressants de DIVIS sur ParcelVIS pour la gestion vid\u00e9o dans l'entrep\u00f4t, ainsi que d'autres informations sur l'industrie et la technologie.","robots":{"index":"index","follow":"follow","max-snippet":"max-snippet:-1","max-image-preview":"max-image-preview:large","max-video-preview":"max-video-preview:-1"},"canonical":"https:\/\/www.divis.eu\/fr\/conseils-sur-les-produits-divis-parcelvis-entrepot-de-gestion-video\/","og_locale":"fr_FR","og_type":"article","og_title":"Conseils | Gestion vid\u00e9o dans l'entrep\u00f4t Logistique | ParcelVIS","og_description":"Conseils et informations int\u00e9ressants de DIVIS sur ParcelVIS pour la gestion vid\u00e9o dans l'entrep\u00f4t, ainsi que d'autres informations sur l'industrie et la technologie.","og_url":"https:\/\/www.divis.eu\/fr\/conseils-sur-les-produits-divis-parcelvis-entrepot-de-gestion-video\/","og_site_name":"DIVIS - The intelligent view","article_modified_time":"2020-07-31T15:52:16+00:00","og_image":[{"url":"https:\/\/www.divis.eu\/wp-content\/uploads\/2018\/11\/sprechblase-newsletter-abo-fr.png","type":"","width":"","height":""}],"twitter_card":"summary_large_image","twitter_misc":{"Dur\u00e9e de lecture estim\u00e9e":"2 minutes"},"schema":{"@context":"https:\/\/schema.org","@graph":[{"@type":"WebPage","@id":"https:\/\/www.divis.eu\/fr\/conseils-sur-les-produits-divis-parcelvis-entrepot-de-gestion-video\/","url":"https:\/\/www.divis.eu\/fr\/conseils-sur-les-produits-divis-parcelvis-entrepot-de-gestion-video\/","name":"Conseils | Gestion vid\u00e9o dans l'entrep\u00f4t Logistique | ParcelVIS","isPartOf":{"@id":"https:\/\/www.divis.eu\/#website"},"primaryImageOfPage":{"@id":"https:\/\/www.divis.eu\/fr\/conseils-sur-les-produits-divis-parcelvis-entrepot-de-gestion-video\/#primaryimage"},"image":{"@id":"https:\/\/www.divis.eu\/fr\/conseils-sur-les-produits-divis-parcelvis-entrepot-de-gestion-video\/#primaryimage"},"thumbnailUrl":"https:\/\/www.divis.eu\/wp-content\/uploads\/2018\/11\/sprechblase-newsletter-abo-fr.png","datePublished":"2020-07-21T18:57:47+00:00","dateModified":"2020-07-31T15:52:16+00:00","description":"Conseils et informations int\u00e9ressants de DIVIS sur ParcelVIS pour la gestion vid\u00e9o dans l'entrep\u00f4t, ainsi que d'autres informations sur l'industrie et la technologie.","breadcrumb":{"@id":"https:\/\/www.divis.eu\/fr\/conseils-sur-les-produits-divis-parcelvis-entrepot-de-gestion-video\/#breadcrumb"},"inLanguage":"fr-FR","potentialAction":[{"@type":"ReadAction","target":["https:\/\/www.divis.eu\/fr\/conseils-sur-les-produits-divis-parcelvis-entrepot-de-gestion-video\/"]}]},{"@type":"ImageObject","inLanguage":"fr-FR","@id":"https:\/\/www.divis.eu\/fr\/conseils-sur-les-produits-divis-parcelvis-entrepot-de-gestion-video\/#primaryimage","url":"https:\/\/www.divis.eu\/wp-content\/uploads\/2018\/11\/sprechblase-newsletter-abo-fr.png","contentUrl":"https:\/\/www.divis.eu\/wp-content\/uploads\/2018\/11\/sprechblase-newsletter-abo-fr.png"},{"@type":"BreadcrumbList","@id":"https:\/\/www.divis.eu\/fr\/conseils-sur-les-produits-divis-parcelvis-entrepot-de-gestion-video\/#breadcrumb","itemListElement":[{"@type":"ListItem","position":1,"name":"Startseite","item":"https:\/\/www.divis.eu\/fr\/"},{"@type":"ListItem","position":2,"name":"Conseils sur les produits DIVIS ParcelVIS | Entrep\u00f4t de gestion vid\u00e9o"}]},{"@type":"WebSite","@id":"https:\/\/www.divis.eu\/#website","url":"https:\/\/www.divis.eu\/","name":"DIVIS - The intelligent view","description":"Videosysteml\u00f6sungen f\u00fcr Umschlags- und Warenlager","potentialAction":[{"@type":"SearchAction","target":{"@type":"EntryPoint","urlTemplate":"https:\/\/www.divis.eu\/?s={search_term_string}"},"query-input":{"@type":"PropertyValueSpecification","valueRequired":true,"valueName":"search_term_string"}}],"inLanguage":"fr-FR"}]}},"_links":{"self":[{"href":"https:\/\/www.divis.eu\/fr\/wp-json\/wp\/v2\/pages\/19775","targetHints":{"allow":["GET"]}}],"collection":[{"href":"https:\/\/www.divis.eu\/fr\/wp-json\/wp\/v2\/pages"}],"about":[{"href":"https:\/\/www.divis.eu\/fr\/wp-json\/wp\/v2\/types\/page"}],"author":[{"embeddable":true,"href":"https:\/\/www.divis.eu\/fr\/wp-json\/wp\/v2\/users\/1"}],"replies":[{"embeddable":true,"href":"https:\/\/www.divis.eu\/fr\/wp-json\/wp\/v2\/comments?post=19775"}],"version-history":[{"count":0,"href":"https:\/\/www.divis.eu\/fr\/wp-json\/wp\/v2\/pages\/19775\/revisions"}],"wp:attachment":[{"href":"https:\/\/www.divis.eu\/fr\/wp-json\/wp\/v2\/media?parent=19775"}],"curies":[{"name":"wp","href":"https:\/\/api.w.org\/{rel}","templated":true}]}}