{"id":19783,"date":"2020-07-22T23:30:09","date_gmt":"2020-07-22T23:30:09","guid":{"rendered":"https:\/\/www.divis.eu\/divis-release-notes-videogestuetzte-warenverfolgung\/"},"modified":"2020-07-31T16:26:01","modified_gmt":"2020-07-31T16:26:01","slug":"note-de-mise-a-jour-de-logiciel-divis-suivi-video-des-marchandises","status":"publish","type":"page","link":"https:\/\/www.divis.eu\/fr\/note-de-mise-a-jour-de-logiciel-divis-suivi-video-des-marchandises\/","title":{"rendered":"Note de mise \u00e0 jour de logiciel DIVIS | Suivi vid\u00e9o des marchandises"},"content":{"rendered":"<h3>\n\t\tDIVIS\n\t<\/h3>\n<h2>\n\t\tConseils produits\n\t<\/h2>\n\t\t\t\t<a href=\"#\" target=\"_self\" itemprop=\"url\" rel=\"noopener noreferrer\">\n\t\t\t\t<img decoding=\"async\" src=\"https:\/\/www.divis.eu\/wp-content\/uploads\/2018\/11\/sprechblase-newsletter-abo-fr.png\" alt=\"Videomanagement-Software Logistik DIVIS\" title=\"sprechblase-newsletter-abo-fr\" itemprop=\"image\"  \/>\n\t\t\t\t\t\t<\/a>\n\t\t\t\t\t<ul id=\"menu-fr-tipps-infos\"><li id=\"menu-item-12529\"><a href=\"https:\/\/www.divis.eu\/fr\/divis-news-vue-densemble-suivi-des-envois-par-camera-en-logistique\/\">Nouvelles DIVIS<\/a><\/li>\n<li id=\"menu-item-12530\"><a href=\"https:\/\/www.divis.eu\/fr\/conseils-produits-divis-suivi-des-marchandises-par-videotracking\/\">Conseils produits<\/a><\/li>\n<li id=\"menu-item-12531\"><a href=\"https:\/\/www.divis.eu\/fr\/informations-generales-divis-suivi-des-marchandises-guide-par-images\/\">Informations g\u00e9n\u00e9rales<\/a><\/li>\n<\/ul>\t\n\t<h1>\n\t\tNote de mise \u00e0 jour pour nos logiciels CargoVIS et ParcelVIS\n\t<\/h1>\n\t<h3>\n\t\t\t\tFILTRE\n\t\t\t<\/h3>\n\t\t\t\t\t<ul id=\"menu-fr-produktinfo-filter\"><li id=\"menu-item-19772\"><a href=\"https:\/\/www.divis.eu\/fr\/conseils-sur-les-produits-divis-cargovis-suivi-video-des-marchandises\/\">CargoVIS<\/a><\/li>\n<li id=\"menu-item-19795\"><a href=\"https:\/\/www.divis.eu\/fr\/conseils-sur-les-produits-divis-parcelvis-entrepot-de-gestion-video\/\">ParcelVIS<\/a><\/li>\n<li id=\"menu-item-19793\"><a href=\"https:\/\/www.divis.eu\/fr\/note-de-mise-a-jour-de-logiciel-divis-suivi-video-des-marchandises\/\">Note de mise<\/a><\/li>\n<\/ul>\t\n\t\t\t<a href=\"https:\/\/www.divis.eu\/fr\/conseils-produits-divis-suivi-des-marchandises-par-videotracking\" target=\"_self\" role=\"button\" rel=\"noopener noreferrer\">\n\t\t\t\t\t\t\tR\u00e9initialiser \u00e0 la valeur par d\u00e9faut\n\t\t\t\t\t<\/a>\n\t<h3>\n\t\t\t\tRECHERCHE DE CONTRIBUTIONS PAR MOTS CL\u00c9S\n\t\t\t<\/h3>\n\t\n\n<form method=\"get\" action=\"https:\/\/www.divis.eu\/fr\/\" class=\"form-inline\">\n\n \n  <div class=\"form-group \">\n\n      <input type=\"hidden\" name=\"cat\" id=\"cat\" value=\"157,158,159,170\"\/>\n           <input type=\"text\"  name=\"s\" value=\"\"  placeholder=\"Mot de recherche\"  \/>\n  <\/div>\n  <button type=\"submit\" class=\"btn btn-primary \" style=\"background-color: #cfd93f; border-color: #cfd93f; color: #08305a\">chercher<\/button>\n<\/form>\n\n\n\n\n\n\n\t\t\t\t\t\t\t\t\t\t\t\t\t\t<a href=\"https:\/\/www.divis.eu\/fr\/nouvelles-fonctionnalites-dans-cargovis-et-parcelvis-version-1-6-3-0\/\" target=\"_self\" title=\"Nouvelles fonctionnalit\u00e9s dans CargoVIS et ParcelVIS version 1.6.3.0\" rel=\"noopener noreferrer\">\n\t\t\t\t<img decoding=\"async\" src=\"https:\/\/www.divis.eu\/wp-content\/uploads\/2020\/06\/release-note-FR-featured.gif\" alt=\"\" \/>\n\t\t\t\t<\/a>\n\t\t\t\t\t\t<h4>\n\t\t\t\t<a href=https:\/\/www.divis.eu\/fr\/nouvelles-fonctionnalites-dans-cargovis-et-parcelvis-version-1-6-3-0\/ title=\"Nouvelles fonctionnalit\u00e9s dans CargoVIS et ParcelVIS version 1.6.3.0\" tabindex=\"0\">Nouvelles fonctionnalit\u00e9s dans CargoVIS et ParcelVIS version 1.6.3.0<\/a>\t\t\t<\/h4>\n\t\t\t\t\t\t\t\tLa version de mise \u00e0 jour actuelle de nos produits logiciels ParcelVIS et CargoVIS offre des fonctionnalit\u00e9s optimis\u00e9es et a \u00e9t\u00e9 enrichie de nouvelles options. Pour en savoir plus.\n\t\t\t<a href=\"https:\/\/www.divis.eu\/fr\/nouvelles-fonctionnalites-dans-cargovis-et-parcelvis-version-1-6-3-0\/\" target=\"_self\" role=\"button\" rel=\"noopener noreferrer\">\n\t\t\t\t\t\t\tPoursuivre la lecture\n\t\t<\/a>\n\t\t\t\t\t\t\t\t\t\t\t\t\t\t<a href=\"https:\/\/www.divis.eu\/fr\/note-de-mise-a-jour-du-logiciel-cargovis-parcelvis-visplayer-1-6\/\" target=\"_self\" title=\"Note de mise \u00e0 jour du logiciel CargoVIS\/ParcelVIS\/VISPlayer 1.6.\" rel=\"noopener noreferrer\">\n\t\t\t\t<img decoding=\"async\" src=\"https:\/\/www.divis.eu\/wp-content\/uploads\/2020\/01\/release-note-featured-FR.gif\" alt=\"Link+ in CargoVIS\" \/>\n\t\t\t\t<\/a>\n\t\t\t\t\t\t<h4>\n\t\t\t\t<a href=https:\/\/www.divis.eu\/fr\/note-de-mise-a-jour-du-logiciel-cargovis-parcelvis-visplayer-1-6\/ title=\"Note de mise \u00e0 jour du logiciel CargoVIS\/ParcelVIS\/VISPlayer 1.6.\" tabindex=\"0\">Note de mise \u00e0 jour du logiciel CargoVIS\/ParcelVIS\/VISPlayer 1.6.<\/a>\t\t\t<\/h4>\n\t\t\t\t\t\t\t\tLa derni\u00e8re version de mise \u00e0 jour de nos produits logiciels ParcelVIS et CargoVIS offre des fonctionnalit\u00e9s optimis\u00e9es et a \u00e9t\u00e9 enrichie de nouvelles options. Pour en savoir plus, cliquez ici.\n\t\t\t<a href=\"https:\/\/www.divis.eu\/fr\/note-de-mise-a-jour-du-logiciel-cargovis-parcelvis-visplayer-1-6\/\" target=\"_self\" role=\"button\" rel=\"noopener noreferrer\">\n\t\t\t\t\t\t\tPoursuivre la lecture\n\t\t<\/a>\n\t\t\t\t\t\t\t\t\t\t\t\t\t\t<a href=\"https:\/\/www.divis.eu\/fr\/nouvelles-fonctionnalites-dans-cargovis-et-parcelvis-version-1-5\/\" target=\"_self\" title=\"Nouvelles fonctionnalit\u00e9s dans CargoVIS et ParcelVIS version 1.5.\" rel=\"noopener noreferrer\">\n\t\t\t\t<img decoding=\"async\" src=\"https:\/\/www.divis.eu\/wp-content\/uploads\/2019\/05\/release-note-featured-fr.gif\" alt=\"Release Note\" \/>\n\t\t\t\t<\/a>\n\t\t\t\t\t\t<h4>\n\t\t\t\t<a href=https:\/\/www.divis.eu\/fr\/nouvelles-fonctionnalites-dans-cargovis-et-parcelvis-version-1-5\/ title=\"Nouvelles fonctionnalit\u00e9s dans CargoVIS et ParcelVIS version 1.5.\" tabindex=\"0\">Nouvelles fonctionnalit\u00e9s dans CargoVIS et ParcelVIS version 1.5.<\/a>\t\t\t<\/h4>\n\t\t\t\t\t\t\t\tUne mise \u00e0 jour est actuellement disponible pour CargoVIS, notre logiciel de gestion vid\u00e9o pour les envois palettis\u00e9s, et ParcelVIS, notre logiciel pour la recherche de colis par imagerie dans le d\u00e9p\u00f4t de transbordement. Aujourd&rsquo;hui, nous vous pr\u00e9sentons les innovations incorpor\u00e9es.\n\t\t\t<a href=\"https:\/\/www.divis.eu\/fr\/nouvelles-fonctionnalites-dans-cargovis-et-parcelvis-version-1-5\/\" target=\"_self\" role=\"button\" rel=\"noopener noreferrer\">\n\t\t\t\t\t\t\tPoursuivre la lecture\n\t\t<\/a>\n\t\t\t\t\t\t\t\t\t\t\t\t\t\t<a href=\"https:\/\/www.divis.eu\/fr\/release-note-logiciels-version-1-4-1-optimisations-dans-cargovis-et-parcelvis\/\" target=\"_self\" title=\"Release Note logiciels version 1.4.1 : Optimisations dans CargoVIS et ParcelVIS\" rel=\"noopener noreferrer\">\n\t\t\t\t<img decoding=\"async\" src=\"https:\/\/www.divis.eu\/wp-content\/uploads\/2018\/09\/software-release-note-featured-FR.gif\" alt=\"Nouvelles fonctionnalit\u00e9s de CargoVIS &amp; ParcelVIS\" \/>\n\t\t\t\t<\/a>\n\t\t\t\t\t\t<h4>\n\t\t\t\t<a href=https:\/\/www.divis.eu\/fr\/release-note-logiciels-version-1-4-1-optimisations-dans-cargovis-et-parcelvis\/ title=\"Release Note logiciels version 1.4.1 : Optimisations dans CargoVIS et ParcelVIS\" tabindex=\"0\">Release Note logiciels version 1.4.1 : Optimisations dans CargoVIS et ParcelVIS<\/a>\t\t\t<\/h4>\n\t\t\t\t\t\t\t\tAujourd&rsquo;hui, nous aimerions vous pr\u00e9senter les derni\u00e8res innovations de CargoVIS, notre logiciel de gestion vid\u00e9o pour les marchandises palettis\u00e9es, et de ParcelVIS, notre logiciel de recherche de colis guid\u00e9e par images dans le d\u00e9p\u00f4t de transbordement.\n\t\t\t<a href=\"https:\/\/www.divis.eu\/fr\/release-note-logiciels-version-1-4-1-optimisations-dans-cargovis-et-parcelvis\/\" target=\"_self\" role=\"button\" rel=\"noopener noreferrer\">\n\t\t\t\t\t\t\tPoursuivre la lecture\n\t\t<\/a>\n\t\t\t\t\t\t\t\t\t\t\t\t\t\t<a href=\"https:\/\/www.divis.eu\/fr\/apercu-de-la-version-1-4-nouvelle-fonctionnalites-cargovis-et-parcelvis\/\" target=\"_self\" title=\"Aper\u00e7u de la version 1.4: nouvelle fonctionnalit\u00e9s CargoVIS et ParcelVIS\" rel=\"noopener noreferrer\">\n\t\t\t\t<img decoding=\"async\" src=\"https:\/\/www.divis.eu\/wp-content\/uploads\/2018\/09\/software-release-note-featured-EN.gif\" alt=\"Videomanagement-Software Logistik DIVIS\" \/>\n\t\t\t\t<\/a>\n\t\t\t\t\t\t<h4>\n\t\t\t\t<a href=https:\/\/www.divis.eu\/fr\/apercu-de-la-version-1-4-nouvelle-fonctionnalites-cargovis-et-parcelvis\/ title=\"Aper\u00e7u de la version 1.4: nouvelle fonctionnalit\u00e9s CargoVIS et ParcelVIS\" tabindex=\"0\">Aper\u00e7u de la version 1.4: nouvelle fonctionnalit\u00e9s CargoVIS et ParcelVIS<\/a>\t\t\t<\/h4>\n\t\t\t\t\t\t\t\tDans nos deux logiciels \u00e9prouv\u00e9s, CargoVIS (pour le suivi visuel des envois palettis\u00e9s) et ParcelVIS (pour le suivi des colis dans les d\u00e9p\u00f4ts et les hubs), nous avons optimis\u00e9 les fonctionnalit\u00e9s existantes et ajout\u00e9 de nouvelles options &#8230;\n\t\t\t<a href=\"https:\/\/www.divis.eu\/fr\/apercu-de-la-version-1-4-nouvelle-fonctionnalites-cargovis-et-parcelvis\/\" target=\"_self\" role=\"button\" rel=\"noopener noreferrer\">\n\t\t\t\t\t\t\tPoursuivre la lecture\n\t\t<\/a>\n\t\t\t\t<img decoding=\"async\" src=\"https:\/\/www.divis.eu\/wp-content\/uploads\/2018\/01\/kundenlogo-CTL.png\" alt=\"kundenlogo-CTL\" itemprop=\"image\" height=\"51\" width=\"120\" title=\"kundenlogo-CTL\" onerror=\"this.style.display='none'\"  \/>\n\t\t\t\t<img decoding=\"async\" src=\"https:\/\/www.divis.eu\/wp-content\/uploads\/2018\/01\/kundenlogo-dpd.png\" alt=\"kundenlogo-dpd\" itemprop=\"image\" height=\"51\" width=\"120\" title=\"kundenlogo-dpd\" onerror=\"this.style.display='none'\"  \/>\n\t\t\t\t<img decoding=\"async\" src=\"https:\/\/www.divis.eu\/wp-content\/uploads\/2018\/01\/kundenlogo-panalpina.png\" alt=\"kundenlogo-panalpina\" itemprop=\"image\" height=\"51\" width=\"120\" title=\"kundenlogo-panalpina\" onerror=\"this.style.display='none'\"  \/>\n\t\t\t\t<img decoding=\"async\" src=\"https:\/\/www.divis.eu\/wp-content\/uploads\/2018\/01\/kundenlogo-online.png\" alt=\"kundenlogo-online\" itemprop=\"image\" height=\"51\" width=\"120\" title=\"kundenlogo-online\" onerror=\"this.style.display='none'\"  \/>\n\t\t\t\t<img decoding=\"async\" src=\"https:\/\/www.divis.eu\/wp-content\/uploads\/2018\/01\/kundenlogo-rhenus.png\" alt=\"Rhenus Logistics | DIVIS-Kunde\" title=\"kundenlogo-rhenus\" itemprop=\"image\"  \/>\n\t\t\t\t<img decoding=\"async\" src=\"https:\/\/www.divis.eu\/wp-content\/uploads\/2018\/01\/kundenlogo-tsb.png\" alt=\"kundenlogo-tsb\" itemprop=\"image\" height=\"51\" width=\"120\" title=\"kundenlogo-tsb\" onerror=\"this.style.display='none'\"  \/>\n\t\t\t\t<img decoding=\"async\" src=\"https:\/\/www.divis.eu\/wp-content\/uploads\/2018\/01\/kundenlogo-gebrueder-weiss.png\" alt=\"Gebr\u00fcder Weiss | DIVIS-Kunde\" itemprop=\"image\" height=\"51\" width=\"150\" title=\"kundenlogo-gebrueder-weiss\" onerror=\"this.style.display='none'\"  \/>\n\t\t\t\t<img decoding=\"async\" src=\"https:\/\/www.divis.eu\/wp-content\/uploads\/2018\/01\/kundenlogo-tchibo.png\" alt=\"Tchibo | DIVIS-Kunde\" title=\"kundenlogo-tchibo\" itemprop=\"image\"  \/>\n\t\t\t\t<img decoding=\"async\" src=\"https:\/\/www.divis.eu\/wp-content\/uploads\/2018\/01\/kundenlogo-24plus.png\" alt=\"kundenlogo-24plus\" itemprop=\"image\" height=\"51\" width=\"120\" title=\"kundenlogo-24plus\" onerror=\"this.style.display='none'\"  \/>\n\t\t\t\t<img decoding=\"async\" src=\"https:\/\/www.divis.eu\/wp-content\/uploads\/2018\/01\/kundenlogo-raben.png\" alt=\"Raben Group | DIVIS-Kunde\" title=\"kundenlogo-raben\" itemprop=\"image\"  \/>\n\t\t\t\t<img decoding=\"async\" src=\"https:\/\/www.divis.eu\/wp-content\/uploads\/2018\/01\/kundenlogo-geis.png\" alt=\"Spedition Geis | DIVIS-Kunde\" title=\"kundenlogo-geis\" itemprop=\"image\"  \/>\n\t\t\t\t<img decoding=\"async\" src=\"https:\/\/www.divis.eu\/wp-content\/uploads\/2018\/01\/kundenlogo-zufall.png\" alt=\"kundenlogo-zufall\" itemprop=\"image\" height=\"51\" width=\"120\" title=\"kundenlogo-zufall\" onerror=\"this.style.display='none'\"  \/>\n","protected":false},"excerpt":{"rendered":"<p>DIVIS Conseils produits Nouvelles DIVIS Conseils produits Informations g\u00e9n\u00e9rales Note de mise \u00e0 jour pour nos logiciels CargoVIS et ParcelVIS FILTRE CargoVIS ParcelVIS Note de mise R\u00e9initialiser \u00e0 la valeur par d\u00e9faut RECHERCHE DE CONTRIBUTIONS PAR MOTS CL\u00c9S Nouvelles fonctionnalit\u00e9s dans CargoVIS et ParcelVIS version 1.6.3.0 La version de mise \u00e0 jour actuelle de nos&hellip;<\/p>\n","protected":false},"author":1,"featured_media":0,"parent":0,"menu_order":0,"comment_status":"closed","ping_status":"closed","template":"","meta":{"footnotes":""},"class_list":["post-19783","page","type-page","status-publish","hentry"],"yoast_head":"<!-- This site is optimized with the Yoast SEO plugin v27.4 - https:\/\/yoast.com\/product\/yoast-seo-wordpress\/ -->\n<title>Conseils | DIVIS Note de mise \u00e0 jour de logiciel CargoVIS &amp; ParcelVIS<\/title>\n<meta name=\"description\" content=\"Note de mise \u00e0 jour de logiciel: Mise \u00e0 jour des informations sur les logiciels CargoVIS et ParcelVIS pour le suivi vid\u00e9o des marchandises en logistique\" \/>\n<meta name=\"robots\" content=\"index, follow, max-snippet:-1, max-image-preview:large, max-video-preview:-1\" \/>\n<link rel=\"canonical\" href=\"https:\/\/www.divis.eu\/fr\/note-de-mise-a-jour-de-logiciel-divis-suivi-video-des-marchandises\/\" \/>\n<meta property=\"og:locale\" content=\"fr_FR\" \/>\n<meta property=\"og:type\" content=\"article\" \/>\n<meta property=\"og:title\" content=\"Conseils | DIVIS Note de mise \u00e0 jour de logiciel CargoVIS &amp; ParcelVIS\" \/>\n<meta property=\"og:description\" content=\"Note de mise \u00e0 jour de logiciel: Mise \u00e0 jour des informations sur les logiciels CargoVIS et ParcelVIS pour le suivi vid\u00e9o des marchandises en logistique\" \/>\n<meta property=\"og:url\" content=\"https:\/\/www.divis.eu\/fr\/note-de-mise-a-jour-de-logiciel-divis-suivi-video-des-marchandises\/\" \/>\n<meta property=\"og:site_name\" content=\"DIVIS - The intelligent view\" \/>\n<meta property=\"article:modified_time\" content=\"2020-07-31T16:26:01+00:00\" \/>\n<meta property=\"og:image\" content=\"https:\/\/www.divis.eu\/wp-content\/uploads\/2018\/11\/sprechblase-newsletter-abo-fr.png\" \/>\n<meta name=\"twitter:card\" content=\"summary_large_image\" \/>\n<meta name=\"twitter:label1\" content=\"Dur\u00e9e de lecture estim\u00e9e\" \/>\n\t<meta name=\"twitter:data1\" content=\"2 minutes\" \/>\n<script type=\"application\/ld+json\" class=\"yoast-schema-graph\">{\"@context\":\"https:\\\/\\\/schema.org\",\"@graph\":[{\"@type\":\"WebPage\",\"@id\":\"https:\\\/\\\/www.divis.eu\\\/fr\\\/note-de-mise-a-jour-de-logiciel-divis-suivi-video-des-marchandises\\\/\",\"url\":\"https:\\\/\\\/www.divis.eu\\\/fr\\\/note-de-mise-a-jour-de-logiciel-divis-suivi-video-des-marchandises\\\/\",\"name\":\"Conseils | DIVIS Note de mise \u00e0 jour de logiciel CargoVIS & ParcelVIS\",\"isPartOf\":{\"@id\":\"https:\\\/\\\/www.divis.eu\\\/#website\"},\"primaryImageOfPage\":{\"@id\":\"https:\\\/\\\/www.divis.eu\\\/fr\\\/note-de-mise-a-jour-de-logiciel-divis-suivi-video-des-marchandises\\\/#primaryimage\"},\"image\":{\"@id\":\"https:\\\/\\\/www.divis.eu\\\/fr\\\/note-de-mise-a-jour-de-logiciel-divis-suivi-video-des-marchandises\\\/#primaryimage\"},\"thumbnailUrl\":\"https:\\\/\\\/www.divis.eu\\\/wp-content\\\/uploads\\\/2018\\\/11\\\/sprechblase-newsletter-abo-fr.png\",\"datePublished\":\"2020-07-22T23:30:09+00:00\",\"dateModified\":\"2020-07-31T16:26:01+00:00\",\"description\":\"Note de mise \u00e0 jour de logiciel: Mise \u00e0 jour des informations sur les logiciels CargoVIS et ParcelVIS pour le suivi vid\u00e9o des marchandises en logistique\",\"breadcrumb\":{\"@id\":\"https:\\\/\\\/www.divis.eu\\\/fr\\\/note-de-mise-a-jour-de-logiciel-divis-suivi-video-des-marchandises\\\/#breadcrumb\"},\"inLanguage\":\"fr-FR\",\"potentialAction\":[{\"@type\":\"ReadAction\",\"target\":[\"https:\\\/\\\/www.divis.eu\\\/fr\\\/note-de-mise-a-jour-de-logiciel-divis-suivi-video-des-marchandises\\\/\"]}]},{\"@type\":\"ImageObject\",\"inLanguage\":\"fr-FR\",\"@id\":\"https:\\\/\\\/www.divis.eu\\\/fr\\\/note-de-mise-a-jour-de-logiciel-divis-suivi-video-des-marchandises\\\/#primaryimage\",\"url\":\"https:\\\/\\\/www.divis.eu\\\/wp-content\\\/uploads\\\/2018\\\/11\\\/sprechblase-newsletter-abo-fr.png\",\"contentUrl\":\"https:\\\/\\\/www.divis.eu\\\/wp-content\\\/uploads\\\/2018\\\/11\\\/sprechblase-newsletter-abo-fr.png\"},{\"@type\":\"BreadcrumbList\",\"@id\":\"https:\\\/\\\/www.divis.eu\\\/fr\\\/note-de-mise-a-jour-de-logiciel-divis-suivi-video-des-marchandises\\\/#breadcrumb\",\"itemListElement\":[{\"@type\":\"ListItem\",\"position\":1,\"name\":\"Startseite\",\"item\":\"https:\\\/\\\/www.divis.eu\\\/fr\\\/\"},{\"@type\":\"ListItem\",\"position\":2,\"name\":\"Note de mise \u00e0 jour de logiciel DIVIS | Suivi vid\u00e9o des marchandises\"}]},{\"@type\":\"WebSite\",\"@id\":\"https:\\\/\\\/www.divis.eu\\\/#website\",\"url\":\"https:\\\/\\\/www.divis.eu\\\/\",\"name\":\"DIVIS - The intelligent view\",\"description\":\"Videosysteml\u00f6sungen f\u00fcr Umschlags- und Warenlager\",\"potentialAction\":[{\"@type\":\"SearchAction\",\"target\":{\"@type\":\"EntryPoint\",\"urlTemplate\":\"https:\\\/\\\/www.divis.eu\\\/?s={search_term_string}\"},\"query-input\":{\"@type\":\"PropertyValueSpecification\",\"valueRequired\":true,\"valueName\":\"search_term_string\"}}],\"inLanguage\":\"fr-FR\"}]}<\/script>\n<!-- \/ Yoast SEO plugin. -->","yoast_head_json":{"title":"Conseils | DIVIS Note de mise \u00e0 jour de logiciel CargoVIS & ParcelVIS","description":"Note de mise \u00e0 jour de logiciel: Mise \u00e0 jour des informations sur les logiciels CargoVIS et ParcelVIS pour le suivi vid\u00e9o des marchandises en logistique","robots":{"index":"index","follow":"follow","max-snippet":"max-snippet:-1","max-image-preview":"max-image-preview:large","max-video-preview":"max-video-preview:-1"},"canonical":"https:\/\/www.divis.eu\/fr\/note-de-mise-a-jour-de-logiciel-divis-suivi-video-des-marchandises\/","og_locale":"fr_FR","og_type":"article","og_title":"Conseils | DIVIS Note de mise \u00e0 jour de logiciel CargoVIS & ParcelVIS","og_description":"Note de mise \u00e0 jour de logiciel: Mise \u00e0 jour des informations sur les logiciels CargoVIS et ParcelVIS pour le suivi vid\u00e9o des marchandises en logistique","og_url":"https:\/\/www.divis.eu\/fr\/note-de-mise-a-jour-de-logiciel-divis-suivi-video-des-marchandises\/","og_site_name":"DIVIS - The intelligent view","article_modified_time":"2020-07-31T16:26:01+00:00","og_image":[{"url":"https:\/\/www.divis.eu\/wp-content\/uploads\/2018\/11\/sprechblase-newsletter-abo-fr.png","type":"","width":"","height":""}],"twitter_card":"summary_large_image","twitter_misc":{"Dur\u00e9e de lecture estim\u00e9e":"2 minutes"},"schema":{"@context":"https:\/\/schema.org","@graph":[{"@type":"WebPage","@id":"https:\/\/www.divis.eu\/fr\/note-de-mise-a-jour-de-logiciel-divis-suivi-video-des-marchandises\/","url":"https:\/\/www.divis.eu\/fr\/note-de-mise-a-jour-de-logiciel-divis-suivi-video-des-marchandises\/","name":"Conseils | DIVIS Note de mise \u00e0 jour de logiciel CargoVIS & ParcelVIS","isPartOf":{"@id":"https:\/\/www.divis.eu\/#website"},"primaryImageOfPage":{"@id":"https:\/\/www.divis.eu\/fr\/note-de-mise-a-jour-de-logiciel-divis-suivi-video-des-marchandises\/#primaryimage"},"image":{"@id":"https:\/\/www.divis.eu\/fr\/note-de-mise-a-jour-de-logiciel-divis-suivi-video-des-marchandises\/#primaryimage"},"thumbnailUrl":"https:\/\/www.divis.eu\/wp-content\/uploads\/2018\/11\/sprechblase-newsletter-abo-fr.png","datePublished":"2020-07-22T23:30:09+00:00","dateModified":"2020-07-31T16:26:01+00:00","description":"Note de mise \u00e0 jour de logiciel: Mise \u00e0 jour des informations sur les logiciels CargoVIS et ParcelVIS pour le suivi vid\u00e9o des marchandises en logistique","breadcrumb":{"@id":"https:\/\/www.divis.eu\/fr\/note-de-mise-a-jour-de-logiciel-divis-suivi-video-des-marchandises\/#breadcrumb"},"inLanguage":"fr-FR","potentialAction":[{"@type":"ReadAction","target":["https:\/\/www.divis.eu\/fr\/note-de-mise-a-jour-de-logiciel-divis-suivi-video-des-marchandises\/"]}]},{"@type":"ImageObject","inLanguage":"fr-FR","@id":"https:\/\/www.divis.eu\/fr\/note-de-mise-a-jour-de-logiciel-divis-suivi-video-des-marchandises\/#primaryimage","url":"https:\/\/www.divis.eu\/wp-content\/uploads\/2018\/11\/sprechblase-newsletter-abo-fr.png","contentUrl":"https:\/\/www.divis.eu\/wp-content\/uploads\/2018\/11\/sprechblase-newsletter-abo-fr.png"},{"@type":"BreadcrumbList","@id":"https:\/\/www.divis.eu\/fr\/note-de-mise-a-jour-de-logiciel-divis-suivi-video-des-marchandises\/#breadcrumb","itemListElement":[{"@type":"ListItem","position":1,"name":"Startseite","item":"https:\/\/www.divis.eu\/fr\/"},{"@type":"ListItem","position":2,"name":"Note de mise \u00e0 jour de logiciel DIVIS | Suivi vid\u00e9o des marchandises"}]},{"@type":"WebSite","@id":"https:\/\/www.divis.eu\/#website","url":"https:\/\/www.divis.eu\/","name":"DIVIS - The intelligent view","description":"Videosysteml\u00f6sungen f\u00fcr Umschlags- und Warenlager","potentialAction":[{"@type":"SearchAction","target":{"@type":"EntryPoint","urlTemplate":"https:\/\/www.divis.eu\/?s={search_term_string}"},"query-input":{"@type":"PropertyValueSpecification","valueRequired":true,"valueName":"search_term_string"}}],"inLanguage":"fr-FR"}]}},"_links":{"self":[{"href":"https:\/\/www.divis.eu\/fr\/wp-json\/wp\/v2\/pages\/19783","targetHints":{"allow":["GET"]}}],"collection":[{"href":"https:\/\/www.divis.eu\/fr\/wp-json\/wp\/v2\/pages"}],"about":[{"href":"https:\/\/www.divis.eu\/fr\/wp-json\/wp\/v2\/types\/page"}],"author":[{"embeddable":true,"href":"https:\/\/www.divis.eu\/fr\/wp-json\/wp\/v2\/users\/1"}],"replies":[{"embeddable":true,"href":"https:\/\/www.divis.eu\/fr\/wp-json\/wp\/v2\/comments?post=19783"}],"version-history":[{"count":0,"href":"https:\/\/www.divis.eu\/fr\/wp-json\/wp\/v2\/pages\/19783\/revisions"}],"wp:attachment":[{"href":"https:\/\/www.divis.eu\/fr\/wp-json\/wp\/v2\/media?parent=19783"}],"curies":[{"name":"wp","href":"https:\/\/api.w.org\/{rel}","templated":true}]}}