{"id":19868,"date":"2018-02-15T16:16:40","date_gmt":"2018-02-15T16:16:40","guid":{"rendered":"https:\/\/www.divis.eu\/modules-logistics-video-surveillance\/"},"modified":"2020-08-02T19:52:58","modified_gmt":"2020-08-02T19:52:58","slug":"modules-pour-votre-logistique-avec-videosurveillance","status":"publish","type":"page","link":"https:\/\/www.divis.eu\/fr\/modules-pour-votre-logistique-avec-videosurveillance\/","title":{"rendered":"Modules pour votre logistique avec vid\u00e9osurveillance"},"content":{"rendered":"\n\t\t\t\t<img decoding=\"async\" src=\"https:\/\/www.divis.eu\/wp-content\/uploads\/2018\/02\/titelgraafik-module7.png\" alt=\"DIVIS-Software | Logistik mit Video\u00fcberwachung\" title=\"titelgraafik-module7\" itemprop=\"image\"  \/>\n<h1>\n\t\tFonction Plus<sup>+<\/sup> polyvalentes\n\t<\/h1>\n<h1>\n\t\tdans les entrep\u00f4ts et dans les d\u00e9p\u00f4ts\n\t<\/h1>\n<h2>\n\t\tRecherche des envois.<br>Analyse des processus.<br>Optimisation des processus.\n\t<\/h2>\n\t\t\t<a href=\"#\" target=\"_self\" role=\"button\" rel=\"noopener noreferrer\">\n\t\t\t\t\t\t\tPr\u00e9sentation du module\n\t\t<\/a>\n\t\t\t\t<img decoding=\"async\" src=\"https:\/\/www.divis.eu\/wp-content\/uploads\/2018\/02\/titelgraafik-module7.png\" alt=\"DIVIS-Software | Logistik mit Video\u00fcberwachung\" title=\"titelgraafik-module7\" itemprop=\"image\"  \/>\n<h1>\n\t\tCargoVIS &#038; ParcelVIS\n\t<\/h1>\n<h1>\n\t\tFonctions Plus<sup>+<\/sup> dans la licence de base\n\t<\/h1>\n\t<p>Optimisez votre logistique par la vid\u00e9osurveillance avec les solutions syst\u00e8me de DIVIS. En tant que client de <a href=\"https:\/\/www.divis.eu\/fr\/logiciel-de-gestion-video-cargovis-pour-les-entrepots-de-transbordement\/\">CargoVIS<\/a> ou de <a href=\"https:\/\/www.divis.eu\/fr\/parcelvis-recherche-denvois-guidee-par-images-dans-les-entrepots-de-transbordement\/\">ParcelVIS<\/a>, quelques -uns des modules suivants sont disponibles sans suppl\u00e9ment dans votre licence de base.<\/p>\n\t\t\t\t<img decoding=\"async\" src=\"https:\/\/www.divis.eu\/wp-content\/uploads\/2020\/07\/modul-motion-plus.png\" alt=\"modul-motion-plus\" title=\"modul-motion-plus\" itemprop=\"image\"\/>\n\t\t<h4>Fonctions Plus<sup>+<\/sup> dans la licence de base CargoVIS &#038; ParcelVIS<\/h4><h3>Motion<sup>+<\/sup><\/h3>\t\t\t\n\t<h3>Recherche cibl\u00e9e \u00e9galement dans les zones mouvement\u00e9es<\/h3>\n<strong>Une logistique efficace gr\u00e2ce \u00e0 la vid\u00e9osurveillance<\/strong> : Ne regardez que les images vraiment pertinentes et \u00e9vitez les longues \u00ab s\u00e9quences d&rsquo;images arr\u00eat\u00e9es \u00bb.<br \/>\nMotion<sup>+<\/sup> permet une recherche cibl\u00e9e et rapide, m\u00eame dans des sections d&rsquo;images tr\u00e8s grand angle avec beaucoup de mouvement. Les donn\u00e9es d&rsquo;image sont disponibles imm\u00e9diatement et sans retard pendant la lecture \u00e0 l&rsquo;aide d&rsquo;un proc\u00e9d\u00e9 sp\u00e9cial. Dans une grille pr\u00e9d\u00e9finie, vous s\u00e9lectionnez un ou plusieurs \u00e9v\u00e9nements pour lesquels vous souhaitez effectuer une recherche. Utilisez la molette de la souris pour naviguer rapidement entre les \u00e9v\u00e9nements.\n\t\t\t\t<img decoding=\"async\" src=\"https:\/\/www.divis.eu\/wp-content\/uploads\/2018\/11\/motion-plus-infografik-FR.png\" alt=\"Motion+ pour CargoVIS | Module logiciel\" title=\"motion-plus-infografik-FR\" itemprop=\"image\"  \/>\n\tMotion<sup>+<\/sup> permet m\u00eame la recherche cibl\u00e9e d&rsquo;envois masqu\u00e9s par d&rsquo;autres marchandises.<br \/>\nLors de la recherche dans des zones avec des mouvements fluctuants, par exemple aux portes pendant le chargement et le d\u00e9chargement, Motion<sup>+<\/sup> n&rsquo;affiche que les zones pertinentes dans lesquelles l&rsquo;activit\u00e9 a lieu. Inversement, Motion<sup>+<\/sup> pour le suivi des envois bas\u00e9 sur l&rsquo;image permet une recherche cibl\u00e9e et rapide, m\u00eame lorsque l&rsquo;image de la cam\u00e9ra est en mouvement constant.\n\t\t\t<a href=\"https:\/\/www.divis.eu\/fr\/video-produit-suivi-des-envois-guide-par-images-motion-plus\/\" target=\"_self\" role=\"button\" rel=\"noopener noreferrer\">\n\t\t\t\t\t\t\tVid\u00e9o produit Motion <sup> + <\/sup>\n\t\t<\/a>\n\t\t\t\t<img decoding=\"async\" src=\"https:\/\/www.divis.eu\/wp-content\/uploads\/2020\/07\/modul-link-plus.png\" alt=\"modul-link-plus\" title=\"modul-link-plus\" itemprop=\"image\"\/>\n\t\t<h4>Fonctions Plus<sup>+<\/sup> dans la licence de base CargoVIS<\/h4><h3>Link<sup>+<\/sup><\/h3>\t\t\t\n\t<h3>En un seul clic commencer la recherche \u00e0 partir de votre logiciel de transport<br \/>\n<\/h3>\n<p>Plus rapide et plus pratique pour votre recherche avec le d\u00e9marrage rapide \u00e0 partir du logiciel de transport en un seul clic. Le module Link<sup>+<\/sup> garantit que les donn\u00e9es d&rsquo;envoi pour la recherche CargoVIS ou ParcelVIS sont automatiquement transf\u00e9r\u00e9es \u00e0 partir du logiciel d\u2019exp\u00e9dition. Notre module fonctionne avec diff\u00e9rents produits logiciels (p. ex. logiciel d\u2019exp\u00e9dition d\u2019active logistics).<\/p>\n\t<p><img decoding=\"async\" src=\"https:\/\/www.divis.eu\/wp-content\/uploads\/2018\/11\/link-plus-fr.png\" alt=\"Link+ pour CargoVIS | Module logiciel\" width=\"482\" height=\"160\" \/><\/p>\n<p>Voulez-vous savoir si Link<sup>+<\/sup> fonctionne \u00e9galement avec votre syst\u00e8me ? \u00a0<a href=\"#kontakt\">N&rsquo;h\u00e9sitez pas \u00e0 nous contacter.<\/a><\/p>\n\t\t\t<a href=\"https:\/\/www.divis.eu\/fr\/modules-pour-le-logiciel-de-gestion-video-pour-votre-logistique\/\" target=\"_self\" role=\"button\" rel=\"noopener noreferrer\">\n\t\t\t\t\t\t\tModules optionnels\n\t\t<\/a>\n\t<h3>Flexibilit\u00e9<br>Quelque chose d\u2019innovant<\/h3>\n\t<p>Des extensions fut\u00e9es<br>pour votre logiciel<\/p>\n<h2>\n\t\tSolutions de vid\u00e9osurveillance pour la logistique\n\t<\/h2>\n\t\t\t\t<img decoding=\"async\" src=\"https:\/\/www.divis.eu\/wp-content\/uploads\/2018\/01\/logo-cargovis-gr.png\" alt=\"logo-cargovis-gr\" title=\"logo-cargovis-gr\" itemprop=\"image\"\/>\n\t\t<h3>Aper\u00e7u rapide des envois palettis\u00e9s avec CargoVIS<\/h3>\t\t\t\n\t\t\t\t<p>Avec notre logiciel de gestion vid\u00e9o pour les entrep\u00f4ts de transbordement, CargoVIS, nous vous offrons une solution syst\u00e8me compl\u00e8te et facile \u00e0 utiliser pour la recherche par images et le suivi des envois de marchandises palettis\u00e9es.<\/p>\n\t\t\t<a href=\"https:\/\/www.divis.eu\/fr\/logiciel-de-gestion-video-cargovis-pour-les-entrepots-de-transbordement\/\" target=\"_self\" role=\"button\" rel=\"noopener noreferrer\">\n\t\t\t\t\t\t\tEn savoir plus sur CargoVIS\n\t\t<\/a>\n\t\t\t\t<img decoding=\"async\" src=\"https:\/\/www.divis.eu\/wp-content\/uploads\/2018\/01\/logo-parcelvis-gr.png\" alt=\"\" title=\"\" itemprop=\"image\"\/>\n\t\t<h3>ParcelVIS pour l\u2019entrep\u00f4t de transbordement &#038; fournisseur de services CEP<\/h3>\t\t\t\n<p>\u00c9conomisez du temps et de l&rsquo;argent et laissez ParcelVIS travailler efficacement pour vous avec la recherche d&rsquo;envois par images dans l&rsquo;entrep\u00f4t de transbordement\u00a0: La saisie du num\u00e9ro de l&rsquo;\u00e9tiquette du colis est la cl\u00e9 de toutes les informations n\u00e9cessaires \u00e0 la localisation et l&rsquo;\u00e9tat d&rsquo;un envoi pour tous les \u00e9v\u00e9nements de num\u00e9risation qui ont eu lieu.<\/p>\n\t\t\t<a href=\"https:\/\/www.divis.eu\/fr\/parcelvis-recherche-denvois-guidee-par-images-dans-les-entrepots-de-transbordement\/\" target=\"_self\" role=\"button\" rel=\"noopener noreferrer\">\n\t\t\t\t\t\t\tEn savoir plus sur ParcelVIS\n\t\t<\/a>\n\t\t\t\t<img decoding=\"async\" src=\"https:\/\/www.divis.eu\/wp-content\/uploads\/2018\/01\/logo-tsb.png\" alt=\"logo-tsb\" title=\"logo-tsb\" itemprop=\"image\"\/>\n\t\t\t\t\t\t\t\t<h3 class='uabb-testimonial-author-name testimonial-author-name'>TSBtrans<\/h3>\t\t\t\t\t\t\t\t\n\t\t\t\t\t\t\t\t\tEspagne\t\t\t\t\t\t\t\t\n\t\t\t\t\t\t\t<blockquote><p>\u00ab\u00a0CargoVIS est absolument fiable, gr\u00e2ce \u00e0 ses capacit\u00e9s de suivi, l&rsquo;investissement pour TSB s&rsquo;est amorti en moins d&rsquo;un an en trouvant les palettes manquantes et en identifiant les sources de dommages.\u00a0\u00bb<\/p><\/blockquote>\t\t\t\t\t\t\n\t\t\t\t<img decoding=\"async\" src=\"https:\/\/www.divis.eu\/wp-content\/uploads\/2018\/01\/logo-lagermax.png\" alt=\"logo-lagermax\" title=\"logo-lagermax\" itemprop=\"image\"\/>\n\t\t\t\t\t\t\t\t<h3 class='uabb-testimonial-author-name testimonial-author-name'>Lagermax Paketdienst GmbH &amp; Co KG<\/h3>\t\t\t\t\t\t\t\t\n\t\t\t\t\t\t\t\t\tAutriche\t\t\t\t\t\t\t\t\n\t\t\t\t\t\t\t<blockquote><p>\u00ab\u00a0Nous utilisons ParcelVIS de DIVIS depuis 5 ans et n&rsquo;avons jamais rencontr\u00e9 de probl\u00e8mes.\u00a0\u00bb<\/p><\/blockquote>\t\t\t\t\t\t\n\t\t\t\t<img decoding=\"async\" src=\"https:\/\/www.divis.eu\/wp-content\/uploads\/2018\/01\/logo-voigt-invers.png\" alt=\"logo-voigt-invers\" title=\"logo-voigt-invers\" itemprop=\"image\"\/>\n\t\t\t\t\t\t\t\t<h3 class='uabb-testimonial-author-name testimonial-author-name'>Herbert Voigt GmbH &amp; Co. KG<\/h3>\t\t\t\t\t\t\t\t\n\t\t\t\t\t\t\t\t\tAllemagne\t\t\t\t\t\t\t\t\n\t\t\t\t\t\t\t<blockquote><p>\u00ab\u00a0Avec DIVIS, nous avons trouv\u00e9 un partenaire comp\u00e9tent qui a toujours une solution pour nos propres id\u00e9es.\u00a0\u00bb<\/p><\/blockquote>\t\t\t\t\t\t\n\t\t\t\t<img decoding=\"async\" src=\"https:\/\/www.divis.eu\/wp-content\/uploads\/2018\/01\/logo-schmalz-schoen.png\" alt=\"logo-schmalz-schoen\" title=\"logo-schmalz-schoen\" itemprop=\"image\"\/>\n\t\t\t\t\t\t\t\t<h3 class='uabb-testimonial-author-name testimonial-author-name'>SCHMALZ+SCH\u00d6N Logistics GmbH<\/h3>\t\t\t\t\t\t\t\t\n\t\t\t\t\t\t\t\t\tAllemagne\t\t\t\t\t\t\t\t\n\t\t\t\t\t\t\t<blockquote><p>\u00ab\u00a0La solution parfaite m\u00eame pour les zones de transbordement h\u00e9t\u00e9rog\u00e8nes &#8211; la vid\u00e9osurveillance de DIVIS\u00a0qui vole au secours des colis. \u00bb<\/p><\/blockquote>\t\t\t\t\t\t\n\t\t\t\t<img decoding=\"async\" src=\"https:\/\/www.divis.eu\/wp-content\/uploads\/2018\/01\/logo-zufall-1.png\" alt=\"logo-zufall\" title=\"logo-zufall\" itemprop=\"image\"\/>\n\t\t\t\t\t\t\t\t<h3 class='uabb-testimonial-author-name testimonial-author-name'>Friedrich Zufall GmbH &amp; Co. KG<\/h3>\t\t\t\t\t\t\t\t\n\t\t\t\t\t\t\t\t\tAllemagne\t\t\t\t\t\t\t\t\n\t\t\t\t\t\t\t<blockquote><p>\u00ab\u00a0Nous sommes tr\u00e8s satisfaits du syst\u00e8me \u00a0[&#8230;de \u00a0DIVIS&#8230;]\u00a0\u00bb<\/p><\/blockquote>\t\t\t\t\t\t\n\t\t\t<a href=\"https:\/\/www.divis.eu\/fr\/references-etudes-de-cas-suivi-des-envois-dans-lentrepot\/\" target=\"_self\" role=\"button\" rel=\"noopener noreferrer\">\n\t\t\t\t\t\t\tAller aux \u00e9tudes de cas\n\t\t<\/a>\n\t\t\t\t<img decoding=\"async\" src=\"https:\/\/www.divis.eu\/wp-content\/uploads\/2018\/01\/hendrik-reger-1.png\" alt=\"Hendrik Reger | DIVIS | Videol\u00f6sungen f\u00fcr die Logistik\" itemprop=\"image\" height=\"385\" width=\"300\" title=\"hendrik-reger\" onerror=\"this.style.display='none'\"  \/>\n\t<em><strong>Hendrik Reger<\/strong><br \/>\nDirecteur g\u00e9n\u00e9ral<\/em>\n<h1>\n\t\tAvez-vous des questions ?\n\t<\/h1>\n<h1>\n\t\tNous avons des r\u00e9ponses\n\t<\/h1>\n\t<p>Notre \u00e9quipe est \u00e0 votre disposition pour r\u00e9pondre \u00e0 vos questions sur nos produits et se fera un plaisir de vous conseiller gratuitement et sans engagement.<\/p>\n\t\t\t<a href=\"https:\/\/www.divis.eu\/fr\/contacter-divis-fournisseur-pour-le-suivi-des-envois-par-camera\/\" target=\"_self\" role=\"button\" rel=\"noopener noreferrer\">\n\t\t\t\t\t\t\tContacter DIVIS\n\t\t<\/a>\n\t\t\t\t<a href=\"https:\/\/www.divis.eu\/fr\/inscription-a-la-newsletter-optimisation-des-processus-dans-lentrepot\/\" target=\"_self\" itemprop=\"url\" rel=\"noopener noreferrer\">\n\t\t\t\t<img decoding=\"async\" src=\"https:\/\/www.divis.eu\/wp-content\/uploads\/2018\/11\/sprechblase-newsletter-abo-fr.png\" alt=\"Abonner la DIVIS newsletter\" title=\"sprechblase-newsletter-abo-fr\" itemprop=\"image\"  \/>\n\t\t\t\t\t\t<\/a>\n\t<h3>Newsletter DIVIS<\/h3>\n<p>En vous abonnant \u00e0 notre newsletter, vous \u00eates toujours au courant de toutes les nouveaut\u00e9s de DIVIS<\/p>\n\t\t\t<a href=\"https:\/\/www.divis.eu\/fr\/inscription-a-la-newsletter-optimisation-des-processus-dans-lentrepot\/\" target=\"_self\" role=\"button\" rel=\"noopener noreferrer\">\n\t\t\t\t\t\t\tAbonner la newsletter\n\t\t<\/a>\n\t\t\t\t<img decoding=\"async\" src=\"https:\/\/www.divis.eu\/wp-content\/uploads\/2018\/01\/kundenlogo-CTL.png\" alt=\"kundenlogo-CTL\" itemprop=\"image\" height=\"51\" width=\"120\" title=\"kundenlogo-CTL\" onerror=\"this.style.display='none'\"  \/>\n\t\t\t\t<img decoding=\"async\" src=\"https:\/\/www.divis.eu\/wp-content\/uploads\/2018\/01\/kundenlogo-dpd.png\" alt=\"kundenlogo-dpd\" itemprop=\"image\" height=\"51\" width=\"120\" title=\"kundenlogo-dpd\" onerror=\"this.style.display='none'\"  \/>\n\t\t\t\t<img decoding=\"async\" src=\"https:\/\/www.divis.eu\/wp-content\/uploads\/2018\/01\/kundenlogo-panalpina.png\" alt=\"kundenlogo-panalpina\" itemprop=\"image\" height=\"51\" width=\"120\" title=\"kundenlogo-panalpina\" onerror=\"this.style.display='none'\"  \/>\n\t\t\t\t<img decoding=\"async\" src=\"https:\/\/www.divis.eu\/wp-content\/uploads\/2018\/01\/kundenlogo-online.png\" alt=\"kundenlogo-online\" itemprop=\"image\" height=\"51\" width=\"120\" title=\"kundenlogo-online\" onerror=\"this.style.display='none'\"  \/>\n\t\t\t\t<img decoding=\"async\" src=\"https:\/\/www.divis.eu\/wp-content\/uploads\/2018\/01\/kundenlogo-rhenus.png\" alt=\"Rhenus Logistics | DIVIS-Kunde\" title=\"kundenlogo-rhenus\" itemprop=\"image\"  \/>\n\t\t\t\t<img decoding=\"async\" src=\"https:\/\/www.divis.eu\/wp-content\/uploads\/2018\/01\/kundenlogo-tsb.png\" alt=\"kundenlogo-tsb\" itemprop=\"image\" height=\"51\" width=\"120\" title=\"kundenlogo-tsb\" onerror=\"this.style.display='none'\"  \/>\n\t\t\t\t<img decoding=\"async\" src=\"https:\/\/www.divis.eu\/wp-content\/uploads\/2018\/01\/kundenlogo-gebrueder-weiss.png\" alt=\"Gebr\u00fcder Weiss | DIVIS-Kunde\" itemprop=\"image\" height=\"51\" width=\"150\" title=\"kundenlogo-gebrueder-weiss\" onerror=\"this.style.display='none'\"  \/>\n\t\t\t\t<img decoding=\"async\" src=\"https:\/\/www.divis.eu\/wp-content\/uploads\/2018\/01\/kundenlogo-tchibo.png\" alt=\"Tchibo | DIVIS-Kunde\" title=\"kundenlogo-tchibo\" itemprop=\"image\"  \/>\n\t\t\t\t<img decoding=\"async\" src=\"https:\/\/www.divis.eu\/wp-content\/uploads\/2018\/01\/kundenlogo-24plus.png\" alt=\"kundenlogo-24plus\" itemprop=\"image\" height=\"51\" width=\"120\" title=\"kundenlogo-24plus\" onerror=\"this.style.display='none'\"  \/>\n\t\t\t\t<img decoding=\"async\" src=\"https:\/\/www.divis.eu\/wp-content\/uploads\/2018\/01\/kundenlogo-raben.png\" alt=\"Raben Group | DIVIS-Kunde\" title=\"kundenlogo-raben\" itemprop=\"image\"  \/>\n\t\t\t\t<img decoding=\"async\" src=\"https:\/\/www.divis.eu\/wp-content\/uploads\/2018\/01\/kundenlogo-geis.png\" alt=\"Spedition Geis | DIVIS-Kunde\" title=\"kundenlogo-geis\" itemprop=\"image\"  \/>\n\t\t\t\t<img decoding=\"async\" src=\"https:\/\/www.divis.eu\/wp-content\/uploads\/2018\/01\/kundenlogo-zufall.png\" alt=\"kundenlogo-zufall\" itemprop=\"image\" height=\"51\" width=\"120\" title=\"kundenlogo-zufall\" onerror=\"this.style.display='none'\"  \/>\n","protected":false},"excerpt":{"rendered":"<p>Fonction Plus+ polyvalentes dans les entrep\u00f4ts et dans les d\u00e9p\u00f4ts Recherche des envois.Analyse des processus.Optimisation des processus. Pr\u00e9sentation du module CargoVIS &#038; ParcelVIS Fonctions Plus+ dans la licence de base Optimisez votre logistique par la vid\u00e9osurveillance avec les solutions syst\u00e8me de DIVIS. En tant que client de CargoVIS ou de ParcelVIS, quelques -uns des modules&hellip;<\/p>\n","protected":false},"author":1,"featured_media":0,"parent":0,"menu_order":0,"comment_status":"closed","ping_status":"closed","template":"","meta":{"footnotes":""},"class_list":["post-19868","page","type-page","status-publish","hentry"],"yoast_head":"<!-- This site is optimized with the Yoast SEO plugin v27.4 - https:\/\/yoast.com\/product\/yoast-seo-wordpress\/ -->\n<title>Plus Caract\u00e9ristiques | Add-ons utiles pour votre logiciel | DIVIS<\/title>\n<meta name=\"description\" content=\"With our Plus features for your logistics with video surveillance, we offer you numerous useful enhancements to adapt our software to your needs | DIVIS\" \/>\n<meta name=\"robots\" content=\"index, follow, max-snippet:-1, max-image-preview:large, max-video-preview:-1\" \/>\n<link rel=\"canonical\" href=\"https:\/\/www.divis.eu\/fr\/modules-pour-votre-logistique-avec-videosurveillance\/\" \/>\n<meta property=\"og:locale\" content=\"fr_FR\" \/>\n<meta property=\"og:type\" content=\"article\" \/>\n<meta property=\"og:title\" content=\"Plus Caract\u00e9ristiques | Add-ons utiles pour votre logiciel | DIVIS\" \/>\n<meta property=\"og:description\" content=\"With our Plus features for your logistics with video surveillance, we offer you numerous useful enhancements to adapt our software to your needs | DIVIS\" \/>\n<meta property=\"og:url\" content=\"https:\/\/www.divis.eu\/fr\/modules-pour-votre-logistique-avec-videosurveillance\/\" \/>\n<meta property=\"og:site_name\" content=\"DIVIS - The intelligent view\" \/>\n<meta property=\"article:modified_time\" content=\"2020-08-02T19:52:58+00:00\" \/>\n<meta property=\"og:image\" content=\"https:\/\/www.divis.eu\/wp-content\/uploads\/2018\/02\/titelgraafik-module7.png\" \/>\n<meta name=\"twitter:card\" content=\"summary_large_image\" \/>\n<meta name=\"twitter:label1\" content=\"Dur\u00e9e de lecture estim\u00e9e\" \/>\n\t<meta name=\"twitter:data1\" content=\"4 minutes\" \/>\n<script type=\"application\/ld+json\" class=\"yoast-schema-graph\">{\"@context\":\"https:\\\/\\\/schema.org\",\"@graph\":[{\"@type\":\"WebPage\",\"@id\":\"https:\\\/\\\/www.divis.eu\\\/fr\\\/modules-pour-votre-logistique-avec-videosurveillance\\\/\",\"url\":\"https:\\\/\\\/www.divis.eu\\\/fr\\\/modules-pour-votre-logistique-avec-videosurveillance\\\/\",\"name\":\"Plus Caract\u00e9ristiques | Add-ons utiles pour votre logiciel | DIVIS\",\"isPartOf\":{\"@id\":\"https:\\\/\\\/www.divis.eu\\\/#website\"},\"primaryImageOfPage\":{\"@id\":\"https:\\\/\\\/www.divis.eu\\\/fr\\\/modules-pour-votre-logistique-avec-videosurveillance\\\/#primaryimage\"},\"image\":{\"@id\":\"https:\\\/\\\/www.divis.eu\\\/fr\\\/modules-pour-votre-logistique-avec-videosurveillance\\\/#primaryimage\"},\"thumbnailUrl\":\"https:\\\/\\\/www.divis.eu\\\/wp-content\\\/uploads\\\/2018\\\/02\\\/titelgraafik-module7.png\",\"datePublished\":\"2018-02-15T16:16:40+00:00\",\"dateModified\":\"2020-08-02T19:52:58+00:00\",\"description\":\"With our Plus features for your logistics with video surveillance, we offer you numerous useful enhancements to adapt our software to your needs | DIVIS\",\"breadcrumb\":{\"@id\":\"https:\\\/\\\/www.divis.eu\\\/fr\\\/modules-pour-votre-logistique-avec-videosurveillance\\\/#breadcrumb\"},\"inLanguage\":\"fr-FR\",\"potentialAction\":[{\"@type\":\"ReadAction\",\"target\":[\"https:\\\/\\\/www.divis.eu\\\/fr\\\/modules-pour-votre-logistique-avec-videosurveillance\\\/\"]}]},{\"@type\":\"ImageObject\",\"inLanguage\":\"fr-FR\",\"@id\":\"https:\\\/\\\/www.divis.eu\\\/fr\\\/modules-pour-votre-logistique-avec-videosurveillance\\\/#primaryimage\",\"url\":\"https:\\\/\\\/www.divis.eu\\\/wp-content\\\/uploads\\\/2018\\\/02\\\/titelgraafik-module7.png\",\"contentUrl\":\"https:\\\/\\\/www.divis.eu\\\/wp-content\\\/uploads\\\/2018\\\/02\\\/titelgraafik-module7.png\"},{\"@type\":\"BreadcrumbList\",\"@id\":\"https:\\\/\\\/www.divis.eu\\\/fr\\\/modules-pour-votre-logistique-avec-videosurveillance\\\/#breadcrumb\",\"itemListElement\":[{\"@type\":\"ListItem\",\"position\":1,\"name\":\"Startseite\",\"item\":\"https:\\\/\\\/www.divis.eu\\\/fr\\\/\"},{\"@type\":\"ListItem\",\"position\":2,\"name\":\"Modules pour votre logistique avec vid\u00e9osurveillance\"}]},{\"@type\":\"WebSite\",\"@id\":\"https:\\\/\\\/www.divis.eu\\\/#website\",\"url\":\"https:\\\/\\\/www.divis.eu\\\/\",\"name\":\"DIVIS - The intelligent view\",\"description\":\"Videosysteml\u00f6sungen f\u00fcr Umschlags- und Warenlager\",\"potentialAction\":[{\"@type\":\"SearchAction\",\"target\":{\"@type\":\"EntryPoint\",\"urlTemplate\":\"https:\\\/\\\/www.divis.eu\\\/?s={search_term_string}\"},\"query-input\":{\"@type\":\"PropertyValueSpecification\",\"valueRequired\":true,\"valueName\":\"search_term_string\"}}],\"inLanguage\":\"fr-FR\"}]}<\/script>\n<!-- \/ Yoast SEO plugin. -->","yoast_head_json":{"title":"Plus Caract\u00e9ristiques | Add-ons utiles pour votre logiciel | DIVIS","description":"With our Plus features for your logistics with video surveillance, we offer you numerous useful enhancements to adapt our software to your needs | DIVIS","robots":{"index":"index","follow":"follow","max-snippet":"max-snippet:-1","max-image-preview":"max-image-preview:large","max-video-preview":"max-video-preview:-1"},"canonical":"https:\/\/www.divis.eu\/fr\/modules-pour-votre-logistique-avec-videosurveillance\/","og_locale":"fr_FR","og_type":"article","og_title":"Plus Caract\u00e9ristiques | Add-ons utiles pour votre logiciel | DIVIS","og_description":"With our Plus features for your logistics with video surveillance, we offer you numerous useful enhancements to adapt our software to your needs | DIVIS","og_url":"https:\/\/www.divis.eu\/fr\/modules-pour-votre-logistique-avec-videosurveillance\/","og_site_name":"DIVIS - The intelligent view","article_modified_time":"2020-08-02T19:52:58+00:00","og_image":[{"url":"https:\/\/www.divis.eu\/wp-content\/uploads\/2018\/02\/titelgraafik-module7.png","type":"","width":"","height":""}],"twitter_card":"summary_large_image","twitter_misc":{"Dur\u00e9e de lecture estim\u00e9e":"4 minutes"},"schema":{"@context":"https:\/\/schema.org","@graph":[{"@type":"WebPage","@id":"https:\/\/www.divis.eu\/fr\/modules-pour-votre-logistique-avec-videosurveillance\/","url":"https:\/\/www.divis.eu\/fr\/modules-pour-votre-logistique-avec-videosurveillance\/","name":"Plus Caract\u00e9ristiques | Add-ons utiles pour votre logiciel | DIVIS","isPartOf":{"@id":"https:\/\/www.divis.eu\/#website"},"primaryImageOfPage":{"@id":"https:\/\/www.divis.eu\/fr\/modules-pour-votre-logistique-avec-videosurveillance\/#primaryimage"},"image":{"@id":"https:\/\/www.divis.eu\/fr\/modules-pour-votre-logistique-avec-videosurveillance\/#primaryimage"},"thumbnailUrl":"https:\/\/www.divis.eu\/wp-content\/uploads\/2018\/02\/titelgraafik-module7.png","datePublished":"2018-02-15T16:16:40+00:00","dateModified":"2020-08-02T19:52:58+00:00","description":"With our Plus features for your logistics with video surveillance, we offer you numerous useful enhancements to adapt our software to your needs | DIVIS","breadcrumb":{"@id":"https:\/\/www.divis.eu\/fr\/modules-pour-votre-logistique-avec-videosurveillance\/#breadcrumb"},"inLanguage":"fr-FR","potentialAction":[{"@type":"ReadAction","target":["https:\/\/www.divis.eu\/fr\/modules-pour-votre-logistique-avec-videosurveillance\/"]}]},{"@type":"ImageObject","inLanguage":"fr-FR","@id":"https:\/\/www.divis.eu\/fr\/modules-pour-votre-logistique-avec-videosurveillance\/#primaryimage","url":"https:\/\/www.divis.eu\/wp-content\/uploads\/2018\/02\/titelgraafik-module7.png","contentUrl":"https:\/\/www.divis.eu\/wp-content\/uploads\/2018\/02\/titelgraafik-module7.png"},{"@type":"BreadcrumbList","@id":"https:\/\/www.divis.eu\/fr\/modules-pour-votre-logistique-avec-videosurveillance\/#breadcrumb","itemListElement":[{"@type":"ListItem","position":1,"name":"Startseite","item":"https:\/\/www.divis.eu\/fr\/"},{"@type":"ListItem","position":2,"name":"Modules pour votre logistique avec vid\u00e9osurveillance"}]},{"@type":"WebSite","@id":"https:\/\/www.divis.eu\/#website","url":"https:\/\/www.divis.eu\/","name":"DIVIS - The intelligent view","description":"Videosysteml\u00f6sungen f\u00fcr Umschlags- und Warenlager","potentialAction":[{"@type":"SearchAction","target":{"@type":"EntryPoint","urlTemplate":"https:\/\/www.divis.eu\/?s={search_term_string}"},"query-input":{"@type":"PropertyValueSpecification","valueRequired":true,"valueName":"search_term_string"}}],"inLanguage":"fr-FR"}]}},"_links":{"self":[{"href":"https:\/\/www.divis.eu\/fr\/wp-json\/wp\/v2\/pages\/19868","targetHints":{"allow":["GET"]}}],"collection":[{"href":"https:\/\/www.divis.eu\/fr\/wp-json\/wp\/v2\/pages"}],"about":[{"href":"https:\/\/www.divis.eu\/fr\/wp-json\/wp\/v2\/types\/page"}],"author":[{"embeddable":true,"href":"https:\/\/www.divis.eu\/fr\/wp-json\/wp\/v2\/users\/1"}],"replies":[{"embeddable":true,"href":"https:\/\/www.divis.eu\/fr\/wp-json\/wp\/v2\/comments?post=19868"}],"version-history":[{"count":0,"href":"https:\/\/www.divis.eu\/fr\/wp-json\/wp\/v2\/pages\/19868\/revisions"}],"wp:attachment":[{"href":"https:\/\/www.divis.eu\/fr\/wp-json\/wp\/v2\/media?parent=19868"}],"curies":[{"name":"wp","href":"https:\/\/api.w.org\/{rel}","templated":true}]}}