{"id":19873,"date":"2018-02-09T20:54:09","date_gmt":"2018-02-09T20:54:09","guid":{"rendered":"https:\/\/www.divis.eu\/module-videoueberwachungsloesungen-logistik\/"},"modified":"2024-04-04T23:38:28","modified_gmt":"2024-04-04T23:38:28","slug":"modules-pour-solutions-de-videosurveillance-dans-le-domaine-de-la-logistique","status":"publish","type":"page","link":"https:\/\/www.divis.eu\/fr\/modules-pour-solutions-de-videosurveillance-dans-le-domaine-de-la-logistique\/","title":{"rendered":"Modules pour solutions de vid\u00e9osurveillance dans le domaine de la logistique"},"content":{"rendered":"\n\n\t\t\t\t<img decoding=\"async\" src=\"https:\/\/www.divis.eu\/wp-content\/uploads\/2018\/11\/seitenbild-links-module-mehrwert1-fr.png\" alt=\"DIVIS - Valeur ajout\u00e9e pour votre logistique\" title=\"seitenbild-links-module-mehrwert1-fr\" itemprop=\"image\"  \/>\n<h1>\n\t\tValeur ajout\u00e9e pour votre logiciel\n\t<\/h1>\n<h1>\n\t\tFonctionnalit\u00e9s Plus<sup>+<\/sup> en option\n\t<\/h1>\n\tGr\u00e2ce \u00e0 nos fonctionnalit\u00e9s polyvalentes Plus<sup>+<\/sup>, vous pouvez facilement adapter<strong> nos solutions de vid\u00e9osurveillance pour la logistique<\/strong> aux exigences personnalis\u00e9es et fluctuantes.<br \/>\nLes modules suivants sont disponibles en option et soumis \u00e0 un suppl\u00e9ment pour notre <a href=\"https:\/\/www.divis.eu\/fr\/logiciel-de-gestion-video-cargovis-pour-les-entrepots-de-transbordement\/\">logiciel CargoVIS<\/a>.\n\t\t\t\t<img decoding=\"async\" src=\"https:\/\/www.divis.eu\/wp-content\/uploads\/2020\/07\/modul-gate-plus.png\" alt=\"Software-Modul Gate+ | DIVIS\" title=\"modul-gate-plus\" itemprop=\"image\"\/>\n\t\t<h4>Fonctionnalit\u00e9 optionnelle Plus<sup>+<\/sup> pour CargoVIS<\/h4><h3>Gate<sup>+<\/sup><\/h3>\t\t\t\n<h3>\n\t\tVue d&rsquo;ensemble des statuts des portes et portails\n\t<\/h3>\n\t\t\t\t<img decoding=\"async\" src=\"https:\/\/www.divis.eu\/wp-content\/uploads\/2018\/07\/gate-plus-softwaremodul.png\" alt=\"Gate Plus - Software zur Sendungsverfolgung in der Logistik\" title=\"gate-plus-softwaremodul\" itemprop=\"image\"\/>\n\t\t\t\t<p>Gate<sup>+\u00a0<\/sup>est une extension de notre <a href=\"https:\/\/www.divis.eu\/fr\/logiciel-de-gestion-video-cargovis-pour-les-entrepots-de-transbordement\/\">logiciel de suivi des envois en logistique<\/a>. Gate<sup>+ <\/sup>d\u00e9tecte automatiquement le statut des portails\/portes et les failles de s\u00e9curit\u00e9 sont d\u00e9tect\u00e9es \u00e0 temps. En particulier dans les entrep\u00f4ts frigorifiques, Gate<sup>+ <\/sup>vous aide \u00e0 rendre vos processus logistiques plus respectueux de l&rsquo;environnement (\u00ab Green Logistics \u00bb) et plus efficaces sur le plan \u00e9nerg\u00e9tique, et donc aussi plus rentables.<\/p>\n\t\t\t<a href=\"https:\/\/www.divis.eu\/fr\/logiciel-gate-pour-suivi-des-envois-dans-la-logistique\/\" target=\"_self\" role=\"button\" aria-label=\"Vid\u00e9o produit Gate&lt;sup&gt;+&lt;\/sup&gt;\" rel=\"noopener\">\n\t\t\t\t\t\t\tVid\u00e9o produit Gate<sup>+<\/sup>\n\t\t<\/a>\n\t\t\t\t<img decoding=\"async\" src=\"https:\/\/www.divis.eu\/wp-content\/uploads\/2020\/07\/modul-location-plus.png\" alt=\"Software-Modul Location+ | DIVIS\" title=\"modul-location-plus\" itemprop=\"image\"\/>\n\t\t<h4>Fonctionnalit\u00e9 optionnelle Plus<sup>+<\/sup> pour CargoVIS<\/h4><h3>Location<sup>+<\/sup><\/h3>\t\t\t\n<h3>\n\t\tSaisie pr\u00e9cise de la recherche, plus vite au but\n\t<\/h3>\n\t\t\t\t<p>Qu&rsquo;il s&rsquo;agisse du processus de scans ou du trajet des chariots \u00e9l\u00e9vateurs, Location<sup>+<\/sup> d\u00e9termine les positions exactes avec une pr\u00e9cision de +\/- 50 cm de tol\u00e9rance en localisant vos scanners dans le hangar. Un point rouge dans le plan du site de votre hall logistique et dans toutes les images associ\u00e9es \u00e0 la dur\u00e9e de scan indique la position exacte du scanner. Cela garantit un acc\u00e8s rapide \u00e0 la recherche et une orientation optimale.<br \/>Les lots de donn\u00e9es de position peuvent \u00e9galement \u00eatre utilis\u00e9s avec notre logiciel Profile<sup>+<\/sup> pour \u00e9valuer et optimiser vos processus.<\/p>\n<p><a href=\"https:\/\/www.divis.eu\/fr\/localisation-en-interieur-avec-location-pour-des-processus-transparents\/\">Plus sur Location<sup>+<\/sup><\/a><\/p>\n\t\t\t\t<img decoding=\"async\" src=\"https:\/\/www.divis.eu\/wp-content\/uploads\/2018\/02\/location-plus.png\" alt=\"Vielseitige Plus Funktionen erweitern unsere Video\u00fcberwachungsl\u00f6sungen f\u00fcr die Logistik\" title=\"location-plus\" itemprop=\"image\"\/>\n\t\t\t\t<img decoding=\"async\" src=\"https:\/\/www.divis.eu\/wp-content\/uploads\/2020\/07\/modul-load-plus.png\" alt=\"Software-Modul Load+ | DIVIS\" title=\"modul-load-plus\" itemprop=\"image\"\/>\n\t\t<h4>Fonctionnalit\u00e9 optionnelle Plus<sup>+<\/sup> pour CargoVIS<\/h4><h3>Load<sup>+<\/sup><\/h3>\t\t\t\n<h3>\n\t\tOptimisation cibl\u00e9e de vos tourn\u00e9es<br \/>et documentation de la s\u00e9curisation du chargement\n\t<\/h3>\n\t\t\t\t<img decoding=\"async\" src=\"https:\/\/www.divis.eu\/wp-content\/uploads\/2018\/02\/load-plus-e1518211515847.png\" alt=\"Vielseitige Plus Funktionen erweitern unsere Video\u00fcberwachungsl\u00f6sungen f\u00fcr die Logistik\" title=\"load-plus\" itemprop=\"image\"\/>\n\t\t\t\t<p>Load<sup>+<\/sup> pour l&rsquo;analyse vid\u00e9o dans la logistique cr\u00e9e diff\u00e9rents rapports PDF en un simple clic, par exemple une liste d&rsquo;\u00e9tat de chargement des camions au d\u00e9part par place de chargement affect\u00e9e. L&rsquo;affichage des marquages d&rsquo;espaces de stockage facilite la reconnaissance des m\u00e8tres de chargement libres.<\/p>\n<strong>L&rsquo;avantage particulier du module\u00a0:<\/strong><br \/>\n\nLes informations sont plus fiables que les valeurs habituelles, car les conditions de chargement r\u00e9elles sont visualis\u00e9es et non les volumes calcul\u00e9s \u00e0 partir du logiciel WMS\/TMS. Cela permet de reconna\u00eetre les tourn\u00e9es qui ne sont pas utilis\u00e9es dans leur pleine capacit\u00e9 et d&rsquo;optimiser la planification.<br \/>\nLes \u00e9tapes de chargement, document\u00e9es en images, facilitent \u00e9galement le contr\u00f4le de la s\u00e9curit\u00e9 du chargement.\n<p>\u00a0<\/p>\n\t\t\t<a href=\"https:\/\/www.divis.eu\/fr\/load-pour-lanalyse-video-dans-la-logistique-video-produit\/\" target=\"_self\" role=\"button\" aria-label=\"Vid\u00e9o produit Load&lt;sup&gt;+&lt;\/sup&gt;\" rel=\"noopener\">\n\t\t\t\t\t\t\tVid\u00e9o produit Load<sup>+<\/sup>\n\t\t<\/a>\n\t\t\t<a href=\"https:\/\/www.divis.eu\/fr\/videosurveillance-dans-la-manutention-dentrepot-avec-les-solutions-divis\/\" target=\"_self\" role=\"button\" aria-label=\"Autres modules optionnels\" rel=\"noopener\">\n\t\t\t\t\t\t\tAutres modules optionnels\n\t\t<\/a>\n<h2>\n\t\tNos solutions logicielles\n\t<\/h2>\n\t\t\t\t<img decoding=\"async\" src=\"https:\/\/www.divis.eu\/wp-content\/uploads\/2018\/01\/logo-cargovis-gr.png\" alt=\"logo-cargovis-gr\" title=\"logo-cargovis-gr\" itemprop=\"image\"\/>\n\t\t<h3>Aper\u00e7u rapide des envois palettis\u00e9s avec CargoVIS<\/h3>\t\t\t\n\t\t\t\t<p>Avec notre logiciel de gestion vid\u00e9o pour les entrep\u00f4ts de transbordement, CargoVIS, nous vous offrons une solution syst\u00e8me compl\u00e8te et facile \u00e0 utiliser pour la recherche par images et le suivi des envois de marchandises palettis\u00e9es.<\/p>\n\t\t\t<a href=\"https:\/\/www.divis.eu\/fr\/logiciel-de-gestion-video-cargovis-pour-les-entrepots-de-transbordement\/\" target=\"_self\" role=\"button\" aria-label=\"En savoir plus sur CargoVIS\" rel=\"noopener\">\n\t\t\t\t\t\t\tEn savoir plus sur CargoVIS\n\t\t<\/a>\n\t\t\t\t<img decoding=\"async\" src=\"https:\/\/www.divis.eu\/wp-content\/uploads\/2018\/01\/logo-parcelvis-gr.png\" alt=\"\" title=\"\" itemprop=\"image\"\/>\n\t\t<h3>ParcelVIS pour l&rsquo;entrep\u00f4t de transbordement &#038; fournisseur de services CEP<\/h3>\t\t\t\n<p>\u00c9conomisez du temps et de l&rsquo;argent et laissez ParcelVIS travailler efficacement pour vous avec la recherche d&rsquo;envois par images dans l&rsquo;entrep\u00f4t de transbordement\u00a0: La saisie du num\u00e9ro de l&rsquo;\u00e9tiquette du colis est la cl\u00e9 de toutes les informations n\u00e9cessaires \u00e0 la localisation et l&rsquo;\u00e9tat d&rsquo;un envoi pour tous les \u00e9v\u00e9nements de num\u00e9risation qui ont eu lieu.<\/p>\n\t\t\t<a href=\"https:\/\/www.divis.eu\/fr\/parcelvis-recherche-denvois-guidee-par-images-dans-les-entrepots-de-transbordement\/\" target=\"_self\" role=\"button\" aria-label=\"En savoir plus sur ParcelVIS\" rel=\"noopener\">\n\t\t\t\t\t\t\tEn savoir plus sur ParcelVIS\n\t\t<\/a>\n\t\t\t\t<img decoding=\"async\" src=\"https:\/\/www.divis.eu\/wp-content\/uploads\/2018\/01\/logo-van-duuren-weiss.png\" alt=\"logo-van-duuren-weiss\" title=\"logo-van-duuren-weiss\" itemprop=\"image\"\/>\n\t\t\t\t\t\t\t\t<h3 class='uabb-testimonial-author-name testimonial-author-name'>Van Duuren<\/h3>\t\t\t\t\t\t\t\t\n\t\t\t\t\t\t\t\t\tPays-Bas\t\t\t\t\t\t\t\t\n\t\t\t\t\t\t\t<blockquote><p>\u00ab CargoVIS fonctionne parfaitement, tout le monde s&rsquo;y est habitu\u00e9 et nous ne pouvons plus nous en passer. \u00bb<\/p><\/blockquote>\t\t\t\t\t\t\n\t\t\t\t<img decoding=\"async\" src=\"https:\/\/www.divis.eu\/wp-content\/uploads\/2018\/01\/logo-tsb.png\" alt=\"logo-tsb\" title=\"logo-tsb\" itemprop=\"image\"\/>\n\t\t\t\t\t\t\t\t<h3 class='uabb-testimonial-author-name testimonial-author-name'>TSBtrans<\/h3>\t\t\t\t\t\t\t\t\n\t\t\t\t\t\t\t\t\tEspagne\t\t\t\t\t\t\t\t\n\t\t\t\t\t\t\t<blockquote><p>\u00ab\u00a0CargoVIS est absolument fiable, gr\u00e2ce \u00e0 ses capacit\u00e9s de suivi, l&rsquo;investissement pour TSB s&rsquo;est amorti en moins d&rsquo;un an en trouvant les palettes manquantes et en identifiant les sources de dommages.\u00a0\u00bb<\/p><\/blockquote>\t\t\t\t\t\t\n\t\t\t\t<img decoding=\"async\" src=\"https:\/\/www.divis.eu\/wp-content\/uploads\/2018\/01\/logo-lagermax.png\" alt=\"logo-lagermax\" title=\"logo-lagermax\" itemprop=\"image\"\/>\n\t\t\t\t\t\t\t\t<h3 class='uabb-testimonial-author-name testimonial-author-name'>Lagermax Paketdienst GmbH &amp; Co KG<\/h3>\t\t\t\t\t\t\t\t\n\t\t\t\t\t\t\t\t\tAutriche\t\t\t\t\t\t\t\t\n\t\t\t\t\t\t\t<blockquote><p>\u00ab\u00a0Nous utilisons ParcelVIS de DIVIS depuis 5 ans et n&rsquo;avons jamais rencontr\u00e9 de probl\u00e8mes.\u00a0\u00bb<\/p><\/blockquote>\t\t\t\t\t\t\n\t\t\t\t<img decoding=\"async\" src=\"https:\/\/www.divis.eu\/wp-content\/uploads\/2018\/01\/logo-voigt-invers.png\" alt=\"logo-voigt-invers\" title=\"logo-voigt-invers\" itemprop=\"image\"\/>\n\t\t\t\t\t\t\t\t<h3 class='uabb-testimonial-author-name testimonial-author-name'>Herbert Voigt GmbH &amp; Co. KG<\/h3>\t\t\t\t\t\t\t\t\n\t\t\t\t\t\t\t\t\tAllemagne\t\t\t\t\t\t\t\t\n\t\t\t\t\t\t\t<blockquote><p>\u00ab\u00a0Avec DIVIS, nous avons trouv\u00e9 un partenaire comp\u00e9tent qui a toujours une solution pour nos propres id\u00e9es.\u00a0\u00bb<\/p><\/blockquote>\t\t\t\t\t\t\n\t\t\t\t<img decoding=\"async\" src=\"https:\/\/www.divis.eu\/wp-content\/uploads\/2018\/01\/logo-schmalz-schoen.png\" alt=\"logo-schmalz-schoen\" title=\"logo-schmalz-schoen\" itemprop=\"image\"\/>\n\t\t\t\t\t\t\t\t<h3 class='uabb-testimonial-author-name testimonial-author-name'>SCHMALZ+SCH\u00d6N Logistics GmbH<\/h3>\t\t\t\t\t\t\t\t\n\t\t\t\t\t\t\t\t\tAllemagne\t\t\t\t\t\t\t\t\n\t\t\t\t\t\t\t<blockquote><p>\u00ab\u00a0La solution parfaite m\u00eame pour les zones de transbordement h\u00e9t\u00e9rog\u00e8nes &#8211; la vid\u00e9osurveillance de DIVIS\u00a0qui vole au secours des colis. \u00bb<\/p><\/blockquote>\t\t\t\t\t\t\n\t\t\t<a href=\"https:\/\/www.divis.eu\/fr\/references-etudes-de-cas-suivi-des-envois-dans-lentrepot\/\" target=\"_self\" role=\"button\" aria-label=\"Aller aux \u00e9tudes de cas\" rel=\"noopener\">\n\t\t\t\t\t\t\tAller aux \u00e9tudes de cas\n\t\t<\/a>\n\t\t\t\t<img decoding=\"async\" src=\"https:\/\/www.divis.eu\/wp-content\/uploads\/2018\/01\/hendrik-reger-1.png\" alt=\"Hendrik Reger | DIVIS | Videol\u00f6sungen f\u00fcr die Logistik\" itemprop=\"image\" height=\"385\" width=\"300\" title=\"hendrik-reger\" onerror=\"this.style.display='none'\"  \/>\n\t<em><strong>Hendrik Reger<\/strong><br \/>\nDirecteur g\u00e9n\u00e9ral<\/em>\n<h1>\n\t\tAvez-vous des questions ?\n\t<\/h1>\n<h1>\n\t\tNous avons des r\u00e9ponses\n\t<\/h1>\n\t<p>Notre \u00e9quipe est \u00e0 votre disposition pour r\u00e9pondre \u00e0 vos questions sur nos produits et se fera un plaisir de vous conseiller gratuitement et sans engagement.<\/p>\n\t\t\t<a href=\"https:\/\/www.divis.eu\/fr\/contacter-divis-fournisseur-pour-le-suivi-des-envois-par-camera\/\" target=\"_self\" role=\"button\" aria-label=\"Contacter DIVIS\" rel=\"noopener\">\n\t\t\t\t\t\t\tContacter DIVIS\n\t\t<\/a>\n\t\t\t\t<img decoding=\"async\" src=\"https:\/\/www.divis.eu\/wp-content\/uploads\/2018\/01\/kundenlogo-CTL-1.png\" alt=\"CTL | DIVIS Kunde\" title=\"kundenlogo-CTL\" itemprop=\"image\"  \/>\n\t\t\t\t<img decoding=\"async\" src=\"https:\/\/www.divis.eu\/wp-content\/uploads\/2018\/01\/kundenlogo-dpd.png\" alt=\"kundenlogo-dpd\" title=\"kundenlogo-dpd\" itemprop=\"image\"  \/>\n\t\t\t\t<img decoding=\"async\" src=\"https:\/\/www.divis.eu\/wp-content\/uploads\/2018\/01\/kundenlogo-online.png\" alt=\"kundenlogo-online\" title=\"kundenlogo-online\" itemprop=\"image\"  \/>\n\t\t\t\t<img decoding=\"async\" src=\"https:\/\/www.divis.eu\/wp-content\/uploads\/2018\/01\/kundenlogo-rhenus.png\" alt=\"Rhenus Logistics | DIVIS-Kunde\" title=\"kundenlogo-rhenus\" itemprop=\"image\"  \/>\n\t\t\t\t<img decoding=\"async\" src=\"https:\/\/www.divis.eu\/wp-content\/uploads\/2018\/01\/kundenlogo-tsb.png\" alt=\"kundenlogo-tsb\" title=\"kundenlogo-tsb\" itemprop=\"image\"  \/>\n\t\t\t\t<img decoding=\"async\" src=\"https:\/\/www.divis.eu\/wp-content\/uploads\/2018\/01\/logo-van-duuren-mono-2.png\" alt=\"logo-van-duuren-mono\" title=\"logo-van-duuren-mono\" itemprop=\"image\"  \/>\n\t\t\t\t<img decoding=\"async\" src=\"https:\/\/www.divis.eu\/wp-content\/uploads\/2018\/01\/kundenlogo-transoflex-3.png\" alt=\"kundenlogo-transoflex\" title=\"kundenlogo-transoflex\" itemprop=\"image\"  \/>\n\t\t\t\t<img decoding=\"async\" src=\"https:\/\/www.divis.eu\/wp-content\/uploads\/2018\/01\/kundenlogo-emons.png\" alt=\"Emons | DIVIS-Kunde\" title=\"kundenlogo-emons\" itemprop=\"image\"  \/>\n\t\t\t\t<img decoding=\"async\" src=\"https:\/\/www.divis.eu\/wp-content\/uploads\/2018\/01\/kundenlogo-geis.png\" alt=\"Spedition Geis | DIVIS-Kunde\" title=\"kundenlogo-geis\" itemprop=\"image\"  \/>\n\t\t\t\t<img decoding=\"async\" src=\"https:\/\/www.divis.eu\/wp-content\/uploads\/2018\/01\/kundenlogo-gebrueder-weiss.png\" alt=\"Gebr\u00fcder Weiss | DIVIS-Kunde\" title=\"kundenlogo-gebrueder-weiss\" itemprop=\"image\"  \/>\n\t\t\t\t<img decoding=\"async\" src=\"https:\/\/www.divis.eu\/wp-content\/uploads\/2018\/01\/kundenlogo-tchibo.png\" alt=\"Tchibo | DIVIS-Kunde\" title=\"kundenlogo-tchibo\" itemprop=\"image\"  \/>\n\t\t\t\t<img decoding=\"async\" src=\"https:\/\/www.divis.eu\/wp-content\/uploads\/2018\/01\/kundenlogo-24plus.png\" alt=\"kundenlogo-24plus\" title=\"kundenlogo-24plus\" itemprop=\"image\"  \/>\n\n","protected":false},"excerpt":{"rendered":"<p>Valeur ajout\u00e9e pour votre logiciel Fonctionnalit\u00e9s Plus+ en option Gr\u00e2ce \u00e0 nos fonctionnalit\u00e9s polyvalentes Plus+, vous pouvez facilement adapter nos solutions de vid\u00e9osurveillance pour la logistique aux exigences personnalis\u00e9es et fluctuantes. Les modules suivants sont disponibles en option et soumis \u00e0 un suppl\u00e9ment pour notre logiciel CargoVIS. Fonctionnalit\u00e9 optionnelle Plus+ pour CargoVIS Gate+ Vue d&rsquo;ensemble&hellip;<\/p>\n","protected":false},"author":1,"featured_media":0,"parent":0,"menu_order":0,"comment_status":"closed","ping_status":"closed","template":"","meta":{"footnotes":""},"class_list":["post-19873","page","type-page","status-publish","hentry"],"yoast_head":"<!-- This site is optimized with the Yoast SEO plugin v27.4 - https:\/\/yoast.com\/product\/yoast-seo-wordpress\/ -->\n<title>Extensions utiles pour vos solutions de vid\u00e9osurveillance en logistique<\/title>\n<meta name=\"description\" content=\"Avec nos fonctionnalit\u00e9s polyvalentes Plus, vous pouvez \u00e9largir nos solutions de vid\u00e9osurveillance pour la logistique en un rien de temps et les calquer ...\" \/>\n<meta name=\"robots\" content=\"index, follow, max-snippet:-1, max-image-preview:large, max-video-preview:-1\" \/>\n<link rel=\"canonical\" href=\"https:\/\/www.divis.eu\/fr\/modules-pour-solutions-de-videosurveillance-dans-le-domaine-de-la-logistique\/\" \/>\n<meta property=\"og:locale\" content=\"fr_FR\" \/>\n<meta property=\"og:type\" content=\"article\" \/>\n<meta property=\"og:title\" content=\"Extensions utiles pour vos solutions de vid\u00e9osurveillance en logistique\" \/>\n<meta property=\"og:description\" content=\"Avec nos fonctionnalit\u00e9s polyvalentes Plus, vous pouvez \u00e9largir nos solutions de vid\u00e9osurveillance pour la logistique en un rien de temps et les calquer ...\" \/>\n<meta property=\"og:url\" content=\"https:\/\/www.divis.eu\/fr\/modules-pour-solutions-de-videosurveillance-dans-le-domaine-de-la-logistique\/\" \/>\n<meta property=\"og:site_name\" content=\"DIVIS - The intelligent view\" \/>\n<meta property=\"article:modified_time\" content=\"2024-04-04T23:38:28+00:00\" \/>\n<meta property=\"og:image\" content=\"https:\/\/www.divis.eu\/wp-content\/uploads\/2018\/11\/seitenbild-links-module-mehrwert1-fr.png\" \/>\n<meta name=\"twitter:card\" content=\"summary_large_image\" \/>\n<meta name=\"twitter:label1\" content=\"Dur\u00e9e de lecture estim\u00e9e\" \/>\n\t<meta name=\"twitter:data1\" content=\"4 minutes\" \/>\n<script type=\"application\/ld+json\" class=\"yoast-schema-graph\">{\"@context\":\"https:\\\/\\\/schema.org\",\"@graph\":[{\"@type\":\"WebPage\",\"@id\":\"https:\\\/\\\/www.divis.eu\\\/fr\\\/modules-pour-solutions-de-videosurveillance-dans-le-domaine-de-la-logistique\\\/\",\"url\":\"https:\\\/\\\/www.divis.eu\\\/fr\\\/modules-pour-solutions-de-videosurveillance-dans-le-domaine-de-la-logistique\\\/\",\"name\":\"Extensions utiles pour vos solutions de vid\u00e9osurveillance en logistique\",\"isPartOf\":{\"@id\":\"https:\\\/\\\/www.divis.eu\\\/#website\"},\"primaryImageOfPage\":{\"@id\":\"https:\\\/\\\/www.divis.eu\\\/fr\\\/modules-pour-solutions-de-videosurveillance-dans-le-domaine-de-la-logistique\\\/#primaryimage\"},\"image\":{\"@id\":\"https:\\\/\\\/www.divis.eu\\\/fr\\\/modules-pour-solutions-de-videosurveillance-dans-le-domaine-de-la-logistique\\\/#primaryimage\"},\"thumbnailUrl\":\"https:\\\/\\\/www.divis.eu\\\/wp-content\\\/uploads\\\/2018\\\/11\\\/seitenbild-links-module-mehrwert1-fr.png\",\"datePublished\":\"2018-02-09T20:54:09+00:00\",\"dateModified\":\"2024-04-04T23:38:28+00:00\",\"description\":\"Avec nos fonctionnalit\u00e9s polyvalentes Plus, vous pouvez \u00e9largir nos solutions de vid\u00e9osurveillance pour la logistique en un rien de temps et les calquer ...\",\"breadcrumb\":{\"@id\":\"https:\\\/\\\/www.divis.eu\\\/fr\\\/modules-pour-solutions-de-videosurveillance-dans-le-domaine-de-la-logistique\\\/#breadcrumb\"},\"inLanguage\":\"fr-FR\",\"potentialAction\":[{\"@type\":\"ReadAction\",\"target\":[\"https:\\\/\\\/www.divis.eu\\\/fr\\\/modules-pour-solutions-de-videosurveillance-dans-le-domaine-de-la-logistique\\\/\"]}]},{\"@type\":\"ImageObject\",\"inLanguage\":\"fr-FR\",\"@id\":\"https:\\\/\\\/www.divis.eu\\\/fr\\\/modules-pour-solutions-de-videosurveillance-dans-le-domaine-de-la-logistique\\\/#primaryimage\",\"url\":\"https:\\\/\\\/www.divis.eu\\\/wp-content\\\/uploads\\\/2018\\\/11\\\/seitenbild-links-module-mehrwert1-fr.png\",\"contentUrl\":\"https:\\\/\\\/www.divis.eu\\\/wp-content\\\/uploads\\\/2018\\\/11\\\/seitenbild-links-module-mehrwert1-fr.png\"},{\"@type\":\"BreadcrumbList\",\"@id\":\"https:\\\/\\\/www.divis.eu\\\/fr\\\/modules-pour-solutions-de-videosurveillance-dans-le-domaine-de-la-logistique\\\/#breadcrumb\",\"itemListElement\":[{\"@type\":\"ListItem\",\"position\":1,\"name\":\"Startseite\",\"item\":\"https:\\\/\\\/www.divis.eu\\\/fr\\\/\"},{\"@type\":\"ListItem\",\"position\":2,\"name\":\"Modules pour solutions de vid\u00e9osurveillance dans le domaine de la logistique\"}]},{\"@type\":\"WebSite\",\"@id\":\"https:\\\/\\\/www.divis.eu\\\/#website\",\"url\":\"https:\\\/\\\/www.divis.eu\\\/\",\"name\":\"DIVIS - The intelligent view\",\"description\":\"Videosysteml\u00f6sungen f\u00fcr Umschlags- und Warenlager\",\"potentialAction\":[{\"@type\":\"SearchAction\",\"target\":{\"@type\":\"EntryPoint\",\"urlTemplate\":\"https:\\\/\\\/www.divis.eu\\\/?s={search_term_string}\"},\"query-input\":{\"@type\":\"PropertyValueSpecification\",\"valueRequired\":true,\"valueName\":\"search_term_string\"}}],\"inLanguage\":\"fr-FR\"}]}<\/script>\n<!-- \/ Yoast SEO plugin. -->","yoast_head_json":{"title":"Extensions utiles pour vos solutions de vid\u00e9osurveillance en logistique","description":"Avec nos fonctionnalit\u00e9s polyvalentes Plus, vous pouvez \u00e9largir nos solutions de vid\u00e9osurveillance pour la logistique en un rien de temps et les calquer ...","robots":{"index":"index","follow":"follow","max-snippet":"max-snippet:-1","max-image-preview":"max-image-preview:large","max-video-preview":"max-video-preview:-1"},"canonical":"https:\/\/www.divis.eu\/fr\/modules-pour-solutions-de-videosurveillance-dans-le-domaine-de-la-logistique\/","og_locale":"fr_FR","og_type":"article","og_title":"Extensions utiles pour vos solutions de vid\u00e9osurveillance en logistique","og_description":"Avec nos fonctionnalit\u00e9s polyvalentes Plus, vous pouvez \u00e9largir nos solutions de vid\u00e9osurveillance pour la logistique en un rien de temps et les calquer ...","og_url":"https:\/\/www.divis.eu\/fr\/modules-pour-solutions-de-videosurveillance-dans-le-domaine-de-la-logistique\/","og_site_name":"DIVIS - The intelligent view","article_modified_time":"2024-04-04T23:38:28+00:00","og_image":[{"url":"https:\/\/www.divis.eu\/wp-content\/uploads\/2018\/11\/seitenbild-links-module-mehrwert1-fr.png","type":"","width":"","height":""}],"twitter_card":"summary_large_image","twitter_misc":{"Dur\u00e9e de lecture estim\u00e9e":"4 minutes"},"schema":{"@context":"https:\/\/schema.org","@graph":[{"@type":"WebPage","@id":"https:\/\/www.divis.eu\/fr\/modules-pour-solutions-de-videosurveillance-dans-le-domaine-de-la-logistique\/","url":"https:\/\/www.divis.eu\/fr\/modules-pour-solutions-de-videosurveillance-dans-le-domaine-de-la-logistique\/","name":"Extensions utiles pour vos solutions de vid\u00e9osurveillance en logistique","isPartOf":{"@id":"https:\/\/www.divis.eu\/#website"},"primaryImageOfPage":{"@id":"https:\/\/www.divis.eu\/fr\/modules-pour-solutions-de-videosurveillance-dans-le-domaine-de-la-logistique\/#primaryimage"},"image":{"@id":"https:\/\/www.divis.eu\/fr\/modules-pour-solutions-de-videosurveillance-dans-le-domaine-de-la-logistique\/#primaryimage"},"thumbnailUrl":"https:\/\/www.divis.eu\/wp-content\/uploads\/2018\/11\/seitenbild-links-module-mehrwert1-fr.png","datePublished":"2018-02-09T20:54:09+00:00","dateModified":"2024-04-04T23:38:28+00:00","description":"Avec nos fonctionnalit\u00e9s polyvalentes Plus, vous pouvez \u00e9largir nos solutions de vid\u00e9osurveillance pour la logistique en un rien de temps et les calquer ...","breadcrumb":{"@id":"https:\/\/www.divis.eu\/fr\/modules-pour-solutions-de-videosurveillance-dans-le-domaine-de-la-logistique\/#breadcrumb"},"inLanguage":"fr-FR","potentialAction":[{"@type":"ReadAction","target":["https:\/\/www.divis.eu\/fr\/modules-pour-solutions-de-videosurveillance-dans-le-domaine-de-la-logistique\/"]}]},{"@type":"ImageObject","inLanguage":"fr-FR","@id":"https:\/\/www.divis.eu\/fr\/modules-pour-solutions-de-videosurveillance-dans-le-domaine-de-la-logistique\/#primaryimage","url":"https:\/\/www.divis.eu\/wp-content\/uploads\/2018\/11\/seitenbild-links-module-mehrwert1-fr.png","contentUrl":"https:\/\/www.divis.eu\/wp-content\/uploads\/2018\/11\/seitenbild-links-module-mehrwert1-fr.png"},{"@type":"BreadcrumbList","@id":"https:\/\/www.divis.eu\/fr\/modules-pour-solutions-de-videosurveillance-dans-le-domaine-de-la-logistique\/#breadcrumb","itemListElement":[{"@type":"ListItem","position":1,"name":"Startseite","item":"https:\/\/www.divis.eu\/fr\/"},{"@type":"ListItem","position":2,"name":"Modules pour solutions de vid\u00e9osurveillance dans le domaine de la logistique"}]},{"@type":"WebSite","@id":"https:\/\/www.divis.eu\/#website","url":"https:\/\/www.divis.eu\/","name":"DIVIS - The intelligent view","description":"Videosysteml\u00f6sungen f\u00fcr Umschlags- und Warenlager","potentialAction":[{"@type":"SearchAction","target":{"@type":"EntryPoint","urlTemplate":"https:\/\/www.divis.eu\/?s={search_term_string}"},"query-input":{"@type":"PropertyValueSpecification","valueRequired":true,"valueName":"search_term_string"}}],"inLanguage":"fr-FR"}]}},"_links":{"self":[{"href":"https:\/\/www.divis.eu\/fr\/wp-json\/wp\/v2\/pages\/19873","targetHints":{"allow":["GET"]}}],"collection":[{"href":"https:\/\/www.divis.eu\/fr\/wp-json\/wp\/v2\/pages"}],"about":[{"href":"https:\/\/www.divis.eu\/fr\/wp-json\/wp\/v2\/types\/page"}],"author":[{"embeddable":true,"href":"https:\/\/www.divis.eu\/fr\/wp-json\/wp\/v2\/users\/1"}],"replies":[{"embeddable":true,"href":"https:\/\/www.divis.eu\/fr\/wp-json\/wp\/v2\/comments?post=19873"}],"version-history":[{"count":0,"href":"https:\/\/www.divis.eu\/fr\/wp-json\/wp\/v2\/pages\/19873\/revisions"}],"wp:attachment":[{"href":"https:\/\/www.divis.eu\/fr\/wp-json\/wp\/v2\/media?parent=19873"}],"curies":[{"name":"wp","href":"https:\/\/api.w.org\/{rel}","templated":true}]}}