{"id":19877,"date":"2018-12-10T21:30:41","date_gmt":"2018-12-10T21:30:41","guid":{"rendered":"https:\/\/www.divis.eu\/videoueberwachung-im-hallenumschlag-mit-loesungen-von-divis\/"},"modified":"2021-11-24T10:17:46","modified_gmt":"2021-11-24T10:17:46","slug":"videosurveillance-dans-la-manutention-dentrepot-avec-les-solutions-divis","status":"publish","type":"page","link":"https:\/\/www.divis.eu\/fr\/videosurveillance-dans-la-manutention-dentrepot-avec-les-solutions-divis\/","title":{"rendered":"Vid\u00e9osurveillance dans la manutention d&rsquo;entrep\u00f4t avec les solutions DIVIS"},"content":{"rendered":"\n\n\t\t\t\t<img decoding=\"async\" src=\"https:\/\/www.divis.eu\/wp-content\/uploads\/2018\/02\/titelgraafik-module7.png\" alt=\"DIVIS-Software | Logistik mit Video\u00fcberwachung\" title=\"titelgraafik-module7\" itemprop=\"image\"  \/>\n<h1>\n\t\tFonction Plus<sup>+<\/sup> polyvalentes\n\t<\/h1>\n<h1>\n\t\tdans les entrep\u00f4ts et dans les d\u00e9p\u00f4ts\n\t<\/h1>\n<h2>\n\t\tRecherche des envois.<br \/>Analyse des processus.<br \/>Optimisation des processus.\n\t<\/h2>\n\t\t\t<a href=\"https:\/\/www.divis.eu\/fr\/modules-pour-votre-systeme-de-gestion-video\/\" target=\"_self\" role=\"button\" aria-label=\"Vue d&#039;ensemble des modules\" rel=\"noopener\">\n\t\t\t\t\t\t\tVue d&rsquo;ensemble des modules\n\t\t<\/a>\n\t\t\t\t<img decoding=\"async\" src=\"https:\/\/www.divis.eu\/wp-content\/uploads\/2018\/02\/titelgraafik-module7.png\" alt=\"DIVIS-Software | Logistik mit Video\u00fcberwachung\" title=\"titelgraafik-module7\" itemprop=\"image\"  \/>\n<h1>\n\t\tValeur ajout\u00e9e pour votre logiciel\n\t<\/h1>\n<h1>\n\t\tFonctionnalit\u00e9s Plus<sup>+<\/sup> en option\n\t<\/h1>\n\t<p><strong>Logiciel de gestion vid\u00e9o pour votre logistique :<\/strong> Les modules suivants sont disponibles en option et soumis \u00e0 un suppl\u00e9ment pour notre logiciel.<\/p>\n\t\t\t\t<img decoding=\"async\" src=\"https:\/\/www.divis.eu\/wp-content\/uploads\/2020\/07\/modul-scale-plus.png\" alt=\"Software-Modul Scale+ | DIVIS\" title=\"modul-scale-plus\" itemprop=\"image\"\/>\n\t\t<h4>Fonctionnalit\u00e9 optionnelle Plus<sup>+<\/sup> pour CargoVIS<\/h4><h3>Scale<sup>+<\/sup><\/h3>\t\t\t\n<h3>\n\t\tContr\u00f4le de volume contr\u00f4l\u00e9 par logiciel\n\t<\/h3>\n\t\t\t\t<p>Avec le contr\u00f4le de volume contr\u00f4l\u00e9 par logiciel de Scale<sup>+<\/sup>, vous n&rsquo;avez pas besoin d&rsquo;interrompre le processus de chargement. La mesure est bas\u00e9e sur l&rsquo;\u00e9valuation d&rsquo;images vid\u00e9o d\u00e9j\u00e0 enregistr\u00e9es avec les cam\u00e9ras de portes existantes. Des contr\u00f4les pr\u00e9cis peuvent \u00eatre effectu\u00e9s directement dans le logiciel \u00e0 l&rsquo;aide d&rsquo;une image du colis. Cela simplifie consid\u00e9rablement le processus de traitement, permet plus de contr\u00f4les et assure ainsi plus de transparence dans votre cha\u00eene logistique.<br \/><a href=\"https:\/\/www.divis.eu\/fr\/controle-du-volume-des-envois-avec-le-nouveau-module-scale-pilote-par-logiciel-et-efficace\/\">Plus sur Scale<sup>+<\/sup><\/a><br \/><a href=\"https:\/\/www.youtube.com\/watch?v=ocmo5YI4caQ&amp;t=80s\">Jetez un coup d&rsquo;\u0153il au fonctionnement de Scale<sup>+<\/sup> dans cette vid\u00e9o d&rsquo;utilisateur.<\/a><\/p>\n\t\t\t\t<img decoding=\"async\" src=\"https:\/\/www.divis.eu\/wp-content\/uploads\/2018\/02\/volumenkontrolle.png\" alt=\"Vielseitige Plus Funktionen erweitern unsere Video\u00fcberwachungsl\u00f6sungen f\u00fcr die Logistik\" title=\"volumenkontrolle\" itemprop=\"image\"\/>\n\t\t\t\t<img decoding=\"async\" src=\"https:\/\/www.divis.eu\/wp-content\/uploads\/2021\/01\/modul-picture-plus.png\" alt=\"Software-Modul Picture+ | DIVIS\" title=\"modul-picture-plus\" itemprop=\"image\"\/>\n\t\t<h4>Fonctionnalit\u00e9 optionnelle Plus<sup>+<\/sup> pour CargoVIS<\/h4><h3>Picture<sup>+<\/sup><\/h3>\t\t\t\n<h3>\n\t\tService fournisseur d&rsquo;images\n\t<\/h3>\n\t\t\t\t<img decoding=\"async\" src=\"https:\/\/www.divis.eu\/wp-content\/uploads\/2020\/07\/scan-plus-1.png\" alt=\"Software-Modul Scan+ | DIVIS\" title=\"scan-plus\" itemprop=\"image\"\/>\n\t\t\t\t<p>Picture<sup>+<\/sup> est un service Web, qui traite les demandes d&rsquo;envoi de marchandises et toute image de cam\u00e9ra. Cette fonctionnalit\u00e9 est donc utilis\u00e9e pour r\u00e9cup\u00e9rer les images des cam\u00e9ras par num\u00e9ro de colis ou en entrant un horodatage et un nom de zone et pour les afficher dans une application tierce sur un terminal (terminal de l&rsquo;entrep\u00f4t, PC, appareils mobiles, etc.).<\/p>\n<p>Picture<sup>+<\/sup> peut, par exemple, simplifier votre recherche de marchandises \u00e9gar\u00e9es dans le hall logistique et vous faire ainsi gagner du temps lors de chargements sur de courtes distances. Il suffit d&rsquo;initialiser une demande de num\u00e9ro d&rsquo;envoi d&rsquo;un colis sur le terminal de l&rsquo;entrep\u00f4t. Picture<sup>+ <\/sup>recherche l&rsquo;image du dernier scan dans les donn\u00e9es vid\u00e9o enregistr\u00e9es et l&rsquo;affiche directement sur le terminal &#8211; y compris la position de l&#8217;emplacement (si disponible).<\/p>\n<p>Gr\u00e2ce \u00e0 l&rsquo;interface Picture<sup>+<\/sup>, les images des envois peuvent \u00e9galement \u00eatre automatiquement r\u00e9cup\u00e9r\u00e9es et affich\u00e9es dans le syst\u00e8me de gestion des entrep\u00f4ts (WMS).<\/p>\n<p>Picture<sup>+ <\/sup>peut \u00e9galement \u00eatre utilis\u00e9 dans le syst\u00e8me de gestion des transports (TMS) pour la documentation et l&rsquo;optimisation des processus de chargement. En entrant un horodatage et un nom de zone (par ex. porte 1), vous pouvez r\u00e9cup\u00e9rer les images des cam\u00e9ras des portes \u00e0 des moments pr\u00e9cis pour voir, par exemple, le taux de remplissage des camions au moment du d\u00e9part ou du retour.<br \/><a href=\"https:\/\/www.divis.eu\/fr\/supervision-coloree-pour-votre-tms-avec-picture\/\">Plus sur Picture<sup>+<\/sup><\/a><br \/><\/p>\n\t\t\t<a href=\"https:\/\/www.divis.eu\/fr\/modules-pour-votre-logistique-avec-videosurveillance\/\" target=\"_self\" role=\"button\" aria-label=\"Modules dans la licence de base\" rel=\"noopener\">\n\t\t\t\t\t\t\tModules dans la licence de base\n\t\t<\/a>\n<h2>\n\t\tNos solutions logicielles\n\t<\/h2>\n\t\t\t\t<img decoding=\"async\" src=\"https:\/\/www.divis.eu\/wp-content\/uploads\/2018\/01\/logo-cargovis-gr.png\" alt=\"logo-cargovis-gr\" title=\"logo-cargovis-gr\" itemprop=\"image\"\/>\n\t\t<h3>Aper\u00e7u rapide des envois palettis\u00e9s avec CargoVIS<\/h3>\t\t\t\n\t\t\t\t<p>Avec notre logiciel de gestion vid\u00e9o pour les entrep\u00f4ts de transbordement, CargoVIS, nous vous offrons une solution syst\u00e8me compl\u00e8te et facile \u00e0 utiliser pour la recherche par images et le suivi des envois de marchandises palettis\u00e9es.<\/p>\n\t\t\t<a href=\"https:\/\/www.divis.eu\/fr\/logiciel-de-gestion-video-cargovis-pour-les-entrepots-de-transbordement\/\" target=\"_self\" role=\"button\" aria-label=\"En savoir plus sur CargoVIS\" rel=\"noopener\">\n\t\t\t\t\t\t\tEn savoir plus sur CargoVIS\n\t\t<\/a>\n\t\t\t\t<img decoding=\"async\" src=\"https:\/\/www.divis.eu\/wp-content\/uploads\/2018\/01\/logo-parcelvis-gr.png\" alt=\"\" title=\"\" itemprop=\"image\"\/>\n\t\t<h3>ParcelVIS pour l&rsquo;entrep\u00f4t de transbordement &#038; fournisseur de services CEP<\/h3>\t\t\t\n<p>\u00c9conomisez du temps et de l&rsquo;argent et laissez ParcelVIS travailler efficacement pour vous avec la recherche d&rsquo;envois par images dans l&rsquo;entrep\u00f4t de transbordement\u00a0: La saisie du num\u00e9ro de l&rsquo;\u00e9tiquette du colis est la cl\u00e9 de toutes les informations n\u00e9cessaires \u00e0 la localisation et l&rsquo;\u00e9tat d&rsquo;un envoi pour tous les \u00e9v\u00e9nements de num\u00e9risation qui ont eu lieu.<\/p>\n\t\t\t<a href=\"https:\/\/www.divis.eu\/fr\/parcelvis-recherche-denvois-guidee-par-images-dans-les-entrepots-de-transbordement\/\" target=\"_self\" role=\"button\" aria-label=\"En savoir plus sur ParcelVIS\" rel=\"noopener\">\n\t\t\t\t\t\t\tEn savoir plus sur ParcelVIS\n\t\t<\/a>\n\t\t\t\t<img decoding=\"async\" src=\"https:\/\/www.divis.eu\/wp-content\/uploads\/2018\/01\/logo-tsb.png\" alt=\"logo-tsb\" title=\"logo-tsb\" itemprop=\"image\"\/>\n\t\t\t\t\t\t\t\t<h3 class='uabb-testimonial-author-name testimonial-author-name'>TSBtrans<\/h3>\t\t\t\t\t\t\t\t\n\t\t\t\t\t\t\t\t\tEspagne\t\t\t\t\t\t\t\t\n\t\t\t\t\t\t\t<blockquote><p>\u00ab\u00a0CargoVIS est absolument fiable, gr\u00e2ce \u00e0 ses capacit\u00e9s de suivi, l&rsquo;investissement pour TSB s&rsquo;est amorti en moins d&rsquo;un an en trouvant les palettes manquantes et en identifiant les sources de dommages.\u00a0\u00bb<\/p><\/blockquote>\t\t\t\t\t\t\n\t\t\t\t<img decoding=\"async\" src=\"https:\/\/www.divis.eu\/wp-content\/uploads\/2018\/01\/logo-lagermax.png\" alt=\"logo-lagermax\" title=\"logo-lagermax\" itemprop=\"image\"\/>\n\t\t\t\t\t\t\t\t<h3 class='uabb-testimonial-author-name testimonial-author-name'>Lagermax Paketdienst GmbH &amp; Co KG<\/h3>\t\t\t\t\t\t\t\t\n\t\t\t\t\t\t\t\t\tAutriche\t\t\t\t\t\t\t\t\n\t\t\t\t\t\t\t<blockquote><p>\u00ab\u00a0Nous utilisons ParcelVIS de DIVIS depuis 5 ans et n&rsquo;avons jamais rencontr\u00e9 de probl\u00e8mes.\u00a0\u00bb<\/p><\/blockquote>\t\t\t\t\t\t\n\t\t\t\t<img decoding=\"async\" src=\"https:\/\/www.divis.eu\/wp-content\/uploads\/2018\/01\/logo-voigt-invers.png\" alt=\"logo-voigt-invers\" title=\"logo-voigt-invers\" itemprop=\"image\"\/>\n\t\t\t\t\t\t\t\t<h3 class='uabb-testimonial-author-name testimonial-author-name'>Herbert Voigt GmbH &amp; Co. KG<\/h3>\t\t\t\t\t\t\t\t\n\t\t\t\t\t\t\t\t\tAllemagne\t\t\t\t\t\t\t\t\n\t\t\t\t\t\t\t<blockquote><p>\u00ab\u00a0Avec DIVIS, nous avons trouv\u00e9 un partenaire comp\u00e9tent qui a toujours une solution pour nos propres id\u00e9es.\u00a0\u00bb<\/p><\/blockquote>\t\t\t\t\t\t\n\t\t\t\t<img decoding=\"async\" src=\"https:\/\/www.divis.eu\/wp-content\/uploads\/2018\/01\/logo-schmalz-schoen.png\" alt=\"logo-schmalz-schoen\" title=\"logo-schmalz-schoen\" itemprop=\"image\"\/>\n\t\t\t\t\t\t\t\t<h3 class='uabb-testimonial-author-name testimonial-author-name'>SCHMALZ+SCH\u00d6N Logistics GmbH<\/h3>\t\t\t\t\t\t\t\t\n\t\t\t\t\t\t\t\t\tAllemagne\t\t\t\t\t\t\t\t\n\t\t\t\t\t\t\t<blockquote><p>\u00ab\u00a0La solution parfaite m\u00eame pour les zones de transbordement h\u00e9t\u00e9rog\u00e8nes &#8211; la vid\u00e9osurveillance de DIVIS\u00a0qui vole au secours des colis. \u00bb<\/p><\/blockquote>\t\t\t\t\t\t\n\t\t\t\t<img decoding=\"async\" src=\"https:\/\/www.divis.eu\/wp-content\/uploads\/2018\/01\/logo-zufall-1.png\" alt=\"logo-zufall\" title=\"logo-zufall\" itemprop=\"image\"\/>\n\t\t\t\t\t\t\t\t<h3 class='uabb-testimonial-author-name testimonial-author-name'>Friedrich Zufall GmbH &amp; Co. KG<\/h3>\t\t\t\t\t\t\t\t\n\t\t\t\t\t\t\t\t\tAllemagne\t\t\t\t\t\t\t\t\n\t\t\t\t\t\t\t<blockquote><p>\u00ab\u00a0Nous sommes tr\u00e8s satisfaits du syst\u00e8me \u00a0[&#8230;de \u00a0DIVIS&#8230;]\u00a0\u00bb<\/p><\/blockquote>\t\t\t\t\t\t\n\t\t\t<a href=\"https:\/\/www.divis.eu\/fr\/references-etudes-de-cas-suivi-des-envois-dans-lentrepot\/\" target=\"_self\" role=\"button\" aria-label=\"Aller aux \u00e9tudes de cas\" rel=\"noopener\">\n\t\t\t\t\t\t\tAller aux \u00e9tudes de cas\n\t\t<\/a>\n\t\t\t\t<img decoding=\"async\" src=\"https:\/\/www.divis.eu\/wp-content\/uploads\/2018\/01\/hendrik-reger-1.png\" alt=\"Hendrik Reger | DIVIS | Videol\u00f6sungen f\u00fcr die Logistik\" itemprop=\"image\" height=\"385\" width=\"300\" title=\"hendrik-reger\" onerror=\"this.style.display='none'\"  \/>\n\t<em><strong>Hendrik Reger<\/strong><br \/>\nDirecteur g\u00e9n\u00e9ral<\/em>\n<h1>\n\t\tAvez-vous des questions ?\n\t<\/h1>\n<h1>\n\t\tNous avons des r\u00e9ponses\n\t<\/h1>\n\t<p>Notre \u00e9quipe est \u00e0 votre disposition pour r\u00e9pondre \u00e0 vos questions sur nos produits et se fera un plaisir de vous conseiller gratuitement et sans engagement.<\/p>\n\t\t\t<a href=\"https:\/\/www.divis.eu\/fr\/contacter-divis-fournisseur-pour-le-suivi-des-envois-par-camera\/\" target=\"_self\" role=\"button\" aria-label=\"Contacter DIVIS\" rel=\"noopener\">\n\t\t\t\t\t\t\tContacter DIVIS\n\t\t<\/a>\n\t\t\t\t<a href=\"https:\/\/www.divis.eu\/fr\/inscription-a-la-newsletter-optimisation-des-processus-dans-lentrepot\/\" target=\"_self\" itemprop=\"url\" rel=\"noopener\">\n\t\t\t\t<img decoding=\"async\" src=\"https:\/\/www.divis.eu\/wp-content\/uploads\/2018\/11\/sprechblase-newsletter-abo-fr.png\" alt=\"Abonner la DIVIS newsletter\" title=\"sprechblase-newsletter-abo-fr\" itemprop=\"image\"  \/>\n\t\t\t\t\t\t<\/a>\n\t<h3>Newsletter DIVIS<\/h3>\n<p>En vous abonnant \u00e0 notre newsletter, vous \u00eates toujours au courant de toutes les nouveaut\u00e9s de DIVIS<\/p>\n\t\t\t<a href=\"https:\/\/www.divis.eu\/fr\/inscription-a-la-newsletter-optimisation-des-processus-dans-lentrepot\/\" target=\"_self\" role=\"button\" aria-label=\"Abonner la newsletter\" rel=\"noopener\">\n\t\t\t\t\t\t\tAbonner la newsletter\n\t\t<\/a>\n\t\t\t\t<img decoding=\"async\" src=\"https:\/\/www.divis.eu\/wp-content\/uploads\/2018\/01\/kundenlogo-CTL-1.png\" alt=\"CTL | DIVIS Kunde\" itemprop=\"image\" height=\"51\" width=\"120\" title=\"kundenlogo-CTL\" onerror=\"this.style.display='none'\"  \/>\n\t\t\t\t<img decoding=\"async\" src=\"https:\/\/www.divis.eu\/wp-content\/uploads\/2018\/01\/kundenlogo-dpd.png\" alt=\"kundenlogo-dpd\" itemprop=\"image\" height=\"51\" width=\"120\" title=\"kundenlogo-dpd\" onerror=\"this.style.display='none'\"  \/>\n\t\t\t\t<img decoding=\"async\" src=\"https:\/\/www.divis.eu\/wp-content\/uploads\/2018\/01\/kundenlogo-emons.png\" alt=\"Emons | DIVIS-Kunde\" itemprop=\"image\" height=\"51\" width=\"120\" title=\"kundenlogo-emons\" onerror=\"this.style.display='none'\"  \/>\n\t\t\t\t<img decoding=\"async\" src=\"https:\/\/www.divis.eu\/wp-content\/uploads\/2018\/01\/kundenlogo-online.png\" alt=\"kundenlogo-online\" itemprop=\"image\" height=\"51\" width=\"120\" title=\"kundenlogo-online\" onerror=\"this.style.display='none'\"  \/>\n\t\t\t\t<img decoding=\"async\" src=\"https:\/\/www.divis.eu\/wp-content\/uploads\/2018\/01\/kundenlogo-rhenus.png\" alt=\"Rhenus Logistics | DIVIS-Kunde\" title=\"kundenlogo-rhenus\" itemprop=\"image\"  \/>\n\t\t\t\t<img decoding=\"async\" src=\"https:\/\/www.divis.eu\/wp-content\/uploads\/2018\/01\/kundenlogo-tsb.png\" alt=\"kundenlogo-tsb\" itemprop=\"image\" height=\"51\" width=\"120\" title=\"kundenlogo-tsb\" onerror=\"this.style.display='none'\"  \/>\n\t\t\t\t<img decoding=\"async\" src=\"https:\/\/www.divis.eu\/wp-content\/uploads\/2018\/01\/kundenlogo-gebrueder-weiss.png\" alt=\"Gebr\u00fcder Weiss | DIVIS-Kunde\" itemprop=\"image\" height=\"51\" width=\"150\" title=\"kundenlogo-gebrueder-weiss\" onerror=\"this.style.display='none'\"  \/>\n\t\t\t\t<img decoding=\"async\" src=\"https:\/\/www.divis.eu\/wp-content\/uploads\/2018\/01\/kundenlogo-tchibo.png\" alt=\"Tchibo | DIVIS-Kunde\" title=\"kundenlogo-tchibo\" itemprop=\"image\"  \/>\n\t\t\t\t<img decoding=\"async\" src=\"https:\/\/www.divis.eu\/wp-content\/uploads\/2018\/01\/kundenlogo-24plus.png\" alt=\"kundenlogo-24plus\" itemprop=\"image\" height=\"51\" width=\"120\" title=\"kundenlogo-24plus\" onerror=\"this.style.display='none'\"  \/>\n\t\t\t\t<img decoding=\"async\" src=\"https:\/\/www.divis.eu\/wp-content\/uploads\/2018\/01\/kundenlogo-raben.png\" alt=\"Raben Group | DIVIS-Kunde\" title=\"kundenlogo-raben\" itemprop=\"image\"  \/>\n\t\t\t\t<img decoding=\"async\" src=\"https:\/\/www.divis.eu\/wp-content\/uploads\/2018\/01\/kundenlogo-geis.png\" alt=\"Spedition Geis | DIVIS-Kunde\" title=\"kundenlogo-geis\" itemprop=\"image\"  \/>\n\t\t\t\t<img decoding=\"async\" src=\"https:\/\/www.divis.eu\/wp-content\/uploads\/2018\/01\/kundenlogo-zufall.png\" alt=\"kundenlogo-zufall\" itemprop=\"image\" height=\"51\" width=\"120\" title=\"kundenlogo-zufall\" onerror=\"this.style.display='none'\"  \/>\n\n","protected":false},"excerpt":{"rendered":"<p>Fonction Plus+ polyvalentes dans les entrep\u00f4ts et dans les d\u00e9p\u00f4ts Recherche des envois.Analyse des processus.Optimisation des processus. Vue d&rsquo;ensemble des modules Valeur ajout\u00e9e pour votre logiciel Fonctionnalit\u00e9s Plus+ en option Logiciel de gestion vid\u00e9o pour votre logistique : Les modules suivants sont disponibles en option et soumis \u00e0 un suppl\u00e9ment pour notre logiciel. Fonctionnalit\u00e9 optionnelle&hellip;<\/p>\n","protected":false},"author":1,"featured_media":0,"parent":0,"menu_order":0,"comment_status":"closed","ping_status":"closed","template":"","meta":{"footnotes":""},"class_list":["post-19877","page","type-page","status-publish","hentry"],"yoast_head":"<!-- This site is optimized with the Yoast SEO plugin v27.5 - https:\/\/yoast.com\/product\/yoast-seo-wordpress\/ -->\n<title>Vid\u00e9osurveillance dans le hall de manutention | Add-ons utiles | DIVIS<\/title>\n<meta name=\"description\" content=\"Le logiciel DIVIS peut \u00eatre adapt\u00e9 aux exigences de votre logistique avec des fonctions plus pr\u00e9cieuses. Une solution pour chaque exigence DIVIS\" \/>\n<meta name=\"robots\" content=\"index, follow, max-snippet:-1, max-image-preview:large, max-video-preview:-1\" \/>\n<link rel=\"canonical\" href=\"https:\/\/www.divis.eu\/fr\/videosurveillance-dans-la-manutention-dentrepot-avec-les-solutions-divis\/\" \/>\n<meta property=\"og:locale\" content=\"fr_FR\" \/>\n<meta property=\"og:type\" content=\"article\" \/>\n<meta property=\"og:title\" content=\"Vid\u00e9osurveillance dans le hall de manutention | Add-ons utiles | DIVIS\" \/>\n<meta property=\"og:description\" content=\"Le logiciel DIVIS peut \u00eatre adapt\u00e9 aux exigences de votre logistique avec des fonctions plus pr\u00e9cieuses. Une solution pour chaque exigence DIVIS\" \/>\n<meta property=\"og:url\" content=\"https:\/\/www.divis.eu\/fr\/videosurveillance-dans-la-manutention-dentrepot-avec-les-solutions-divis\/\" \/>\n<meta property=\"og:site_name\" content=\"DIVIS - The intelligent view\" \/>\n<meta property=\"article:modified_time\" content=\"2021-11-24T10:17:46+00:00\" \/>\n<meta property=\"og:image\" content=\"https:\/\/www.divis.eu\/wp-content\/uploads\/2018\/02\/titelgraafik-module7.png\" \/>\n<meta name=\"twitter:card\" content=\"summary_large_image\" \/>\n<meta name=\"twitter:label1\" content=\"Dur\u00e9e de lecture estim\u00e9e\" \/>\n\t<meta name=\"twitter:data1\" content=\"4 minutes\" \/>\n<script type=\"application\/ld+json\" class=\"yoast-schema-graph\">{\"@context\":\"https:\\\/\\\/schema.org\",\"@graph\":[{\"@type\":\"WebPage\",\"@id\":\"https:\\\/\\\/www.divis.eu\\\/fr\\\/videosurveillance-dans-la-manutention-dentrepot-avec-les-solutions-divis\\\/\",\"url\":\"https:\\\/\\\/www.divis.eu\\\/fr\\\/videosurveillance-dans-la-manutention-dentrepot-avec-les-solutions-divis\\\/\",\"name\":\"Vid\u00e9osurveillance dans le hall de manutention | Add-ons utiles | DIVIS\",\"isPartOf\":{\"@id\":\"https:\\\/\\\/www.divis.eu\\\/#website\"},\"primaryImageOfPage\":{\"@id\":\"https:\\\/\\\/www.divis.eu\\\/fr\\\/videosurveillance-dans-la-manutention-dentrepot-avec-les-solutions-divis\\\/#primaryimage\"},\"image\":{\"@id\":\"https:\\\/\\\/www.divis.eu\\\/fr\\\/videosurveillance-dans-la-manutention-dentrepot-avec-les-solutions-divis\\\/#primaryimage\"},\"thumbnailUrl\":\"https:\\\/\\\/www.divis.eu\\\/wp-content\\\/uploads\\\/2018\\\/02\\\/titelgraafik-module7.png\",\"datePublished\":\"2018-12-10T21:30:41+00:00\",\"dateModified\":\"2021-11-24T10:17:46+00:00\",\"description\":\"Le logiciel DIVIS peut \u00eatre adapt\u00e9 aux exigences de votre logistique avec des fonctions plus pr\u00e9cieuses. Une solution pour chaque exigence DIVIS\",\"breadcrumb\":{\"@id\":\"https:\\\/\\\/www.divis.eu\\\/fr\\\/videosurveillance-dans-la-manutention-dentrepot-avec-les-solutions-divis\\\/#breadcrumb\"},\"inLanguage\":\"fr-FR\",\"potentialAction\":[{\"@type\":\"ReadAction\",\"target\":[\"https:\\\/\\\/www.divis.eu\\\/fr\\\/videosurveillance-dans-la-manutention-dentrepot-avec-les-solutions-divis\\\/\"]}]},{\"@type\":\"ImageObject\",\"inLanguage\":\"fr-FR\",\"@id\":\"https:\\\/\\\/www.divis.eu\\\/fr\\\/videosurveillance-dans-la-manutention-dentrepot-avec-les-solutions-divis\\\/#primaryimage\",\"url\":\"https:\\\/\\\/www.divis.eu\\\/wp-content\\\/uploads\\\/2018\\\/02\\\/titelgraafik-module7.png\",\"contentUrl\":\"https:\\\/\\\/www.divis.eu\\\/wp-content\\\/uploads\\\/2018\\\/02\\\/titelgraafik-module7.png\"},{\"@type\":\"BreadcrumbList\",\"@id\":\"https:\\\/\\\/www.divis.eu\\\/fr\\\/videosurveillance-dans-la-manutention-dentrepot-avec-les-solutions-divis\\\/#breadcrumb\",\"itemListElement\":[{\"@type\":\"ListItem\",\"position\":1,\"name\":\"Startseite\",\"item\":\"https:\\\/\\\/www.divis.eu\\\/fr\\\/\"},{\"@type\":\"ListItem\",\"position\":2,\"name\":\"Vid\u00e9osurveillance dans la manutention d&#8217;entrep\u00f4t avec les solutions DIVIS\"}]},{\"@type\":\"WebSite\",\"@id\":\"https:\\\/\\\/www.divis.eu\\\/#website\",\"url\":\"https:\\\/\\\/www.divis.eu\\\/\",\"name\":\"DIVIS - The intelligent view\",\"description\":\"Videosysteml\u00f6sungen f\u00fcr Umschlags- und Warenlager\",\"potentialAction\":[{\"@type\":\"SearchAction\",\"target\":{\"@type\":\"EntryPoint\",\"urlTemplate\":\"https:\\\/\\\/www.divis.eu\\\/?s={search_term_string}\"},\"query-input\":{\"@type\":\"PropertyValueSpecification\",\"valueRequired\":true,\"valueName\":\"search_term_string\"}}],\"inLanguage\":\"fr-FR\"}]}<\/script>\n<!-- \/ Yoast SEO plugin. -->","yoast_head_json":{"title":"Vid\u00e9osurveillance dans le hall de manutention | Add-ons utiles | DIVIS","description":"Le logiciel DIVIS peut \u00eatre adapt\u00e9 aux exigences de votre logistique avec des fonctions plus pr\u00e9cieuses. Une solution pour chaque exigence DIVIS","robots":{"index":"index","follow":"follow","max-snippet":"max-snippet:-1","max-image-preview":"max-image-preview:large","max-video-preview":"max-video-preview:-1"},"canonical":"https:\/\/www.divis.eu\/fr\/videosurveillance-dans-la-manutention-dentrepot-avec-les-solutions-divis\/","og_locale":"fr_FR","og_type":"article","og_title":"Vid\u00e9osurveillance dans le hall de manutention | Add-ons utiles | DIVIS","og_description":"Le logiciel DIVIS peut \u00eatre adapt\u00e9 aux exigences de votre logistique avec des fonctions plus pr\u00e9cieuses. Une solution pour chaque exigence DIVIS","og_url":"https:\/\/www.divis.eu\/fr\/videosurveillance-dans-la-manutention-dentrepot-avec-les-solutions-divis\/","og_site_name":"DIVIS - The intelligent view","article_modified_time":"2021-11-24T10:17:46+00:00","og_image":[{"url":"https:\/\/www.divis.eu\/wp-content\/uploads\/2018\/02\/titelgraafik-module7.png","type":"","width":"","height":""}],"twitter_card":"summary_large_image","twitter_misc":{"Dur\u00e9e de lecture estim\u00e9e":"4 minutes"},"schema":{"@context":"https:\/\/schema.org","@graph":[{"@type":"WebPage","@id":"https:\/\/www.divis.eu\/fr\/videosurveillance-dans-la-manutention-dentrepot-avec-les-solutions-divis\/","url":"https:\/\/www.divis.eu\/fr\/videosurveillance-dans-la-manutention-dentrepot-avec-les-solutions-divis\/","name":"Vid\u00e9osurveillance dans le hall de manutention | Add-ons utiles | DIVIS","isPartOf":{"@id":"https:\/\/www.divis.eu\/#website"},"primaryImageOfPage":{"@id":"https:\/\/www.divis.eu\/fr\/videosurveillance-dans-la-manutention-dentrepot-avec-les-solutions-divis\/#primaryimage"},"image":{"@id":"https:\/\/www.divis.eu\/fr\/videosurveillance-dans-la-manutention-dentrepot-avec-les-solutions-divis\/#primaryimage"},"thumbnailUrl":"https:\/\/www.divis.eu\/wp-content\/uploads\/2018\/02\/titelgraafik-module7.png","datePublished":"2018-12-10T21:30:41+00:00","dateModified":"2021-11-24T10:17:46+00:00","description":"Le logiciel DIVIS peut \u00eatre adapt\u00e9 aux exigences de votre logistique avec des fonctions plus pr\u00e9cieuses. Une solution pour chaque exigence DIVIS","breadcrumb":{"@id":"https:\/\/www.divis.eu\/fr\/videosurveillance-dans-la-manutention-dentrepot-avec-les-solutions-divis\/#breadcrumb"},"inLanguage":"fr-FR","potentialAction":[{"@type":"ReadAction","target":["https:\/\/www.divis.eu\/fr\/videosurveillance-dans-la-manutention-dentrepot-avec-les-solutions-divis\/"]}]},{"@type":"ImageObject","inLanguage":"fr-FR","@id":"https:\/\/www.divis.eu\/fr\/videosurveillance-dans-la-manutention-dentrepot-avec-les-solutions-divis\/#primaryimage","url":"https:\/\/www.divis.eu\/wp-content\/uploads\/2018\/02\/titelgraafik-module7.png","contentUrl":"https:\/\/www.divis.eu\/wp-content\/uploads\/2018\/02\/titelgraafik-module7.png"},{"@type":"BreadcrumbList","@id":"https:\/\/www.divis.eu\/fr\/videosurveillance-dans-la-manutention-dentrepot-avec-les-solutions-divis\/#breadcrumb","itemListElement":[{"@type":"ListItem","position":1,"name":"Startseite","item":"https:\/\/www.divis.eu\/fr\/"},{"@type":"ListItem","position":2,"name":"Vid\u00e9osurveillance dans la manutention d&#8217;entrep\u00f4t avec les solutions DIVIS"}]},{"@type":"WebSite","@id":"https:\/\/www.divis.eu\/#website","url":"https:\/\/www.divis.eu\/","name":"DIVIS - The intelligent view","description":"Videosysteml\u00f6sungen f\u00fcr Umschlags- und Warenlager","potentialAction":[{"@type":"SearchAction","target":{"@type":"EntryPoint","urlTemplate":"https:\/\/www.divis.eu\/?s={search_term_string}"},"query-input":{"@type":"PropertyValueSpecification","valueRequired":true,"valueName":"search_term_string"}}],"inLanguage":"fr-FR"}]}},"_links":{"self":[{"href":"https:\/\/www.divis.eu\/fr\/wp-json\/wp\/v2\/pages\/19877","targetHints":{"allow":["GET"]}}],"collection":[{"href":"https:\/\/www.divis.eu\/fr\/wp-json\/wp\/v2\/pages"}],"about":[{"href":"https:\/\/www.divis.eu\/fr\/wp-json\/wp\/v2\/types\/page"}],"author":[{"embeddable":true,"href":"https:\/\/www.divis.eu\/fr\/wp-json\/wp\/v2\/users\/1"}],"replies":[{"embeddable":true,"href":"https:\/\/www.divis.eu\/fr\/wp-json\/wp\/v2\/comments?post=19877"}],"version-history":[{"count":0,"href":"https:\/\/www.divis.eu\/fr\/wp-json\/wp\/v2\/pages\/19877\/revisions"}],"wp:attachment":[{"href":"https:\/\/www.divis.eu\/fr\/wp-json\/wp\/v2\/media?parent=19877"}],"curies":[{"name":"wp","href":"https:\/\/api.w.org\/{rel}","templated":true}]}}