{"id":20630,"date":"2020-10-02T12:43:04","date_gmt":"2020-10-02T12:43:04","guid":{"rendered":"https:\/\/www.divis.eu\/divis-video-management-in-warehouses-and-depots-customer-benefit\/"},"modified":"2024-08-28T08:17:59","modified_gmt":"2024-08-28T08:17:59","slug":"divis-gestion-video-dans-les-entrepots-et-les-depots-avantage-client","status":"publish","type":"page","link":"https:\/\/www.divis.eu\/fr\/divis-gestion-video-dans-les-entrepots-et-les-depots-avantage-client\/","title":{"rendered":"DIVIS | Gestion vid\u00e9o dans les entrep\u00f4ts et les d\u00e9p\u00f4ts | Avantage client"},"content":{"rendered":"\n<h1>\n\t\tOptimisation de la qualit\u00e9 de service et acc\u00e9l\u00e9ration des processus dans les entrep\u00f4ts et les d\u00e9p\u00f4ts gr\u00e2ce \u00e0 des chemins transparents\n\t<\/h1>\n\t<p><strong>Une logistique parfaite<\/strong> &#8211; aujourd&rsquo;hui, cela se traduit avant tout par <strong>la rentabilit\u00e9<\/strong>, <strong>la<\/strong> <strong>flexibilit\u00e9<\/strong> et <strong>la<\/strong> <strong>fiabilit\u00e9<\/strong>. C&rsquo;est pourquoi de nombreuses entreprises de logistique recourent aux technologies les plus modernes disponibles tout au long de la cha\u00eene d&rsquo;approvisionnement pour s&rsquo;assurer une position de leader sur le march\u00e9 du transport. Notamment dans le domaine de l&rsquo;intralogistique, il y a encore beaucoup de potentiel inutilis\u00e9 qui sommeille. Le suivi et la tra\u00e7abilit\u00e9 sans faille des envois dans les entrep\u00f4ts de transbordement et les d\u00e9p\u00f4ts de colis sont l&rsquo;un des \u00e9l\u00e9ments incontournables pour consolider la fid\u00e9lit\u00e9 des clients et les strat\u00e9gies d&rsquo;acquisition de nouveaux clients.<\/p>\n<h1>\n\t\tPourquoi DIVIS ?\n\t<\/h1>\n\t<p><strong>Les solutions DIVIS aident les entreprises de logistique en Europe entier \u00e0 r\u00e9aliser parfaitement leurs prestations logistiques.<\/strong> Forte de notre sp\u00e9cialisation de plusieurs d\u00e9cennies dans le domaine de la logistique et \u00e0 notre grande exp\u00e9rience des probl\u00e8mes et des souhaits de nos clients, nos produits et nos concepts ont \u00e9volu\u00e9 pour r\u00e9pondre parfaitement aux exigences \u00e9lev\u00e9es d&rsquo;aujourd&rsquo;hui.<\/p>\n<p>La fonctionnalit\u00e9 de nos solutions peut \u00eatre adapt\u00e9e avec souplesse aux applications les plus diverses. De cette mani\u00e8re, vous recevez toujours une solution pr\u00e9cis\u00e9ment adapt\u00e9e \u00e0 votre situation pr\u00e9cise, qui d\u00e9leste votre logistique dans de nombreux domaines et qui est \u00e9galement d\u00e9j\u00e0 pr\u00eate pour les exigences de demain.<\/p>\n\t\t\t\t<img decoding=\"async\" src=\"https:\/\/www.divis.eu\/wp-content\/uploads\/2020\/10\/albeck-entsaettigt-1.jpg\" alt=\"W.\" itemprop=\"image\" height=\"240\" width=\"550\" title=\"albeck-entsaettigt\" onerror=\"this.style.display='none'\"  \/>\n\t\t\t<h5>INTERVIEW<\/h5><h3>L&rsquo;avantage d&rsquo;une solution DIVIS du point de vue d&rsquo;un DG CEP<\/h3>\t\t\t\n\t\t\t\t<p>\u00ab Les taux de perte et de dommages les plus bas sont une caract\u00e9ristique unique de <strong>trans-o-flex<\/strong> pendant des d\u00e9cennies.<br \/>Le syst\u00e8me vid\u00e9o de DIVIS nous aide dans cette t\u00e2che.<br \/>Cela nous permettra de continuer \u00e0 garantir les normes les plus \u00e9lev\u00e9es possibles pour une infrastructure logistique s\u00e9curis\u00e9e et une cha\u00eene d&rsquo;approvisionnement fiable \u00e0 l&rsquo;avenir. \u00bb<\/p>\n\t\t\t<a href=\"https:\/\/www.divis.eu\/fr\/divis-video-tracking-pour-cep-interview-client\/\" title=\"Click Here\" target=\"_self\" role=\"button\" aria-label=\"Aller \u00e0 l&#039;interview\" rel=\"noopener\">\n\t\t\t\t\t\t\tAller \u00e0 l&rsquo;interview\n\t\t<\/a>\n<h1>\n\t\tDe nombreux avantages pour la qualit\u00e9 du service et la productivit\u00e9 de votre entreprise\n\t<\/h1>\n\t<a href=\"https:\/\/www.divis.eu\/fr\/solutions-de-videosurveillance-pour-la-logistique-distributeur-de-produits\/\">Les solutions de vid\u00e9o-tracking DIVIS<\/a> pour le suivi des envois augmentent l&rsquo;excellence des clients et la qualit\u00e9 du service gr\u00e2ce \u00e0 l&rsquo;enregistrement sans faille des marchandises qui vous sont confi\u00e9es dans votre entreprise.<br \/>\nLe flux en continu de donn\u00e9es donne aux logisticiens toutes les informations essentielles pour fournir des renseignements utiles aux clients, aux succursales et aux partenaires ainsi qu&rsquo;une livraison rapide. En outre, le logiciel fournit \u00e9galement des r\u00e9ponses aux questions relatives aux co\u00fbts, telles que celles concernant la cause ou le moment du dommage ou la question de la responsabilit\u00e9 en cas de perte d&rsquo;un envoi.\n<p>Le suivi transparent vous assure une vue d&rsquo;ensemble compl\u00e8te, vos processus deviennent plus clairs et tra\u00e7ables \u00e0 tout moment. Ceci am\u00e9liore la communication et est gage d&rsquo;une plus grande s\u00e9curit\u00e9, en r\u00e9duisant les erreurs, une planification erron\u00e9e et les pertes, ce qui permet d&rsquo;\u00e9conomiser des co\u00fbts et d&rsquo;augmenter la productivit\u00e9.<\/p>\n<p><strong>Nos solutions vous aident \u00e0 vous positionner beaucoup plus fortement sur le march\u00e9 global en augmentant la qualit\u00e9 de vos propres services logistiques, \u00e0 gagner de nouveaux clients qui ont une importance strat\u00e9gique et \u00e0 vous positionner pour l&rsquo;avenir.<\/strong><\/p>\n<h1>\n\t\tCe que nous apportons avec\n\t<\/h1>\n\t\t\t\t\t\t<h2>Pr\u00e9sente sur le march\u00e9 de la logistique depuis 2002<\/h2>\n\t\t\t\t\t\t<p>et en croissance organique constante au fil des ans pour atteindre un chiffre d&rsquo;affaires annuel d&rsquo;une dizaine de millions d&rsquo;euros.<\/p>\n\t\t\t\t\t\t<!-- CTA -->\n\t\t\t\t\t\t<h2>G\u00e9r\u00e9e par le propri\u00e9taire<\/h2>\n\t\t\t\t\t\t<p>DIVIS est une soci\u00e9t\u00e9 g\u00e9r\u00e9e par son propri\u00e9taire ;<br \/><a href=\"https:\/\/www.divis.eu\/fr\/communique-special-du-2-juin-2020-hendrik-reger-a-maintenant-rejoint-la-direction\/\">la succession de l&rsquo;entreprise est garantie<\/a>.<\/p>\n\t\t\t\t\t\t<!-- CTA -->\n\t\t\t\t\t\t<h2>Orient\u00e9e vers les valeurs<\/h2>\n\t\t\t\t\t\t<p>Nous avons une <a href=\"https:\/\/www.divis.eu\/fr\/divis-surveillance-video-pour-la-logistique-a-propos-de-nous\/\">gestion d&rsquo;entreprise ax\u00e9e sur les parties prenantes et les valeurs<\/a>.<\/p>\n\t\t\t\t\t\t<!-- CTA -->\n\t\t\t\t\t\t<h2>Orient\u00e9e vers l&rsquo;avenir<\/h2>\n\t\t\t\t\t\t<p>Gr\u00e2ce \u00e0 un <a href=\"https:\/\/www.divis.eu\/fr\/divis-recoit-le-soutien-du-wtsh\/\">projet de digitalisation<\/a>, nous nous sommes adapt\u00e9s techniquement et formellement aux d\u00e9fis futurs.<\/p>\n\t\t\t\t\t\t<!-- CTA -->\n\t\t\t\t\t\t<h2>\u00c0 l&rsquo;\u00e9chelle europ\u00e9enne<\/h2>\n\t\t\t\t\t\t<p>DIVIS est pr\u00e9sente sur plus de 650 sites dans 23 pays europ\u00e9ens et dispose d&rsquo;un r\u00e9seau de services \u00e9tendu.<\/p>\n\t\t\t\t\t\t<!-- CTA -->\n\t\t\t\t\t\t<h2>Sp\u00e9cialiste de la logistique<\/h2>\n\t\t\t\t\t\t<p>Avec les solutions vid\u00e9o, nous sommes exclusivement sp\u00e9cialis\u00e9s dans le secteur de la logistique.<\/p>\n\t\t\t\t\t\t<!-- CTA -->\n\t\t\t\t\t\t<h2>Le d\u00e9veloppement en interne<\/h2>\n\t\t\t\t\t\t<p>Nos comp\u00e9tences phares en mati\u00e8re de d\u00e9veloppement de logiciels sont \u00e9labor\u00e9es dans notre propre entreprise. Cela nous permet de mettre en \u0153uvre rapidement les souhaits pr\u00e9cis des clients.<\/p>\n\t\t\t\t\t\t<!-- CTA -->\n\t\t\t\t\t\t<h2>Solutions compl\u00e8tes<\/h2>\n\t\t\t\t\t\t<p>Nous fournissons tous les services et composants \u00e0 partir d&rsquo;une source unique et agissons en tant qu&rsquo;entrepreneur g\u00e9n\u00e9ral pour le secteur de la vid\u00e9o.<\/p>\n\t\t\t\t\t\t<!-- CTA -->\n\t\t\t\t\t\t<h2>Canaux de communication all\u00e9g\u00e9s<\/h2>\n\t\t\t\t\t\t<p>Des interlocuteurs qui sont toujours disponibles pour r\u00e9pondre \u00e0 vos questions et qui sont tr\u00e8s flexibles pour r\u00e9pondre aux besoins individuels.<\/p>\n\t\t\t\t\t\t<!-- CTA -->\n<h1>\n\t\tCr\u00e9er des avantages avec DIVIS\n\t<\/h1>\n<h1>\n\t\tpour tous les d\u00e9partements de votre entreprise\n\t<\/h1>\n\t\t\t\t\t\tGestion de l&rsquo;entreprise\n\t\t\t<ul>\n<li>Augmentation significative de l&rsquo;excellence client<\/li>\n<li>Am\u00e9lioration durable de la qualit\u00e9 dans le groupe d&rsquo;entreprises<\/li>\n<li>Am\u00e9lioration des chiffres cl\u00e9s des entreprises<\/li>\n<li>Am\u00e9lioration de la qualit\u00e9 des produits<\/li>\n<li>Un positionnement nettement plus important sur le march\u00e9 global et garantie de la comp\u00e9titivit\u00e9<\/li>\n<li>Acquisition de nouveaux clients strat\u00e9giques<\/li>\n<\/ul>\n\t\t\t\t\t\tUtilisateurs de la solution vid\u00e9o\n\t\t\t<ul>\n<li>Acc\u00e8s direct \u00e0 la recherche d&rsquo;envoi gr\u00e2ce \u00e0 la saisie de donn\u00e9es par scan &#8211; aucun colis n&rsquo;est perdu<\/li>\n<li>Recherche rapide de paquets gr\u00e2ce \u00e0 l&rsquo;analyse intelligente du mouvement<\/li>\n<li>Acc\u00e9l\u00e9ration du processus lors du transfert d&rsquo;images et de vid\u00e9os (noirci\/pixelis\u00e9)<\/li>\n<li>Preuve ult\u00e9rieure simple en cr\u00e9ant une lettre de l&rsquo;entrepreneur directement \u00e0 partir du logiciel<\/li>\n<li>Utilisation tr\u00e8s simple et intuitive du logiciel<\/li>\n<li>Solution des points \u00e9pineux dans l&rsquo;application de recherche<\/li>\n<\/ul>\n\t\t\t\t\t\tIT\n\t\t\t<ul>\n<li>Transfert de donn\u00e9es par simple scan<\/li>\n<li>L&rsquo;interface est conforme au RGPD &#8211; il n&rsquo;y a pas de reniflage de donn\u00e9es<\/li>\n<li>Veiller \u00e0 ce que le r\u00e9seau de cam\u00e9ras soit exploit\u00e9 ind\u00e9pendamment du r\u00e9seau op\u00e9rationnel du client<\/li>\n<li>Toutes les interfaces sont coordonn\u00e9es et pr\u00e9par\u00e9es pour le passage \u00e0 l&rsquo;\u00e9chelle du groupe d&rsquo;entreprises<\/li>\n<\/ul>\n\t\t\t\t\t\tComit\u00e9 d&rsquo;entreprise\n\t\t\t<ul>\n<li>DIVIS et les <a href=\"https:\/\/www.divis.eu\/fr\/protection-et-securite-des-donnees-selon-le-rgpd-vous-serez-parfaitement-equipe-avec-les-solutions-divis\/\">solutions DIVIS fonctionnent bien s\u00fbr en conformit\u00e9 avec le RGPD<\/a><\/li>\n<li>Les solutions logicielles comprennent une gestion compl\u00e8te des droits des utilisateurs<\/li>\n<li>En enregistrant les fichiers journaux, on s&rsquo;assure que le logiciel n&rsquo;est utilis\u00e9 qu&rsquo;\u00e0 des fins internes<\/li>\n<li>DIVIS a un haut niveau d&rsquo;expertise dans la coop\u00e9ration avec les comit\u00e9s d&rsquo;entreprise (soutien dans la cr\u00e9ation d&rsquo;un g\u00e9n\u00e9ral d&rsquo;entreprise)<\/li>\n<\/ul>\n\t\t\t\t\t\tS\u00e9curit\u00e9\n\t\t\t<ul>\n<li>Livraison d&rsquo;une solution de gestion vid\u00e9o stable &#8211; taux de d\u00e9tection \u00e9lev\u00e9 en cas de recherche<\/li>\n<li>Couverture des lieux selon les sp\u00e9cifications du cahier des charges possible de mani\u00e8re flexible<\/li>\n<li>Respect de normes de s\u00e9curit\u00e9 nationales et internationales \u00e9lev\u00e9es (par exemple, TAPA\/AEO\/SAFE)<\/li>\n<li>R\u00e9duction du taux de dommages<\/li>\n<li>D\u00e9tection des dommages d&rsquo;inventaire \u00e0 l&rsquo;int\u00e9rieur et \u00e0 l&rsquo;ext\u00e9rieur<\/li>\n<li>D\u00e9tection tr\u00e8s rapide de la criminalit\u00e9 organis\u00e9e<\/li>\n<\/ul>\n\t\t\t\t\t\tGestion de projets\n\t\t\t<ul>\n<li>Des interlocuteurs DIVIS attitr\u00e9s pour l&rsquo;ensemble du d\u00e9roulement du projet qui sont tr\u00e8s flexibles et r\u00e9pondent aux besoins personnalis\u00e9s<\/li>\n<li>Des collaborateurs comp\u00e9tents dans tous les domaines sp\u00e9cialis\u00e9s<\/li>\n<li>La r\u00e9alisation du projet est d\u00e9finie en concertation<\/li>\n<li>Une excellente gestion de projet bas\u00e9e sur de nombreuses ann\u00e9es d&rsquo;exp\u00e9rience<\/li>\n<li>Mise en \u0153uvre harmonieuse de solutions dans le processus en cours<\/li>\n<\/ul>\n<h2>\n\t\tNos solutions logicielles\n\t<\/h2>\n\t\t\t\t<img decoding=\"async\" src=\"https:\/\/www.divis.eu\/wp-content\/uploads\/2018\/01\/logo-cargovis-gr.png\" alt=\"logo-cargovis-gr\" title=\"logo-cargovis-gr\" itemprop=\"image\"\/>\n\t\t<h3>Aper\u00e7u rapide des envois palettis\u00e9s avec CargoVIS<\/h3>\t\t\t\n\t\t\t\t<p>Avec notre logiciel de gestion vid\u00e9o pour les entrep\u00f4ts de transbordement, CargoVIS, nous vous offrons une solution syst\u00e8me compl\u00e8te et facile \u00e0 utiliser pour la recherche par images et le suivi des envois de marchandises palettis\u00e9es.<\/p>\n\t\t\t<a href=\"https:\/\/www.divis.eu\/fr\/logiciel-de-gestion-video-cargovis-pour-les-entrepots-de-transbordement\/\" title=\"Click Here\" target=\"_self\" role=\"button\" aria-label=\"En savoir plus sur CargoVIS\" rel=\"noopener\">\n\t\t\t\t\t\t\tEn savoir plus sur CargoVIS\n\t\t<\/a>\n\t\t\t\t<img decoding=\"async\" src=\"https:\/\/www.divis.eu\/wp-content\/uploads\/2018\/01\/logo-parcelvis-gr.png\" alt=\"\" title=\"\" itemprop=\"image\"\/>\n\t\t<h3>ParcelVIS pour l&rsquo;entrep\u00f4t de transbordement &#038; fournisseur de services CEP<\/h3>\t\t\t\n<p>\u00c9conomisez du temps et de l&rsquo;argent et laissez ParcelVIS travailler efficacement pour vous avec la recherche d&rsquo;envois par images dans l&rsquo;entrep\u00f4t de transbordement\u00a0: La saisie du num\u00e9ro de l&rsquo;\u00e9tiquette du colis est la cl\u00e9 de toutes les informations n\u00e9cessaires \u00e0 la localisation et l&rsquo;\u00e9tat d&rsquo;un envoi pour tous les \u00e9v\u00e9nements de num\u00e9risation qui ont eu lieu.<\/p>\n\t\t\t<a href=\"https:\/\/www.divis.eu\/fr\/parcelvis-recherche-denvois-guidee-par-images-dans-les-entrepots-de-transbordement\/\" title=\"Click Here\" target=\"_self\" role=\"button\" aria-label=\"En savoir plus sur ParcelVIS\" rel=\"noopener\">\n\t\t\t\t\t\t\tEn savoir plus sur ParcelVIS\n\t\t<\/a>\n\t\t\t\t<img decoding=\"async\" src=\"https:\/\/www.divis.eu\/wp-content\/uploads\/2018\/01\/kundenlogo-CTL-1.png\" alt=\"CTL | DIVIS Kunde\" title=\"kundenlogo-CTL\" itemprop=\"image\"  \/>\n\t\t\t\t<img decoding=\"async\" src=\"https:\/\/www.divis.eu\/wp-content\/uploads\/2018\/01\/kundenlogo-dpd.png\" alt=\"kundenlogo-dpd\" title=\"kundenlogo-dpd\" itemprop=\"image\"  \/>\n\t\t\t\t<img decoding=\"async\" src=\"https:\/\/www.divis.eu\/wp-content\/uploads\/2018\/01\/kundenlogo-online.png\" alt=\"kundenlogo-online\" title=\"kundenlogo-online\" itemprop=\"image\"  \/>\n\t\t\t\t<img decoding=\"async\" src=\"https:\/\/www.divis.eu\/wp-content\/uploads\/2018\/01\/kundenlogo-rhenus.png\" alt=\"Rhenus Logistics | DIVIS-Kunde\" title=\"kundenlogo-rhenus\" itemprop=\"image\"  \/>\n\t\t\t\t<img decoding=\"async\" src=\"https:\/\/www.divis.eu\/wp-content\/uploads\/2018\/01\/kundenlogo-tsb.png\" alt=\"kundenlogo-tsb\" title=\"kundenlogo-tsb\" itemprop=\"image\"  \/>\n\t\t\t\t<img decoding=\"async\" src=\"https:\/\/www.divis.eu\/wp-content\/uploads\/2018\/01\/logo-van-duuren-mono-2.png\" alt=\"logo-van-duuren-mono\" title=\"logo-van-duuren-mono\" itemprop=\"image\"  \/>\n\t\t\t\t<img decoding=\"async\" src=\"https:\/\/www.divis.eu\/wp-content\/uploads\/2018\/01\/kundenlogo-transoflex-3.png\" alt=\"kundenlogo-transoflex\" title=\"kundenlogo-transoflex\" itemprop=\"image\"  \/>\n\t\t\t\t<img decoding=\"async\" src=\"https:\/\/www.divis.eu\/wp-content\/uploads\/2018\/01\/kundenlogo-emons.png\" alt=\"Emons | DIVIS-Kunde\" title=\"kundenlogo-emons\" itemprop=\"image\"  \/>\n\t\t\t\t<img decoding=\"async\" src=\"https:\/\/www.divis.eu\/wp-content\/uploads\/2018\/01\/kundenlogo-geis.png\" alt=\"Spedition Geis | DIVIS-Kunde\" title=\"kundenlogo-geis\" itemprop=\"image\"  \/>\n\t\t\t\t<img decoding=\"async\" src=\"https:\/\/www.divis.eu\/wp-content\/uploads\/2018\/01\/kundenlogo-gebrueder-weiss.png\" alt=\"Gebr\u00fcder Weiss | DIVIS-Kunde\" title=\"kundenlogo-gebrueder-weiss\" itemprop=\"image\"  \/>\n\t\t\t\t<img decoding=\"async\" src=\"https:\/\/www.divis.eu\/wp-content\/uploads\/2018\/01\/kundenlogo-tchibo.png\" alt=\"Tchibo | DIVIS-Kunde\" title=\"kundenlogo-tchibo\" itemprop=\"image\"  \/>\n\t\t\t\t<img decoding=\"async\" src=\"https:\/\/www.divis.eu\/wp-content\/uploads\/2018\/01\/kundenlogo-24plus.png\" alt=\"kundenlogo-24plus\" title=\"kundenlogo-24plus\" itemprop=\"image\"  \/>\n\n","protected":false},"excerpt":{"rendered":"<p>Optimisation de la qualit\u00e9 de service et acc\u00e9l\u00e9ration des processus dans les entrep\u00f4ts et les d\u00e9p\u00f4ts gr\u00e2ce \u00e0 des chemins transparents Une logistique parfaite &#8211; aujourd&rsquo;hui, cela se traduit avant tout par la rentabilit\u00e9, la flexibilit\u00e9 et la fiabilit\u00e9. C&rsquo;est pourquoi de nombreuses entreprises de logistique recourent aux technologies les plus modernes disponibles tout au&hellip;<\/p>\n","protected":false},"author":1,"featured_media":0,"parent":0,"menu_order":0,"comment_status":"closed","ping_status":"closed","template":"","meta":{"footnotes":""},"class_list":["post-20630","page","type-page","status-publish","hentry"],"yoast_head":"<!-- This site is optimized with the Yoast SEO plugin v27.4 - https:\/\/yoast.com\/product\/yoast-seo-wordpress\/ -->\n<title>DIVIS | Gestion vid\u00e9o dans les entrep\u00f4ts et les d\u00e9p\u00f4ts | Avantage client<\/title>\n<meta name=\"description\" content=\"Vid\u00e9o-tracking dans les entrep\u00f4ts et les d\u00e9p\u00f4ts : Optimisation de la qualit\u00e9 de service et acc\u00e9l\u00e9ration des processus gr\u00e2ce \u00e0 des chemins transparents\" \/>\n<meta name=\"robots\" content=\"index, follow, max-snippet:-1, max-image-preview:large, max-video-preview:-1\" \/>\n<link rel=\"canonical\" href=\"https:\/\/www.divis.eu\/fr\/divis-gestion-video-dans-les-entrepots-et-les-depots-avantage-client\/\" \/>\n<meta property=\"og:locale\" content=\"fr_FR\" \/>\n<meta property=\"og:type\" content=\"article\" \/>\n<meta property=\"og:title\" content=\"DIVIS | Gestion vid\u00e9o dans les entrep\u00f4ts et les d\u00e9p\u00f4ts | Avantage client\" \/>\n<meta property=\"og:description\" content=\"Vid\u00e9o-tracking dans les entrep\u00f4ts et les d\u00e9p\u00f4ts : Optimisation de la qualit\u00e9 de service et acc\u00e9l\u00e9ration des processus gr\u00e2ce \u00e0 des chemins transparents\" \/>\n<meta property=\"og:url\" content=\"https:\/\/www.divis.eu\/fr\/divis-gestion-video-dans-les-entrepots-et-les-depots-avantage-client\/\" \/>\n<meta property=\"og:site_name\" content=\"DIVIS - The intelligent view\" \/>\n<meta property=\"article:modified_time\" content=\"2024-08-28T08:17:59+00:00\" \/>\n<meta property=\"og:image\" content=\"https:\/\/www.divis.eu\/wp-content\/uploads\/2020\/10\/albeck-entsaettigt-1.jpg\" \/>\n<meta name=\"twitter:card\" content=\"summary_large_image\" \/>\n<meta name=\"twitter:label1\" content=\"Dur\u00e9e de lecture estim\u00e9e\" \/>\n\t<meta name=\"twitter:data1\" content=\"7 minutes\" \/>\n<script type=\"application\/ld+json\" class=\"yoast-schema-graph\">{\"@context\":\"https:\\\/\\\/schema.org\",\"@graph\":[{\"@type\":\"WebPage\",\"@id\":\"https:\\\/\\\/www.divis.eu\\\/fr\\\/divis-gestion-video-dans-les-entrepots-et-les-depots-avantage-client\\\/\",\"url\":\"https:\\\/\\\/www.divis.eu\\\/fr\\\/divis-gestion-video-dans-les-entrepots-et-les-depots-avantage-client\\\/\",\"name\":\"DIVIS | Gestion vid\u00e9o dans les entrep\u00f4ts et les d\u00e9p\u00f4ts | Avantage client\",\"isPartOf\":{\"@id\":\"https:\\\/\\\/www.divis.eu\\\/#website\"},\"primaryImageOfPage\":{\"@id\":\"https:\\\/\\\/www.divis.eu\\\/fr\\\/divis-gestion-video-dans-les-entrepots-et-les-depots-avantage-client\\\/#primaryimage\"},\"image\":{\"@id\":\"https:\\\/\\\/www.divis.eu\\\/fr\\\/divis-gestion-video-dans-les-entrepots-et-les-depots-avantage-client\\\/#primaryimage\"},\"thumbnailUrl\":\"https:\\\/\\\/www.divis.eu\\\/wp-content\\\/uploads\\\/2020\\\/10\\\/albeck-entsaettigt-1.jpg\",\"datePublished\":\"2020-10-02T12:43:04+00:00\",\"dateModified\":\"2024-08-28T08:17:59+00:00\",\"description\":\"Vid\u00e9o-tracking dans les entrep\u00f4ts et les d\u00e9p\u00f4ts : Optimisation de la qualit\u00e9 de service et acc\u00e9l\u00e9ration des processus gr\u00e2ce \u00e0 des chemins transparents\",\"breadcrumb\":{\"@id\":\"https:\\\/\\\/www.divis.eu\\\/fr\\\/divis-gestion-video-dans-les-entrepots-et-les-depots-avantage-client\\\/#breadcrumb\"},\"inLanguage\":\"fr-FR\",\"potentialAction\":[{\"@type\":\"ReadAction\",\"target\":[\"https:\\\/\\\/www.divis.eu\\\/fr\\\/divis-gestion-video-dans-les-entrepots-et-les-depots-avantage-client\\\/\"]}]},{\"@type\":\"ImageObject\",\"inLanguage\":\"fr-FR\",\"@id\":\"https:\\\/\\\/www.divis.eu\\\/fr\\\/divis-gestion-video-dans-les-entrepots-et-les-depots-avantage-client\\\/#primaryimage\",\"url\":\"https:\\\/\\\/www.divis.eu\\\/wp-content\\\/uploads\\\/2020\\\/10\\\/albeck-entsaettigt-1.jpg\",\"contentUrl\":\"https:\\\/\\\/www.divis.eu\\\/wp-content\\\/uploads\\\/2020\\\/10\\\/albeck-entsaettigt-1.jpg\"},{\"@type\":\"BreadcrumbList\",\"@id\":\"https:\\\/\\\/www.divis.eu\\\/fr\\\/divis-gestion-video-dans-les-entrepots-et-les-depots-avantage-client\\\/#breadcrumb\",\"itemListElement\":[{\"@type\":\"ListItem\",\"position\":1,\"name\":\"Startseite\",\"item\":\"https:\\\/\\\/www.divis.eu\\\/fr\\\/\"},{\"@type\":\"ListItem\",\"position\":2,\"name\":\"DIVIS | Gestion vid\u00e9o dans les entrep\u00f4ts et les d\u00e9p\u00f4ts | Avantage client\"}]},{\"@type\":\"WebSite\",\"@id\":\"https:\\\/\\\/www.divis.eu\\\/#website\",\"url\":\"https:\\\/\\\/www.divis.eu\\\/\",\"name\":\"DIVIS - The intelligent view\",\"description\":\"Videosysteml\u00f6sungen f\u00fcr Umschlags- und Warenlager\",\"potentialAction\":[{\"@type\":\"SearchAction\",\"target\":{\"@type\":\"EntryPoint\",\"urlTemplate\":\"https:\\\/\\\/www.divis.eu\\\/?s={search_term_string}\"},\"query-input\":{\"@type\":\"PropertyValueSpecification\",\"valueRequired\":true,\"valueName\":\"search_term_string\"}}],\"inLanguage\":\"fr-FR\"}]}<\/script>\n<!-- \/ Yoast SEO plugin. -->","yoast_head_json":{"title":"DIVIS | Gestion vid\u00e9o dans les entrep\u00f4ts et les d\u00e9p\u00f4ts | Avantage client","description":"Vid\u00e9o-tracking dans les entrep\u00f4ts et les d\u00e9p\u00f4ts : Optimisation de la qualit\u00e9 de service et acc\u00e9l\u00e9ration des processus gr\u00e2ce \u00e0 des chemins transparents","robots":{"index":"index","follow":"follow","max-snippet":"max-snippet:-1","max-image-preview":"max-image-preview:large","max-video-preview":"max-video-preview:-1"},"canonical":"https:\/\/www.divis.eu\/fr\/divis-gestion-video-dans-les-entrepots-et-les-depots-avantage-client\/","og_locale":"fr_FR","og_type":"article","og_title":"DIVIS | Gestion vid\u00e9o dans les entrep\u00f4ts et les d\u00e9p\u00f4ts | Avantage client","og_description":"Vid\u00e9o-tracking dans les entrep\u00f4ts et les d\u00e9p\u00f4ts : Optimisation de la qualit\u00e9 de service et acc\u00e9l\u00e9ration des processus gr\u00e2ce \u00e0 des chemins transparents","og_url":"https:\/\/www.divis.eu\/fr\/divis-gestion-video-dans-les-entrepots-et-les-depots-avantage-client\/","og_site_name":"DIVIS - The intelligent view","article_modified_time":"2024-08-28T08:17:59+00:00","og_image":[{"url":"https:\/\/www.divis.eu\/wp-content\/uploads\/2020\/10\/albeck-entsaettigt-1.jpg","type":"","width":"","height":""}],"twitter_card":"summary_large_image","twitter_misc":{"Dur\u00e9e de lecture estim\u00e9e":"7 minutes"},"schema":{"@context":"https:\/\/schema.org","@graph":[{"@type":"WebPage","@id":"https:\/\/www.divis.eu\/fr\/divis-gestion-video-dans-les-entrepots-et-les-depots-avantage-client\/","url":"https:\/\/www.divis.eu\/fr\/divis-gestion-video-dans-les-entrepots-et-les-depots-avantage-client\/","name":"DIVIS | Gestion vid\u00e9o dans les entrep\u00f4ts et les d\u00e9p\u00f4ts | Avantage client","isPartOf":{"@id":"https:\/\/www.divis.eu\/#website"},"primaryImageOfPage":{"@id":"https:\/\/www.divis.eu\/fr\/divis-gestion-video-dans-les-entrepots-et-les-depots-avantage-client\/#primaryimage"},"image":{"@id":"https:\/\/www.divis.eu\/fr\/divis-gestion-video-dans-les-entrepots-et-les-depots-avantage-client\/#primaryimage"},"thumbnailUrl":"https:\/\/www.divis.eu\/wp-content\/uploads\/2020\/10\/albeck-entsaettigt-1.jpg","datePublished":"2020-10-02T12:43:04+00:00","dateModified":"2024-08-28T08:17:59+00:00","description":"Vid\u00e9o-tracking dans les entrep\u00f4ts et les d\u00e9p\u00f4ts : Optimisation de la qualit\u00e9 de service et acc\u00e9l\u00e9ration des processus gr\u00e2ce \u00e0 des chemins transparents","breadcrumb":{"@id":"https:\/\/www.divis.eu\/fr\/divis-gestion-video-dans-les-entrepots-et-les-depots-avantage-client\/#breadcrumb"},"inLanguage":"fr-FR","potentialAction":[{"@type":"ReadAction","target":["https:\/\/www.divis.eu\/fr\/divis-gestion-video-dans-les-entrepots-et-les-depots-avantage-client\/"]}]},{"@type":"ImageObject","inLanguage":"fr-FR","@id":"https:\/\/www.divis.eu\/fr\/divis-gestion-video-dans-les-entrepots-et-les-depots-avantage-client\/#primaryimage","url":"https:\/\/www.divis.eu\/wp-content\/uploads\/2020\/10\/albeck-entsaettigt-1.jpg","contentUrl":"https:\/\/www.divis.eu\/wp-content\/uploads\/2020\/10\/albeck-entsaettigt-1.jpg"},{"@type":"BreadcrumbList","@id":"https:\/\/www.divis.eu\/fr\/divis-gestion-video-dans-les-entrepots-et-les-depots-avantage-client\/#breadcrumb","itemListElement":[{"@type":"ListItem","position":1,"name":"Startseite","item":"https:\/\/www.divis.eu\/fr\/"},{"@type":"ListItem","position":2,"name":"DIVIS | Gestion vid\u00e9o dans les entrep\u00f4ts et les d\u00e9p\u00f4ts | Avantage client"}]},{"@type":"WebSite","@id":"https:\/\/www.divis.eu\/#website","url":"https:\/\/www.divis.eu\/","name":"DIVIS - The intelligent view","description":"Videosysteml\u00f6sungen f\u00fcr Umschlags- und Warenlager","potentialAction":[{"@type":"SearchAction","target":{"@type":"EntryPoint","urlTemplate":"https:\/\/www.divis.eu\/?s={search_term_string}"},"query-input":{"@type":"PropertyValueSpecification","valueRequired":true,"valueName":"search_term_string"}}],"inLanguage":"fr-FR"}]}},"_links":{"self":[{"href":"https:\/\/www.divis.eu\/fr\/wp-json\/wp\/v2\/pages\/20630","targetHints":{"allow":["GET"]}}],"collection":[{"href":"https:\/\/www.divis.eu\/fr\/wp-json\/wp\/v2\/pages"}],"about":[{"href":"https:\/\/www.divis.eu\/fr\/wp-json\/wp\/v2\/types\/page"}],"author":[{"embeddable":true,"href":"https:\/\/www.divis.eu\/fr\/wp-json\/wp\/v2\/users\/1"}],"replies":[{"embeddable":true,"href":"https:\/\/www.divis.eu\/fr\/wp-json\/wp\/v2\/comments?post=20630"}],"version-history":[{"count":0,"href":"https:\/\/www.divis.eu\/fr\/wp-json\/wp\/v2\/pages\/20630\/revisions"}],"wp:attachment":[{"href":"https:\/\/www.divis.eu\/fr\/wp-json\/wp\/v2\/media?parent=20630"}],"curies":[{"name":"wp","href":"https:\/\/api.w.org\/{rel}","templated":true}]}}